{"id":1003,"date":"2025-11-01T16:21:28","date_gmt":"2025-11-01T16:21:28","guid":{"rendered":"https:\/\/boutiqueanimal.alojo.app\/wp\/?post_type=product&#038;p=1003"},"modified":"2026-04-29T18:49:30","modified_gmt":"2026-04-29T23:49:30","slug":"comedero-sebastian","status":"publish","type":"product","link":"https:\/\/boutiqueanimal.co\/en\/product\/comedero-sebastian\/","title":{"rendered":"Comedero Sebastian"},"content":{"rendered":"<h3 data-start=\"61\" data-end=\"125\"><strong data-start=\"65\" data-end=\"125\">Comedero Sebasti\u00e1n \u2013 Aluminio con base antideslizante \ud83d\udc3e<\/strong><\/h3>\n<p data-start=\"127\" data-end=\"445\">El Comedero Sebasti\u00e1n es perfecto para peludos que necesitan un plato resistente, higi\u00e9nico y seguro.<br data-start=\"228\" data-end=\"231\" \/>Est\u00e1 fabricado en <strong data-start=\"249\" data-end=\"277\">aluminio de alta calidad<\/strong>, lo que lo hace liviano, duradero y muy f\u00e1cil de lavar. Adem\u00e1s, cuenta con <strong data-start=\"353\" data-end=\"376\">base antideslizante<\/strong> para evitar que tu mascota mueva el plato mientras come o toma agua.<\/p>\n<hr data-start=\"447\" data-end=\"450\" \/>\n<h2 data-section-id=\"1qct1wf\" data-start=\"1735\" data-end=\"1757\">\ud83d\udc3e Caracter\u00edsticas:<\/h2>\n<ul data-start=\"1758\" data-end=\"1939\">\n<li data-section-id=\"5aakz4\" data-start=\"1758\" data-end=\"1794\">Fabricado en aluminio resistente<\/li>\n<li data-section-id=\"7w7b5o\" data-start=\"1795\" data-end=\"1818\">Base antideslizante<\/li>\n<li data-section-id=\"1eylxyt\" data-start=\"1819\" data-end=\"1849\">Liviano y f\u00e1cil de manejar<\/li>\n<li data-section-id=\"1qrnv3e\" data-start=\"1850\" data-end=\"1870\">F\u00e1cil de limpiar<\/li>\n<li data-section-id=\"3917fc\" data-start=\"1871\" data-end=\"1939\">Disponible en 4 tama\u00f1os: peque\u00f1o, mediano, grande y extra grande<\/li>\n<\/ul>\n<hr data-start=\"1941\" data-end=\"1944\" \/>\n<h2 data-section-id=\"1sc5nex\" data-start=\"1946\" data-end=\"1963\">\ud83d\udc3e Beneficios:<\/h2>\n<ul data-start=\"1964\" data-end=\"2085\">\n<li data-section-id=\"1w7wp3b\" data-start=\"1964\" data-end=\"2000\">Mayor higiene en la alimentaci\u00f3n<\/li>\n<li data-section-id=\"ixjyyn\" data-start=\"2001\" data-end=\"2033\">Evita derrames y movimientos<\/li>\n<li data-section-id=\"hwtq72\" data-start=\"2034\" data-end=\"2057\">Duradero y pr\u00e1ctico<\/li>\n<li data-section-id=\"8h70cw\" data-start=\"2058\" data-end=\"2085\">Apto para comida o agua<\/li>\n<\/ul>\n<p data-start=\"657\" data-end=\"687\">","protected":false},"excerpt":{"rendered":"<h3 data-start=\"61\" data-end=\"125\"><strong data-start=\"65\" data-end=\"125\">Comedero Sebasti\u00e1n \u2013 Aluminio con base antideslizante \ud83d\udc3e<\/strong><\/h3>\n<p data-start=\"127\" data-end=\"445\">El Comedero Sebasti\u00e1n es perfecto para peludos que necesitan un plato resistente, higi\u00e9nico y seguro.<br data-start=\"228\" data-end=\"231\" \/>Est\u00e1 fabricado en <strong data-start=\"249\" data-end=\"277\">aluminio de alta calidad<\/strong>, lo que lo hace liviano, duradero y muy f\u00e1cil de lavar. Adem\u00e1s, cuenta con <strong data-start=\"353\" data-end=\"376\">base antideslizante<\/strong> para evitar que tu mascota mueva el plato mientras come o toma agua.<\/p>\n<hr data-start=\"447\" data-end=\"450\" \/>\n<h2 data-section-id=\"1qct1wf\" data-start=\"1735\" data-end=\"1757\">\ud83d\udc3e Caracter\u00edsticas:<\/h2>\n<ul data-start=\"1758\" data-end=\"1939\">\n<li data-section-id=\"5aakz4\" data-start=\"1758\" data-end=\"1794\">Fabricado en aluminio resistente<\/li>\n<li data-section-id=\"7w7b5o\" data-start=\"1795\" data-end=\"1818\">Base antideslizante<\/li>\n<li data-section-id=\"1eylxyt\" data-start=\"1819\" data-end=\"1849\">Liviano y f\u00e1cil de manejar<\/li>\n<li data-section-id=\"1qrnv3e\" data-start=\"1850\" data-end=\"1870\">F\u00e1cil de limpiar<\/li>\n<li data-section-id=\"3917fc\" data-start=\"1871\" data-end=\"1939\">Disponible en 4 tama\u00f1os: peque\u00f1o, mediano, grande y extra grande<\/li>\n<\/ul>\n<hr data-start=\"1941\" data-end=\"1944\" \/>\n<h2 data-section-id=\"1sc5nex\" data-start=\"1946\" data-end=\"1963\">\ud83d\udc3e Beneficios:<\/h2>\n<ul data-start=\"1964\" data-end=\"2085\">\n<li data-section-id=\"1w7wp3b\" data-start=\"1964\" data-end=\"2000\">Mayor higiene en la alimentaci\u00f3n<\/li>\n<li data-section-id=\"ixjyyn\" data-start=\"2001\" data-end=\"2033\">Evita derrames y movimientos<\/li>\n<li data-section-id=\"hwtq72\" data-start=\"2034\" data-end=\"2057\">Duradero y pr\u00e1ctico<\/li>\n<li data-section-id=\"8h70cw\" data-start=\"2058\" data-end=\"2085\">Apto para comida o agua<\/li>\n<\/ul>","protected":false},"featured_media":63635,"template":"","meta":{"_joinchat":[]},"product_brand":[],"product_cat":[32,33,16,18,24],"product_tag":[],"class_list":{"0":"post-1003","1":"product","2":"type-product","3":"status-publish","4":"has-post-thumbnail","6":"product_cat-alimentacion-gatos","7":"product_cat-alimentacion-perros","8":"product_cat-gatos","9":"product_cat-perros","10":"product_cat-productos-nuevos","11":"product_shipping_class-envio-gratis","14":"first","15":"instock","16":"shipping-taxable","17":"purchasable","18":"product-type-variable"},"yoast_head":"<!-- This site is optimized with the Yoast SEO plugin v27.2 - https:\/\/yoast.com\/product\/yoast-seo-wordpress\/ -->\n<title>Comedero Sebastian - Boutique Animal<\/title>\n<meta name=\"description\" content=\"Comedero para perros de aluminio resistente y antideslizante. Ligero, higi\u00e9nico y f\u00e1cil de limpiar. Disponible en varios tama\u00f1os para cada mascota.\" \/>\n<meta name=\"robots\" content=\"index, follow, max-snippet:-1, max-image-preview:large, max-video-preview:-1\" \/>\n<link rel=\"canonical\" href=\"https:\/\/boutiqueanimal.co\/en\/product\/comedero-sebastian\/\" \/>\n<meta property=\"og:locale\" content=\"en_US\" \/>\n<meta property=\"og:type\" content=\"article\" \/>\n<meta property=\"og:title\" content=\"Comedero Sebastian - Boutique Animal\" \/>\n<meta property=\"og:description\" content=\"Comedero para perros de aluminio resistente y antideslizante. Ligero, higi\u00e9nico y f\u00e1cil de limpiar. Disponible en varios tama\u00f1os para cada mascota.\" \/>\n<meta property=\"og:url\" content=\"https:\/\/boutiqueanimal.co\/en\/product\/comedero-sebastian\/\" \/>\n<meta property=\"og:site_name\" content=\"Boutique Animal\" \/>\n<meta property=\"article:publisher\" content=\"https:\/\/www.facebook.com\/BoutiqueAnimalCo\" \/>\n<meta property=\"article:modified_time\" content=\"2026-04-29T23:49:30+00:00\" \/>\n<meta property=\"og:image\" content=\"https:\/\/boutiqueanimal.co\/wp-content\/uploads\/2025\/11\/IMG-20251202-WA0046.jpg\" \/>\n\t<meta property=\"og:image:width\" content=\"800\" \/>\n\t<meta property=\"og:image:height\" content=\"800\" \/>\n\t<meta property=\"og:image:type\" content=\"image\/jpeg\" \/>\n<meta name=\"twitter:card\" content=\"summary_large_image\" \/>\n<meta name=\"twitter:label1\" content=\"Est. reading time\" \/>\n\t<meta name=\"twitter:data1\" content=\"1 minute\" \/>\n<script type=\"application\/ld+json\" class=\"yoast-schema-graph\">{\"@context\":\"https:\/\/schema.org\",\"@graph\":[{\"@type\":\"WebPage\",\"@id\":\"https:\/\/boutiqueanimal.co\/producto\/comedero-sebastian\/\",\"url\":\"https:\/\/boutiqueanimal.co\/producto\/comedero-sebastian\/\",\"name\":\"Comedero Sebastian - Boutique Animal\",\"isPartOf\":{\"@id\":\"https:\/\/boutiqueanimal.co\/#website\"},\"primaryImageOfPage\":{\"@id\":\"https:\/\/boutiqueanimal.co\/producto\/comedero-sebastian\/#primaryimage\"},\"image\":{\"@id\":\"https:\/\/boutiqueanimal.co\/producto\/comedero-sebastian\/#primaryimage\"},\"thumbnailUrl\":\"https:\/\/boutiqueanimal.co\/wp-content\/uploads\/2025\/11\/IMG-20251202-WA0046.jpg\",\"datePublished\":\"2025-11-01T16:21:28+00:00\",\"dateModified\":\"2026-04-29T23:49:30+00:00\",\"description\":\"Comedero para perros de aluminio resistente y antideslizante. Ligero, higi\u00e9nico y f\u00e1cil de limpiar. Disponible en varios tama\u00f1os para cada mascota.\",\"breadcrumb\":{\"@id\":\"https:\/\/boutiqueanimal.co\/producto\/comedero-sebastian\/#breadcrumb\"},\"inLanguage\":\"en-US\",\"potentialAction\":[{\"@type\":\"ReadAction\",\"target\":[\"https:\/\/boutiqueanimal.co\/producto\/comedero-sebastian\/\"]}]},{\"@type\":\"ImageObject\",\"inLanguage\":\"en-US\",\"@id\":\"https:\/\/boutiqueanimal.co\/producto\/comedero-sebastian\/#primaryimage\",\"url\":\"https:\/\/boutiqueanimal.co\/wp-content\/uploads\/2025\/11\/IMG-20251202-WA0046.jpg\",\"contentUrl\":\"https:\/\/boutiqueanimal.co\/wp-content\/uploads\/2025\/11\/IMG-20251202-WA0046.jpg\",\"width\":800,\"height\":800},{\"@type\":\"BreadcrumbList\",\"@id\":\"https:\/\/boutiqueanimal.co\/producto\/comedero-sebastian\/#breadcrumb\",\"itemListElement\":[{\"@type\":\"ListItem\",\"position\":1,\"name\":\"Inicio\",\"item\":\"https:\/\/boutiqueanimal.co\/\"},{\"@type\":\"ListItem\",\"position\":2,\"name\":\"Tienda\",\"item\":\"https:\/\/boutiqueanimal.co\/tienda\/\"},{\"@type\":\"ListItem\",\"position\":3,\"name\":\"Comedero Sebastian\"}]},{\"@type\":\"WebSite\",\"@id\":\"https:\/\/boutiqueanimal.co\/#website\",\"url\":\"https:\/\/boutiqueanimal.co\/\",\"name\":\"Boutique Animal\",\"description\":\"Tienda online de productos para mascotas en Colombia. Env\u00edos r\u00e1pidos y gratis en compras superiores a $100.000\",\"publisher\":{\"@id\":\"https:\/\/boutiqueanimal.co\/#organization\"},\"potentialAction\":[{\"@type\":\"SearchAction\",\"target\":{\"@type\":\"EntryPoint\",\"urlTemplate\":\"https:\/\/boutiqueanimal.co\/?s={search_term_string}\"},\"query-input\":{\"@type\":\"PropertyValueSpecification\",\"valueRequired\":true,\"valueName\":\"search_term_string\"}}],\"inLanguage\":\"en-US\"},{\"@type\":\"Organization\",\"@id\":\"https:\/\/boutiqueanimal.co\/#organization\",\"name\":\"Boutique Animal\",\"url\":\"https:\/\/boutiqueanimal.co\/\",\"logo\":{\"@type\":\"ImageObject\",\"inLanguage\":\"en-US\",\"@id\":\"https:\/\/boutiqueanimal.co\/#\/schema\/logo\/image\/\",\"url\":\"https:\/\/boutiqueanimal.co\/wp-content\/uploads\/2025\/11\/perrito-pc-1024x1024-1.png\",\"contentUrl\":\"https:\/\/boutiqueanimal.co\/wp-content\/uploads\/2025\/11\/perrito-pc-1024x1024-1.png\",\"width\":1024,\"height\":1024,\"caption\":\"Boutique Animal\"},\"image\":{\"@id\":\"https:\/\/boutiqueanimal.co\/#\/schema\/logo\/image\/\"},\"sameAs\":[\"https:\/\/www.facebook.com\/BoutiqueAnimalCo\"]}]}<\/script>\n<!-- \/ Yoast SEO plugin. -->","yoast_head_json":{"title":"Comedero Sebastian - Boutique Animal","description":"Comedero para perros de aluminio resistente y antideslizante. Ligero, higi\u00e9nico y f\u00e1cil de limpiar. Disponible en varios tama\u00f1os para cada mascota.","robots":{"index":"index","follow":"follow","max-snippet":"max-snippet:-1","max-image-preview":"max-image-preview:large","max-video-preview":"max-video-preview:-1"},"canonical":"https:\/\/boutiqueanimal.co\/en\/product\/comedero-sebastian\/","og_locale":"en_US","og_type":"article","og_title":"Comedero Sebastian - Boutique Animal","og_description":"Comedero para perros de aluminio resistente y antideslizante. Ligero, higi\u00e9nico y f\u00e1cil de limpiar. Disponible en varios tama\u00f1os para cada mascota.","og_url":"https:\/\/boutiqueanimal.co\/en\/product\/comedero-sebastian\/","og_site_name":"Boutique Animal","article_publisher":"https:\/\/www.facebook.com\/BoutiqueAnimalCo","article_modified_time":"2026-04-29T23:49:30+00:00","og_image":[{"width":800,"height":800,"url":"https:\/\/boutiqueanimal.co\/wp-content\/uploads\/2025\/11\/IMG-20251202-WA0046.jpg","type":"image\/jpeg"}],"twitter_card":"summary_large_image","twitter_misc":{"Est. reading time":"1 minute"},"schema":{"@context":"https:\/\/schema.org","@graph":[{"@type":"WebPage","@id":"https:\/\/boutiqueanimal.co\/producto\/comedero-sebastian\/","url":"https:\/\/boutiqueanimal.co\/producto\/comedero-sebastian\/","name":"Comedero Sebastian - Boutique Animal","isPartOf":{"@id":"https:\/\/boutiqueanimal.co\/#website"},"primaryImageOfPage":{"@id":"https:\/\/boutiqueanimal.co\/producto\/comedero-sebastian\/#primaryimage"},"image":{"@id":"https:\/\/boutiqueanimal.co\/producto\/comedero-sebastian\/#primaryimage"},"thumbnailUrl":"https:\/\/boutiqueanimal.co\/wp-content\/uploads\/2025\/11\/IMG-20251202-WA0046.jpg","datePublished":"2025-11-01T16:21:28+00:00","dateModified":"2026-04-29T23:49:30+00:00","description":"Comedero para perros de aluminio resistente y antideslizante. Ligero, higi\u00e9nico y f\u00e1cil de limpiar. Disponible en varios tama\u00f1os para cada mascota.","breadcrumb":{"@id":"https:\/\/boutiqueanimal.co\/producto\/comedero-sebastian\/#breadcrumb"},"inLanguage":"en-US","potentialAction":[{"@type":"ReadAction","target":["https:\/\/boutiqueanimal.co\/producto\/comedero-sebastian\/"]}]},{"@type":"ImageObject","inLanguage":"en-US","@id":"https:\/\/boutiqueanimal.co\/producto\/comedero-sebastian\/#primaryimage","url":"https:\/\/boutiqueanimal.co\/wp-content\/uploads\/2025\/11\/IMG-20251202-WA0046.jpg","contentUrl":"https:\/\/boutiqueanimal.co\/wp-content\/uploads\/2025\/11\/IMG-20251202-WA0046.jpg","width":800,"height":800},{"@type":"BreadcrumbList","@id":"https:\/\/boutiqueanimal.co\/producto\/comedero-sebastian\/#breadcrumb","itemListElement":[{"@type":"ListItem","position":1,"name":"Inicio","item":"https:\/\/boutiqueanimal.co\/"},{"@type":"ListItem","position":2,"name":"Tienda","item":"https:\/\/boutiqueanimal.co\/tienda\/"},{"@type":"ListItem","position":3,"name":"Comedero Sebastian"}]},{"@type":"WebSite","@id":"https:\/\/boutiqueanimal.co\/#website","url":"https:\/\/boutiqueanimal.co\/","name":"Boutique Animal","description":"Tienda online de productos para mascotas en Colombia. Env\u00edos r\u00e1pidos y gratis en compras superiores a $100.000","publisher":{"@id":"https:\/\/boutiqueanimal.co\/#organization"},"potentialAction":[{"@type":"SearchAction","target":{"@type":"EntryPoint","urlTemplate":"https:\/\/boutiqueanimal.co\/?s={search_term_string}"},"query-input":{"@type":"PropertyValueSpecification","valueRequired":true,"valueName":"search_term_string"}}],"inLanguage":"en-US"},{"@type":"Organization","@id":"https:\/\/boutiqueanimal.co\/#organization","name":"Boutique Animal","url":"https:\/\/boutiqueanimal.co\/","logo":{"@type":"ImageObject","inLanguage":"en-US","@id":"https:\/\/boutiqueanimal.co\/#\/schema\/logo\/image\/","url":"https:\/\/boutiqueanimal.co\/wp-content\/uploads\/2025\/11\/perrito-pc-1024x1024-1.png","contentUrl":"https:\/\/boutiqueanimal.co\/wp-content\/uploads\/2025\/11\/perrito-pc-1024x1024-1.png","width":1024,"height":1024,"caption":"Boutique Animal"},"image":{"@id":"https:\/\/boutiqueanimal.co\/#\/schema\/logo\/image\/"},"sameAs":["https:\/\/www.facebook.com\/BoutiqueAnimalCo"]}]}},"_links":{"self":[{"href":"https:\/\/boutiqueanimal.co\/en\/wp-json\/wp\/v2\/product\/1003","targetHints":{"allow":["GET"]}}],"collection":[{"href":"https:\/\/boutiqueanimal.co\/en\/wp-json\/wp\/v2\/product"}],"about":[{"href":"https:\/\/boutiqueanimal.co\/en\/wp-json\/wp\/v2\/types\/product"}],"wp:featuredmedia":[{"embeddable":true,"href":"https:\/\/boutiqueanimal.co\/en\/wp-json\/wp\/v2\/media\/63635"}],"wp:attachment":[{"href":"https:\/\/boutiqueanimal.co\/en\/wp-json\/wp\/v2\/media?parent=1003"}],"wp:term":[{"taxonomy":"product_brand","embeddable":true,"href":"https:\/\/boutiqueanimal.co\/en\/wp-json\/wp\/v2\/product_brand?post=1003"},{"taxonomy":"product_cat","embeddable":true,"href":"https:\/\/boutiqueanimal.co\/en\/wp-json\/wp\/v2\/product_cat?post=1003"},{"taxonomy":"product_tag","embeddable":true,"href":"https:\/\/boutiqueanimal.co\/en\/wp-json\/wp\/v2\/product_tag?post=1003"}],"curies":[{"name":"wp","href":"https:\/\/api.w.org\/{rel}","templated":true}]}}