{"id":1286,"date":"2025-11-01T16:22:36","date_gmt":"2025-11-01T16:22:36","guid":{"rendered":"https:\/\/boutiqueanimal.alojo.app\/wp\/?post_type=product&#038;p=1286"},"modified":"2026-04-28T11:42:00","modified_gmt":"2026-04-28T16:42:00","slug":"gafas-para-perros-grandes","status":"publish","type":"product","link":"https:\/\/boutiqueanimal.co\/en\/product\/gafas-para-perros-grandes\/","title":{"rendered":"Gafas para Perros Grandes"},"content":{"rendered":"<h2 data-start=\"119\" data-end=\"162\">\ud83d\ude0e Gafas Protectoras para Perros Grandes<\/h2>\n<p data-start=\"164\" data-end=\"393\">Las <strong data-start=\"168\" data-end=\"197\">gafas para perros grandes<\/strong> ofrecen la misma protecci\u00f3n y comodidad que el modelo para razas peque\u00f1as, pero en <strong data-start=\"281\" data-end=\"298\">tama\u00f1o grande<\/strong>. Protegen los ojos del <strong data-start=\"322\" data-end=\"345\">sol, viento y polvo<\/strong>, brindando seguridad y estilo en cada aventura.<\/p>\n<hr data-start=\"395\" data-end=\"398\" \/>\n<h3 data-start=\"400\" data-end=\"423\">\ud83d\udee1\ufe0f Caracter\u00edsticas<\/h3>\n<ul data-start=\"424\" data-end=\"543\">\n<li data-start=\"424\" data-end=\"465\">\n<p data-start=\"426\" data-end=\"465\">Protecci\u00f3n contra sol, viento y polvo<\/p>\n<\/li>\n<li data-start=\"466\" data-end=\"511\">\n<p data-start=\"468\" data-end=\"511\">Bandas el\u00e1sticas <strong data-start=\"485\" data-end=\"509\">ajustables y c\u00f3modas<\/strong><\/p>\n<\/li>\n<li data-start=\"512\" data-end=\"543\">\n<p data-start=\"514\" data-end=\"543\">Dise\u00f1o liviano y resistente<\/p>\n<\/li>\n<\/ul>\n<h3 data-start=\"550\" data-end=\"570\">\ud83c\udfd6\ufe0f Ideales para<\/h3>\n<ul data-start=\"571\" data-end=\"648\">\n<li data-start=\"571\" data-end=\"609\">\n<p data-start=\"573\" data-end=\"609\">Paseos y actividades al aire libre<\/p>\n<\/li>\n<li data-start=\"610\" data-end=\"628\">\n<p data-start=\"612\" data-end=\"628\">Viajes en moto<\/p>\n<\/li>\n<li data-start=\"629\" data-end=\"648\">\n<p data-start=\"631\" data-end=\"648\">Playa y monta\u00f1a<\/p>\n<\/li>\n<\/ul>\n<h3 data-start=\"655\" data-end=\"667\">\ud83d\udccf Talla<\/h3>\n<ul data-start=\"668\" data-end=\"720\">\n<li data-start=\"668\" data-end=\"689\">\n<p data-start=\"670\" data-end=\"689\"><strong data-start=\"670\" data-end=\"687\">Tama\u00f1o grande<\/strong><\/p>\n<\/li>\n<li data-start=\"690\" data-end=\"720\">\n<p data-start=\"692\" data-end=\"720\">Ideal para <strong data-start=\"703\" data-end=\"720\">razas grandes<\/strong><\/p>\n<\/li>\n<\/ul>","protected":false},"excerpt":{"rendered":"<h2 data-start=\"119\" data-end=\"162\">\ud83d\ude0e Gafas Protectoras para Perros Grandes<\/h2>\n<p data-start=\"164\" data-end=\"393\">Las <strong data-start=\"168\" data-end=\"197\">gafas para perros grandes<\/strong> ofrecen la misma protecci\u00f3n y comodidad que el modelo para razas peque\u00f1as, pero en <strong data-start=\"281\" data-end=\"298\">tama\u00f1o grande<\/strong>. Protegen los ojos del <strong data-start=\"322\" data-end=\"345\">sol, viento y polvo<\/strong>, brindando seguridad y estilo en cada aventura.<\/p>\n<hr data-start=\"395\" data-end=\"398\" \/>\n<h3 data-start=\"400\" data-end=\"423\">\ud83d\udee1\ufe0f Caracter\u00edsticas<\/h3>\n<ul data-start=\"424\" data-end=\"543\">\n<li data-start=\"424\" data-end=\"465\">\n<p data-start=\"426\" data-end=\"465\">Protecci\u00f3n contra sol, viento y polvo<\/p>\n<\/li>\n<li data-start=\"466\" data-end=\"511\">\n<p data-start=\"468\" data-end=\"511\">Bandas el\u00e1sticas <strong data-start=\"485\" data-end=\"509\">ajustables y c\u00f3modas<\/strong><\/p>\n<\/li>\n<li data-start=\"512\" data-end=\"543\">\n<p data-start=\"514\" data-end=\"543\">Dise\u00f1o liviano y resistente<\/p>\n<\/li>\n<\/ul>\n<h3 data-start=\"550\" data-end=\"570\">\ud83c\udfd6\ufe0f Ideales para<\/h3>\n<ul data-start=\"571\" data-end=\"648\">\n<li data-start=\"571\" data-end=\"609\">\n<p data-start=\"573\" data-end=\"609\">Paseos y actividades al aire libre<\/p>\n<\/li>\n<li data-start=\"610\" data-end=\"628\">\n<p data-start=\"612\" data-end=\"628\">Viajes en moto<\/p>\n<\/li>\n<li data-start=\"629\" data-end=\"648\">\n<p data-start=\"631\" data-end=\"648\">Playa y monta\u00f1a<\/p>\n<\/li>\n<\/ul>\n<h3 data-start=\"655\" data-end=\"667\">\ud83d\udccf Talla<\/h3>\n<ul data-start=\"668\" data-end=\"720\">\n<li data-start=\"668\" data-end=\"689\">\n<p data-start=\"670\" data-end=\"689\"><strong data-start=\"670\" data-end=\"687\">Tama\u00f1o grande<\/strong><\/p>\n<\/li>\n<li data-start=\"690\" data-end=\"720\">\n<p data-start=\"692\" data-end=\"720\">Ideal para <strong data-start=\"703\" data-end=\"720\">razas grandes<\/strong><\/p>\n<\/li>\n<\/ul>","protected":false},"featured_media":64279,"template":"","meta":{"_joinchat":[]},"product_brand":[],"product_cat":[29,18,24],"product_tag":[],"class_list":{"0":"post-1286","1":"product","2":"type-product","3":"status-publish","4":"has-post-thumbnail","6":"product_cat-accesorios-perros","7":"product_cat-perros","8":"product_cat-productos-nuevos","11":"first","12":"instock","13":"shipping-taxable","14":"purchasable","15":"product-type-simple"},"yoast_head":"<!-- This site is optimized with the Yoast SEO plugin v27.2 - https:\/\/yoast.com\/product\/yoast-seo-wordpress\/ -->\n<title>Gafas para Perros Grandes - Boutique Animal<\/title>\n<meta name=\"robots\" content=\"index, follow, max-snippet:-1, max-image-preview:large, max-video-preview:-1\" \/>\n<link rel=\"canonical\" href=\"https:\/\/boutiqueanimal.co\/en\/product\/gafas-para-perros-grandes\/\" \/>\n<meta property=\"og:locale\" content=\"en_US\" \/>\n<meta property=\"og:type\" content=\"article\" \/>\n<meta property=\"og:title\" content=\"Gafas para Perros Grandes - Boutique Animal\" \/>\n<meta property=\"og:description\" content=\"\ud83d\ude0e Gafas Protectoras para Perros Grandes Las gafas para perros grandes ofrecen la misma protecci\u00f3n y comodidad que el modelo para razas peque\u00f1as, pero en tama\u00f1o grande. Protegen los ojos del sol, viento y polvo, brindando seguridad y estilo en cada aventura.     \ud83d\udee1\ufe0f Caracter\u00edsticas    Protecci\u00f3n contra sol, viento y polvo    Bandas el\u00e1sticas ajustables y c\u00f3modas    Dise\u00f1o liviano y resistente   \ud83c\udfd6\ufe0f Ideales para    Paseos y actividades al aire libre    Viajes en moto    Playa y monta\u00f1a   \ud83d\udccf Talla    Tama\u00f1o grande    Ideal para razas grandes\" \/>\n<meta property=\"og:url\" content=\"https:\/\/boutiqueanimal.co\/en\/product\/gafas-para-perros-grandes\/\" \/>\n<meta property=\"og:site_name\" content=\"Boutique Animal\" \/>\n<meta property=\"article:publisher\" content=\"https:\/\/www.facebook.com\/BoutiqueAnimalCo\" \/>\n<meta property=\"article:modified_time\" content=\"2026-04-28T16:42:00+00:00\" \/>\n<meta property=\"og:image\" content=\"https:\/\/boutiqueanimal.co\/wp-content\/uploads\/2025\/11\/WhatsApp-Image-2026-01-15-at-5.53.20-PM-1.jpeg\" \/>\n\t<meta property=\"og:image:width\" content=\"720\" \/>\n\t<meta property=\"og:image:height\" content=\"720\" \/>\n\t<meta property=\"og:image:type\" content=\"image\/jpeg\" \/>\n<meta name=\"twitter:card\" content=\"summary_large_image\" \/>\n<meta name=\"twitter:label1\" content=\"Est. reading time\" \/>\n\t<meta name=\"twitter:data1\" content=\"1 minute\" \/>\n<script type=\"application\/ld+json\" class=\"yoast-schema-graph\">{\"@context\":\"https:\/\/schema.org\",\"@graph\":[{\"@type\":\"WebPage\",\"@id\":\"https:\/\/boutiqueanimal.co\/producto\/gafas-para-perros-grandes\/\",\"url\":\"https:\/\/boutiqueanimal.co\/producto\/gafas-para-perros-grandes\/\",\"name\":\"Gafas para Perros Grandes - Boutique Animal\",\"isPartOf\":{\"@id\":\"https:\/\/boutiqueanimal.co\/#website\"},\"primaryImageOfPage\":{\"@id\":\"https:\/\/boutiqueanimal.co\/producto\/gafas-para-perros-grandes\/#primaryimage\"},\"image\":{\"@id\":\"https:\/\/boutiqueanimal.co\/producto\/gafas-para-perros-grandes\/#primaryimage\"},\"thumbnailUrl\":\"https:\/\/boutiqueanimal.co\/wp-content\/uploads\/2025\/11\/WhatsApp-Image-2026-01-15-at-5.53.20-PM-1.jpeg\",\"datePublished\":\"2025-11-01T16:22:36+00:00\",\"dateModified\":\"2026-04-28T16:42:00+00:00\",\"breadcrumb\":{\"@id\":\"https:\/\/boutiqueanimal.co\/producto\/gafas-para-perros-grandes\/#breadcrumb\"},\"inLanguage\":\"en-US\",\"potentialAction\":[{\"@type\":\"ReadAction\",\"target\":[\"https:\/\/boutiqueanimal.co\/producto\/gafas-para-perros-grandes\/\"]}]},{\"@type\":\"ImageObject\",\"inLanguage\":\"en-US\",\"@id\":\"https:\/\/boutiqueanimal.co\/producto\/gafas-para-perros-grandes\/#primaryimage\",\"url\":\"https:\/\/boutiqueanimal.co\/wp-content\/uploads\/2025\/11\/WhatsApp-Image-2026-01-15-at-5.53.20-PM-1.jpeg\",\"contentUrl\":\"https:\/\/boutiqueanimal.co\/wp-content\/uploads\/2025\/11\/WhatsApp-Image-2026-01-15-at-5.53.20-PM-1.jpeg\",\"width\":720,\"height\":720},{\"@type\":\"BreadcrumbList\",\"@id\":\"https:\/\/boutiqueanimal.co\/producto\/gafas-para-perros-grandes\/#breadcrumb\",\"itemListElement\":[{\"@type\":\"ListItem\",\"position\":1,\"name\":\"Inicio\",\"item\":\"https:\/\/boutiqueanimal.co\/\"},{\"@type\":\"ListItem\",\"position\":2,\"name\":\"Tienda\",\"item\":\"https:\/\/boutiqueanimal.co\/tienda\/\"},{\"@type\":\"ListItem\",\"position\":3,\"name\":\"Gafas para Perros Grandes\"}]},{\"@type\":\"WebSite\",\"@id\":\"https:\/\/boutiqueanimal.co\/#website\",\"url\":\"https:\/\/boutiqueanimal.co\/\",\"name\":\"Boutique Animal\",\"description\":\"Tienda online de productos para mascotas en Colombia. Env\u00edos r\u00e1pidos y gratis en compras superiores a $100.000\",\"publisher\":{\"@id\":\"https:\/\/boutiqueanimal.co\/#organization\"},\"potentialAction\":[{\"@type\":\"SearchAction\",\"target\":{\"@type\":\"EntryPoint\",\"urlTemplate\":\"https:\/\/boutiqueanimal.co\/?s={search_term_string}\"},\"query-input\":{\"@type\":\"PropertyValueSpecification\",\"valueRequired\":true,\"valueName\":\"search_term_string\"}}],\"inLanguage\":\"en-US\"},{\"@type\":\"Organization\",\"@id\":\"https:\/\/boutiqueanimal.co\/#organization\",\"name\":\"Boutique Animal\",\"url\":\"https:\/\/boutiqueanimal.co\/\",\"logo\":{\"@type\":\"ImageObject\",\"inLanguage\":\"en-US\",\"@id\":\"https:\/\/boutiqueanimal.co\/#\/schema\/logo\/image\/\",\"url\":\"https:\/\/boutiqueanimal.co\/wp-content\/uploads\/2025\/11\/perrito-pc-1024x1024-1.png\",\"contentUrl\":\"https:\/\/boutiqueanimal.co\/wp-content\/uploads\/2025\/11\/perrito-pc-1024x1024-1.png\",\"width\":1024,\"height\":1024,\"caption\":\"Boutique Animal\"},\"image\":{\"@id\":\"https:\/\/boutiqueanimal.co\/#\/schema\/logo\/image\/\"},\"sameAs\":[\"https:\/\/www.facebook.com\/BoutiqueAnimalCo\"]}]}<\/script>\n<!-- \/ Yoast SEO plugin. -->","yoast_head_json":{"title":"Gafas para Perros Grandes - Boutique Animal","robots":{"index":"index","follow":"follow","max-snippet":"max-snippet:-1","max-image-preview":"max-image-preview:large","max-video-preview":"max-video-preview:-1"},"canonical":"https:\/\/boutiqueanimal.co\/en\/product\/gafas-para-perros-grandes\/","og_locale":"en_US","og_type":"article","og_title":"Gafas para Perros Grandes - Boutique Animal","og_description":"\ud83d\ude0e Gafas Protectoras para Perros Grandes Las gafas para perros grandes ofrecen la misma protecci\u00f3n y comodidad que el modelo para razas peque\u00f1as, pero en tama\u00f1o grande. Protegen los ojos del sol, viento y polvo, brindando seguridad y estilo en cada aventura.     \ud83d\udee1\ufe0f Caracter\u00edsticas    Protecci\u00f3n contra sol, viento y polvo    Bandas el\u00e1sticas ajustables y c\u00f3modas    Dise\u00f1o liviano y resistente   \ud83c\udfd6\ufe0f Ideales para    Paseos y actividades al aire libre    Viajes en moto    Playa y monta\u00f1a   \ud83d\udccf Talla    Tama\u00f1o grande    Ideal para razas grandes","og_url":"https:\/\/boutiqueanimal.co\/en\/product\/gafas-para-perros-grandes\/","og_site_name":"Boutique Animal","article_publisher":"https:\/\/www.facebook.com\/BoutiqueAnimalCo","article_modified_time":"2026-04-28T16:42:00+00:00","og_image":[{"width":720,"height":720,"url":"https:\/\/boutiqueanimal.co\/wp-content\/uploads\/2025\/11\/WhatsApp-Image-2026-01-15-at-5.53.20-PM-1.jpeg","type":"image\/jpeg"}],"twitter_card":"summary_large_image","twitter_misc":{"Est. reading time":"1 minute"},"schema":{"@context":"https:\/\/schema.org","@graph":[{"@type":"WebPage","@id":"https:\/\/boutiqueanimal.co\/producto\/gafas-para-perros-grandes\/","url":"https:\/\/boutiqueanimal.co\/producto\/gafas-para-perros-grandes\/","name":"Gafas para Perros Grandes - Boutique Animal","isPartOf":{"@id":"https:\/\/boutiqueanimal.co\/#website"},"primaryImageOfPage":{"@id":"https:\/\/boutiqueanimal.co\/producto\/gafas-para-perros-grandes\/#primaryimage"},"image":{"@id":"https:\/\/boutiqueanimal.co\/producto\/gafas-para-perros-grandes\/#primaryimage"},"thumbnailUrl":"https:\/\/boutiqueanimal.co\/wp-content\/uploads\/2025\/11\/WhatsApp-Image-2026-01-15-at-5.53.20-PM-1.jpeg","datePublished":"2025-11-01T16:22:36+00:00","dateModified":"2026-04-28T16:42:00+00:00","breadcrumb":{"@id":"https:\/\/boutiqueanimal.co\/producto\/gafas-para-perros-grandes\/#breadcrumb"},"inLanguage":"en-US","potentialAction":[{"@type":"ReadAction","target":["https:\/\/boutiqueanimal.co\/producto\/gafas-para-perros-grandes\/"]}]},{"@type":"ImageObject","inLanguage":"en-US","@id":"https:\/\/boutiqueanimal.co\/producto\/gafas-para-perros-grandes\/#primaryimage","url":"https:\/\/boutiqueanimal.co\/wp-content\/uploads\/2025\/11\/WhatsApp-Image-2026-01-15-at-5.53.20-PM-1.jpeg","contentUrl":"https:\/\/boutiqueanimal.co\/wp-content\/uploads\/2025\/11\/WhatsApp-Image-2026-01-15-at-5.53.20-PM-1.jpeg","width":720,"height":720},{"@type":"BreadcrumbList","@id":"https:\/\/boutiqueanimal.co\/producto\/gafas-para-perros-grandes\/#breadcrumb","itemListElement":[{"@type":"ListItem","position":1,"name":"Inicio","item":"https:\/\/boutiqueanimal.co\/"},{"@type":"ListItem","position":2,"name":"Tienda","item":"https:\/\/boutiqueanimal.co\/tienda\/"},{"@type":"ListItem","position":3,"name":"Gafas para Perros Grandes"}]},{"@type":"WebSite","@id":"https:\/\/boutiqueanimal.co\/#website","url":"https:\/\/boutiqueanimal.co\/","name":"Boutique Animal","description":"Tienda online de productos para mascotas en Colombia. Env\u00edos r\u00e1pidos y gratis en compras superiores a $100.000","publisher":{"@id":"https:\/\/boutiqueanimal.co\/#organization"},"potentialAction":[{"@type":"SearchAction","target":{"@type":"EntryPoint","urlTemplate":"https:\/\/boutiqueanimal.co\/?s={search_term_string}"},"query-input":{"@type":"PropertyValueSpecification","valueRequired":true,"valueName":"search_term_string"}}],"inLanguage":"en-US"},{"@type":"Organization","@id":"https:\/\/boutiqueanimal.co\/#organization","name":"Boutique Animal","url":"https:\/\/boutiqueanimal.co\/","logo":{"@type":"ImageObject","inLanguage":"en-US","@id":"https:\/\/boutiqueanimal.co\/#\/schema\/logo\/image\/","url":"https:\/\/boutiqueanimal.co\/wp-content\/uploads\/2025\/11\/perrito-pc-1024x1024-1.png","contentUrl":"https:\/\/boutiqueanimal.co\/wp-content\/uploads\/2025\/11\/perrito-pc-1024x1024-1.png","width":1024,"height":1024,"caption":"Boutique Animal"},"image":{"@id":"https:\/\/boutiqueanimal.co\/#\/schema\/logo\/image\/"},"sameAs":["https:\/\/www.facebook.com\/BoutiqueAnimalCo"]}]}},"_links":{"self":[{"href":"https:\/\/boutiqueanimal.co\/en\/wp-json\/wp\/v2\/product\/1286","targetHints":{"allow":["GET"]}}],"collection":[{"href":"https:\/\/boutiqueanimal.co\/en\/wp-json\/wp\/v2\/product"}],"about":[{"href":"https:\/\/boutiqueanimal.co\/en\/wp-json\/wp\/v2\/types\/product"}],"wp:featuredmedia":[{"embeddable":true,"href":"https:\/\/boutiqueanimal.co\/en\/wp-json\/wp\/v2\/media\/64279"}],"wp:attachment":[{"href":"https:\/\/boutiqueanimal.co\/en\/wp-json\/wp\/v2\/media?parent=1286"}],"wp:term":[{"taxonomy":"product_brand","embeddable":true,"href":"https:\/\/boutiqueanimal.co\/en\/wp-json\/wp\/v2\/product_brand?post=1286"},{"taxonomy":"product_cat","embeddable":true,"href":"https:\/\/boutiqueanimal.co\/en\/wp-json\/wp\/v2\/product_cat?post=1286"},{"taxonomy":"product_tag","embeddable":true,"href":"https:\/\/boutiqueanimal.co\/en\/wp-json\/wp\/v2\/product_tag?post=1286"}],"curies":[{"name":"wp","href":"https:\/\/api.w.org\/{rel}","templated":true}]}}