{"id":1304,"date":"2025-11-01T16:22:37","date_gmt":"2025-11-01T16:22:37","guid":{"rendered":"https:\/\/boutiqueanimal.alojo.app\/wp\/?post_type=product&#038;p=1304"},"modified":"2026-04-24T17:26:27","modified_gmt":"2026-04-24T22:26:27","slug":"lazo-trenzado","status":"publish","type":"product","link":"https:\/\/boutiqueanimal.co\/en\/product\/lazo-trenzado\/","title":{"rendered":"Lazo  Trenzado"},"content":{"rendered":"<h3 data-start=\"0\" data-end=\"50\">\ud83d\udc3e Lazo Trenzado con Collar \u2013 S\u00faper Resistente<\/h3>\n<p data-start=\"52\" data-end=\"264\">El <strong data-start=\"55\" data-end=\"83\">Lazo Trenzado con Collar<\/strong> es ideal para quienes buscan <strong data-start=\"113\" data-end=\"153\">resistencia, seguridad y practicidad<\/strong> en cada paseo. Su dise\u00f1o <strong data-start=\"179\" data-end=\"191\">trenzado<\/strong> brinda mayor durabilidad y un mejor agarre, perfecto para el uso diario.<\/p>\n<p data-start=\"266\" data-end=\"457\">Disponible en <strong data-start=\"280\" data-end=\"308\">versi\u00f3n delgada<\/strong>, se adapta a diferentes tama\u00f1os y fuerzas de perros. Incluye <strong data-start=\"370\" data-end=\"390\">collar integrado<\/strong>, facilitando su colocaci\u00f3n y ofreciendo un control firme y c\u00f3modo.<\/p>\n<p data-start=\"459\" data-end=\"479\"><strong data-start=\"459\" data-end=\"479\">Caracter\u00edsticas:<\/strong><\/p>\n<ul data-start=\"480\" data-end=\"663\">\n<li data-start=\"480\" data-end=\"520\">\n<p data-start=\"482\" data-end=\"520\">Dise\u00f1o trenzado <strong data-start=\"498\" data-end=\"518\">s\u00faper resistente<\/strong><\/p>\n<\/li>\n<li data-start=\"521\" data-end=\"562\">\n<p data-start=\"523\" data-end=\"562\">Collar integrado para mayor comodidad<\/p>\n<\/li>\n<li data-start=\"563\" data-end=\"601\">\n<p data-start=\"565\" data-end=\"601\">Disponible en <strong data-start=\"579\" data-end=\"599\">delgado<\/strong><\/p>\n<\/li>\n<li data-start=\"602\" data-end=\"631\">\n<p data-start=\"604\" data-end=\"631\">Ideal para paseos diarios<\/p>\n<\/li>\n<li data-start=\"632\" data-end=\"663\">\n<p data-start=\"634\" data-end=\"663\">Material duradero y confiable<\/p>\n<\/li>\n<\/ul>\n<p data-start=\"665\" data-end=\"751\" data-is-last-node=\"\" data-is-only-node=\"\">Funcional y fuerte. <strong data-start=\"685\" data-end=\"746\">Un lazo pensado para paseos seguros y sin complicaciones.<\/strong> \ud83d\udc36\ud83d\udcaa<\/p>\n<p>&nbsp;<\/p>","protected":false},"excerpt":{"rendered":"<h3 data-start=\"0\" data-end=\"50\">\ud83d\udc3e Lazo Trenzado con Collar \u2013 S\u00faper Resistente<\/h3>\n<p data-start=\"52\" data-end=\"264\">El <strong data-start=\"55\" data-end=\"83\">Lazo Trenzado con Collar<\/strong> es ideal para quienes buscan <strong data-start=\"113\" data-end=\"153\">resistencia, seguridad y practicidad<\/strong> en cada paseo. Su dise\u00f1o <strong data-start=\"179\" data-end=\"191\">trenzado<\/strong> brinda mayor durabilidad y un mejor agarre, perfecto para el uso diario.<\/p>\n<p data-start=\"266\" data-end=\"457\">Disponible en <strong data-start=\"280\" data-end=\"308\">versi\u00f3n delgada y gruesa<\/strong>, se adapta a diferentes tama\u00f1os y fuerzas de perros. Incluye <strong data-start=\"370\" data-end=\"390\">collar integrado<\/strong>, facilitando su colocaci\u00f3n y ofreciendo un control firme y c\u00f3modo.<\/p>\n<p data-start=\"459\" data-end=\"479\"><strong data-start=\"459\" data-end=\"479\">Caracter\u00edsticas:<\/strong><\/p>\n<ul data-start=\"480\" data-end=\"663\">\n<li data-start=\"480\" data-end=\"520\">\n<p data-start=\"482\" data-end=\"520\">Dise\u00f1o trenzado <strong data-start=\"498\" data-end=\"518\">s\u00faper resistente<\/strong><\/p>\n<\/li>\n<li data-start=\"521\" data-end=\"562\">\n<p data-start=\"523\" data-end=\"562\">Collar integrado para mayor comodidad<\/p>\n<\/li>\n<li data-start=\"563\" data-end=\"601\">\n<p data-start=\"565\" data-end=\"601\">Disponible en <strong data-start=\"579\" data-end=\"599\">delgado y grueso<\/strong><\/p>\n<\/li>\n<li data-start=\"602\" data-end=\"631\">\n<p data-start=\"604\" data-end=\"631\">Ideal para paseos diarios<\/p>\n<\/li>\n<li data-start=\"632\" data-end=\"663\">\n<p data-start=\"634\" data-end=\"663\">Material duradero y confiable<\/p>\n<\/li>\n<\/ul>\n<p data-start=\"665\" data-end=\"751\" data-is-last-node=\"\" data-is-only-node=\"\">Funcional y fuerte. <strong data-start=\"685\" data-end=\"746\">Un lazo pensado para paseos seguros y sin complicaciones.<\/strong> \ud83d\udc36\ud83d\udcaa<\/p>","protected":false},"featured_media":1408,"template":"","meta":{"_joinchat":[]},"product_brand":[],"product_cat":[29,18,24],"product_tag":[],"class_list":{"0":"post-1304","1":"product","2":"type-product","3":"status-publish","4":"has-post-thumbnail","6":"product_cat-accesorios-perros","7":"product_cat-perros","8":"product_cat-productos-nuevos","11":"first","12":"instock","13":"shipping-taxable","14":"purchasable","15":"product-type-variable"},"yoast_head":"<!-- This site is optimized with the Yoast SEO plugin v27.2 - https:\/\/yoast.com\/product\/yoast-seo-wordpress\/ -->\n<title>Lazo Trenzado - Boutique Animal<\/title>\n<meta name=\"robots\" content=\"index, follow, max-snippet:-1, max-image-preview:large, max-video-preview:-1\" \/>\n<link rel=\"canonical\" href=\"https:\/\/boutiqueanimal.co\/en\/product\/lazo-trenzado\/\" \/>\n<meta property=\"og:locale\" content=\"en_US\" \/>\n<meta property=\"og:type\" content=\"article\" \/>\n<meta property=\"og:title\" content=\"Lazo Trenzado - Boutique Animal\" \/>\n<meta property=\"og:description\" content=\"\ud83d\udc3e Lazo Trenzado con Collar \u2013 S\u00faper Resistente El Lazo Trenzado con Collar es ideal para quienes buscan resistencia, seguridad y practicidad en cada paseo. Su dise\u00f1o trenzado brinda mayor durabilidad y un mejor agarre, perfecto para el uso diario. Disponible en versi\u00f3n delgada y gruesa, se adapta a diferentes tama\u00f1os y fuerzas de perros. Incluye collar integrado, facilitando su colocaci\u00f3n y ofreciendo un control firme y c\u00f3modo. Caracter\u00edsticas:     Dise\u00f1o trenzado s\u00faper resistente    Collar integrado para mayor comodidad    Disponible en delgado y grueso    Ideal para paseos diarios    Material duradero y confiable   Funcional y fuerte. Un lazo pensado para paseos seguros y sin complicaciones. \ud83d\udc36\ud83d\udcaa\" \/>\n<meta property=\"og:url\" content=\"https:\/\/boutiqueanimal.co\/en\/product\/lazo-trenzado\/\" \/>\n<meta property=\"og:site_name\" content=\"Boutique Animal\" \/>\n<meta property=\"article:publisher\" content=\"https:\/\/www.facebook.com\/BoutiqueAnimalCo\" \/>\n<meta property=\"article:modified_time\" content=\"2026-04-24T22:26:27+00:00\" \/>\n<meta property=\"og:image\" content=\"https:\/\/boutiqueanimal.co\/wp-content\/uploads\/2025\/11\/WhatsApp-Image-2025-03-13-at-2.03.39-PM-1.jpeg\" \/>\n\t<meta property=\"og:image:width\" content=\"1000\" \/>\n\t<meta property=\"og:image:height\" content=\"1000\" \/>\n\t<meta property=\"og:image:type\" content=\"image\/jpeg\" \/>\n<meta name=\"twitter:card\" content=\"summary_large_image\" \/>\n<meta name=\"twitter:label1\" content=\"Est. reading time\" \/>\n\t<meta name=\"twitter:data1\" content=\"1 minute\" \/>\n<script type=\"application\/ld+json\" class=\"yoast-schema-graph\">{\"@context\":\"https:\/\/schema.org\",\"@graph\":[{\"@type\":\"WebPage\",\"@id\":\"https:\/\/boutiqueanimal.co\/producto\/lazo-trenzado\/\",\"url\":\"https:\/\/boutiqueanimal.co\/producto\/lazo-trenzado\/\",\"name\":\"Lazo Trenzado - Boutique Animal\",\"isPartOf\":{\"@id\":\"https:\/\/boutiqueanimal.co\/#website\"},\"primaryImageOfPage\":{\"@id\":\"https:\/\/boutiqueanimal.co\/producto\/lazo-trenzado\/#primaryimage\"},\"image\":{\"@id\":\"https:\/\/boutiqueanimal.co\/producto\/lazo-trenzado\/#primaryimage\"},\"thumbnailUrl\":\"https:\/\/boutiqueanimal.co\/wp-content\/uploads\/2025\/11\/WhatsApp-Image-2025-03-13-at-2.03.39-PM-1.jpeg\",\"datePublished\":\"2025-11-01T16:22:37+00:00\",\"dateModified\":\"2026-04-24T22:26:27+00:00\",\"breadcrumb\":{\"@id\":\"https:\/\/boutiqueanimal.co\/producto\/lazo-trenzado\/#breadcrumb\"},\"inLanguage\":\"en-US\",\"potentialAction\":[{\"@type\":\"ReadAction\",\"target\":[\"https:\/\/boutiqueanimal.co\/producto\/lazo-trenzado\/\"]}]},{\"@type\":\"ImageObject\",\"inLanguage\":\"en-US\",\"@id\":\"https:\/\/boutiqueanimal.co\/producto\/lazo-trenzado\/#primaryimage\",\"url\":\"https:\/\/boutiqueanimal.co\/wp-content\/uploads\/2025\/11\/WhatsApp-Image-2025-03-13-at-2.03.39-PM-1.jpeg\",\"contentUrl\":\"https:\/\/boutiqueanimal.co\/wp-content\/uploads\/2025\/11\/WhatsApp-Image-2025-03-13-at-2.03.39-PM-1.jpeg\",\"width\":1000,\"height\":1000},{\"@type\":\"BreadcrumbList\",\"@id\":\"https:\/\/boutiqueanimal.co\/producto\/lazo-trenzado\/#breadcrumb\",\"itemListElement\":[{\"@type\":\"ListItem\",\"position\":1,\"name\":\"Inicio\",\"item\":\"https:\/\/boutiqueanimal.co\/\"},{\"@type\":\"ListItem\",\"position\":2,\"name\":\"Tienda\",\"item\":\"https:\/\/boutiqueanimal.co\/tienda\/\"},{\"@type\":\"ListItem\",\"position\":3,\"name\":\"Lazo Trenzado\"}]},{\"@type\":\"WebSite\",\"@id\":\"https:\/\/boutiqueanimal.co\/#website\",\"url\":\"https:\/\/boutiqueanimal.co\/\",\"name\":\"Boutique Animal\",\"description\":\"Tienda online de productos para mascotas en Colombia. Env\u00edos r\u00e1pidos y gratis en compras superiores a $100.000\",\"publisher\":{\"@id\":\"https:\/\/boutiqueanimal.co\/#organization\"},\"potentialAction\":[{\"@type\":\"SearchAction\",\"target\":{\"@type\":\"EntryPoint\",\"urlTemplate\":\"https:\/\/boutiqueanimal.co\/?s={search_term_string}\"},\"query-input\":{\"@type\":\"PropertyValueSpecification\",\"valueRequired\":true,\"valueName\":\"search_term_string\"}}],\"inLanguage\":\"en-US\"},{\"@type\":\"Organization\",\"@id\":\"https:\/\/boutiqueanimal.co\/#organization\",\"name\":\"Boutique Animal\",\"url\":\"https:\/\/boutiqueanimal.co\/\",\"logo\":{\"@type\":\"ImageObject\",\"inLanguage\":\"en-US\",\"@id\":\"https:\/\/boutiqueanimal.co\/#\/schema\/logo\/image\/\",\"url\":\"https:\/\/boutiqueanimal.co\/wp-content\/uploads\/2025\/11\/perrito-pc-1024x1024-1.png\",\"contentUrl\":\"https:\/\/boutiqueanimal.co\/wp-content\/uploads\/2025\/11\/perrito-pc-1024x1024-1.png\",\"width\":1024,\"height\":1024,\"caption\":\"Boutique Animal\"},\"image\":{\"@id\":\"https:\/\/boutiqueanimal.co\/#\/schema\/logo\/image\/\"},\"sameAs\":[\"https:\/\/www.facebook.com\/BoutiqueAnimalCo\"]}]}<\/script>\n<!-- \/ Yoast SEO plugin. -->","yoast_head_json":{"title":"Lazo Trenzado - Boutique Animal","robots":{"index":"index","follow":"follow","max-snippet":"max-snippet:-1","max-image-preview":"max-image-preview:large","max-video-preview":"max-video-preview:-1"},"canonical":"https:\/\/boutiqueanimal.co\/en\/product\/lazo-trenzado\/","og_locale":"en_US","og_type":"article","og_title":"Lazo Trenzado - Boutique Animal","og_description":"\ud83d\udc3e Lazo Trenzado con Collar \u2013 S\u00faper Resistente El Lazo Trenzado con Collar es ideal para quienes buscan resistencia, seguridad y practicidad en cada paseo. Su dise\u00f1o trenzado brinda mayor durabilidad y un mejor agarre, perfecto para el uso diario. Disponible en versi\u00f3n delgada y gruesa, se adapta a diferentes tama\u00f1os y fuerzas de perros. Incluye collar integrado, facilitando su colocaci\u00f3n y ofreciendo un control firme y c\u00f3modo. Caracter\u00edsticas:     Dise\u00f1o trenzado s\u00faper resistente    Collar integrado para mayor comodidad    Disponible en delgado y grueso    Ideal para paseos diarios    Material duradero y confiable   Funcional y fuerte. Un lazo pensado para paseos seguros y sin complicaciones. \ud83d\udc36\ud83d\udcaa","og_url":"https:\/\/boutiqueanimal.co\/en\/product\/lazo-trenzado\/","og_site_name":"Boutique Animal","article_publisher":"https:\/\/www.facebook.com\/BoutiqueAnimalCo","article_modified_time":"2026-04-24T22:26:27+00:00","og_image":[{"width":1000,"height":1000,"url":"https:\/\/boutiqueanimal.co\/wp-content\/uploads\/2025\/11\/WhatsApp-Image-2025-03-13-at-2.03.39-PM-1.jpeg","type":"image\/jpeg"}],"twitter_card":"summary_large_image","twitter_misc":{"Est. reading time":"1 minute"},"schema":{"@context":"https:\/\/schema.org","@graph":[{"@type":"WebPage","@id":"https:\/\/boutiqueanimal.co\/producto\/lazo-trenzado\/","url":"https:\/\/boutiqueanimal.co\/producto\/lazo-trenzado\/","name":"Lazo Trenzado - Boutique Animal","isPartOf":{"@id":"https:\/\/boutiqueanimal.co\/#website"},"primaryImageOfPage":{"@id":"https:\/\/boutiqueanimal.co\/producto\/lazo-trenzado\/#primaryimage"},"image":{"@id":"https:\/\/boutiqueanimal.co\/producto\/lazo-trenzado\/#primaryimage"},"thumbnailUrl":"https:\/\/boutiqueanimal.co\/wp-content\/uploads\/2025\/11\/WhatsApp-Image-2025-03-13-at-2.03.39-PM-1.jpeg","datePublished":"2025-11-01T16:22:37+00:00","dateModified":"2026-04-24T22:26:27+00:00","breadcrumb":{"@id":"https:\/\/boutiqueanimal.co\/producto\/lazo-trenzado\/#breadcrumb"},"inLanguage":"en-US","potentialAction":[{"@type":"ReadAction","target":["https:\/\/boutiqueanimal.co\/producto\/lazo-trenzado\/"]}]},{"@type":"ImageObject","inLanguage":"en-US","@id":"https:\/\/boutiqueanimal.co\/producto\/lazo-trenzado\/#primaryimage","url":"https:\/\/boutiqueanimal.co\/wp-content\/uploads\/2025\/11\/WhatsApp-Image-2025-03-13-at-2.03.39-PM-1.jpeg","contentUrl":"https:\/\/boutiqueanimal.co\/wp-content\/uploads\/2025\/11\/WhatsApp-Image-2025-03-13-at-2.03.39-PM-1.jpeg","width":1000,"height":1000},{"@type":"BreadcrumbList","@id":"https:\/\/boutiqueanimal.co\/producto\/lazo-trenzado\/#breadcrumb","itemListElement":[{"@type":"ListItem","position":1,"name":"Inicio","item":"https:\/\/boutiqueanimal.co\/"},{"@type":"ListItem","position":2,"name":"Tienda","item":"https:\/\/boutiqueanimal.co\/tienda\/"},{"@type":"ListItem","position":3,"name":"Lazo Trenzado"}]},{"@type":"WebSite","@id":"https:\/\/boutiqueanimal.co\/#website","url":"https:\/\/boutiqueanimal.co\/","name":"Boutique Animal","description":"Tienda online de productos para mascotas en Colombia. Env\u00edos r\u00e1pidos y gratis en compras superiores a $100.000","publisher":{"@id":"https:\/\/boutiqueanimal.co\/#organization"},"potentialAction":[{"@type":"SearchAction","target":{"@type":"EntryPoint","urlTemplate":"https:\/\/boutiqueanimal.co\/?s={search_term_string}"},"query-input":{"@type":"PropertyValueSpecification","valueRequired":true,"valueName":"search_term_string"}}],"inLanguage":"en-US"},{"@type":"Organization","@id":"https:\/\/boutiqueanimal.co\/#organization","name":"Boutique Animal","url":"https:\/\/boutiqueanimal.co\/","logo":{"@type":"ImageObject","inLanguage":"en-US","@id":"https:\/\/boutiqueanimal.co\/#\/schema\/logo\/image\/","url":"https:\/\/boutiqueanimal.co\/wp-content\/uploads\/2025\/11\/perrito-pc-1024x1024-1.png","contentUrl":"https:\/\/boutiqueanimal.co\/wp-content\/uploads\/2025\/11\/perrito-pc-1024x1024-1.png","width":1024,"height":1024,"caption":"Boutique Animal"},"image":{"@id":"https:\/\/boutiqueanimal.co\/#\/schema\/logo\/image\/"},"sameAs":["https:\/\/www.facebook.com\/BoutiqueAnimalCo"]}]}},"_links":{"self":[{"href":"https:\/\/boutiqueanimal.co\/en\/wp-json\/wp\/v2\/product\/1304","targetHints":{"allow":["GET"]}}],"collection":[{"href":"https:\/\/boutiqueanimal.co\/en\/wp-json\/wp\/v2\/product"}],"about":[{"href":"https:\/\/boutiqueanimal.co\/en\/wp-json\/wp\/v2\/types\/product"}],"wp:featuredmedia":[{"embeddable":true,"href":"https:\/\/boutiqueanimal.co\/en\/wp-json\/wp\/v2\/media\/1408"}],"wp:attachment":[{"href":"https:\/\/boutiqueanimal.co\/en\/wp-json\/wp\/v2\/media?parent=1304"}],"wp:term":[{"taxonomy":"product_brand","embeddable":true,"href":"https:\/\/boutiqueanimal.co\/en\/wp-json\/wp\/v2\/product_brand?post=1304"},{"taxonomy":"product_cat","embeddable":true,"href":"https:\/\/boutiqueanimal.co\/en\/wp-json\/wp\/v2\/product_cat?post=1304"},{"taxonomy":"product_tag","embeddable":true,"href":"https:\/\/boutiqueanimal.co\/en\/wp-json\/wp\/v2\/product_tag?post=1304"}],"curies":[{"name":"wp","href":"https:\/\/api.w.org\/{rel}","templated":true}]}}