{"id":1501,"date":"2025-11-01T16:23:20","date_gmt":"2025-11-01T16:23:20","guid":{"rendered":"https:\/\/boutiqueanimal.alojo.app\/wp\/?post_type=product&#038;p=1501"},"modified":"2025-12-20T17:17:04","modified_gmt":"2025-12-20T22:17:04","slug":"removedor-de-pelo","status":"publish","type":"product","link":"https:\/\/boutiqueanimal.co\/en\/product\/removedor-de-pelo\/","title":{"rendered":"Removedor de Pelo"},"content":{"rendered":"<div class=\"flex flex-col text-sm pb-25\">\n<article class=\"text-token-text-primary w-full focus:outline-none [--shadow-height:45px] has-data-writing-block:pointer-events-none has-data-writing-block:-mt-(--shadow-height) has-data-writing-block:pt-(--shadow-height) [&amp;:has([data-writing-block])&gt;*]:pointer-events-auto scroll-mt-[calc(var(--header-height)+min(200px,max(70px,20svh)))]\" dir=\"auto\" tabindex=\"-1\" data-turn-id=\"request-WEB:709e1e45-2a7e-4f3e-8cfd-ae5db72b2c23-12\" data-testid=\"conversation-turn-26\" data-scroll-anchor=\"true\" data-turn=\"assistant\">\n<div class=\"text-base my-auto mx-auto pb-10 [--thread-content-margin:--spacing(4)] @w-sm\/main:[--thread-content-margin:--spacing(6)] @w-lg\/main:[--thread-content-margin:--spacing(16)] px-(--thread-content-margin)\">\n<div class=\"[--thread-content-max-width:40rem] @w-lg\/main:[--thread-content-max-width:48rem] mx-auto max-w-(--thread-content-max-width) flex-1 group\/turn-messages focus-visible:outline-hidden relative flex w-full min-w-0 flex-col agent-turn\" tabindex=\"-1\">\n<div class=\"flex max-w-full flex-col grow\">\n<div class=\"min-h-8 text-message relative flex w-full flex-col items-end gap-2 text-start break-words whitespace-normal [.text-message+&amp;]:mt-1\" dir=\"auto\" data-message-author-role=\"assistant\" data-message-id=\"9daac90a-7883-4e63-9431-a0226b123076\" data-message-model-slug=\"gpt-5-mini\">\n<div class=\"flex w-full flex-col gap-1 empty:hidden first:pt-[1px]\">\n<div class=\"markdown prose dark:prose-invert w-full break-words light markdown-new-styling\">\n<h3 data-start=\"0\" data-end=\"64\">\ud83d\udc3e Cepillo Removedor de Pelos \u2013 Ropa y Superficies Limpias<\/h3>\n<p data-start=\"66\" data-end=\"300\">Mant\u00e9n tu ropa y hogar <strong data-start=\"89\" data-end=\"122\">libres de pelos de tu mascota<\/strong> con nuestro <strong data-start=\"135\" data-end=\"165\">Cepillo Removedor de Pelos<\/strong>. Su dise\u00f1o pr\u00e1ctico permite <strong data-start=\"194\" data-end=\"264\">retirar f\u00e1cilmente los pelos de la ropa, sof\u00e1s y otras superficies<\/strong>, dejando todo limpio en segundos.<\/p>\n<p data-start=\"302\" data-end=\"336\"><strong data-start=\"302\" data-end=\"334\">Caracter\u00edsticas principales:<\/strong><\/p>\n<ul data-start=\"337\" data-end=\"499\">\n<li data-start=\"337\" data-end=\"396\">\n<p data-start=\"339\" data-end=\"396\">Elimina pelos de ropa, camas y muebles de manera r\u00e1pida<\/p>\n<\/li>\n<li data-start=\"397\" data-end=\"424\">\n<p data-start=\"399\" data-end=\"424\">F\u00e1cil de usar y limpiar<\/p>\n<\/li>\n<li data-start=\"425\" data-end=\"459\">\n<p data-start=\"427\" data-end=\"459\">Ideal para todo tipo de pelaje<\/p>\n<\/li>\n<li data-start=\"460\" data-end=\"499\">\n<p data-start=\"462\" data-end=\"499\">Compacto y pr\u00e1ctico para uso diario<\/p>\n<\/li>\n<\/ul>\n<p data-start=\"501\" data-end=\"568\" data-is-last-node=\"\" data-is-only-node=\"\"><strong data-start=\"501\" data-end=\"564\">Ropa y superficies libres de pelos, con un solo movimiento.<\/strong> \ud83d\udc3e\u2728<\/p>\n<\/div>\n<\/div>\n<\/div>\n<\/div>\n<div class=\"z-0 flex min-h-[46px] justify-start\"><\/div>\n<\/div>\n<\/div>\n<\/article>\n<\/div>\n<div class=\"pointer-events-none h-px w-px absolute bottom-0\" aria-hidden=\"true\" data-edge=\"true\"><\/div>\n","protected":false},"excerpt":{"rendered":"<div class=\"flex flex-col text-sm pb-25\">\n<article class=\"text-token-text-primary w-full focus:outline-none [--shadow-height:45px] has-data-writing-block:pointer-events-none has-data-writing-block:-mt-(--shadow-height) has-data-writing-block:pt-(--shadow-height) [&amp;:has([data-writing-block])&gt;*]:pointer-events-auto scroll-mt-[calc(var(--header-height)+min(200px,max(70px,20svh)))]\" dir=\"auto\" tabindex=\"-1\" data-turn-id=\"request-WEB:709e1e45-2a7e-4f3e-8cfd-ae5db72b2c23-12\" data-testid=\"conversation-turn-26\" data-scroll-anchor=\"true\" data-turn=\"assistant\">\n<div class=\"text-base my-auto mx-auto pb-10 [--thread-content-margin:--spacing(4)] @w-sm\/main:[--thread-content-margin:--spacing(6)] @w-lg\/main:[--thread-content-margin:--spacing(16)] px-(--thread-content-margin)\">\n<div class=\"[--thread-content-max-width:40rem] @w-lg\/main:[--thread-content-max-width:48rem] mx-auto max-w-(--thread-content-max-width) flex-1 group\/turn-messages focus-visible:outline-hidden relative flex w-full min-w-0 flex-col agent-turn\" tabindex=\"-1\">\n<div class=\"flex max-w-full flex-col grow\">\n<div class=\"min-h-8 text-message relative flex w-full flex-col items-end gap-2 text-start break-words whitespace-normal [.text-message+&amp;]:mt-1\" dir=\"auto\" data-message-author-role=\"assistant\" data-message-id=\"9daac90a-7883-4e63-9431-a0226b123076\" data-message-model-slug=\"gpt-5-mini\">\n<div class=\"flex w-full flex-col gap-1 empty:hidden first:pt-[1px]\">\n<div class=\"markdown prose dark:prose-invert w-full break-words light markdown-new-styling\">\n<h3 data-start=\"0\" data-end=\"64\">\ud83d\udc3e Cepillo Removedor de Pelos \u2013 Ropa y Superficies Limpias<\/h3>\n<p data-start=\"66\" data-end=\"300\">Mant\u00e9n tu ropa y hogar <strong data-start=\"89\" data-end=\"122\">libres de pelos de tu mascota<\/strong> con nuestro <strong data-start=\"135\" data-end=\"165\">Cepillo Removedor de Pelos<\/strong>. Su dise\u00f1o pr\u00e1ctico permite <strong data-start=\"194\" data-end=\"264\">retirar f\u00e1cilmente los pelos de la ropa, sof\u00e1s y otras superficies<\/strong>, dejando todo limpio en segundos.<\/p>\n<p data-start=\"302\" data-end=\"336\"><strong data-start=\"302\" data-end=\"334\">Caracter\u00edsticas principales:<\/strong><\/p>\n<ul data-start=\"337\" data-end=\"499\">\n<li data-start=\"337\" data-end=\"396\">\n<p data-start=\"339\" data-end=\"396\">Elimina pelos de ropa, camas y muebles de manera r\u00e1pida<\/p>\n<\/li>\n<li data-start=\"397\" data-end=\"424\">\n<p data-start=\"399\" data-end=\"424\">F\u00e1cil de usar y limpiar<\/p>\n<\/li>\n<li data-start=\"425\" data-end=\"459\">\n<p data-start=\"427\" data-end=\"459\">Ideal para todo tipo de pelaje<\/p>\n<\/li>\n<li data-start=\"460\" data-end=\"499\">\n<p data-start=\"462\" data-end=\"499\">Compacto y pr\u00e1ctico para uso diario<\/p>\n<\/li>\n<\/ul>\n<p data-start=\"501\" data-end=\"568\" data-is-last-node=\"\" data-is-only-node=\"\"><strong data-start=\"501\" data-end=\"564\">Ropa y superficies libres de pelos, con un solo movimiento.<\/strong> \ud83d\udc3e\u2728<\/p>\n<\/div>\n<\/div>\n<\/div>\n<\/div>\n<div class=\"z-0 flex min-h-[46px] justify-start\"><\/div>\n<\/div>\n<\/div>\n<\/article>\n<\/div>\n<div class=\"pointer-events-none h-px w-px absolute bottom-0\" aria-hidden=\"true\" data-edge=\"true\"><\/div>\n","protected":false},"featured_media":1549,"template":"","meta":{"_joinchat":[]},"product_brand":[],"product_cat":[28,29,16,17,19,18,24],"product_tag":[],"class_list":{"0":"post-1501","1":"product","2":"type-product","3":"status-publish","4":"has-post-thumbnail","6":"product_cat-accesorios","7":"product_cat-accesorios-perros","8":"product_cat-gatos","9":"product_cat-higiene","10":"product_cat-higiene-perros","11":"product_cat-perros","12":"product_cat-productos-nuevos","15":"first","16":"instock","17":"shipping-taxable","18":"purchasable","19":"product-type-simple"},"yoast_head":"<!-- This site is optimized with the Yoast SEO plugin v27.2 - https:\/\/yoast.com\/product\/yoast-seo-wordpress\/ -->\n<title>Removedor de Pelo - Boutique Animal<\/title>\n<meta name=\"robots\" content=\"index, follow, max-snippet:-1, max-image-preview:large, max-video-preview:-1\" \/>\n<link rel=\"canonical\" href=\"https:\/\/boutiqueanimal.co\/en\/product\/removedor-de-pelo\/\" \/>\n<meta property=\"og:locale\" content=\"en_US\" \/>\n<meta property=\"og:type\" content=\"article\" \/>\n<meta property=\"og:title\" content=\"Removedor de Pelo - Boutique Animal\" \/>\n<meta property=\"og:description\" content=\"\ud83d\udc3e Cepillo Removedor de Pelos \u2013 Ropa y Superficies Limpias Mant\u00e9n tu ropa y hogar libres de pelos de tu mascota con nuestro Cepillo Removedor de Pelos. Su dise\u00f1o pr\u00e1ctico permite retirar f\u00e1cilmente los pelos de la ropa, sof\u00e1s y otras superficies, dejando todo limpio en segundos. Caracter\u00edsticas principales:     Elimina pelos de ropa, camas y muebles de manera r\u00e1pida    F\u00e1cil de usar y limpiar    Ideal para todo tipo de pelaje    Compacto y pr\u00e1ctico para uso diario   Ropa y superficies libres de pelos, con un solo movimiento. \ud83d\udc3e\u2728\" \/>\n<meta property=\"og:url\" content=\"https:\/\/boutiqueanimal.co\/en\/product\/removedor-de-pelo\/\" \/>\n<meta property=\"og:site_name\" content=\"Boutique Animal\" \/>\n<meta property=\"article:publisher\" content=\"https:\/\/www.facebook.com\/BoutiqueAnimalCo\" \/>\n<meta property=\"article:modified_time\" content=\"2025-12-20T22:17:04+00:00\" \/>\n<meta property=\"og:image\" content=\"https:\/\/boutiqueanimal.co\/wp-content\/uploads\/2025\/11\/WhatsApp-Image-2023-07-05-at-5.49.10-PM-2.jpeg\" \/>\n\t<meta property=\"og:image:width\" content=\"640\" \/>\n\t<meta property=\"og:image:height\" content=\"640\" \/>\n\t<meta property=\"og:image:type\" content=\"image\/jpeg\" \/>\n<meta name=\"twitter:card\" content=\"summary_large_image\" \/>\n<script type=\"application\/ld+json\" class=\"yoast-schema-graph\">{\"@context\":\"https:\/\/schema.org\",\"@graph\":[{\"@type\":\"WebPage\",\"@id\":\"https:\/\/boutiqueanimal.co\/producto\/removedor-de-pelo\/\",\"url\":\"https:\/\/boutiqueanimal.co\/producto\/removedor-de-pelo\/\",\"name\":\"Removedor de Pelo - Boutique Animal\",\"isPartOf\":{\"@id\":\"https:\/\/boutiqueanimal.co\/#website\"},\"primaryImageOfPage\":{\"@id\":\"https:\/\/boutiqueanimal.co\/producto\/removedor-de-pelo\/#primaryimage\"},\"image\":{\"@id\":\"https:\/\/boutiqueanimal.co\/producto\/removedor-de-pelo\/#primaryimage\"},\"thumbnailUrl\":\"https:\/\/boutiqueanimal.co\/wp-content\/uploads\/2025\/11\/WhatsApp-Image-2023-07-05-at-5.49.10-PM-2.jpeg\",\"datePublished\":\"2025-11-01T16:23:20+00:00\",\"dateModified\":\"2025-12-20T22:17:04+00:00\",\"breadcrumb\":{\"@id\":\"https:\/\/boutiqueanimal.co\/producto\/removedor-de-pelo\/#breadcrumb\"},\"inLanguage\":\"en-US\",\"potentialAction\":[{\"@type\":\"ReadAction\",\"target\":[\"https:\/\/boutiqueanimal.co\/producto\/removedor-de-pelo\/\"]}]},{\"@type\":\"ImageObject\",\"inLanguage\":\"en-US\",\"@id\":\"https:\/\/boutiqueanimal.co\/producto\/removedor-de-pelo\/#primaryimage\",\"url\":\"https:\/\/boutiqueanimal.co\/wp-content\/uploads\/2025\/11\/WhatsApp-Image-2023-07-05-at-5.49.10-PM-2.jpeg\",\"contentUrl\":\"https:\/\/boutiqueanimal.co\/wp-content\/uploads\/2025\/11\/WhatsApp-Image-2023-07-05-at-5.49.10-PM-2.jpeg\",\"width\":640,\"height\":640},{\"@type\":\"BreadcrumbList\",\"@id\":\"https:\/\/boutiqueanimal.co\/producto\/removedor-de-pelo\/#breadcrumb\",\"itemListElement\":[{\"@type\":\"ListItem\",\"position\":1,\"name\":\"Inicio\",\"item\":\"https:\/\/boutiqueanimal.co\/\"},{\"@type\":\"ListItem\",\"position\":2,\"name\":\"Tienda\",\"item\":\"https:\/\/boutiqueanimal.co\/tienda\/\"},{\"@type\":\"ListItem\",\"position\":3,\"name\":\"Removedor de Pelo\"}]},{\"@type\":\"WebSite\",\"@id\":\"https:\/\/boutiqueanimal.co\/#website\",\"url\":\"https:\/\/boutiqueanimal.co\/\",\"name\":\"Boutique Animal\",\"description\":\"Tienda online de productos para mascotas en Colombia. Env\u00edos r\u00e1pidos y gratis en compras superiores a $100.000\",\"publisher\":{\"@id\":\"https:\/\/boutiqueanimal.co\/#organization\"},\"potentialAction\":[{\"@type\":\"SearchAction\",\"target\":{\"@type\":\"EntryPoint\",\"urlTemplate\":\"https:\/\/boutiqueanimal.co\/?s={search_term_string}\"},\"query-input\":{\"@type\":\"PropertyValueSpecification\",\"valueRequired\":true,\"valueName\":\"search_term_string\"}}],\"inLanguage\":\"en-US\"},{\"@type\":\"Organization\",\"@id\":\"https:\/\/boutiqueanimal.co\/#organization\",\"name\":\"Boutique Animal\",\"url\":\"https:\/\/boutiqueanimal.co\/\",\"logo\":{\"@type\":\"ImageObject\",\"inLanguage\":\"en-US\",\"@id\":\"https:\/\/boutiqueanimal.co\/#\/schema\/logo\/image\/\",\"url\":\"https:\/\/boutiqueanimal.co\/wp-content\/uploads\/2025\/11\/perrito-pc-1024x1024-1.png\",\"contentUrl\":\"https:\/\/boutiqueanimal.co\/wp-content\/uploads\/2025\/11\/perrito-pc-1024x1024-1.png\",\"width\":1024,\"height\":1024,\"caption\":\"Boutique Animal\"},\"image\":{\"@id\":\"https:\/\/boutiqueanimal.co\/#\/schema\/logo\/image\/\"},\"sameAs\":[\"https:\/\/www.facebook.com\/BoutiqueAnimalCo\"]}]}<\/script>\n<!-- \/ Yoast SEO plugin. -->","yoast_head_json":{"title":"Removedor de Pelo - Boutique Animal","robots":{"index":"index","follow":"follow","max-snippet":"max-snippet:-1","max-image-preview":"max-image-preview:large","max-video-preview":"max-video-preview:-1"},"canonical":"https:\/\/boutiqueanimal.co\/en\/product\/removedor-de-pelo\/","og_locale":"en_US","og_type":"article","og_title":"Removedor de Pelo - Boutique Animal","og_description":"\ud83d\udc3e Cepillo Removedor de Pelos \u2013 Ropa y Superficies Limpias Mant\u00e9n tu ropa y hogar libres de pelos de tu mascota con nuestro Cepillo Removedor de Pelos. Su dise\u00f1o pr\u00e1ctico permite retirar f\u00e1cilmente los pelos de la ropa, sof\u00e1s y otras superficies, dejando todo limpio en segundos. Caracter\u00edsticas principales:     Elimina pelos de ropa, camas y muebles de manera r\u00e1pida    F\u00e1cil de usar y limpiar    Ideal para todo tipo de pelaje    Compacto y pr\u00e1ctico para uso diario   Ropa y superficies libres de pelos, con un solo movimiento. \ud83d\udc3e\u2728","og_url":"https:\/\/boutiqueanimal.co\/en\/product\/removedor-de-pelo\/","og_site_name":"Boutique Animal","article_publisher":"https:\/\/www.facebook.com\/BoutiqueAnimalCo","article_modified_time":"2025-12-20T22:17:04+00:00","og_image":[{"width":640,"height":640,"url":"https:\/\/boutiqueanimal.co\/wp-content\/uploads\/2025\/11\/WhatsApp-Image-2023-07-05-at-5.49.10-PM-2.jpeg","type":"image\/jpeg"}],"twitter_card":"summary_large_image","schema":{"@context":"https:\/\/schema.org","@graph":[{"@type":"WebPage","@id":"https:\/\/boutiqueanimal.co\/producto\/removedor-de-pelo\/","url":"https:\/\/boutiqueanimal.co\/producto\/removedor-de-pelo\/","name":"Removedor de Pelo - Boutique Animal","isPartOf":{"@id":"https:\/\/boutiqueanimal.co\/#website"},"primaryImageOfPage":{"@id":"https:\/\/boutiqueanimal.co\/producto\/removedor-de-pelo\/#primaryimage"},"image":{"@id":"https:\/\/boutiqueanimal.co\/producto\/removedor-de-pelo\/#primaryimage"},"thumbnailUrl":"https:\/\/boutiqueanimal.co\/wp-content\/uploads\/2025\/11\/WhatsApp-Image-2023-07-05-at-5.49.10-PM-2.jpeg","datePublished":"2025-11-01T16:23:20+00:00","dateModified":"2025-12-20T22:17:04+00:00","breadcrumb":{"@id":"https:\/\/boutiqueanimal.co\/producto\/removedor-de-pelo\/#breadcrumb"},"inLanguage":"en-US","potentialAction":[{"@type":"ReadAction","target":["https:\/\/boutiqueanimal.co\/producto\/removedor-de-pelo\/"]}]},{"@type":"ImageObject","inLanguage":"en-US","@id":"https:\/\/boutiqueanimal.co\/producto\/removedor-de-pelo\/#primaryimage","url":"https:\/\/boutiqueanimal.co\/wp-content\/uploads\/2025\/11\/WhatsApp-Image-2023-07-05-at-5.49.10-PM-2.jpeg","contentUrl":"https:\/\/boutiqueanimal.co\/wp-content\/uploads\/2025\/11\/WhatsApp-Image-2023-07-05-at-5.49.10-PM-2.jpeg","width":640,"height":640},{"@type":"BreadcrumbList","@id":"https:\/\/boutiqueanimal.co\/producto\/removedor-de-pelo\/#breadcrumb","itemListElement":[{"@type":"ListItem","position":1,"name":"Inicio","item":"https:\/\/boutiqueanimal.co\/"},{"@type":"ListItem","position":2,"name":"Tienda","item":"https:\/\/boutiqueanimal.co\/tienda\/"},{"@type":"ListItem","position":3,"name":"Removedor de Pelo"}]},{"@type":"WebSite","@id":"https:\/\/boutiqueanimal.co\/#website","url":"https:\/\/boutiqueanimal.co\/","name":"Boutique Animal","description":"Tienda online de productos para mascotas en Colombia. Env\u00edos r\u00e1pidos y gratis en compras superiores a $100.000","publisher":{"@id":"https:\/\/boutiqueanimal.co\/#organization"},"potentialAction":[{"@type":"SearchAction","target":{"@type":"EntryPoint","urlTemplate":"https:\/\/boutiqueanimal.co\/?s={search_term_string}"},"query-input":{"@type":"PropertyValueSpecification","valueRequired":true,"valueName":"search_term_string"}}],"inLanguage":"en-US"},{"@type":"Organization","@id":"https:\/\/boutiqueanimal.co\/#organization","name":"Boutique Animal","url":"https:\/\/boutiqueanimal.co\/","logo":{"@type":"ImageObject","inLanguage":"en-US","@id":"https:\/\/boutiqueanimal.co\/#\/schema\/logo\/image\/","url":"https:\/\/boutiqueanimal.co\/wp-content\/uploads\/2025\/11\/perrito-pc-1024x1024-1.png","contentUrl":"https:\/\/boutiqueanimal.co\/wp-content\/uploads\/2025\/11\/perrito-pc-1024x1024-1.png","width":1024,"height":1024,"caption":"Boutique Animal"},"image":{"@id":"https:\/\/boutiqueanimal.co\/#\/schema\/logo\/image\/"},"sameAs":["https:\/\/www.facebook.com\/BoutiqueAnimalCo"]}]}},"_links":{"self":[{"href":"https:\/\/boutiqueanimal.co\/en\/wp-json\/wp\/v2\/product\/1501","targetHints":{"allow":["GET"]}}],"collection":[{"href":"https:\/\/boutiqueanimal.co\/en\/wp-json\/wp\/v2\/product"}],"about":[{"href":"https:\/\/boutiqueanimal.co\/en\/wp-json\/wp\/v2\/types\/product"}],"wp:featuredmedia":[{"embeddable":true,"href":"https:\/\/boutiqueanimal.co\/en\/wp-json\/wp\/v2\/media\/1549"}],"wp:attachment":[{"href":"https:\/\/boutiqueanimal.co\/en\/wp-json\/wp\/v2\/media?parent=1501"}],"wp:term":[{"taxonomy":"product_brand","embeddable":true,"href":"https:\/\/boutiqueanimal.co\/en\/wp-json\/wp\/v2\/product_brand?post=1501"},{"taxonomy":"product_cat","embeddable":true,"href":"https:\/\/boutiqueanimal.co\/en\/wp-json\/wp\/v2\/product_cat?post=1501"},{"taxonomy":"product_tag","embeddable":true,"href":"https:\/\/boutiqueanimal.co\/en\/wp-json\/wp\/v2\/product_tag?post=1501"}],"curies":[{"name":"wp","href":"https:\/\/api.w.org\/{rel}","templated":true}]}}