{"id":1509,"date":"2025-11-01T16:23:21","date_gmt":"2025-11-01T16:23:21","guid":{"rendered":"https:\/\/boutiqueanimal.alojo.app\/wp\/?post_type=product&#038;p=1509"},"modified":"2026-04-22T11:19:00","modified_gmt":"2026-04-22T16:19:00","slug":"collar-isabelino","status":"publish","type":"product","link":"https:\/\/boutiqueanimal.co\/en\/product\/collar-isabelino\/","title":{"rendered":"Collar Isabelino"},"content":{"rendered":"<h3 data-start=\"77\" data-end=\"142\"><strong data-start=\"81\" data-end=\"142\">Collar Isabelino \u2013 Protecci\u00f3n C\u00f3moda para tu Mascota \ud83d\udc36\ud83d\udc31<\/strong><\/h3>\n<p data-start=\"144\" data-end=\"404\">El <strong data-start=\"147\" data-end=\"167\">Collar Isabelino<\/strong> est\u00e1 dise\u00f1ado para que tu mascota se recupere de forma segura sin estr\u00e9s ni incomodidad. Su estructura evita que alcance zonas tratadas, heridas o cirug\u00edas, <strong data-start=\"325\" data-end=\"363\">sin lastimarse ni entrar en p\u00e1nico<\/strong>, permiti\u00e9ndole moverse con tranquilidad.<\/p>\n<h3 data-start=\"406\" data-end=\"432\"><strong data-start=\"410\" data-end=\"430\">Caracter\u00edsticas:<\/strong><\/h3>\n<p data-start=\"433\" data-end=\"607\">\u2714 Ligero y c\u00f3modo para uso prolongado<br data-start=\"470\" data-end=\"473\" \/>\u2714 Evita lamidas y mordidas en \u00e1reas sensibles<br data-start=\"518\" data-end=\"521\" \/>\u2714 Material suave que no maltrata el cuello<br data-start=\"563\" data-end=\"566\" \/>\u2714 Permite buena visibilidad y movilidad<\/p>\n<h3 data-start=\"609\" data-end=\"638\"><strong data-start=\"613\" data-end=\"636\">Tallas disponibles:<\/strong><\/h3>\n<ul data-start=\"639\" data-end=\"719\">\n<li data-start=\"639\" data-end=\"683\">\n<p data-start=\"641\" data-end=\"683\"><strong data-start=\"641\" data-end=\"653\">Talla S:<\/strong> Gatitos y perritos peque\u00f1os<\/p>\n<\/li>\n<li data-start=\"684\" data-end=\"719\">\n<p data-start=\"686\" data-end=\"719\"><strong data-start=\"686\" data-end=\"698\">Talla M:<\/strong> Peluditos medianos<\/p>\n<\/li>\n<\/ul>\n<p data-start=\"721\" data-end=\"789\">Ideal para procesos de recuperaci\u00f3n con bienestar y tranquilidad. \ud83d\udc3e<\/p>","protected":false},"excerpt":{"rendered":"<h3 data-start=\"77\" data-end=\"142\"><strong data-start=\"81\" data-end=\"142\">Collar Isabelino \u2013 Protecci\u00f3n C\u00f3moda para tu Mascota \ud83d\udc36\ud83d\udc31<\/strong><\/h3>\n<p data-start=\"144\" data-end=\"404\">El <strong data-start=\"147\" data-end=\"167\">Collar Isabelino<\/strong> est\u00e1 dise\u00f1ado para que tu mascota se recupere de forma segura sin estr\u00e9s ni incomodidad. Su estructura evita que alcance zonas tratadas, heridas o cirug\u00edas, <strong data-start=\"325\" data-end=\"363\">sin lastimarse ni entrar en p\u00e1nico<\/strong>, permiti\u00e9ndole moverse con tranquilidad.<\/p>\n<h3 data-start=\"406\" data-end=\"432\"><strong data-start=\"410\" data-end=\"430\">Caracter\u00edsticas:<\/strong><\/h3>\n<p data-start=\"433\" data-end=\"607\">\u2714 Ligero y c\u00f3modo para uso prolongado<br data-start=\"470\" data-end=\"473\" \/>\u2714 Evita lamidas y mordidas en \u00e1reas sensibles<br data-start=\"518\" data-end=\"521\" \/>\u2714 Material suave que no maltrata el cuello<br data-start=\"563\" data-end=\"566\" \/>\u2714 Permite buena visibilidad y movilidad<\/p>\n<h3 data-start=\"609\" data-end=\"638\"><strong data-start=\"613\" data-end=\"636\">Tallas disponibles:<\/strong><\/h3>\n<ul data-start=\"639\" data-end=\"719\">\n<li data-start=\"639\" data-end=\"683\">\n<p data-start=\"641\" data-end=\"683\"><strong data-start=\"641\" data-end=\"653\">Talla S:<\/strong> Gatitos y perritos peque\u00f1os<\/p>\n<\/li>\n<li data-start=\"684\" data-end=\"719\">\n<p data-start=\"686\" data-end=\"719\"><strong data-start=\"686\" data-end=\"698\">Talla M:<\/strong> Peluditos medianos<\/p>\n<\/li>\n<\/ul>\n<p data-start=\"721\" data-end=\"789\">Ideal para procesos de recuperaci\u00f3n con bienestar y tranquilidad. \ud83d\udc3e<\/p>","protected":false},"featured_media":1580,"template":"","meta":{"_joinchat":[]},"product_brand":[],"product_cat":[29,28,16,18,24],"product_tag":[],"class_list":{"0":"post-1509","1":"product","2":"type-product","3":"status-publish","4":"has-post-thumbnail","6":"product_cat-accesorios-perros","7":"product_cat-accesorios","8":"product_cat-gatos","9":"product_cat-perros","10":"product_cat-productos-nuevos","13":"first","14":"instock","15":"shipping-taxable","16":"purchasable","17":"product-type-variable"},"yoast_head":"<!-- This site is optimized with the Yoast SEO plugin v27.2 - https:\/\/yoast.com\/product\/yoast-seo-wordpress\/ -->\n<title>Collar Isabelino - Boutique Animal<\/title>\n<meta name=\"robots\" content=\"index, follow, max-snippet:-1, max-image-preview:large, max-video-preview:-1\" \/>\n<link rel=\"canonical\" href=\"https:\/\/boutiqueanimal.co\/en\/product\/collar-isabelino\/\" \/>\n<meta property=\"og:locale\" content=\"en_US\" \/>\n<meta property=\"og:type\" content=\"article\" \/>\n<meta property=\"og:title\" content=\"Collar Isabelino - Boutique Animal\" \/>\n<meta property=\"og:description\" content=\"Collar Isabelino \u2013 Protecci\u00f3n C\u00f3moda para tu Mascota \ud83d\udc36\ud83d\udc31 El Collar Isabelino est\u00e1 dise\u00f1ado para que tu mascota se recupere de forma segura sin estr\u00e9s ni incomodidad. Su estructura evita que alcance zonas tratadas, heridas o cirug\u00edas, sin lastimarse ni entrar en p\u00e1nico, permiti\u00e9ndole moverse con tranquilidad.  Caracter\u00edsticas: \u2714 Ligero y c\u00f3modo para uso prolongado\u2714 Evita lamidas y mordidas en \u00e1reas sensibles\u2714 Material suave que no maltrata el cuello\u2714 Permite buena visibilidad y movilidad  Tallas disponibles:    Talla S: Gatitos y perritos peque\u00f1os    Talla M: Peluditos medianos   Ideal para procesos de recuperaci\u00f3n con bienestar y tranquilidad. \ud83d\udc3e\" \/>\n<meta property=\"og:url\" content=\"https:\/\/boutiqueanimal.co\/en\/product\/collar-isabelino\/\" \/>\n<meta property=\"og:site_name\" content=\"Boutique Animal\" \/>\n<meta property=\"article:publisher\" content=\"https:\/\/www.facebook.com\/BoutiqueAnimalCo\" \/>\n<meta property=\"article:modified_time\" content=\"2026-04-22T16:19:00+00:00\" \/>\n<meta property=\"og:image\" content=\"https:\/\/boutiqueanimal.co\/wp-content\/uploads\/2025\/11\/WhatsApp-Image-2023-10-04-at-6.30.19-PM.jpeg\" \/>\n\t<meta property=\"og:image:width\" content=\"800\" \/>\n\t<meta property=\"og:image:height\" content=\"800\" \/>\n\t<meta property=\"og:image:type\" content=\"image\/jpeg\" \/>\n<meta name=\"twitter:card\" content=\"summary_large_image\" \/>\n<meta name=\"twitter:label1\" content=\"Est. reading time\" \/>\n\t<meta name=\"twitter:data1\" content=\"1 minute\" \/>\n<script type=\"application\/ld+json\" class=\"yoast-schema-graph\">{\"@context\":\"https:\/\/schema.org\",\"@graph\":[{\"@type\":\"WebPage\",\"@id\":\"https:\/\/boutiqueanimal.co\/producto\/collar-isabelino\/\",\"url\":\"https:\/\/boutiqueanimal.co\/producto\/collar-isabelino\/\",\"name\":\"Collar Isabelino - Boutique Animal\",\"isPartOf\":{\"@id\":\"https:\/\/boutiqueanimal.co\/#website\"},\"primaryImageOfPage\":{\"@id\":\"https:\/\/boutiqueanimal.co\/producto\/collar-isabelino\/#primaryimage\"},\"image\":{\"@id\":\"https:\/\/boutiqueanimal.co\/producto\/collar-isabelino\/#primaryimage\"},\"thumbnailUrl\":\"https:\/\/boutiqueanimal.co\/wp-content\/uploads\/2025\/11\/WhatsApp-Image-2023-10-04-at-6.30.19-PM.jpeg\",\"datePublished\":\"2025-11-01T16:23:21+00:00\",\"dateModified\":\"2026-04-22T16:19:00+00:00\",\"breadcrumb\":{\"@id\":\"https:\/\/boutiqueanimal.co\/producto\/collar-isabelino\/#breadcrumb\"},\"inLanguage\":\"en-US\",\"potentialAction\":[{\"@type\":\"ReadAction\",\"target\":[\"https:\/\/boutiqueanimal.co\/producto\/collar-isabelino\/\"]}]},{\"@type\":\"ImageObject\",\"inLanguage\":\"en-US\",\"@id\":\"https:\/\/boutiqueanimal.co\/producto\/collar-isabelino\/#primaryimage\",\"url\":\"https:\/\/boutiqueanimal.co\/wp-content\/uploads\/2025\/11\/WhatsApp-Image-2023-10-04-at-6.30.19-PM.jpeg\",\"contentUrl\":\"https:\/\/boutiqueanimal.co\/wp-content\/uploads\/2025\/11\/WhatsApp-Image-2023-10-04-at-6.30.19-PM.jpeg\",\"width\":800,\"height\":800},{\"@type\":\"BreadcrumbList\",\"@id\":\"https:\/\/boutiqueanimal.co\/producto\/collar-isabelino\/#breadcrumb\",\"itemListElement\":[{\"@type\":\"ListItem\",\"position\":1,\"name\":\"Inicio\",\"item\":\"https:\/\/boutiqueanimal.co\/\"},{\"@type\":\"ListItem\",\"position\":2,\"name\":\"Tienda\",\"item\":\"https:\/\/boutiqueanimal.co\/tienda\/\"},{\"@type\":\"ListItem\",\"position\":3,\"name\":\"Collar Isabelino\"}]},{\"@type\":\"WebSite\",\"@id\":\"https:\/\/boutiqueanimal.co\/#website\",\"url\":\"https:\/\/boutiqueanimal.co\/\",\"name\":\"Boutique Animal\",\"description\":\"Tienda online de productos para mascotas en Colombia. Env\u00edos r\u00e1pidos y gratis en compras superiores a $100.000\",\"publisher\":{\"@id\":\"https:\/\/boutiqueanimal.co\/#organization\"},\"potentialAction\":[{\"@type\":\"SearchAction\",\"target\":{\"@type\":\"EntryPoint\",\"urlTemplate\":\"https:\/\/boutiqueanimal.co\/?s={search_term_string}\"},\"query-input\":{\"@type\":\"PropertyValueSpecification\",\"valueRequired\":true,\"valueName\":\"search_term_string\"}}],\"inLanguage\":\"en-US\"},{\"@type\":\"Organization\",\"@id\":\"https:\/\/boutiqueanimal.co\/#organization\",\"name\":\"Boutique Animal\",\"url\":\"https:\/\/boutiqueanimal.co\/\",\"logo\":{\"@type\":\"ImageObject\",\"inLanguage\":\"en-US\",\"@id\":\"https:\/\/boutiqueanimal.co\/#\/schema\/logo\/image\/\",\"url\":\"https:\/\/boutiqueanimal.co\/wp-content\/uploads\/2025\/11\/perrito-pc-1024x1024-1.png\",\"contentUrl\":\"https:\/\/boutiqueanimal.co\/wp-content\/uploads\/2025\/11\/perrito-pc-1024x1024-1.png\",\"width\":1024,\"height\":1024,\"caption\":\"Boutique Animal\"},\"image\":{\"@id\":\"https:\/\/boutiqueanimal.co\/#\/schema\/logo\/image\/\"},\"sameAs\":[\"https:\/\/www.facebook.com\/BoutiqueAnimalCo\"]}]}<\/script>\n<!-- \/ Yoast SEO plugin. -->","yoast_head_json":{"title":"Collar Isabelino - Boutique Animal","robots":{"index":"index","follow":"follow","max-snippet":"max-snippet:-1","max-image-preview":"max-image-preview:large","max-video-preview":"max-video-preview:-1"},"canonical":"https:\/\/boutiqueanimal.co\/en\/product\/collar-isabelino\/","og_locale":"en_US","og_type":"article","og_title":"Collar Isabelino - Boutique Animal","og_description":"Collar Isabelino \u2013 Protecci\u00f3n C\u00f3moda para tu Mascota \ud83d\udc36\ud83d\udc31 El Collar Isabelino est\u00e1 dise\u00f1ado para que tu mascota se recupere de forma segura sin estr\u00e9s ni incomodidad. Su estructura evita que alcance zonas tratadas, heridas o cirug\u00edas, sin lastimarse ni entrar en p\u00e1nico, permiti\u00e9ndole moverse con tranquilidad.  Caracter\u00edsticas: \u2714 Ligero y c\u00f3modo para uso prolongado\u2714 Evita lamidas y mordidas en \u00e1reas sensibles\u2714 Material suave que no maltrata el cuello\u2714 Permite buena visibilidad y movilidad  Tallas disponibles:    Talla S: Gatitos y perritos peque\u00f1os    Talla M: Peluditos medianos   Ideal para procesos de recuperaci\u00f3n con bienestar y tranquilidad. \ud83d\udc3e","og_url":"https:\/\/boutiqueanimal.co\/en\/product\/collar-isabelino\/","og_site_name":"Boutique Animal","article_publisher":"https:\/\/www.facebook.com\/BoutiqueAnimalCo","article_modified_time":"2026-04-22T16:19:00+00:00","og_image":[{"width":800,"height":800,"url":"https:\/\/boutiqueanimal.co\/wp-content\/uploads\/2025\/11\/WhatsApp-Image-2023-10-04-at-6.30.19-PM.jpeg","type":"image\/jpeg"}],"twitter_card":"summary_large_image","twitter_misc":{"Est. reading time":"1 minute"},"schema":{"@context":"https:\/\/schema.org","@graph":[{"@type":"WebPage","@id":"https:\/\/boutiqueanimal.co\/producto\/collar-isabelino\/","url":"https:\/\/boutiqueanimal.co\/producto\/collar-isabelino\/","name":"Collar Isabelino - Boutique Animal","isPartOf":{"@id":"https:\/\/boutiqueanimal.co\/#website"},"primaryImageOfPage":{"@id":"https:\/\/boutiqueanimal.co\/producto\/collar-isabelino\/#primaryimage"},"image":{"@id":"https:\/\/boutiqueanimal.co\/producto\/collar-isabelino\/#primaryimage"},"thumbnailUrl":"https:\/\/boutiqueanimal.co\/wp-content\/uploads\/2025\/11\/WhatsApp-Image-2023-10-04-at-6.30.19-PM.jpeg","datePublished":"2025-11-01T16:23:21+00:00","dateModified":"2026-04-22T16:19:00+00:00","breadcrumb":{"@id":"https:\/\/boutiqueanimal.co\/producto\/collar-isabelino\/#breadcrumb"},"inLanguage":"en-US","potentialAction":[{"@type":"ReadAction","target":["https:\/\/boutiqueanimal.co\/producto\/collar-isabelino\/"]}]},{"@type":"ImageObject","inLanguage":"en-US","@id":"https:\/\/boutiqueanimal.co\/producto\/collar-isabelino\/#primaryimage","url":"https:\/\/boutiqueanimal.co\/wp-content\/uploads\/2025\/11\/WhatsApp-Image-2023-10-04-at-6.30.19-PM.jpeg","contentUrl":"https:\/\/boutiqueanimal.co\/wp-content\/uploads\/2025\/11\/WhatsApp-Image-2023-10-04-at-6.30.19-PM.jpeg","width":800,"height":800},{"@type":"BreadcrumbList","@id":"https:\/\/boutiqueanimal.co\/producto\/collar-isabelino\/#breadcrumb","itemListElement":[{"@type":"ListItem","position":1,"name":"Inicio","item":"https:\/\/boutiqueanimal.co\/"},{"@type":"ListItem","position":2,"name":"Tienda","item":"https:\/\/boutiqueanimal.co\/tienda\/"},{"@type":"ListItem","position":3,"name":"Collar Isabelino"}]},{"@type":"WebSite","@id":"https:\/\/boutiqueanimal.co\/#website","url":"https:\/\/boutiqueanimal.co\/","name":"Boutique Animal","description":"Tienda online de productos para mascotas en Colombia. Env\u00edos r\u00e1pidos y gratis en compras superiores a $100.000","publisher":{"@id":"https:\/\/boutiqueanimal.co\/#organization"},"potentialAction":[{"@type":"SearchAction","target":{"@type":"EntryPoint","urlTemplate":"https:\/\/boutiqueanimal.co\/?s={search_term_string}"},"query-input":{"@type":"PropertyValueSpecification","valueRequired":true,"valueName":"search_term_string"}}],"inLanguage":"en-US"},{"@type":"Organization","@id":"https:\/\/boutiqueanimal.co\/#organization","name":"Boutique Animal","url":"https:\/\/boutiqueanimal.co\/","logo":{"@type":"ImageObject","inLanguage":"en-US","@id":"https:\/\/boutiqueanimal.co\/#\/schema\/logo\/image\/","url":"https:\/\/boutiqueanimal.co\/wp-content\/uploads\/2025\/11\/perrito-pc-1024x1024-1.png","contentUrl":"https:\/\/boutiqueanimal.co\/wp-content\/uploads\/2025\/11\/perrito-pc-1024x1024-1.png","width":1024,"height":1024,"caption":"Boutique Animal"},"image":{"@id":"https:\/\/boutiqueanimal.co\/#\/schema\/logo\/image\/"},"sameAs":["https:\/\/www.facebook.com\/BoutiqueAnimalCo"]}]}},"_links":{"self":[{"href":"https:\/\/boutiqueanimal.co\/en\/wp-json\/wp\/v2\/product\/1509","targetHints":{"allow":["GET"]}}],"collection":[{"href":"https:\/\/boutiqueanimal.co\/en\/wp-json\/wp\/v2\/product"}],"about":[{"href":"https:\/\/boutiqueanimal.co\/en\/wp-json\/wp\/v2\/types\/product"}],"wp:featuredmedia":[{"embeddable":true,"href":"https:\/\/boutiqueanimal.co\/en\/wp-json\/wp\/v2\/media\/1580"}],"wp:attachment":[{"href":"https:\/\/boutiqueanimal.co\/en\/wp-json\/wp\/v2\/media?parent=1509"}],"wp:term":[{"taxonomy":"product_brand","embeddable":true,"href":"https:\/\/boutiqueanimal.co\/en\/wp-json\/wp\/v2\/product_brand?post=1509"},{"taxonomy":"product_cat","embeddable":true,"href":"https:\/\/boutiqueanimal.co\/en\/wp-json\/wp\/v2\/product_cat?post=1509"},{"taxonomy":"product_tag","embeddable":true,"href":"https:\/\/boutiqueanimal.co\/en\/wp-json\/wp\/v2\/product_tag?post=1509"}],"curies":[{"name":"wp","href":"https:\/\/api.w.org\/{rel}","templated":true}]}}