{"id":165,"date":"2025-11-01T16:17:45","date_gmt":"2025-11-01T16:17:45","guid":{"rendered":"https:\/\/boutiqueanimal.alojo.app\/wp\/?post_type=product&#038;p=165"},"modified":"2026-05-06T11:43:33","modified_gmt":"2026-05-06T16:43:33","slug":"set-limpieza-bucal","status":"publish","type":"product","link":"https:\/\/boutiqueanimal.co\/en\/product\/set-limpieza-bucal\/","title":{"rendered":"Set limpieza bucal"},"content":{"rendered":"<h2 data-start=\"115\" data-end=\"170\">\ud83d\udc3e Kit de Limpieza Bucal para Mascotas \u2013 Dental Care<\/h2>\n<p data-start=\"172\" data-end=\"478\">El <strong data-start=\"175\" data-end=\"214\">Kit de Limpieza Bucal para Mascotas<\/strong> es la soluci\u00f3n ideal para mantener la higiene dental de tu peludo de forma completa y pr\u00e1ctica. Incluye <strong data-start=\"319\" data-end=\"353\">cepillo de dientes tradicional<\/strong>, <strong data-start=\"355\" data-end=\"379\">dos cepillos de dedo<\/strong> para una limpieza m\u00e1s profunda y <strong data-start=\"413\" data-end=\"441\">crema dental Dental Care<\/strong>, facilitando el cuidado oral diario.<\/p>\n<p data-start=\"480\" data-end=\"533\">Apto para <strong data-start=\"490\" data-end=\"508\">perros y gatos<\/strong>, ideal para uso en casa.<\/p>\n<hr data-start=\"535\" data-end=\"538\" \/>\n<h3 data-start=\"540\" data-end=\"553\">\u2728 Incluye<\/h3>\n<ul data-start=\"554\" data-end=\"648\">\n<li data-start=\"554\" data-end=\"590\">\n<p data-start=\"556\" data-end=\"590\">1 cepillo de dientes tradicional<\/p>\n<\/li>\n<li data-start=\"591\" data-end=\"613\">\n<p data-start=\"593\" data-end=\"613\">2 cepillos de dedo<\/p>\n<\/li>\n<li data-start=\"614\" data-end=\"648\">\n<p data-start=\"616\" data-end=\"648\">1 crema dental <strong data-start=\"631\" data-end=\"646\">Dental Care<\/strong><\/p>\n<\/li>\n<\/ul>\n<hr data-start=\"650\" data-end=\"653\" \/>\n<h3 data-start=\"655\" data-end=\"672\">\ud83e\uddb7 Beneficios<\/h3>\n<ul data-start=\"673\" data-end=\"811\">\n<li data-start=\"673\" data-end=\"709\">\n<p data-start=\"675\" data-end=\"709\">Ayuda a reducir placa bacteriana<\/p>\n<\/li>\n<li data-start=\"710\" data-end=\"736\">\n<p data-start=\"712\" data-end=\"736\">Combate el mal aliento<\/p>\n<\/li>\n<li data-start=\"737\" data-end=\"778\">\n<p data-start=\"739\" data-end=\"778\">Facilita la rutina de limpieza dental<\/p>\n<\/li>\n<li data-start=\"779\" data-end=\"811\">\n<p data-start=\"781\" data-end=\"811\">Alta aceptaci\u00f3n por su sabor<\/p>\n<\/li>\n<\/ul>","protected":false},"excerpt":{"rendered":"<h2 data-start=\"115\" data-end=\"170\">\ud83d\udc3e Kit de Limpieza Bucal para Mascotas \u2013 Dental Care<\/h2>\n<p data-start=\"172\" data-end=\"478\">El <strong data-start=\"175\" data-end=\"214\">Kit de Limpieza Bucal para Mascotas<\/strong> es la soluci\u00f3n ideal para mantener la higiene dental de tu peludo de forma completa y pr\u00e1ctica. Incluye <strong data-start=\"319\" data-end=\"353\">cepillo de dientes tradicional<\/strong>, <strong data-start=\"355\" data-end=\"379\">dos cepillos de dedo<\/strong> para una limpieza m\u00e1s profunda y <strong data-start=\"413\" data-end=\"441\">crema dental Dental Care<\/strong>, facilitando el cuidado oral diario.<\/p>\n<p data-start=\"480\" data-end=\"533\">Apto para <strong data-start=\"490\" data-end=\"508\">perros y gatos<\/strong>, ideal para uso en casa.<\/p>\n<hr data-start=\"535\" data-end=\"538\" \/>\n<h3 data-start=\"540\" data-end=\"553\">\u2728 Incluye<\/h3>\n<ul data-start=\"554\" data-end=\"648\">\n<li data-start=\"554\" data-end=\"590\">\n<p data-start=\"556\" data-end=\"590\">1 cepillo de dientes tradicional<\/p>\n<\/li>\n<li data-start=\"591\" data-end=\"613\">\n<p data-start=\"593\" data-end=\"613\">2 cepillos de dedo<\/p>\n<\/li>\n<li data-start=\"614\" data-end=\"648\">\n<p data-start=\"616\" data-end=\"648\">1 crema dental <strong data-start=\"631\" data-end=\"646\">Dental Care<\/strong><\/p>\n<\/li>\n<\/ul>\n<hr data-start=\"650\" data-end=\"653\" \/>\n<h3 data-start=\"655\" data-end=\"672\">\ud83e\uddb7 Beneficios<\/h3>\n<ul data-start=\"673\" data-end=\"811\">\n<li data-start=\"673\" data-end=\"709\">\n<p data-start=\"675\" data-end=\"709\">Ayuda a reducir placa bacteriana<\/p>\n<\/li>\n<li data-start=\"710\" data-end=\"736\">\n<p data-start=\"712\" data-end=\"736\">Combate el mal aliento<\/p>\n<\/li>\n<li data-start=\"737\" data-end=\"778\">\n<p data-start=\"739\" data-end=\"778\">Facilita la rutina de limpieza dental<\/p>\n<\/li>\n<li data-start=\"779\" data-end=\"811\">\n<p data-start=\"781\" data-end=\"811\">Alta aceptaci\u00f3n por su sabor<\/p>\n<\/li>\n<\/ul>","protected":false},"featured_media":273,"template":"","meta":{"_joinchat":[]},"product_brand":[],"product_cat":[16,17,19,18,24],"product_tag":[],"class_list":{"0":"post-165","1":"product","2":"type-product","3":"status-publish","4":"has-post-thumbnail","6":"product_cat-gatos","7":"product_cat-higiene","8":"product_cat-higiene-perros","9":"product_cat-perros","10":"product_cat-productos-nuevos","11":"product_shipping_class-envio-gratis","14":"first","15":"instock","16":"shipping-taxable","17":"purchasable","18":"product-type-simple"},"yoast_head":"<!-- This site is optimized with the Yoast SEO plugin v27.2 - https:\/\/yoast.com\/product\/yoast-seo-wordpress\/ -->\n<title>Set limpieza bucal - Boutique Animal<\/title>\n<meta name=\"robots\" content=\"index, follow, max-snippet:-1, max-image-preview:large, max-video-preview:-1\" \/>\n<link rel=\"canonical\" href=\"https:\/\/boutiqueanimal.co\/en\/product\/set-limpieza-bucal\/\" \/>\n<meta property=\"og:locale\" content=\"en_US\" \/>\n<meta property=\"og:type\" content=\"article\" \/>\n<meta property=\"og:title\" content=\"Set limpieza bucal - Boutique Animal\" \/>\n<meta property=\"og:description\" content=\"\ud83d\udc3e Kit de Limpieza Bucal para Mascotas \u2013 Dental Care El Kit de Limpieza Bucal para Mascotas es la soluci\u00f3n ideal para mantener la higiene dental de tu peludo de forma completa y pr\u00e1ctica. Incluye cepillo de dientes tradicional, dos cepillos de dedo para una limpieza m\u00e1s profunda y crema dental Dental Care, facilitando el cuidado oral diario. Apto para perros y gatos, ideal para uso en casa.     \u2728 Incluye    1 cepillo de dientes tradicional    2 cepillos de dedo    1 crema dental Dental Care      \ud83e\uddb7 Beneficios    Ayuda a reducir placa bacteriana    Combate el mal aliento    Facilita la rutina de limpieza dental    Alta aceptaci\u00f3n por su sabor\" \/>\n<meta property=\"og:url\" content=\"https:\/\/boutiqueanimal.co\/en\/product\/set-limpieza-bucal\/\" \/>\n<meta property=\"og:site_name\" content=\"Boutique Animal\" \/>\n<meta property=\"article:publisher\" content=\"https:\/\/www.facebook.com\/BoutiqueAnimalCo\" \/>\n<meta property=\"article:modified_time\" content=\"2026-05-06T16:43:33+00:00\" \/>\n<meta property=\"og:image\" content=\"https:\/\/boutiqueanimal.co\/wp-content\/uploads\/2025\/11\/D_NQ_NP_888238-MCO53450162626_012023-O.webp\" \/>\n\t<meta property=\"og:image:width\" content=\"474\" \/>\n\t<meta property=\"og:image:height\" content=\"500\" \/>\n\t<meta property=\"og:image:type\" content=\"image\/webp\" \/>\n<meta name=\"twitter:card\" content=\"summary_large_image\" \/>\n<meta name=\"twitter:label1\" content=\"Est. reading time\" \/>\n\t<meta name=\"twitter:data1\" content=\"1 minute\" \/>\n<script type=\"application\/ld+json\" class=\"yoast-schema-graph\">{\"@context\":\"https:\/\/schema.org\",\"@graph\":[{\"@type\":\"WebPage\",\"@id\":\"https:\/\/boutiqueanimal.co\/producto\/set-limpieza-bucal\/\",\"url\":\"https:\/\/boutiqueanimal.co\/producto\/set-limpieza-bucal\/\",\"name\":\"Set limpieza bucal - Boutique Animal\",\"isPartOf\":{\"@id\":\"https:\/\/boutiqueanimal.co\/#website\"},\"primaryImageOfPage\":{\"@id\":\"https:\/\/boutiqueanimal.co\/producto\/set-limpieza-bucal\/#primaryimage\"},\"image\":{\"@id\":\"https:\/\/boutiqueanimal.co\/producto\/set-limpieza-bucal\/#primaryimage\"},\"thumbnailUrl\":\"https:\/\/boutiqueanimal.co\/wp-content\/uploads\/2025\/11\/D_NQ_NP_888238-MCO53450162626_012023-O.webp\",\"datePublished\":\"2025-11-01T16:17:45+00:00\",\"dateModified\":\"2026-05-06T16:43:33+00:00\",\"breadcrumb\":{\"@id\":\"https:\/\/boutiqueanimal.co\/producto\/set-limpieza-bucal\/#breadcrumb\"},\"inLanguage\":\"en-US\",\"potentialAction\":[{\"@type\":\"ReadAction\",\"target\":[\"https:\/\/boutiqueanimal.co\/producto\/set-limpieza-bucal\/\"]}]},{\"@type\":\"ImageObject\",\"inLanguage\":\"en-US\",\"@id\":\"https:\/\/boutiqueanimal.co\/producto\/set-limpieza-bucal\/#primaryimage\",\"url\":\"https:\/\/boutiqueanimal.co\/wp-content\/uploads\/2025\/11\/D_NQ_NP_888238-MCO53450162626_012023-O.webp\",\"contentUrl\":\"https:\/\/boutiqueanimal.co\/wp-content\/uploads\/2025\/11\/D_NQ_NP_888238-MCO53450162626_012023-O.webp\",\"width\":474,\"height\":500},{\"@type\":\"BreadcrumbList\",\"@id\":\"https:\/\/boutiqueanimal.co\/producto\/set-limpieza-bucal\/#breadcrumb\",\"itemListElement\":[{\"@type\":\"ListItem\",\"position\":1,\"name\":\"Inicio\",\"item\":\"https:\/\/boutiqueanimal.co\/\"},{\"@type\":\"ListItem\",\"position\":2,\"name\":\"Tienda\",\"item\":\"https:\/\/boutiqueanimal.co\/tienda\/\"},{\"@type\":\"ListItem\",\"position\":3,\"name\":\"Set limpieza bucal\"}]},{\"@type\":\"WebSite\",\"@id\":\"https:\/\/boutiqueanimal.co\/#website\",\"url\":\"https:\/\/boutiqueanimal.co\/\",\"name\":\"Boutique Animal\",\"description\":\"Tienda online de productos para mascotas en Colombia. Env\u00edos r\u00e1pidos y gratis en compras superiores a $100.000\",\"publisher\":{\"@id\":\"https:\/\/boutiqueanimal.co\/#organization\"},\"potentialAction\":[{\"@type\":\"SearchAction\",\"target\":{\"@type\":\"EntryPoint\",\"urlTemplate\":\"https:\/\/boutiqueanimal.co\/?s={search_term_string}\"},\"query-input\":{\"@type\":\"PropertyValueSpecification\",\"valueRequired\":true,\"valueName\":\"search_term_string\"}}],\"inLanguage\":\"en-US\"},{\"@type\":\"Organization\",\"@id\":\"https:\/\/boutiqueanimal.co\/#organization\",\"name\":\"Boutique Animal\",\"url\":\"https:\/\/boutiqueanimal.co\/\",\"logo\":{\"@type\":\"ImageObject\",\"inLanguage\":\"en-US\",\"@id\":\"https:\/\/boutiqueanimal.co\/#\/schema\/logo\/image\/\",\"url\":\"https:\/\/boutiqueanimal.co\/wp-content\/uploads\/2025\/11\/perrito-pc-1024x1024-1.png\",\"contentUrl\":\"https:\/\/boutiqueanimal.co\/wp-content\/uploads\/2025\/11\/perrito-pc-1024x1024-1.png\",\"width\":1024,\"height\":1024,\"caption\":\"Boutique Animal\"},\"image\":{\"@id\":\"https:\/\/boutiqueanimal.co\/#\/schema\/logo\/image\/\"},\"sameAs\":[\"https:\/\/www.facebook.com\/BoutiqueAnimalCo\"]}]}<\/script>\n<!-- \/ Yoast SEO plugin. -->","yoast_head_json":{"title":"Set limpieza bucal - Boutique Animal","robots":{"index":"index","follow":"follow","max-snippet":"max-snippet:-1","max-image-preview":"max-image-preview:large","max-video-preview":"max-video-preview:-1"},"canonical":"https:\/\/boutiqueanimal.co\/en\/product\/set-limpieza-bucal\/","og_locale":"en_US","og_type":"article","og_title":"Set limpieza bucal - Boutique Animal","og_description":"\ud83d\udc3e Kit de Limpieza Bucal para Mascotas \u2013 Dental Care El Kit de Limpieza Bucal para Mascotas es la soluci\u00f3n ideal para mantener la higiene dental de tu peludo de forma completa y pr\u00e1ctica. Incluye cepillo de dientes tradicional, dos cepillos de dedo para una limpieza m\u00e1s profunda y crema dental Dental Care, facilitando el cuidado oral diario. Apto para perros y gatos, ideal para uso en casa.     \u2728 Incluye    1 cepillo de dientes tradicional    2 cepillos de dedo    1 crema dental Dental Care      \ud83e\uddb7 Beneficios    Ayuda a reducir placa bacteriana    Combate el mal aliento    Facilita la rutina de limpieza dental    Alta aceptaci\u00f3n por su sabor","og_url":"https:\/\/boutiqueanimal.co\/en\/product\/set-limpieza-bucal\/","og_site_name":"Boutique Animal","article_publisher":"https:\/\/www.facebook.com\/BoutiqueAnimalCo","article_modified_time":"2026-05-06T16:43:33+00:00","og_image":[{"width":474,"height":500,"url":"https:\/\/boutiqueanimal.co\/wp-content\/uploads\/2025\/11\/D_NQ_NP_888238-MCO53450162626_012023-O.webp","type":"image\/webp"}],"twitter_card":"summary_large_image","twitter_misc":{"Est. reading time":"1 minute"},"schema":{"@context":"https:\/\/schema.org","@graph":[{"@type":"WebPage","@id":"https:\/\/boutiqueanimal.co\/producto\/set-limpieza-bucal\/","url":"https:\/\/boutiqueanimal.co\/producto\/set-limpieza-bucal\/","name":"Set limpieza bucal - Boutique Animal","isPartOf":{"@id":"https:\/\/boutiqueanimal.co\/#website"},"primaryImageOfPage":{"@id":"https:\/\/boutiqueanimal.co\/producto\/set-limpieza-bucal\/#primaryimage"},"image":{"@id":"https:\/\/boutiqueanimal.co\/producto\/set-limpieza-bucal\/#primaryimage"},"thumbnailUrl":"https:\/\/boutiqueanimal.co\/wp-content\/uploads\/2025\/11\/D_NQ_NP_888238-MCO53450162626_012023-O.webp","datePublished":"2025-11-01T16:17:45+00:00","dateModified":"2026-05-06T16:43:33+00:00","breadcrumb":{"@id":"https:\/\/boutiqueanimal.co\/producto\/set-limpieza-bucal\/#breadcrumb"},"inLanguage":"en-US","potentialAction":[{"@type":"ReadAction","target":["https:\/\/boutiqueanimal.co\/producto\/set-limpieza-bucal\/"]}]},{"@type":"ImageObject","inLanguage":"en-US","@id":"https:\/\/boutiqueanimal.co\/producto\/set-limpieza-bucal\/#primaryimage","url":"https:\/\/boutiqueanimal.co\/wp-content\/uploads\/2025\/11\/D_NQ_NP_888238-MCO53450162626_012023-O.webp","contentUrl":"https:\/\/boutiqueanimal.co\/wp-content\/uploads\/2025\/11\/D_NQ_NP_888238-MCO53450162626_012023-O.webp","width":474,"height":500},{"@type":"BreadcrumbList","@id":"https:\/\/boutiqueanimal.co\/producto\/set-limpieza-bucal\/#breadcrumb","itemListElement":[{"@type":"ListItem","position":1,"name":"Inicio","item":"https:\/\/boutiqueanimal.co\/"},{"@type":"ListItem","position":2,"name":"Tienda","item":"https:\/\/boutiqueanimal.co\/tienda\/"},{"@type":"ListItem","position":3,"name":"Set limpieza bucal"}]},{"@type":"WebSite","@id":"https:\/\/boutiqueanimal.co\/#website","url":"https:\/\/boutiqueanimal.co\/","name":"Boutique Animal","description":"Tienda online de productos para mascotas en Colombia. Env\u00edos r\u00e1pidos y gratis en compras superiores a $100.000","publisher":{"@id":"https:\/\/boutiqueanimal.co\/#organization"},"potentialAction":[{"@type":"SearchAction","target":{"@type":"EntryPoint","urlTemplate":"https:\/\/boutiqueanimal.co\/?s={search_term_string}"},"query-input":{"@type":"PropertyValueSpecification","valueRequired":true,"valueName":"search_term_string"}}],"inLanguage":"en-US"},{"@type":"Organization","@id":"https:\/\/boutiqueanimal.co\/#organization","name":"Boutique Animal","url":"https:\/\/boutiqueanimal.co\/","logo":{"@type":"ImageObject","inLanguage":"en-US","@id":"https:\/\/boutiqueanimal.co\/#\/schema\/logo\/image\/","url":"https:\/\/boutiqueanimal.co\/wp-content\/uploads\/2025\/11\/perrito-pc-1024x1024-1.png","contentUrl":"https:\/\/boutiqueanimal.co\/wp-content\/uploads\/2025\/11\/perrito-pc-1024x1024-1.png","width":1024,"height":1024,"caption":"Boutique Animal"},"image":{"@id":"https:\/\/boutiqueanimal.co\/#\/schema\/logo\/image\/"},"sameAs":["https:\/\/www.facebook.com\/BoutiqueAnimalCo"]}]}},"_links":{"self":[{"href":"https:\/\/boutiqueanimal.co\/en\/wp-json\/wp\/v2\/product\/165","targetHints":{"allow":["GET"]}}],"collection":[{"href":"https:\/\/boutiqueanimal.co\/en\/wp-json\/wp\/v2\/product"}],"about":[{"href":"https:\/\/boutiqueanimal.co\/en\/wp-json\/wp\/v2\/types\/product"}],"wp:featuredmedia":[{"embeddable":true,"href":"https:\/\/boutiqueanimal.co\/en\/wp-json\/wp\/v2\/media\/273"}],"wp:attachment":[{"href":"https:\/\/boutiqueanimal.co\/en\/wp-json\/wp\/v2\/media?parent=165"}],"wp:term":[{"taxonomy":"product_brand","embeddable":true,"href":"https:\/\/boutiqueanimal.co\/en\/wp-json\/wp\/v2\/product_brand?post=165"},{"taxonomy":"product_cat","embeddable":true,"href":"https:\/\/boutiqueanimal.co\/en\/wp-json\/wp\/v2\/product_cat?post=165"},{"taxonomy":"product_tag","embeddable":true,"href":"https:\/\/boutiqueanimal.co\/en\/wp-json\/wp\/v2\/product_tag?post=165"}],"curies":[{"name":"wp","href":"https:\/\/api.w.org\/{rel}","templated":true}]}}