{"id":174,"date":"2025-11-01T16:17:46","date_gmt":"2025-11-01T16:17:46","guid":{"rendered":"https:\/\/boutiqueanimal.alojo.app\/wp\/?post_type=product&#038;p=174"},"modified":"2026-04-29T10:13:51","modified_gmt":"2026-04-29T15:13:51","slug":"cobija-basic","status":"publish","type":"product","link":"https:\/\/boutiqueanimal.co\/en\/product\/cobija-basic\/","title":{"rendered":"Cobija Basic"},"content":{"rendered":"<h3 data-start=\"0\" data-end=\"50\">\ud83d\udc3e Cobijas para tu Peludo \u2013 Tela Piel de Ganso<\/h3>\n<p data-start=\"52\" data-end=\"282\">Brinda a tu mascota <strong data-start=\"72\" data-end=\"94\">calidez y suavidad<\/strong> con nuestras <strong data-start=\"108\" data-end=\"141\">cobijas en tela piel de ganso<\/strong>, ideales para el descanso diario. Su textura es <strong data-start=\"190\" data-end=\"217\">s\u00faper suave y acogedora<\/strong>, perfecta para mantener a tu peludo c\u00f3modo en cualquier momento.<\/p>\n<p data-start=\"284\" data-end=\"296\"><strong data-start=\"284\" data-end=\"296\">Medidas:<\/strong><\/p>\n<ul data-start=\"297\" data-end=\"317\">\n<li data-start=\"297\" data-end=\"317\">\n<p data-start=\"299\" data-end=\"317\"><strong data-start=\"299\" data-end=\"311\">Peque\u00f1a:<\/strong> 50 cm<\/p>\n<\/li>\n<\/ul>\n<p data-start=\"319\" data-end=\"411\" data-is-last-node=\"\" data-is-only-node=\"\">Ideales para cama, sill\u00f3n o transportadora. <strong data-start=\"363\" data-end=\"406\">Un abrazo de calor para tu mejor amigo.<\/strong> \ud83d\udc36\ud83d\udca4<\/p>\n<p>&nbsp;<\/p>\n<p>\ud83d\udccc <strong data-start=\"330\" data-end=\"345\">Importante:<\/strong> Nos contactaremos contigo para que <strong data-start=\"381\" data-end=\"402\">escojas el dise\u00f1o<\/strong> que m\u00e1s te guste y sea perfecto para tu mascota.<\/p>","protected":false},"excerpt":{"rendered":"<h3 data-start=\"0\" data-end=\"50\">\ud83d\udc3e Cobijas para tu Peludo \u2013 Tela Piel de Ganso<\/h3>\n<p data-start=\"52\" data-end=\"282\">Brinda a tu mascota <strong data-start=\"72\" data-end=\"94\">calidez y suavidad<\/strong> con nuestras <strong data-start=\"108\" data-end=\"141\">cobijas en tela piel de ganso<\/strong>, ideales para el descanso diario. Su textura es <strong data-start=\"190\" data-end=\"217\">s\u00faper suave y acogedora<\/strong>, perfecta para mantener a tu peludo c\u00f3modo en cualquier momento.<\/p>\n<p data-start=\"284\" data-end=\"296\"><strong data-start=\"284\" data-end=\"296\">Medidas:<\/strong><\/p>\n<ul data-start=\"297\" data-end=\"317\">\n<li data-start=\"297\" data-end=\"317\">\n<p data-start=\"299\" data-end=\"317\"><strong data-start=\"299\" data-end=\"311\">Peque\u00f1a:<\/strong> 50 cm<\/p>\n<\/li>\n<\/ul>\n<p data-start=\"319\" data-end=\"411\" data-is-last-node=\"\" data-is-only-node=\"\">Ideales para cama, sill\u00f3n o transportadora. <strong data-start=\"363\" data-end=\"406\">Un abrazo de calor para tu mejor amigo.<\/strong> \ud83d\udc36\ud83d\udca4<br \/>\n\ud83d\udccc <strong data-start=\"330\" data-end=\"345\">Importante:<\/strong> Nos contactaremos contigo para que <strong data-start=\"381\" data-end=\"402\">escojas el dise\u00f1o<\/strong> que m\u00e1s te guste y sea perfecto para tu mascota.<\/p>","protected":false},"featured_media":64012,"template":"","meta":{"_joinchat":[]},"product_brand":[],"product_cat":[28,29,37,16,18,24],"product_tag":[],"class_list":{"0":"post-174","1":"product","2":"type-product","3":"status-publish","4":"has-post-thumbnail","6":"product_cat-accesorios","7":"product_cat-accesorios-perros","8":"product_cat-descanso","9":"product_cat-gatos","10":"product_cat-perros","11":"product_cat-productos-nuevos","12":"product_shipping_class-envio-gratis","15":"first","16":"instock","17":"shipping-taxable","18":"purchasable","19":"product-type-variable"},"yoast_head":"<!-- This site is optimized with the Yoast SEO plugin v27.2 - https:\/\/yoast.com\/product\/yoast-seo-wordpress\/ -->\n<title>Cobija Basic - Boutique Animal<\/title>\n<meta name=\"robots\" content=\"index, follow, max-snippet:-1, max-image-preview:large, max-video-preview:-1\" \/>\n<link rel=\"canonical\" href=\"https:\/\/boutiqueanimal.co\/en\/product\/cobija-basic\/\" \/>\n<meta property=\"og:locale\" content=\"en_US\" \/>\n<meta property=\"og:type\" content=\"article\" \/>\n<meta property=\"og:title\" content=\"Cobija Basic - Boutique Animal\" \/>\n<meta property=\"og:description\" content=\"\ud83d\udc3e Cobijas para tu Peludo \u2013 Tela Piel de Ganso Brinda a tu mascota calidez y suavidad con nuestras cobijas en tela piel de ganso, ideales para el descanso diario. Su textura es s\u00faper suave y acogedora, perfecta para mantener a tu peludo c\u00f3modo en cualquier momento. Medidas:     Peque\u00f1a: 50 cm   Ideales para cama, sill\u00f3n o transportadora. Un abrazo de calor para tu mejor amigo. \ud83d\udc36\ud83d\udca4 \ud83d\udccc Importante: Nos contactaremos contigo para que escojas el dise\u00f1o que m\u00e1s te guste y sea perfecto para tu mascota.\" \/>\n<meta property=\"og:url\" content=\"https:\/\/boutiqueanimal.co\/en\/product\/cobija-basic\/\" \/>\n<meta property=\"og:site_name\" content=\"Boutique Animal\" \/>\n<meta property=\"article:publisher\" content=\"https:\/\/www.facebook.com\/BoutiqueAnimalCo\" \/>\n<meta property=\"article:modified_time\" content=\"2026-04-29T15:13:51+00:00\" \/>\n<meta property=\"og:image\" content=\"https:\/\/boutiqueanimal.co\/wp-content\/uploads\/2025\/11\/WhatsApp-Image-2025-12-20-at-5.13.09-PM.jpeg\" \/>\n\t<meta property=\"og:image:width\" content=\"800\" \/>\n\t<meta property=\"og:image:height\" content=\"800\" \/>\n\t<meta property=\"og:image:type\" content=\"image\/jpeg\" \/>\n<meta name=\"twitter:card\" content=\"summary_large_image\" \/>\n<script type=\"application\/ld+json\" class=\"yoast-schema-graph\">{\"@context\":\"https:\/\/schema.org\",\"@graph\":[{\"@type\":\"WebPage\",\"@id\":\"https:\/\/boutiqueanimal.co\/producto\/cobija-basic\/\",\"url\":\"https:\/\/boutiqueanimal.co\/producto\/cobija-basic\/\",\"name\":\"Cobija Basic - Boutique Animal\",\"isPartOf\":{\"@id\":\"https:\/\/boutiqueanimal.co\/#website\"},\"primaryImageOfPage\":{\"@id\":\"https:\/\/boutiqueanimal.co\/producto\/cobija-basic\/#primaryimage\"},\"image\":{\"@id\":\"https:\/\/boutiqueanimal.co\/producto\/cobija-basic\/#primaryimage\"},\"thumbnailUrl\":\"https:\/\/boutiqueanimal.co\/wp-content\/uploads\/2025\/11\/WhatsApp-Image-2025-12-20-at-5.13.09-PM.jpeg\",\"datePublished\":\"2025-11-01T16:17:46+00:00\",\"dateModified\":\"2026-04-29T15:13:51+00:00\",\"breadcrumb\":{\"@id\":\"https:\/\/boutiqueanimal.co\/producto\/cobija-basic\/#breadcrumb\"},\"inLanguage\":\"en-US\",\"potentialAction\":[{\"@type\":\"ReadAction\",\"target\":[\"https:\/\/boutiqueanimal.co\/producto\/cobija-basic\/\"]}]},{\"@type\":\"ImageObject\",\"inLanguage\":\"en-US\",\"@id\":\"https:\/\/boutiqueanimal.co\/producto\/cobija-basic\/#primaryimage\",\"url\":\"https:\/\/boutiqueanimal.co\/wp-content\/uploads\/2025\/11\/WhatsApp-Image-2025-12-20-at-5.13.09-PM.jpeg\",\"contentUrl\":\"https:\/\/boutiqueanimal.co\/wp-content\/uploads\/2025\/11\/WhatsApp-Image-2025-12-20-at-5.13.09-PM.jpeg\",\"width\":800,\"height\":800},{\"@type\":\"BreadcrumbList\",\"@id\":\"https:\/\/boutiqueanimal.co\/producto\/cobija-basic\/#breadcrumb\",\"itemListElement\":[{\"@type\":\"ListItem\",\"position\":1,\"name\":\"Inicio\",\"item\":\"https:\/\/boutiqueanimal.co\/\"},{\"@type\":\"ListItem\",\"position\":2,\"name\":\"Tienda\",\"item\":\"https:\/\/boutiqueanimal.co\/tienda\/\"},{\"@type\":\"ListItem\",\"position\":3,\"name\":\"Cobija Basic\"}]},{\"@type\":\"WebSite\",\"@id\":\"https:\/\/boutiqueanimal.co\/#website\",\"url\":\"https:\/\/boutiqueanimal.co\/\",\"name\":\"Boutique Animal\",\"description\":\"Tienda online de productos para mascotas en Colombia. Env\u00edos r\u00e1pidos y gratis en compras superiores a $100.000\",\"publisher\":{\"@id\":\"https:\/\/boutiqueanimal.co\/#organization\"},\"potentialAction\":[{\"@type\":\"SearchAction\",\"target\":{\"@type\":\"EntryPoint\",\"urlTemplate\":\"https:\/\/boutiqueanimal.co\/?s={search_term_string}\"},\"query-input\":{\"@type\":\"PropertyValueSpecification\",\"valueRequired\":true,\"valueName\":\"search_term_string\"}}],\"inLanguage\":\"en-US\"},{\"@type\":\"Organization\",\"@id\":\"https:\/\/boutiqueanimal.co\/#organization\",\"name\":\"Boutique Animal\",\"url\":\"https:\/\/boutiqueanimal.co\/\",\"logo\":{\"@type\":\"ImageObject\",\"inLanguage\":\"en-US\",\"@id\":\"https:\/\/boutiqueanimal.co\/#\/schema\/logo\/image\/\",\"url\":\"https:\/\/boutiqueanimal.co\/wp-content\/uploads\/2025\/11\/perrito-pc-1024x1024-1.png\",\"contentUrl\":\"https:\/\/boutiqueanimal.co\/wp-content\/uploads\/2025\/11\/perrito-pc-1024x1024-1.png\",\"width\":1024,\"height\":1024,\"caption\":\"Boutique Animal\"},\"image\":{\"@id\":\"https:\/\/boutiqueanimal.co\/#\/schema\/logo\/image\/\"},\"sameAs\":[\"https:\/\/www.facebook.com\/BoutiqueAnimalCo\"]}]}<\/script>\n<!-- \/ Yoast SEO plugin. -->","yoast_head_json":{"title":"Cobija Basic - Boutique Animal","robots":{"index":"index","follow":"follow","max-snippet":"max-snippet:-1","max-image-preview":"max-image-preview:large","max-video-preview":"max-video-preview:-1"},"canonical":"https:\/\/boutiqueanimal.co\/en\/product\/cobija-basic\/","og_locale":"en_US","og_type":"article","og_title":"Cobija Basic - Boutique Animal","og_description":"\ud83d\udc3e Cobijas para tu Peludo \u2013 Tela Piel de Ganso Brinda a tu mascota calidez y suavidad con nuestras cobijas en tela piel de ganso, ideales para el descanso diario. Su textura es s\u00faper suave y acogedora, perfecta para mantener a tu peludo c\u00f3modo en cualquier momento. Medidas:     Peque\u00f1a: 50 cm   Ideales para cama, sill\u00f3n o transportadora. Un abrazo de calor para tu mejor amigo. \ud83d\udc36\ud83d\udca4 \ud83d\udccc Importante: Nos contactaremos contigo para que escojas el dise\u00f1o que m\u00e1s te guste y sea perfecto para tu mascota.","og_url":"https:\/\/boutiqueanimal.co\/en\/product\/cobija-basic\/","og_site_name":"Boutique Animal","article_publisher":"https:\/\/www.facebook.com\/BoutiqueAnimalCo","article_modified_time":"2026-04-29T15:13:51+00:00","og_image":[{"width":800,"height":800,"url":"https:\/\/boutiqueanimal.co\/wp-content\/uploads\/2025\/11\/WhatsApp-Image-2025-12-20-at-5.13.09-PM.jpeg","type":"image\/jpeg"}],"twitter_card":"summary_large_image","schema":{"@context":"https:\/\/schema.org","@graph":[{"@type":"WebPage","@id":"https:\/\/boutiqueanimal.co\/producto\/cobija-basic\/","url":"https:\/\/boutiqueanimal.co\/producto\/cobija-basic\/","name":"Cobija Basic - Boutique Animal","isPartOf":{"@id":"https:\/\/boutiqueanimal.co\/#website"},"primaryImageOfPage":{"@id":"https:\/\/boutiqueanimal.co\/producto\/cobija-basic\/#primaryimage"},"image":{"@id":"https:\/\/boutiqueanimal.co\/producto\/cobija-basic\/#primaryimage"},"thumbnailUrl":"https:\/\/boutiqueanimal.co\/wp-content\/uploads\/2025\/11\/WhatsApp-Image-2025-12-20-at-5.13.09-PM.jpeg","datePublished":"2025-11-01T16:17:46+00:00","dateModified":"2026-04-29T15:13:51+00:00","breadcrumb":{"@id":"https:\/\/boutiqueanimal.co\/producto\/cobija-basic\/#breadcrumb"},"inLanguage":"en-US","potentialAction":[{"@type":"ReadAction","target":["https:\/\/boutiqueanimal.co\/producto\/cobija-basic\/"]}]},{"@type":"ImageObject","inLanguage":"en-US","@id":"https:\/\/boutiqueanimal.co\/producto\/cobija-basic\/#primaryimage","url":"https:\/\/boutiqueanimal.co\/wp-content\/uploads\/2025\/11\/WhatsApp-Image-2025-12-20-at-5.13.09-PM.jpeg","contentUrl":"https:\/\/boutiqueanimal.co\/wp-content\/uploads\/2025\/11\/WhatsApp-Image-2025-12-20-at-5.13.09-PM.jpeg","width":800,"height":800},{"@type":"BreadcrumbList","@id":"https:\/\/boutiqueanimal.co\/producto\/cobija-basic\/#breadcrumb","itemListElement":[{"@type":"ListItem","position":1,"name":"Inicio","item":"https:\/\/boutiqueanimal.co\/"},{"@type":"ListItem","position":2,"name":"Tienda","item":"https:\/\/boutiqueanimal.co\/tienda\/"},{"@type":"ListItem","position":3,"name":"Cobija Basic"}]},{"@type":"WebSite","@id":"https:\/\/boutiqueanimal.co\/#website","url":"https:\/\/boutiqueanimal.co\/","name":"Boutique Animal","description":"Tienda online de productos para mascotas en Colombia. Env\u00edos r\u00e1pidos y gratis en compras superiores a $100.000","publisher":{"@id":"https:\/\/boutiqueanimal.co\/#organization"},"potentialAction":[{"@type":"SearchAction","target":{"@type":"EntryPoint","urlTemplate":"https:\/\/boutiqueanimal.co\/?s={search_term_string}"},"query-input":{"@type":"PropertyValueSpecification","valueRequired":true,"valueName":"search_term_string"}}],"inLanguage":"en-US"},{"@type":"Organization","@id":"https:\/\/boutiqueanimal.co\/#organization","name":"Boutique Animal","url":"https:\/\/boutiqueanimal.co\/","logo":{"@type":"ImageObject","inLanguage":"en-US","@id":"https:\/\/boutiqueanimal.co\/#\/schema\/logo\/image\/","url":"https:\/\/boutiqueanimal.co\/wp-content\/uploads\/2025\/11\/perrito-pc-1024x1024-1.png","contentUrl":"https:\/\/boutiqueanimal.co\/wp-content\/uploads\/2025\/11\/perrito-pc-1024x1024-1.png","width":1024,"height":1024,"caption":"Boutique Animal"},"image":{"@id":"https:\/\/boutiqueanimal.co\/#\/schema\/logo\/image\/"},"sameAs":["https:\/\/www.facebook.com\/BoutiqueAnimalCo"]}]}},"_links":{"self":[{"href":"https:\/\/boutiqueanimal.co\/en\/wp-json\/wp\/v2\/product\/174","targetHints":{"allow":["GET"]}}],"collection":[{"href":"https:\/\/boutiqueanimal.co\/en\/wp-json\/wp\/v2\/product"}],"about":[{"href":"https:\/\/boutiqueanimal.co\/en\/wp-json\/wp\/v2\/types\/product"}],"wp:featuredmedia":[{"embeddable":true,"href":"https:\/\/boutiqueanimal.co\/en\/wp-json\/wp\/v2\/media\/64012"}],"wp:attachment":[{"href":"https:\/\/boutiqueanimal.co\/en\/wp-json\/wp\/v2\/media?parent=174"}],"wp:term":[{"taxonomy":"product_brand","embeddable":true,"href":"https:\/\/boutiqueanimal.co\/en\/wp-json\/wp\/v2\/product_brand?post=174"},{"taxonomy":"product_cat","embeddable":true,"href":"https:\/\/boutiqueanimal.co\/en\/wp-json\/wp\/v2\/product_cat?post=174"},{"taxonomy":"product_tag","embeddable":true,"href":"https:\/\/boutiqueanimal.co\/en\/wp-json\/wp\/v2\/product_tag?post=174"}],"curies":[{"name":"wp","href":"https:\/\/api.w.org\/{rel}","templated":true}]}}