{"id":175,"date":"2025-11-01T16:17:46","date_gmt":"2025-11-01T16:17:46","guid":{"rendered":"https:\/\/boutiqueanimal.alojo.app\/wp\/?post_type=product&#038;p=175"},"modified":"2026-04-30T10:37:55","modified_gmt":"2026-04-30T15:37:55","slug":"pecheras-police","status":"publish","type":"product","link":"https:\/\/boutiqueanimal.co\/en\/product\/pecheras-police\/","title":{"rendered":"Pechera Police"},"content":{"rendered":"<p data-start=\"188\" data-end=\"409\">El <strong data-start=\"271\" data-end=\"287\">Arn\u00e9s POLICE<\/strong>\u00a0 Est\u00e1 hecho para brindar <strong data-start=\"332\" data-end=\"350\">m\u00e1ximo control<\/strong>, soporte y comodidad incluso en perros con mucha fuerza. Es ideal si buscas un arn\u00e9s resistente, llamativo y dise\u00f1ado para perros de gran tama\u00f1o.<\/p>\n<p data-start=\"411\" data-end=\"618\">Su dise\u00f1o ancho, ajustable y acolchado permite paseos m\u00e1s seguros, evitando tirones\u00a0 y distribuyendo mejor la presi\u00f3n en todo el cuerpo. Adem\u00e1s, su estilo tipo <strong>POLICE<\/strong> le da un look imponente y profesional.<\/p>\n<h3 data-start=\"620\" data-end=\"648\"><strong data-start=\"624\" data-end=\"648\">Por qu\u00e9 te encantar\u00e1<\/strong><\/h3>\n<ul data-start=\"649\" data-end=\"1019\">\n<li data-start=\"649\" data-end=\"711\">\n<p data-start=\"651\" data-end=\"711\">\ud83d\udd12 <strong data-start=\"654\" data-end=\"672\">Control total:<\/strong> ideal para perros grandes y fuertes.<\/p>\n<\/li>\n<li data-start=\"712\" data-end=\"771\">\n<p data-start=\"714\" data-end=\"771\">\ud83d\udc3e <strong data-start=\"717\" data-end=\"745\">Cinta ancha y acolchada:<\/strong> c\u00f3moda para uso diario.<\/p>\n<\/li>\n<li data-start=\"772\" data-end=\"861\">\n<p data-start=\"774\" data-end=\"861\">\ud83d\udca8 <strong data-start=\"777\" data-end=\"801\">Material resistente:<\/strong> perfecto para entrenamientos, salidas y caminatas largas.<\/p>\n<\/li>\n<li data-start=\"862\" data-end=\"939\">\n<p data-start=\"864\" data-end=\"939\">\ud83c\udfaf <strong data-start=\"867\" data-end=\"887\">Dise\u00f1o \u201cPOLICE\u201d:<\/strong> look <strong>POLICE<\/strong> moderno, llamativo y de alta visibilidad.<\/p>\n<\/li>\n<li data-start=\"940\" data-end=\"1019\">\n<p data-start=\"942\" data-end=\"1019\">\ud83d\udd01 <strong data-start=\"945\" data-end=\"959\">Ajustable:<\/strong> se adapta al cuerpo de tu mascota para mayor estabilidad.<\/p>\n<\/li>\n<\/ul>\n<h3 data-start=\"1021\" data-end=\"1066\"><strong data-start=\"1025\" data-end=\"1066\">Gu\u00eda de tallas (seg\u00fan peso del perro)<\/strong><\/h3>\n<ul data-start=\"1067\" data-end=\"1180\">\n<li data-start=\"1067\" data-end=\"1087\">\n<p data-start=\"1069\" data-end=\"1087\"><strong data-start=\"1069\" data-end=\"1075\">TALLA\u00a0 \u00a0 \u00a0S:\u00a0\u00a0<\/strong> 7 \u2013 15 kg<\/p>\n<\/li>\n<li data-start=\"1088\" data-end=\"1111\">\n<p data-start=\"1090\" data-end=\"1111\"><strong data-start=\"1090\" data-end=\"1096\">TALLA\u00a0 \u00a0 M:<\/strong>\u00a0 12.5 \u2013 20 kg<\/p>\n<\/li>\n<li data-start=\"1112\" data-end=\"1133\">\n<p data-start=\"1114\" data-end=\"1133\"><strong data-start=\"1114\" data-end=\"1120\">TALLA\u00a0 \u00a0 \u00a0L:<\/strong>\u00a0 20 \u2013 35 kg<\/p>\n<\/li>\n<li data-start=\"1134\" data-end=\"1156\">\n<p data-start=\"1136\" data-end=\"1156\"><strong data-start=\"1136\" data-end=\"1143\">TALLA\u00a0 \u00a0XL:<\/strong>\u00a0 30 \u2013 45 kg<\/p>\n<\/li>\n<li data-start=\"1157\" data-end=\"1180\">\n<p data-start=\"1159\" data-end=\"1180\"><strong data-start=\"1159\" data-end=\"1167\">TALLA XXL:<\/strong>\u00a0 40 \u2013 75 kg<\/p>\n<\/li>\n<\/ul>","protected":false},"excerpt":{"rendered":"<p data-start=\"188\" data-end=\"409\">El <strong data-start=\"271\" data-end=\"287\">Arn\u00e9s POLICE<\/strong>\u00a0 Est\u00e1 hecho para brindar <strong data-start=\"332\" data-end=\"350\">m\u00e1ximo control<\/strong>, soporte y comodidad incluso en perros con mucha fuerza. Es ideal si buscas un arn\u00e9s resistente, llamativo y dise\u00f1ado para perros de gran tama\u00f1o.<\/p>\n<p data-start=\"411\" data-end=\"618\">Su dise\u00f1o ancho, ajustable y acolchado permite paseos m\u00e1s seguros, evitando tirones\u00a0 y distribuyendo mejor la presi\u00f3n en todo el cuerpo. Adem\u00e1s, su estilo tipo <strong>POLICE<\/strong> le da un look imponente y profesional.<\/p>\n<h3 data-start=\"620\" data-end=\"648\"><strong data-start=\"624\" data-end=\"648\">Por qu\u00e9 te encantar\u00e1<\/strong><\/h3>\n<ul data-start=\"649\" data-end=\"1019\">\n<li data-start=\"649\" data-end=\"711\">\n<p data-start=\"651\" data-end=\"711\">\ud83d\udd12 <strong data-start=\"654\" data-end=\"672\">Control total:<\/strong> ideal para perros grandes y fuertes.<\/p>\n<\/li>\n<li data-start=\"712\" data-end=\"771\">\n<p data-start=\"714\" data-end=\"771\">\ud83d\udc3e <strong data-start=\"717\" data-end=\"745\">Cinta ancha y acolchada:<\/strong> c\u00f3moda para uso diario.<\/p>\n<\/li>\n<li data-start=\"772\" data-end=\"861\">\n<p data-start=\"774\" data-end=\"861\">\ud83d\udca8 <strong data-start=\"777\" data-end=\"801\">Material resistente:<\/strong> perfecto para entrenamientos, salidas y caminatas largas.<\/p>\n<\/li>\n<li data-start=\"862\" data-end=\"939\">\n<p data-start=\"864\" data-end=\"939\">\ud83c\udfaf <strong data-start=\"867\" data-end=\"887\">Dise\u00f1o \u201cPOLICE\u201d:<\/strong> look <strong>POLICE<\/strong> moderno, llamativo y de alta visibilidad.<\/p>\n<\/li>\n<li data-start=\"940\" data-end=\"1019\">\n<p data-start=\"942\" data-end=\"1019\">\ud83d\udd01 <strong data-start=\"945\" data-end=\"959\">Ajustable:<\/strong> se adapta al cuerpo de tu mascota para mayor estabilidad.<\/p>\n<\/li>\n<\/ul>\n<h3 data-start=\"1021\" data-end=\"1066\"><strong data-start=\"1025\" data-end=\"1066\">Gu\u00eda de tallas (seg\u00fan peso del perro)<\/strong><\/h3>\n<ul data-start=\"1067\" data-end=\"1180\">\n<li data-start=\"1067\" data-end=\"1087\">\n<p data-start=\"1069\" data-end=\"1087\"><strong data-start=\"1069\" data-end=\"1075\">TALLA\u00a0 \u00a0 \u00a0S:\u00a0\u00a0<\/strong> 7 \u2013 15 kg<\/p>\n<\/li>\n<li data-start=\"1088\" data-end=\"1111\">\n<p data-start=\"1090\" data-end=\"1111\"><strong data-start=\"1090\" data-end=\"1096\">TALLA\u00a0 \u00a0 M:<\/strong>\u00a0 12.5 \u2013 20 kg<\/p>\n<\/li>\n<li data-start=\"1112\" data-end=\"1133\">\n<p data-start=\"1114\" data-end=\"1133\"><strong data-start=\"1114\" data-end=\"1120\">TALLA\u00a0 \u00a0 \u00a0L:<\/strong>\u00a0 20 \u2013 35 kg<\/p>\n<\/li>\n<li data-start=\"1134\" data-end=\"1156\">\n<p data-start=\"1136\" data-end=\"1156\"><strong data-start=\"1136\" data-end=\"1143\">TALLA\u00a0 \u00a0XL:<\/strong>\u00a0 30 \u2013 45 kg<\/p>\n<\/li>\n<li data-start=\"1157\" data-end=\"1180\">\n<p data-start=\"1159\" data-end=\"1180\"><strong data-start=\"1159\" data-end=\"1167\">TALLA XXL:<\/strong>\u00a0 40 \u2013 75 kg<\/p>\n<\/li>\n<\/ul>","protected":false},"featured_media":302,"template":"","meta":{"_joinchat":[]},"product_brand":[],"product_cat":[29,18,24],"product_tag":[],"class_list":{"0":"post-175","1":"product","2":"type-product","3":"status-publish","4":"has-post-thumbnail","6":"product_cat-accesorios-perros","7":"product_cat-perros","8":"product_cat-productos-nuevos","9":"product_shipping_class-envio-gratis","12":"first","13":"instock","14":"shipping-taxable","15":"purchasable","16":"product-type-variable"},"yoast_head":"<!-- This site is optimized with the Yoast SEO plugin v27.2 - https:\/\/yoast.com\/product\/yoast-seo-wordpress\/ -->\n<title>Pechera Police - Boutique Animal<\/title>\n<meta name=\"robots\" content=\"index, follow, max-snippet:-1, max-image-preview:large, max-video-preview:-1\" \/>\n<link rel=\"canonical\" href=\"https:\/\/boutiqueanimal.co\/en\/product\/pecheras-police\/\" \/>\n<meta property=\"og:locale\" content=\"en_US\" \/>\n<meta property=\"og:type\" content=\"article\" \/>\n<meta property=\"og:title\" content=\"Pechera Police - Boutique Animal\" \/>\n<meta property=\"og:description\" content=\"El Arn\u00e9s POLICE\u00a0 Est\u00e1 hecho para brindar m\u00e1ximo control, soporte y comodidad incluso en perros con mucha fuerza. Es ideal si buscas un arn\u00e9s resistente, llamativo y dise\u00f1ado para perros de gran tama\u00f1o. Su dise\u00f1o ancho, ajustable y acolchado permite paseos m\u00e1s seguros, evitando tirones\u00a0 y distribuyendo mejor la presi\u00f3n en todo el cuerpo. Adem\u00e1s, su estilo tipo POLICE le da un look imponente y profesional.  Por qu\u00e9 te encantar\u00e1    \ud83d\udd12 Control total: ideal para perros grandes y fuertes.    \ud83d\udc3e Cinta ancha y acolchada: c\u00f3moda para uso diario.    \ud83d\udca8 Material resistente: perfecto para entrenamientos, salidas y caminatas largas.    \ud83c\udfaf Dise\u00f1o \u201cPOLICE\u201d: look POLICE moderno, llamativo y de alta visibilidad.    \ud83d\udd01 Ajustable: se adapta al cuerpo de tu mascota para mayor estabilidad.   Gu\u00eda de tallas (seg\u00fan peso del perro)    TALLA\u00a0 \u00a0 \u00a0S:\u00a0\u00a0 7 \u2013 15 kg    TALLA\u00a0 \u00a0 M:\u00a0 12.5 \u2013 20 kg    TALLA\u00a0 \u00a0 \u00a0L:\u00a0 20 \u2013 35 kg    TALLA\u00a0 \u00a0XL:\u00a0 30 \u2013 45 kg    TALLA XXL:\u00a0 40 \u2013 75 kg\" \/>\n<meta property=\"og:url\" content=\"https:\/\/boutiqueanimal.co\/en\/product\/pecheras-police\/\" \/>\n<meta property=\"og:site_name\" content=\"Boutique Animal\" \/>\n<meta property=\"article:publisher\" content=\"https:\/\/www.facebook.com\/BoutiqueAnimalCo\" \/>\n<meta property=\"article:modified_time\" content=\"2026-04-30T15:37:55+00:00\" \/>\n<meta property=\"og:image\" content=\"https:\/\/boutiqueanimal.co\/wp-content\/uploads\/2025\/11\/IMG_1367.jpg\" \/>\n\t<meta property=\"og:image:width\" content=\"800\" \/>\n\t<meta property=\"og:image:height\" content=\"800\" \/>\n\t<meta property=\"og:image:type\" content=\"image\/jpeg\" \/>\n<meta name=\"twitter:card\" content=\"summary_large_image\" \/>\n<meta name=\"twitter:label1\" content=\"Est. reading time\" \/>\n\t<meta name=\"twitter:data1\" content=\"1 minute\" \/>\n<script type=\"application\/ld+json\" class=\"yoast-schema-graph\">{\"@context\":\"https:\/\/schema.org\",\"@graph\":[{\"@type\":\"WebPage\",\"@id\":\"https:\/\/boutiqueanimal.co\/producto\/pecheras-police\/\",\"url\":\"https:\/\/boutiqueanimal.co\/producto\/pecheras-police\/\",\"name\":\"Pechera Police - Boutique Animal\",\"isPartOf\":{\"@id\":\"https:\/\/boutiqueanimal.co\/#website\"},\"primaryImageOfPage\":{\"@id\":\"https:\/\/boutiqueanimal.co\/producto\/pecheras-police\/#primaryimage\"},\"image\":{\"@id\":\"https:\/\/boutiqueanimal.co\/producto\/pecheras-police\/#primaryimage\"},\"thumbnailUrl\":\"https:\/\/boutiqueanimal.co\/wp-content\/uploads\/2025\/11\/IMG_1367.jpg\",\"datePublished\":\"2025-11-01T16:17:46+00:00\",\"dateModified\":\"2026-04-30T15:37:55+00:00\",\"breadcrumb\":{\"@id\":\"https:\/\/boutiqueanimal.co\/producto\/pecheras-police\/#breadcrumb\"},\"inLanguage\":\"en-US\",\"potentialAction\":[{\"@type\":\"ReadAction\",\"target\":[\"https:\/\/boutiqueanimal.co\/producto\/pecheras-police\/\"]}]},{\"@type\":\"ImageObject\",\"inLanguage\":\"en-US\",\"@id\":\"https:\/\/boutiqueanimal.co\/producto\/pecheras-police\/#primaryimage\",\"url\":\"https:\/\/boutiqueanimal.co\/wp-content\/uploads\/2025\/11\/IMG_1367.jpg\",\"contentUrl\":\"https:\/\/boutiqueanimal.co\/wp-content\/uploads\/2025\/11\/IMG_1367.jpg\",\"width\":800,\"height\":800},{\"@type\":\"BreadcrumbList\",\"@id\":\"https:\/\/boutiqueanimal.co\/producto\/pecheras-police\/#breadcrumb\",\"itemListElement\":[{\"@type\":\"ListItem\",\"position\":1,\"name\":\"Inicio\",\"item\":\"https:\/\/boutiqueanimal.co\/\"},{\"@type\":\"ListItem\",\"position\":2,\"name\":\"Tienda\",\"item\":\"https:\/\/boutiqueanimal.co\/tienda\/\"},{\"@type\":\"ListItem\",\"position\":3,\"name\":\"Pechera Police\"}]},{\"@type\":\"WebSite\",\"@id\":\"https:\/\/boutiqueanimal.co\/#website\",\"url\":\"https:\/\/boutiqueanimal.co\/\",\"name\":\"Boutique Animal\",\"description\":\"Tienda online de productos para mascotas en Colombia. Env\u00edos r\u00e1pidos y gratis en compras superiores a $100.000\",\"publisher\":{\"@id\":\"https:\/\/boutiqueanimal.co\/#organization\"},\"potentialAction\":[{\"@type\":\"SearchAction\",\"target\":{\"@type\":\"EntryPoint\",\"urlTemplate\":\"https:\/\/boutiqueanimal.co\/?s={search_term_string}\"},\"query-input\":{\"@type\":\"PropertyValueSpecification\",\"valueRequired\":true,\"valueName\":\"search_term_string\"}}],\"inLanguage\":\"en-US\"},{\"@type\":\"Organization\",\"@id\":\"https:\/\/boutiqueanimal.co\/#organization\",\"name\":\"Boutique Animal\",\"url\":\"https:\/\/boutiqueanimal.co\/\",\"logo\":{\"@type\":\"ImageObject\",\"inLanguage\":\"en-US\",\"@id\":\"https:\/\/boutiqueanimal.co\/#\/schema\/logo\/image\/\",\"url\":\"https:\/\/boutiqueanimal.co\/wp-content\/uploads\/2025\/11\/perrito-pc-1024x1024-1.png\",\"contentUrl\":\"https:\/\/boutiqueanimal.co\/wp-content\/uploads\/2025\/11\/perrito-pc-1024x1024-1.png\",\"width\":1024,\"height\":1024,\"caption\":\"Boutique Animal\"},\"image\":{\"@id\":\"https:\/\/boutiqueanimal.co\/#\/schema\/logo\/image\/\"},\"sameAs\":[\"https:\/\/www.facebook.com\/BoutiqueAnimalCo\"]}]}<\/script>\n<!-- \/ Yoast SEO plugin. -->","yoast_head_json":{"title":"Pechera Police - Boutique Animal","robots":{"index":"index","follow":"follow","max-snippet":"max-snippet:-1","max-image-preview":"max-image-preview:large","max-video-preview":"max-video-preview:-1"},"canonical":"https:\/\/boutiqueanimal.co\/en\/product\/pecheras-police\/","og_locale":"en_US","og_type":"article","og_title":"Pechera Police - Boutique Animal","og_description":"El Arn\u00e9s POLICE\u00a0 Est\u00e1 hecho para brindar m\u00e1ximo control, soporte y comodidad incluso en perros con mucha fuerza. Es ideal si buscas un arn\u00e9s resistente, llamativo y dise\u00f1ado para perros de gran tama\u00f1o. Su dise\u00f1o ancho, ajustable y acolchado permite paseos m\u00e1s seguros, evitando tirones\u00a0 y distribuyendo mejor la presi\u00f3n en todo el cuerpo. Adem\u00e1s, su estilo tipo POLICE le da un look imponente y profesional.  Por qu\u00e9 te encantar\u00e1    \ud83d\udd12 Control total: ideal para perros grandes y fuertes.    \ud83d\udc3e Cinta ancha y acolchada: c\u00f3moda para uso diario.    \ud83d\udca8 Material resistente: perfecto para entrenamientos, salidas y caminatas largas.    \ud83c\udfaf Dise\u00f1o \u201cPOLICE\u201d: look POLICE moderno, llamativo y de alta visibilidad.    \ud83d\udd01 Ajustable: se adapta al cuerpo de tu mascota para mayor estabilidad.   Gu\u00eda de tallas (seg\u00fan peso del perro)    TALLA\u00a0 \u00a0 \u00a0S:\u00a0\u00a0 7 \u2013 15 kg    TALLA\u00a0 \u00a0 M:\u00a0 12.5 \u2013 20 kg    TALLA\u00a0 \u00a0 \u00a0L:\u00a0 20 \u2013 35 kg    TALLA\u00a0 \u00a0XL:\u00a0 30 \u2013 45 kg    TALLA XXL:\u00a0 40 \u2013 75 kg","og_url":"https:\/\/boutiqueanimal.co\/en\/product\/pecheras-police\/","og_site_name":"Boutique Animal","article_publisher":"https:\/\/www.facebook.com\/BoutiqueAnimalCo","article_modified_time":"2026-04-30T15:37:55+00:00","og_image":[{"width":800,"height":800,"url":"https:\/\/boutiqueanimal.co\/wp-content\/uploads\/2025\/11\/IMG_1367.jpg","type":"image\/jpeg"}],"twitter_card":"summary_large_image","twitter_misc":{"Est. reading time":"1 minute"},"schema":{"@context":"https:\/\/schema.org","@graph":[{"@type":"WebPage","@id":"https:\/\/boutiqueanimal.co\/producto\/pecheras-police\/","url":"https:\/\/boutiqueanimal.co\/producto\/pecheras-police\/","name":"Pechera Police - Boutique Animal","isPartOf":{"@id":"https:\/\/boutiqueanimal.co\/#website"},"primaryImageOfPage":{"@id":"https:\/\/boutiqueanimal.co\/producto\/pecheras-police\/#primaryimage"},"image":{"@id":"https:\/\/boutiqueanimal.co\/producto\/pecheras-police\/#primaryimage"},"thumbnailUrl":"https:\/\/boutiqueanimal.co\/wp-content\/uploads\/2025\/11\/IMG_1367.jpg","datePublished":"2025-11-01T16:17:46+00:00","dateModified":"2026-04-30T15:37:55+00:00","breadcrumb":{"@id":"https:\/\/boutiqueanimal.co\/producto\/pecheras-police\/#breadcrumb"},"inLanguage":"en-US","potentialAction":[{"@type":"ReadAction","target":["https:\/\/boutiqueanimal.co\/producto\/pecheras-police\/"]}]},{"@type":"ImageObject","inLanguage":"en-US","@id":"https:\/\/boutiqueanimal.co\/producto\/pecheras-police\/#primaryimage","url":"https:\/\/boutiqueanimal.co\/wp-content\/uploads\/2025\/11\/IMG_1367.jpg","contentUrl":"https:\/\/boutiqueanimal.co\/wp-content\/uploads\/2025\/11\/IMG_1367.jpg","width":800,"height":800},{"@type":"BreadcrumbList","@id":"https:\/\/boutiqueanimal.co\/producto\/pecheras-police\/#breadcrumb","itemListElement":[{"@type":"ListItem","position":1,"name":"Inicio","item":"https:\/\/boutiqueanimal.co\/"},{"@type":"ListItem","position":2,"name":"Tienda","item":"https:\/\/boutiqueanimal.co\/tienda\/"},{"@type":"ListItem","position":3,"name":"Pechera Police"}]},{"@type":"WebSite","@id":"https:\/\/boutiqueanimal.co\/#website","url":"https:\/\/boutiqueanimal.co\/","name":"Boutique Animal","description":"Tienda online de productos para mascotas en Colombia. Env\u00edos r\u00e1pidos y gratis en compras superiores a $100.000","publisher":{"@id":"https:\/\/boutiqueanimal.co\/#organization"},"potentialAction":[{"@type":"SearchAction","target":{"@type":"EntryPoint","urlTemplate":"https:\/\/boutiqueanimal.co\/?s={search_term_string}"},"query-input":{"@type":"PropertyValueSpecification","valueRequired":true,"valueName":"search_term_string"}}],"inLanguage":"en-US"},{"@type":"Organization","@id":"https:\/\/boutiqueanimal.co\/#organization","name":"Boutique Animal","url":"https:\/\/boutiqueanimal.co\/","logo":{"@type":"ImageObject","inLanguage":"en-US","@id":"https:\/\/boutiqueanimal.co\/#\/schema\/logo\/image\/","url":"https:\/\/boutiqueanimal.co\/wp-content\/uploads\/2025\/11\/perrito-pc-1024x1024-1.png","contentUrl":"https:\/\/boutiqueanimal.co\/wp-content\/uploads\/2025\/11\/perrito-pc-1024x1024-1.png","width":1024,"height":1024,"caption":"Boutique Animal"},"image":{"@id":"https:\/\/boutiqueanimal.co\/#\/schema\/logo\/image\/"},"sameAs":["https:\/\/www.facebook.com\/BoutiqueAnimalCo"]}]}},"_links":{"self":[{"href":"https:\/\/boutiqueanimal.co\/en\/wp-json\/wp\/v2\/product\/175","targetHints":{"allow":["GET"]}}],"collection":[{"href":"https:\/\/boutiqueanimal.co\/en\/wp-json\/wp\/v2\/product"}],"about":[{"href":"https:\/\/boutiqueanimal.co\/en\/wp-json\/wp\/v2\/types\/product"}],"wp:featuredmedia":[{"embeddable":true,"href":"https:\/\/boutiqueanimal.co\/en\/wp-json\/wp\/v2\/media\/302"}],"wp:attachment":[{"href":"https:\/\/boutiqueanimal.co\/en\/wp-json\/wp\/v2\/media?parent=175"}],"wp:term":[{"taxonomy":"product_brand","embeddable":true,"href":"https:\/\/boutiqueanimal.co\/en\/wp-json\/wp\/v2\/product_brand?post=175"},{"taxonomy":"product_cat","embeddable":true,"href":"https:\/\/boutiqueanimal.co\/en\/wp-json\/wp\/v2\/product_cat?post=175"},{"taxonomy":"product_tag","embeddable":true,"href":"https:\/\/boutiqueanimal.co\/en\/wp-json\/wp\/v2\/product_tag?post=175"}],"curies":[{"name":"wp","href":"https:\/\/api.w.org\/{rel}","templated":true}]}}