{"id":1995,"date":"2025-11-01T16:24:58","date_gmt":"2025-11-01T16:24:58","guid":{"rendered":"https:\/\/boutiqueanimal.alojo.app\/wp\/?post_type=product&#038;p=1995"},"modified":"2026-04-07T14:19:33","modified_gmt":"2026-04-07T19:19:33","slug":"chaleco-salvavidas","status":"publish","type":"product","link":"https:\/\/boutiqueanimal.co\/en\/product\/chaleco-salvavidas\/","title":{"rendered":"Chaleco Salvavidas"},"content":{"rendered":"<h3 data-start=\"79\" data-end=\"134\"><strong data-start=\"83\" data-end=\"134\">Chaleco Salvavidas para Mascotas \u2013 Talla M \ud83e\uddba\ud83d\udc36<\/strong><\/h3>\n<p data-start=\"136\" data-end=\"310\">Mant\u00e9n a tu peludo <strong data-start=\"155\" data-end=\"181\">seguro dentro del agua<\/strong> con nuestro <strong data-start=\"194\" data-end=\"245\">chaleco salvavidas resistente y de alta calidad<\/strong>. Dise\u00f1ado para brindar flotaci\u00f3n, comodidad y mayor visibilidad.<\/p>\n<h3 data-start=\"312\" data-end=\"338\"><strong data-start=\"316\" data-end=\"336\">Caracter\u00edsticas:<\/strong><\/h3>\n<p data-start=\"339\" data-end=\"605\"><br data-start=\"400\" data-end=\"403\" \/>\u2714 <strong data-start=\"405\" data-end=\"434\">Material s\u00faper resistente<\/strong> y de larga duraci\u00f3n<br data-start=\"454\" data-end=\"457\" \/>\u2714 <strong data-start=\"459\" data-end=\"483\" data-is-only-node=\"\">Reflectivo integrado<\/strong> para mayor seguridad en el agua<br data-start=\"515\" data-end=\"518\" \/>\u2714 <strong data-start=\"520\" data-end=\"537\">Ajuste c\u00f3modo<\/strong> con correas y hebillas seguras<br data-start=\"568\" data-end=\"571\" \/>\u2714 Disponible en <strong data-start=\"587\" data-end=\"605\">varios colores<\/strong><\/p>\n<p data-start=\"607\" data-end=\"705\" data-is-last-node=\"\" data-is-only-node=\"\">Ideal para piscina, r\u00edo, playa o paseos en lancha. \u00a1Tu mascota flotar\u00e1 segura y con estilo! \ud83d\udedf\ud83c\udf0a\ud83d\udc3e<\/p>\n<p>&nbsp;<\/p>","protected":false},"excerpt":{"rendered":"<h3 data-start=\"79\" data-end=\"134\"><strong data-start=\"83\" data-end=\"134\">Chaleco Salvavidas para Mascotas \u2013 Talla M \ud83e\uddba\ud83d\udc36<\/strong><\/h3>\n<p data-start=\"136\" data-end=\"310\">Mant\u00e9n a tu peludo <strong data-start=\"155\" data-end=\"181\">seguro dentro del agua<\/strong> con nuestro <strong data-start=\"194\" data-end=\"245\">chaleco salvavidas resistente y de alta calidad<\/strong>. Dise\u00f1ado para brindar flotaci\u00f3n, comodidad y mayor visibilidad.<\/p>\n<h3 data-start=\"312\" data-end=\"338\"><strong data-start=\"316\" data-end=\"336\">Caracter\u00edsticas:<\/strong><\/h3>\n<p data-start=\"339\" data-end=\"605\">\u2714 <strong data-start=\"341\" data-end=\"353\">Talla M<\/strong><br data-start=\"400\" data-end=\"403\" \/>\u2714 <strong data-start=\"405\" data-end=\"434\">Material s\u00faper resistente<\/strong> y de larga duraci\u00f3n<br data-start=\"454\" data-end=\"457\" \/>\u2714 <strong data-start=\"459\" data-end=\"483\" data-is-only-node=\"\">Reflectivo integrado<\/strong> para mayor seguridad en el agua<br data-start=\"515\" data-end=\"518\" \/>\u2714 <strong data-start=\"520\" data-end=\"537\">Ajuste c\u00f3modo<\/strong> con correas y hebillas seguras<br data-start=\"568\" data-end=\"571\" \/>\u2714 Disponible en <strong data-start=\"587\" data-end=\"605\">varios colores<\/strong><\/p>\n<p data-start=\"607\" data-end=\"705\" data-is-last-node=\"\" data-is-only-node=\"\">Ideal para piscina, r\u00edo, playa o paseos en lancha. \u00a1Tu mascota flotar\u00e1 segura y con estilo! \ud83d\udedf\ud83c\udf0a\ud83d\udc3e<\/p>","protected":false},"featured_media":63720,"template":"","meta":{"_joinchat":[]},"product_brand":[],"product_cat":[29,18,30],"product_tag":[],"class_list":{"0":"post-1995","1":"product","2":"type-product","3":"status-publish","4":"has-post-thumbnail","6":"product_cat-accesorios-perros","7":"product_cat-perros","8":"product_cat-sale","11":"first","12":"instock","13":"sale","14":"shipping-taxable","15":"purchasable","16":"product-type-variable"},"yoast_head":"<!-- This site is optimized with the Yoast SEO plugin v27.2 - https:\/\/yoast.com\/product\/yoast-seo-wordpress\/ -->\n<title>Chaleco Salvavidas - Boutique Animal<\/title>\n<meta name=\"robots\" content=\"index, follow, max-snippet:-1, max-image-preview:large, max-video-preview:-1\" \/>\n<link rel=\"canonical\" href=\"https:\/\/boutiqueanimal.co\/en\/product\/chaleco-salvavidas\/\" \/>\n<meta property=\"og:locale\" content=\"en_US\" \/>\n<meta property=\"og:type\" content=\"article\" \/>\n<meta property=\"og:title\" content=\"Chaleco Salvavidas - Boutique Animal\" \/>\n<meta property=\"og:description\" content=\"Chaleco Salvavidas para Mascotas \u2013 Talla M \ud83e\uddba\ud83d\udc36 Mant\u00e9n a tu peludo seguro dentro del agua con nuestro chaleco salvavidas resistente y de alta calidad. Dise\u00f1ado para brindar flotaci\u00f3n, comodidad y mayor visibilidad.  Caracter\u00edsticas: \u2714 Talla M\u2714 Material s\u00faper resistente y de larga duraci\u00f3n\u2714 Reflectivo integrado para mayor seguridad en el agua\u2714 Ajuste c\u00f3modo con correas y hebillas seguras\u2714 Disponible en varios colores Ideal para piscina, r\u00edo, playa o paseos en lancha. \u00a1Tu mascota flotar\u00e1 segura y con estilo! \ud83d\udedf\ud83c\udf0a\ud83d\udc3e\" \/>\n<meta property=\"og:url\" content=\"https:\/\/boutiqueanimal.co\/en\/product\/chaleco-salvavidas\/\" \/>\n<meta property=\"og:site_name\" content=\"Boutique Animal\" \/>\n<meta property=\"article:publisher\" content=\"https:\/\/www.facebook.com\/BoutiqueAnimalCo\" \/>\n<meta property=\"article:modified_time\" content=\"2026-04-07T19:19:33+00:00\" \/>\n<meta property=\"og:image\" content=\"https:\/\/boutiqueanimal.co\/wp-content\/uploads\/2025\/12\/IMG-20251202-WA0094.jpg\" \/>\n\t<meta property=\"og:image:width\" content=\"1452\" \/>\n\t<meta property=\"og:image:height\" content=\"1468\" \/>\n\t<meta property=\"og:image:type\" content=\"image\/jpeg\" \/>\n<meta name=\"twitter:card\" content=\"summary_large_image\" \/>\n<meta name=\"twitter:label1\" content=\"Est. reading time\" \/>\n\t<meta name=\"twitter:data1\" content=\"1 minute\" \/>\n<script type=\"application\/ld+json\" class=\"yoast-schema-graph\">{\"@context\":\"https:\/\/schema.org\",\"@graph\":[{\"@type\":\"WebPage\",\"@id\":\"https:\/\/boutiqueanimal.co\/producto\/chaleco-salvavidas\/\",\"url\":\"https:\/\/boutiqueanimal.co\/producto\/chaleco-salvavidas\/\",\"name\":\"Chaleco Salvavidas - Boutique Animal\",\"isPartOf\":{\"@id\":\"https:\/\/boutiqueanimal.co\/#website\"},\"primaryImageOfPage\":{\"@id\":\"https:\/\/boutiqueanimal.co\/producto\/chaleco-salvavidas\/#primaryimage\"},\"image\":{\"@id\":\"https:\/\/boutiqueanimal.co\/producto\/chaleco-salvavidas\/#primaryimage\"},\"thumbnailUrl\":\"https:\/\/boutiqueanimal.co\/wp-content\/uploads\/2025\/12\/IMG-20251202-WA0094.jpg\",\"datePublished\":\"2025-11-01T16:24:58+00:00\",\"dateModified\":\"2026-04-07T19:19:33+00:00\",\"breadcrumb\":{\"@id\":\"https:\/\/boutiqueanimal.co\/producto\/chaleco-salvavidas\/#breadcrumb\"},\"inLanguage\":\"en-US\",\"potentialAction\":[{\"@type\":\"ReadAction\",\"target\":[\"https:\/\/boutiqueanimal.co\/producto\/chaleco-salvavidas\/\"]}]},{\"@type\":\"ImageObject\",\"inLanguage\":\"en-US\",\"@id\":\"https:\/\/boutiqueanimal.co\/producto\/chaleco-salvavidas\/#primaryimage\",\"url\":\"https:\/\/boutiqueanimal.co\/wp-content\/uploads\/2025\/12\/IMG-20251202-WA0094.jpg\",\"contentUrl\":\"https:\/\/boutiqueanimal.co\/wp-content\/uploads\/2025\/12\/IMG-20251202-WA0094.jpg\",\"width\":1452,\"height\":1468},{\"@type\":\"BreadcrumbList\",\"@id\":\"https:\/\/boutiqueanimal.co\/producto\/chaleco-salvavidas\/#breadcrumb\",\"itemListElement\":[{\"@type\":\"ListItem\",\"position\":1,\"name\":\"Inicio\",\"item\":\"https:\/\/boutiqueanimal.co\/\"},{\"@type\":\"ListItem\",\"position\":2,\"name\":\"Tienda\",\"item\":\"https:\/\/boutiqueanimal.co\/tienda\/\"},{\"@type\":\"ListItem\",\"position\":3,\"name\":\"Chaleco Salvavidas\"}]},{\"@type\":\"WebSite\",\"@id\":\"https:\/\/boutiqueanimal.co\/#website\",\"url\":\"https:\/\/boutiqueanimal.co\/\",\"name\":\"Boutique Animal\",\"description\":\"Tienda online de productos para mascotas en Colombia. Env\u00edos r\u00e1pidos y gratis en compras superiores a $100.000\",\"publisher\":{\"@id\":\"https:\/\/boutiqueanimal.co\/#organization\"},\"potentialAction\":[{\"@type\":\"SearchAction\",\"target\":{\"@type\":\"EntryPoint\",\"urlTemplate\":\"https:\/\/boutiqueanimal.co\/?s={search_term_string}\"},\"query-input\":{\"@type\":\"PropertyValueSpecification\",\"valueRequired\":true,\"valueName\":\"search_term_string\"}}],\"inLanguage\":\"en-US\"},{\"@type\":\"Organization\",\"@id\":\"https:\/\/boutiqueanimal.co\/#organization\",\"name\":\"Boutique Animal\",\"url\":\"https:\/\/boutiqueanimal.co\/\",\"logo\":{\"@type\":\"ImageObject\",\"inLanguage\":\"en-US\",\"@id\":\"https:\/\/boutiqueanimal.co\/#\/schema\/logo\/image\/\",\"url\":\"https:\/\/boutiqueanimal.co\/wp-content\/uploads\/2025\/11\/perrito-pc-1024x1024-1.png\",\"contentUrl\":\"https:\/\/boutiqueanimal.co\/wp-content\/uploads\/2025\/11\/perrito-pc-1024x1024-1.png\",\"width\":1024,\"height\":1024,\"caption\":\"Boutique Animal\"},\"image\":{\"@id\":\"https:\/\/boutiqueanimal.co\/#\/schema\/logo\/image\/\"},\"sameAs\":[\"https:\/\/www.facebook.com\/BoutiqueAnimalCo\"]}]}<\/script>\n<!-- \/ Yoast SEO plugin. -->","yoast_head_json":{"title":"Chaleco Salvavidas - Boutique Animal","robots":{"index":"index","follow":"follow","max-snippet":"max-snippet:-1","max-image-preview":"max-image-preview:large","max-video-preview":"max-video-preview:-1"},"canonical":"https:\/\/boutiqueanimal.co\/en\/product\/chaleco-salvavidas\/","og_locale":"en_US","og_type":"article","og_title":"Chaleco Salvavidas - Boutique Animal","og_description":"Chaleco Salvavidas para Mascotas \u2013 Talla M \ud83e\uddba\ud83d\udc36 Mant\u00e9n a tu peludo seguro dentro del agua con nuestro chaleco salvavidas resistente y de alta calidad. Dise\u00f1ado para brindar flotaci\u00f3n, comodidad y mayor visibilidad.  Caracter\u00edsticas: \u2714 Talla M\u2714 Material s\u00faper resistente y de larga duraci\u00f3n\u2714 Reflectivo integrado para mayor seguridad en el agua\u2714 Ajuste c\u00f3modo con correas y hebillas seguras\u2714 Disponible en varios colores Ideal para piscina, r\u00edo, playa o paseos en lancha. \u00a1Tu mascota flotar\u00e1 segura y con estilo! \ud83d\udedf\ud83c\udf0a\ud83d\udc3e","og_url":"https:\/\/boutiqueanimal.co\/en\/product\/chaleco-salvavidas\/","og_site_name":"Boutique Animal","article_publisher":"https:\/\/www.facebook.com\/BoutiqueAnimalCo","article_modified_time":"2026-04-07T19:19:33+00:00","og_image":[{"width":1452,"height":1468,"url":"https:\/\/boutiqueanimal.co\/wp-content\/uploads\/2025\/12\/IMG-20251202-WA0094.jpg","type":"image\/jpeg"}],"twitter_card":"summary_large_image","twitter_misc":{"Est. reading time":"1 minute"},"schema":{"@context":"https:\/\/schema.org","@graph":[{"@type":"WebPage","@id":"https:\/\/boutiqueanimal.co\/producto\/chaleco-salvavidas\/","url":"https:\/\/boutiqueanimal.co\/producto\/chaleco-salvavidas\/","name":"Chaleco Salvavidas - Boutique Animal","isPartOf":{"@id":"https:\/\/boutiqueanimal.co\/#website"},"primaryImageOfPage":{"@id":"https:\/\/boutiqueanimal.co\/producto\/chaleco-salvavidas\/#primaryimage"},"image":{"@id":"https:\/\/boutiqueanimal.co\/producto\/chaleco-salvavidas\/#primaryimage"},"thumbnailUrl":"https:\/\/boutiqueanimal.co\/wp-content\/uploads\/2025\/12\/IMG-20251202-WA0094.jpg","datePublished":"2025-11-01T16:24:58+00:00","dateModified":"2026-04-07T19:19:33+00:00","breadcrumb":{"@id":"https:\/\/boutiqueanimal.co\/producto\/chaleco-salvavidas\/#breadcrumb"},"inLanguage":"en-US","potentialAction":[{"@type":"ReadAction","target":["https:\/\/boutiqueanimal.co\/producto\/chaleco-salvavidas\/"]}]},{"@type":"ImageObject","inLanguage":"en-US","@id":"https:\/\/boutiqueanimal.co\/producto\/chaleco-salvavidas\/#primaryimage","url":"https:\/\/boutiqueanimal.co\/wp-content\/uploads\/2025\/12\/IMG-20251202-WA0094.jpg","contentUrl":"https:\/\/boutiqueanimal.co\/wp-content\/uploads\/2025\/12\/IMG-20251202-WA0094.jpg","width":1452,"height":1468},{"@type":"BreadcrumbList","@id":"https:\/\/boutiqueanimal.co\/producto\/chaleco-salvavidas\/#breadcrumb","itemListElement":[{"@type":"ListItem","position":1,"name":"Inicio","item":"https:\/\/boutiqueanimal.co\/"},{"@type":"ListItem","position":2,"name":"Tienda","item":"https:\/\/boutiqueanimal.co\/tienda\/"},{"@type":"ListItem","position":3,"name":"Chaleco Salvavidas"}]},{"@type":"WebSite","@id":"https:\/\/boutiqueanimal.co\/#website","url":"https:\/\/boutiqueanimal.co\/","name":"Boutique Animal","description":"Tienda online de productos para mascotas en Colombia. Env\u00edos r\u00e1pidos y gratis en compras superiores a $100.000","publisher":{"@id":"https:\/\/boutiqueanimal.co\/#organization"},"potentialAction":[{"@type":"SearchAction","target":{"@type":"EntryPoint","urlTemplate":"https:\/\/boutiqueanimal.co\/?s={search_term_string}"},"query-input":{"@type":"PropertyValueSpecification","valueRequired":true,"valueName":"search_term_string"}}],"inLanguage":"en-US"},{"@type":"Organization","@id":"https:\/\/boutiqueanimal.co\/#organization","name":"Boutique Animal","url":"https:\/\/boutiqueanimal.co\/","logo":{"@type":"ImageObject","inLanguage":"en-US","@id":"https:\/\/boutiqueanimal.co\/#\/schema\/logo\/image\/","url":"https:\/\/boutiqueanimal.co\/wp-content\/uploads\/2025\/11\/perrito-pc-1024x1024-1.png","contentUrl":"https:\/\/boutiqueanimal.co\/wp-content\/uploads\/2025\/11\/perrito-pc-1024x1024-1.png","width":1024,"height":1024,"caption":"Boutique Animal"},"image":{"@id":"https:\/\/boutiqueanimal.co\/#\/schema\/logo\/image\/"},"sameAs":["https:\/\/www.facebook.com\/BoutiqueAnimalCo"]}]}},"_links":{"self":[{"href":"https:\/\/boutiqueanimal.co\/en\/wp-json\/wp\/v2\/product\/1995","targetHints":{"allow":["GET"]}}],"collection":[{"href":"https:\/\/boutiqueanimal.co\/en\/wp-json\/wp\/v2\/product"}],"about":[{"href":"https:\/\/boutiqueanimal.co\/en\/wp-json\/wp\/v2\/types\/product"}],"wp:featuredmedia":[{"embeddable":true,"href":"https:\/\/boutiqueanimal.co\/en\/wp-json\/wp\/v2\/media\/63720"}],"wp:attachment":[{"href":"https:\/\/boutiqueanimal.co\/en\/wp-json\/wp\/v2\/media?parent=1995"}],"wp:term":[{"taxonomy":"product_brand","embeddable":true,"href":"https:\/\/boutiqueanimal.co\/en\/wp-json\/wp\/v2\/product_brand?post=1995"},{"taxonomy":"product_cat","embeddable":true,"href":"https:\/\/boutiqueanimal.co\/en\/wp-json\/wp\/v2\/product_cat?post=1995"},{"taxonomy":"product_tag","embeddable":true,"href":"https:\/\/boutiqueanimal.co\/en\/wp-json\/wp\/v2\/product_tag?post=1995"}],"curies":[{"name":"wp","href":"https:\/\/api.w.org\/{rel}","templated":true}]}}