{"id":2138,"date":"2025-11-01T16:25:22","date_gmt":"2025-11-01T16:25:22","guid":{"rendered":"https:\/\/boutiqueanimal.alojo.app\/wp\/?post_type=product&#038;p=2138"},"modified":"2025-11-27T00:58:48","modified_gmt":"2025-11-27T00:58:48","slug":"cepillo-limpiador","status":"publish","type":"product","link":"https:\/\/boutiqueanimal.co\/en\/product\/cepillo-limpiador\/","title":{"rendered":"Cepillo Limpiador"},"content":{"rendered":"<ul class=\"ui-vpp-highlighted-specs__features-list\">\n<li class=\"ui-vpp-highlighted-specs__features-list-item ui-pdp-color--BLACK ui-pdp-size--XSMALL ui-pdp-family--REGULAR\">\n<p data-start=\"87\" data-end=\"159\"><strong data-start=\"87\" data-end=\"159\">Cepillo Limpiador para Mascotas \u2013 Colores Rojo, Negro y Transparente<\/strong><\/p>\n<p data-start=\"161\" data-end=\"358\">Cepillo pr\u00e1ctico y resistente, ideal para retirar suciedad, pelo suelto y residuos del pelaje o accesorios de tu mascota. Su dise\u00f1o compacto permite un uso c\u00f3modo y preciso en cualquier superficie.<\/p>\n<p data-start=\"360\" data-end=\"379\">\u2714 <strong data-start=\"362\" data-end=\"377\">Materiales:<\/strong><\/p>\n<ul data-start=\"380\" data-end=\"477\">\n<li data-start=\"380\" data-end=\"414\">\n<p data-start=\"382\" data-end=\"414\">Cerdas de pl\u00e1stico resistentes<\/p>\n<\/li>\n<li data-start=\"415\" data-end=\"446\">\n<p data-start=\"417\" data-end=\"446\">Cuerpo en pl\u00e1stico duradero<\/p>\n<\/li>\n<li data-start=\"447\" data-end=\"477\">\n<p data-start=\"449\" data-end=\"477\">Mango ergon\u00f3mico en pl\u00e1stico<\/p>\n<\/li>\n<\/ul>\n<p data-start=\"479\" data-end=\"492\">\u2714 <strong data-start=\"481\" data-end=\"490\">Usos:<\/strong><\/p>\n<ul data-start=\"493\" data-end=\"614\">\n<li data-start=\"493\" data-end=\"523\">\n<p data-start=\"495\" data-end=\"523\">Limpiar pelaje superficial<\/p>\n<\/li>\n<li data-start=\"524\" data-end=\"569\">\n<p data-start=\"526\" data-end=\"569\">Retirar pelos de camas, ropa o accesorios<\/p>\n<\/li>\n<li data-start=\"570\" data-end=\"614\">\n<p data-start=\"572\" data-end=\"614\">Uso r\u00e1pido en mascotas de cualquier tama\u00f1o<\/p>\n<\/li>\n<\/ul>\n<p data-start=\"616\" data-end=\"661\">Disponible en <strong data-start=\"630\" data-end=\"660\">rojo, negro y transparente<\/strong>.<\/p>\n<\/li>\n<\/ul>","protected":false},"excerpt":{"rendered":"<p data-start=\"87\" data-end=\"159\"><strong data-start=\"87\" data-end=\"159\">Cepillo Limpiador para Mascotas \u2013 Colores Rojo, Negro y Transparente<\/strong><\/p>\n<p data-start=\"161\" data-end=\"358\">Cepillo pr\u00e1ctico y resistente, ideal para retirar suciedad, pelo suelto y residuos del pelaje o accesorios de tu mascota. Su dise\u00f1o compacto permite un uso c\u00f3modo y preciso en cualquier superficie.<\/p>\n<p data-start=\"360\" data-end=\"379\">\u2714 <strong data-start=\"362\" data-end=\"377\">Materiales:<\/strong><\/p>\n<ul data-start=\"380\" data-end=\"477\">\n<li data-start=\"380\" data-end=\"414\">\n<p data-start=\"382\" data-end=\"414\">Cerdas de pl\u00e1stico resistentes<\/p>\n<\/li>\n<li data-start=\"415\" data-end=\"446\">\n<p data-start=\"417\" data-end=\"446\">Cuerpo en pl\u00e1stico duradero<\/p>\n<\/li>\n<li data-start=\"447\" data-end=\"477\">\n<p data-start=\"449\" data-end=\"477\">Mango ergon\u00f3mico en pl\u00e1stico<\/p>\n<\/li>\n<\/ul>\n<p data-start=\"479\" data-end=\"492\">\u2714 <strong data-start=\"481\" data-end=\"490\">Usos:<\/strong><\/p>\n<ul data-start=\"493\" data-end=\"614\">\n<li data-start=\"493\" data-end=\"523\">\n<p data-start=\"495\" data-end=\"523\">Limpiar pelaje superficial<\/p>\n<\/li>\n<li data-start=\"524\" data-end=\"569\">\n<p data-start=\"526\" data-end=\"569\">Retirar pelos de camas, ropa o accesorios<\/p>\n<\/li>\n<li data-start=\"570\" data-end=\"614\">\n<p data-start=\"572\" data-end=\"614\">Uso r\u00e1pido en mascotas de cualquier tama\u00f1o<\/p>\n<\/li>\n<\/ul>\n<p data-start=\"616\" data-end=\"661\">Disponible en <strong data-start=\"630\" data-end=\"660\">rojo, negro y transparente<\/strong>.<\/p>","protected":false},"featured_media":2152,"template":"","meta":{"_joinchat":[]},"product_brand":[],"product_cat":[22,23,24],"product_tag":[],"class_list":{"0":"post-2138","1":"product","2":"type-product","3":"status-publish","4":"has-post-thumbnail","6":"product_cat-grooming","7":"product_cat-higiene-grooming","8":"product_cat-productos-nuevos","11":"first","12":"instock","13":"shipping-taxable","14":"purchasable","15":"product-type-variable"},"yoast_head":"<!-- This site is optimized with the Yoast SEO plugin v27.2 - https:\/\/yoast.com\/product\/yoast-seo-wordpress\/ -->\n<title>Cepillo Limpiador - Boutique Animal<\/title>\n<meta name=\"robots\" content=\"index, follow, max-snippet:-1, max-image-preview:large, max-video-preview:-1\" \/>\n<link rel=\"canonical\" href=\"https:\/\/boutiqueanimal.co\/en\/product\/cepillo-limpiador\/\" \/>\n<meta property=\"og:locale\" content=\"en_US\" \/>\n<meta property=\"og:type\" content=\"article\" \/>\n<meta property=\"og:title\" content=\"Cepillo Limpiador - Boutique Animal\" \/>\n<meta property=\"og:description\" content=\"Cepillo Limpiador para Mascotas \u2013 Colores Rojo, Negro y Transparente Cepillo pr\u00e1ctico y resistente, ideal para retirar suciedad, pelo suelto y residuos del pelaje o accesorios de tu mascota. Su dise\u00f1o compacto permite un uso c\u00f3modo y preciso en cualquier superficie. \u2714 Materiales:     Cerdas de pl\u00e1stico resistentes    Cuerpo en pl\u00e1stico duradero    Mango ergon\u00f3mico en pl\u00e1stico   \u2714 Usos:     Limpiar pelaje superficial    Retirar pelos de camas, ropa o accesorios    Uso r\u00e1pido en mascotas de cualquier tama\u00f1o   Disponible en rojo, negro y transparente.\" \/>\n<meta property=\"og:url\" content=\"https:\/\/boutiqueanimal.co\/en\/product\/cepillo-limpiador\/\" \/>\n<meta property=\"og:site_name\" content=\"Boutique Animal\" \/>\n<meta property=\"article:publisher\" content=\"https:\/\/www.facebook.com\/BoutiqueAnimalCo\" \/>\n<meta property=\"article:modified_time\" content=\"2025-11-27T00:58:48+00:00\" \/>\n<meta property=\"og:image\" content=\"https:\/\/boutiqueanimal.co\/wp-content\/uploads\/2025\/11\/IMG-20241118-WA0037.jpg\" \/>\n\t<meta property=\"og:image:width\" content=\"640\" \/>\n\t<meta property=\"og:image:height\" content=\"640\" \/>\n\t<meta property=\"og:image:type\" content=\"image\/jpeg\" \/>\n<meta name=\"twitter:card\" content=\"summary_large_image\" \/>\n<script type=\"application\/ld+json\" class=\"yoast-schema-graph\">{\"@context\":\"https:\/\/schema.org\",\"@graph\":[{\"@type\":\"WebPage\",\"@id\":\"https:\/\/boutiqueanimal.co\/producto\/cepillo-limpiador\/\",\"url\":\"https:\/\/boutiqueanimal.co\/producto\/cepillo-limpiador\/\",\"name\":\"Cepillo Limpiador - Boutique Animal\",\"isPartOf\":{\"@id\":\"https:\/\/boutiqueanimal.co\/#website\"},\"primaryImageOfPage\":{\"@id\":\"https:\/\/boutiqueanimal.co\/producto\/cepillo-limpiador\/#primaryimage\"},\"image\":{\"@id\":\"https:\/\/boutiqueanimal.co\/producto\/cepillo-limpiador\/#primaryimage\"},\"thumbnailUrl\":\"https:\/\/boutiqueanimal.co\/wp-content\/uploads\/2025\/11\/IMG-20241118-WA0037.jpg\",\"datePublished\":\"2025-11-01T16:25:22+00:00\",\"dateModified\":\"2025-11-27T00:58:48+00:00\",\"breadcrumb\":{\"@id\":\"https:\/\/boutiqueanimal.co\/producto\/cepillo-limpiador\/#breadcrumb\"},\"inLanguage\":\"en-US\",\"potentialAction\":[{\"@type\":\"ReadAction\",\"target\":[\"https:\/\/boutiqueanimal.co\/producto\/cepillo-limpiador\/\"]}]},{\"@type\":\"ImageObject\",\"inLanguage\":\"en-US\",\"@id\":\"https:\/\/boutiqueanimal.co\/producto\/cepillo-limpiador\/#primaryimage\",\"url\":\"https:\/\/boutiqueanimal.co\/wp-content\/uploads\/2025\/11\/IMG-20241118-WA0037.jpg\",\"contentUrl\":\"https:\/\/boutiqueanimal.co\/wp-content\/uploads\/2025\/11\/IMG-20241118-WA0037.jpg\",\"width\":640,\"height\":640},{\"@type\":\"BreadcrumbList\",\"@id\":\"https:\/\/boutiqueanimal.co\/producto\/cepillo-limpiador\/#breadcrumb\",\"itemListElement\":[{\"@type\":\"ListItem\",\"position\":1,\"name\":\"Inicio\",\"item\":\"https:\/\/boutiqueanimal.co\/\"},{\"@type\":\"ListItem\",\"position\":2,\"name\":\"Tienda\",\"item\":\"https:\/\/boutiqueanimal.co\/tienda\/\"},{\"@type\":\"ListItem\",\"position\":3,\"name\":\"Cepillo Limpiador\"}]},{\"@type\":\"WebSite\",\"@id\":\"https:\/\/boutiqueanimal.co\/#website\",\"url\":\"https:\/\/boutiqueanimal.co\/\",\"name\":\"Boutique Animal\",\"description\":\"Tienda online de productos para mascotas en Colombia. Env\u00edos r\u00e1pidos y gratis en compras superiores a $100.000\",\"publisher\":{\"@id\":\"https:\/\/boutiqueanimal.co\/#organization\"},\"potentialAction\":[{\"@type\":\"SearchAction\",\"target\":{\"@type\":\"EntryPoint\",\"urlTemplate\":\"https:\/\/boutiqueanimal.co\/?s={search_term_string}\"},\"query-input\":{\"@type\":\"PropertyValueSpecification\",\"valueRequired\":true,\"valueName\":\"search_term_string\"}}],\"inLanguage\":\"en-US\"},{\"@type\":\"Organization\",\"@id\":\"https:\/\/boutiqueanimal.co\/#organization\",\"name\":\"Boutique Animal\",\"url\":\"https:\/\/boutiqueanimal.co\/\",\"logo\":{\"@type\":\"ImageObject\",\"inLanguage\":\"en-US\",\"@id\":\"https:\/\/boutiqueanimal.co\/#\/schema\/logo\/image\/\",\"url\":\"https:\/\/boutiqueanimal.co\/wp-content\/uploads\/2025\/11\/perrito-pc-1024x1024-1.png\",\"contentUrl\":\"https:\/\/boutiqueanimal.co\/wp-content\/uploads\/2025\/11\/perrito-pc-1024x1024-1.png\",\"width\":1024,\"height\":1024,\"caption\":\"Boutique Animal\"},\"image\":{\"@id\":\"https:\/\/boutiqueanimal.co\/#\/schema\/logo\/image\/\"},\"sameAs\":[\"https:\/\/www.facebook.com\/BoutiqueAnimalCo\"]}]}<\/script>\n<!-- \/ Yoast SEO plugin. -->","yoast_head_json":{"title":"Cepillo Limpiador - Boutique Animal","robots":{"index":"index","follow":"follow","max-snippet":"max-snippet:-1","max-image-preview":"max-image-preview:large","max-video-preview":"max-video-preview:-1"},"canonical":"https:\/\/boutiqueanimal.co\/en\/product\/cepillo-limpiador\/","og_locale":"en_US","og_type":"article","og_title":"Cepillo Limpiador - Boutique Animal","og_description":"Cepillo Limpiador para Mascotas \u2013 Colores Rojo, Negro y Transparente Cepillo pr\u00e1ctico y resistente, ideal para retirar suciedad, pelo suelto y residuos del pelaje o accesorios de tu mascota. Su dise\u00f1o compacto permite un uso c\u00f3modo y preciso en cualquier superficie. \u2714 Materiales:     Cerdas de pl\u00e1stico resistentes    Cuerpo en pl\u00e1stico duradero    Mango ergon\u00f3mico en pl\u00e1stico   \u2714 Usos:     Limpiar pelaje superficial    Retirar pelos de camas, ropa o accesorios    Uso r\u00e1pido en mascotas de cualquier tama\u00f1o   Disponible en rojo, negro y transparente.","og_url":"https:\/\/boutiqueanimal.co\/en\/product\/cepillo-limpiador\/","og_site_name":"Boutique Animal","article_publisher":"https:\/\/www.facebook.com\/BoutiqueAnimalCo","article_modified_time":"2025-11-27T00:58:48+00:00","og_image":[{"width":640,"height":640,"url":"https:\/\/boutiqueanimal.co\/wp-content\/uploads\/2025\/11\/IMG-20241118-WA0037.jpg","type":"image\/jpeg"}],"twitter_card":"summary_large_image","schema":{"@context":"https:\/\/schema.org","@graph":[{"@type":"WebPage","@id":"https:\/\/boutiqueanimal.co\/producto\/cepillo-limpiador\/","url":"https:\/\/boutiqueanimal.co\/producto\/cepillo-limpiador\/","name":"Cepillo Limpiador - Boutique Animal","isPartOf":{"@id":"https:\/\/boutiqueanimal.co\/#website"},"primaryImageOfPage":{"@id":"https:\/\/boutiqueanimal.co\/producto\/cepillo-limpiador\/#primaryimage"},"image":{"@id":"https:\/\/boutiqueanimal.co\/producto\/cepillo-limpiador\/#primaryimage"},"thumbnailUrl":"https:\/\/boutiqueanimal.co\/wp-content\/uploads\/2025\/11\/IMG-20241118-WA0037.jpg","datePublished":"2025-11-01T16:25:22+00:00","dateModified":"2025-11-27T00:58:48+00:00","breadcrumb":{"@id":"https:\/\/boutiqueanimal.co\/producto\/cepillo-limpiador\/#breadcrumb"},"inLanguage":"en-US","potentialAction":[{"@type":"ReadAction","target":["https:\/\/boutiqueanimal.co\/producto\/cepillo-limpiador\/"]}]},{"@type":"ImageObject","inLanguage":"en-US","@id":"https:\/\/boutiqueanimal.co\/producto\/cepillo-limpiador\/#primaryimage","url":"https:\/\/boutiqueanimal.co\/wp-content\/uploads\/2025\/11\/IMG-20241118-WA0037.jpg","contentUrl":"https:\/\/boutiqueanimal.co\/wp-content\/uploads\/2025\/11\/IMG-20241118-WA0037.jpg","width":640,"height":640},{"@type":"BreadcrumbList","@id":"https:\/\/boutiqueanimal.co\/producto\/cepillo-limpiador\/#breadcrumb","itemListElement":[{"@type":"ListItem","position":1,"name":"Inicio","item":"https:\/\/boutiqueanimal.co\/"},{"@type":"ListItem","position":2,"name":"Tienda","item":"https:\/\/boutiqueanimal.co\/tienda\/"},{"@type":"ListItem","position":3,"name":"Cepillo Limpiador"}]},{"@type":"WebSite","@id":"https:\/\/boutiqueanimal.co\/#website","url":"https:\/\/boutiqueanimal.co\/","name":"Boutique Animal","description":"Tienda online de productos para mascotas en Colombia. Env\u00edos r\u00e1pidos y gratis en compras superiores a $100.000","publisher":{"@id":"https:\/\/boutiqueanimal.co\/#organization"},"potentialAction":[{"@type":"SearchAction","target":{"@type":"EntryPoint","urlTemplate":"https:\/\/boutiqueanimal.co\/?s={search_term_string}"},"query-input":{"@type":"PropertyValueSpecification","valueRequired":true,"valueName":"search_term_string"}}],"inLanguage":"en-US"},{"@type":"Organization","@id":"https:\/\/boutiqueanimal.co\/#organization","name":"Boutique Animal","url":"https:\/\/boutiqueanimal.co\/","logo":{"@type":"ImageObject","inLanguage":"en-US","@id":"https:\/\/boutiqueanimal.co\/#\/schema\/logo\/image\/","url":"https:\/\/boutiqueanimal.co\/wp-content\/uploads\/2025\/11\/perrito-pc-1024x1024-1.png","contentUrl":"https:\/\/boutiqueanimal.co\/wp-content\/uploads\/2025\/11\/perrito-pc-1024x1024-1.png","width":1024,"height":1024,"caption":"Boutique Animal"},"image":{"@id":"https:\/\/boutiqueanimal.co\/#\/schema\/logo\/image\/"},"sameAs":["https:\/\/www.facebook.com\/BoutiqueAnimalCo"]}]}},"_links":{"self":[{"href":"https:\/\/boutiqueanimal.co\/en\/wp-json\/wp\/v2\/product\/2138","targetHints":{"allow":["GET"]}}],"collection":[{"href":"https:\/\/boutiqueanimal.co\/en\/wp-json\/wp\/v2\/product"}],"about":[{"href":"https:\/\/boutiqueanimal.co\/en\/wp-json\/wp\/v2\/types\/product"}],"wp:featuredmedia":[{"embeddable":true,"href":"https:\/\/boutiqueanimal.co\/en\/wp-json\/wp\/v2\/media\/2152"}],"wp:attachment":[{"href":"https:\/\/boutiqueanimal.co\/en\/wp-json\/wp\/v2\/media?parent=2138"}],"wp:term":[{"taxonomy":"product_brand","embeddable":true,"href":"https:\/\/boutiqueanimal.co\/en\/wp-json\/wp\/v2\/product_brand?post=2138"},{"taxonomy":"product_cat","embeddable":true,"href":"https:\/\/boutiqueanimal.co\/en\/wp-json\/wp\/v2\/product_cat?post=2138"},{"taxonomy":"product_tag","embeddable":true,"href":"https:\/\/boutiqueanimal.co\/en\/wp-json\/wp\/v2\/product_tag?post=2138"}],"curies":[{"name":"wp","href":"https:\/\/api.w.org\/{rel}","templated":true}]}}