{"id":2175,"date":"2025-11-01T16:25:28","date_gmt":"2025-11-01T16:25:28","guid":{"rendered":"https:\/\/boutiqueanimal.alojo.app\/wp\/?post_type=product&#038;p=2175"},"modified":"2026-01-07T17:02:58","modified_gmt":"2026-01-07T22:02:58","slug":"cuchilla-de-corte-ceramica","status":"publish","type":"product","link":"https:\/\/boutiqueanimal.co\/en\/product\/cuchilla-de-corte-ceramica\/","title":{"rendered":"Cuchilla de corte cer\u00e1mica"},"content":{"rendered":"<p data-start=\"220\" data-end=\"510\">La <strong data-start=\"223\" data-end=\"267\">cuchilla m\u00f3vil de cer\u00e1mica para mascotas<\/strong> ofrece un corte preciso, suave y eficiente. Es compatible con la mayor\u00eda de las m\u00e1quinas profesionales y est\u00e1 fabricada en <strong data-start=\"391\" data-end=\"422\">cer\u00e1mica de alta tecnolog\u00eda<\/strong>, lo que garantiza mayor durabilidad y mejor rendimiento durante la jornada de grooming.<\/p>\n<p data-start=\"512\" data-end=\"653\">Gracias a su <strong data-start=\"525\" data-end=\"549\">resistencia al calor<\/strong>, proporciona un corte m\u00e1s fresco y c\u00f3modo, reduciendo el riesgo de irritaci\u00f3n en la piel de la mascota.<\/p>\n<hr data-start=\"655\" data-end=\"658\" \/>\n<h3 data-start=\"660\" data-end=\"681\">\u2728 Caracter\u00edsticas<\/h3>\n<ul data-start=\"682\" data-end=\"928\">\n<li data-start=\"682\" data-end=\"755\">\n<p data-start=\"684\" data-end=\"755\">Compatible con marcas como <strong data-start=\"711\" data-end=\"740\">Andis, Oster, Wahl, Moser<\/strong>, entre otras<\/p>\n<\/li>\n<li data-start=\"756\" data-end=\"804\">\n<p data-start=\"758\" data-end=\"804\">Fabricada en <strong data-start=\"771\" data-end=\"802\">cer\u00e1mica de alta tecnolog\u00eda<\/strong><\/p>\n<\/li>\n<li data-start=\"805\" data-end=\"840\">\n<p data-start=\"807\" data-end=\"840\">Mantiene el filo por m\u00e1s tiempo<\/p>\n<\/li>\n<li data-start=\"841\" data-end=\"885\">\n<p data-start=\"843\" data-end=\"885\">Resistente al calor para mayor comodidad<\/p>\n<\/li>\n<li data-start=\"886\" data-end=\"928\">\n<p data-start=\"888\" data-end=\"928\">Ideal para uso profesional y dom\u00e9stico<\/p>\n<\/li>\n<\/ul>\n<hr data-start=\"930\" data-end=\"933\" \/>\n<h3 data-start=\"935\" data-end=\"961\">\ud83c\udfa8 Colores disponibles<\/h3>\n<ul data-start=\"962\" data-end=\"1006\">\n<li data-start=\"962\" data-end=\"985\">\n<p data-start=\"964\" data-end=\"985\">Cer\u00e1mica <strong data-start=\"973\" data-end=\"983\">blanca<\/strong><\/p>\n<\/li>\n<li data-start=\"986\" data-end=\"1006\">\n<p data-start=\"988\" data-end=\"1006\">Cer\u00e1mica <strong data-start=\"997\" data-end=\"1006\">negra<\/strong><\/p>\n<\/li>\n<\/ul>","protected":false},"excerpt":{"rendered":"<p>La cuchilla m\u00f3vil de cer\u00e1mica para mascotas ofrece un corte preciso, suave y eficiente. Es compatible con la mayor\u00eda de las m\u00e1quinas profesionales y est\u00e1 fabricada en cer\u00e1mica de alta tecnolog\u00eda, lo que garantiza mayor durabilidad y mejor rendimiento durante la jornada de grooming. Gracias a su resistencia al calor, proporciona un corte m\u00e1s fresco y c\u00f3modo, reduciendo el riesgo de irritaci\u00f3n en la piel de la mascota. \u2728 Caracter\u00edsticas Compatible con marcas como Andis, Oster, Wahl, Moser, entre otras Fabricada en cer\u00e1mica de alta tecnolog\u00eda Mantiene el filo por m\u00e1s tiempo Resistente al calor para mayor comodidad Ideal para uso profesional y dom\u00e9stico \ud83c\udfa8 Colores disponibles Cer\u00e1mica blanca Cer\u00e1mica negra<\/p>","protected":false},"featured_media":2256,"template":"","meta":{"_joinchat":[]},"product_brand":[],"product_cat":[39,22,38,24],"product_tag":[],"class_list":{"0":"post-2175","1":"product","2":"type-product","3":"status-publish","4":"has-post-thumbnail","6":"product_cat-accesorios-grooming","7":"product_cat-grooming","8":"product_cat-maquinas","9":"product_cat-productos-nuevos","12":"first","13":"instock","14":"shipping-taxable","15":"purchasable","16":"product-type-variable"},"yoast_head":"<!-- This site is optimized with the Yoast SEO plugin v27.2 - https:\/\/yoast.com\/product\/yoast-seo-wordpress\/ -->\n<title>Cuchilla de corte cer\u00e1mica - Boutique Animal<\/title>\n<meta name=\"robots\" content=\"index, follow, max-snippet:-1, max-image-preview:large, max-video-preview:-1\" \/>\n<link rel=\"canonical\" href=\"https:\/\/boutiqueanimal.co\/en\/product\/cuchilla-de-corte-ceramica\/\" \/>\n<meta property=\"og:locale\" content=\"en_US\" \/>\n<meta property=\"og:type\" content=\"article\" \/>\n<meta property=\"og:title\" content=\"Cuchilla de corte cer\u00e1mica - Boutique Animal\" \/>\n<meta property=\"og:description\" content=\"La cuchilla m\u00f3vil de cer\u00e1mica para mascotas ofrece un corte preciso, suave y eficiente. Es compatible con la mayor\u00eda de las m\u00e1quinas profesionales y est\u00e1 fabricada en cer\u00e1mica de alta tecnolog\u00eda, lo que garantiza mayor durabilidad y mejor rendimiento durante la jornada de grooming. Gracias a su resistencia al calor, proporciona un corte m\u00e1s fresco y c\u00f3modo, reduciendo el riesgo de irritaci\u00f3n en la piel de la mascota. \u2728 Caracter\u00edsticas Compatible con marcas como Andis, Oster, Wahl, Moser, entre otras Fabricada en cer\u00e1mica de alta tecnolog\u00eda Mantiene el filo por m\u00e1s tiempo Resistente al calor para mayor comodidad Ideal para uso profesional y dom\u00e9stico \ud83c\udfa8 Colores disponibles Cer\u00e1mica blanca Cer\u00e1mica negra\" \/>\n<meta property=\"og:url\" content=\"https:\/\/boutiqueanimal.co\/en\/product\/cuchilla-de-corte-ceramica\/\" \/>\n<meta property=\"og:site_name\" content=\"Boutique Animal\" \/>\n<meta property=\"article:publisher\" content=\"https:\/\/www.facebook.com\/BoutiqueAnimalCo\" \/>\n<meta property=\"article:modified_time\" content=\"2026-01-07T22:02:58+00:00\" \/>\n<meta property=\"og:image\" content=\"https:\/\/boutiqueanimal.co\/wp-content\/uploads\/2025\/11\/IMG-20241118-WA0036.jpg\" \/>\n\t<meta property=\"og:image:width\" content=\"640\" \/>\n\t<meta property=\"og:image:height\" content=\"640\" \/>\n\t<meta property=\"og:image:type\" content=\"image\/jpeg\" \/>\n<meta name=\"twitter:card\" content=\"summary_large_image\" \/>\n<meta name=\"twitter:label1\" content=\"Est. reading time\" \/>\n\t<meta name=\"twitter:data1\" content=\"1 minute\" \/>\n<script type=\"application\/ld+json\" class=\"yoast-schema-graph\">{\"@context\":\"https:\/\/schema.org\",\"@graph\":[{\"@type\":\"WebPage\",\"@id\":\"https:\/\/boutiqueanimal.co\/producto\/cuchilla-de-corte-ceramica\/\",\"url\":\"https:\/\/boutiqueanimal.co\/producto\/cuchilla-de-corte-ceramica\/\",\"name\":\"Cuchilla de corte cer\u00e1mica - Boutique Animal\",\"isPartOf\":{\"@id\":\"https:\/\/boutiqueanimal.co\/#website\"},\"primaryImageOfPage\":{\"@id\":\"https:\/\/boutiqueanimal.co\/producto\/cuchilla-de-corte-ceramica\/#primaryimage\"},\"image\":{\"@id\":\"https:\/\/boutiqueanimal.co\/producto\/cuchilla-de-corte-ceramica\/#primaryimage\"},\"thumbnailUrl\":\"https:\/\/boutiqueanimal.co\/wp-content\/uploads\/2025\/11\/IMG-20241118-WA0036.jpg\",\"datePublished\":\"2025-11-01T16:25:28+00:00\",\"dateModified\":\"2026-01-07T22:02:58+00:00\",\"breadcrumb\":{\"@id\":\"https:\/\/boutiqueanimal.co\/producto\/cuchilla-de-corte-ceramica\/#breadcrumb\"},\"inLanguage\":\"en-US\",\"potentialAction\":[{\"@type\":\"ReadAction\",\"target\":[\"https:\/\/boutiqueanimal.co\/producto\/cuchilla-de-corte-ceramica\/\"]}]},{\"@type\":\"ImageObject\",\"inLanguage\":\"en-US\",\"@id\":\"https:\/\/boutiqueanimal.co\/producto\/cuchilla-de-corte-ceramica\/#primaryimage\",\"url\":\"https:\/\/boutiqueanimal.co\/wp-content\/uploads\/2025\/11\/IMG-20241118-WA0036.jpg\",\"contentUrl\":\"https:\/\/boutiqueanimal.co\/wp-content\/uploads\/2025\/11\/IMG-20241118-WA0036.jpg\",\"width\":640,\"height\":640},{\"@type\":\"BreadcrumbList\",\"@id\":\"https:\/\/boutiqueanimal.co\/producto\/cuchilla-de-corte-ceramica\/#breadcrumb\",\"itemListElement\":[{\"@type\":\"ListItem\",\"position\":1,\"name\":\"Inicio\",\"item\":\"https:\/\/boutiqueanimal.co\/\"},{\"@type\":\"ListItem\",\"position\":2,\"name\":\"Tienda\",\"item\":\"https:\/\/boutiqueanimal.co\/tienda\/\"},{\"@type\":\"ListItem\",\"position\":3,\"name\":\"Cuchilla de corte cer\u00e1mica\"}]},{\"@type\":\"WebSite\",\"@id\":\"https:\/\/boutiqueanimal.co\/#website\",\"url\":\"https:\/\/boutiqueanimal.co\/\",\"name\":\"Boutique Animal\",\"description\":\"Tienda online de productos para mascotas en Colombia. Env\u00edos r\u00e1pidos y gratis en compras superiores a $100.000\",\"publisher\":{\"@id\":\"https:\/\/boutiqueanimal.co\/#organization\"},\"potentialAction\":[{\"@type\":\"SearchAction\",\"target\":{\"@type\":\"EntryPoint\",\"urlTemplate\":\"https:\/\/boutiqueanimal.co\/?s={search_term_string}\"},\"query-input\":{\"@type\":\"PropertyValueSpecification\",\"valueRequired\":true,\"valueName\":\"search_term_string\"}}],\"inLanguage\":\"en-US\"},{\"@type\":\"Organization\",\"@id\":\"https:\/\/boutiqueanimal.co\/#organization\",\"name\":\"Boutique Animal\",\"url\":\"https:\/\/boutiqueanimal.co\/\",\"logo\":{\"@type\":\"ImageObject\",\"inLanguage\":\"en-US\",\"@id\":\"https:\/\/boutiqueanimal.co\/#\/schema\/logo\/image\/\",\"url\":\"https:\/\/boutiqueanimal.co\/wp-content\/uploads\/2025\/11\/perrito-pc-1024x1024-1.png\",\"contentUrl\":\"https:\/\/boutiqueanimal.co\/wp-content\/uploads\/2025\/11\/perrito-pc-1024x1024-1.png\",\"width\":1024,\"height\":1024,\"caption\":\"Boutique Animal\"},\"image\":{\"@id\":\"https:\/\/boutiqueanimal.co\/#\/schema\/logo\/image\/\"},\"sameAs\":[\"https:\/\/www.facebook.com\/BoutiqueAnimalCo\"]}]}<\/script>\n<!-- \/ Yoast SEO plugin. -->","yoast_head_json":{"title":"Cuchilla de corte cer\u00e1mica - Boutique Animal","robots":{"index":"index","follow":"follow","max-snippet":"max-snippet:-1","max-image-preview":"max-image-preview:large","max-video-preview":"max-video-preview:-1"},"canonical":"https:\/\/boutiqueanimal.co\/en\/product\/cuchilla-de-corte-ceramica\/","og_locale":"en_US","og_type":"article","og_title":"Cuchilla de corte cer\u00e1mica - Boutique Animal","og_description":"La cuchilla m\u00f3vil de cer\u00e1mica para mascotas ofrece un corte preciso, suave y eficiente. Es compatible con la mayor\u00eda de las m\u00e1quinas profesionales y est\u00e1 fabricada en cer\u00e1mica de alta tecnolog\u00eda, lo que garantiza mayor durabilidad y mejor rendimiento durante la jornada de grooming. Gracias a su resistencia al calor, proporciona un corte m\u00e1s fresco y c\u00f3modo, reduciendo el riesgo de irritaci\u00f3n en la piel de la mascota. \u2728 Caracter\u00edsticas Compatible con marcas como Andis, Oster, Wahl, Moser, entre otras Fabricada en cer\u00e1mica de alta tecnolog\u00eda Mantiene el filo por m\u00e1s tiempo Resistente al calor para mayor comodidad Ideal para uso profesional y dom\u00e9stico \ud83c\udfa8 Colores disponibles Cer\u00e1mica blanca Cer\u00e1mica negra","og_url":"https:\/\/boutiqueanimal.co\/en\/product\/cuchilla-de-corte-ceramica\/","og_site_name":"Boutique Animal","article_publisher":"https:\/\/www.facebook.com\/BoutiqueAnimalCo","article_modified_time":"2026-01-07T22:02:58+00:00","og_image":[{"width":640,"height":640,"url":"https:\/\/boutiqueanimal.co\/wp-content\/uploads\/2025\/11\/IMG-20241118-WA0036.jpg","type":"image\/jpeg"}],"twitter_card":"summary_large_image","twitter_misc":{"Est. reading time":"1 minute"},"schema":{"@context":"https:\/\/schema.org","@graph":[{"@type":"WebPage","@id":"https:\/\/boutiqueanimal.co\/producto\/cuchilla-de-corte-ceramica\/","url":"https:\/\/boutiqueanimal.co\/producto\/cuchilla-de-corte-ceramica\/","name":"Cuchilla de corte cer\u00e1mica - Boutique Animal","isPartOf":{"@id":"https:\/\/boutiqueanimal.co\/#website"},"primaryImageOfPage":{"@id":"https:\/\/boutiqueanimal.co\/producto\/cuchilla-de-corte-ceramica\/#primaryimage"},"image":{"@id":"https:\/\/boutiqueanimal.co\/producto\/cuchilla-de-corte-ceramica\/#primaryimage"},"thumbnailUrl":"https:\/\/boutiqueanimal.co\/wp-content\/uploads\/2025\/11\/IMG-20241118-WA0036.jpg","datePublished":"2025-11-01T16:25:28+00:00","dateModified":"2026-01-07T22:02:58+00:00","breadcrumb":{"@id":"https:\/\/boutiqueanimal.co\/producto\/cuchilla-de-corte-ceramica\/#breadcrumb"},"inLanguage":"en-US","potentialAction":[{"@type":"ReadAction","target":["https:\/\/boutiqueanimal.co\/producto\/cuchilla-de-corte-ceramica\/"]}]},{"@type":"ImageObject","inLanguage":"en-US","@id":"https:\/\/boutiqueanimal.co\/producto\/cuchilla-de-corte-ceramica\/#primaryimage","url":"https:\/\/boutiqueanimal.co\/wp-content\/uploads\/2025\/11\/IMG-20241118-WA0036.jpg","contentUrl":"https:\/\/boutiqueanimal.co\/wp-content\/uploads\/2025\/11\/IMG-20241118-WA0036.jpg","width":640,"height":640},{"@type":"BreadcrumbList","@id":"https:\/\/boutiqueanimal.co\/producto\/cuchilla-de-corte-ceramica\/#breadcrumb","itemListElement":[{"@type":"ListItem","position":1,"name":"Inicio","item":"https:\/\/boutiqueanimal.co\/"},{"@type":"ListItem","position":2,"name":"Tienda","item":"https:\/\/boutiqueanimal.co\/tienda\/"},{"@type":"ListItem","position":3,"name":"Cuchilla de corte cer\u00e1mica"}]},{"@type":"WebSite","@id":"https:\/\/boutiqueanimal.co\/#website","url":"https:\/\/boutiqueanimal.co\/","name":"Boutique Animal","description":"Tienda online de productos para mascotas en Colombia. Env\u00edos r\u00e1pidos y gratis en compras superiores a $100.000","publisher":{"@id":"https:\/\/boutiqueanimal.co\/#organization"},"potentialAction":[{"@type":"SearchAction","target":{"@type":"EntryPoint","urlTemplate":"https:\/\/boutiqueanimal.co\/?s={search_term_string}"},"query-input":{"@type":"PropertyValueSpecification","valueRequired":true,"valueName":"search_term_string"}}],"inLanguage":"en-US"},{"@type":"Organization","@id":"https:\/\/boutiqueanimal.co\/#organization","name":"Boutique Animal","url":"https:\/\/boutiqueanimal.co\/","logo":{"@type":"ImageObject","inLanguage":"en-US","@id":"https:\/\/boutiqueanimal.co\/#\/schema\/logo\/image\/","url":"https:\/\/boutiqueanimal.co\/wp-content\/uploads\/2025\/11\/perrito-pc-1024x1024-1.png","contentUrl":"https:\/\/boutiqueanimal.co\/wp-content\/uploads\/2025\/11\/perrito-pc-1024x1024-1.png","width":1024,"height":1024,"caption":"Boutique Animal"},"image":{"@id":"https:\/\/boutiqueanimal.co\/#\/schema\/logo\/image\/"},"sameAs":["https:\/\/www.facebook.com\/BoutiqueAnimalCo"]}]}},"_links":{"self":[{"href":"https:\/\/boutiqueanimal.co\/en\/wp-json\/wp\/v2\/product\/2175","targetHints":{"allow":["GET"]}}],"collection":[{"href":"https:\/\/boutiqueanimal.co\/en\/wp-json\/wp\/v2\/product"}],"about":[{"href":"https:\/\/boutiqueanimal.co\/en\/wp-json\/wp\/v2\/types\/product"}],"wp:featuredmedia":[{"embeddable":true,"href":"https:\/\/boutiqueanimal.co\/en\/wp-json\/wp\/v2\/media\/2256"}],"wp:attachment":[{"href":"https:\/\/boutiqueanimal.co\/en\/wp-json\/wp\/v2\/media?parent=2175"}],"wp:term":[{"taxonomy":"product_brand","embeddable":true,"href":"https:\/\/boutiqueanimal.co\/en\/wp-json\/wp\/v2\/product_brand?post=2175"},{"taxonomy":"product_cat","embeddable":true,"href":"https:\/\/boutiqueanimal.co\/en\/wp-json\/wp\/v2\/product_cat?post=2175"},{"taxonomy":"product_tag","embeddable":true,"href":"https:\/\/boutiqueanimal.co\/en\/wp-json\/wp\/v2\/product_tag?post=2175"}],"curies":[{"name":"wp","href":"https:\/\/api.w.org\/{rel}","templated":true}]}}