{"id":2179,"date":"2025-11-01T16:25:29","date_gmt":"2025-11-01T16:25:29","guid":{"rendered":"https:\/\/boutiqueanimal.alojo.app\/wp\/?post_type=product&#038;p=2179"},"modified":"2026-03-30T22:51:55","modified_gmt":"2026-03-31T03:51:55","slug":"lima-electrica-para-perros-y-gatos","status":"publish","type":"product","link":"https:\/\/boutiqueanimal.co\/en\/product\/lima-electrica-para-perros-y-gatos\/","title":{"rendered":"Lima Electrica para Perros y Gatos"},"content":{"rendered":"<h3 data-start=\"119\" data-end=\"169\"><strong data-start=\"123\" data-end=\"169\">Limador de U\u00f1as Ped Pedicure para Mascotas<\/strong><\/h3>\n<p data-start=\"171\" data-end=\"487\">Recorta las u\u00f1as de tu mascota <strong data-start=\"202\" data-end=\"242\">de forma r\u00e1pida, segura y sin estr\u00e9s<\/strong> con nuestro <strong data-start=\"255\" data-end=\"287\">Limador de U\u00f1as Ped Pedicure<\/strong>.<br data-start=\"288\" data-end=\"291\" \/>Su motor <strong data-start=\"300\" data-end=\"314\">silencioso<\/strong> evita asustar a tu mascota, ideal para perros y gatos nerviosos o primerizos.<br data-start=\"392\" data-end=\"395\" \/>Adem\u00e1s, es <strong data-start=\"406\" data-end=\"440\">inal\u00e1mbrico, ligero y port\u00e1til<\/strong>, perfecto para usar en casa o llevar de viaje.<\/p>\n<p data-start=\"489\" data-end=\"650\">\u2714\ufe0f <strong data-start=\"492\" data-end=\"521\">Silencioso, no los asusta<\/strong><br data-start=\"521\" data-end=\"524\" \/>\u2714\ufe0f <strong data-start=\"527\" data-end=\"565\">Interruptor f\u00e1cil de usar (ON\/OFF)<\/strong><br data-start=\"565\" data-end=\"568\" \/>\u2714\ufe0f <strong data-start=\"571\" data-end=\"599\">Inal\u00e1mbrico y recargable<\/strong><br data-start=\"599\" data-end=\"602\" \/>\u2714\ufe0f <strong data-start=\"605\" data-end=\"650\">Seguro para mascotas de todos los tama\u00f1os<\/strong><\/p>\n<p data-start=\"652\" data-end=\"755\">\ud83d\udc97 Ideal para mantener sus u\u00f1as cortas, sin dolor y evitando da\u00f1os en muebles o ara\u00f1azos involuntarios.<\/p>","protected":false},"excerpt":{"rendered":"<h3 data-start=\"119\" data-end=\"169\"><strong data-start=\"123\" data-end=\"169\">Limador de U\u00f1as Ped Pedicure para Mascotas<\/strong><\/h3>\n<p data-start=\"171\" data-end=\"487\">Recorta las u\u00f1as de tu mascota <strong data-start=\"202\" data-end=\"242\">de forma r\u00e1pida, segura y sin estr\u00e9s<\/strong> con nuestro <strong data-start=\"255\" data-end=\"287\">Limador de U\u00f1as Ped Pedicure<\/strong>.<br data-start=\"288\" data-end=\"291\" \/>Su motor <strong data-start=\"300\" data-end=\"314\">silencioso<\/strong> evita asustar a tu mascota, ideal para perros y gatos nerviosos o primerizos.<br data-start=\"392\" data-end=\"395\" \/>Adem\u00e1s, es <strong data-start=\"406\" data-end=\"440\">inal\u00e1mbrico, ligero y port\u00e1til<\/strong>, perfecto para usar en casa o llevar de viaje.<\/p>\n<p data-start=\"489\" data-end=\"650\">\u2714\ufe0f <strong data-start=\"492\" data-end=\"521\">Silencioso, no los asusta<\/strong><br data-start=\"521\" data-end=\"524\" \/>\u2714\ufe0f <strong data-start=\"527\" data-end=\"565\">Interruptor f\u00e1cil de usar (ON\/OFF)<\/strong><br data-start=\"565\" data-end=\"568\" \/>\u2714\ufe0f <strong data-start=\"571\" data-end=\"599\">Inal\u00e1mbrico y recargable<\/strong><br data-start=\"599\" data-end=\"602\" \/>\u2714\ufe0f <strong data-start=\"605\" data-end=\"650\">Seguro para mascotas de todos los tama\u00f1os<\/strong><\/p>\n<p data-start=\"652\" data-end=\"755\">\ud83d\udc97 Ideal para mantener sus u\u00f1as cortas, sin dolor y evitando da\u00f1os en muebles o ara\u00f1azos involuntarios.<\/p>","protected":false},"featured_media":2263,"template":"","meta":{"_joinchat":[]},"product_brand":[],"product_cat":[16,22,23,17,19,18,24],"product_tag":[],"class_list":{"0":"post-2179","1":"product","2":"type-product","3":"status-publish","4":"has-post-thumbnail","6":"product_cat-gatos","7":"product_cat-grooming","8":"product_cat-higiene-grooming","9":"product_cat-higiene","10":"product_cat-higiene-perros","11":"product_cat-perros","12":"product_cat-productos-nuevos","15":"first","16":"instock","17":"shipping-taxable","18":"purchasable","19":"product-type-simple"},"yoast_head":"<!-- This site is optimized with the Yoast SEO plugin v27.2 - https:\/\/yoast.com\/product\/yoast-seo-wordpress\/ -->\n<title>Lima Electrica para Perros y Gatos - Boutique Animal<\/title>\n<meta name=\"robots\" content=\"index, follow, max-snippet:-1, max-image-preview:large, max-video-preview:-1\" \/>\n<link rel=\"canonical\" href=\"https:\/\/boutiqueanimal.co\/en\/product\/lima-electrica-para-perros-y-gatos\/\" \/>\n<meta property=\"og:locale\" content=\"en_US\" \/>\n<meta property=\"og:type\" content=\"article\" \/>\n<meta property=\"og:title\" content=\"Lima Electrica para Perros y Gatos - Boutique Animal\" \/>\n<meta property=\"og:description\" content=\"Limador de U\u00f1as Ped Pedicure para Mascotas Recorta las u\u00f1as de tu mascota de forma r\u00e1pida, segura y sin estr\u00e9s con nuestro Limador de U\u00f1as Ped Pedicure.Su motor silencioso evita asustar a tu mascota, ideal para perros y gatos nerviosos o primerizos.Adem\u00e1s, es inal\u00e1mbrico, ligero y port\u00e1til, perfecto para usar en casa o llevar de viaje. \u2714\ufe0f Silencioso, no los asusta\u2714\ufe0f Interruptor f\u00e1cil de usar (ON\/OFF)\u2714\ufe0f Inal\u00e1mbrico y recargable\u2714\ufe0f Seguro para mascotas de todos los tama\u00f1os \ud83d\udc97 Ideal para mantener sus u\u00f1as cortas, sin dolor y evitando da\u00f1os en muebles o ara\u00f1azos involuntarios.\" \/>\n<meta property=\"og:url\" content=\"https:\/\/boutiqueanimal.co\/en\/product\/lima-electrica-para-perros-y-gatos\/\" \/>\n<meta property=\"og:site_name\" content=\"Boutique Animal\" \/>\n<meta property=\"article:publisher\" content=\"https:\/\/www.facebook.com\/BoutiqueAnimalCo\" \/>\n<meta property=\"article:modified_time\" content=\"2026-03-31T03:51:55+00:00\" \/>\n<meta property=\"og:image\" content=\"https:\/\/boutiqueanimal.co\/wp-content\/uploads\/2025\/11\/D_NQ_NP_2X_817006-MCO74718219843_022024-F.webp\" \/>\n\t<meta property=\"og:image:width\" content=\"1153\" \/>\n\t<meta property=\"og:image:height\" content=\"1134\" \/>\n\t<meta property=\"og:image:type\" content=\"image\/webp\" \/>\n<meta name=\"twitter:card\" content=\"summary_large_image\" \/>\n<meta name=\"twitter:label1\" content=\"Est. reading time\" \/>\n\t<meta name=\"twitter:data1\" content=\"1 minute\" \/>\n<script type=\"application\/ld+json\" class=\"yoast-schema-graph\">{\"@context\":\"https:\/\/schema.org\",\"@graph\":[{\"@type\":\"WebPage\",\"@id\":\"https:\/\/boutiqueanimal.co\/producto\/lima-electrica-para-perros-y-gatos\/\",\"url\":\"https:\/\/boutiqueanimal.co\/producto\/lima-electrica-para-perros-y-gatos\/\",\"name\":\"Lima Electrica para Perros y Gatos - Boutique Animal\",\"isPartOf\":{\"@id\":\"https:\/\/boutiqueanimal.co\/#website\"},\"primaryImageOfPage\":{\"@id\":\"https:\/\/boutiqueanimal.co\/producto\/lima-electrica-para-perros-y-gatos\/#primaryimage\"},\"image\":{\"@id\":\"https:\/\/boutiqueanimal.co\/producto\/lima-electrica-para-perros-y-gatos\/#primaryimage\"},\"thumbnailUrl\":\"https:\/\/boutiqueanimal.co\/wp-content\/uploads\/2025\/11\/D_NQ_NP_2X_817006-MCO74718219843_022024-F.webp\",\"datePublished\":\"2025-11-01T16:25:29+00:00\",\"dateModified\":\"2026-03-31T03:51:55+00:00\",\"breadcrumb\":{\"@id\":\"https:\/\/boutiqueanimal.co\/producto\/lima-electrica-para-perros-y-gatos\/#breadcrumb\"},\"inLanguage\":\"en-US\",\"potentialAction\":[{\"@type\":\"ReadAction\",\"target\":[\"https:\/\/boutiqueanimal.co\/producto\/lima-electrica-para-perros-y-gatos\/\"]}]},{\"@type\":\"ImageObject\",\"inLanguage\":\"en-US\",\"@id\":\"https:\/\/boutiqueanimal.co\/producto\/lima-electrica-para-perros-y-gatos\/#primaryimage\",\"url\":\"https:\/\/boutiqueanimal.co\/wp-content\/uploads\/2025\/11\/D_NQ_NP_2X_817006-MCO74718219843_022024-F.webp\",\"contentUrl\":\"https:\/\/boutiqueanimal.co\/wp-content\/uploads\/2025\/11\/D_NQ_NP_2X_817006-MCO74718219843_022024-F.webp\",\"width\":1153,\"height\":1134},{\"@type\":\"BreadcrumbList\",\"@id\":\"https:\/\/boutiqueanimal.co\/producto\/lima-electrica-para-perros-y-gatos\/#breadcrumb\",\"itemListElement\":[{\"@type\":\"ListItem\",\"position\":1,\"name\":\"Inicio\",\"item\":\"https:\/\/boutiqueanimal.co\/\"},{\"@type\":\"ListItem\",\"position\":2,\"name\":\"Tienda\",\"item\":\"https:\/\/boutiqueanimal.co\/tienda\/\"},{\"@type\":\"ListItem\",\"position\":3,\"name\":\"Lima Electrica para Perros y Gatos\"}]},{\"@type\":\"WebSite\",\"@id\":\"https:\/\/boutiqueanimal.co\/#website\",\"url\":\"https:\/\/boutiqueanimal.co\/\",\"name\":\"Boutique Animal\",\"description\":\"Tienda online de productos para mascotas en Colombia. Env\u00edos r\u00e1pidos y gratis en compras superiores a $100.000\",\"publisher\":{\"@id\":\"https:\/\/boutiqueanimal.co\/#organization\"},\"potentialAction\":[{\"@type\":\"SearchAction\",\"target\":{\"@type\":\"EntryPoint\",\"urlTemplate\":\"https:\/\/boutiqueanimal.co\/?s={search_term_string}\"},\"query-input\":{\"@type\":\"PropertyValueSpecification\",\"valueRequired\":true,\"valueName\":\"search_term_string\"}}],\"inLanguage\":\"en-US\"},{\"@type\":\"Organization\",\"@id\":\"https:\/\/boutiqueanimal.co\/#organization\",\"name\":\"Boutique Animal\",\"url\":\"https:\/\/boutiqueanimal.co\/\",\"logo\":{\"@type\":\"ImageObject\",\"inLanguage\":\"en-US\",\"@id\":\"https:\/\/boutiqueanimal.co\/#\/schema\/logo\/image\/\",\"url\":\"https:\/\/boutiqueanimal.co\/wp-content\/uploads\/2025\/11\/perrito-pc-1024x1024-1.png\",\"contentUrl\":\"https:\/\/boutiqueanimal.co\/wp-content\/uploads\/2025\/11\/perrito-pc-1024x1024-1.png\",\"width\":1024,\"height\":1024,\"caption\":\"Boutique Animal\"},\"image\":{\"@id\":\"https:\/\/boutiqueanimal.co\/#\/schema\/logo\/image\/\"},\"sameAs\":[\"https:\/\/www.facebook.com\/BoutiqueAnimalCo\"]}]}<\/script>\n<!-- \/ Yoast SEO plugin. -->","yoast_head_json":{"title":"Lima Electrica para Perros y Gatos - Boutique Animal","robots":{"index":"index","follow":"follow","max-snippet":"max-snippet:-1","max-image-preview":"max-image-preview:large","max-video-preview":"max-video-preview:-1"},"canonical":"https:\/\/boutiqueanimal.co\/en\/product\/lima-electrica-para-perros-y-gatos\/","og_locale":"en_US","og_type":"article","og_title":"Lima Electrica para Perros y Gatos - Boutique Animal","og_description":"Limador de U\u00f1as Ped Pedicure para Mascotas Recorta las u\u00f1as de tu mascota de forma r\u00e1pida, segura y sin estr\u00e9s con nuestro Limador de U\u00f1as Ped Pedicure.Su motor silencioso evita asustar a tu mascota, ideal para perros y gatos nerviosos o primerizos.Adem\u00e1s, es inal\u00e1mbrico, ligero y port\u00e1til, perfecto para usar en casa o llevar de viaje. \u2714\ufe0f Silencioso, no los asusta\u2714\ufe0f Interruptor f\u00e1cil de usar (ON\/OFF)\u2714\ufe0f Inal\u00e1mbrico y recargable\u2714\ufe0f Seguro para mascotas de todos los tama\u00f1os \ud83d\udc97 Ideal para mantener sus u\u00f1as cortas, sin dolor y evitando da\u00f1os en muebles o ara\u00f1azos involuntarios.","og_url":"https:\/\/boutiqueanimal.co\/en\/product\/lima-electrica-para-perros-y-gatos\/","og_site_name":"Boutique Animal","article_publisher":"https:\/\/www.facebook.com\/BoutiqueAnimalCo","article_modified_time":"2026-03-31T03:51:55+00:00","og_image":[{"width":1153,"height":1134,"url":"https:\/\/boutiqueanimal.co\/wp-content\/uploads\/2025\/11\/D_NQ_NP_2X_817006-MCO74718219843_022024-F.webp","type":"image\/webp"}],"twitter_card":"summary_large_image","twitter_misc":{"Est. reading time":"1 minute"},"schema":{"@context":"https:\/\/schema.org","@graph":[{"@type":"WebPage","@id":"https:\/\/boutiqueanimal.co\/producto\/lima-electrica-para-perros-y-gatos\/","url":"https:\/\/boutiqueanimal.co\/producto\/lima-electrica-para-perros-y-gatos\/","name":"Lima Electrica para Perros y Gatos - Boutique Animal","isPartOf":{"@id":"https:\/\/boutiqueanimal.co\/#website"},"primaryImageOfPage":{"@id":"https:\/\/boutiqueanimal.co\/producto\/lima-electrica-para-perros-y-gatos\/#primaryimage"},"image":{"@id":"https:\/\/boutiqueanimal.co\/producto\/lima-electrica-para-perros-y-gatos\/#primaryimage"},"thumbnailUrl":"https:\/\/boutiqueanimal.co\/wp-content\/uploads\/2025\/11\/D_NQ_NP_2X_817006-MCO74718219843_022024-F.webp","datePublished":"2025-11-01T16:25:29+00:00","dateModified":"2026-03-31T03:51:55+00:00","breadcrumb":{"@id":"https:\/\/boutiqueanimal.co\/producto\/lima-electrica-para-perros-y-gatos\/#breadcrumb"},"inLanguage":"en-US","potentialAction":[{"@type":"ReadAction","target":["https:\/\/boutiqueanimal.co\/producto\/lima-electrica-para-perros-y-gatos\/"]}]},{"@type":"ImageObject","inLanguage":"en-US","@id":"https:\/\/boutiqueanimal.co\/producto\/lima-electrica-para-perros-y-gatos\/#primaryimage","url":"https:\/\/boutiqueanimal.co\/wp-content\/uploads\/2025\/11\/D_NQ_NP_2X_817006-MCO74718219843_022024-F.webp","contentUrl":"https:\/\/boutiqueanimal.co\/wp-content\/uploads\/2025\/11\/D_NQ_NP_2X_817006-MCO74718219843_022024-F.webp","width":1153,"height":1134},{"@type":"BreadcrumbList","@id":"https:\/\/boutiqueanimal.co\/producto\/lima-electrica-para-perros-y-gatos\/#breadcrumb","itemListElement":[{"@type":"ListItem","position":1,"name":"Inicio","item":"https:\/\/boutiqueanimal.co\/"},{"@type":"ListItem","position":2,"name":"Tienda","item":"https:\/\/boutiqueanimal.co\/tienda\/"},{"@type":"ListItem","position":3,"name":"Lima Electrica para Perros y Gatos"}]},{"@type":"WebSite","@id":"https:\/\/boutiqueanimal.co\/#website","url":"https:\/\/boutiqueanimal.co\/","name":"Boutique Animal","description":"Tienda online de productos para mascotas en Colombia. Env\u00edos r\u00e1pidos y gratis en compras superiores a $100.000","publisher":{"@id":"https:\/\/boutiqueanimal.co\/#organization"},"potentialAction":[{"@type":"SearchAction","target":{"@type":"EntryPoint","urlTemplate":"https:\/\/boutiqueanimal.co\/?s={search_term_string}"},"query-input":{"@type":"PropertyValueSpecification","valueRequired":true,"valueName":"search_term_string"}}],"inLanguage":"en-US"},{"@type":"Organization","@id":"https:\/\/boutiqueanimal.co\/#organization","name":"Boutique Animal","url":"https:\/\/boutiqueanimal.co\/","logo":{"@type":"ImageObject","inLanguage":"en-US","@id":"https:\/\/boutiqueanimal.co\/#\/schema\/logo\/image\/","url":"https:\/\/boutiqueanimal.co\/wp-content\/uploads\/2025\/11\/perrito-pc-1024x1024-1.png","contentUrl":"https:\/\/boutiqueanimal.co\/wp-content\/uploads\/2025\/11\/perrito-pc-1024x1024-1.png","width":1024,"height":1024,"caption":"Boutique Animal"},"image":{"@id":"https:\/\/boutiqueanimal.co\/#\/schema\/logo\/image\/"},"sameAs":["https:\/\/www.facebook.com\/BoutiqueAnimalCo"]}]}},"_links":{"self":[{"href":"https:\/\/boutiqueanimal.co\/en\/wp-json\/wp\/v2\/product\/2179","targetHints":{"allow":["GET"]}}],"collection":[{"href":"https:\/\/boutiqueanimal.co\/en\/wp-json\/wp\/v2\/product"}],"about":[{"href":"https:\/\/boutiqueanimal.co\/en\/wp-json\/wp\/v2\/types\/product"}],"wp:featuredmedia":[{"embeddable":true,"href":"https:\/\/boutiqueanimal.co\/en\/wp-json\/wp\/v2\/media\/2263"}],"wp:attachment":[{"href":"https:\/\/boutiqueanimal.co\/en\/wp-json\/wp\/v2\/media?parent=2179"}],"wp:term":[{"taxonomy":"product_brand","embeddable":true,"href":"https:\/\/boutiqueanimal.co\/en\/wp-json\/wp\/v2\/product_brand?post=2179"},{"taxonomy":"product_cat","embeddable":true,"href":"https:\/\/boutiqueanimal.co\/en\/wp-json\/wp\/v2\/product_cat?post=2179"},{"taxonomy":"product_tag","embeddable":true,"href":"https:\/\/boutiqueanimal.co\/en\/wp-json\/wp\/v2\/product_tag?post=2179"}],"curies":[{"name":"wp","href":"https:\/\/api.w.org\/{rel}","templated":true}]}}