{"id":2184,"date":"2025-11-01T16:25:29","date_gmt":"2025-11-01T16:25:29","guid":{"rendered":"https:\/\/boutiqueanimal.alojo.app\/wp\/?post_type=product&#038;p=2184"},"modified":"2026-02-21T17:17:59","modified_gmt":"2026-02-21T22:17:59","slug":"guias-metalicas-ballmerk","status":"publish","type":"product","link":"https:\/\/boutiqueanimal.co\/en\/product\/guias-metalicas-ballmerk\/","title":{"rendered":"Gu\u00edas Met\u00e1licas Ballmerk"},"content":{"rendered":"<h2 data-start=\"116\" data-end=\"191\">Set de 8 Gu\u00edas Met\u00e1licas de Colores BALLMERK para Grooming Profesional<\/h2>\n<p data-start=\"193\" data-end=\"341\">Gu\u00edas met\u00e1licas codificadas por color con dientes en acero inoxidable endurecido y sistema de fijaci\u00f3n magn\u00e9tica para una sujeci\u00f3n firme y segura.<\/p>\n<p data-start=\"343\" data-end=\"470\">Compatibles con cuchilla N.\u00ba 30 (tipo A5). Ideales para lograr cortes uniformes, seguros y con acabado profesional tipo tijera.<\/p>\n<hr data-start=\"472\" data-end=\"475\" \/>\n<p data-start=\"477\" data-end=\"523\">\ud83d\udccf <strong data-start=\"480\" data-end=\"523\">Incluye 8 gu\u00edas con sus medidas reales:<\/strong><\/p>\n<ul data-start=\"525\" data-end=\"696\">\n<li data-start=\"525\" data-end=\"545\">\n<p data-start=\"527\" data-end=\"545\">#5 \u2013 1\/8\u2033 (3 mm)<\/p>\n<\/li>\n<li data-start=\"546\" data-end=\"566\">\n<p data-start=\"548\" data-end=\"566\">#4 \u2013 1\/4\u2033 (6 mm)<\/p>\n<\/li>\n<li data-start=\"567\" data-end=\"588\">\n<p data-start=\"569\" data-end=\"588\">#2 \u2013 3\/8\u2033 (10 mm)<\/p>\n<\/li>\n<li data-start=\"589\" data-end=\"610\">\n<p data-start=\"591\" data-end=\"610\">#1 \u2013 1\/2\u2033 (13 mm)<\/p>\n<\/li>\n<li data-start=\"611\" data-end=\"632\">\n<p data-start=\"613\" data-end=\"632\">#0 \u2013 5\/8\u2033 (16 mm)<\/p>\n<\/li>\n<li data-start=\"633\" data-end=\"654\">\n<p data-start=\"635\" data-end=\"654\">#A \u2013 3\/4\u2033 (19 mm)<\/p>\n<\/li>\n<li data-start=\"655\" data-end=\"676\">\n<p data-start=\"657\" data-end=\"676\">#C \u2013 7\/8\u2033 (22 mm)<\/p>\n<\/li>\n<li data-start=\"677\" data-end=\"696\">\n<p data-start=\"679\" data-end=\"696\">#E \u2013 1\u2033 (25 mm)<\/p>\n<\/li>\n<\/ul>\n<hr data-start=\"698\" data-end=\"701\" \/>\n<p data-start=\"703\" data-end=\"726\">\ud83d\udd27 <strong data-start=\"706\" data-end=\"726\">Caracter\u00edsticas:<\/strong><\/p>\n<ul data-start=\"728\" data-end=\"975\">\n<li data-start=\"728\" data-end=\"783\">\n<p data-start=\"730\" data-end=\"783\">Codificaci\u00f3n por colores para f\u00e1cil identificaci\u00f3n.<\/p>\n<\/li>\n<li data-start=\"784\" data-end=\"840\">\n<p data-start=\"786\" data-end=\"840\">Dientes de precisi\u00f3n en acero inoxidable endurecido.<\/p>\n<\/li>\n<li data-start=\"841\" data-end=\"907\">\n<p data-start=\"843\" data-end=\"907\">Sistema magn\u00e9tico que se fija f\u00e1cilmente a la cuchilla N.\u00ba 30.<\/p>\n<\/li>\n<li data-start=\"908\" data-end=\"975\">\n<p data-start=\"910\" data-end=\"975\">Incluye estuche r\u00edgido transparente para almacenamiento seguro.<\/p>\n<\/li>\n<\/ul>\n<hr data-start=\"977\" data-end=\"980\" \/>\n<p data-start=\"982\" data-end=\"1002\">\ud83d\udd27 <strong data-start=\"985\" data-end=\"1002\">Forma de uso:<\/strong><\/p>\n<ol data-start=\"1004\" data-end=\"1325\">\n<li data-start=\"1004\" data-end=\"1043\">\n<p data-start=\"1007\" data-end=\"1043\">Aseg\u00farate de usar cuchilla N.\u00ba 30 y 10.<\/p>\n<\/li>\n<li data-start=\"1044\" data-end=\"1102\">\n<p data-start=\"1047\" data-end=\"1102\">Coloca la gu\u00eda desde la parte frontal de la cuchilla.<\/p>\n<\/li>\n<li data-start=\"1103\" data-end=\"1171\">\n<p data-start=\"1106\" data-end=\"1171\">Presiona hasta sentir que el im\u00e1n queda correctamente ajustado.<\/p>\n<\/li>\n<li data-start=\"1172\" data-end=\"1259\">\n<p data-start=\"1175\" data-end=\"1259\">Desliza la m\u00e1quina en direcci\u00f3n del crecimiento del pelo para un acabado uniforme.<\/p>\n<\/li>\n<li data-start=\"1260\" data-end=\"1325\">\n<p data-start=\"1263\" data-end=\"1325\">Limpia y seca despu\u00e9s de cada uso para prolongar su vida \u00fatil.<\/p>\n<\/li>\n<\/ol>\n<hr data-start=\"1327\" data-end=\"1330\" \/>\n<p data-start=\"1332\" data-end=\"1348\">\ud83d\udd12 <strong data-start=\"1335\" data-end=\"1348\">Garant\u00eda:<\/strong><\/p>\n<p data-start=\"1350\" data-end=\"1476\">Se garantiza la entrega en perfecto estado. La durabilidad posterior depende del uso y cuidado adecuado por parte del cliente.<\/p>","protected":false},"excerpt":{"rendered":"<h2 data-start=\"116\" data-end=\"191\">Set de 8 Gu\u00edas Met\u00e1licas de Colores BALLMERK para Grooming Profesional<\/h2>\n<p data-start=\"193\" data-end=\"341\">Gu\u00edas met\u00e1licas codificadas por color con dientes en acero inoxidable endurecido y sistema de fijaci\u00f3n magn\u00e9tica para una sujeci\u00f3n firme y segura.<\/p>\n<p data-start=\"343\" data-end=\"470\">Compatibles con cuchilla N.\u00ba 30 (tipo A5). Ideales para lograr cortes uniformes, seguros y con acabado profesional tipo tijera.<\/p>\n<hr data-start=\"472\" data-end=\"475\" \/>\n<p data-start=\"477\" data-end=\"523\">\ud83d\udccf <strong data-start=\"480\" data-end=\"523\">Incluye 8 gu\u00edas con sus medidas reales:<\/strong><\/p>\n<ul data-start=\"525\" data-end=\"696\">\n<li data-start=\"525\" data-end=\"545\">\n<p data-start=\"527\" data-end=\"545\">#5 \u2013 1\/8\u2033 (3 mm)<\/p>\n<\/li>\n<li data-start=\"546\" data-end=\"566\">\n<p data-start=\"548\" data-end=\"566\">#4 \u2013 1\/4\u2033 (6 mm)<\/p>\n<\/li>\n<li data-start=\"567\" data-end=\"588\">\n<p data-start=\"569\" data-end=\"588\">#2 \u2013 3\/8\u2033 (10 mm)<\/p>\n<\/li>\n<li data-start=\"589\" data-end=\"610\">\n<p data-start=\"591\" data-end=\"610\">#1 \u2013 1\/2\u2033 (13 mm)<\/p>\n<\/li>\n<li data-start=\"611\" data-end=\"632\">\n<p data-start=\"613\" data-end=\"632\">#0 \u2013 5\/8\u2033 (16 mm)<\/p>\n<\/li>\n<li data-start=\"633\" data-end=\"654\">\n<p data-start=\"635\" data-end=\"654\">#A \u2013 3\/4\u2033 (19 mm)<\/p>\n<\/li>\n<li data-start=\"655\" data-end=\"676\">\n<p data-start=\"657\" data-end=\"676\">#C \u2013 7\/8\u2033 (22 mm)<\/p>\n<\/li>\n<li data-start=\"677\" data-end=\"696\">\n<p data-start=\"679\" data-end=\"696\">#E \u2013 1\u2033 (25 mm)<\/p>\n<\/li>\n<\/ul>\n<hr data-start=\"698\" data-end=\"701\" \/>\n<p data-start=\"703\" data-end=\"726\">\ud83d\udd27 <strong data-start=\"706\" data-end=\"726\">Caracter\u00edsticas:<\/strong><\/p>\n<ul data-start=\"728\" data-end=\"975\">\n<li data-start=\"728\" data-end=\"783\">\n<p data-start=\"730\" data-end=\"783\">Codificaci\u00f3n por colores para f\u00e1cil identificaci\u00f3n.<\/p>\n<\/li>\n<li data-start=\"784\" data-end=\"840\">\n<p data-start=\"786\" data-end=\"840\">Dientes de precisi\u00f3n en acero inoxidable endurecido.<\/p>\n<\/li>\n<li data-start=\"841\" data-end=\"907\">\n<p data-start=\"843\" data-end=\"907\">Sistema magn\u00e9tico que se fija f\u00e1cilmente a la cuchilla N.\u00ba 30.<\/p>\n<\/li>\n<li data-start=\"908\" data-end=\"975\">\n<p data-start=\"910\" data-end=\"975\">Incluye estuche r\u00edgido transparente para almacenamiento seguro.<\/p>\n<\/li>\n<\/ul>\n<hr data-start=\"977\" data-end=\"980\" \/>\n<p data-start=\"982\" data-end=\"1002\">\ud83d\udd27 <strong data-start=\"985\" data-end=\"1002\">Forma de uso:<\/strong><\/p>\n<ol data-start=\"1004\" data-end=\"1325\">\n<li data-start=\"1004\" data-end=\"1043\">\n<p data-start=\"1007\" data-end=\"1043\">Aseg\u00farate de usar cuchilla N.\u00ba 30 y 10<\/p>\n<\/li>\n<li data-start=\"1044\" data-end=\"1102\">\n<p data-start=\"1047\" data-end=\"1102\">Coloca la gu\u00eda desde la parte frontal de la cuchilla.<\/p>\n<\/li>\n<li data-start=\"1103\" data-end=\"1171\">\n<p data-start=\"1106\" data-end=\"1171\">Presiona hasta sentir que el im\u00e1n queda correctamente ajustado.<\/p>\n<\/li>\n<li data-start=\"1172\" data-end=\"1259\">\n<p data-start=\"1175\" data-end=\"1259\">Desliza la m\u00e1quina en direcci\u00f3n del crecimiento del pelo para un acabado uniforme.<\/p>\n<\/li>\n<li data-start=\"1260\" data-end=\"1325\">\n<p data-start=\"1263\" data-end=\"1325\">Limpia y seca despu\u00e9s de cada uso para prolongar su vida \u00fatil.<\/p>\n<\/li>\n<\/ol>\n<hr data-start=\"1327\" data-end=\"1330\" \/>\n<p data-start=\"1332\" data-end=\"1348\">\ud83d\udd12 <strong data-start=\"1335\" data-end=\"1348\">Garant\u00eda:<\/strong><\/p>\n<p data-start=\"1350\" data-end=\"1476\">Se garantiza la entrega en perfecto estado. La durabilidad posterior depende del uso y cuidado adecuado por parte del cliente.<\/p>","protected":false},"featured_media":64574,"template":"","meta":{"_joinchat":[]},"product_brand":[],"product_cat":[39,22,38,24],"product_tag":[],"class_list":{"0":"post-2184","1":"product","2":"type-product","3":"status-publish","4":"has-post-thumbnail","6":"product_cat-accesorios-grooming","7":"product_cat-grooming","8":"product_cat-maquinas","9":"product_cat-productos-nuevos","12":"first","13":"instock","14":"shipping-taxable","15":"purchasable","16":"product-type-simple"},"yoast_head":"<!-- This site is optimized with the Yoast SEO plugin v27.2 - https:\/\/yoast.com\/product\/yoast-seo-wordpress\/ -->\n<title>Gu\u00edas Met\u00e1licas Ballmerk - Boutique Animal<\/title>\n<meta name=\"robots\" content=\"index, follow, max-snippet:-1, max-image-preview:large, max-video-preview:-1\" \/>\n<link rel=\"canonical\" href=\"https:\/\/boutiqueanimal.co\/en\/product\/guias-metalicas-ballmerk\/\" \/>\n<meta property=\"og:locale\" content=\"en_US\" \/>\n<meta property=\"og:type\" content=\"article\" \/>\n<meta property=\"og:title\" content=\"Gu\u00edas Met\u00e1licas Ballmerk - Boutique Animal\" \/>\n<meta property=\"og:description\" content=\"Set de 8 Gu\u00edas Met\u00e1licas de Colores BALLMERK para Grooming Profesional Gu\u00edas met\u00e1licas codificadas por color con dientes en acero inoxidable endurecido y sistema de fijaci\u00f3n magn\u00e9tica para una sujeci\u00f3n firme y segura. Compatibles con cuchilla N.\u00ba 30 (tipo A5). Ideales para lograr cortes uniformes, seguros y con acabado profesional tipo tijera.    \ud83d\udccf Incluye 8 gu\u00edas con sus medidas reales:     #5 \u2013 1\/8\u2033 (3 mm)    #4 \u2013 1\/4\u2033 (6 mm)    #2 \u2013 3\/8\u2033 (10 mm)    #1 \u2013 1\/2\u2033 (13 mm)    #0 \u2013 5\/8\u2033 (16 mm)    #A \u2013 3\/4\u2033 (19 mm)    #C \u2013 7\/8\u2033 (22 mm)    #E \u2013 1\u2033 (25 mm)     \ud83d\udd27 Caracter\u00edsticas:     Codificaci\u00f3n por colores para f\u00e1cil identificaci\u00f3n.    Dientes de precisi\u00f3n en acero inoxidable endurecido.    Sistema magn\u00e9tico que se fija f\u00e1cilmente a la cuchilla N.\u00ba 30.    Incluye estuche r\u00edgido transparente para almacenamiento seguro.     \ud83d\udd27 Forma de uso:     Aseg\u00farate de usar cuchilla N.\u00ba 30 y 10    Coloca la gu\u00eda desde la parte frontal de la cuchilla.    Presiona hasta sentir que el im\u00e1n queda correctamente ajustado.    Desliza la m\u00e1quina en direcci\u00f3n del crecimiento del pelo para un acabado uniforme.    Limpia y seca despu\u00e9s de cada uso para prolongar su vida \u00fatil.     \ud83d\udd12 Garant\u00eda: Se garantiza la entrega en perfecto estado. La durabilidad posterior depende del uso y cuidado adecuado por parte del cliente.\" \/>\n<meta property=\"og:url\" content=\"https:\/\/boutiqueanimal.co\/en\/product\/guias-metalicas-ballmerk\/\" \/>\n<meta property=\"og:site_name\" content=\"Boutique Animal\" \/>\n<meta property=\"article:publisher\" content=\"https:\/\/www.facebook.com\/BoutiqueAnimalCo\" \/>\n<meta property=\"article:modified_time\" content=\"2026-02-21T22:17:59+00:00\" \/>\n<meta property=\"og:image\" content=\"https:\/\/boutiqueanimal.co\/wp-content\/uploads\/2025\/11\/guias-ballmerk.png\" \/>\n\t<meta property=\"og:image:width\" content=\"1500\" \/>\n\t<meta property=\"og:image:height\" content=\"1500\" \/>\n\t<meta property=\"og:image:type\" content=\"image\/png\" \/>\n<meta name=\"twitter:card\" content=\"summary_large_image\" \/>\n<meta name=\"twitter:label1\" content=\"Est. reading time\" \/>\n\t<meta name=\"twitter:data1\" content=\"1 minute\" \/>\n<script type=\"application\/ld+json\" class=\"yoast-schema-graph\">{\"@context\":\"https:\/\/schema.org\",\"@graph\":[{\"@type\":\"WebPage\",\"@id\":\"https:\/\/boutiqueanimal.co\/producto\/guias-metalicas-ballmerk\/\",\"url\":\"https:\/\/boutiqueanimal.co\/producto\/guias-metalicas-ballmerk\/\",\"name\":\"Gu\u00edas Met\u00e1licas Ballmerk - Boutique Animal\",\"isPartOf\":{\"@id\":\"https:\/\/boutiqueanimal.co\/#website\"},\"primaryImageOfPage\":{\"@id\":\"https:\/\/boutiqueanimal.co\/producto\/guias-metalicas-ballmerk\/#primaryimage\"},\"image\":{\"@id\":\"https:\/\/boutiqueanimal.co\/producto\/guias-metalicas-ballmerk\/#primaryimage\"},\"thumbnailUrl\":\"https:\/\/boutiqueanimal.co\/wp-content\/uploads\/2025\/11\/guias-ballmerk.png\",\"datePublished\":\"2025-11-01T16:25:29+00:00\",\"dateModified\":\"2026-02-21T22:17:59+00:00\",\"breadcrumb\":{\"@id\":\"https:\/\/boutiqueanimal.co\/producto\/guias-metalicas-ballmerk\/#breadcrumb\"},\"inLanguage\":\"en-US\",\"potentialAction\":[{\"@type\":\"ReadAction\",\"target\":[\"https:\/\/boutiqueanimal.co\/producto\/guias-metalicas-ballmerk\/\"]}]},{\"@type\":\"ImageObject\",\"inLanguage\":\"en-US\",\"@id\":\"https:\/\/boutiqueanimal.co\/producto\/guias-metalicas-ballmerk\/#primaryimage\",\"url\":\"https:\/\/boutiqueanimal.co\/wp-content\/uploads\/2025\/11\/guias-ballmerk.png\",\"contentUrl\":\"https:\/\/boutiqueanimal.co\/wp-content\/uploads\/2025\/11\/guias-ballmerk.png\",\"width\":1500,\"height\":1500},{\"@type\":\"BreadcrumbList\",\"@id\":\"https:\/\/boutiqueanimal.co\/producto\/guias-metalicas-ballmerk\/#breadcrumb\",\"itemListElement\":[{\"@type\":\"ListItem\",\"position\":1,\"name\":\"Inicio\",\"item\":\"https:\/\/boutiqueanimal.co\/\"},{\"@type\":\"ListItem\",\"position\":2,\"name\":\"Tienda\",\"item\":\"https:\/\/boutiqueanimal.co\/tienda\/\"},{\"@type\":\"ListItem\",\"position\":3,\"name\":\"Gu\u00edas Met\u00e1licas Ballmerk\"}]},{\"@type\":\"WebSite\",\"@id\":\"https:\/\/boutiqueanimal.co\/#website\",\"url\":\"https:\/\/boutiqueanimal.co\/\",\"name\":\"Boutique Animal\",\"description\":\"Tienda online de productos para mascotas en Colombia. Env\u00edos r\u00e1pidos y gratis en compras superiores a $100.000\",\"publisher\":{\"@id\":\"https:\/\/boutiqueanimal.co\/#organization\"},\"potentialAction\":[{\"@type\":\"SearchAction\",\"target\":{\"@type\":\"EntryPoint\",\"urlTemplate\":\"https:\/\/boutiqueanimal.co\/?s={search_term_string}\"},\"query-input\":{\"@type\":\"PropertyValueSpecification\",\"valueRequired\":true,\"valueName\":\"search_term_string\"}}],\"inLanguage\":\"en-US\"},{\"@type\":\"Organization\",\"@id\":\"https:\/\/boutiqueanimal.co\/#organization\",\"name\":\"Boutique Animal\",\"url\":\"https:\/\/boutiqueanimal.co\/\",\"logo\":{\"@type\":\"ImageObject\",\"inLanguage\":\"en-US\",\"@id\":\"https:\/\/boutiqueanimal.co\/#\/schema\/logo\/image\/\",\"url\":\"https:\/\/boutiqueanimal.co\/wp-content\/uploads\/2025\/11\/perrito-pc-1024x1024-1.png\",\"contentUrl\":\"https:\/\/boutiqueanimal.co\/wp-content\/uploads\/2025\/11\/perrito-pc-1024x1024-1.png\",\"width\":1024,\"height\":1024,\"caption\":\"Boutique Animal\"},\"image\":{\"@id\":\"https:\/\/boutiqueanimal.co\/#\/schema\/logo\/image\/\"},\"sameAs\":[\"https:\/\/www.facebook.com\/BoutiqueAnimalCo\"]}]}<\/script>\n<!-- \/ Yoast SEO plugin. -->","yoast_head_json":{"title":"Gu\u00edas Met\u00e1licas Ballmerk - Boutique Animal","robots":{"index":"index","follow":"follow","max-snippet":"max-snippet:-1","max-image-preview":"max-image-preview:large","max-video-preview":"max-video-preview:-1"},"canonical":"https:\/\/boutiqueanimal.co\/en\/product\/guias-metalicas-ballmerk\/","og_locale":"en_US","og_type":"article","og_title":"Gu\u00edas Met\u00e1licas Ballmerk - Boutique Animal","og_description":"Set de 8 Gu\u00edas Met\u00e1licas de Colores BALLMERK para Grooming Profesional Gu\u00edas met\u00e1licas codificadas por color con dientes en acero inoxidable endurecido y sistema de fijaci\u00f3n magn\u00e9tica para una sujeci\u00f3n firme y segura. Compatibles con cuchilla N.\u00ba 30 (tipo A5). Ideales para lograr cortes uniformes, seguros y con acabado profesional tipo tijera.    \ud83d\udccf Incluye 8 gu\u00edas con sus medidas reales:     #5 \u2013 1\/8\u2033 (3 mm)    #4 \u2013 1\/4\u2033 (6 mm)    #2 \u2013 3\/8\u2033 (10 mm)    #1 \u2013 1\/2\u2033 (13 mm)    #0 \u2013 5\/8\u2033 (16 mm)    #A \u2013 3\/4\u2033 (19 mm)    #C \u2013 7\/8\u2033 (22 mm)    #E \u2013 1\u2033 (25 mm)     \ud83d\udd27 Caracter\u00edsticas:     Codificaci\u00f3n por colores para f\u00e1cil identificaci\u00f3n.    Dientes de precisi\u00f3n en acero inoxidable endurecido.    Sistema magn\u00e9tico que se fija f\u00e1cilmente a la cuchilla N.\u00ba 30.    Incluye estuche r\u00edgido transparente para almacenamiento seguro.     \ud83d\udd27 Forma de uso:     Aseg\u00farate de usar cuchilla N.\u00ba 30 y 10    Coloca la gu\u00eda desde la parte frontal de la cuchilla.    Presiona hasta sentir que el im\u00e1n queda correctamente ajustado.    Desliza la m\u00e1quina en direcci\u00f3n del crecimiento del pelo para un acabado uniforme.    Limpia y seca despu\u00e9s de cada uso para prolongar su vida \u00fatil.     \ud83d\udd12 Garant\u00eda: Se garantiza la entrega en perfecto estado. La durabilidad posterior depende del uso y cuidado adecuado por parte del cliente.","og_url":"https:\/\/boutiqueanimal.co\/en\/product\/guias-metalicas-ballmerk\/","og_site_name":"Boutique Animal","article_publisher":"https:\/\/www.facebook.com\/BoutiqueAnimalCo","article_modified_time":"2026-02-21T22:17:59+00:00","og_image":[{"width":1500,"height":1500,"url":"https:\/\/boutiqueanimal.co\/wp-content\/uploads\/2025\/11\/guias-ballmerk.png","type":"image\/png"}],"twitter_card":"summary_large_image","twitter_misc":{"Est. reading time":"1 minute"},"schema":{"@context":"https:\/\/schema.org","@graph":[{"@type":"WebPage","@id":"https:\/\/boutiqueanimal.co\/producto\/guias-metalicas-ballmerk\/","url":"https:\/\/boutiqueanimal.co\/producto\/guias-metalicas-ballmerk\/","name":"Gu\u00edas Met\u00e1licas Ballmerk - Boutique Animal","isPartOf":{"@id":"https:\/\/boutiqueanimal.co\/#website"},"primaryImageOfPage":{"@id":"https:\/\/boutiqueanimal.co\/producto\/guias-metalicas-ballmerk\/#primaryimage"},"image":{"@id":"https:\/\/boutiqueanimal.co\/producto\/guias-metalicas-ballmerk\/#primaryimage"},"thumbnailUrl":"https:\/\/boutiqueanimal.co\/wp-content\/uploads\/2025\/11\/guias-ballmerk.png","datePublished":"2025-11-01T16:25:29+00:00","dateModified":"2026-02-21T22:17:59+00:00","breadcrumb":{"@id":"https:\/\/boutiqueanimal.co\/producto\/guias-metalicas-ballmerk\/#breadcrumb"},"inLanguage":"en-US","potentialAction":[{"@type":"ReadAction","target":["https:\/\/boutiqueanimal.co\/producto\/guias-metalicas-ballmerk\/"]}]},{"@type":"ImageObject","inLanguage":"en-US","@id":"https:\/\/boutiqueanimal.co\/producto\/guias-metalicas-ballmerk\/#primaryimage","url":"https:\/\/boutiqueanimal.co\/wp-content\/uploads\/2025\/11\/guias-ballmerk.png","contentUrl":"https:\/\/boutiqueanimal.co\/wp-content\/uploads\/2025\/11\/guias-ballmerk.png","width":1500,"height":1500},{"@type":"BreadcrumbList","@id":"https:\/\/boutiqueanimal.co\/producto\/guias-metalicas-ballmerk\/#breadcrumb","itemListElement":[{"@type":"ListItem","position":1,"name":"Inicio","item":"https:\/\/boutiqueanimal.co\/"},{"@type":"ListItem","position":2,"name":"Tienda","item":"https:\/\/boutiqueanimal.co\/tienda\/"},{"@type":"ListItem","position":3,"name":"Gu\u00edas Met\u00e1licas Ballmerk"}]},{"@type":"WebSite","@id":"https:\/\/boutiqueanimal.co\/#website","url":"https:\/\/boutiqueanimal.co\/","name":"Boutique Animal","description":"Tienda online de productos para mascotas en Colombia. Env\u00edos r\u00e1pidos y gratis en compras superiores a $100.000","publisher":{"@id":"https:\/\/boutiqueanimal.co\/#organization"},"potentialAction":[{"@type":"SearchAction","target":{"@type":"EntryPoint","urlTemplate":"https:\/\/boutiqueanimal.co\/?s={search_term_string}"},"query-input":{"@type":"PropertyValueSpecification","valueRequired":true,"valueName":"search_term_string"}}],"inLanguage":"en-US"},{"@type":"Organization","@id":"https:\/\/boutiqueanimal.co\/#organization","name":"Boutique Animal","url":"https:\/\/boutiqueanimal.co\/","logo":{"@type":"ImageObject","inLanguage":"en-US","@id":"https:\/\/boutiqueanimal.co\/#\/schema\/logo\/image\/","url":"https:\/\/boutiqueanimal.co\/wp-content\/uploads\/2025\/11\/perrito-pc-1024x1024-1.png","contentUrl":"https:\/\/boutiqueanimal.co\/wp-content\/uploads\/2025\/11\/perrito-pc-1024x1024-1.png","width":1024,"height":1024,"caption":"Boutique Animal"},"image":{"@id":"https:\/\/boutiqueanimal.co\/#\/schema\/logo\/image\/"},"sameAs":["https:\/\/www.facebook.com\/BoutiqueAnimalCo"]}]}},"_links":{"self":[{"href":"https:\/\/boutiqueanimal.co\/en\/wp-json\/wp\/v2\/product\/2184","targetHints":{"allow":["GET"]}}],"collection":[{"href":"https:\/\/boutiqueanimal.co\/en\/wp-json\/wp\/v2\/product"}],"about":[{"href":"https:\/\/boutiqueanimal.co\/en\/wp-json\/wp\/v2\/types\/product"}],"wp:featuredmedia":[{"embeddable":true,"href":"https:\/\/boutiqueanimal.co\/en\/wp-json\/wp\/v2\/media\/64574"}],"wp:attachment":[{"href":"https:\/\/boutiqueanimal.co\/en\/wp-json\/wp\/v2\/media?parent=2184"}],"wp:term":[{"taxonomy":"product_brand","embeddable":true,"href":"https:\/\/boutiqueanimal.co\/en\/wp-json\/wp\/v2\/product_brand?post=2184"},{"taxonomy":"product_cat","embeddable":true,"href":"https:\/\/boutiqueanimal.co\/en\/wp-json\/wp\/v2\/product_cat?post=2184"},{"taxonomy":"product_tag","embeddable":true,"href":"https:\/\/boutiqueanimal.co\/en\/wp-json\/wp\/v2\/product_tag?post=2184"}],"curies":[{"name":"wp","href":"https:\/\/api.w.org\/{rel}","templated":true}]}}