{"id":251,"date":"2025-11-01T16:18:08","date_gmt":"2025-11-01T16:18:08","guid":{"rendered":"https:\/\/boutiqueanimal.alojo.app\/wp\/?post_type=product&#038;p=251"},"modified":"2026-03-30T15:04:58","modified_gmt":"2026-03-30T20:04:58","slug":"correa-retractil-3mt","status":"publish","type":"product","link":"https:\/\/boutiqueanimal.co\/en\/product\/correa-retractil-3mt\/","title":{"rendered":"Correa retr\u00e1ctil 3mt"},"content":{"rendered":"<h2 data-start=\"142\" data-end=\"185\">\ud83d\udc15 Lazo Retr\u00e1ctil para Perros \u2013 3 Metros<\/h2>\n<p data-start=\"187\" data-end=\"415\">El <strong data-start=\"190\" data-end=\"232\">lazo retr\u00e1ctil para perros de 3 metros<\/strong> brinda mayor libertad de movimiento sin perder el control durante los paseos. Su sistema retr\u00e1ctil permite ajustar la distancia de forma suave y segura, ideal para caminatas diarias.<\/p>\n<p data-start=\"417\" data-end=\"470\">Dise\u00f1ado para ser c\u00f3modo, resistente y f\u00e1cil de usar.<\/p>\n<hr data-start=\"472\" data-end=\"475\" \/>\n<h3 data-start=\"477\" data-end=\"498\">\u2728 Caracter\u00edsticas<\/h3>\n<ul data-start=\"499\" data-end=\"639\">\n<li data-start=\"499\" data-end=\"522\">\n<p data-start=\"501\" data-end=\"522\">Largo: <strong data-start=\"508\" data-end=\"520\">3 metros<\/strong><\/p>\n<\/li>\n<li data-start=\"523\" data-end=\"550\">\n<p data-start=\"525\" data-end=\"550\">Sistema retr\u00e1ctil suave<\/p>\n<\/li>\n<li data-start=\"551\" data-end=\"579\">\n<p data-start=\"553\" data-end=\"579\">Bot\u00f3n de freno y bloqueo<\/p>\n<\/li>\n<li data-start=\"580\" data-end=\"609\">\n<p data-start=\"582\" data-end=\"609\">Mango ergon\u00f3mico y c\u00f3modo<\/p>\n<\/li>\n<li data-start=\"610\" data-end=\"639\">\n<p data-start=\"612\" data-end=\"639\">Ideal para paseos diarios<\/p>\n<\/li>\n<\/ul>","protected":false},"excerpt":{"rendered":"<h2 data-start=\"142\" data-end=\"185\">\ud83d\udc15 Lazo Retr\u00e1ctil para Perros \u2013 3 Metros<\/h2>\n<p data-start=\"187\" data-end=\"415\">El <strong data-start=\"190\" data-end=\"232\">lazo retr\u00e1ctil para perros de 3 metros<\/strong> brinda mayor libertad de movimiento sin perder el control durante los paseos. Su sistema retr\u00e1ctil permite ajustar la distancia de forma suave y segura, ideal para caminatas diarias.<\/p>\n<p data-start=\"417\" data-end=\"470\">Dise\u00f1ado para ser c\u00f3modo, resistente y f\u00e1cil de usar.<\/p>\n<hr data-start=\"472\" data-end=\"475\" \/>\n<h3 data-start=\"477\" data-end=\"498\">\u2728 Caracter\u00edsticas<\/h3>\n<ul data-start=\"499\" data-end=\"639\">\n<li data-start=\"499\" data-end=\"522\">\n<p data-start=\"501\" data-end=\"522\">Largo: <strong data-start=\"508\" data-end=\"520\">3 metros<\/strong><\/p>\n<\/li>\n<li data-start=\"523\" data-end=\"550\">\n<p data-start=\"525\" data-end=\"550\">Sistema retr\u00e1ctil suave<\/p>\n<\/li>\n<li data-start=\"551\" data-end=\"579\">\n<p data-start=\"553\" data-end=\"579\">Bot\u00f3n de freno y bloqueo<\/p>\n<\/li>\n<li data-start=\"580\" data-end=\"609\">\n<p data-start=\"582\" data-end=\"609\">Mango ergon\u00f3mico y c\u00f3modo<\/p>\n<\/li>\n<li data-start=\"610\" data-end=\"639\">\n<p data-start=\"612\" data-end=\"639\">Ideal para paseos diarios<\/p>\n<\/li>\n<\/ul>","protected":false},"featured_media":346,"template":"","meta":{"_joinchat":[]},"product_brand":[],"product_cat":[29,28,16,18,24],"product_tag":[],"class_list":{"0":"post-251","1":"product","2":"type-product","3":"status-publish","4":"has-post-thumbnail","6":"product_cat-accesorios-perros","7":"product_cat-accesorios","8":"product_cat-gatos","9":"product_cat-perros","10":"product_cat-productos-nuevos","13":"first","14":"instock","15":"shipping-taxable","16":"purchasable","17":"product-type-variable"},"yoast_head":"<!-- This site is optimized with the Yoast SEO plugin v27.2 - https:\/\/yoast.com\/product\/yoast-seo-wordpress\/ -->\n<title>Correa retr\u00e1ctil 3mt - Boutique Animal<\/title>\n<meta name=\"description\" content=\"Lazo retr\u00e1ctil para perros de 3 metros, resistente y c\u00f3modo. Brinda mayor libertad y control en cada paseo con sistema de freno seguro.\" \/>\n<meta name=\"robots\" content=\"index, follow, max-snippet:-1, max-image-preview:large, max-video-preview:-1\" \/>\n<link rel=\"canonical\" href=\"https:\/\/boutiqueanimal.co\/en\/product\/correa-retractil-3mt\/\" \/>\n<meta property=\"og:locale\" content=\"en_US\" \/>\n<meta property=\"og:type\" content=\"article\" \/>\n<meta property=\"og:title\" content=\"Correa retr\u00e1ctil 3mt - Boutique Animal\" \/>\n<meta property=\"og:description\" content=\"Lazo retr\u00e1ctil para perros de 3 metros, resistente y c\u00f3modo. Brinda mayor libertad y control en cada paseo con sistema de freno seguro.\" \/>\n<meta property=\"og:url\" content=\"https:\/\/boutiqueanimal.co\/en\/product\/correa-retractil-3mt\/\" \/>\n<meta property=\"og:site_name\" content=\"Boutique Animal\" \/>\n<meta property=\"article:publisher\" content=\"https:\/\/www.facebook.com\/BoutiqueAnimalCo\" \/>\n<meta property=\"article:modified_time\" content=\"2026-03-30T20:04:58+00:00\" \/>\n<meta property=\"og:image\" content=\"https:\/\/boutiqueanimal.co\/wp-content\/uploads\/2025\/11\/correa-retractil-5m.jpeg\" \/>\n\t<meta property=\"og:image:width\" content=\"960\" \/>\n\t<meta property=\"og:image:height\" content=\"960\" \/>\n\t<meta property=\"og:image:type\" content=\"image\/jpeg\" \/>\n<meta name=\"twitter:card\" content=\"summary_large_image\" \/>\n<meta name=\"twitter:label1\" content=\"Est. reading time\" \/>\n\t<meta name=\"twitter:data1\" content=\"1 minute\" \/>\n<script type=\"application\/ld+json\" class=\"yoast-schema-graph\">{\"@context\":\"https:\/\/schema.org\",\"@graph\":[{\"@type\":\"WebPage\",\"@id\":\"https:\/\/boutiqueanimal.co\/producto\/correa-retractil-3mt\/\",\"url\":\"https:\/\/boutiqueanimal.co\/producto\/correa-retractil-3mt\/\",\"name\":\"Correa retr\u00e1ctil 3mt - Boutique Animal\",\"isPartOf\":{\"@id\":\"https:\/\/boutiqueanimal.co\/#website\"},\"primaryImageOfPage\":{\"@id\":\"https:\/\/boutiqueanimal.co\/producto\/correa-retractil-3mt\/#primaryimage\"},\"image\":{\"@id\":\"https:\/\/boutiqueanimal.co\/producto\/correa-retractil-3mt\/#primaryimage\"},\"thumbnailUrl\":\"https:\/\/boutiqueanimal.co\/wp-content\/uploads\/2025\/11\/correa-retractil-5m.jpeg\",\"datePublished\":\"2025-11-01T16:18:08+00:00\",\"dateModified\":\"2026-03-30T20:04:58+00:00\",\"description\":\"Lazo retr\u00e1ctil para perros de 3 metros, resistente y c\u00f3modo. Brinda mayor libertad y control en cada paseo con sistema de freno seguro.\",\"breadcrumb\":{\"@id\":\"https:\/\/boutiqueanimal.co\/producto\/correa-retractil-3mt\/#breadcrumb\"},\"inLanguage\":\"en-US\",\"potentialAction\":[{\"@type\":\"ReadAction\",\"target\":[\"https:\/\/boutiqueanimal.co\/producto\/correa-retractil-3mt\/\"]}]},{\"@type\":\"ImageObject\",\"inLanguage\":\"en-US\",\"@id\":\"https:\/\/boutiqueanimal.co\/producto\/correa-retractil-3mt\/#primaryimage\",\"url\":\"https:\/\/boutiqueanimal.co\/wp-content\/uploads\/2025\/11\/correa-retractil-5m.jpeg\",\"contentUrl\":\"https:\/\/boutiqueanimal.co\/wp-content\/uploads\/2025\/11\/correa-retractil-5m.jpeg\",\"width\":960,\"height\":960},{\"@type\":\"BreadcrumbList\",\"@id\":\"https:\/\/boutiqueanimal.co\/producto\/correa-retractil-3mt\/#breadcrumb\",\"itemListElement\":[{\"@type\":\"ListItem\",\"position\":1,\"name\":\"Inicio\",\"item\":\"https:\/\/boutiqueanimal.co\/\"},{\"@type\":\"ListItem\",\"position\":2,\"name\":\"Tienda\",\"item\":\"https:\/\/boutiqueanimal.co\/tienda\/\"},{\"@type\":\"ListItem\",\"position\":3,\"name\":\"Correa retr\u00e1ctil 3mt\"}]},{\"@type\":\"WebSite\",\"@id\":\"https:\/\/boutiqueanimal.co\/#website\",\"url\":\"https:\/\/boutiqueanimal.co\/\",\"name\":\"Boutique Animal\",\"description\":\"Tienda online de productos para mascotas en Colombia. Env\u00edos r\u00e1pidos y gratis en compras superiores a $100.000\",\"publisher\":{\"@id\":\"https:\/\/boutiqueanimal.co\/#organization\"},\"potentialAction\":[{\"@type\":\"SearchAction\",\"target\":{\"@type\":\"EntryPoint\",\"urlTemplate\":\"https:\/\/boutiqueanimal.co\/?s={search_term_string}\"},\"query-input\":{\"@type\":\"PropertyValueSpecification\",\"valueRequired\":true,\"valueName\":\"search_term_string\"}}],\"inLanguage\":\"en-US\"},{\"@type\":\"Organization\",\"@id\":\"https:\/\/boutiqueanimal.co\/#organization\",\"name\":\"Boutique Animal\",\"url\":\"https:\/\/boutiqueanimal.co\/\",\"logo\":{\"@type\":\"ImageObject\",\"inLanguage\":\"en-US\",\"@id\":\"https:\/\/boutiqueanimal.co\/#\/schema\/logo\/image\/\",\"url\":\"https:\/\/boutiqueanimal.co\/wp-content\/uploads\/2025\/11\/perrito-pc-1024x1024-1.png\",\"contentUrl\":\"https:\/\/boutiqueanimal.co\/wp-content\/uploads\/2025\/11\/perrito-pc-1024x1024-1.png\",\"width\":1024,\"height\":1024,\"caption\":\"Boutique Animal\"},\"image\":{\"@id\":\"https:\/\/boutiqueanimal.co\/#\/schema\/logo\/image\/\"},\"sameAs\":[\"https:\/\/www.facebook.com\/BoutiqueAnimalCo\"]}]}<\/script>\n<!-- \/ Yoast SEO plugin. -->","yoast_head_json":{"title":"Correa retr\u00e1ctil 3mt - Boutique Animal","description":"Lazo retr\u00e1ctil para perros de 3 metros, resistente y c\u00f3modo. Brinda mayor libertad y control en cada paseo con sistema de freno seguro.","robots":{"index":"index","follow":"follow","max-snippet":"max-snippet:-1","max-image-preview":"max-image-preview:large","max-video-preview":"max-video-preview:-1"},"canonical":"https:\/\/boutiqueanimal.co\/en\/product\/correa-retractil-3mt\/","og_locale":"en_US","og_type":"article","og_title":"Correa retr\u00e1ctil 3mt - Boutique Animal","og_description":"Lazo retr\u00e1ctil para perros de 3 metros, resistente y c\u00f3modo. Brinda mayor libertad y control en cada paseo con sistema de freno seguro.","og_url":"https:\/\/boutiqueanimal.co\/en\/product\/correa-retractil-3mt\/","og_site_name":"Boutique Animal","article_publisher":"https:\/\/www.facebook.com\/BoutiqueAnimalCo","article_modified_time":"2026-03-30T20:04:58+00:00","og_image":[{"width":960,"height":960,"url":"https:\/\/boutiqueanimal.co\/wp-content\/uploads\/2025\/11\/correa-retractil-5m.jpeg","type":"image\/jpeg"}],"twitter_card":"summary_large_image","twitter_misc":{"Est. reading time":"1 minute"},"schema":{"@context":"https:\/\/schema.org","@graph":[{"@type":"WebPage","@id":"https:\/\/boutiqueanimal.co\/producto\/correa-retractil-3mt\/","url":"https:\/\/boutiqueanimal.co\/producto\/correa-retractil-3mt\/","name":"Correa retr\u00e1ctil 3mt - Boutique Animal","isPartOf":{"@id":"https:\/\/boutiqueanimal.co\/#website"},"primaryImageOfPage":{"@id":"https:\/\/boutiqueanimal.co\/producto\/correa-retractil-3mt\/#primaryimage"},"image":{"@id":"https:\/\/boutiqueanimal.co\/producto\/correa-retractil-3mt\/#primaryimage"},"thumbnailUrl":"https:\/\/boutiqueanimal.co\/wp-content\/uploads\/2025\/11\/correa-retractil-5m.jpeg","datePublished":"2025-11-01T16:18:08+00:00","dateModified":"2026-03-30T20:04:58+00:00","description":"Lazo retr\u00e1ctil para perros de 3 metros, resistente y c\u00f3modo. Brinda mayor libertad y control en cada paseo con sistema de freno seguro.","breadcrumb":{"@id":"https:\/\/boutiqueanimal.co\/producto\/correa-retractil-3mt\/#breadcrumb"},"inLanguage":"en-US","potentialAction":[{"@type":"ReadAction","target":["https:\/\/boutiqueanimal.co\/producto\/correa-retractil-3mt\/"]}]},{"@type":"ImageObject","inLanguage":"en-US","@id":"https:\/\/boutiqueanimal.co\/producto\/correa-retractil-3mt\/#primaryimage","url":"https:\/\/boutiqueanimal.co\/wp-content\/uploads\/2025\/11\/correa-retractil-5m.jpeg","contentUrl":"https:\/\/boutiqueanimal.co\/wp-content\/uploads\/2025\/11\/correa-retractil-5m.jpeg","width":960,"height":960},{"@type":"BreadcrumbList","@id":"https:\/\/boutiqueanimal.co\/producto\/correa-retractil-3mt\/#breadcrumb","itemListElement":[{"@type":"ListItem","position":1,"name":"Inicio","item":"https:\/\/boutiqueanimal.co\/"},{"@type":"ListItem","position":2,"name":"Tienda","item":"https:\/\/boutiqueanimal.co\/tienda\/"},{"@type":"ListItem","position":3,"name":"Correa retr\u00e1ctil 3mt"}]},{"@type":"WebSite","@id":"https:\/\/boutiqueanimal.co\/#website","url":"https:\/\/boutiqueanimal.co\/","name":"Boutique Animal","description":"Tienda online de productos para mascotas en Colombia. Env\u00edos r\u00e1pidos y gratis en compras superiores a $100.000","publisher":{"@id":"https:\/\/boutiqueanimal.co\/#organization"},"potentialAction":[{"@type":"SearchAction","target":{"@type":"EntryPoint","urlTemplate":"https:\/\/boutiqueanimal.co\/?s={search_term_string}"},"query-input":{"@type":"PropertyValueSpecification","valueRequired":true,"valueName":"search_term_string"}}],"inLanguage":"en-US"},{"@type":"Organization","@id":"https:\/\/boutiqueanimal.co\/#organization","name":"Boutique Animal","url":"https:\/\/boutiqueanimal.co\/","logo":{"@type":"ImageObject","inLanguage":"en-US","@id":"https:\/\/boutiqueanimal.co\/#\/schema\/logo\/image\/","url":"https:\/\/boutiqueanimal.co\/wp-content\/uploads\/2025\/11\/perrito-pc-1024x1024-1.png","contentUrl":"https:\/\/boutiqueanimal.co\/wp-content\/uploads\/2025\/11\/perrito-pc-1024x1024-1.png","width":1024,"height":1024,"caption":"Boutique Animal"},"image":{"@id":"https:\/\/boutiqueanimal.co\/#\/schema\/logo\/image\/"},"sameAs":["https:\/\/www.facebook.com\/BoutiqueAnimalCo"]}]}},"_links":{"self":[{"href":"https:\/\/boutiqueanimal.co\/en\/wp-json\/wp\/v2\/product\/251","targetHints":{"allow":["GET"]}}],"collection":[{"href":"https:\/\/boutiqueanimal.co\/en\/wp-json\/wp\/v2\/product"}],"about":[{"href":"https:\/\/boutiqueanimal.co\/en\/wp-json\/wp\/v2\/types\/product"}],"wp:featuredmedia":[{"embeddable":true,"href":"https:\/\/boutiqueanimal.co\/en\/wp-json\/wp\/v2\/media\/346"}],"wp:attachment":[{"href":"https:\/\/boutiqueanimal.co\/en\/wp-json\/wp\/v2\/media?parent=251"}],"wp:term":[{"taxonomy":"product_brand","embeddable":true,"href":"https:\/\/boutiqueanimal.co\/en\/wp-json\/wp\/v2\/product_brand?post=251"},{"taxonomy":"product_cat","embeddable":true,"href":"https:\/\/boutiqueanimal.co\/en\/wp-json\/wp\/v2\/product_cat?post=251"},{"taxonomy":"product_tag","embeddable":true,"href":"https:\/\/boutiqueanimal.co\/en\/wp-json\/wp\/v2\/product_tag?post=251"}],"curies":[{"name":"wp","href":"https:\/\/api.w.org\/{rel}","templated":true}]}}