{"id":2562,"date":"2025-11-01T16:26:59","date_gmt":"2025-11-01T16:26:59","guid":{"rendered":"https:\/\/boutiqueanimal.alojo.app\/wp\/?post_type=product&#038;p=2562"},"modified":"2026-04-15T17:05:31","modified_gmt":"2026-04-15T22:05:31","slug":"kit-tijeras-x4-toni-guy-canina","status":"publish","type":"product","link":"https:\/\/boutiqueanimal.co\/en\/product\/kit-tijeras-x4-toni-guy-canina\/","title":{"rendered":"Kit Tijeras x4 TONI &#038; GUY Canina 7\u00a8"},"content":{"rendered":"<ul data-start=\"440\" data-end=\"1168\">\n<li class=\"\" data-start=\"440\" data-end=\"551\">\n<p class=\"\" data-start=\"442\" data-end=\"551\"><strong data-start=\"442\" data-end=\"470\">Material de alta calidad<\/strong>: Acero inoxidable premium, resistente y duradero, ideal para un corte eficiente.<\/p>\n<\/li>\n<li class=\"\" data-start=\"552\" data-end=\"719\">\n<p class=\"\" data-start=\"554\" data-end=\"719\"><strong data-start=\"554\" data-end=\"577\">Variedad de tijeras<\/strong>: Incluye tijeras rectas, curva (hacia abajo) entresacadora y diente de tibur\u00f3n adapt\u00e1ndose a todas las necesidades.<\/p>\n<\/li>\n<li class=\"\" data-start=\"720\" data-end=\"843\">\n<p class=\"\" data-start=\"722\" data-end=\"843\"><strong data-start=\"722\" data-end=\"747\">Ergon\u00f3micas y ligeras<\/strong>: Dise\u00f1adas para ofrecer un manejo c\u00f3modo y evitar la fatiga durante largas sesiones de trabajo.<\/p>\n<\/li>\n<li class=\"\" data-start=\"844\" data-end=\"922\">\n<p class=\"\" data-start=\"846\" data-end=\"922\"><strong data-start=\"846\" data-end=\"862\">Filo preciso<\/strong>: Afilado de alta precisi\u00f3n para cortes r\u00e1pidos y uniformes.<\/p>\n<\/li>\n<li class=\"\" data-start=\"923\" data-end=\"1030\">\n<p class=\"\" data-start=\"925\" data-end=\"1030\"><strong data-start=\"925\" data-end=\"954\">Estuche de almacenamiento<\/strong>: Mant\u00e9n tus tijeras organizadas y seguras con el pr\u00e1ctico estuche incluido.<\/p>\n<\/li>\n<li class=\"\" data-start=\"1031\" data-end=\"1168\">\n<p class=\"\" data-start=\"1033\" data-end=\"1168\"><strong data-start=\"1033\" data-end=\"1075\">Ideal para uso profesional y dom\u00e9stico<\/strong>: Perfecto tanto para estilistas de mascotas como para due\u00f1os que desean un corte de calidad.<\/p>\n<\/li>\n<\/ul>\n<p class=\"\" data-start=\"1296\" data-end=\"1308\"><strong data-start=\"1296\" data-end=\"1307\">Incluye<\/strong>:<\/p>\n<ul data-start=\"1309\" data-end=\"1384\">\n<li class=\"\" data-start=\"1309\" data-end=\"1336\">\n<p class=\"\" data-start=\"1311\" data-end=\"1336\">4 tijeras de alta calidad de 7 Pulgadas<\/p>\n<\/li>\n<li class=\"\" data-start=\"1337\" data-end=\"1364\">\n<p class=\"\" data-start=\"1339\" data-end=\"1364\">Estuche de almacenamiento<\/p>\n<\/li>\n<li class=\"\" data-start=\"1365\" data-end=\"1384\">\n<p class=\"\" data-start=\"1367\" data-end=\"1384\">Llave para ajustar y Aceite<\/p>\n<\/li>\n<\/ul>","protected":false},"excerpt":{"rendered":"<ul data-start=\"440\" data-end=\"1168\">\n<li class=\"\" data-start=\"440\" data-end=\"551\">\n<p class=\"\" data-start=\"442\" data-end=\"551\"><strong data-start=\"442\" data-end=\"470\">Material de alta calidad<\/strong>: Acero inoxidable premium, resistente y duradero, ideal para un corte eficiente.<\/p>\n<\/li>\n<li class=\"\" data-start=\"552\" data-end=\"719\">\n<p class=\"\" data-start=\"554\" data-end=\"719\"><strong data-start=\"554\" data-end=\"577\">Variedad de tijeras<\/strong>: Incluye tijeras rectas, curva (hacia abajo) entresacadora y diente de tibur\u00f3n adapt\u00e1ndose a todas las necesidades.<\/p>\n<\/li>\n<li class=\"\" data-start=\"720\" data-end=\"843\">\n<p class=\"\" data-start=\"722\" data-end=\"843\"><strong data-start=\"722\" data-end=\"747\">Ergon\u00f3micas y ligeras<\/strong>: Dise\u00f1adas para ofrecer un manejo c\u00f3modo y evitar la fatiga durante largas sesiones de trabajo.<\/p>\n<\/li>\n<li class=\"\" data-start=\"844\" data-end=\"922\">\n<p class=\"\" data-start=\"846\" data-end=\"922\"><strong data-start=\"846\" data-end=\"862\">Filo preciso<\/strong>: Afilado de alta precisi\u00f3n para cortes r\u00e1pidos y uniformes.<\/p>\n<\/li>\n<li class=\"\" data-start=\"923\" data-end=\"1030\">\n<p class=\"\" data-start=\"925\" data-end=\"1030\"><strong data-start=\"925\" data-end=\"954\">Estuche de almacenamiento<\/strong>: Mant\u00e9n tus tijeras organizadas y seguras con el pr\u00e1ctico estuche incluido.<\/p>\n<\/li>\n<li class=\"\" data-start=\"1031\" data-end=\"1168\">\n<p class=\"\" data-start=\"1033\" data-end=\"1168\"><strong data-start=\"1033\" data-end=\"1075\">Ideal para uso profesional y dom\u00e9stico<\/strong>: Perfecto tanto para estilistas de mascotas como para due\u00f1os que desean un corte de calidad.<\/p>\n<\/li>\n<\/ul>\n<p class=\"\" data-start=\"1296\" data-end=\"1308\"><strong data-start=\"1296\" data-end=\"1307\">Incluye<\/strong>:<\/p>\n<ul data-start=\"1309\" data-end=\"1384\">\n<li class=\"\" data-start=\"1309\" data-end=\"1336\">\n<p class=\"\" data-start=\"1311\" data-end=\"1336\">4 tijeras de alta calidad de 7 Pulgadas<\/p>\n<\/li>\n<li class=\"\" data-start=\"1337\" data-end=\"1364\">\n<p class=\"\" data-start=\"1339\" data-end=\"1364\">Estuche de almacenamiento<\/p>\n<\/li>\n<li class=\"\" data-start=\"1365\" data-end=\"1384\">\n<p class=\"\" data-start=\"1367\" data-end=\"1384\">Llave para ajustar y Aceite<\/p>\n<\/li>\n<\/ul>","protected":false},"featured_media":2590,"template":"","meta":{"_joinchat":[]},"product_brand":[],"product_cat":[22,24,34],"product_tag":[],"class_list":{"0":"post-2562","1":"product","2":"type-product","3":"status-publish","4":"has-post-thumbnail","6":"product_cat-grooming","7":"product_cat-productos-nuevos","8":"product_cat-tijeras","11":"first","12":"instock","13":"shipping-taxable","14":"purchasable","15":"product-type-variable"},"yoast_head":"<!-- This site is optimized with the Yoast SEO plugin v27.2 - https:\/\/yoast.com\/product\/yoast-seo-wordpress\/ -->\n<title>Kit Tijeras x4 TONI &amp; GUY Canina 7\u00a8 - Boutique Animal<\/title>\n<meta name=\"robots\" content=\"index, follow, max-snippet:-1, max-image-preview:large, max-video-preview:-1\" \/>\n<link rel=\"canonical\" href=\"https:\/\/boutiqueanimal.co\/en\/product\/kit-tijeras-x4-toni-guy-canina\/\" \/>\n<meta property=\"og:locale\" content=\"en_US\" \/>\n<meta property=\"og:type\" content=\"article\" \/>\n<meta property=\"og:title\" content=\"Kit Tijeras x4 TONI &amp; GUY Canina 7\u00a8 - Boutique Animal\" \/>\n<meta property=\"og:description\" content=\"Material de alta calidad: Acero inoxidable premium, resistente y duradero, ideal para un corte eficiente.    Variedad de tijeras: Incluye tijeras rectas, curva (hacia abajo) entresacadora y diente de tibur\u00f3n adapt\u00e1ndose a todas las necesidades.    Ergon\u00f3micas y ligeras: Dise\u00f1adas para ofrecer un manejo c\u00f3modo y evitar la fatiga durante largas sesiones de trabajo.    Filo preciso: Afilado de alta precisi\u00f3n para cortes r\u00e1pidos y uniformes.    Estuche de almacenamiento: Mant\u00e9n tus tijeras organizadas y seguras con el pr\u00e1ctico estuche incluido.    Ideal para uso profesional y dom\u00e9stico: Perfecto tanto para estilistas de mascotas como para due\u00f1os que desean un corte de calidad.   Incluye:     4 tijeras de alta calidad de 7 Pulgadas    Estuche de almacenamiento    Llave para ajustar y Aceite\" \/>\n<meta property=\"og:url\" content=\"https:\/\/boutiqueanimal.co\/en\/product\/kit-tijeras-x4-toni-guy-canina\/\" \/>\n<meta property=\"og:site_name\" content=\"Boutique Animal\" \/>\n<meta property=\"article:publisher\" content=\"https:\/\/www.facebook.com\/BoutiqueAnimalCo\" \/>\n<meta property=\"article:modified_time\" content=\"2026-04-15T22:05:31+00:00\" \/>\n<meta property=\"og:image\" content=\"https:\/\/boutiqueanimal.co\/wp-content\/uploads\/2025\/11\/WhatsApp-Image-2025-02-20-at-10.54.17-AM.jpeg\" \/>\n\t<meta property=\"og:image:width\" content=\"1170\" \/>\n\t<meta property=\"og:image:height\" content=\"1153\" \/>\n\t<meta property=\"og:image:type\" content=\"image\/jpeg\" \/>\n<meta name=\"twitter:card\" content=\"summary_large_image\" \/>\n<meta name=\"twitter:label1\" content=\"Est. reading time\" \/>\n\t<meta name=\"twitter:data1\" content=\"1 minute\" \/>\n<script type=\"application\/ld+json\" class=\"yoast-schema-graph\">{\"@context\":\"https:\/\/schema.org\",\"@graph\":[{\"@type\":\"WebPage\",\"@id\":\"https:\/\/boutiqueanimal.co\/producto\/kit-tijeras-x4-toni-guy-canina\/\",\"url\":\"https:\/\/boutiqueanimal.co\/producto\/kit-tijeras-x4-toni-guy-canina\/\",\"name\":\"Kit Tijeras x4 TONI & GUY Canina 7\u00a8 - Boutique Animal\",\"isPartOf\":{\"@id\":\"https:\/\/boutiqueanimal.co\/#website\"},\"primaryImageOfPage\":{\"@id\":\"https:\/\/boutiqueanimal.co\/producto\/kit-tijeras-x4-toni-guy-canina\/#primaryimage\"},\"image\":{\"@id\":\"https:\/\/boutiqueanimal.co\/producto\/kit-tijeras-x4-toni-guy-canina\/#primaryimage\"},\"thumbnailUrl\":\"https:\/\/boutiqueanimal.co\/wp-content\/uploads\/2025\/11\/WhatsApp-Image-2025-02-20-at-10.54.17-AM.jpeg\",\"datePublished\":\"2025-11-01T16:26:59+00:00\",\"dateModified\":\"2026-04-15T22:05:31+00:00\",\"breadcrumb\":{\"@id\":\"https:\/\/boutiqueanimal.co\/producto\/kit-tijeras-x4-toni-guy-canina\/#breadcrumb\"},\"inLanguage\":\"en-US\",\"potentialAction\":[{\"@type\":\"ReadAction\",\"target\":[\"https:\/\/boutiqueanimal.co\/producto\/kit-tijeras-x4-toni-guy-canina\/\"]}]},{\"@type\":\"ImageObject\",\"inLanguage\":\"en-US\",\"@id\":\"https:\/\/boutiqueanimal.co\/producto\/kit-tijeras-x4-toni-guy-canina\/#primaryimage\",\"url\":\"https:\/\/boutiqueanimal.co\/wp-content\/uploads\/2025\/11\/WhatsApp-Image-2025-02-20-at-10.54.17-AM.jpeg\",\"contentUrl\":\"https:\/\/boutiqueanimal.co\/wp-content\/uploads\/2025\/11\/WhatsApp-Image-2025-02-20-at-10.54.17-AM.jpeg\",\"width\":1170,\"height\":1153},{\"@type\":\"BreadcrumbList\",\"@id\":\"https:\/\/boutiqueanimal.co\/producto\/kit-tijeras-x4-toni-guy-canina\/#breadcrumb\",\"itemListElement\":[{\"@type\":\"ListItem\",\"position\":1,\"name\":\"Inicio\",\"item\":\"https:\/\/boutiqueanimal.co\/\"},{\"@type\":\"ListItem\",\"position\":2,\"name\":\"Tienda\",\"item\":\"https:\/\/boutiqueanimal.co\/tienda\/\"},{\"@type\":\"ListItem\",\"position\":3,\"name\":\"Kit Tijeras x4 TONI &#038; GUY Canina 7\u00a8\"}]},{\"@type\":\"WebSite\",\"@id\":\"https:\/\/boutiqueanimal.co\/#website\",\"url\":\"https:\/\/boutiqueanimal.co\/\",\"name\":\"Boutique Animal\",\"description\":\"Tienda online de productos para mascotas en Colombia. Env\u00edos r\u00e1pidos y gratis en compras superiores a $100.000\",\"publisher\":{\"@id\":\"https:\/\/boutiqueanimal.co\/#organization\"},\"potentialAction\":[{\"@type\":\"SearchAction\",\"target\":{\"@type\":\"EntryPoint\",\"urlTemplate\":\"https:\/\/boutiqueanimal.co\/?s={search_term_string}\"},\"query-input\":{\"@type\":\"PropertyValueSpecification\",\"valueRequired\":true,\"valueName\":\"search_term_string\"}}],\"inLanguage\":\"en-US\"},{\"@type\":\"Organization\",\"@id\":\"https:\/\/boutiqueanimal.co\/#organization\",\"name\":\"Boutique Animal\",\"url\":\"https:\/\/boutiqueanimal.co\/\",\"logo\":{\"@type\":\"ImageObject\",\"inLanguage\":\"en-US\",\"@id\":\"https:\/\/boutiqueanimal.co\/#\/schema\/logo\/image\/\",\"url\":\"https:\/\/boutiqueanimal.co\/wp-content\/uploads\/2025\/11\/perrito-pc-1024x1024-1.png\",\"contentUrl\":\"https:\/\/boutiqueanimal.co\/wp-content\/uploads\/2025\/11\/perrito-pc-1024x1024-1.png\",\"width\":1024,\"height\":1024,\"caption\":\"Boutique Animal\"},\"image\":{\"@id\":\"https:\/\/boutiqueanimal.co\/#\/schema\/logo\/image\/\"},\"sameAs\":[\"https:\/\/www.facebook.com\/BoutiqueAnimalCo\"]}]}<\/script>\n<!-- \/ Yoast SEO plugin. -->","yoast_head_json":{"title":"Kit Tijeras x4 TONI & GUY Canina 7\u00a8 - Boutique Animal","robots":{"index":"index","follow":"follow","max-snippet":"max-snippet:-1","max-image-preview":"max-image-preview:large","max-video-preview":"max-video-preview:-1"},"canonical":"https:\/\/boutiqueanimal.co\/en\/product\/kit-tijeras-x4-toni-guy-canina\/","og_locale":"en_US","og_type":"article","og_title":"Kit Tijeras x4 TONI & GUY Canina 7\u00a8 - Boutique Animal","og_description":"Material de alta calidad: Acero inoxidable premium, resistente y duradero, ideal para un corte eficiente.    Variedad de tijeras: Incluye tijeras rectas, curva (hacia abajo) entresacadora y diente de tibur\u00f3n adapt\u00e1ndose a todas las necesidades.    Ergon\u00f3micas y ligeras: Dise\u00f1adas para ofrecer un manejo c\u00f3modo y evitar la fatiga durante largas sesiones de trabajo.    Filo preciso: Afilado de alta precisi\u00f3n para cortes r\u00e1pidos y uniformes.    Estuche de almacenamiento: Mant\u00e9n tus tijeras organizadas y seguras con el pr\u00e1ctico estuche incluido.    Ideal para uso profesional y dom\u00e9stico: Perfecto tanto para estilistas de mascotas como para due\u00f1os que desean un corte de calidad.   Incluye:     4 tijeras de alta calidad de 7 Pulgadas    Estuche de almacenamiento    Llave para ajustar y Aceite","og_url":"https:\/\/boutiqueanimal.co\/en\/product\/kit-tijeras-x4-toni-guy-canina\/","og_site_name":"Boutique Animal","article_publisher":"https:\/\/www.facebook.com\/BoutiqueAnimalCo","article_modified_time":"2026-04-15T22:05:31+00:00","og_image":[{"width":1170,"height":1153,"url":"https:\/\/boutiqueanimal.co\/wp-content\/uploads\/2025\/11\/WhatsApp-Image-2025-02-20-at-10.54.17-AM.jpeg","type":"image\/jpeg"}],"twitter_card":"summary_large_image","twitter_misc":{"Est. reading time":"1 minute"},"schema":{"@context":"https:\/\/schema.org","@graph":[{"@type":"WebPage","@id":"https:\/\/boutiqueanimal.co\/producto\/kit-tijeras-x4-toni-guy-canina\/","url":"https:\/\/boutiqueanimal.co\/producto\/kit-tijeras-x4-toni-guy-canina\/","name":"Kit Tijeras x4 TONI & GUY Canina 7\u00a8 - Boutique Animal","isPartOf":{"@id":"https:\/\/boutiqueanimal.co\/#website"},"primaryImageOfPage":{"@id":"https:\/\/boutiqueanimal.co\/producto\/kit-tijeras-x4-toni-guy-canina\/#primaryimage"},"image":{"@id":"https:\/\/boutiqueanimal.co\/producto\/kit-tijeras-x4-toni-guy-canina\/#primaryimage"},"thumbnailUrl":"https:\/\/boutiqueanimal.co\/wp-content\/uploads\/2025\/11\/WhatsApp-Image-2025-02-20-at-10.54.17-AM.jpeg","datePublished":"2025-11-01T16:26:59+00:00","dateModified":"2026-04-15T22:05:31+00:00","breadcrumb":{"@id":"https:\/\/boutiqueanimal.co\/producto\/kit-tijeras-x4-toni-guy-canina\/#breadcrumb"},"inLanguage":"en-US","potentialAction":[{"@type":"ReadAction","target":["https:\/\/boutiqueanimal.co\/producto\/kit-tijeras-x4-toni-guy-canina\/"]}]},{"@type":"ImageObject","inLanguage":"en-US","@id":"https:\/\/boutiqueanimal.co\/producto\/kit-tijeras-x4-toni-guy-canina\/#primaryimage","url":"https:\/\/boutiqueanimal.co\/wp-content\/uploads\/2025\/11\/WhatsApp-Image-2025-02-20-at-10.54.17-AM.jpeg","contentUrl":"https:\/\/boutiqueanimal.co\/wp-content\/uploads\/2025\/11\/WhatsApp-Image-2025-02-20-at-10.54.17-AM.jpeg","width":1170,"height":1153},{"@type":"BreadcrumbList","@id":"https:\/\/boutiqueanimal.co\/producto\/kit-tijeras-x4-toni-guy-canina\/#breadcrumb","itemListElement":[{"@type":"ListItem","position":1,"name":"Inicio","item":"https:\/\/boutiqueanimal.co\/"},{"@type":"ListItem","position":2,"name":"Tienda","item":"https:\/\/boutiqueanimal.co\/tienda\/"},{"@type":"ListItem","position":3,"name":"Kit Tijeras x4 TONI &#038; GUY Canina 7\u00a8"}]},{"@type":"WebSite","@id":"https:\/\/boutiqueanimal.co\/#website","url":"https:\/\/boutiqueanimal.co\/","name":"Boutique Animal","description":"Tienda online de productos para mascotas en Colombia. Env\u00edos r\u00e1pidos y gratis en compras superiores a $100.000","publisher":{"@id":"https:\/\/boutiqueanimal.co\/#organization"},"potentialAction":[{"@type":"SearchAction","target":{"@type":"EntryPoint","urlTemplate":"https:\/\/boutiqueanimal.co\/?s={search_term_string}"},"query-input":{"@type":"PropertyValueSpecification","valueRequired":true,"valueName":"search_term_string"}}],"inLanguage":"en-US"},{"@type":"Organization","@id":"https:\/\/boutiqueanimal.co\/#organization","name":"Boutique Animal","url":"https:\/\/boutiqueanimal.co\/","logo":{"@type":"ImageObject","inLanguage":"en-US","@id":"https:\/\/boutiqueanimal.co\/#\/schema\/logo\/image\/","url":"https:\/\/boutiqueanimal.co\/wp-content\/uploads\/2025\/11\/perrito-pc-1024x1024-1.png","contentUrl":"https:\/\/boutiqueanimal.co\/wp-content\/uploads\/2025\/11\/perrito-pc-1024x1024-1.png","width":1024,"height":1024,"caption":"Boutique Animal"},"image":{"@id":"https:\/\/boutiqueanimal.co\/#\/schema\/logo\/image\/"},"sameAs":["https:\/\/www.facebook.com\/BoutiqueAnimalCo"]}]}},"_links":{"self":[{"href":"https:\/\/boutiqueanimal.co\/en\/wp-json\/wp\/v2\/product\/2562","targetHints":{"allow":["GET"]}}],"collection":[{"href":"https:\/\/boutiqueanimal.co\/en\/wp-json\/wp\/v2\/product"}],"about":[{"href":"https:\/\/boutiqueanimal.co\/en\/wp-json\/wp\/v2\/types\/product"}],"wp:featuredmedia":[{"embeddable":true,"href":"https:\/\/boutiqueanimal.co\/en\/wp-json\/wp\/v2\/media\/2590"}],"wp:attachment":[{"href":"https:\/\/boutiqueanimal.co\/en\/wp-json\/wp\/v2\/media?parent=2562"}],"wp:term":[{"taxonomy":"product_brand","embeddable":true,"href":"https:\/\/boutiqueanimal.co\/en\/wp-json\/wp\/v2\/product_brand?post=2562"},{"taxonomy":"product_cat","embeddable":true,"href":"https:\/\/boutiqueanimal.co\/en\/wp-json\/wp\/v2\/product_cat?post=2562"},{"taxonomy":"product_tag","embeddable":true,"href":"https:\/\/boutiqueanimal.co\/en\/wp-json\/wp\/v2\/product_tag?post=2562"}],"curies":[{"name":"wp","href":"https:\/\/api.w.org\/{rel}","templated":true}]}}