{"id":2597,"date":"2025-11-01T16:27:09","date_gmt":"2025-11-01T16:27:09","guid":{"rendered":"https:\/\/boutiqueanimal.alojo.app\/wp\/?post_type=product&#038;p=2597"},"modified":"2025-12-29T12:13:22","modified_gmt":"2025-12-29T17:13:22","slug":"soplador-nestroad","status":"publish","type":"product","link":"https:\/\/boutiqueanimal.co\/en\/product\/soplador-nestroad\/","title":{"rendered":"Soplador Nestroad"},"content":{"rendered":"<h3 class=\"\" data-start=\"80\" data-end=\"156\"><strong data-start=\"84\" data-end=\"154\">Soplador Nestroad 4.3 \u2013 Potencia y Velocidad para un Secado R\u00e1pido<\/strong><\/h3>\n<p class=\"\" data-start=\"158\" data-end=\"590\">\ud83d\udd25 <strong data-start=\"161\" data-end=\"180\">Motor de 4.3 HP<\/strong> de alto rendimiento, ideal para grooming profesional.<br data-start=\"234\" data-end=\"237\" \/>\u26a1 <strong data-start=\"239\" data-end=\"261\">Velocidad variable<\/strong>, permitiendo ajustar la potencia seg\u00fan el tipo de pelaje.<br data-start=\"319\" data-end=\"322\" \/>\ud83c\udf21\ufe0f <strong data-start=\"326\" data-end=\"356\">Dos niveles de temperatura<\/strong>, para un secado eficiente sin da\u00f1ar el pelo de tu mascota.<br data-start=\"415\" data-end=\"418\" \/>\ud83d\udca8 <strong data-start=\"421\" data-end=\"464\">Manguera expandible con termo protector<\/strong>, brindando seguridad y comodidad en cada sesi\u00f3n.<br data-start=\"513\" data-end=\"516\" \/>\ud83d\udee1\ufe0f <strong data-start=\"520\" data-end=\"543\">6 meses de garant\u00eda<\/strong>, asegurando calidad y durabilidad en su uso.<\/p>\n<p class=\"\" data-start=\"592\" data-end=\"830\">\ud83d\udce6 <strong data-start=\"595\" data-end=\"607\">Incluye:<\/strong><br data-start=\"607\" data-end=\"610\" \/>\u2714\ufe0f 1 soplador Nestroad 4.3 profesional.<br data-start=\"649\" data-end=\"652\" \/>\u2714\ufe0f 4 boquillas intercambiables para diferentes necesidades de secado.<br data-start=\"721\" data-end=\"724\" \/>\u2714\ufe0f 1 manguera flexible de alta resistencia.<br data-start=\"767\" data-end=\"770\" \/>\u2714\ufe0f 1 cepillo para mantenimiento.<br data-start=\"802\" data-end=\"805\" data-is-only-node=\"\" \/>\u2714\ufe0f 1 manual de usuario.<\/p>\n<p data-start=\"592\" data-end=\"830\">\n<p data-start=\"592\" data-end=\"830\">\ud83d\udd52 <strong data-start=\"97\" data-end=\"149\">Producto en Preventa \u2013 Entrega en m\u00e1ximo 15 d\u00edas<\/strong><br data-start=\"149\" data-end=\"152\" \/>Este soplador se encuentra actualmente en <strong data-start=\"194\" data-end=\"206\">preventa<\/strong>. Haz tu pedido ahora y <strong data-start=\"230\" data-end=\"272\">asegura el tuyo antes de que se agoten<\/strong>. El producto llegar\u00e1 a nuestro inventario en un plazo m\u00e1ximo de <strong data-start=\"337\" data-end=\"348\">15 d\u00edas<\/strong> y ser\u00e1 enviado inmediatamente a tu direcci\u00f3n.<\/p>","protected":false},"excerpt":{"rendered":"<p>\ud83d\udd52 <strong data-start=\"97\" data-end=\"149\">Producto en Preventa \u2013 Entrega en m\u00e1ximo 15 d\u00edas<\/strong><br data-start=\"149\" data-end=\"152\" \/>Este soplador se encuentra actualmente en <strong data-start=\"194\" data-end=\"206\">preventa<\/strong>. Haz tu pedido ahora y <strong data-start=\"230\" data-end=\"272\">asegura el tuyo antes de que se agoten<\/strong>. El producto llegar\u00e1 a nuestro inventario en un plazo m\u00e1ximo de <strong data-start=\"337\" data-end=\"348\">15 d\u00edas<\/strong> y ser\u00e1 enviado inmediatamente a tu direcci\u00f3n.<\/p>\n<p>&nbsp;<\/p>\n<h3 class=\"\" data-start=\"80\" data-end=\"156\"><strong data-start=\"84\" data-end=\"154\">Soplador Nestroad 4.3 \u2013 Potencia y Velocidad para un Secado R\u00e1pido<\/strong><\/h3>\n<p class=\"\" data-start=\"158\" data-end=\"590\">\ud83d\udd25 <strong data-start=\"161\" data-end=\"180\">Motor de 4.3 HP<\/strong> de alto rendimiento, ideal para grooming profesional.<br data-start=\"234\" data-end=\"237\" \/>\u26a1 <strong data-start=\"239\" data-end=\"261\">Velocidad variable<\/strong>, permitiendo ajustar la potencia seg\u00fan el tipo de pelaje.<br data-start=\"319\" data-end=\"322\" \/>\ud83c\udf21\ufe0f <strong data-start=\"326\" data-end=\"356\">Dos niveles de temperatura<\/strong>, para un secado eficiente sin da\u00f1ar el pelo de tu mascota.<br data-start=\"415\" data-end=\"418\" \/>\ud83d\udca8 <strong data-start=\"421\" data-end=\"464\">Manguera expandible con termo protector<\/strong>, brindando seguridad y comodidad en cada sesi\u00f3n.<br data-start=\"513\" data-end=\"516\" \/>\ud83d\udee1\ufe0f <strong data-start=\"520\" data-end=\"543\">6 meses de garant\u00eda<\/strong>, asegurando calidad y durabilidad en su uso.<\/p>\n<p class=\"\" data-start=\"592\" data-end=\"830\">\ud83d\udce6 <strong data-start=\"595\" data-end=\"607\">Incluye:<\/strong><br data-start=\"607\" data-end=\"610\" \/>\u2714\ufe0f 1 soplador Nestroad 4.3 profesional.<br data-start=\"649\" data-end=\"652\" \/>\u2714\ufe0f 4 boquillas intercambiables para diferentes necesidades de secado.<br data-start=\"721\" data-end=\"724\" \/>\u2714\ufe0f 1 manguera flexible de alta resistencia.<br data-start=\"767\" data-end=\"770\" \/>\u2714\ufe0f 1 cepillo para mantenimiento.<br data-start=\"802\" data-end=\"805\" data-is-only-node=\"\" \/>\u2714\ufe0f 1 manual de usuario.<\/p>","protected":false},"featured_media":2626,"template":"","meta":{"_joinchat":[]},"product_brand":[],"product_cat":[22,38,24],"product_tag":[],"class_list":{"0":"post-2597","1":"product","2":"type-product","3":"status-publish","4":"has-post-thumbnail","6":"product_cat-grooming","7":"product_cat-maquinas","8":"product_cat-productos-nuevos","11":"first","12":"instock","13":"shipping-taxable","14":"purchasable","15":"product-type-simple"},"yoast_head":"<!-- This site is optimized with the Yoast SEO plugin v27.2 - https:\/\/yoast.com\/product\/yoast-seo-wordpress\/ -->\n<title>Soplador Nestroad - Boutique Animal<\/title>\n<meta name=\"robots\" content=\"index, follow, max-snippet:-1, max-image-preview:large, max-video-preview:-1\" \/>\n<link rel=\"canonical\" href=\"https:\/\/boutiqueanimal.co\/en\/product\/soplador-nestroad\/\" \/>\n<meta property=\"og:locale\" content=\"en_US\" \/>\n<meta property=\"og:type\" content=\"article\" \/>\n<meta property=\"og:title\" content=\"Soplador Nestroad - Boutique Animal\" \/>\n<meta property=\"og:description\" content=\"\ud83d\udd52 Producto en Preventa \u2013 Entrega en m\u00e1ximo 15 d\u00edasEste soplador se encuentra actualmente en preventa. Haz tu pedido ahora y asegura el tuyo antes de que se agoten. El producto llegar\u00e1 a nuestro inventario en un plazo m\u00e1ximo de 15 d\u00edas y ser\u00e1 enviado inmediatamente a tu direcci\u00f3n.  &nbsp; Soplador Nestroad 4.3 \u2013 Potencia y Velocidad para un Secado R\u00e1pido \ud83d\udd25 Motor de 4.3 HP de alto rendimiento, ideal para grooming profesional.\u26a1 Velocidad variable, permitiendo ajustar la potencia seg\u00fan el tipo de pelaje.\ud83c\udf21\ufe0f Dos niveles de temperatura, para un secado eficiente sin da\u00f1ar el pelo de tu mascota.\ud83d\udca8 Manguera expandible con termo protector, brindando seguridad y comodidad en cada sesi\u00f3n.\ud83d\udee1\ufe0f 6 meses de garant\u00eda, asegurando calidad y durabilidad en su uso. \ud83d\udce6 Incluye:\u2714\ufe0f 1 soplador Nestroad 4.3 profesional.\u2714\ufe0f 4 boquillas intercambiables para diferentes necesidades de secado.\u2714\ufe0f 1 manguera flexible de alta resistencia.\u2714\ufe0f 1 cepillo para mantenimiento.\u2714\ufe0f 1 manual de usuario.\" \/>\n<meta property=\"og:url\" content=\"https:\/\/boutiqueanimal.co\/en\/product\/soplador-nestroad\/\" \/>\n<meta property=\"og:site_name\" content=\"Boutique Animal\" \/>\n<meta property=\"article:publisher\" content=\"https:\/\/www.facebook.com\/BoutiqueAnimalCo\" \/>\n<meta property=\"article:modified_time\" content=\"2025-12-29T17:13:22+00:00\" \/>\n<meta property=\"og:image\" content=\"https:\/\/boutiqueanimal.co\/wp-content\/uploads\/2025\/11\/7a2458_a94adee7e65b481b8235e65dcd926d80mv2.jpg\" \/>\n\t<meta property=\"og:image:width\" content=\"625\" \/>\n\t<meta property=\"og:image:height\" content=\"625\" \/>\n\t<meta property=\"og:image:type\" content=\"image\/jpeg\" \/>\n<meta name=\"twitter:card\" content=\"summary_large_image\" \/>\n<meta name=\"twitter:label1\" content=\"Est. reading time\" \/>\n\t<meta name=\"twitter:data1\" content=\"1 minute\" \/>\n<script type=\"application\/ld+json\" class=\"yoast-schema-graph\">{\"@context\":\"https:\/\/schema.org\",\"@graph\":[{\"@type\":\"WebPage\",\"@id\":\"https:\/\/boutiqueanimal.co\/producto\/soplador-nestroad\/\",\"url\":\"https:\/\/boutiqueanimal.co\/producto\/soplador-nestroad\/\",\"name\":\"Soplador Nestroad - Boutique Animal\",\"isPartOf\":{\"@id\":\"https:\/\/boutiqueanimal.co\/#website\"},\"primaryImageOfPage\":{\"@id\":\"https:\/\/boutiqueanimal.co\/producto\/soplador-nestroad\/#primaryimage\"},\"image\":{\"@id\":\"https:\/\/boutiqueanimal.co\/producto\/soplador-nestroad\/#primaryimage\"},\"thumbnailUrl\":\"https:\/\/boutiqueanimal.co\/wp-content\/uploads\/2025\/11\/7a2458_a94adee7e65b481b8235e65dcd926d80mv2.jpg\",\"datePublished\":\"2025-11-01T16:27:09+00:00\",\"dateModified\":\"2025-12-29T17:13:22+00:00\",\"breadcrumb\":{\"@id\":\"https:\/\/boutiqueanimal.co\/producto\/soplador-nestroad\/#breadcrumb\"},\"inLanguage\":\"en-US\",\"potentialAction\":[{\"@type\":\"ReadAction\",\"target\":[\"https:\/\/boutiqueanimal.co\/producto\/soplador-nestroad\/\"]}]},{\"@type\":\"ImageObject\",\"inLanguage\":\"en-US\",\"@id\":\"https:\/\/boutiqueanimal.co\/producto\/soplador-nestroad\/#primaryimage\",\"url\":\"https:\/\/boutiqueanimal.co\/wp-content\/uploads\/2025\/11\/7a2458_a94adee7e65b481b8235e65dcd926d80mv2.jpg\",\"contentUrl\":\"https:\/\/boutiqueanimal.co\/wp-content\/uploads\/2025\/11\/7a2458_a94adee7e65b481b8235e65dcd926d80mv2.jpg\",\"width\":625,\"height\":625},{\"@type\":\"BreadcrumbList\",\"@id\":\"https:\/\/boutiqueanimal.co\/producto\/soplador-nestroad\/#breadcrumb\",\"itemListElement\":[{\"@type\":\"ListItem\",\"position\":1,\"name\":\"Inicio\",\"item\":\"https:\/\/boutiqueanimal.co\/\"},{\"@type\":\"ListItem\",\"position\":2,\"name\":\"Tienda\",\"item\":\"https:\/\/boutiqueanimal.co\/tienda\/\"},{\"@type\":\"ListItem\",\"position\":3,\"name\":\"Soplador Nestroad\"}]},{\"@type\":\"WebSite\",\"@id\":\"https:\/\/boutiqueanimal.co\/#website\",\"url\":\"https:\/\/boutiqueanimal.co\/\",\"name\":\"Boutique Animal\",\"description\":\"Tienda online de productos para mascotas en Colombia. Env\u00edos r\u00e1pidos y gratis en compras superiores a $100.000\",\"publisher\":{\"@id\":\"https:\/\/boutiqueanimal.co\/#organization\"},\"potentialAction\":[{\"@type\":\"SearchAction\",\"target\":{\"@type\":\"EntryPoint\",\"urlTemplate\":\"https:\/\/boutiqueanimal.co\/?s={search_term_string}\"},\"query-input\":{\"@type\":\"PropertyValueSpecification\",\"valueRequired\":true,\"valueName\":\"search_term_string\"}}],\"inLanguage\":\"en-US\"},{\"@type\":\"Organization\",\"@id\":\"https:\/\/boutiqueanimal.co\/#organization\",\"name\":\"Boutique Animal\",\"url\":\"https:\/\/boutiqueanimal.co\/\",\"logo\":{\"@type\":\"ImageObject\",\"inLanguage\":\"en-US\",\"@id\":\"https:\/\/boutiqueanimal.co\/#\/schema\/logo\/image\/\",\"url\":\"https:\/\/boutiqueanimal.co\/wp-content\/uploads\/2025\/11\/perrito-pc-1024x1024-1.png\",\"contentUrl\":\"https:\/\/boutiqueanimal.co\/wp-content\/uploads\/2025\/11\/perrito-pc-1024x1024-1.png\",\"width\":1024,\"height\":1024,\"caption\":\"Boutique Animal\"},\"image\":{\"@id\":\"https:\/\/boutiqueanimal.co\/#\/schema\/logo\/image\/\"},\"sameAs\":[\"https:\/\/www.facebook.com\/BoutiqueAnimalCo\"]}]}<\/script>\n<!-- \/ Yoast SEO plugin. -->","yoast_head_json":{"title":"Soplador Nestroad - Boutique Animal","robots":{"index":"index","follow":"follow","max-snippet":"max-snippet:-1","max-image-preview":"max-image-preview:large","max-video-preview":"max-video-preview:-1"},"canonical":"https:\/\/boutiqueanimal.co\/en\/product\/soplador-nestroad\/","og_locale":"en_US","og_type":"article","og_title":"Soplador Nestroad - Boutique Animal","og_description":"\ud83d\udd52 Producto en Preventa \u2013 Entrega en m\u00e1ximo 15 d\u00edasEste soplador se encuentra actualmente en preventa. Haz tu pedido ahora y asegura el tuyo antes de que se agoten. El producto llegar\u00e1 a nuestro inventario en un plazo m\u00e1ximo de 15 d\u00edas y ser\u00e1 enviado inmediatamente a tu direcci\u00f3n.  &nbsp; Soplador Nestroad 4.3 \u2013 Potencia y Velocidad para un Secado R\u00e1pido \ud83d\udd25 Motor de 4.3 HP de alto rendimiento, ideal para grooming profesional.\u26a1 Velocidad variable, permitiendo ajustar la potencia seg\u00fan el tipo de pelaje.\ud83c\udf21\ufe0f Dos niveles de temperatura, para un secado eficiente sin da\u00f1ar el pelo de tu mascota.\ud83d\udca8 Manguera expandible con termo protector, brindando seguridad y comodidad en cada sesi\u00f3n.\ud83d\udee1\ufe0f 6 meses de garant\u00eda, asegurando calidad y durabilidad en su uso. \ud83d\udce6 Incluye:\u2714\ufe0f 1 soplador Nestroad 4.3 profesional.\u2714\ufe0f 4 boquillas intercambiables para diferentes necesidades de secado.\u2714\ufe0f 1 manguera flexible de alta resistencia.\u2714\ufe0f 1 cepillo para mantenimiento.\u2714\ufe0f 1 manual de usuario.","og_url":"https:\/\/boutiqueanimal.co\/en\/product\/soplador-nestroad\/","og_site_name":"Boutique Animal","article_publisher":"https:\/\/www.facebook.com\/BoutiqueAnimalCo","article_modified_time":"2025-12-29T17:13:22+00:00","og_image":[{"width":625,"height":625,"url":"https:\/\/boutiqueanimal.co\/wp-content\/uploads\/2025\/11\/7a2458_a94adee7e65b481b8235e65dcd926d80mv2.jpg","type":"image\/jpeg"}],"twitter_card":"summary_large_image","twitter_misc":{"Est. reading time":"1 minute"},"schema":{"@context":"https:\/\/schema.org","@graph":[{"@type":"WebPage","@id":"https:\/\/boutiqueanimal.co\/producto\/soplador-nestroad\/","url":"https:\/\/boutiqueanimal.co\/producto\/soplador-nestroad\/","name":"Soplador Nestroad - Boutique Animal","isPartOf":{"@id":"https:\/\/boutiqueanimal.co\/#website"},"primaryImageOfPage":{"@id":"https:\/\/boutiqueanimal.co\/producto\/soplador-nestroad\/#primaryimage"},"image":{"@id":"https:\/\/boutiqueanimal.co\/producto\/soplador-nestroad\/#primaryimage"},"thumbnailUrl":"https:\/\/boutiqueanimal.co\/wp-content\/uploads\/2025\/11\/7a2458_a94adee7e65b481b8235e65dcd926d80mv2.jpg","datePublished":"2025-11-01T16:27:09+00:00","dateModified":"2025-12-29T17:13:22+00:00","breadcrumb":{"@id":"https:\/\/boutiqueanimal.co\/producto\/soplador-nestroad\/#breadcrumb"},"inLanguage":"en-US","potentialAction":[{"@type":"ReadAction","target":["https:\/\/boutiqueanimal.co\/producto\/soplador-nestroad\/"]}]},{"@type":"ImageObject","inLanguage":"en-US","@id":"https:\/\/boutiqueanimal.co\/producto\/soplador-nestroad\/#primaryimage","url":"https:\/\/boutiqueanimal.co\/wp-content\/uploads\/2025\/11\/7a2458_a94adee7e65b481b8235e65dcd926d80mv2.jpg","contentUrl":"https:\/\/boutiqueanimal.co\/wp-content\/uploads\/2025\/11\/7a2458_a94adee7e65b481b8235e65dcd926d80mv2.jpg","width":625,"height":625},{"@type":"BreadcrumbList","@id":"https:\/\/boutiqueanimal.co\/producto\/soplador-nestroad\/#breadcrumb","itemListElement":[{"@type":"ListItem","position":1,"name":"Inicio","item":"https:\/\/boutiqueanimal.co\/"},{"@type":"ListItem","position":2,"name":"Tienda","item":"https:\/\/boutiqueanimal.co\/tienda\/"},{"@type":"ListItem","position":3,"name":"Soplador Nestroad"}]},{"@type":"WebSite","@id":"https:\/\/boutiqueanimal.co\/#website","url":"https:\/\/boutiqueanimal.co\/","name":"Boutique Animal","description":"Tienda online de productos para mascotas en Colombia. Env\u00edos r\u00e1pidos y gratis en compras superiores a $100.000","publisher":{"@id":"https:\/\/boutiqueanimal.co\/#organization"},"potentialAction":[{"@type":"SearchAction","target":{"@type":"EntryPoint","urlTemplate":"https:\/\/boutiqueanimal.co\/?s={search_term_string}"},"query-input":{"@type":"PropertyValueSpecification","valueRequired":true,"valueName":"search_term_string"}}],"inLanguage":"en-US"},{"@type":"Organization","@id":"https:\/\/boutiqueanimal.co\/#organization","name":"Boutique Animal","url":"https:\/\/boutiqueanimal.co\/","logo":{"@type":"ImageObject","inLanguage":"en-US","@id":"https:\/\/boutiqueanimal.co\/#\/schema\/logo\/image\/","url":"https:\/\/boutiqueanimal.co\/wp-content\/uploads\/2025\/11\/perrito-pc-1024x1024-1.png","contentUrl":"https:\/\/boutiqueanimal.co\/wp-content\/uploads\/2025\/11\/perrito-pc-1024x1024-1.png","width":1024,"height":1024,"caption":"Boutique Animal"},"image":{"@id":"https:\/\/boutiqueanimal.co\/#\/schema\/logo\/image\/"},"sameAs":["https:\/\/www.facebook.com\/BoutiqueAnimalCo"]}]}},"_links":{"self":[{"href":"https:\/\/boutiqueanimal.co\/en\/wp-json\/wp\/v2\/product\/2597","targetHints":{"allow":["GET"]}}],"collection":[{"href":"https:\/\/boutiqueanimal.co\/en\/wp-json\/wp\/v2\/product"}],"about":[{"href":"https:\/\/boutiqueanimal.co\/en\/wp-json\/wp\/v2\/types\/product"}],"wp:featuredmedia":[{"embeddable":true,"href":"https:\/\/boutiqueanimal.co\/en\/wp-json\/wp\/v2\/media\/2626"}],"wp:attachment":[{"href":"https:\/\/boutiqueanimal.co\/en\/wp-json\/wp\/v2\/media?parent=2597"}],"wp:term":[{"taxonomy":"product_brand","embeddable":true,"href":"https:\/\/boutiqueanimal.co\/en\/wp-json\/wp\/v2\/product_brand?post=2597"},{"taxonomy":"product_cat","embeddable":true,"href":"https:\/\/boutiqueanimal.co\/en\/wp-json\/wp\/v2\/product_cat?post=2597"},{"taxonomy":"product_tag","embeddable":true,"href":"https:\/\/boutiqueanimal.co\/en\/wp-json\/wp\/v2\/product_tag?post=2597"}],"curies":[{"name":"wp","href":"https:\/\/api.w.org\/{rel}","templated":true}]}}