{"id":2599,"date":"2025-11-01T16:27:10","date_gmt":"2025-11-01T16:27:10","guid":{"rendered":"https:\/\/boutiqueanimal.alojo.app\/wp\/?post_type=product&#038;p=2599"},"modified":"2026-04-06T17:46:38","modified_gmt":"2026-04-06T22:46:38","slug":"polvo-hemostatico","status":"publish","type":"product","link":"https:\/\/boutiqueanimal.co\/en\/product\/polvo-hemostatico\/","title":{"rendered":"Polvo Hemostatico"},"content":{"rendered":"<p data-start=\"578\" data-end=\"954\">El <strong data-start=\"581\" data-end=\"615\">Polvo Hemost\u00e1tico Miracle Care<\/strong> es un producto <strong data-start=\"631\" data-end=\"644\">americano<\/strong> dise\u00f1ado para <strong data-start=\"659\" data-end=\"692\">detener el sangrado inmediato<\/strong> en mascotas. Ideal para cortes al cortar u\u00f1as, peque\u00f1as heridas, raspones o lesiones superficiales en perros y gatos. Es el hemost\u00e1tico m\u00e1s utilizado por <strong data-start=\"847\" data-end=\"873\">groomers profesionales<\/strong>, veterinarios y due\u00f1os de mascotas que buscan una soluci\u00f3n r\u00e1pida y segura. \ud83d\udc36\ud83d\udc31<\/p>\n<p data-start=\"956\" data-end=\"1006\">Disponible en presentaciones: <strong data-start=\"986\" data-end=\"994\">14 g<\/strong> y <strong data-start=\"997\" data-end=\"1005\">42 g<\/strong>.<\/p>\n<p data-start=\"1008\" data-end=\"1291\"><strong data-start=\"1008\" data-end=\"1030\">\u2728 Uso recomendado:<\/strong><br data-start=\"1030\" data-end=\"1033\" \/>Aplica una peque\u00f1a cantidad del polvo directamente sobre la zona sangrante y presiona suavemente durante unos segundos. Su f\u00f3rmula act\u00faa al instante, ayudando a <strong data-start=\"1194\" data-end=\"1229\">detener el sangrado r\u00e1pidamente<\/strong> y evitando complicaciones durante el grooming o en casa. \ud83d\ude91\ud83d\udc3e<\/p>\n<p data-start=\"1293\" data-end=\"1348\"><strong data-start=\"1293\" data-end=\"1346\">\ud83d\udd39 Beneficios del Polvo Hemost\u00e1tico Miracle Care:<\/strong><\/p>\n<ul data-start=\"1349\" data-end=\"1567\">\n<li data-start=\"1349\" data-end=\"1395\">\n<p data-start=\"1351\" data-end=\"1395\">Detiene el sangrado <strong data-start=\"1371\" data-end=\"1393\">de forma inmediata<\/strong><\/p>\n<\/li>\n<li data-start=\"1396\" data-end=\"1434\">\n<p data-start=\"1398\" data-end=\"1434\">Ideal para cortar u\u00f1as sin riesgos<\/p>\n<\/li>\n<li data-start=\"1435\" data-end=\"1468\">\n<p data-start=\"1437\" data-end=\"1468\">F\u00e1cil de aplicar y muy seguro<\/p>\n<\/li>\n<li data-start=\"1469\" data-end=\"1530\">\n<p data-start=\"1471\" data-end=\"1530\">Perfecto para grooming profesional y botiqu\u00edn de mascotas<\/p>\n<\/li>\n<li data-start=\"1531\" data-end=\"1567\">\n<p data-start=\"1533\" data-end=\"1567\">Producto americano de alta calidad<\/p>\n<\/li>\n<\/ul>\n<p data-start=\"1569\" data-end=\"1719\">Agrega el <strong data-start=\"1579\" data-end=\"1607\">hemost\u00e1tico Miracle Care<\/strong> a tu kit de cuidado y grooming y atiende a tu mascota con la misma seguridad y efectividad de los expertos. \ud83e\ude79<\/p>","protected":false},"excerpt":{"rendered":"<p data-start=\"956\" data-end=\"1006\">Disponible en presentaciones: <strong data-start=\"986\" data-end=\"994\">14 g<\/strong> y <strong data-start=\"997\" data-end=\"1005\">42 g<\/strong>.<\/p>\n<p data-start=\"1008\" data-end=\"1291\"><strong data-start=\"1008\" data-end=\"1030\">\u2728 Uso recomendado:<\/strong><br data-start=\"1030\" data-end=\"1033\" \/>Aplica una peque\u00f1a cantidad del polvo directamente sobre la zona sangrante y presiona suavemente durante unos segundos. Su f\u00f3rmula act\u00faa al instante, ayudando a <strong data-start=\"1194\" data-end=\"1229\">detener el sangrado r\u00e1pidamente<\/strong> y evitando complicaciones durante el grooming o en casa. \ud83d\ude91\ud83d\udc3e<\/p>\n<p data-start=\"1293\" data-end=\"1348\"><strong data-start=\"1293\" data-end=\"1346\">\ud83d\udd39 Beneficios del Polvo Hemost\u00e1tico Miracle Care:<\/strong><\/p>\n<ul data-start=\"1349\" data-end=\"1567\">\n<li data-start=\"1349\" data-end=\"1395\">\n<p data-start=\"1351\" data-end=\"1395\">Detiene el sangrado <strong data-start=\"1371\" data-end=\"1393\">de forma inmediata<\/strong><\/p>\n<\/li>\n<li data-start=\"1396\" data-end=\"1434\">\n<p data-start=\"1398\" data-end=\"1434\">Ideal para cortar u\u00f1as sin riesgos<\/p>\n<\/li>\n<li data-start=\"1435\" data-end=\"1468\">\n<p data-start=\"1437\" data-end=\"1468\">F\u00e1cil de aplicar y muy seguro<\/p>\n<\/li>\n<li data-start=\"1469\" data-end=\"1530\">\n<p data-start=\"1471\" data-end=\"1530\">Perfecto para grooming profesional y botiqu\u00edn de mascotas<\/p>\n<\/li>\n<li data-start=\"1531\" data-end=\"1567\">\n<p data-start=\"1533\" data-end=\"1567\">Producto americano de alta calidad<\/p>\n<\/li>\n<\/ul>\n<p data-start=\"1569\" data-end=\"1719\">Agrega el <strong data-start=\"1579\" data-end=\"1607\">hemost\u00e1tico Miracle Care<\/strong> a tu kit de cuidado y grooming y atiende a tu mascota con la misma seguridad y efectividad de los expertos. \ud83e\ude79<\/p>","protected":false},"featured_media":2641,"template":"","meta":{"_joinchat":[]},"product_brand":[],"product_cat":[22,23,24],"product_tag":[],"class_list":{"0":"post-2599","1":"product","2":"type-product","3":"status-publish","4":"has-post-thumbnail","6":"product_cat-grooming","7":"product_cat-higiene-grooming","8":"product_cat-productos-nuevos","11":"first","12":"instock","13":"shipping-taxable","14":"purchasable","15":"product-type-variable"},"yoast_head":"<!-- This site is optimized with the Yoast SEO plugin v27.2 - https:\/\/yoast.com\/product\/yoast-seo-wordpress\/ -->\n<title>Polvo Hemostatico - Boutique Animal<\/title>\n<meta name=\"robots\" content=\"index, follow, max-snippet:-1, max-image-preview:large, max-video-preview:-1\" \/>\n<link rel=\"canonical\" href=\"https:\/\/boutiqueanimal.co\/en\/product\/polvo-hemostatico\/\" \/>\n<meta property=\"og:locale\" content=\"en_US\" \/>\n<meta property=\"og:type\" content=\"article\" \/>\n<meta property=\"og:title\" content=\"Polvo Hemostatico - Boutique Animal\" \/>\n<meta property=\"og:description\" content=\"Disponible en presentaciones: 14 g y 42 g. \u2728 Uso recomendado:Aplica una peque\u00f1a cantidad del polvo directamente sobre la zona sangrante y presiona suavemente durante unos segundos. Su f\u00f3rmula act\u00faa al instante, ayudando a detener el sangrado r\u00e1pidamente y evitando complicaciones durante el grooming o en casa. \ud83d\ude91\ud83d\udc3e \ud83d\udd39 Beneficios del Polvo Hemost\u00e1tico Miracle Care:     Detiene el sangrado de forma inmediata    Ideal para cortar u\u00f1as sin riesgos    F\u00e1cil de aplicar y muy seguro    Perfecto para grooming profesional y botiqu\u00edn de mascotas    Producto americano de alta calidad   Agrega el hemost\u00e1tico Miracle Care a tu kit de cuidado y grooming y atiende a tu mascota con la misma seguridad y efectividad de los expertos. \ud83e\ude79\" \/>\n<meta property=\"og:url\" content=\"https:\/\/boutiqueanimal.co\/en\/product\/polvo-hemostatico\/\" \/>\n<meta property=\"og:site_name\" content=\"Boutique Animal\" \/>\n<meta property=\"article:publisher\" content=\"https:\/\/www.facebook.com\/BoutiqueAnimalCo\" \/>\n<meta property=\"article:modified_time\" content=\"2026-04-06T22:46:38+00:00\" \/>\n<meta property=\"og:image\" content=\"https:\/\/boutiqueanimal.co\/wp-content\/uploads\/2025\/11\/7a2458_c893249cff4447de84bf2d4e22e9dacfmv2.jpg\" \/>\n\t<meta property=\"og:image:width\" content=\"381\" \/>\n\t<meta property=\"og:image:height\" content=\"570\" \/>\n\t<meta property=\"og:image:type\" content=\"image\/jpeg\" \/>\n<meta name=\"twitter:card\" content=\"summary_large_image\" \/>\n<meta name=\"twitter:label1\" content=\"Est. reading time\" \/>\n\t<meta name=\"twitter:data1\" content=\"1 minute\" \/>\n<script type=\"application\/ld+json\" class=\"yoast-schema-graph\">{\"@context\":\"https:\/\/schema.org\",\"@graph\":[{\"@type\":\"WebPage\",\"@id\":\"https:\/\/boutiqueanimal.co\/producto\/polvo-hemostatico\/\",\"url\":\"https:\/\/boutiqueanimal.co\/producto\/polvo-hemostatico\/\",\"name\":\"Polvo Hemostatico - Boutique Animal\",\"isPartOf\":{\"@id\":\"https:\/\/boutiqueanimal.co\/#website\"},\"primaryImageOfPage\":{\"@id\":\"https:\/\/boutiqueanimal.co\/producto\/polvo-hemostatico\/#primaryimage\"},\"image\":{\"@id\":\"https:\/\/boutiqueanimal.co\/producto\/polvo-hemostatico\/#primaryimage\"},\"thumbnailUrl\":\"https:\/\/boutiqueanimal.co\/wp-content\/uploads\/2025\/11\/7a2458_c893249cff4447de84bf2d4e22e9dacfmv2.jpg\",\"datePublished\":\"2025-11-01T16:27:10+00:00\",\"dateModified\":\"2026-04-06T22:46:38+00:00\",\"breadcrumb\":{\"@id\":\"https:\/\/boutiqueanimal.co\/producto\/polvo-hemostatico\/#breadcrumb\"},\"inLanguage\":\"en-US\",\"potentialAction\":[{\"@type\":\"ReadAction\",\"target\":[\"https:\/\/boutiqueanimal.co\/producto\/polvo-hemostatico\/\"]}]},{\"@type\":\"ImageObject\",\"inLanguage\":\"en-US\",\"@id\":\"https:\/\/boutiqueanimal.co\/producto\/polvo-hemostatico\/#primaryimage\",\"url\":\"https:\/\/boutiqueanimal.co\/wp-content\/uploads\/2025\/11\/7a2458_c893249cff4447de84bf2d4e22e9dacfmv2.jpg\",\"contentUrl\":\"https:\/\/boutiqueanimal.co\/wp-content\/uploads\/2025\/11\/7a2458_c893249cff4447de84bf2d4e22e9dacfmv2.jpg\",\"width\":381,\"height\":570},{\"@type\":\"BreadcrumbList\",\"@id\":\"https:\/\/boutiqueanimal.co\/producto\/polvo-hemostatico\/#breadcrumb\",\"itemListElement\":[{\"@type\":\"ListItem\",\"position\":1,\"name\":\"Inicio\",\"item\":\"https:\/\/boutiqueanimal.co\/\"},{\"@type\":\"ListItem\",\"position\":2,\"name\":\"Tienda\",\"item\":\"https:\/\/boutiqueanimal.co\/tienda\/\"},{\"@type\":\"ListItem\",\"position\":3,\"name\":\"Polvo Hemostatico\"}]},{\"@type\":\"WebSite\",\"@id\":\"https:\/\/boutiqueanimal.co\/#website\",\"url\":\"https:\/\/boutiqueanimal.co\/\",\"name\":\"Boutique Animal\",\"description\":\"Tienda online de productos para mascotas en Colombia. Env\u00edos r\u00e1pidos y gratis en compras superiores a $100.000\",\"publisher\":{\"@id\":\"https:\/\/boutiqueanimal.co\/#organization\"},\"potentialAction\":[{\"@type\":\"SearchAction\",\"target\":{\"@type\":\"EntryPoint\",\"urlTemplate\":\"https:\/\/boutiqueanimal.co\/?s={search_term_string}\"},\"query-input\":{\"@type\":\"PropertyValueSpecification\",\"valueRequired\":true,\"valueName\":\"search_term_string\"}}],\"inLanguage\":\"en-US\"},{\"@type\":\"Organization\",\"@id\":\"https:\/\/boutiqueanimal.co\/#organization\",\"name\":\"Boutique Animal\",\"url\":\"https:\/\/boutiqueanimal.co\/\",\"logo\":{\"@type\":\"ImageObject\",\"inLanguage\":\"en-US\",\"@id\":\"https:\/\/boutiqueanimal.co\/#\/schema\/logo\/image\/\",\"url\":\"https:\/\/boutiqueanimal.co\/wp-content\/uploads\/2025\/11\/perrito-pc-1024x1024-1.png\",\"contentUrl\":\"https:\/\/boutiqueanimal.co\/wp-content\/uploads\/2025\/11\/perrito-pc-1024x1024-1.png\",\"width\":1024,\"height\":1024,\"caption\":\"Boutique Animal\"},\"image\":{\"@id\":\"https:\/\/boutiqueanimal.co\/#\/schema\/logo\/image\/\"},\"sameAs\":[\"https:\/\/www.facebook.com\/BoutiqueAnimalCo\"]}]}<\/script>\n<!-- \/ Yoast SEO plugin. -->","yoast_head_json":{"title":"Polvo Hemostatico - Boutique Animal","robots":{"index":"index","follow":"follow","max-snippet":"max-snippet:-1","max-image-preview":"max-image-preview:large","max-video-preview":"max-video-preview:-1"},"canonical":"https:\/\/boutiqueanimal.co\/en\/product\/polvo-hemostatico\/","og_locale":"en_US","og_type":"article","og_title":"Polvo Hemostatico - Boutique Animal","og_description":"Disponible en presentaciones: 14 g y 42 g. \u2728 Uso recomendado:Aplica una peque\u00f1a cantidad del polvo directamente sobre la zona sangrante y presiona suavemente durante unos segundos. Su f\u00f3rmula act\u00faa al instante, ayudando a detener el sangrado r\u00e1pidamente y evitando complicaciones durante el grooming o en casa. \ud83d\ude91\ud83d\udc3e \ud83d\udd39 Beneficios del Polvo Hemost\u00e1tico Miracle Care:     Detiene el sangrado de forma inmediata    Ideal para cortar u\u00f1as sin riesgos    F\u00e1cil de aplicar y muy seguro    Perfecto para grooming profesional y botiqu\u00edn de mascotas    Producto americano de alta calidad   Agrega el hemost\u00e1tico Miracle Care a tu kit de cuidado y grooming y atiende a tu mascota con la misma seguridad y efectividad de los expertos. \ud83e\ude79","og_url":"https:\/\/boutiqueanimal.co\/en\/product\/polvo-hemostatico\/","og_site_name":"Boutique Animal","article_publisher":"https:\/\/www.facebook.com\/BoutiqueAnimalCo","article_modified_time":"2026-04-06T22:46:38+00:00","og_image":[{"width":381,"height":570,"url":"https:\/\/boutiqueanimal.co\/wp-content\/uploads\/2025\/11\/7a2458_c893249cff4447de84bf2d4e22e9dacfmv2.jpg","type":"image\/jpeg"}],"twitter_card":"summary_large_image","twitter_misc":{"Est. reading time":"1 minute"},"schema":{"@context":"https:\/\/schema.org","@graph":[{"@type":"WebPage","@id":"https:\/\/boutiqueanimal.co\/producto\/polvo-hemostatico\/","url":"https:\/\/boutiqueanimal.co\/producto\/polvo-hemostatico\/","name":"Polvo Hemostatico - Boutique Animal","isPartOf":{"@id":"https:\/\/boutiqueanimal.co\/#website"},"primaryImageOfPage":{"@id":"https:\/\/boutiqueanimal.co\/producto\/polvo-hemostatico\/#primaryimage"},"image":{"@id":"https:\/\/boutiqueanimal.co\/producto\/polvo-hemostatico\/#primaryimage"},"thumbnailUrl":"https:\/\/boutiqueanimal.co\/wp-content\/uploads\/2025\/11\/7a2458_c893249cff4447de84bf2d4e22e9dacfmv2.jpg","datePublished":"2025-11-01T16:27:10+00:00","dateModified":"2026-04-06T22:46:38+00:00","breadcrumb":{"@id":"https:\/\/boutiqueanimal.co\/producto\/polvo-hemostatico\/#breadcrumb"},"inLanguage":"en-US","potentialAction":[{"@type":"ReadAction","target":["https:\/\/boutiqueanimal.co\/producto\/polvo-hemostatico\/"]}]},{"@type":"ImageObject","inLanguage":"en-US","@id":"https:\/\/boutiqueanimal.co\/producto\/polvo-hemostatico\/#primaryimage","url":"https:\/\/boutiqueanimal.co\/wp-content\/uploads\/2025\/11\/7a2458_c893249cff4447de84bf2d4e22e9dacfmv2.jpg","contentUrl":"https:\/\/boutiqueanimal.co\/wp-content\/uploads\/2025\/11\/7a2458_c893249cff4447de84bf2d4e22e9dacfmv2.jpg","width":381,"height":570},{"@type":"BreadcrumbList","@id":"https:\/\/boutiqueanimal.co\/producto\/polvo-hemostatico\/#breadcrumb","itemListElement":[{"@type":"ListItem","position":1,"name":"Inicio","item":"https:\/\/boutiqueanimal.co\/"},{"@type":"ListItem","position":2,"name":"Tienda","item":"https:\/\/boutiqueanimal.co\/tienda\/"},{"@type":"ListItem","position":3,"name":"Polvo Hemostatico"}]},{"@type":"WebSite","@id":"https:\/\/boutiqueanimal.co\/#website","url":"https:\/\/boutiqueanimal.co\/","name":"Boutique Animal","description":"Tienda online de productos para mascotas en Colombia. Env\u00edos r\u00e1pidos y gratis en compras superiores a $100.000","publisher":{"@id":"https:\/\/boutiqueanimal.co\/#organization"},"potentialAction":[{"@type":"SearchAction","target":{"@type":"EntryPoint","urlTemplate":"https:\/\/boutiqueanimal.co\/?s={search_term_string}"},"query-input":{"@type":"PropertyValueSpecification","valueRequired":true,"valueName":"search_term_string"}}],"inLanguage":"en-US"},{"@type":"Organization","@id":"https:\/\/boutiqueanimal.co\/#organization","name":"Boutique Animal","url":"https:\/\/boutiqueanimal.co\/","logo":{"@type":"ImageObject","inLanguage":"en-US","@id":"https:\/\/boutiqueanimal.co\/#\/schema\/logo\/image\/","url":"https:\/\/boutiqueanimal.co\/wp-content\/uploads\/2025\/11\/perrito-pc-1024x1024-1.png","contentUrl":"https:\/\/boutiqueanimal.co\/wp-content\/uploads\/2025\/11\/perrito-pc-1024x1024-1.png","width":1024,"height":1024,"caption":"Boutique Animal"},"image":{"@id":"https:\/\/boutiqueanimal.co\/#\/schema\/logo\/image\/"},"sameAs":["https:\/\/www.facebook.com\/BoutiqueAnimalCo"]}]}},"_links":{"self":[{"href":"https:\/\/boutiqueanimal.co\/en\/wp-json\/wp\/v2\/product\/2599","targetHints":{"allow":["GET"]}}],"collection":[{"href":"https:\/\/boutiqueanimal.co\/en\/wp-json\/wp\/v2\/product"}],"about":[{"href":"https:\/\/boutiqueanimal.co\/en\/wp-json\/wp\/v2\/types\/product"}],"wp:featuredmedia":[{"embeddable":true,"href":"https:\/\/boutiqueanimal.co\/en\/wp-json\/wp\/v2\/media\/2641"}],"wp:attachment":[{"href":"https:\/\/boutiqueanimal.co\/en\/wp-json\/wp\/v2\/media?parent=2599"}],"wp:term":[{"taxonomy":"product_brand","embeddable":true,"href":"https:\/\/boutiqueanimal.co\/en\/wp-json\/wp\/v2\/product_brand?post=2599"},{"taxonomy":"product_cat","embeddable":true,"href":"https:\/\/boutiqueanimal.co\/en\/wp-json\/wp\/v2\/product_cat?post=2599"},{"taxonomy":"product_tag","embeddable":true,"href":"https:\/\/boutiqueanimal.co\/en\/wp-json\/wp\/v2\/product_tag?post=2599"}],"curies":[{"name":"wp","href":"https:\/\/api.w.org\/{rel}","templated":true}]}}