{"id":2600,"date":"2025-11-01T16:27:10","date_gmt":"2025-11-01T16:27:10","guid":{"rendered":"https:\/\/boutiqueanimal.alojo.app\/wp\/?post_type=product&#038;p=2600"},"modified":"2026-03-03T16:20:32","modified_gmt":"2026-03-03T21:20:32","slug":"soplador-ballmerk-thor","status":"publish","type":"product","link":"https:\/\/boutiqueanimal.co\/en\/product\/soplador-ballmerk-thor\/","title":{"rendered":"Soplador Ballmerk Thor 4HP"},"content":{"rendered":"<p data-start=\"386\" data-end=\"630\">El <strong data-start=\"389\" data-end=\"419\">Soplador Ballmerk Thor 4HP<\/strong> es una herramienta de alto rendimiento dise\u00f1ada para peluquer\u00eda canina profesional. Su potente flujo de aire permite un secado r\u00e1pido y eficiente, reduciendo tiempos de trabajo y mejorando el acabado del manto.<\/p>\n<p data-start=\"632\" data-end=\"762\">Gracias a su estructura interna optimizada, ofrece mayor presi\u00f3n y volumen de aire, ideal para mantos densos y trabajos exigentes.<\/p>\n<hr data-start=\"764\" data-end=\"767\" \/>\n<h2 data-start=\"769\" data-end=\"797\">\ud83d\udd25 Beneficios principales<\/h2>\n<p data-start=\"799\" data-end=\"1008\">\u2714 Motor de alto rendimiento 4HP<br data-start=\"830\" data-end=\"833\" \/>\u2714 Potencia m\u00e1xima de 2200W para secado ultra r\u00e1pido<br data-start=\"884\" data-end=\"887\" \/>\u2714 Flujo de aire de alta velocidad<br data-start=\"920\" data-end=\"923\" \/>\u2714 Dise\u00f1o resistente para uso intensivo<br data-start=\"961\" data-end=\"964\" \/>\u2714 Ideal para peluquer\u00eda canina profesional<\/p>\n<hr data-start=\"1010\" data-end=\"1013\" \/>\n<h2 data-start=\"1015\" data-end=\"1028\">\ud83d\udce6 Incluye<\/h2>\n<p data-start=\"1030\" data-end=\"1172\">\u2714 Soplador Ballmerk Thor profesional<br data-start=\"1066\" data-end=\"1069\" \/>\u2714 3 boquillas intercambiables<br data-start=\"1098\" data-end=\"1101\" \/>\u2714 Manguera flexible de aproximadamente 2 metros<br data-start=\"1148\" data-end=\"1151\" \/>\u2714 Manual de usuario<\/p>\n<hr data-start=\"1174\" data-end=\"1177\" \/>\n<h2 data-start=\"1179\" data-end=\"1210\">\ud83d\udd0c Especificaciones t\u00e9cnicas<\/h2>\n<ul data-start=\"1212\" data-end=\"1283\">\n<li data-start=\"1212\" data-end=\"1232\">\n<p data-start=\"1214\" data-end=\"1232\">Voltaje: 120V AC<\/p>\n<\/li>\n<li data-start=\"1233\" data-end=\"1253\">\n<p data-start=\"1235\" data-end=\"1253\">Frecuencia: 60Hz<\/p>\n<\/li>\n<li data-start=\"1254\" data-end=\"1283\">\n<p data-start=\"1256\" data-end=\"1283\">Consumo energ\u00e9tico: 1100W<\/p>\n<\/li>\n<\/ul>\n<hr data-start=\"1285\" data-end=\"1288\" \/>\n<h2 data-start=\"1290\" data-end=\"1304\">\ud83d\udee1 Garant\u00eda<\/h2>\n<p data-start=\"1306\" data-end=\"1447\">Cuenta con <strong data-start=\"1317\" data-end=\"1376\">6 meses de garant\u00eda en el motor por defectos de f\u00e1brica<\/strong>.<br data-start=\"1377\" data-end=\"1380\" \/>No cubre da\u00f1os por golpes, humedad, sobrecarga el\u00e9ctrica o mal uso.<\/p>","protected":false},"excerpt":{"rendered":"<p data-start=\"386\" data-end=\"630\">El <strong data-start=\"389\" data-end=\"419\">Soplador Ballmerk Thor 4HP<\/strong> es una herramienta de alto rendimiento dise\u00f1ada para peluquer\u00eda canina profesional. Su potente flujo de aire permite un secado r\u00e1pido y eficiente, reduciendo tiempos de trabajo y mejorando el acabado del manto.<\/p>\n<p data-start=\"632\" data-end=\"762\">Gracias a su estructura interna optimizada, ofrece mayor presi\u00f3n y volumen de aire, ideal para mantos densos y trabajos exigentes.<\/p>\n<hr data-start=\"764\" data-end=\"767\" \/>\n<h2 data-start=\"769\" data-end=\"797\">\ud83d\udd25 Beneficios principales<\/h2>\n<p data-start=\"799\" data-end=\"1008\">\u2714 Motor de alto rendimiento 4HP<br data-start=\"830\" data-end=\"833\" \/>\u2714 Potencia m\u00e1xima de 2200W para secado ultra r\u00e1pido<br data-start=\"884\" data-end=\"887\" \/>\u2714 Flujo de aire de alta velocidad<br data-start=\"920\" data-end=\"923\" \/>\u2714 Dise\u00f1o resistente para uso intensivo<br data-start=\"961\" data-end=\"964\" \/>\u2714 Ideal para peluquer\u00eda canina profesional<\/p>\n<hr data-start=\"1010\" data-end=\"1013\" \/>\n<h2 data-start=\"1015\" data-end=\"1028\">\ud83d\udce6 Incluye<\/h2>\n<p data-start=\"1030\" data-end=\"1172\">\u2714 Soplador Ballmerk Thor profesional<br data-start=\"1066\" data-end=\"1069\" \/>\u2714 3 boquillas intercambiables<br data-start=\"1098\" data-end=\"1101\" \/>\u2714 Manguera flexible de aproximadamente 2 metros<br data-start=\"1148\" data-end=\"1151\" \/>\u2714 Manual de usuario<\/p>\n<hr data-start=\"1174\" data-end=\"1177\" \/>\n<h2 data-start=\"1179\" data-end=\"1210\">\ud83d\udd0c Especificaciones t\u00e9cnicas<\/h2>\n<ul data-start=\"1212\" data-end=\"1283\">\n<li data-start=\"1212\" data-end=\"1232\">\n<p data-start=\"1214\" data-end=\"1232\">Voltaje: 120V AC<\/p>\n<\/li>\n<li data-start=\"1233\" data-end=\"1253\">\n<p data-start=\"1235\" data-end=\"1253\">Frecuencia: 60Hz<\/p>\n<\/li>\n<li data-start=\"1254\" data-end=\"1283\">\n<p data-start=\"1256\" data-end=\"1283\">Consumo energ\u00e9tico: 1100W<\/p>\n<\/li>\n<\/ul>\n<hr data-start=\"1285\" data-end=\"1288\" \/>\n<h2 data-start=\"1290\" data-end=\"1304\">\ud83d\udee1 Garant\u00eda<\/h2>\n<p data-start=\"1306\" data-end=\"1447\">Cuenta con <strong data-start=\"1317\" data-end=\"1376\">6 meses de garant\u00eda en el motor por defectos de f\u00e1brica<\/strong>.<br data-start=\"1377\" data-end=\"1380\" \/>No cubre da\u00f1os por golpes, humedad, sobrecarga el\u00e9ctrica o mal uso.<\/p>","protected":false},"featured_media":2644,"template":"","meta":{"_joinchat":[]},"product_brand":[],"product_cat":[22,38],"product_tag":[],"class_list":{"0":"post-2600","1":"product","2":"type-product","3":"status-publish","4":"has-post-thumbnail","6":"product_cat-grooming","7":"product_cat-maquinas","10":"first","11":"instock","12":"shipping-taxable","13":"purchasable","14":"product-type-simple"},"yoast_head":"<!-- This site is optimized with the Yoast SEO plugin v27.2 - https:\/\/yoast.com\/product\/yoast-seo-wordpress\/ -->\n<title>Soplador Ballmerk Thor 4HP - Boutique Animal<\/title>\n<meta name=\"robots\" content=\"index, follow, max-snippet:-1, max-image-preview:large, max-video-preview:-1\" \/>\n<link rel=\"canonical\" href=\"https:\/\/boutiqueanimal.co\/en\/product\/soplador-ballmerk-thor\/\" \/>\n<meta property=\"og:locale\" content=\"en_US\" \/>\n<meta property=\"og:type\" content=\"article\" \/>\n<meta property=\"og:title\" content=\"Soplador Ballmerk Thor 4HP - Boutique Animal\" \/>\n<meta property=\"og:description\" content=\"El Soplador Ballmerk Thor 4HP es una herramienta de alto rendimiento dise\u00f1ada para peluquer\u00eda canina profesional. Su potente flujo de aire permite un secado r\u00e1pido y eficiente, reduciendo tiempos de trabajo y mejorando el acabado del manto. Gracias a su estructura interna optimizada, ofrece mayor presi\u00f3n y volumen de aire, ideal para mantos densos y trabajos exigentes.     \ud83d\udd25 Beneficios principales \u2714 Motor de alto rendimiento 4HP\u2714 Potencia m\u00e1xima de 2200W para secado ultra r\u00e1pido\u2714 Flujo de aire de alta velocidad\u2714 Dise\u00f1o resistente para uso intensivo\u2714 Ideal para peluquer\u00eda canina profesional     \ud83d\udce6 Incluye \u2714 Soplador Ballmerk Thor profesional\u2714 3 boquillas intercambiables\u2714 Manguera flexible de aproximadamente 2 metros\u2714 Manual de usuario     \ud83d\udd0c Especificaciones t\u00e9cnicas    Voltaje: 120V AC    Frecuencia: 60Hz    Consumo energ\u00e9tico: 1100W      \ud83d\udee1 Garant\u00eda Cuenta con 6 meses de garant\u00eda en el motor por defectos de f\u00e1brica.No cubre da\u00f1os por golpes, humedad, sobrecarga el\u00e9ctrica o mal uso.\" \/>\n<meta property=\"og:url\" content=\"https:\/\/boutiqueanimal.co\/en\/product\/soplador-ballmerk-thor\/\" \/>\n<meta property=\"og:site_name\" content=\"Boutique Animal\" \/>\n<meta property=\"article:publisher\" content=\"https:\/\/www.facebook.com\/BoutiqueAnimalCo\" \/>\n<meta property=\"article:modified_time\" content=\"2026-03-03T21:20:32+00:00\" \/>\n<meta property=\"og:image\" content=\"https:\/\/boutiqueanimal.co\/wp-content\/uploads\/2025\/11\/6c63b3_8b4f2bc0568f45fe956a49353d05a17amv2.png\" \/>\n\t<meta property=\"og:image:width\" content=\"1003\" \/>\n\t<meta property=\"og:image:height\" content=\"765\" \/>\n\t<meta property=\"og:image:type\" content=\"image\/png\" \/>\n<meta name=\"twitter:card\" content=\"summary_large_image\" \/>\n<meta name=\"twitter:label1\" content=\"Est. reading time\" \/>\n\t<meta name=\"twitter:data1\" content=\"1 minute\" \/>\n<script type=\"application\/ld+json\" class=\"yoast-schema-graph\">{\"@context\":\"https:\/\/schema.org\",\"@graph\":[{\"@type\":\"WebPage\",\"@id\":\"https:\/\/boutiqueanimal.co\/producto\/soplador-ballmerk-thor\/\",\"url\":\"https:\/\/boutiqueanimal.co\/producto\/soplador-ballmerk-thor\/\",\"name\":\"Soplador Ballmerk Thor 4HP - Boutique Animal\",\"isPartOf\":{\"@id\":\"https:\/\/boutiqueanimal.co\/#website\"},\"primaryImageOfPage\":{\"@id\":\"https:\/\/boutiqueanimal.co\/producto\/soplador-ballmerk-thor\/#primaryimage\"},\"image\":{\"@id\":\"https:\/\/boutiqueanimal.co\/producto\/soplador-ballmerk-thor\/#primaryimage\"},\"thumbnailUrl\":\"https:\/\/boutiqueanimal.co\/wp-content\/uploads\/2025\/11\/6c63b3_8b4f2bc0568f45fe956a49353d05a17amv2.png\",\"datePublished\":\"2025-11-01T16:27:10+00:00\",\"dateModified\":\"2026-03-03T21:20:32+00:00\",\"breadcrumb\":{\"@id\":\"https:\/\/boutiqueanimal.co\/producto\/soplador-ballmerk-thor\/#breadcrumb\"},\"inLanguage\":\"en-US\",\"potentialAction\":[{\"@type\":\"ReadAction\",\"target\":[\"https:\/\/boutiqueanimal.co\/producto\/soplador-ballmerk-thor\/\"]}]},{\"@type\":\"ImageObject\",\"inLanguage\":\"en-US\",\"@id\":\"https:\/\/boutiqueanimal.co\/producto\/soplador-ballmerk-thor\/#primaryimage\",\"url\":\"https:\/\/boutiqueanimal.co\/wp-content\/uploads\/2025\/11\/6c63b3_8b4f2bc0568f45fe956a49353d05a17amv2.png\",\"contentUrl\":\"https:\/\/boutiqueanimal.co\/wp-content\/uploads\/2025\/11\/6c63b3_8b4f2bc0568f45fe956a49353d05a17amv2.png\",\"width\":1003,\"height\":765},{\"@type\":\"BreadcrumbList\",\"@id\":\"https:\/\/boutiqueanimal.co\/producto\/soplador-ballmerk-thor\/#breadcrumb\",\"itemListElement\":[{\"@type\":\"ListItem\",\"position\":1,\"name\":\"Inicio\",\"item\":\"https:\/\/boutiqueanimal.co\/\"},{\"@type\":\"ListItem\",\"position\":2,\"name\":\"Tienda\",\"item\":\"https:\/\/boutiqueanimal.co\/tienda\/\"},{\"@type\":\"ListItem\",\"position\":3,\"name\":\"Soplador Ballmerk Thor 4HP\"}]},{\"@type\":\"WebSite\",\"@id\":\"https:\/\/boutiqueanimal.co\/#website\",\"url\":\"https:\/\/boutiqueanimal.co\/\",\"name\":\"Boutique Animal\",\"description\":\"Tienda online de productos para mascotas en Colombia. Env\u00edos r\u00e1pidos y gratis en compras superiores a $100.000\",\"publisher\":{\"@id\":\"https:\/\/boutiqueanimal.co\/#organization\"},\"potentialAction\":[{\"@type\":\"SearchAction\",\"target\":{\"@type\":\"EntryPoint\",\"urlTemplate\":\"https:\/\/boutiqueanimal.co\/?s={search_term_string}\"},\"query-input\":{\"@type\":\"PropertyValueSpecification\",\"valueRequired\":true,\"valueName\":\"search_term_string\"}}],\"inLanguage\":\"en-US\"},{\"@type\":\"Organization\",\"@id\":\"https:\/\/boutiqueanimal.co\/#organization\",\"name\":\"Boutique Animal\",\"url\":\"https:\/\/boutiqueanimal.co\/\",\"logo\":{\"@type\":\"ImageObject\",\"inLanguage\":\"en-US\",\"@id\":\"https:\/\/boutiqueanimal.co\/#\/schema\/logo\/image\/\",\"url\":\"https:\/\/boutiqueanimal.co\/wp-content\/uploads\/2025\/11\/perrito-pc-1024x1024-1.png\",\"contentUrl\":\"https:\/\/boutiqueanimal.co\/wp-content\/uploads\/2025\/11\/perrito-pc-1024x1024-1.png\",\"width\":1024,\"height\":1024,\"caption\":\"Boutique Animal\"},\"image\":{\"@id\":\"https:\/\/boutiqueanimal.co\/#\/schema\/logo\/image\/\"},\"sameAs\":[\"https:\/\/www.facebook.com\/BoutiqueAnimalCo\"]}]}<\/script>\n<!-- \/ Yoast SEO plugin. -->","yoast_head_json":{"title":"Soplador Ballmerk Thor 4HP - Boutique Animal","robots":{"index":"index","follow":"follow","max-snippet":"max-snippet:-1","max-image-preview":"max-image-preview:large","max-video-preview":"max-video-preview:-1"},"canonical":"https:\/\/boutiqueanimal.co\/en\/product\/soplador-ballmerk-thor\/","og_locale":"en_US","og_type":"article","og_title":"Soplador Ballmerk Thor 4HP - Boutique Animal","og_description":"El Soplador Ballmerk Thor 4HP es una herramienta de alto rendimiento dise\u00f1ada para peluquer\u00eda canina profesional. Su potente flujo de aire permite un secado r\u00e1pido y eficiente, reduciendo tiempos de trabajo y mejorando el acabado del manto. Gracias a su estructura interna optimizada, ofrece mayor presi\u00f3n y volumen de aire, ideal para mantos densos y trabajos exigentes.     \ud83d\udd25 Beneficios principales \u2714 Motor de alto rendimiento 4HP\u2714 Potencia m\u00e1xima de 2200W para secado ultra r\u00e1pido\u2714 Flujo de aire de alta velocidad\u2714 Dise\u00f1o resistente para uso intensivo\u2714 Ideal para peluquer\u00eda canina profesional     \ud83d\udce6 Incluye \u2714 Soplador Ballmerk Thor profesional\u2714 3 boquillas intercambiables\u2714 Manguera flexible de aproximadamente 2 metros\u2714 Manual de usuario     \ud83d\udd0c Especificaciones t\u00e9cnicas    Voltaje: 120V AC    Frecuencia: 60Hz    Consumo energ\u00e9tico: 1100W      \ud83d\udee1 Garant\u00eda Cuenta con 6 meses de garant\u00eda en el motor por defectos de f\u00e1brica.No cubre da\u00f1os por golpes, humedad, sobrecarga el\u00e9ctrica o mal uso.","og_url":"https:\/\/boutiqueanimal.co\/en\/product\/soplador-ballmerk-thor\/","og_site_name":"Boutique Animal","article_publisher":"https:\/\/www.facebook.com\/BoutiqueAnimalCo","article_modified_time":"2026-03-03T21:20:32+00:00","og_image":[{"width":1003,"height":765,"url":"https:\/\/boutiqueanimal.co\/wp-content\/uploads\/2025\/11\/6c63b3_8b4f2bc0568f45fe956a49353d05a17amv2.png","type":"image\/png"}],"twitter_card":"summary_large_image","twitter_misc":{"Est. reading time":"1 minute"},"schema":{"@context":"https:\/\/schema.org","@graph":[{"@type":"WebPage","@id":"https:\/\/boutiqueanimal.co\/producto\/soplador-ballmerk-thor\/","url":"https:\/\/boutiqueanimal.co\/producto\/soplador-ballmerk-thor\/","name":"Soplador Ballmerk Thor 4HP - Boutique Animal","isPartOf":{"@id":"https:\/\/boutiqueanimal.co\/#website"},"primaryImageOfPage":{"@id":"https:\/\/boutiqueanimal.co\/producto\/soplador-ballmerk-thor\/#primaryimage"},"image":{"@id":"https:\/\/boutiqueanimal.co\/producto\/soplador-ballmerk-thor\/#primaryimage"},"thumbnailUrl":"https:\/\/boutiqueanimal.co\/wp-content\/uploads\/2025\/11\/6c63b3_8b4f2bc0568f45fe956a49353d05a17amv2.png","datePublished":"2025-11-01T16:27:10+00:00","dateModified":"2026-03-03T21:20:32+00:00","breadcrumb":{"@id":"https:\/\/boutiqueanimal.co\/producto\/soplador-ballmerk-thor\/#breadcrumb"},"inLanguage":"en-US","potentialAction":[{"@type":"ReadAction","target":["https:\/\/boutiqueanimal.co\/producto\/soplador-ballmerk-thor\/"]}]},{"@type":"ImageObject","inLanguage":"en-US","@id":"https:\/\/boutiqueanimal.co\/producto\/soplador-ballmerk-thor\/#primaryimage","url":"https:\/\/boutiqueanimal.co\/wp-content\/uploads\/2025\/11\/6c63b3_8b4f2bc0568f45fe956a49353d05a17amv2.png","contentUrl":"https:\/\/boutiqueanimal.co\/wp-content\/uploads\/2025\/11\/6c63b3_8b4f2bc0568f45fe956a49353d05a17amv2.png","width":1003,"height":765},{"@type":"BreadcrumbList","@id":"https:\/\/boutiqueanimal.co\/producto\/soplador-ballmerk-thor\/#breadcrumb","itemListElement":[{"@type":"ListItem","position":1,"name":"Inicio","item":"https:\/\/boutiqueanimal.co\/"},{"@type":"ListItem","position":2,"name":"Tienda","item":"https:\/\/boutiqueanimal.co\/tienda\/"},{"@type":"ListItem","position":3,"name":"Soplador Ballmerk Thor 4HP"}]},{"@type":"WebSite","@id":"https:\/\/boutiqueanimal.co\/#website","url":"https:\/\/boutiqueanimal.co\/","name":"Boutique Animal","description":"Tienda online de productos para mascotas en Colombia. Env\u00edos r\u00e1pidos y gratis en compras superiores a $100.000","publisher":{"@id":"https:\/\/boutiqueanimal.co\/#organization"},"potentialAction":[{"@type":"SearchAction","target":{"@type":"EntryPoint","urlTemplate":"https:\/\/boutiqueanimal.co\/?s={search_term_string}"},"query-input":{"@type":"PropertyValueSpecification","valueRequired":true,"valueName":"search_term_string"}}],"inLanguage":"en-US"},{"@type":"Organization","@id":"https:\/\/boutiqueanimal.co\/#organization","name":"Boutique Animal","url":"https:\/\/boutiqueanimal.co\/","logo":{"@type":"ImageObject","inLanguage":"en-US","@id":"https:\/\/boutiqueanimal.co\/#\/schema\/logo\/image\/","url":"https:\/\/boutiqueanimal.co\/wp-content\/uploads\/2025\/11\/perrito-pc-1024x1024-1.png","contentUrl":"https:\/\/boutiqueanimal.co\/wp-content\/uploads\/2025\/11\/perrito-pc-1024x1024-1.png","width":1024,"height":1024,"caption":"Boutique Animal"},"image":{"@id":"https:\/\/boutiqueanimal.co\/#\/schema\/logo\/image\/"},"sameAs":["https:\/\/www.facebook.com\/BoutiqueAnimalCo"]}]}},"_links":{"self":[{"href":"https:\/\/boutiqueanimal.co\/en\/wp-json\/wp\/v2\/product\/2600","targetHints":{"allow":["GET"]}}],"collection":[{"href":"https:\/\/boutiqueanimal.co\/en\/wp-json\/wp\/v2\/product"}],"about":[{"href":"https:\/\/boutiqueanimal.co\/en\/wp-json\/wp\/v2\/types\/product"}],"wp:featuredmedia":[{"embeddable":true,"href":"https:\/\/boutiqueanimal.co\/en\/wp-json\/wp\/v2\/media\/2644"}],"wp:attachment":[{"href":"https:\/\/boutiqueanimal.co\/en\/wp-json\/wp\/v2\/media?parent=2600"}],"wp:term":[{"taxonomy":"product_brand","embeddable":true,"href":"https:\/\/boutiqueanimal.co\/en\/wp-json\/wp\/v2\/product_brand?post=2600"},{"taxonomy":"product_cat","embeddable":true,"href":"https:\/\/boutiqueanimal.co\/en\/wp-json\/wp\/v2\/product_cat?post=2600"},{"taxonomy":"product_tag","embeddable":true,"href":"https:\/\/boutiqueanimal.co\/en\/wp-json\/wp\/v2\/product_tag?post=2600"}],"curies":[{"name":"wp","href":"https:\/\/api.w.org\/{rel}","templated":true}]}}