{"id":2861,"date":"2025-11-01T16:28:08","date_gmt":"2025-11-01T16:28:08","guid":{"rendered":"https:\/\/boutiqueanimal.alojo.app\/wp\/?post_type=product&#038;p=2861"},"modified":"2026-03-30T11:16:43","modified_gmt":"2026-03-30T16:16:43","slug":"comedero-dog-2","status":"publish","type":"product","link":"https:\/\/boutiqueanimal.co\/en\/product\/comedero-dog-2\/","title":{"rendered":"Comedero Dog"},"content":{"rendered":"<p data-start=\"818\" data-end=\"1010\">El <strong data-start=\"821\" data-end=\"865\">comedero para perros en acero inoxidable<\/strong> es ideal para brindar una alimentaci\u00f3n segura y c\u00f3moda a tu mascota. Su dise\u00f1o pr\u00e1ctico lo convierte en una excelente opci\u00f3n para el uso diario.<\/p>\n<p data-start=\"1012\" data-end=\"1162\">Est\u00e1 fabricado con acero inoxidable de alta calidad. Este material es resistente, higi\u00e9nico y f\u00e1cil de limpiar. Adem\u00e1s, no retiene olores ni residuos.<\/p>\n<p data-start=\"1164\" data-end=\"1300\">Cuenta con base antideslizante que evita movimientos mientras el perro come o bebe. Esto ayuda a mantener el \u00e1rea m\u00e1s limpia y ordenada.<\/p>\n<p data-start=\"1302\" data-end=\"1437\">Este <strong data-start=\"1307\" data-end=\"1333\">comedero para mascotas<\/strong> es perfecto tanto para agua como para alimento. Su dise\u00f1o se adapta a diferentes necesidades y rutinas.<\/p>\n<p data-start=\"1439\" data-end=\"1563\">Est\u00e1 disponible en dos tama\u00f1os, peque\u00f1o y mediano. Esto permite elegir la opci\u00f3n m\u00e1s adecuada seg\u00fan el tama\u00f1o de tu mascota.<\/p>\n<p data-start=\"1565\" data-end=\"1720\">El <strong data-start=\"1568\" data-end=\"1612\">comedero para perros en acero inoxidable<\/strong> combina durabilidad, estilo y practicidad. Es una excelente alternativa frente a recipientes tradicionales.<\/p>\n<hr data-start=\"1722\" data-end=\"1725\" \/>\n<h2 data-section-id=\"1qct1wf\" data-start=\"1727\" data-end=\"1749\">\ud83d\udc3e Caracter\u00edsticas:<\/h2>\n<ul data-start=\"1750\" data-end=\"1891\">\n<li data-section-id=\"bjpzix\" data-start=\"1750\" data-end=\"1783\">Fabricado en acero inoxidable<\/li>\n<li data-section-id=\"7w7b5o\" data-start=\"1784\" data-end=\"1807\">Base antideslizante<\/li>\n<li data-section-id=\"ofwgww\" data-start=\"1808\" data-end=\"1826\">F\u00e1cil de lavar<\/li>\n<li data-section-id=\"16rvh45\" data-start=\"1827\" data-end=\"1848\">No retiene olores<\/li>\n<li data-section-id=\"smfhcv\" data-start=\"1849\" data-end=\"1891\">Disponible en tama\u00f1o peque\u00f1o y mediano<\/li>\n<\/ul>\n<hr data-start=\"1893\" data-end=\"1896\" \/>\n<h2 data-section-id=\"1sc5nex\" data-start=\"1898\" data-end=\"1915\">\ud83d\udc3e Beneficios:<\/h2>\n<ul data-start=\"1916\" data-end=\"2040\">\n<li data-section-id=\"1w7wp3b\" data-start=\"1916\" data-end=\"1952\">Mayor higiene en la alimentaci\u00f3n<\/li>\n<li data-section-id=\"ixjyyn\" data-start=\"1953\" data-end=\"1985\">Evita derrames y movimientos<\/li>\n<li data-section-id=\"1vy1k5b\" data-start=\"1986\" data-end=\"2011\">Duradero y resistente<\/li>\n<li data-section-id=\"k6f5jz\" data-start=\"2012\" data-end=\"2040\">Ideal para comida o agua<\/li>\n<\/ul>\n<hr data-start=\"2042\" data-end=\"2045\" \/>\n<h2 data-section-id=\"1hogg5x\" data-start=\"2047\" data-end=\"2072\">\ud83d\udc3e \u00bfPor qu\u00e9 comprarlo?<\/h2>\n<p data-start=\"2073\" data-end=\"2278\">Si buscas un producto resistente, pr\u00e1ctico y f\u00e1cil de mantener, este <strong data-start=\"2142\" data-end=\"2186\">comedero para perros en acero inoxidable<\/strong> es una excelente opci\u00f3n. Es ideal para el uso diario y garantiza comodidad para tu mascota.<\/p>","protected":false},"excerpt":{"rendered":"<h3 data-start=\"97\" data-end=\"151\">\ud83e\uddb4 <strong data-start=\"104\" data-end=\"148\">Comedero Dog en Acero Inoxidable<\/strong>\u00a0\ud83d\udc36<\/h3>\n<p data-start=\"153\" data-end=\"360\">El comedero perfecto para <strong data-start=\"179\" data-end=\"197\">perros grandes<\/strong>. Fabricado en <strong data-start=\"212\" data-end=\"232\">acero inoxidable<\/strong>, es resistente, higi\u00e9nico, f\u00e1cil de lavar y cuenta con base <strong data-start=\"293\" data-end=\"311\">antideslizante<\/strong> para evitar movimientos mientras tu peludo come.<\/p>\n<p data-start=\"362\" data-end=\"510\"><strong data-start=\"362\" data-end=\"377\">\ud83d\udccf Medidas:<\/strong> Mediano\u2013 ideal para perros grandes. y Peque\u00f1o<br data-start=\"424\" data-end=\"427\" \/><strong data-start=\"427\" data-end=\"438\">\ud83d\udc3e Uso:<\/strong> Lavar antes del primer uso, servir comida o agua y limpiar diariamente.<\/p>\n<p data-start=\"512\" data-end=\"571\" data-is-last-node=\"\" data-is-only-node=\"\">Durabilidad, estilo y practicidad en un solo comedero. \ud83c\udf7d\ufe0f\u2728<\/p>","protected":false},"featured_media":2880,"template":"","meta":{"_joinchat":[]},"product_brand":[],"product_cat":[33,32,16,18,24],"product_tag":[],"class_list":{"0":"post-2861","1":"product","2":"type-product","3":"status-publish","4":"has-post-thumbnail","6":"product_cat-alimentacion-perros","7":"product_cat-alimentacion-gatos","8":"product_cat-gatos","9":"product_cat-perros","10":"product_cat-productos-nuevos","13":"first","14":"instock","15":"shipping-taxable","16":"purchasable","17":"product-type-variable"},"yoast_head":"<!-- This site is optimized with the Yoast SEO plugin v27.2 - https:\/\/yoast.com\/product\/yoast-seo-wordpress\/ -->\n<title>Comedero Dog - Boutique Animal<\/title>\n<meta name=\"description\" content=\"Comedero para perros en acero inoxidable resistente, higi\u00e9nico y f\u00e1cil de limpiar. Con base antideslizante, ideal para comida o agua.\" \/>\n<meta name=\"robots\" content=\"index, follow, max-snippet:-1, max-image-preview:large, max-video-preview:-1\" \/>\n<link rel=\"canonical\" href=\"https:\/\/boutiqueanimal.co\/en\/product\/comedero-dog-2\/\" \/>\n<meta property=\"og:locale\" content=\"en_US\" \/>\n<meta property=\"og:type\" content=\"article\" \/>\n<meta property=\"og:title\" content=\"Comedero Dog - Boutique Animal\" \/>\n<meta property=\"og:description\" content=\"Comedero para perros en acero inoxidable resistente, higi\u00e9nico y f\u00e1cil de limpiar. Con base antideslizante, ideal para comida o agua.\" \/>\n<meta property=\"og:url\" content=\"https:\/\/boutiqueanimal.co\/en\/product\/comedero-dog-2\/\" \/>\n<meta property=\"og:site_name\" content=\"Boutique Animal\" \/>\n<meta property=\"article:publisher\" content=\"https:\/\/www.facebook.com\/BoutiqueAnimalCo\" \/>\n<meta property=\"article:modified_time\" content=\"2026-03-30T16:16:43+00:00\" \/>\n<meta property=\"og:image\" content=\"https:\/\/boutiqueanimal.co\/wp-content\/uploads\/2025\/11\/IMG-20250424-WA0046.jpg\" \/>\n\t<meta property=\"og:image:width\" content=\"1080\" \/>\n\t<meta property=\"og:image:height\" content=\"1080\" \/>\n\t<meta property=\"og:image:type\" content=\"image\/jpeg\" \/>\n<meta name=\"twitter:card\" content=\"summary_large_image\" \/>\n<meta name=\"twitter:label1\" content=\"Est. reading time\" \/>\n\t<meta name=\"twitter:data1\" content=\"2 minutes\" \/>\n<script type=\"application\/ld+json\" class=\"yoast-schema-graph\">{\"@context\":\"https:\/\/schema.org\",\"@graph\":[{\"@type\":\"WebPage\",\"@id\":\"https:\/\/boutiqueanimal.co\/producto\/comedero-dog-2\/\",\"url\":\"https:\/\/boutiqueanimal.co\/producto\/comedero-dog-2\/\",\"name\":\"Comedero Dog - Boutique Animal\",\"isPartOf\":{\"@id\":\"https:\/\/boutiqueanimal.co\/#website\"},\"primaryImageOfPage\":{\"@id\":\"https:\/\/boutiqueanimal.co\/producto\/comedero-dog-2\/#primaryimage\"},\"image\":{\"@id\":\"https:\/\/boutiqueanimal.co\/producto\/comedero-dog-2\/#primaryimage\"},\"thumbnailUrl\":\"https:\/\/boutiqueanimal.co\/wp-content\/uploads\/2025\/11\/IMG-20250424-WA0046.jpg\",\"datePublished\":\"2025-11-01T16:28:08+00:00\",\"dateModified\":\"2026-03-30T16:16:43+00:00\",\"description\":\"Comedero para perros en acero inoxidable resistente, higi\u00e9nico y f\u00e1cil de limpiar. Con base antideslizante, ideal para comida o agua.\",\"breadcrumb\":{\"@id\":\"https:\/\/boutiqueanimal.co\/producto\/comedero-dog-2\/#breadcrumb\"},\"inLanguage\":\"en-US\",\"potentialAction\":[{\"@type\":\"ReadAction\",\"target\":[\"https:\/\/boutiqueanimal.co\/producto\/comedero-dog-2\/\"]}]},{\"@type\":\"ImageObject\",\"inLanguage\":\"en-US\",\"@id\":\"https:\/\/boutiqueanimal.co\/producto\/comedero-dog-2\/#primaryimage\",\"url\":\"https:\/\/boutiqueanimal.co\/wp-content\/uploads\/2025\/11\/IMG-20250424-WA0046.jpg\",\"contentUrl\":\"https:\/\/boutiqueanimal.co\/wp-content\/uploads\/2025\/11\/IMG-20250424-WA0046.jpg\",\"width\":1080,\"height\":1080},{\"@type\":\"BreadcrumbList\",\"@id\":\"https:\/\/boutiqueanimal.co\/producto\/comedero-dog-2\/#breadcrumb\",\"itemListElement\":[{\"@type\":\"ListItem\",\"position\":1,\"name\":\"Inicio\",\"item\":\"https:\/\/boutiqueanimal.co\/\"},{\"@type\":\"ListItem\",\"position\":2,\"name\":\"Tienda\",\"item\":\"https:\/\/boutiqueanimal.co\/tienda\/\"},{\"@type\":\"ListItem\",\"position\":3,\"name\":\"Comedero Dog\"}]},{\"@type\":\"WebSite\",\"@id\":\"https:\/\/boutiqueanimal.co\/#website\",\"url\":\"https:\/\/boutiqueanimal.co\/\",\"name\":\"Boutique Animal\",\"description\":\"Tienda online de productos para mascotas en Colombia. Env\u00edos r\u00e1pidos y gratis en compras superiores a $100.000\",\"publisher\":{\"@id\":\"https:\/\/boutiqueanimal.co\/#organization\"},\"potentialAction\":[{\"@type\":\"SearchAction\",\"target\":{\"@type\":\"EntryPoint\",\"urlTemplate\":\"https:\/\/boutiqueanimal.co\/?s={search_term_string}\"},\"query-input\":{\"@type\":\"PropertyValueSpecification\",\"valueRequired\":true,\"valueName\":\"search_term_string\"}}],\"inLanguage\":\"en-US\"},{\"@type\":\"Organization\",\"@id\":\"https:\/\/boutiqueanimal.co\/#organization\",\"name\":\"Boutique Animal\",\"url\":\"https:\/\/boutiqueanimal.co\/\",\"logo\":{\"@type\":\"ImageObject\",\"inLanguage\":\"en-US\",\"@id\":\"https:\/\/boutiqueanimal.co\/#\/schema\/logo\/image\/\",\"url\":\"https:\/\/boutiqueanimal.co\/wp-content\/uploads\/2025\/11\/perrito-pc-1024x1024-1.png\",\"contentUrl\":\"https:\/\/boutiqueanimal.co\/wp-content\/uploads\/2025\/11\/perrito-pc-1024x1024-1.png\",\"width\":1024,\"height\":1024,\"caption\":\"Boutique Animal\"},\"image\":{\"@id\":\"https:\/\/boutiqueanimal.co\/#\/schema\/logo\/image\/\"},\"sameAs\":[\"https:\/\/www.facebook.com\/BoutiqueAnimalCo\"]}]}<\/script>\n<!-- \/ Yoast SEO plugin. -->","yoast_head_json":{"title":"Comedero Dog - Boutique Animal","description":"Comedero para perros en acero inoxidable resistente, higi\u00e9nico y f\u00e1cil de limpiar. Con base antideslizante, ideal para comida o agua.","robots":{"index":"index","follow":"follow","max-snippet":"max-snippet:-1","max-image-preview":"max-image-preview:large","max-video-preview":"max-video-preview:-1"},"canonical":"https:\/\/boutiqueanimal.co\/en\/product\/comedero-dog-2\/","og_locale":"en_US","og_type":"article","og_title":"Comedero Dog - Boutique Animal","og_description":"Comedero para perros en acero inoxidable resistente, higi\u00e9nico y f\u00e1cil de limpiar. Con base antideslizante, ideal para comida o agua.","og_url":"https:\/\/boutiqueanimal.co\/en\/product\/comedero-dog-2\/","og_site_name":"Boutique Animal","article_publisher":"https:\/\/www.facebook.com\/BoutiqueAnimalCo","article_modified_time":"2026-03-30T16:16:43+00:00","og_image":[{"width":1080,"height":1080,"url":"https:\/\/boutiqueanimal.co\/wp-content\/uploads\/2025\/11\/IMG-20250424-WA0046.jpg","type":"image\/jpeg"}],"twitter_card":"summary_large_image","twitter_misc":{"Est. reading time":"2 minutes"},"schema":{"@context":"https:\/\/schema.org","@graph":[{"@type":"WebPage","@id":"https:\/\/boutiqueanimal.co\/producto\/comedero-dog-2\/","url":"https:\/\/boutiqueanimal.co\/producto\/comedero-dog-2\/","name":"Comedero Dog - Boutique Animal","isPartOf":{"@id":"https:\/\/boutiqueanimal.co\/#website"},"primaryImageOfPage":{"@id":"https:\/\/boutiqueanimal.co\/producto\/comedero-dog-2\/#primaryimage"},"image":{"@id":"https:\/\/boutiqueanimal.co\/producto\/comedero-dog-2\/#primaryimage"},"thumbnailUrl":"https:\/\/boutiqueanimal.co\/wp-content\/uploads\/2025\/11\/IMG-20250424-WA0046.jpg","datePublished":"2025-11-01T16:28:08+00:00","dateModified":"2026-03-30T16:16:43+00:00","description":"Comedero para perros en acero inoxidable resistente, higi\u00e9nico y f\u00e1cil de limpiar. Con base antideslizante, ideal para comida o agua.","breadcrumb":{"@id":"https:\/\/boutiqueanimal.co\/producto\/comedero-dog-2\/#breadcrumb"},"inLanguage":"en-US","potentialAction":[{"@type":"ReadAction","target":["https:\/\/boutiqueanimal.co\/producto\/comedero-dog-2\/"]}]},{"@type":"ImageObject","inLanguage":"en-US","@id":"https:\/\/boutiqueanimal.co\/producto\/comedero-dog-2\/#primaryimage","url":"https:\/\/boutiqueanimal.co\/wp-content\/uploads\/2025\/11\/IMG-20250424-WA0046.jpg","contentUrl":"https:\/\/boutiqueanimal.co\/wp-content\/uploads\/2025\/11\/IMG-20250424-WA0046.jpg","width":1080,"height":1080},{"@type":"BreadcrumbList","@id":"https:\/\/boutiqueanimal.co\/producto\/comedero-dog-2\/#breadcrumb","itemListElement":[{"@type":"ListItem","position":1,"name":"Inicio","item":"https:\/\/boutiqueanimal.co\/"},{"@type":"ListItem","position":2,"name":"Tienda","item":"https:\/\/boutiqueanimal.co\/tienda\/"},{"@type":"ListItem","position":3,"name":"Comedero Dog"}]},{"@type":"WebSite","@id":"https:\/\/boutiqueanimal.co\/#website","url":"https:\/\/boutiqueanimal.co\/","name":"Boutique Animal","description":"Tienda online de productos para mascotas en Colombia. Env\u00edos r\u00e1pidos y gratis en compras superiores a $100.000","publisher":{"@id":"https:\/\/boutiqueanimal.co\/#organization"},"potentialAction":[{"@type":"SearchAction","target":{"@type":"EntryPoint","urlTemplate":"https:\/\/boutiqueanimal.co\/?s={search_term_string}"},"query-input":{"@type":"PropertyValueSpecification","valueRequired":true,"valueName":"search_term_string"}}],"inLanguage":"en-US"},{"@type":"Organization","@id":"https:\/\/boutiqueanimal.co\/#organization","name":"Boutique Animal","url":"https:\/\/boutiqueanimal.co\/","logo":{"@type":"ImageObject","inLanguage":"en-US","@id":"https:\/\/boutiqueanimal.co\/#\/schema\/logo\/image\/","url":"https:\/\/boutiqueanimal.co\/wp-content\/uploads\/2025\/11\/perrito-pc-1024x1024-1.png","contentUrl":"https:\/\/boutiqueanimal.co\/wp-content\/uploads\/2025\/11\/perrito-pc-1024x1024-1.png","width":1024,"height":1024,"caption":"Boutique Animal"},"image":{"@id":"https:\/\/boutiqueanimal.co\/#\/schema\/logo\/image\/"},"sameAs":["https:\/\/www.facebook.com\/BoutiqueAnimalCo"]}]}},"_links":{"self":[{"href":"https:\/\/boutiqueanimal.co\/en\/wp-json\/wp\/v2\/product\/2861","targetHints":{"allow":["GET"]}}],"collection":[{"href":"https:\/\/boutiqueanimal.co\/en\/wp-json\/wp\/v2\/product"}],"about":[{"href":"https:\/\/boutiqueanimal.co\/en\/wp-json\/wp\/v2\/types\/product"}],"wp:featuredmedia":[{"embeddable":true,"href":"https:\/\/boutiqueanimal.co\/en\/wp-json\/wp\/v2\/media\/2880"}],"wp:attachment":[{"href":"https:\/\/boutiqueanimal.co\/en\/wp-json\/wp\/v2\/media?parent=2861"}],"wp:term":[{"taxonomy":"product_brand","embeddable":true,"href":"https:\/\/boutiqueanimal.co\/en\/wp-json\/wp\/v2\/product_brand?post=2861"},{"taxonomy":"product_cat","embeddable":true,"href":"https:\/\/boutiqueanimal.co\/en\/wp-json\/wp\/v2\/product_cat?post=2861"},{"taxonomy":"product_tag","embeddable":true,"href":"https:\/\/boutiqueanimal.co\/en\/wp-json\/wp\/v2\/product_tag?post=2861"}],"curies":[{"name":"wp","href":"https:\/\/api.w.org\/{rel}","templated":true}]}}