{"id":2908,"date":"2025-11-01T16:28:27","date_gmt":"2025-11-01T16:28:27","guid":{"rendered":"https:\/\/boutiqueanimal.alojo.app\/wp\/?post_type=product&#038;p=2908"},"modified":"2026-04-21T12:08:46","modified_gmt":"2026-04-21T17:08:46","slug":"arnes-baby","status":"publish","type":"product","link":"https:\/\/boutiqueanimal.co\/en\/product\/arnes-baby\/","title":{"rendered":"Arn\u00e9s Baby"},"content":{"rendered":"<h2 data-start=\"131\" data-end=\"186\">\ud83d\udc3e Arn\u00e9s Baby para Perros y Gatos (Delgado)<\/h2>\n<p data-start=\"188\" data-end=\"483\">\u00a1Paseos c\u00f3modos, seguros y con mucho estilo! \u2728<br data-start=\"234\" data-end=\"237\" \/>El <strong data-start=\"240\" data-end=\"254\">Arn\u00e9s Baby<\/strong> est\u00e1 fabricado en <strong data-start=\"273\" data-end=\"301\">polipropileno resistente<\/strong>, es ajustable y suave al tacto. Su dise\u00f1o gris con <strong data-start=\"353\" data-end=\"396\">huellitas de colores y huesitos blancos<\/strong> lo hace adorable y \u00fanico. Incluye <strong data-start=\"431\" data-end=\"449\">correa a juego<\/strong> y <strong data-start=\"452\" data-end=\"482\">cierre de seguridad r\u00e1pido<\/strong>.<\/p>\n<p data-start=\"485\" data-end=\"507\">\u2728 <strong data-start=\"487\" data-end=\"507\">Caracter\u00edsticas:<\/strong><\/p>\n<ul data-start=\"508\" data-end=\"739\">\n<li data-start=\"508\" data-end=\"540\">\n<p data-start=\"510\" data-end=\"540\">Material resistente y c\u00f3modo<\/p>\n<\/li>\n<li data-start=\"541\" data-end=\"576\">\n<p data-start=\"543\" data-end=\"576\">Ajustable para mejor adaptaci\u00f3n<\/p>\n<\/li>\n<li data-start=\"577\" data-end=\"595\">\n<p data-start=\"579\" data-end=\"595\">Incluye correa<\/p>\n<\/li>\n<li data-start=\"596\" data-end=\"633\">\n<p data-start=\"598\" data-end=\"633\">Cierre de seguridad f\u00e1cil de usar<\/p>\n<\/li>\n<li data-start=\"634\" data-end=\"680\">\n<p data-start=\"636\" data-end=\"680\">Disponible en <strong data-start=\"650\" data-end=\"678\">versi\u00f3n delgada y gruesa<\/strong><\/p>\n<\/li>\n<li data-start=\"681\" data-end=\"739\">\n<p data-start=\"683\" data-end=\"739\">Ideal para <strong data-start=\"694\" data-end=\"732\">perros peque\u00f1os, cachorros y gatos<\/strong> \ud83d\udc36\ud83d\udc31<\/p>\n<\/li>\n<\/ul>","protected":false},"excerpt":{"rendered":"<h2 data-start=\"131\" data-end=\"186\">\ud83d\udc3e Arn\u00e9s Baby para Perros y Gatos (Delgado )<\/h2>\n<p data-start=\"188\" data-end=\"483\">\u00a1Paseos c\u00f3modos, seguros y con mucho estilo! \u2728<br data-start=\"234\" data-end=\"237\" \/>El <strong data-start=\"240\" data-end=\"254\">Arn\u00e9s Baby<\/strong> est\u00e1 fabricado en <strong data-start=\"273\" data-end=\"301\">polipropileno resistente<\/strong>, es ajustable y suave al tacto. Su dise\u00f1o gris con <strong data-start=\"353\" data-end=\"396\">huellitas de colores y huesitos blancos<\/strong> lo hace adorable y \u00fanico. Incluye <strong data-start=\"431\" data-end=\"449\">correa a juego<\/strong> y <strong data-start=\"452\" data-end=\"482\">cierre de seguridad r\u00e1pido<\/strong>.<\/p>\n<p data-start=\"485\" data-end=\"507\">\u2728 <strong data-start=\"487\" data-end=\"507\">Caracter\u00edsticas:<\/strong><\/p>\n<ul data-start=\"508\" data-end=\"739\">\n<li data-start=\"508\" data-end=\"540\">\n<p data-start=\"510\" data-end=\"540\">Material resistente y c\u00f3modo<\/p>\n<\/li>\n<li data-start=\"541\" data-end=\"576\">\n<p data-start=\"543\" data-end=\"576\">Ajustable para mejor adaptaci\u00f3n<\/p>\n<\/li>\n<li data-start=\"577\" data-end=\"595\">\n<p data-start=\"579\" data-end=\"595\">Incluye correa<\/p>\n<\/li>\n<li data-start=\"596\" data-end=\"633\">\n<p data-start=\"598\" data-end=\"633\">Cierre de seguridad f\u00e1cil de usar<\/p>\n<\/li>\n<li data-start=\"634\" data-end=\"680\">\n<p data-start=\"636\" data-end=\"680\">Disponible en <strong data-start=\"650\" data-end=\"678\">versi\u00f3n delgada y gruesa<\/strong><\/p>\n<\/li>\n<li data-start=\"681\" data-end=\"739\">\n<p data-start=\"683\" data-end=\"739\">Ideal para <strong data-start=\"694\" data-end=\"732\">perros peque\u00f1os, cachorros y gatos<\/strong> \ud83d\udc36\ud83d\udc31<\/p>\n<\/li>\n<\/ul>","protected":false},"featured_media":2984,"template":"","meta":{"_joinchat":[]},"product_brand":[],"product_cat":[29,28,16,18,24],"product_tag":[],"class_list":{"0":"post-2908","1":"product","2":"type-product","3":"status-publish","4":"has-post-thumbnail","6":"product_cat-accesorios-perros","7":"product_cat-accesorios","8":"product_cat-gatos","9":"product_cat-perros","10":"product_cat-productos-nuevos","13":"first","14":"instock","15":"shipping-taxable","16":"purchasable","17":"product-type-simple"},"yoast_head":"<!-- This site is optimized with the Yoast SEO plugin v27.2 - https:\/\/yoast.com\/product\/yoast-seo-wordpress\/ -->\n<title>Arn\u00e9s Baby - Boutique Animal<\/title>\n<meta name=\"robots\" content=\"index, follow, max-snippet:-1, max-image-preview:large, max-video-preview:-1\" \/>\n<link rel=\"canonical\" href=\"https:\/\/boutiqueanimal.co\/en\/product\/arnes-baby\/\" \/>\n<meta property=\"og:locale\" content=\"en_US\" \/>\n<meta property=\"og:type\" content=\"article\" \/>\n<meta property=\"og:title\" content=\"Arn\u00e9s Baby - Boutique Animal\" \/>\n<meta property=\"og:description\" content=\"\ud83d\udc3e Arn\u00e9s Baby para Perros y Gatos (Delgado ) \u00a1Paseos c\u00f3modos, seguros y con mucho estilo! \u2728El Arn\u00e9s Baby est\u00e1 fabricado en polipropileno resistente, es ajustable y suave al tacto. Su dise\u00f1o gris con huellitas de colores y huesitos blancos lo hace adorable y \u00fanico. Incluye correa a juego y cierre de seguridad r\u00e1pido. \u2728 Caracter\u00edsticas:     Material resistente y c\u00f3modo    Ajustable para mejor adaptaci\u00f3n    Incluye correa    Cierre de seguridad f\u00e1cil de usar    Disponible en versi\u00f3n delgada y gruesa    Ideal para perros peque\u00f1os, cachorros y gatos \ud83d\udc36\ud83d\udc31\" \/>\n<meta property=\"og:url\" content=\"https:\/\/boutiqueanimal.co\/en\/product\/arnes-baby\/\" \/>\n<meta property=\"og:site_name\" content=\"Boutique Animal\" \/>\n<meta property=\"article:publisher\" content=\"https:\/\/www.facebook.com\/BoutiqueAnimalCo\" \/>\n<meta property=\"article:modified_time\" content=\"2026-04-21T17:08:46+00:00\" \/>\n<meta property=\"og:image\" content=\"https:\/\/boutiqueanimal.co\/wp-content\/uploads\/2025\/11\/WhatsApp-Image-2025-07-28-at-2.51.30-PM.jpeg\" \/>\n\t<meta property=\"og:image:width\" content=\"1080\" \/>\n\t<meta property=\"og:image:height\" content=\"1110\" \/>\n\t<meta property=\"og:image:type\" content=\"image\/jpeg\" \/>\n<meta name=\"twitter:card\" content=\"summary_large_image\" \/>\n<meta name=\"twitter:label1\" content=\"Est. reading time\" \/>\n\t<meta name=\"twitter:data1\" content=\"1 minute\" \/>\n<script type=\"application\/ld+json\" class=\"yoast-schema-graph\">{\"@context\":\"https:\/\/schema.org\",\"@graph\":[{\"@type\":\"WebPage\",\"@id\":\"https:\/\/boutiqueanimal.co\/producto\/arnes-baby\/\",\"url\":\"https:\/\/boutiqueanimal.co\/producto\/arnes-baby\/\",\"name\":\"Arn\u00e9s Baby - Boutique Animal\",\"isPartOf\":{\"@id\":\"https:\/\/boutiqueanimal.co\/#website\"},\"primaryImageOfPage\":{\"@id\":\"https:\/\/boutiqueanimal.co\/producto\/arnes-baby\/#primaryimage\"},\"image\":{\"@id\":\"https:\/\/boutiqueanimal.co\/producto\/arnes-baby\/#primaryimage\"},\"thumbnailUrl\":\"https:\/\/boutiqueanimal.co\/wp-content\/uploads\/2025\/11\/WhatsApp-Image-2025-07-28-at-2.51.30-PM.jpeg\",\"datePublished\":\"2025-11-01T16:28:27+00:00\",\"dateModified\":\"2026-04-21T17:08:46+00:00\",\"breadcrumb\":{\"@id\":\"https:\/\/boutiqueanimal.co\/producto\/arnes-baby\/#breadcrumb\"},\"inLanguage\":\"en-US\",\"potentialAction\":[{\"@type\":\"ReadAction\",\"target\":[\"https:\/\/boutiqueanimal.co\/producto\/arnes-baby\/\"]}]},{\"@type\":\"ImageObject\",\"inLanguage\":\"en-US\",\"@id\":\"https:\/\/boutiqueanimal.co\/producto\/arnes-baby\/#primaryimage\",\"url\":\"https:\/\/boutiqueanimal.co\/wp-content\/uploads\/2025\/11\/WhatsApp-Image-2025-07-28-at-2.51.30-PM.jpeg\",\"contentUrl\":\"https:\/\/boutiqueanimal.co\/wp-content\/uploads\/2025\/11\/WhatsApp-Image-2025-07-28-at-2.51.30-PM.jpeg\",\"width\":1080,\"height\":1110},{\"@type\":\"BreadcrumbList\",\"@id\":\"https:\/\/boutiqueanimal.co\/producto\/arnes-baby\/#breadcrumb\",\"itemListElement\":[{\"@type\":\"ListItem\",\"position\":1,\"name\":\"Inicio\",\"item\":\"https:\/\/boutiqueanimal.co\/\"},{\"@type\":\"ListItem\",\"position\":2,\"name\":\"Tienda\",\"item\":\"https:\/\/boutiqueanimal.co\/tienda\/\"},{\"@type\":\"ListItem\",\"position\":3,\"name\":\"Arn\u00e9s Baby\"}]},{\"@type\":\"WebSite\",\"@id\":\"https:\/\/boutiqueanimal.co\/#website\",\"url\":\"https:\/\/boutiqueanimal.co\/\",\"name\":\"Boutique Animal\",\"description\":\"Tienda online de productos para mascotas en Colombia. Env\u00edos r\u00e1pidos y gratis en compras superiores a $100.000\",\"publisher\":{\"@id\":\"https:\/\/boutiqueanimal.co\/#organization\"},\"potentialAction\":[{\"@type\":\"SearchAction\",\"target\":{\"@type\":\"EntryPoint\",\"urlTemplate\":\"https:\/\/boutiqueanimal.co\/?s={search_term_string}\"},\"query-input\":{\"@type\":\"PropertyValueSpecification\",\"valueRequired\":true,\"valueName\":\"search_term_string\"}}],\"inLanguage\":\"en-US\"},{\"@type\":\"Organization\",\"@id\":\"https:\/\/boutiqueanimal.co\/#organization\",\"name\":\"Boutique Animal\",\"url\":\"https:\/\/boutiqueanimal.co\/\",\"logo\":{\"@type\":\"ImageObject\",\"inLanguage\":\"en-US\",\"@id\":\"https:\/\/boutiqueanimal.co\/#\/schema\/logo\/image\/\",\"url\":\"https:\/\/boutiqueanimal.co\/wp-content\/uploads\/2025\/11\/perrito-pc-1024x1024-1.png\",\"contentUrl\":\"https:\/\/boutiqueanimal.co\/wp-content\/uploads\/2025\/11\/perrito-pc-1024x1024-1.png\",\"width\":1024,\"height\":1024,\"caption\":\"Boutique Animal\"},\"image\":{\"@id\":\"https:\/\/boutiqueanimal.co\/#\/schema\/logo\/image\/\"},\"sameAs\":[\"https:\/\/www.facebook.com\/BoutiqueAnimalCo\"]}]}<\/script>\n<!-- \/ Yoast SEO plugin. -->","yoast_head_json":{"title":"Arn\u00e9s Baby - Boutique Animal","robots":{"index":"index","follow":"follow","max-snippet":"max-snippet:-1","max-image-preview":"max-image-preview:large","max-video-preview":"max-video-preview:-1"},"canonical":"https:\/\/boutiqueanimal.co\/en\/product\/arnes-baby\/","og_locale":"en_US","og_type":"article","og_title":"Arn\u00e9s Baby - Boutique Animal","og_description":"\ud83d\udc3e Arn\u00e9s Baby para Perros y Gatos (Delgado ) \u00a1Paseos c\u00f3modos, seguros y con mucho estilo! \u2728El Arn\u00e9s Baby est\u00e1 fabricado en polipropileno resistente, es ajustable y suave al tacto. Su dise\u00f1o gris con huellitas de colores y huesitos blancos lo hace adorable y \u00fanico. Incluye correa a juego y cierre de seguridad r\u00e1pido. \u2728 Caracter\u00edsticas:     Material resistente y c\u00f3modo    Ajustable para mejor adaptaci\u00f3n    Incluye correa    Cierre de seguridad f\u00e1cil de usar    Disponible en versi\u00f3n delgada y gruesa    Ideal para perros peque\u00f1os, cachorros y gatos \ud83d\udc36\ud83d\udc31","og_url":"https:\/\/boutiqueanimal.co\/en\/product\/arnes-baby\/","og_site_name":"Boutique Animal","article_publisher":"https:\/\/www.facebook.com\/BoutiqueAnimalCo","article_modified_time":"2026-04-21T17:08:46+00:00","og_image":[{"width":1080,"height":1110,"url":"https:\/\/boutiqueanimal.co\/wp-content\/uploads\/2025\/11\/WhatsApp-Image-2025-07-28-at-2.51.30-PM.jpeg","type":"image\/jpeg"}],"twitter_card":"summary_large_image","twitter_misc":{"Est. reading time":"1 minute"},"schema":{"@context":"https:\/\/schema.org","@graph":[{"@type":"WebPage","@id":"https:\/\/boutiqueanimal.co\/producto\/arnes-baby\/","url":"https:\/\/boutiqueanimal.co\/producto\/arnes-baby\/","name":"Arn\u00e9s Baby - Boutique Animal","isPartOf":{"@id":"https:\/\/boutiqueanimal.co\/#website"},"primaryImageOfPage":{"@id":"https:\/\/boutiqueanimal.co\/producto\/arnes-baby\/#primaryimage"},"image":{"@id":"https:\/\/boutiqueanimal.co\/producto\/arnes-baby\/#primaryimage"},"thumbnailUrl":"https:\/\/boutiqueanimal.co\/wp-content\/uploads\/2025\/11\/WhatsApp-Image-2025-07-28-at-2.51.30-PM.jpeg","datePublished":"2025-11-01T16:28:27+00:00","dateModified":"2026-04-21T17:08:46+00:00","breadcrumb":{"@id":"https:\/\/boutiqueanimal.co\/producto\/arnes-baby\/#breadcrumb"},"inLanguage":"en-US","potentialAction":[{"@type":"ReadAction","target":["https:\/\/boutiqueanimal.co\/producto\/arnes-baby\/"]}]},{"@type":"ImageObject","inLanguage":"en-US","@id":"https:\/\/boutiqueanimal.co\/producto\/arnes-baby\/#primaryimage","url":"https:\/\/boutiqueanimal.co\/wp-content\/uploads\/2025\/11\/WhatsApp-Image-2025-07-28-at-2.51.30-PM.jpeg","contentUrl":"https:\/\/boutiqueanimal.co\/wp-content\/uploads\/2025\/11\/WhatsApp-Image-2025-07-28-at-2.51.30-PM.jpeg","width":1080,"height":1110},{"@type":"BreadcrumbList","@id":"https:\/\/boutiqueanimal.co\/producto\/arnes-baby\/#breadcrumb","itemListElement":[{"@type":"ListItem","position":1,"name":"Inicio","item":"https:\/\/boutiqueanimal.co\/"},{"@type":"ListItem","position":2,"name":"Tienda","item":"https:\/\/boutiqueanimal.co\/tienda\/"},{"@type":"ListItem","position":3,"name":"Arn\u00e9s Baby"}]},{"@type":"WebSite","@id":"https:\/\/boutiqueanimal.co\/#website","url":"https:\/\/boutiqueanimal.co\/","name":"Boutique Animal","description":"Tienda online de productos para mascotas en Colombia. Env\u00edos r\u00e1pidos y gratis en compras superiores a $100.000","publisher":{"@id":"https:\/\/boutiqueanimal.co\/#organization"},"potentialAction":[{"@type":"SearchAction","target":{"@type":"EntryPoint","urlTemplate":"https:\/\/boutiqueanimal.co\/?s={search_term_string}"},"query-input":{"@type":"PropertyValueSpecification","valueRequired":true,"valueName":"search_term_string"}}],"inLanguage":"en-US"},{"@type":"Organization","@id":"https:\/\/boutiqueanimal.co\/#organization","name":"Boutique Animal","url":"https:\/\/boutiqueanimal.co\/","logo":{"@type":"ImageObject","inLanguage":"en-US","@id":"https:\/\/boutiqueanimal.co\/#\/schema\/logo\/image\/","url":"https:\/\/boutiqueanimal.co\/wp-content\/uploads\/2025\/11\/perrito-pc-1024x1024-1.png","contentUrl":"https:\/\/boutiqueanimal.co\/wp-content\/uploads\/2025\/11\/perrito-pc-1024x1024-1.png","width":1024,"height":1024,"caption":"Boutique Animal"},"image":{"@id":"https:\/\/boutiqueanimal.co\/#\/schema\/logo\/image\/"},"sameAs":["https:\/\/www.facebook.com\/BoutiqueAnimalCo"]}]}},"_links":{"self":[{"href":"https:\/\/boutiqueanimal.co\/en\/wp-json\/wp\/v2\/product\/2908","targetHints":{"allow":["GET"]}}],"collection":[{"href":"https:\/\/boutiqueanimal.co\/en\/wp-json\/wp\/v2\/product"}],"about":[{"href":"https:\/\/boutiqueanimal.co\/en\/wp-json\/wp\/v2\/types\/product"}],"wp:featuredmedia":[{"embeddable":true,"href":"https:\/\/boutiqueanimal.co\/en\/wp-json\/wp\/v2\/media\/2984"}],"wp:attachment":[{"href":"https:\/\/boutiqueanimal.co\/en\/wp-json\/wp\/v2\/media?parent=2908"}],"wp:term":[{"taxonomy":"product_brand","embeddable":true,"href":"https:\/\/boutiqueanimal.co\/en\/wp-json\/wp\/v2\/product_brand?post=2908"},{"taxonomy":"product_cat","embeddable":true,"href":"https:\/\/boutiqueanimal.co\/en\/wp-json\/wp\/v2\/product_cat?post=2908"},{"taxonomy":"product_tag","embeddable":true,"href":"https:\/\/boutiqueanimal.co\/en\/wp-json\/wp\/v2\/product_tag?post=2908"}],"curies":[{"name":"wp","href":"https:\/\/api.w.org\/{rel}","templated":true}]}}