{"id":2925,"date":"2025-11-01T16:28:28","date_gmt":"2025-11-01T16:28:28","guid":{"rendered":"https:\/\/boutiqueanimal.alojo.app\/wp\/?post_type=product&#038;p=2925"},"modified":"2026-05-06T10:39:55","modified_gmt":"2026-05-06T15:39:55","slug":"arnes-doggy","status":"publish","type":"product","link":"https:\/\/boutiqueanimal.co\/en\/product\/arnes-doggy\/","title":{"rendered":"Arnes Doggy"},"content":{"rendered":"<h3 data-start=\"42\" data-end=\"89\">\ud83d\udc36 Arn\u00e9s Doggy \u2013 Seguro, C\u00f3modo y Ajustable<\/h3>\n<p data-start=\"91\" data-end=\"310\">El <strong data-start=\"94\" data-end=\"109\">Arn\u00e9s Doggy<\/strong> est\u00e1 dise\u00f1ado para brindar <strong data-start=\"137\" data-end=\"167\">m\u00e1xima comodidad y control<\/strong> durante los paseos diarios. Su dise\u00f1o ergon\u00f3mico distribuye la presi\u00f3n de forma uniforme, evitando molestias en el cuello y pecho de tu perro.<\/p>\n<h4 data-start=\"312\" data-end=\"333\">\ud83d\udd27 Funcionalidad<\/h4>\n<ul data-start=\"334\" data-end=\"587\">\n<li data-start=\"334\" data-end=\"398\">\n<p data-start=\"336\" data-end=\"398\"><strong data-start=\"336\" data-end=\"349\">Ajustable<\/strong>: se adapta f\u00e1cilmente al cuerpo de tu mascota.<\/p>\n<\/li>\n<li data-start=\"399\" data-end=\"463\">\n<p data-start=\"401\" data-end=\"463\"><strong data-start=\"401\" data-end=\"436\">Material resistente y acolchado<\/strong>: c\u00f3modo para uso diario.<\/p>\n<\/li>\n<li data-start=\"464\" data-end=\"533\">\n<p data-start=\"466\" data-end=\"533\"><strong data-start=\"466\" data-end=\"485\">Anillo met\u00e1lico<\/strong>: permite enganchar la correa de forma segura.<\/p>\n<\/li>\n<li data-start=\"534\" data-end=\"587\">\n<p data-start=\"536\" data-end=\"587\"><strong data-start=\"536\" data-end=\"558\">Dise\u00f1o antitirones<\/strong>: mejor control sin lastimar.<\/p>\n<\/li>\n<\/ul>\n<h4 data-start=\"589\" data-end=\"600\">\ud83d\udc3e Uso<\/h4>\n<p data-start=\"601\" data-end=\"774\">Coloca el arn\u00e9s rodeando el pecho y abdomen del perro, ajusta las correas sin apretar y engancha la correa al anillo. Ideal para <strong data-start=\"730\" data-end=\"773\">paseos, entrenamiento y salidas diarias<\/strong>.<\/p>\n<p data-start=\"776\" data-end=\"864\" data-is-last-node=\"\" data-is-only-node=\"\">Pr\u00e1ctico, seguro y con colores modernos. <strong data-start=\"817\" data-end=\"864\" data-is-last-node=\"\">Elige el Arn\u00e9s Doggy y pasea con confianza.<br \/>\n<\/strong><\/p>\n<h3 data-start=\"150\" data-end=\"187\">\ud83d\udccf Tabla de Medidas \u2013 Arn\u00e9s Doggy<\/h3>\n<div class=\"TyagGW_tableContainer\">\n<div class=\"group TyagGW_tableWrapper flex w-fit flex-col-reverse\" tabindex=\"-1\">\n<table class=\"w-fit min-w-(--thread-content-width)\" data-start=\"189\" data-end=\"481\">\n<thead data-start=\"189\" data-end=\"278\">\n<tr data-start=\"189\" data-end=\"278\">\n<th data-start=\"189\" data-end=\"197\" data-col-size=\"sm\">Talla<\/th>\n<th data-start=\"197\" data-end=\"211\" data-col-size=\"sm\">Cuello (cm)<\/th>\n<th data-start=\"211\" data-end=\"224\" data-col-size=\"sm\">Pecho (cm)<\/th>\n<th data-start=\"224\" data-end=\"246\" data-col-size=\"sm\">Peso del arn\u00e9s (kg)<\/th>\n<th data-start=\"246\" data-end=\"278\" data-col-size=\"sm\">Peso sugerido del perro (kg)<\/th>\n<\/tr>\n<\/thead>\n<tbody data-start=\"368\" data-end=\"481\">\n<tr data-start=\"368\" data-end=\"424\">\n<td data-start=\"368\" data-end=\"377\" data-col-size=\"sm\"><strong data-start=\"370\" data-end=\"375\">L<\/strong><\/td>\n<td data-start=\"377\" data-end=\"385\" data-col-size=\"sm\">42 cm<\/td>\n<td data-start=\"385\" data-end=\"398\" data-col-size=\"sm\">50 \u2013 66 cm<\/td>\n<td data-start=\"398\" data-end=\"408\" data-col-size=\"sm\">0.14 kg<\/td>\n<td data-start=\"408\" data-end=\"424\" data-col-size=\"sm\">11 \u2013 17.5 kg<\/td>\n<\/tr>\n<tr data-start=\"425\" data-end=\"481\">\n<td data-start=\"425\" data-end=\"434\" data-col-size=\"sm\"><strong data-start=\"427\" data-end=\"433\">XL<\/strong><\/td>\n<td data-start=\"434\" data-end=\"442\" data-col-size=\"sm\">48 cm<\/td>\n<td data-start=\"442\" data-end=\"455\" data-col-size=\"sm\">58 \u2013 72 cm<\/td>\n<td data-start=\"455\" data-end=\"465\" data-col-size=\"sm\">0.15 kg<\/td>\n<td data-start=\"465\" data-end=\"481\" data-col-size=\"sm\">17.5 \u2013 24 kg<\/td>\n<\/tr>\n<\/tbody>\n<\/table>\n<\/div>\n<\/div>\n<p data-start=\"776\" data-end=\"864\" data-is-last-node=\"\" data-is-only-node=\"\"><strong data-start=\"817\" data-end=\"864\" data-is-last-node=\"\">\u00a0<\/strong><\/p>","protected":false},"excerpt":{"rendered":"<p data-start=\"91\" data-end=\"310\">El <strong data-start=\"94\" data-end=\"109\">Arn\u00e9s Doggy<\/strong> est\u00e1 dise\u00f1ado para brindar <strong data-start=\"137\" data-end=\"167\">m\u00e1xima comodidad y control<\/strong> durante los paseos diarios. Su dise\u00f1o ergon\u00f3mico distribuye la presi\u00f3n de forma uniforme, evitando molestias en el cuello y pecho de tu perro.<\/p>\n<h4 data-start=\"312\" data-end=\"333\">\ud83d\udd27 Funcionalidad<\/h4>\n<ul data-start=\"334\" data-end=\"587\">\n<li data-start=\"334\" data-end=\"398\">\n<p data-start=\"336\" data-end=\"398\"><strong data-start=\"336\" data-end=\"349\">Ajustable<\/strong>: se adapta f\u00e1cilmente al cuerpo de tu mascota.<\/p>\n<\/li>\n<li data-start=\"399\" data-end=\"463\">\n<p data-start=\"401\" data-end=\"463\"><strong data-start=\"401\" data-end=\"436\">Material resistente y acolchado<\/strong>: c\u00f3modo para uso diario.<\/p>\n<\/li>\n<li data-start=\"464\" data-end=\"533\">\n<p data-start=\"466\" data-end=\"533\"><strong data-start=\"466\" data-end=\"485\">Anillo met\u00e1lico<\/strong>: permite enganchar la correa de forma segura.<\/p>\n<\/li>\n<li data-start=\"534\" data-end=\"587\">\n<p data-start=\"536\" data-end=\"587\"><strong data-start=\"536\" data-end=\"558\">Dise\u00f1o antitirones<\/strong>: mejor control sin lastimar.<\/p>\n<\/li>\n<\/ul>\n<h4 data-start=\"589\" data-end=\"600\">\ud83d\udc3e Uso<\/h4>\n<p data-start=\"601\" data-end=\"774\">Coloca el arn\u00e9s rodeando el pecho y abdomen del perro, ajusta las correas sin apretar y engancha la correa al anillo. Ideal para <strong data-start=\"730\" data-end=\"773\">paseos, entrenamiento y salidas diarias<\/strong>.<\/p>\n<p data-start=\"776\" data-end=\"864\" data-is-last-node=\"\" data-is-only-node=\"\">Pr\u00e1ctico, seguro y con colores modernos. <strong data-start=\"817\" data-end=\"864\" data-is-last-node=\"\">Elige el Arn\u00e9s Doggy y pasea con confianza.<br \/>\n<\/strong><\/p>\n<h3 data-start=\"150\" data-end=\"187\">\ud83d\udccf Tabla de Medidas \u2013 Arn\u00e9s Doggy<\/h3>\n<div class=\"TyagGW_tableContainer\">\n<div class=\"group TyagGW_tableWrapper flex w-fit flex-col-reverse\" tabindex=\"-1\">\n<table class=\"w-fit min-w-(--thread-content-width)\" data-start=\"189\" data-end=\"481\">\n<thead data-start=\"189\" data-end=\"278\">\n<tr data-start=\"189\" data-end=\"278\">\n<th data-start=\"189\" data-end=\"197\" data-col-size=\"sm\">Talla<\/th>\n<th data-start=\"197\" data-end=\"211\" data-col-size=\"sm\">Cuello (cm)<\/th>\n<th data-start=\"211\" data-end=\"224\" data-col-size=\"sm\">Pecho (cm)<\/th>\n<th data-start=\"224\" data-end=\"246\" data-col-size=\"sm\">Peso del arn\u00e9s (kg)<\/th>\n<th data-start=\"246\" data-end=\"278\" data-col-size=\"sm\">Peso sugerido del perro (kg)<\/th>\n<\/tr>\n<\/thead>\n<tbody data-start=\"368\" data-end=\"481\">\n<tr data-start=\"368\" data-end=\"424\">\n<td data-start=\"368\" data-end=\"377\" data-col-size=\"sm\"><strong data-start=\"370\" data-end=\"375\">L<\/strong><\/td>\n<td data-start=\"377\" data-end=\"385\" data-col-size=\"sm\">42 cm<\/td>\n<td data-start=\"385\" data-end=\"398\" data-col-size=\"sm\">50 \u2013 66 cm<\/td>\n<td data-start=\"398\" data-end=\"408\" data-col-size=\"sm\">0.14 kg<\/td>\n<td data-start=\"408\" data-end=\"424\" data-col-size=\"sm\">11 \u2013 17.5 kg<\/td>\n<\/tr>\n<tr data-start=\"425\" data-end=\"481\">\n<td data-start=\"425\" data-end=\"434\" data-col-size=\"sm\"><strong data-start=\"427\" data-end=\"433\">XL<\/strong><\/td>\n<td data-start=\"434\" data-end=\"442\" data-col-size=\"sm\">48 cm<\/td>\n<td data-start=\"442\" data-end=\"455\" data-col-size=\"sm\">58 \u2013 72 cm<\/td>\n<td data-start=\"455\" data-end=\"465\" data-col-size=\"sm\">0.15 kg<\/td>\n<td data-start=\"465\" data-end=\"481\" data-col-size=\"sm\">17.5 \u2013 24 kg<\/td>\n<\/tr>\n<\/tbody>\n<\/table>\n<\/div>\n<\/div>\n<p data-start=\"776\" data-end=\"864\" data-is-last-node=\"\" data-is-only-node=\"\"><strong data-start=\"817\" data-end=\"864\" data-is-last-node=\"\">\u00a0<\/strong><\/p>","protected":false},"featured_media":63962,"template":"","meta":{"_joinchat":[]},"product_brand":[],"product_cat":[29,24],"product_tag":[],"class_list":{"0":"post-2925","1":"product","2":"type-product","3":"status-publish","4":"has-post-thumbnail","6":"product_cat-accesorios-perros","7":"product_cat-productos-nuevos","10":"first","11":"instock","12":"shipping-taxable","13":"purchasable","14":"product-type-variable"},"yoast_head":"<!-- This site is optimized with the Yoast SEO plugin v27.2 - https:\/\/yoast.com\/product\/yoast-seo-wordpress\/ -->\n<title>Arnes Doggy - Boutique Animal<\/title>\n<meta name=\"description\" content=\"Arn\u00e9s para perros c\u00f3modo y resistente, ideal para paseos seguros. Dise\u00f1o ajustable que brinda mejor control sin lastimar el cuello de tu mascota.\" \/>\n<meta name=\"robots\" content=\"index, follow, max-snippet:-1, max-image-preview:large, max-video-preview:-1\" \/>\n<link rel=\"canonical\" href=\"https:\/\/boutiqueanimal.co\/en\/product\/arnes-doggy\/\" \/>\n<meta property=\"og:locale\" content=\"en_US\" \/>\n<meta property=\"og:type\" content=\"article\" \/>\n<meta property=\"og:title\" content=\"Arnes Doggy - Boutique Animal\" \/>\n<meta property=\"og:description\" content=\"Arn\u00e9s para perros c\u00f3modo y resistente, ideal para paseos seguros. Dise\u00f1o ajustable que brinda mejor control sin lastimar el cuello de tu mascota.\" \/>\n<meta property=\"og:url\" content=\"https:\/\/boutiqueanimal.co\/en\/product\/arnes-doggy\/\" \/>\n<meta property=\"og:site_name\" content=\"Boutique Animal\" \/>\n<meta property=\"article:publisher\" content=\"https:\/\/www.facebook.com\/BoutiqueAnimalCo\" \/>\n<meta property=\"article:modified_time\" content=\"2026-05-06T15:39:55+00:00\" \/>\n<meta property=\"og:image\" content=\"https:\/\/boutiqueanimal.co\/wp-content\/uploads\/2025\/11\/WhatsApp-Image-2025-12-20-at-4.27.04-PM-2.jpeg\" \/>\n\t<meta property=\"og:image:width\" content=\"790\" \/>\n\t<meta property=\"og:image:height\" content=\"777\" \/>\n\t<meta property=\"og:image:type\" content=\"image\/jpeg\" \/>\n<meta name=\"twitter:card\" content=\"summary_large_image\" \/>\n<meta name=\"twitter:label1\" content=\"Est. reading time\" \/>\n\t<meta name=\"twitter:data1\" content=\"1 minute\" \/>\n<script type=\"application\/ld+json\" class=\"yoast-schema-graph\">{\"@context\":\"https:\/\/schema.org\",\"@graph\":[{\"@type\":\"WebPage\",\"@id\":\"https:\/\/boutiqueanimal.co\/producto\/arnes-doggy\/\",\"url\":\"https:\/\/boutiqueanimal.co\/producto\/arnes-doggy\/\",\"name\":\"Arnes Doggy - Boutique Animal\",\"isPartOf\":{\"@id\":\"https:\/\/boutiqueanimal.co\/#website\"},\"primaryImageOfPage\":{\"@id\":\"https:\/\/boutiqueanimal.co\/producto\/arnes-doggy\/#primaryimage\"},\"image\":{\"@id\":\"https:\/\/boutiqueanimal.co\/producto\/arnes-doggy\/#primaryimage\"},\"thumbnailUrl\":\"https:\/\/boutiqueanimal.co\/wp-content\/uploads\/2025\/11\/WhatsApp-Image-2025-12-20-at-4.27.04-PM-2.jpeg\",\"datePublished\":\"2025-11-01T16:28:28+00:00\",\"dateModified\":\"2026-05-06T15:39:55+00:00\",\"description\":\"Arn\u00e9s para perros c\u00f3modo y resistente, ideal para paseos seguros. Dise\u00f1o ajustable que brinda mejor control sin lastimar el cuello de tu mascota.\",\"breadcrumb\":{\"@id\":\"https:\/\/boutiqueanimal.co\/producto\/arnes-doggy\/#breadcrumb\"},\"inLanguage\":\"en-US\",\"potentialAction\":[{\"@type\":\"ReadAction\",\"target\":[\"https:\/\/boutiqueanimal.co\/producto\/arnes-doggy\/\"]}]},{\"@type\":\"ImageObject\",\"inLanguage\":\"en-US\",\"@id\":\"https:\/\/boutiqueanimal.co\/producto\/arnes-doggy\/#primaryimage\",\"url\":\"https:\/\/boutiqueanimal.co\/wp-content\/uploads\/2025\/11\/WhatsApp-Image-2025-12-20-at-4.27.04-PM-2.jpeg\",\"contentUrl\":\"https:\/\/boutiqueanimal.co\/wp-content\/uploads\/2025\/11\/WhatsApp-Image-2025-12-20-at-4.27.04-PM-2.jpeg\",\"width\":790,\"height\":777},{\"@type\":\"BreadcrumbList\",\"@id\":\"https:\/\/boutiqueanimal.co\/producto\/arnes-doggy\/#breadcrumb\",\"itemListElement\":[{\"@type\":\"ListItem\",\"position\":1,\"name\":\"Inicio\",\"item\":\"https:\/\/boutiqueanimal.co\/\"},{\"@type\":\"ListItem\",\"position\":2,\"name\":\"Tienda\",\"item\":\"https:\/\/boutiqueanimal.co\/tienda\/\"},{\"@type\":\"ListItem\",\"position\":3,\"name\":\"Arnes Doggy\"}]},{\"@type\":\"WebSite\",\"@id\":\"https:\/\/boutiqueanimal.co\/#website\",\"url\":\"https:\/\/boutiqueanimal.co\/\",\"name\":\"Boutique Animal\",\"description\":\"Tienda online de productos para mascotas en Colombia. Env\u00edos r\u00e1pidos y gratis en compras superiores a $100.000\",\"publisher\":{\"@id\":\"https:\/\/boutiqueanimal.co\/#organization\"},\"potentialAction\":[{\"@type\":\"SearchAction\",\"target\":{\"@type\":\"EntryPoint\",\"urlTemplate\":\"https:\/\/boutiqueanimal.co\/?s={search_term_string}\"},\"query-input\":{\"@type\":\"PropertyValueSpecification\",\"valueRequired\":true,\"valueName\":\"search_term_string\"}}],\"inLanguage\":\"en-US\"},{\"@type\":\"Organization\",\"@id\":\"https:\/\/boutiqueanimal.co\/#organization\",\"name\":\"Boutique Animal\",\"url\":\"https:\/\/boutiqueanimal.co\/\",\"logo\":{\"@type\":\"ImageObject\",\"inLanguage\":\"en-US\",\"@id\":\"https:\/\/boutiqueanimal.co\/#\/schema\/logo\/image\/\",\"url\":\"https:\/\/boutiqueanimal.co\/wp-content\/uploads\/2025\/11\/perrito-pc-1024x1024-1.png\",\"contentUrl\":\"https:\/\/boutiqueanimal.co\/wp-content\/uploads\/2025\/11\/perrito-pc-1024x1024-1.png\",\"width\":1024,\"height\":1024,\"caption\":\"Boutique Animal\"},\"image\":{\"@id\":\"https:\/\/boutiqueanimal.co\/#\/schema\/logo\/image\/\"},\"sameAs\":[\"https:\/\/www.facebook.com\/BoutiqueAnimalCo\"]}]}<\/script>\n<!-- \/ Yoast SEO plugin. -->","yoast_head_json":{"title":"Arnes Doggy - Boutique Animal","description":"Arn\u00e9s para perros c\u00f3modo y resistente, ideal para paseos seguros. Dise\u00f1o ajustable que brinda mejor control sin lastimar el cuello de tu mascota.","robots":{"index":"index","follow":"follow","max-snippet":"max-snippet:-1","max-image-preview":"max-image-preview:large","max-video-preview":"max-video-preview:-1"},"canonical":"https:\/\/boutiqueanimal.co\/en\/product\/arnes-doggy\/","og_locale":"en_US","og_type":"article","og_title":"Arnes Doggy - Boutique Animal","og_description":"Arn\u00e9s para perros c\u00f3modo y resistente, ideal para paseos seguros. Dise\u00f1o ajustable que brinda mejor control sin lastimar el cuello de tu mascota.","og_url":"https:\/\/boutiqueanimal.co\/en\/product\/arnes-doggy\/","og_site_name":"Boutique Animal","article_publisher":"https:\/\/www.facebook.com\/BoutiqueAnimalCo","article_modified_time":"2026-05-06T15:39:55+00:00","og_image":[{"width":790,"height":777,"url":"https:\/\/boutiqueanimal.co\/wp-content\/uploads\/2025\/11\/WhatsApp-Image-2025-12-20-at-4.27.04-PM-2.jpeg","type":"image\/jpeg"}],"twitter_card":"summary_large_image","twitter_misc":{"Est. reading time":"1 minute"},"schema":{"@context":"https:\/\/schema.org","@graph":[{"@type":"WebPage","@id":"https:\/\/boutiqueanimal.co\/producto\/arnes-doggy\/","url":"https:\/\/boutiqueanimal.co\/producto\/arnes-doggy\/","name":"Arnes Doggy - Boutique Animal","isPartOf":{"@id":"https:\/\/boutiqueanimal.co\/#website"},"primaryImageOfPage":{"@id":"https:\/\/boutiqueanimal.co\/producto\/arnes-doggy\/#primaryimage"},"image":{"@id":"https:\/\/boutiqueanimal.co\/producto\/arnes-doggy\/#primaryimage"},"thumbnailUrl":"https:\/\/boutiqueanimal.co\/wp-content\/uploads\/2025\/11\/WhatsApp-Image-2025-12-20-at-4.27.04-PM-2.jpeg","datePublished":"2025-11-01T16:28:28+00:00","dateModified":"2026-05-06T15:39:55+00:00","description":"Arn\u00e9s para perros c\u00f3modo y resistente, ideal para paseos seguros. Dise\u00f1o ajustable que brinda mejor control sin lastimar el cuello de tu mascota.","breadcrumb":{"@id":"https:\/\/boutiqueanimal.co\/producto\/arnes-doggy\/#breadcrumb"},"inLanguage":"en-US","potentialAction":[{"@type":"ReadAction","target":["https:\/\/boutiqueanimal.co\/producto\/arnes-doggy\/"]}]},{"@type":"ImageObject","inLanguage":"en-US","@id":"https:\/\/boutiqueanimal.co\/producto\/arnes-doggy\/#primaryimage","url":"https:\/\/boutiqueanimal.co\/wp-content\/uploads\/2025\/11\/WhatsApp-Image-2025-12-20-at-4.27.04-PM-2.jpeg","contentUrl":"https:\/\/boutiqueanimal.co\/wp-content\/uploads\/2025\/11\/WhatsApp-Image-2025-12-20-at-4.27.04-PM-2.jpeg","width":790,"height":777},{"@type":"BreadcrumbList","@id":"https:\/\/boutiqueanimal.co\/producto\/arnes-doggy\/#breadcrumb","itemListElement":[{"@type":"ListItem","position":1,"name":"Inicio","item":"https:\/\/boutiqueanimal.co\/"},{"@type":"ListItem","position":2,"name":"Tienda","item":"https:\/\/boutiqueanimal.co\/tienda\/"},{"@type":"ListItem","position":3,"name":"Arnes Doggy"}]},{"@type":"WebSite","@id":"https:\/\/boutiqueanimal.co\/#website","url":"https:\/\/boutiqueanimal.co\/","name":"Boutique Animal","description":"Tienda online de productos para mascotas en Colombia. Env\u00edos r\u00e1pidos y gratis en compras superiores a $100.000","publisher":{"@id":"https:\/\/boutiqueanimal.co\/#organization"},"potentialAction":[{"@type":"SearchAction","target":{"@type":"EntryPoint","urlTemplate":"https:\/\/boutiqueanimal.co\/?s={search_term_string}"},"query-input":{"@type":"PropertyValueSpecification","valueRequired":true,"valueName":"search_term_string"}}],"inLanguage":"en-US"},{"@type":"Organization","@id":"https:\/\/boutiqueanimal.co\/#organization","name":"Boutique Animal","url":"https:\/\/boutiqueanimal.co\/","logo":{"@type":"ImageObject","inLanguage":"en-US","@id":"https:\/\/boutiqueanimal.co\/#\/schema\/logo\/image\/","url":"https:\/\/boutiqueanimal.co\/wp-content\/uploads\/2025\/11\/perrito-pc-1024x1024-1.png","contentUrl":"https:\/\/boutiqueanimal.co\/wp-content\/uploads\/2025\/11\/perrito-pc-1024x1024-1.png","width":1024,"height":1024,"caption":"Boutique Animal"},"image":{"@id":"https:\/\/boutiqueanimal.co\/#\/schema\/logo\/image\/"},"sameAs":["https:\/\/www.facebook.com\/BoutiqueAnimalCo"]}]}},"_links":{"self":[{"href":"https:\/\/boutiqueanimal.co\/en\/wp-json\/wp\/v2\/product\/2925","targetHints":{"allow":["GET"]}}],"collection":[{"href":"https:\/\/boutiqueanimal.co\/en\/wp-json\/wp\/v2\/product"}],"about":[{"href":"https:\/\/boutiqueanimal.co\/en\/wp-json\/wp\/v2\/types\/product"}],"wp:featuredmedia":[{"embeddable":true,"href":"https:\/\/boutiqueanimal.co\/en\/wp-json\/wp\/v2\/media\/63962"}],"wp:attachment":[{"href":"https:\/\/boutiqueanimal.co\/en\/wp-json\/wp\/v2\/media?parent=2925"}],"wp:term":[{"taxonomy":"product_brand","embeddable":true,"href":"https:\/\/boutiqueanimal.co\/en\/wp-json\/wp\/v2\/product_brand?post=2925"},{"taxonomy":"product_cat","embeddable":true,"href":"https:\/\/boutiqueanimal.co\/en\/wp-json\/wp\/v2\/product_cat?post=2925"},{"taxonomy":"product_tag","embeddable":true,"href":"https:\/\/boutiqueanimal.co\/en\/wp-json\/wp\/v2\/product_tag?post=2925"}],"curies":[{"name":"wp","href":"https:\/\/api.w.org\/{rel}","templated":true}]}}