{"id":3060,"date":"2025-11-01T16:29:06","date_gmt":"2025-11-01T16:29:06","guid":{"rendered":"https:\/\/boutiqueanimal.alojo.app\/wp\/?post_type=product&#038;p=3060"},"modified":"2026-03-30T17:16:57","modified_gmt":"2026-03-30T22:16:57","slug":"arenero-garfield-3","status":"publish","type":"product","link":"https:\/\/boutiqueanimal.co\/en\/product\/arenero-garfield-3\/","title":{"rendered":"Arenero Garfield"},"content":{"rendered":"<h3 data-start=\"103\" data-end=\"161\"><strong data-start=\"107\" data-end=\"161\">Arenero Garfield con Puerta\u00a0 \u00a0\u2013 Ideal para Gatos \ud83d\udc31\ud83d\udeaa<\/strong><\/h3>\n<p data-start=\"163\" data-end=\"419\">El <strong data-start=\"166\" data-end=\"185\">Arenero Garfield<\/strong> es la opci\u00f3n perfecta para mantener la higiene de tu gato y la limpieza de tu hogar. Su dise\u00f1o cerrado con puerta abatible ayuda a <strong data-start=\"317\" data-end=\"373\">controlar los olores y evitar que la arena se riegue<\/strong>, brindando privacidad y comodidad a tu michi.<\/p>\n<p data-start=\"421\" data-end=\"530\">Fabricado en pl\u00e1stico resistente y f\u00e1cil de limpiar, es pr\u00e1ctico, seguro y muy est\u00e9tico para cualquier hogar.<\/p>\n<h3 data-start=\"532\" data-end=\"571\"><strong data-start=\"536\" data-end=\"569\">\u2728 Caracter\u00edsticas destacadas:<\/strong><\/h3>\n<p data-start=\"572\" data-end=\"874\">\u2714 <strong data-start=\"574\" data-end=\"606\">Puerta con apertura abatible<\/strong> para mayor privacidad<br data-start=\"628\" data-end=\"631\" \/>\u2714 <strong data-start=\"633\" data-end=\"651\">Dise\u00f1o cerrado<\/strong> que controla olores y evita que la arena salga<br data-start=\"698\" data-end=\"701\" \/>\u2714 <strong data-start=\"703\" data-end=\"730\">Incluye rejilla interna<\/strong> para que tu gato limpie sus patitas al salir<br data-start=\"775\" data-end=\"778\" \/>\u2714 Material <strong data-start=\"789\" data-end=\"820\">resistente y f\u00e1cil de lavar<\/strong><br data-start=\"820\" data-end=\"823\" \/>\u2714 Mantiene tu hogar <strong data-start=\"843\" data-end=\"874\" data-is-only-node=\"\">m\u00e1s limpio y libre de arena<\/strong><\/p>\n<p data-start=\"1027\" data-end=\"1088\">\ud83d\udc49 <em data-start=\"1030\" data-end=\"1088\">Ideal para gatos de todas las edades y tama\u00f1os medianos.<\/em><\/p>\n<p>&nbsp;<\/p>","protected":false},"excerpt":{"rendered":"<h3 data-start=\"103\" data-end=\"161\"><strong data-start=\"107\" data-end=\"161\">Arenero Garfiel con Puerta \u2013 Ideal para Gatos \ud83d\udc31\ud83d\udeaa\u00a0<\/strong><\/h3>\n<p data-start=\"163\" data-end=\"419\">El <strong data-start=\"166\" data-end=\"185\">Arenero Garfiel<\/strong> es la opci\u00f3n perfecta para mantener la higiene de tu gato y la limpieza de tu hogar. Su dise\u00f1o cerrado con puerta abatible ayuda a <strong data-start=\"317\" data-end=\"373\">controlar los olores y evitar que la arena se riegue<\/strong>, brindando privacidad y comodidad a tu michi.<\/p>\n<p data-start=\"421\" data-end=\"530\">Fabricado en pl\u00e1stico resistente y f\u00e1cil de limpiar, es pr\u00e1ctico, seguro y muy est\u00e9tico para cualquier hogar.<\/p>\n<h3 data-start=\"532\" data-end=\"571\"><strong data-start=\"536\" data-end=\"569\">\u2728 Caracter\u00edsticas destacadas:<\/strong><\/h3>\n<p data-start=\"572\" data-end=\"874\">\u2714 <strong data-start=\"574\" data-end=\"606\">Puerta con apertura abatible<\/strong> para mayor privacidad<br data-start=\"628\" data-end=\"631\" \/>\u2714 <strong data-start=\"633\" data-end=\"651\">Dise\u00f1o cerrado<\/strong> que controla olores y evita que la arena salga<br data-start=\"698\" data-end=\"701\" \/>\u2714 <strong data-start=\"703\" data-end=\"730\">Incluye rejilla interna<\/strong> para que tu gato limpie sus patitas al salir<br data-start=\"775\" data-end=\"778\" \/>\u2714 Material <strong data-start=\"789\" data-end=\"820\">resistente y f\u00e1cil de lavar<\/strong><br data-start=\"820\" data-end=\"823\" \/>\u2714 Mantiene tu hogar <strong data-start=\"843\" data-end=\"874\" data-is-only-node=\"\">m\u00e1s limpio y libre de arena<\/strong><\/p>\n<p data-start=\"1027\" data-end=\"1088\">\ud83d\udc49 <em data-start=\"1030\" data-end=\"1088\">Ideal para gatos de todas las edades y tama\u00f1os medianos.<\/em><\/p>","protected":false},"featured_media":65390,"template":"","meta":{"_joinchat":[]},"product_brand":[],"product_cat":[16,17,24],"product_tag":[],"class_list":{"0":"post-3060","1":"product","2":"type-product","3":"status-publish","4":"has-post-thumbnail","6":"product_cat-gatos","7":"product_cat-higiene","8":"product_cat-productos-nuevos","9":"product_shipping_class-envio-gratis","12":"first","13":"instock","14":"shipping-taxable","15":"purchasable","16":"product-type-variable"},"yoast_head":"<!-- This site is optimized with the Yoast SEO plugin v27.2 - https:\/\/yoast.com\/product\/yoast-seo-wordpress\/ -->\n<title>Arenero Garfield - Boutique Animal<\/title>\n<meta name=\"description\" content=\"Arenero cerrado grande para gatos, c\u00f3modo e higi\u00e9nico. Reduce olores y evita que la arena se disperse. Ideal para gatos de todos los tama\u00f1os.\" \/>\n<meta name=\"robots\" content=\"index, follow, max-snippet:-1, max-image-preview:large, max-video-preview:-1\" \/>\n<link rel=\"canonical\" href=\"https:\/\/boutiqueanimal.co\/en\/product\/arenero-garfield-3\/\" \/>\n<meta property=\"og:locale\" content=\"en_US\" \/>\n<meta property=\"og:type\" content=\"article\" \/>\n<meta property=\"og:title\" content=\"Arenero Garfield - Boutique Animal\" \/>\n<meta property=\"og:description\" content=\"Arenero cerrado grande para gatos, c\u00f3modo e higi\u00e9nico. Reduce olores y evita que la arena se disperse. Ideal para gatos de todos los tama\u00f1os.\" \/>\n<meta property=\"og:url\" content=\"https:\/\/boutiqueanimal.co\/en\/product\/arenero-garfield-3\/\" \/>\n<meta property=\"og:site_name\" content=\"Boutique Animal\" \/>\n<meta property=\"article:publisher\" content=\"https:\/\/www.facebook.com\/BoutiqueAnimalCo\" \/>\n<meta property=\"article:modified_time\" content=\"2026-03-30T22:16:57+00:00\" \/>\n<meta property=\"og:image\" content=\"https:\/\/boutiqueanimal.co\/wp-content\/uploads\/2026\/02\/arenero-boutique-animal-e1774908986518.png\" \/>\n\t<meta property=\"og:image:width\" content=\"843\" \/>\n\t<meta property=\"og:image:height\" content=\"890\" \/>\n\t<meta property=\"og:image:type\" content=\"image\/png\" \/>\n<meta name=\"twitter:card\" content=\"summary_large_image\" \/>\n<meta name=\"twitter:label1\" content=\"Est. reading time\" \/>\n\t<meta name=\"twitter:data1\" content=\"1 minute\" \/>\n<script type=\"application\/ld+json\" class=\"yoast-schema-graph\">{\"@context\":\"https:\/\/schema.org\",\"@graph\":[{\"@type\":\"WebPage\",\"@id\":\"https:\/\/boutiqueanimal.co\/producto\/arenero-garfield-3\/\",\"url\":\"https:\/\/boutiqueanimal.co\/producto\/arenero-garfield-3\/\",\"name\":\"Arenero Garfield - Boutique Animal\",\"isPartOf\":{\"@id\":\"https:\/\/boutiqueanimal.co\/#website\"},\"primaryImageOfPage\":{\"@id\":\"https:\/\/boutiqueanimal.co\/producto\/arenero-garfield-3\/#primaryimage\"},\"image\":{\"@id\":\"https:\/\/boutiqueanimal.co\/producto\/arenero-garfield-3\/#primaryimage\"},\"thumbnailUrl\":\"https:\/\/boutiqueanimal.co\/wp-content\/uploads\/2026\/02\/arenero-boutique-animal-e1774908986518.png\",\"datePublished\":\"2025-11-01T16:29:06+00:00\",\"dateModified\":\"2026-03-30T22:16:57+00:00\",\"description\":\"Arenero cerrado grande para gatos, c\u00f3modo e higi\u00e9nico. Reduce olores y evita que la arena se disperse. Ideal para gatos de todos los tama\u00f1os.\",\"breadcrumb\":{\"@id\":\"https:\/\/boutiqueanimal.co\/producto\/arenero-garfield-3\/#breadcrumb\"},\"inLanguage\":\"en-US\",\"potentialAction\":[{\"@type\":\"ReadAction\",\"target\":[\"https:\/\/boutiqueanimal.co\/producto\/arenero-garfield-3\/\"]}]},{\"@type\":\"ImageObject\",\"inLanguage\":\"en-US\",\"@id\":\"https:\/\/boutiqueanimal.co\/producto\/arenero-garfield-3\/#primaryimage\",\"url\":\"https:\/\/boutiqueanimal.co\/wp-content\/uploads\/2026\/02\/arenero-boutique-animal-e1774908986518.png\",\"contentUrl\":\"https:\/\/boutiqueanimal.co\/wp-content\/uploads\/2026\/02\/arenero-boutique-animal-e1774908986518.png\",\"width\":843,\"height\":890},{\"@type\":\"BreadcrumbList\",\"@id\":\"https:\/\/boutiqueanimal.co\/producto\/arenero-garfield-3\/#breadcrumb\",\"itemListElement\":[{\"@type\":\"ListItem\",\"position\":1,\"name\":\"Inicio\",\"item\":\"https:\/\/boutiqueanimal.co\/\"},{\"@type\":\"ListItem\",\"position\":2,\"name\":\"Tienda\",\"item\":\"https:\/\/boutiqueanimal.co\/tienda\/\"},{\"@type\":\"ListItem\",\"position\":3,\"name\":\"Arenero Garfield\"}]},{\"@type\":\"WebSite\",\"@id\":\"https:\/\/boutiqueanimal.co\/#website\",\"url\":\"https:\/\/boutiqueanimal.co\/\",\"name\":\"Boutique Animal\",\"description\":\"Tienda online de productos para mascotas en Colombia. Env\u00edos r\u00e1pidos y gratis en compras superiores a $100.000\",\"publisher\":{\"@id\":\"https:\/\/boutiqueanimal.co\/#organization\"},\"potentialAction\":[{\"@type\":\"SearchAction\",\"target\":{\"@type\":\"EntryPoint\",\"urlTemplate\":\"https:\/\/boutiqueanimal.co\/?s={search_term_string}\"},\"query-input\":{\"@type\":\"PropertyValueSpecification\",\"valueRequired\":true,\"valueName\":\"search_term_string\"}}],\"inLanguage\":\"en-US\"},{\"@type\":\"Organization\",\"@id\":\"https:\/\/boutiqueanimal.co\/#organization\",\"name\":\"Boutique Animal\",\"url\":\"https:\/\/boutiqueanimal.co\/\",\"logo\":{\"@type\":\"ImageObject\",\"inLanguage\":\"en-US\",\"@id\":\"https:\/\/boutiqueanimal.co\/#\/schema\/logo\/image\/\",\"url\":\"https:\/\/boutiqueanimal.co\/wp-content\/uploads\/2025\/11\/perrito-pc-1024x1024-1.png\",\"contentUrl\":\"https:\/\/boutiqueanimal.co\/wp-content\/uploads\/2025\/11\/perrito-pc-1024x1024-1.png\",\"width\":1024,\"height\":1024,\"caption\":\"Boutique Animal\"},\"image\":{\"@id\":\"https:\/\/boutiqueanimal.co\/#\/schema\/logo\/image\/\"},\"sameAs\":[\"https:\/\/www.facebook.com\/BoutiqueAnimalCo\"]}]}<\/script>\n<!-- \/ Yoast SEO plugin. -->","yoast_head_json":{"title":"Arenero Garfield - Boutique Animal","description":"Arenero cerrado grande para gatos, c\u00f3modo e higi\u00e9nico. Reduce olores y evita que la arena se disperse. Ideal para gatos de todos los tama\u00f1os.","robots":{"index":"index","follow":"follow","max-snippet":"max-snippet:-1","max-image-preview":"max-image-preview:large","max-video-preview":"max-video-preview:-1"},"canonical":"https:\/\/boutiqueanimal.co\/en\/product\/arenero-garfield-3\/","og_locale":"en_US","og_type":"article","og_title":"Arenero Garfield - Boutique Animal","og_description":"Arenero cerrado grande para gatos, c\u00f3modo e higi\u00e9nico. Reduce olores y evita que la arena se disperse. Ideal para gatos de todos los tama\u00f1os.","og_url":"https:\/\/boutiqueanimal.co\/en\/product\/arenero-garfield-3\/","og_site_name":"Boutique Animal","article_publisher":"https:\/\/www.facebook.com\/BoutiqueAnimalCo","article_modified_time":"2026-03-30T22:16:57+00:00","og_image":[{"width":843,"height":890,"url":"https:\/\/boutiqueanimal.co\/wp-content\/uploads\/2026\/02\/arenero-boutique-animal-e1774908986518.png","type":"image\/png"}],"twitter_card":"summary_large_image","twitter_misc":{"Est. reading time":"1 minute"},"schema":{"@context":"https:\/\/schema.org","@graph":[{"@type":"WebPage","@id":"https:\/\/boutiqueanimal.co\/producto\/arenero-garfield-3\/","url":"https:\/\/boutiqueanimal.co\/producto\/arenero-garfield-3\/","name":"Arenero Garfield - Boutique Animal","isPartOf":{"@id":"https:\/\/boutiqueanimal.co\/#website"},"primaryImageOfPage":{"@id":"https:\/\/boutiqueanimal.co\/producto\/arenero-garfield-3\/#primaryimage"},"image":{"@id":"https:\/\/boutiqueanimal.co\/producto\/arenero-garfield-3\/#primaryimage"},"thumbnailUrl":"https:\/\/boutiqueanimal.co\/wp-content\/uploads\/2026\/02\/arenero-boutique-animal-e1774908986518.png","datePublished":"2025-11-01T16:29:06+00:00","dateModified":"2026-03-30T22:16:57+00:00","description":"Arenero cerrado grande para gatos, c\u00f3modo e higi\u00e9nico. Reduce olores y evita que la arena se disperse. Ideal para gatos de todos los tama\u00f1os.","breadcrumb":{"@id":"https:\/\/boutiqueanimal.co\/producto\/arenero-garfield-3\/#breadcrumb"},"inLanguage":"en-US","potentialAction":[{"@type":"ReadAction","target":["https:\/\/boutiqueanimal.co\/producto\/arenero-garfield-3\/"]}]},{"@type":"ImageObject","inLanguage":"en-US","@id":"https:\/\/boutiqueanimal.co\/producto\/arenero-garfield-3\/#primaryimage","url":"https:\/\/boutiqueanimal.co\/wp-content\/uploads\/2026\/02\/arenero-boutique-animal-e1774908986518.png","contentUrl":"https:\/\/boutiqueanimal.co\/wp-content\/uploads\/2026\/02\/arenero-boutique-animal-e1774908986518.png","width":843,"height":890},{"@type":"BreadcrumbList","@id":"https:\/\/boutiqueanimal.co\/producto\/arenero-garfield-3\/#breadcrumb","itemListElement":[{"@type":"ListItem","position":1,"name":"Inicio","item":"https:\/\/boutiqueanimal.co\/"},{"@type":"ListItem","position":2,"name":"Tienda","item":"https:\/\/boutiqueanimal.co\/tienda\/"},{"@type":"ListItem","position":3,"name":"Arenero Garfield"}]},{"@type":"WebSite","@id":"https:\/\/boutiqueanimal.co\/#website","url":"https:\/\/boutiqueanimal.co\/","name":"Boutique Animal","description":"Tienda online de productos para mascotas en Colombia. Env\u00edos r\u00e1pidos y gratis en compras superiores a $100.000","publisher":{"@id":"https:\/\/boutiqueanimal.co\/#organization"},"potentialAction":[{"@type":"SearchAction","target":{"@type":"EntryPoint","urlTemplate":"https:\/\/boutiqueanimal.co\/?s={search_term_string}"},"query-input":{"@type":"PropertyValueSpecification","valueRequired":true,"valueName":"search_term_string"}}],"inLanguage":"en-US"},{"@type":"Organization","@id":"https:\/\/boutiqueanimal.co\/#organization","name":"Boutique Animal","url":"https:\/\/boutiqueanimal.co\/","logo":{"@type":"ImageObject","inLanguage":"en-US","@id":"https:\/\/boutiqueanimal.co\/#\/schema\/logo\/image\/","url":"https:\/\/boutiqueanimal.co\/wp-content\/uploads\/2025\/11\/perrito-pc-1024x1024-1.png","contentUrl":"https:\/\/boutiqueanimal.co\/wp-content\/uploads\/2025\/11\/perrito-pc-1024x1024-1.png","width":1024,"height":1024,"caption":"Boutique Animal"},"image":{"@id":"https:\/\/boutiqueanimal.co\/#\/schema\/logo\/image\/"},"sameAs":["https:\/\/www.facebook.com\/BoutiqueAnimalCo"]}]}},"_links":{"self":[{"href":"https:\/\/boutiqueanimal.co\/en\/wp-json\/wp\/v2\/product\/3060","targetHints":{"allow":["GET"]}}],"collection":[{"href":"https:\/\/boutiqueanimal.co\/en\/wp-json\/wp\/v2\/product"}],"about":[{"href":"https:\/\/boutiqueanimal.co\/en\/wp-json\/wp\/v2\/types\/product"}],"wp:featuredmedia":[{"embeddable":true,"href":"https:\/\/boutiqueanimal.co\/en\/wp-json\/wp\/v2\/media\/65390"}],"wp:attachment":[{"href":"https:\/\/boutiqueanimal.co\/en\/wp-json\/wp\/v2\/media?parent=3060"}],"wp:term":[{"taxonomy":"product_brand","embeddable":true,"href":"https:\/\/boutiqueanimal.co\/en\/wp-json\/wp\/v2\/product_brand?post=3060"},{"taxonomy":"product_cat","embeddable":true,"href":"https:\/\/boutiqueanimal.co\/en\/wp-json\/wp\/v2\/product_cat?post=3060"},{"taxonomy":"product_tag","embeddable":true,"href":"https:\/\/boutiqueanimal.co\/en\/wp-json\/wp\/v2\/product_tag?post=3060"}],"curies":[{"name":"wp","href":"https:\/\/api.w.org\/{rel}","templated":true}]}}