{"id":3065,"date":"2025-11-01T16:29:07","date_gmt":"2025-11-01T16:29:07","guid":{"rendered":"https:\/\/boutiqueanimal.alojo.app\/wp\/?post_type=product&#038;p=3065"},"modified":"2026-04-24T14:34:53","modified_gmt":"2026-04-24T19:34:53","slug":"bebedero-automatico-3-litros","status":"publish","type":"product","link":"https:\/\/boutiqueanimal.co\/en\/product\/bebedero-automatico-3-litros\/","title":{"rendered":"Comedero Autom\u00e1tico 3 Litros"},"content":{"rendered":"<p data-start=\"443\" data-end=\"698\">Este <strong data-start=\"448\" data-end=\"484\">dispensador de comida por gravedad<\/strong>\u00a0 \u00a0funciona de forma pr\u00e1ctica: cuando tu mascota come el sistema libera autom\u00e1ticamente la cantidad necesaria para mantener el cuenco lleno, sin desperdicios y sin necesidad de electricidad.<\/p>\n<p data-start=\"700\" data-end=\"717\">\u2728 <strong data-start=\"702\" data-end=\"717\">Beneficios:<\/strong><\/p>\n<ul data-start=\"718\" data-end=\"977\">\n<li data-start=\"718\" data-end=\"773\">\n<p data-start=\"720\" data-end=\"773\">Sistema autom\u00e1tico por gravedad (no necesita energ\u00eda)<\/p>\n<\/li>\n<li data-start=\"827\" data-end=\"856\">\n<p data-start=\"829\" data-end=\"856\">Ideal para perros y gatos<\/p>\n<\/li>\n<li data-start=\"857\" data-end=\"912\">\n<p data-start=\"859\" data-end=\"912\">Perfecto para mascotas que permanecen solas en casa<\/p>\n<\/li>\n<li data-start=\"913\" data-end=\"944\">\n<p data-start=\"915\" data-end=\"944\">F\u00e1cil de limpiar y recargar<\/p>\n<\/li>\n<li data-start=\"945\" data-end=\"977\">\n<p data-start=\"947\" data-end=\"977\">Dise\u00f1o pr\u00e1ctico y resistente<\/p>\n<\/li>\n<\/ul>\n<p data-start=\"979\" data-end=\"1088\">Una soluci\u00f3n c\u00f3moda, saludable y confiable para garantizar la alimentacion diaria de tus peluditos y michis \ud83d\udc3e<\/p>\n<p>&nbsp;<\/p>\n<p>&nbsp;<\/p>","protected":false},"excerpt":{"rendered":"<p data-start=\"443\" data-end=\"698\">Este <strong data-start=\"448\" data-end=\"484\">dispensador de comida por gravedad\u00a0\u00a0<\/strong> funciona de forma pr\u00e1ctica: cuando tu mascota bebe y el nivel del agua baja, el sistema libera autom\u00e1ticamente la cantidad necesaria para mantener el cuenco lleno, sin desperdicios y sin necesidad de electricidad.<\/p>\n<p data-start=\"700\" data-end=\"717\">\u2728 <strong data-start=\"702\" data-end=\"717\">Beneficios:<\/strong><\/p>\n<ul data-start=\"718\" data-end=\"977\">\n<li data-start=\"718\" data-end=\"773\">\n<p data-start=\"720\" data-end=\"773\">Sistema autom\u00e1tico por gravedad (no necesita energ\u00eda)<\/p>\n<\/li>\n<li data-start=\"774\" data-end=\"826\">\n<p data-start=\"776\" data-end=\"826\">Mantiene el agua limpia y disponible todo el d\u00eda<\/p>\n<\/li>\n<li data-start=\"827\" data-end=\"856\">\n<p data-start=\"829\" data-end=\"856\">Ideal para perros y gatos<\/p>\n<\/li>\n<li data-start=\"857\" data-end=\"912\">\n<p data-start=\"859\" data-end=\"912\">Perfecto para mascotas que permanecen solas en casa<\/p>\n<\/li>\n<li data-start=\"913\" data-end=\"944\">\n<p data-start=\"915\" data-end=\"944\">F\u00e1cil de limpiar y recargar<\/p>\n<\/li>\n<li data-start=\"945\" data-end=\"977\">\n<p data-start=\"947\" data-end=\"977\">Dise\u00f1o pr\u00e1ctico y resistente<\/p>\n<\/li>\n<\/ul>\n<p data-start=\"979\" data-end=\"1088\">Una soluci\u00f3n c\u00f3moda, saludable y confiable para garantizar la hidrataci\u00f3n diaria de tus peluditos y michis \ud83d\udc3e<\/p>","protected":false},"featured_media":64509,"template":"","meta":{"_joinchat":[]},"product_brand":[],"product_cat":[33,32,16,18,24],"product_tag":[],"class_list":{"0":"post-3065","1":"product","2":"type-product","3":"status-publish","4":"has-post-thumbnail","6":"product_cat-alimentacion-perros","7":"product_cat-alimentacion-gatos","8":"product_cat-gatos","9":"product_cat-perros","10":"product_cat-productos-nuevos","13":"first","14":"instock","15":"shipping-taxable","16":"purchasable","17":"product-type-variable"},"yoast_head":"<!-- This site is optimized with the Yoast SEO plugin v27.2 - https:\/\/yoast.com\/product\/yoast-seo-wordpress\/ -->\n<title>Comedero Autom\u00e1tico 3 Litros - Boutique Animal<\/title>\n<meta name=\"robots\" content=\"index, follow, max-snippet:-1, max-image-preview:large, max-video-preview:-1\" \/>\n<link rel=\"canonical\" href=\"https:\/\/boutiqueanimal.co\/en\/product\/bebedero-automatico-3-litros\/\" \/>\n<meta property=\"og:locale\" content=\"en_US\" \/>\n<meta property=\"og:type\" content=\"article\" \/>\n<meta property=\"og:title\" content=\"Comedero Autom\u00e1tico 3 Litros - Boutique Animal\" \/>\n<meta property=\"og:description\" content=\"Este dispensador de comida por gravedad\u00a0\u00a0 funciona de forma pr\u00e1ctica: cuando tu mascota bebe y el nivel del agua baja, el sistema libera autom\u00e1ticamente la cantidad necesaria para mantener el cuenco lleno, sin desperdicios y sin necesidad de electricidad. \u2728 Beneficios:     Sistema autom\u00e1tico por gravedad (no necesita energ\u00eda)    Mantiene el agua limpia y disponible todo el d\u00eda    Ideal para perros y gatos    Perfecto para mascotas que permanecen solas en casa    F\u00e1cil de limpiar y recargar    Dise\u00f1o pr\u00e1ctico y resistente   Una soluci\u00f3n c\u00f3moda, saludable y confiable para garantizar la hidrataci\u00f3n diaria de tus peluditos y michis \ud83d\udc3e\" \/>\n<meta property=\"og:url\" content=\"https:\/\/boutiqueanimal.co\/en\/product\/bebedero-automatico-3-litros\/\" \/>\n<meta property=\"og:site_name\" content=\"Boutique Animal\" \/>\n<meta property=\"article:publisher\" content=\"https:\/\/www.facebook.com\/BoutiqueAnimalCo\" \/>\n<meta property=\"article:modified_time\" content=\"2026-04-24T19:34:53+00:00\" \/>\n<meta property=\"og:image\" content=\"https:\/\/boutiqueanimal.co\/wp-content\/uploads\/2025\/11\/automatico-verde.webp\" \/>\n\t<meta property=\"og:image:width\" content=\"800\" \/>\n\t<meta property=\"og:image:height\" content=\"800\" \/>\n\t<meta property=\"og:image:type\" content=\"image\/webp\" \/>\n<meta name=\"twitter:card\" content=\"summary_large_image\" \/>\n<meta name=\"twitter:label1\" content=\"Est. reading time\" \/>\n\t<meta name=\"twitter:data1\" content=\"1 minute\" \/>\n<script type=\"application\/ld+json\" class=\"yoast-schema-graph\">{\"@context\":\"https:\/\/schema.org\",\"@graph\":[{\"@type\":\"WebPage\",\"@id\":\"https:\/\/boutiqueanimal.co\/producto\/bebedero-automatico-3-litros\/\",\"url\":\"https:\/\/boutiqueanimal.co\/producto\/bebedero-automatico-3-litros\/\",\"name\":\"Comedero Autom\u00e1tico 3 Litros - Boutique Animal\",\"isPartOf\":{\"@id\":\"https:\/\/boutiqueanimal.co\/#website\"},\"primaryImageOfPage\":{\"@id\":\"https:\/\/boutiqueanimal.co\/producto\/bebedero-automatico-3-litros\/#primaryimage\"},\"image\":{\"@id\":\"https:\/\/boutiqueanimal.co\/producto\/bebedero-automatico-3-litros\/#primaryimage\"},\"thumbnailUrl\":\"https:\/\/boutiqueanimal.co\/wp-content\/uploads\/2025\/11\/automatico-verde.webp\",\"datePublished\":\"2025-11-01T16:29:07+00:00\",\"dateModified\":\"2026-04-24T19:34:53+00:00\",\"breadcrumb\":{\"@id\":\"https:\/\/boutiqueanimal.co\/producto\/bebedero-automatico-3-litros\/#breadcrumb\"},\"inLanguage\":\"en-US\",\"potentialAction\":[{\"@type\":\"ReadAction\",\"target\":[\"https:\/\/boutiqueanimal.co\/producto\/bebedero-automatico-3-litros\/\"]}]},{\"@type\":\"ImageObject\",\"inLanguage\":\"en-US\",\"@id\":\"https:\/\/boutiqueanimal.co\/producto\/bebedero-automatico-3-litros\/#primaryimage\",\"url\":\"https:\/\/boutiqueanimal.co\/wp-content\/uploads\/2025\/11\/automatico-verde.webp\",\"contentUrl\":\"https:\/\/boutiqueanimal.co\/wp-content\/uploads\/2025\/11\/automatico-verde.webp\",\"width\":800,\"height\":800},{\"@type\":\"BreadcrumbList\",\"@id\":\"https:\/\/boutiqueanimal.co\/producto\/bebedero-automatico-3-litros\/#breadcrumb\",\"itemListElement\":[{\"@type\":\"ListItem\",\"position\":1,\"name\":\"Inicio\",\"item\":\"https:\/\/boutiqueanimal.co\/\"},{\"@type\":\"ListItem\",\"position\":2,\"name\":\"Tienda\",\"item\":\"https:\/\/boutiqueanimal.co\/tienda\/\"},{\"@type\":\"ListItem\",\"position\":3,\"name\":\"Comedero Autom\u00e1tico 3 Litros\"}]},{\"@type\":\"WebSite\",\"@id\":\"https:\/\/boutiqueanimal.co\/#website\",\"url\":\"https:\/\/boutiqueanimal.co\/\",\"name\":\"Boutique Animal\",\"description\":\"Tienda online de productos para mascotas en Colombia. Env\u00edos r\u00e1pidos y gratis en compras superiores a $100.000\",\"publisher\":{\"@id\":\"https:\/\/boutiqueanimal.co\/#organization\"},\"potentialAction\":[{\"@type\":\"SearchAction\",\"target\":{\"@type\":\"EntryPoint\",\"urlTemplate\":\"https:\/\/boutiqueanimal.co\/?s={search_term_string}\"},\"query-input\":{\"@type\":\"PropertyValueSpecification\",\"valueRequired\":true,\"valueName\":\"search_term_string\"}}],\"inLanguage\":\"en-US\"},{\"@type\":\"Organization\",\"@id\":\"https:\/\/boutiqueanimal.co\/#organization\",\"name\":\"Boutique Animal\",\"url\":\"https:\/\/boutiqueanimal.co\/\",\"logo\":{\"@type\":\"ImageObject\",\"inLanguage\":\"en-US\",\"@id\":\"https:\/\/boutiqueanimal.co\/#\/schema\/logo\/image\/\",\"url\":\"https:\/\/boutiqueanimal.co\/wp-content\/uploads\/2025\/11\/perrito-pc-1024x1024-1.png\",\"contentUrl\":\"https:\/\/boutiqueanimal.co\/wp-content\/uploads\/2025\/11\/perrito-pc-1024x1024-1.png\",\"width\":1024,\"height\":1024,\"caption\":\"Boutique Animal\"},\"image\":{\"@id\":\"https:\/\/boutiqueanimal.co\/#\/schema\/logo\/image\/\"},\"sameAs\":[\"https:\/\/www.facebook.com\/BoutiqueAnimalCo\"]}]}<\/script>\n<!-- \/ Yoast SEO plugin. -->","yoast_head_json":{"title":"Comedero Autom\u00e1tico 3 Litros - Boutique Animal","robots":{"index":"index","follow":"follow","max-snippet":"max-snippet:-1","max-image-preview":"max-image-preview:large","max-video-preview":"max-video-preview:-1"},"canonical":"https:\/\/boutiqueanimal.co\/en\/product\/bebedero-automatico-3-litros\/","og_locale":"en_US","og_type":"article","og_title":"Comedero Autom\u00e1tico 3 Litros - Boutique Animal","og_description":"Este dispensador de comida por gravedad\u00a0\u00a0 funciona de forma pr\u00e1ctica: cuando tu mascota bebe y el nivel del agua baja, el sistema libera autom\u00e1ticamente la cantidad necesaria para mantener el cuenco lleno, sin desperdicios y sin necesidad de electricidad. \u2728 Beneficios:     Sistema autom\u00e1tico por gravedad (no necesita energ\u00eda)    Mantiene el agua limpia y disponible todo el d\u00eda    Ideal para perros y gatos    Perfecto para mascotas que permanecen solas en casa    F\u00e1cil de limpiar y recargar    Dise\u00f1o pr\u00e1ctico y resistente   Una soluci\u00f3n c\u00f3moda, saludable y confiable para garantizar la hidrataci\u00f3n diaria de tus peluditos y michis \ud83d\udc3e","og_url":"https:\/\/boutiqueanimal.co\/en\/product\/bebedero-automatico-3-litros\/","og_site_name":"Boutique Animal","article_publisher":"https:\/\/www.facebook.com\/BoutiqueAnimalCo","article_modified_time":"2026-04-24T19:34:53+00:00","og_image":[{"width":800,"height":800,"url":"https:\/\/boutiqueanimal.co\/wp-content\/uploads\/2025\/11\/automatico-verde.webp","type":"image\/webp"}],"twitter_card":"summary_large_image","twitter_misc":{"Est. reading time":"1 minute"},"schema":{"@context":"https:\/\/schema.org","@graph":[{"@type":"WebPage","@id":"https:\/\/boutiqueanimal.co\/producto\/bebedero-automatico-3-litros\/","url":"https:\/\/boutiqueanimal.co\/producto\/bebedero-automatico-3-litros\/","name":"Comedero Autom\u00e1tico 3 Litros - Boutique Animal","isPartOf":{"@id":"https:\/\/boutiqueanimal.co\/#website"},"primaryImageOfPage":{"@id":"https:\/\/boutiqueanimal.co\/producto\/bebedero-automatico-3-litros\/#primaryimage"},"image":{"@id":"https:\/\/boutiqueanimal.co\/producto\/bebedero-automatico-3-litros\/#primaryimage"},"thumbnailUrl":"https:\/\/boutiqueanimal.co\/wp-content\/uploads\/2025\/11\/automatico-verde.webp","datePublished":"2025-11-01T16:29:07+00:00","dateModified":"2026-04-24T19:34:53+00:00","breadcrumb":{"@id":"https:\/\/boutiqueanimal.co\/producto\/bebedero-automatico-3-litros\/#breadcrumb"},"inLanguage":"en-US","potentialAction":[{"@type":"ReadAction","target":["https:\/\/boutiqueanimal.co\/producto\/bebedero-automatico-3-litros\/"]}]},{"@type":"ImageObject","inLanguage":"en-US","@id":"https:\/\/boutiqueanimal.co\/producto\/bebedero-automatico-3-litros\/#primaryimage","url":"https:\/\/boutiqueanimal.co\/wp-content\/uploads\/2025\/11\/automatico-verde.webp","contentUrl":"https:\/\/boutiqueanimal.co\/wp-content\/uploads\/2025\/11\/automatico-verde.webp","width":800,"height":800},{"@type":"BreadcrumbList","@id":"https:\/\/boutiqueanimal.co\/producto\/bebedero-automatico-3-litros\/#breadcrumb","itemListElement":[{"@type":"ListItem","position":1,"name":"Inicio","item":"https:\/\/boutiqueanimal.co\/"},{"@type":"ListItem","position":2,"name":"Tienda","item":"https:\/\/boutiqueanimal.co\/tienda\/"},{"@type":"ListItem","position":3,"name":"Comedero Autom\u00e1tico 3 Litros"}]},{"@type":"WebSite","@id":"https:\/\/boutiqueanimal.co\/#website","url":"https:\/\/boutiqueanimal.co\/","name":"Boutique Animal","description":"Tienda online de productos para mascotas en Colombia. Env\u00edos r\u00e1pidos y gratis en compras superiores a $100.000","publisher":{"@id":"https:\/\/boutiqueanimal.co\/#organization"},"potentialAction":[{"@type":"SearchAction","target":{"@type":"EntryPoint","urlTemplate":"https:\/\/boutiqueanimal.co\/?s={search_term_string}"},"query-input":{"@type":"PropertyValueSpecification","valueRequired":true,"valueName":"search_term_string"}}],"inLanguage":"en-US"},{"@type":"Organization","@id":"https:\/\/boutiqueanimal.co\/#organization","name":"Boutique Animal","url":"https:\/\/boutiqueanimal.co\/","logo":{"@type":"ImageObject","inLanguage":"en-US","@id":"https:\/\/boutiqueanimal.co\/#\/schema\/logo\/image\/","url":"https:\/\/boutiqueanimal.co\/wp-content\/uploads\/2025\/11\/perrito-pc-1024x1024-1.png","contentUrl":"https:\/\/boutiqueanimal.co\/wp-content\/uploads\/2025\/11\/perrito-pc-1024x1024-1.png","width":1024,"height":1024,"caption":"Boutique Animal"},"image":{"@id":"https:\/\/boutiqueanimal.co\/#\/schema\/logo\/image\/"},"sameAs":["https:\/\/www.facebook.com\/BoutiqueAnimalCo"]}]}},"_links":{"self":[{"href":"https:\/\/boutiqueanimal.co\/en\/wp-json\/wp\/v2\/product\/3065","targetHints":{"allow":["GET"]}}],"collection":[{"href":"https:\/\/boutiqueanimal.co\/en\/wp-json\/wp\/v2\/product"}],"about":[{"href":"https:\/\/boutiqueanimal.co\/en\/wp-json\/wp\/v2\/types\/product"}],"wp:featuredmedia":[{"embeddable":true,"href":"https:\/\/boutiqueanimal.co\/en\/wp-json\/wp\/v2\/media\/64509"}],"wp:attachment":[{"href":"https:\/\/boutiqueanimal.co\/en\/wp-json\/wp\/v2\/media?parent=3065"}],"wp:term":[{"taxonomy":"product_brand","embeddable":true,"href":"https:\/\/boutiqueanimal.co\/en\/wp-json\/wp\/v2\/product_brand?post=3065"},{"taxonomy":"product_cat","embeddable":true,"href":"https:\/\/boutiqueanimal.co\/en\/wp-json\/wp\/v2\/product_cat?post=3065"},{"taxonomy":"product_tag","embeddable":true,"href":"https:\/\/boutiqueanimal.co\/en\/wp-json\/wp\/v2\/product_tag?post=3065"}],"curies":[{"name":"wp","href":"https:\/\/api.w.org\/{rel}","templated":true}]}}