{"id":3130,"date":"2025-11-01T16:29:23","date_gmt":"2025-11-01T16:29:23","guid":{"rendered":"https:\/\/boutiqueanimal.alojo.app\/wp\/?post_type=product&#038;p=3130"},"modified":"2026-04-06T17:44:15","modified_gmt":"2026-04-06T22:44:15","slug":"pelota-saltarina","status":"publish","type":"product","link":"https:\/\/boutiqueanimal.co\/en\/product\/pelota-saltarina\/","title":{"rendered":"Pelota Saltarina"},"content":{"rendered":"<h3 data-start=\"244\" data-end=\"292\">\ud83d\udfe2 Pelota Saltarina para Mascotas \ud83d\udc36\u2728<\/h3>\n<p data-start=\"294\" data-end=\"530\">\u00a1El juguete m\u00e1s divertido y sorprendente para tu peludo! \ud83c\udf89<br data-start=\"353\" data-end=\"356\" \/>La <strong data-start=\"359\" data-end=\"386\">Pelota Saltarina<\/strong>\u00a0se aplana al presionarla y se adhiere como si fuera un frisbee \ud83d\udef8, pero despu\u00e9s de unos segundos&#8230; \u00a1salta sola y vuelve a ser una pelota! \ud83d\udfe0\ud83d\udca5<\/p>\n<p data-start=\"532\" data-end=\"705\">\u2705 Estimula la curiosidad y el instinto de juego<br data-start=\"579\" data-end=\"582\" \/>\u2705 Ideal para jugar en casa o al aire libre<br data-start=\"624\" data-end=\"627\" \/>\u2705 Material resistente y seguro<br data-start=\"657\" data-end=\"660\" \/>\u2705 Perfecta para perros peque\u00f1os y medianos \ud83d\udc3e<\/p>\n<p data-start=\"707\" data-end=\"781\">\u00a1Tu mascota no entender\u00e1 c\u00f3mo pas\u00f3, pero querr\u00e1 jugar una y otra vez! \ud83d\ude04\ud83e\udde1<\/p>","protected":false},"excerpt":{"rendered":"<h3 data-start=\"244\" data-end=\"292\">\ud83d\udfe2 Pelota Saltarina para Mascotas \ud83d\udc36\u2728<\/h3>\n<p data-start=\"294\" data-end=\"530\">\u00a1El juguete m\u00e1s divertido y sorprendente para tu peludo! \ud83c\udf89<br data-start=\"353\" data-end=\"356\" \/>La <strong data-start=\"359\" data-end=\"386\">Pelota Saltarina<\/strong>\u00a0se aplana al presionarla y se adhiere como si fuera un frisbee \ud83d\udef8, pero despu\u00e9s de unos segundos&#8230; \u00a1salta sola y vuelve a ser una pelota! \ud83d\udfe0\ud83d\udca5<\/p>\n<p data-start=\"532\" data-end=\"705\">\u2705 Estimula la curiosidad y el instinto de juego<br data-start=\"579\" data-end=\"582\" \/>\u2705 Ideal para jugar en casa o al aire libre<br data-start=\"624\" data-end=\"627\" \/>\u2705 Material resistente y seguro<br data-start=\"657\" data-end=\"660\" \/>\u2705 Perfecta para perros peque\u00f1os y medianos \ud83d\udc3e<\/p>\n<p data-start=\"707\" data-end=\"781\">\u00a1Tu mascota no entender\u00e1 c\u00f3mo pas\u00f3, pero querr\u00e1 jugar una y otra vez! \ud83d\ude04\ud83e\udde1<\/p>","protected":false},"featured_media":3157,"template":"","meta":{"_joinchat":[]},"product_brand":[],"product_cat":[16,26,25,18,24],"product_tag":[],"class_list":{"0":"post-3130","1":"product","2":"type-product","3":"status-publish","4":"has-post-thumbnail","6":"product_cat-gatos","7":"product_cat-juguetes-perros","8":"product_cat-juguetes","9":"product_cat-perros","10":"product_cat-productos-nuevos","13":"first","14":"instock","15":"shipping-taxable","16":"purchasable","17":"product-type-simple"},"yoast_head":"<!-- This site is optimized with the Yoast SEO plugin v27.2 - https:\/\/yoast.com\/product\/yoast-seo-wordpress\/ -->\n<title>Pelota Saltarina - Boutique Animal<\/title>\n<meta name=\"description\" content=\"Pelota saltarina para perros resistente y divertida, ideal para estimular el juego y el ejercicio diario. Perfecta para mantener a tu mascota activa.\" \/>\n<meta name=\"robots\" content=\"index, follow, max-snippet:-1, max-image-preview:large, max-video-preview:-1\" \/>\n<link rel=\"canonical\" href=\"https:\/\/boutiqueanimal.co\/en\/product\/pelota-saltarina\/\" \/>\n<meta property=\"og:locale\" content=\"en_US\" \/>\n<meta property=\"og:type\" content=\"article\" \/>\n<meta property=\"og:title\" content=\"Pelota Saltarina - Boutique Animal\" \/>\n<meta property=\"og:description\" content=\"Pelota saltarina para perros resistente y divertida, ideal para estimular el juego y el ejercicio diario. Perfecta para mantener a tu mascota activa.\" \/>\n<meta property=\"og:url\" content=\"https:\/\/boutiqueanimal.co\/en\/product\/pelota-saltarina\/\" \/>\n<meta property=\"og:site_name\" content=\"Boutique Animal\" \/>\n<meta property=\"article:publisher\" content=\"https:\/\/www.facebook.com\/BoutiqueAnimalCo\" \/>\n<meta property=\"article:modified_time\" content=\"2026-04-06T22:44:15+00:00\" \/>\n<meta property=\"og:image\" content=\"https:\/\/boutiqueanimal.co\/wp-content\/uploads\/2025\/11\/1_57b0dce4-e0d8-4dbb-a3bf-4645bec5b0b6_5.webp\" \/>\n\t<meta property=\"og:image:width\" content=\"720\" \/>\n\t<meta property=\"og:image:height\" content=\"720\" \/>\n\t<meta property=\"og:image:type\" content=\"image\/webp\" \/>\n<meta name=\"twitter:card\" content=\"summary_large_image\" \/>\n<meta name=\"twitter:label1\" content=\"Est. reading time\" \/>\n\t<meta name=\"twitter:data1\" content=\"1 minute\" \/>\n<script type=\"application\/ld+json\" class=\"yoast-schema-graph\">{\"@context\":\"https:\/\/schema.org\",\"@graph\":[{\"@type\":\"WebPage\",\"@id\":\"https:\/\/boutiqueanimal.co\/producto\/pelota-saltarina\/\",\"url\":\"https:\/\/boutiqueanimal.co\/producto\/pelota-saltarina\/\",\"name\":\"Pelota Saltarina - Boutique Animal\",\"isPartOf\":{\"@id\":\"https:\/\/boutiqueanimal.co\/#website\"},\"primaryImageOfPage\":{\"@id\":\"https:\/\/boutiqueanimal.co\/producto\/pelota-saltarina\/#primaryimage\"},\"image\":{\"@id\":\"https:\/\/boutiqueanimal.co\/producto\/pelota-saltarina\/#primaryimage\"},\"thumbnailUrl\":\"https:\/\/boutiqueanimal.co\/wp-content\/uploads\/2025\/11\/1_57b0dce4-e0d8-4dbb-a3bf-4645bec5b0b6_5.webp\",\"datePublished\":\"2025-11-01T16:29:23+00:00\",\"dateModified\":\"2026-04-06T22:44:15+00:00\",\"description\":\"Pelota saltarina para perros resistente y divertida, ideal para estimular el juego y el ejercicio diario. Perfecta para mantener a tu mascota activa.\",\"breadcrumb\":{\"@id\":\"https:\/\/boutiqueanimal.co\/producto\/pelota-saltarina\/#breadcrumb\"},\"inLanguage\":\"en-US\",\"potentialAction\":[{\"@type\":\"ReadAction\",\"target\":[\"https:\/\/boutiqueanimal.co\/producto\/pelota-saltarina\/\"]}]},{\"@type\":\"ImageObject\",\"inLanguage\":\"en-US\",\"@id\":\"https:\/\/boutiqueanimal.co\/producto\/pelota-saltarina\/#primaryimage\",\"url\":\"https:\/\/boutiqueanimal.co\/wp-content\/uploads\/2025\/11\/1_57b0dce4-e0d8-4dbb-a3bf-4645bec5b0b6_5.webp\",\"contentUrl\":\"https:\/\/boutiqueanimal.co\/wp-content\/uploads\/2025\/11\/1_57b0dce4-e0d8-4dbb-a3bf-4645bec5b0b6_5.webp\",\"width\":720,\"height\":720},{\"@type\":\"BreadcrumbList\",\"@id\":\"https:\/\/boutiqueanimal.co\/producto\/pelota-saltarina\/#breadcrumb\",\"itemListElement\":[{\"@type\":\"ListItem\",\"position\":1,\"name\":\"Inicio\",\"item\":\"https:\/\/boutiqueanimal.co\/\"},{\"@type\":\"ListItem\",\"position\":2,\"name\":\"Tienda\",\"item\":\"https:\/\/boutiqueanimal.co\/tienda\/\"},{\"@type\":\"ListItem\",\"position\":3,\"name\":\"Pelota Saltarina\"}]},{\"@type\":\"WebSite\",\"@id\":\"https:\/\/boutiqueanimal.co\/#website\",\"url\":\"https:\/\/boutiqueanimal.co\/\",\"name\":\"Boutique Animal\",\"description\":\"Tienda online de productos para mascotas en Colombia. Env\u00edos r\u00e1pidos y gratis en compras superiores a $100.000\",\"publisher\":{\"@id\":\"https:\/\/boutiqueanimal.co\/#organization\"},\"potentialAction\":[{\"@type\":\"SearchAction\",\"target\":{\"@type\":\"EntryPoint\",\"urlTemplate\":\"https:\/\/boutiqueanimal.co\/?s={search_term_string}\"},\"query-input\":{\"@type\":\"PropertyValueSpecification\",\"valueRequired\":true,\"valueName\":\"search_term_string\"}}],\"inLanguage\":\"en-US\"},{\"@type\":\"Organization\",\"@id\":\"https:\/\/boutiqueanimal.co\/#organization\",\"name\":\"Boutique Animal\",\"url\":\"https:\/\/boutiqueanimal.co\/\",\"logo\":{\"@type\":\"ImageObject\",\"inLanguage\":\"en-US\",\"@id\":\"https:\/\/boutiqueanimal.co\/#\/schema\/logo\/image\/\",\"url\":\"https:\/\/boutiqueanimal.co\/wp-content\/uploads\/2025\/11\/perrito-pc-1024x1024-1.png\",\"contentUrl\":\"https:\/\/boutiqueanimal.co\/wp-content\/uploads\/2025\/11\/perrito-pc-1024x1024-1.png\",\"width\":1024,\"height\":1024,\"caption\":\"Boutique Animal\"},\"image\":{\"@id\":\"https:\/\/boutiqueanimal.co\/#\/schema\/logo\/image\/\"},\"sameAs\":[\"https:\/\/www.facebook.com\/BoutiqueAnimalCo\"]}]}<\/script>\n<!-- \/ Yoast SEO plugin. -->","yoast_head_json":{"title":"Pelota Saltarina - Boutique Animal","description":"Pelota saltarina para perros resistente y divertida, ideal para estimular el juego y el ejercicio diario. Perfecta para mantener a tu mascota activa.","robots":{"index":"index","follow":"follow","max-snippet":"max-snippet:-1","max-image-preview":"max-image-preview:large","max-video-preview":"max-video-preview:-1"},"canonical":"https:\/\/boutiqueanimal.co\/en\/product\/pelota-saltarina\/","og_locale":"en_US","og_type":"article","og_title":"Pelota Saltarina - Boutique Animal","og_description":"Pelota saltarina para perros resistente y divertida, ideal para estimular el juego y el ejercicio diario. Perfecta para mantener a tu mascota activa.","og_url":"https:\/\/boutiqueanimal.co\/en\/product\/pelota-saltarina\/","og_site_name":"Boutique Animal","article_publisher":"https:\/\/www.facebook.com\/BoutiqueAnimalCo","article_modified_time":"2026-04-06T22:44:15+00:00","og_image":[{"width":720,"height":720,"url":"https:\/\/boutiqueanimal.co\/wp-content\/uploads\/2025\/11\/1_57b0dce4-e0d8-4dbb-a3bf-4645bec5b0b6_5.webp","type":"image\/webp"}],"twitter_card":"summary_large_image","twitter_misc":{"Est. reading time":"1 minute"},"schema":{"@context":"https:\/\/schema.org","@graph":[{"@type":"WebPage","@id":"https:\/\/boutiqueanimal.co\/producto\/pelota-saltarina\/","url":"https:\/\/boutiqueanimal.co\/producto\/pelota-saltarina\/","name":"Pelota Saltarina - Boutique Animal","isPartOf":{"@id":"https:\/\/boutiqueanimal.co\/#website"},"primaryImageOfPage":{"@id":"https:\/\/boutiqueanimal.co\/producto\/pelota-saltarina\/#primaryimage"},"image":{"@id":"https:\/\/boutiqueanimal.co\/producto\/pelota-saltarina\/#primaryimage"},"thumbnailUrl":"https:\/\/boutiqueanimal.co\/wp-content\/uploads\/2025\/11\/1_57b0dce4-e0d8-4dbb-a3bf-4645bec5b0b6_5.webp","datePublished":"2025-11-01T16:29:23+00:00","dateModified":"2026-04-06T22:44:15+00:00","description":"Pelota saltarina para perros resistente y divertida, ideal para estimular el juego y el ejercicio diario. Perfecta para mantener a tu mascota activa.","breadcrumb":{"@id":"https:\/\/boutiqueanimal.co\/producto\/pelota-saltarina\/#breadcrumb"},"inLanguage":"en-US","potentialAction":[{"@type":"ReadAction","target":["https:\/\/boutiqueanimal.co\/producto\/pelota-saltarina\/"]}]},{"@type":"ImageObject","inLanguage":"en-US","@id":"https:\/\/boutiqueanimal.co\/producto\/pelota-saltarina\/#primaryimage","url":"https:\/\/boutiqueanimal.co\/wp-content\/uploads\/2025\/11\/1_57b0dce4-e0d8-4dbb-a3bf-4645bec5b0b6_5.webp","contentUrl":"https:\/\/boutiqueanimal.co\/wp-content\/uploads\/2025\/11\/1_57b0dce4-e0d8-4dbb-a3bf-4645bec5b0b6_5.webp","width":720,"height":720},{"@type":"BreadcrumbList","@id":"https:\/\/boutiqueanimal.co\/producto\/pelota-saltarina\/#breadcrumb","itemListElement":[{"@type":"ListItem","position":1,"name":"Inicio","item":"https:\/\/boutiqueanimal.co\/"},{"@type":"ListItem","position":2,"name":"Tienda","item":"https:\/\/boutiqueanimal.co\/tienda\/"},{"@type":"ListItem","position":3,"name":"Pelota Saltarina"}]},{"@type":"WebSite","@id":"https:\/\/boutiqueanimal.co\/#website","url":"https:\/\/boutiqueanimal.co\/","name":"Boutique Animal","description":"Tienda online de productos para mascotas en Colombia. Env\u00edos r\u00e1pidos y gratis en compras superiores a $100.000","publisher":{"@id":"https:\/\/boutiqueanimal.co\/#organization"},"potentialAction":[{"@type":"SearchAction","target":{"@type":"EntryPoint","urlTemplate":"https:\/\/boutiqueanimal.co\/?s={search_term_string}"},"query-input":{"@type":"PropertyValueSpecification","valueRequired":true,"valueName":"search_term_string"}}],"inLanguage":"en-US"},{"@type":"Organization","@id":"https:\/\/boutiqueanimal.co\/#organization","name":"Boutique Animal","url":"https:\/\/boutiqueanimal.co\/","logo":{"@type":"ImageObject","inLanguage":"en-US","@id":"https:\/\/boutiqueanimal.co\/#\/schema\/logo\/image\/","url":"https:\/\/boutiqueanimal.co\/wp-content\/uploads\/2025\/11\/perrito-pc-1024x1024-1.png","contentUrl":"https:\/\/boutiqueanimal.co\/wp-content\/uploads\/2025\/11\/perrito-pc-1024x1024-1.png","width":1024,"height":1024,"caption":"Boutique Animal"},"image":{"@id":"https:\/\/boutiqueanimal.co\/#\/schema\/logo\/image\/"},"sameAs":["https:\/\/www.facebook.com\/BoutiqueAnimalCo"]}]}},"_links":{"self":[{"href":"https:\/\/boutiqueanimal.co\/en\/wp-json\/wp\/v2\/product\/3130","targetHints":{"allow":["GET"]}}],"collection":[{"href":"https:\/\/boutiqueanimal.co\/en\/wp-json\/wp\/v2\/product"}],"about":[{"href":"https:\/\/boutiqueanimal.co\/en\/wp-json\/wp\/v2\/types\/product"}],"wp:featuredmedia":[{"embeddable":true,"href":"https:\/\/boutiqueanimal.co\/en\/wp-json\/wp\/v2\/media\/3157"}],"wp:attachment":[{"href":"https:\/\/boutiqueanimal.co\/en\/wp-json\/wp\/v2\/media?parent=3130"}],"wp:term":[{"taxonomy":"product_brand","embeddable":true,"href":"https:\/\/boutiqueanimal.co\/en\/wp-json\/wp\/v2\/product_brand?post=3130"},{"taxonomy":"product_cat","embeddable":true,"href":"https:\/\/boutiqueanimal.co\/en\/wp-json\/wp\/v2\/product_cat?post=3130"},{"taxonomy":"product_tag","embeddable":true,"href":"https:\/\/boutiqueanimal.co\/en\/wp-json\/wp\/v2\/product_tag?post=3130"}],"curies":[{"name":"wp","href":"https:\/\/api.w.org\/{rel}","templated":true}]}}