{"id":3182,"date":"2025-11-01T16:29:33","date_gmt":"2025-11-01T16:29:33","guid":{"rendered":"https:\/\/boutiqueanimal.alojo.app\/wp\/?post_type=product&#038;p=3182"},"modified":"2026-03-30T14:48:04","modified_gmt":"2026-03-30T19:48:04","slug":"faja-quirurgica-para-gatos-y-perros","status":"publish","type":"product","link":"https:\/\/boutiqueanimal.co\/en\/product\/faja-quirurgica-para-gatos-y-perros\/","title":{"rendered":"Faja Quir\u00fargica para Gatos y Perros &#8211;"},"content":{"rendered":"<p data-start=\"153\" data-end=\"560\">\ud83e\ude7a <strong data-start=\"156\" data-end=\"228\">Faja Quir\u00fargica para Gatos y Perros &#8211; Ropa Postoperatoria de Algod\u00f3n<\/strong><br data-start=\"228\" data-end=\"231\" \/>Protege a tu mascota en su recuperaci\u00f3n con nuestra faja quir\u00fargica suave y transpirable. Hecha 100% en algod\u00f3n, ideal para despu\u00e9s de cirug\u00edas, esterilizaciones o partos. Disponible en dise\u00f1os divertidos, se ajusta c\u00f3modamente al cuerpo y evita que se lama o rasque. \u00a1Lavable en lavadora y perfecta para gatos y perros peque\u00f1os!<\/p>\n<p data-start=\"562\" data-end=\"668\">\u2705 Ropa postoperatoria<br data-start=\"583\" data-end=\"586\" \/>\u2705 Tela suave y fresca<br data-start=\"607\" data-end=\"610\" \/>\u2705 Cierre seguro y c\u00f3modo<br data-start=\"634\" data-end=\"637\" \/>\u2705 Varios tama\u00f1os y estampados<\/p>","protected":false},"excerpt":{"rendered":"<p data-start=\"153\" data-end=\"560\">\ud83e\ude7a <strong data-start=\"156\" data-end=\"228\">Faja Quir\u00fargica para Gatos y Perros &#8211; Ropa Postoperatoria de Algod\u00f3n<\/strong><br data-start=\"228\" data-end=\"231\" \/>Protege a tu mascota en su recuperaci\u00f3n con nuestra faja quir\u00fargica suave y transpirable. Hecha 100% en algod\u00f3n, ideal para despu\u00e9s de cirug\u00edas, esterilizaciones o partos. Disponible en dise\u00f1os divertidos, se ajusta c\u00f3modamente al cuerpo y evita que se lama o rasque. \u00a1Lavable en lavadora y perfecta para gatos y perros peque\u00f1os!<\/p>\n<p data-start=\"562\" data-end=\"668\">\u2705 Ropa postoperatoria<br data-start=\"583\" data-end=\"586\" \/>\u2705 Tela suave y fresca<br data-start=\"607\" data-end=\"610\" \/>\u2705 Cierre seguro y c\u00f3modo<br data-start=\"634\" data-end=\"637\" \/>\u2705 Varios tama\u00f1os y estampados<\/p>","protected":false},"featured_media":65337,"template":"","meta":{"_joinchat":[]},"product_brand":[],"product_cat":[29,28,16,19,17,18,24],"product_tag":[],"class_list":{"0":"post-3182","1":"product","2":"type-product","3":"status-publish","4":"has-post-thumbnail","6":"product_cat-accesorios-perros","7":"product_cat-accesorios","8":"product_cat-gatos","9":"product_cat-higiene-perros","10":"product_cat-higiene","11":"product_cat-perros","12":"product_cat-productos-nuevos","15":"first","16":"instock","17":"shipping-taxable","18":"purchasable","19":"product-type-variable"},"yoast_head":"<!-- This site is optimized with the Yoast SEO plugin v27.2 - https:\/\/yoast.com\/product\/yoast-seo-wordpress\/ -->\n<title>Faja Quir\u00fargica para Gatos y Perros - Boutique Animal<\/title>\n<meta name=\"description\" content=\"Faja postquir\u00fargica para perros y gatos, c\u00f3moda y segura. Protege heridas y evita que tu mascota se lama durante la recuperaci\u00f3n.\" \/>\n<meta name=\"robots\" content=\"index, follow, max-snippet:-1, max-image-preview:large, max-video-preview:-1\" \/>\n<link rel=\"canonical\" href=\"https:\/\/boutiqueanimal.co\/en\/product\/faja-quirurgica-para-gatos-y-perros\/\" \/>\n<meta property=\"og:locale\" content=\"en_US\" \/>\n<meta property=\"og:type\" content=\"article\" \/>\n<meta property=\"og:title\" content=\"Faja Quir\u00fargica para Gatos y Perros - Boutique Animal\" \/>\n<meta property=\"og:description\" content=\"Faja postquir\u00fargica para perros y gatos, c\u00f3moda y segura. Protege heridas y evita que tu mascota se lama durante la recuperaci\u00f3n.\" \/>\n<meta property=\"og:url\" content=\"https:\/\/boutiqueanimal.co\/en\/product\/faja-quirurgica-para-gatos-y-perros\/\" \/>\n<meta property=\"og:site_name\" content=\"Boutique Animal\" \/>\n<meta property=\"article:publisher\" content=\"https:\/\/www.facebook.com\/BoutiqueAnimalCo\" \/>\n<meta property=\"article:modified_time\" content=\"2026-03-30T19:48:04+00:00\" \/>\n<meta property=\"og:image\" content=\"https:\/\/boutiqueanimal.co\/wp-content\/uploads\/2026\/03\/Faja-para-perros.webp\" \/>\n\t<meta property=\"og:image:width\" content=\"500\" \/>\n\t<meta property=\"og:image:height\" content=\"500\" \/>\n\t<meta property=\"og:image:type\" content=\"image\/webp\" \/>\n<meta name=\"twitter:card\" content=\"summary_large_image\" \/>\n<meta name=\"twitter:label1\" content=\"Est. reading time\" \/>\n\t<meta name=\"twitter:data1\" content=\"1 minute\" \/>\n<script type=\"application\/ld+json\" class=\"yoast-schema-graph\">{\"@context\":\"https:\/\/schema.org\",\"@graph\":[{\"@type\":\"WebPage\",\"@id\":\"https:\/\/boutiqueanimal.co\/producto\/faja-quirurgica-para-gatos-y-perros\/\",\"url\":\"https:\/\/boutiqueanimal.co\/producto\/faja-quirurgica-para-gatos-y-perros\/\",\"name\":\"Faja Quir\u00fargica para Gatos y Perros - Boutique Animal\",\"isPartOf\":{\"@id\":\"https:\/\/boutiqueanimal.co\/#website\"},\"primaryImageOfPage\":{\"@id\":\"https:\/\/boutiqueanimal.co\/producto\/faja-quirurgica-para-gatos-y-perros\/#primaryimage\"},\"image\":{\"@id\":\"https:\/\/boutiqueanimal.co\/producto\/faja-quirurgica-para-gatos-y-perros\/#primaryimage\"},\"thumbnailUrl\":\"https:\/\/boutiqueanimal.co\/wp-content\/uploads\/2026\/03\/Faja-para-perros.webp\",\"datePublished\":\"2025-11-01T16:29:33+00:00\",\"dateModified\":\"2026-03-30T19:48:04+00:00\",\"description\":\"Faja postquir\u00fargica para perros y gatos, c\u00f3moda y segura. Protege heridas y evita que tu mascota se lama durante la recuperaci\u00f3n.\",\"breadcrumb\":{\"@id\":\"https:\/\/boutiqueanimal.co\/producto\/faja-quirurgica-para-gatos-y-perros\/#breadcrumb\"},\"inLanguage\":\"en-US\",\"potentialAction\":[{\"@type\":\"ReadAction\",\"target\":[\"https:\/\/boutiqueanimal.co\/producto\/faja-quirurgica-para-gatos-y-perros\/\"]}]},{\"@type\":\"ImageObject\",\"inLanguage\":\"en-US\",\"@id\":\"https:\/\/boutiqueanimal.co\/producto\/faja-quirurgica-para-gatos-y-perros\/#primaryimage\",\"url\":\"https:\/\/boutiqueanimal.co\/wp-content\/uploads\/2026\/03\/Faja-para-perros.webp\",\"contentUrl\":\"https:\/\/boutiqueanimal.co\/wp-content\/uploads\/2026\/03\/Faja-para-perros.webp\",\"width\":500,\"height\":500},{\"@type\":\"BreadcrumbList\",\"@id\":\"https:\/\/boutiqueanimal.co\/producto\/faja-quirurgica-para-gatos-y-perros\/#breadcrumb\",\"itemListElement\":[{\"@type\":\"ListItem\",\"position\":1,\"name\":\"Inicio\",\"item\":\"https:\/\/boutiqueanimal.co\/\"},{\"@type\":\"ListItem\",\"position\":2,\"name\":\"Tienda\",\"item\":\"https:\/\/boutiqueanimal.co\/tienda\/\"},{\"@type\":\"ListItem\",\"position\":3,\"name\":\"Faja Quir\u00fargica para Gatos y Perros &#8211;\"}]},{\"@type\":\"WebSite\",\"@id\":\"https:\/\/boutiqueanimal.co\/#website\",\"url\":\"https:\/\/boutiqueanimal.co\/\",\"name\":\"Boutique Animal\",\"description\":\"Tienda online de productos para mascotas en Colombia. Env\u00edos r\u00e1pidos y gratis en compras superiores a $100.000\",\"publisher\":{\"@id\":\"https:\/\/boutiqueanimal.co\/#organization\"},\"potentialAction\":[{\"@type\":\"SearchAction\",\"target\":{\"@type\":\"EntryPoint\",\"urlTemplate\":\"https:\/\/boutiqueanimal.co\/?s={search_term_string}\"},\"query-input\":{\"@type\":\"PropertyValueSpecification\",\"valueRequired\":true,\"valueName\":\"search_term_string\"}}],\"inLanguage\":\"en-US\"},{\"@type\":\"Organization\",\"@id\":\"https:\/\/boutiqueanimal.co\/#organization\",\"name\":\"Boutique Animal\",\"url\":\"https:\/\/boutiqueanimal.co\/\",\"logo\":{\"@type\":\"ImageObject\",\"inLanguage\":\"en-US\",\"@id\":\"https:\/\/boutiqueanimal.co\/#\/schema\/logo\/image\/\",\"url\":\"https:\/\/boutiqueanimal.co\/wp-content\/uploads\/2025\/11\/perrito-pc-1024x1024-1.png\",\"contentUrl\":\"https:\/\/boutiqueanimal.co\/wp-content\/uploads\/2025\/11\/perrito-pc-1024x1024-1.png\",\"width\":1024,\"height\":1024,\"caption\":\"Boutique Animal\"},\"image\":{\"@id\":\"https:\/\/boutiqueanimal.co\/#\/schema\/logo\/image\/\"},\"sameAs\":[\"https:\/\/www.facebook.com\/BoutiqueAnimalCo\"]}]}<\/script>\n<!-- \/ Yoast SEO plugin. -->","yoast_head_json":{"title":"Faja Quir\u00fargica para Gatos y Perros - Boutique Animal","description":"Faja postquir\u00fargica para perros y gatos, c\u00f3moda y segura. Protege heridas y evita que tu mascota se lama durante la recuperaci\u00f3n.","robots":{"index":"index","follow":"follow","max-snippet":"max-snippet:-1","max-image-preview":"max-image-preview:large","max-video-preview":"max-video-preview:-1"},"canonical":"https:\/\/boutiqueanimal.co\/en\/product\/faja-quirurgica-para-gatos-y-perros\/","og_locale":"en_US","og_type":"article","og_title":"Faja Quir\u00fargica para Gatos y Perros - Boutique Animal","og_description":"Faja postquir\u00fargica para perros y gatos, c\u00f3moda y segura. Protege heridas y evita que tu mascota se lama durante la recuperaci\u00f3n.","og_url":"https:\/\/boutiqueanimal.co\/en\/product\/faja-quirurgica-para-gatos-y-perros\/","og_site_name":"Boutique Animal","article_publisher":"https:\/\/www.facebook.com\/BoutiqueAnimalCo","article_modified_time":"2026-03-30T19:48:04+00:00","og_image":[{"width":500,"height":500,"url":"https:\/\/boutiqueanimal.co\/wp-content\/uploads\/2026\/03\/Faja-para-perros.webp","type":"image\/webp"}],"twitter_card":"summary_large_image","twitter_misc":{"Est. reading time":"1 minute"},"schema":{"@context":"https:\/\/schema.org","@graph":[{"@type":"WebPage","@id":"https:\/\/boutiqueanimal.co\/producto\/faja-quirurgica-para-gatos-y-perros\/","url":"https:\/\/boutiqueanimal.co\/producto\/faja-quirurgica-para-gatos-y-perros\/","name":"Faja Quir\u00fargica para Gatos y Perros - Boutique Animal","isPartOf":{"@id":"https:\/\/boutiqueanimal.co\/#website"},"primaryImageOfPage":{"@id":"https:\/\/boutiqueanimal.co\/producto\/faja-quirurgica-para-gatos-y-perros\/#primaryimage"},"image":{"@id":"https:\/\/boutiqueanimal.co\/producto\/faja-quirurgica-para-gatos-y-perros\/#primaryimage"},"thumbnailUrl":"https:\/\/boutiqueanimal.co\/wp-content\/uploads\/2026\/03\/Faja-para-perros.webp","datePublished":"2025-11-01T16:29:33+00:00","dateModified":"2026-03-30T19:48:04+00:00","description":"Faja postquir\u00fargica para perros y gatos, c\u00f3moda y segura. Protege heridas y evita que tu mascota se lama durante la recuperaci\u00f3n.","breadcrumb":{"@id":"https:\/\/boutiqueanimal.co\/producto\/faja-quirurgica-para-gatos-y-perros\/#breadcrumb"},"inLanguage":"en-US","potentialAction":[{"@type":"ReadAction","target":["https:\/\/boutiqueanimal.co\/producto\/faja-quirurgica-para-gatos-y-perros\/"]}]},{"@type":"ImageObject","inLanguage":"en-US","@id":"https:\/\/boutiqueanimal.co\/producto\/faja-quirurgica-para-gatos-y-perros\/#primaryimage","url":"https:\/\/boutiqueanimal.co\/wp-content\/uploads\/2026\/03\/Faja-para-perros.webp","contentUrl":"https:\/\/boutiqueanimal.co\/wp-content\/uploads\/2026\/03\/Faja-para-perros.webp","width":500,"height":500},{"@type":"BreadcrumbList","@id":"https:\/\/boutiqueanimal.co\/producto\/faja-quirurgica-para-gatos-y-perros\/#breadcrumb","itemListElement":[{"@type":"ListItem","position":1,"name":"Inicio","item":"https:\/\/boutiqueanimal.co\/"},{"@type":"ListItem","position":2,"name":"Tienda","item":"https:\/\/boutiqueanimal.co\/tienda\/"},{"@type":"ListItem","position":3,"name":"Faja Quir\u00fargica para Gatos y Perros &#8211;"}]},{"@type":"WebSite","@id":"https:\/\/boutiqueanimal.co\/#website","url":"https:\/\/boutiqueanimal.co\/","name":"Boutique Animal","description":"Tienda online de productos para mascotas en Colombia. Env\u00edos r\u00e1pidos y gratis en compras superiores a $100.000","publisher":{"@id":"https:\/\/boutiqueanimal.co\/#organization"},"potentialAction":[{"@type":"SearchAction","target":{"@type":"EntryPoint","urlTemplate":"https:\/\/boutiqueanimal.co\/?s={search_term_string}"},"query-input":{"@type":"PropertyValueSpecification","valueRequired":true,"valueName":"search_term_string"}}],"inLanguage":"en-US"},{"@type":"Organization","@id":"https:\/\/boutiqueanimal.co\/#organization","name":"Boutique Animal","url":"https:\/\/boutiqueanimal.co\/","logo":{"@type":"ImageObject","inLanguage":"en-US","@id":"https:\/\/boutiqueanimal.co\/#\/schema\/logo\/image\/","url":"https:\/\/boutiqueanimal.co\/wp-content\/uploads\/2025\/11\/perrito-pc-1024x1024-1.png","contentUrl":"https:\/\/boutiqueanimal.co\/wp-content\/uploads\/2025\/11\/perrito-pc-1024x1024-1.png","width":1024,"height":1024,"caption":"Boutique Animal"},"image":{"@id":"https:\/\/boutiqueanimal.co\/#\/schema\/logo\/image\/"},"sameAs":["https:\/\/www.facebook.com\/BoutiqueAnimalCo"]}]}},"_links":{"self":[{"href":"https:\/\/boutiqueanimal.co\/en\/wp-json\/wp\/v2\/product\/3182","targetHints":{"allow":["GET"]}}],"collection":[{"href":"https:\/\/boutiqueanimal.co\/en\/wp-json\/wp\/v2\/product"}],"about":[{"href":"https:\/\/boutiqueanimal.co\/en\/wp-json\/wp\/v2\/types\/product"}],"wp:featuredmedia":[{"embeddable":true,"href":"https:\/\/boutiqueanimal.co\/en\/wp-json\/wp\/v2\/media\/65337"}],"wp:attachment":[{"href":"https:\/\/boutiqueanimal.co\/en\/wp-json\/wp\/v2\/media?parent=3182"}],"wp:term":[{"taxonomy":"product_brand","embeddable":true,"href":"https:\/\/boutiqueanimal.co\/en\/wp-json\/wp\/v2\/product_brand?post=3182"},{"taxonomy":"product_cat","embeddable":true,"href":"https:\/\/boutiqueanimal.co\/en\/wp-json\/wp\/v2\/product_cat?post=3182"},{"taxonomy":"product_tag","embeddable":true,"href":"https:\/\/boutiqueanimal.co\/en\/wp-json\/wp\/v2\/product_tag?post=3182"}],"curies":[{"name":"wp","href":"https:\/\/api.w.org\/{rel}","templated":true}]}}