{"id":3273,"date":"2025-11-01T16:29:56","date_gmt":"2025-11-01T16:29:56","guid":{"rendered":"https:\/\/boutiqueanimal.alojo.app\/wp\/?post_type=product&#038;p=3273"},"modified":"2026-05-06T10:31:22","modified_gmt":"2026-05-06T15:31:22","slug":"comedero-miraa","status":"publish","type":"product","link":"https:\/\/boutiqueanimal.co\/en\/product\/comedero-miraa\/","title":{"rendered":"Comedero Miraa"},"content":{"rendered":"<p data-start=\"200\" data-end=\"259\"><strong data-start=\"200\" data-end=\"257\">\ud83c\udf7d\ufe0f Comedero Mira\u2013 Ergon\u00f3mico, Elevado y Antiv\u00f3mito<\/strong><\/p>\n<p data-start=\"261\" data-end=\"547\">\u00a1Convierte la hora de la comida en una experiencia c\u00f3moda y saludable para tu mascota! \ud83d\udc3e El <strong data-start=\"354\" data-end=\"372\">comedero Mira <\/strong>est\u00e1 dise\u00f1ado con una inclinaci\u00f3n de <strong data-start=\"410\" data-end=\"417\">15\u00b0<\/strong>, ideal para proteger el cuello y la postura de tu gato o perro peque\u00f1o, reduciendo el riesgo de v\u00f3mitos y problemas digestivos.<\/p>\n<p data-start=\"549\" data-end=\"579\">\ud83d\udccf <strong data-start=\"552\" data-end=\"577\">Medidas del comedero:<\/strong><\/p>\n<ul data-start=\"580\" data-end=\"657\">\n<li data-start=\"580\" data-end=\"597\">\n<p data-start=\"582\" data-end=\"597\">Alto: 11.5 cm<\/p>\n<\/li>\n<li data-start=\"598\" data-end=\"619\">\n<p data-start=\"600\" data-end=\"619\">Di\u00e1metro: 13.5 cm<\/p>\n<\/li>\n<li data-start=\"620\" data-end=\"636\">\n<p data-start=\"622\" data-end=\"636\">Base: 11.5 cm<\/p>\n<\/li>\n<li data-start=\"637\" data-end=\"657\">\n<p data-start=\"639\" data-end=\"657\">Inclinaci\u00f3n: 15\u00b0<\/p>\n<\/li>\n<\/ul>\n<p data-start=\"659\" data-end=\"695\">\u2728 <strong data-start=\"661\" data-end=\"693\">Caracter\u00edsticas principales:<\/strong><\/p>\n<ul data-start=\"696\" data-end=\"963\">\n<li data-start=\"696\" data-end=\"752\">\n<p data-start=\"698\" data-end=\"752\">\u2714\ufe0f Dise\u00f1o elevado y ergon\u00f3mico para mayor comodidad.<\/p>\n<\/li>\n<li data-start=\"753\" data-end=\"809\">\n<p data-start=\"755\" data-end=\"809\">\u2714\ufe0f Inclinaci\u00f3n antiv\u00f3mito que favorece la digesti\u00f3n.<\/p>\n<\/li>\n<li data-start=\"810\" data-end=\"865\">\n<p data-start=\"812\" data-end=\"865\">\u2714\ufe0f Forma de orejitas y colores pastel que enamoran.<\/p>\n<\/li>\n<li data-start=\"866\" data-end=\"912\">\n<p data-start=\"868\" data-end=\"912\">\u2714\ufe0f Material resistente y f\u00e1cil de limpiar.<\/p>\n<\/li>\n<li data-start=\"913\" data-end=\"963\">\n<p data-start=\"915\" data-end=\"963\">\u2714\ufe0f Ideal para croquetas, comida h\u00fameda o agua.<\/p>\n<\/li>\n<\/ul>\n<p data-start=\"965\" data-end=\"985\">\ud83d\udc3e <strong data-start=\"968\" data-end=\"983\">Beneficios:<\/strong><\/p>\n<ul data-start=\"986\" data-end=\"1231\">\n<li data-start=\"986\" data-end=\"1050\">\n<p data-start=\"988\" data-end=\"1050\">Cuida la salud de tu mascota al mejorar su postura al comer.<\/p>\n<\/li>\n<li data-start=\"1051\" data-end=\"1099\">\n<p data-start=\"1053\" data-end=\"1099\">Reduce la fatiga en cuello y articulaciones.<\/p>\n<\/li>\n<li data-start=\"1100\" data-end=\"1165\">\n<p data-start=\"1102\" data-end=\"1165\">Evita derrames y mantiene el \u00e1rea de alimentaci\u00f3n m\u00e1s limpia.<\/p>\n<\/li>\n<li data-start=\"1166\" data-end=\"1231\">\n<p data-start=\"1168\" data-end=\"1231\">Dise\u00f1o moderno que combina con cualquier espacio de tu hogar.<\/p>\n<\/li>\n<\/ul>\n<p data-start=\"1233\" data-end=\"1297\">\ud83d\uded2 <strong data-start=\"1236\" data-end=\"1295\">C\u00f3modo, higi\u00e9nico y adorable. \u00a1Tu mascota lo va a amar!<\/strong><\/p>","protected":false},"excerpt":{"rendered":"<p>Plato elevado con inclinaci\u00f3n de <strong data-start=\"336\" data-end=\"343\">15\u00b0<\/strong>, ideal para gatos y perros peque\u00f1os.<br data-start=\"380\" data-end=\"383\" \/>\ud83d\udccf <strong data-start=\"386\" data-end=\"398\">Medidas:<\/strong> 11.5 cm x 11.5 cm x 13.5 cm.<br data-start=\"445\" data-end=\"448\" \/>\u2714\ufe0f Dise\u00f1o que protege cuello y favorece la digesti\u00f3n.<br data-start=\"501\" data-end=\"504\" \/>\u2714\ufe0f Material resistente y f\u00e1cil de limpiar.<br data-start=\"546\" data-end=\"549\" \/>\u2714\ufe0f Forma de orejitas, colores pastel.<br data-start=\"586\" data-end=\"589\" \/>\u2714\ufe0f Apto para croquetas, comida h\u00fameda o agua.<\/p>","protected":false},"featured_media":213,"template":"","meta":{"_joinchat":[]},"product_brand":[],"product_cat":[32,33,16,18,24],"product_tag":[],"class_list":{"0":"post-3273","1":"product","2":"type-product","3":"status-publish","4":"has-post-thumbnail","6":"product_cat-alimentacion-gatos","7":"product_cat-alimentacion-perros","8":"product_cat-gatos","9":"product_cat-perros","10":"product_cat-productos-nuevos","11":"product_shipping_class-envio-gratis","14":"first","15":"outofstock","16":"shipping-taxable","17":"purchasable","18":"product-type-variable"},"yoast_head":"<!-- This site is optimized with the Yoast SEO plugin v27.2 - https:\/\/yoast.com\/product\/yoast-seo-wordpress\/ -->\n<title>Comedero Miraa - Boutique Animal<\/title>\n<meta name=\"robots\" content=\"index, follow, max-snippet:-1, max-image-preview:large, max-video-preview:-1\" \/>\n<link rel=\"canonical\" href=\"https:\/\/boutiqueanimal.co\/en\/product\/comedero-miraa\/\" \/>\n<meta property=\"og:locale\" content=\"en_US\" \/>\n<meta property=\"og:type\" content=\"article\" \/>\n<meta property=\"og:title\" content=\"Comedero Miraa - Boutique Animal\" \/>\n<meta property=\"og:description\" content=\"Plato elevado con inclinaci\u00f3n de 15\u00b0, ideal para gatos y perros peque\u00f1os.\ud83d\udccf Medidas: 11.5 cm x 11.5 cm x 13.5 cm.\u2714\ufe0f Dise\u00f1o que protege cuello y favorece la digesti\u00f3n.\u2714\ufe0f Material resistente y f\u00e1cil de limpiar.\u2714\ufe0f Forma de orejitas, colores pastel.\u2714\ufe0f Apto para croquetas, comida h\u00fameda o agua.\" \/>\n<meta property=\"og:url\" content=\"https:\/\/boutiqueanimal.co\/en\/product\/comedero-miraa\/\" \/>\n<meta property=\"og:site_name\" content=\"Boutique Animal\" \/>\n<meta property=\"article:publisher\" content=\"https:\/\/www.facebook.com\/BoutiqueAnimalCo\" \/>\n<meta property=\"article:modified_time\" content=\"2026-05-06T15:31:22+00:00\" \/>\n<meta property=\"og:image\" content=\"https:\/\/boutiqueanimal.co\/wp-content\/uploads\/2025\/11\/WhatsApp-Image-2025-07-30-at-1.56.00-PM.jpeg\" \/>\n\t<meta property=\"og:image:width\" content=\"1080\" \/>\n\t<meta property=\"og:image:height\" content=\"1080\" \/>\n\t<meta property=\"og:image:type\" content=\"image\/jpeg\" \/>\n<meta name=\"twitter:card\" content=\"summary_large_image\" \/>\n<meta name=\"twitter:label1\" content=\"Est. reading time\" \/>\n\t<meta name=\"twitter:data1\" content=\"1 minute\" \/>\n<script type=\"application\/ld+json\" class=\"yoast-schema-graph\">{\"@context\":\"https:\/\/schema.org\",\"@graph\":[{\"@type\":\"WebPage\",\"@id\":\"https:\/\/boutiqueanimal.co\/producto\/comedero-miraa\/\",\"url\":\"https:\/\/boutiqueanimal.co\/producto\/comedero-miraa\/\",\"name\":\"Comedero Miraa - Boutique Animal\",\"isPartOf\":{\"@id\":\"https:\/\/boutiqueanimal.co\/#website\"},\"primaryImageOfPage\":{\"@id\":\"https:\/\/boutiqueanimal.co\/producto\/comedero-miraa\/#primaryimage\"},\"image\":{\"@id\":\"https:\/\/boutiqueanimal.co\/producto\/comedero-miraa\/#primaryimage\"},\"thumbnailUrl\":\"https:\/\/boutiqueanimal.co\/wp-content\/uploads\/2025\/11\/WhatsApp-Image-2025-07-30-at-1.56.00-PM.jpeg\",\"datePublished\":\"2025-11-01T16:29:56+00:00\",\"dateModified\":\"2026-05-06T15:31:22+00:00\",\"breadcrumb\":{\"@id\":\"https:\/\/boutiqueanimal.co\/producto\/comedero-miraa\/#breadcrumb\"},\"inLanguage\":\"en-US\",\"potentialAction\":[{\"@type\":\"ReadAction\",\"target\":[\"https:\/\/boutiqueanimal.co\/producto\/comedero-miraa\/\"]}]},{\"@type\":\"ImageObject\",\"inLanguage\":\"en-US\",\"@id\":\"https:\/\/boutiqueanimal.co\/producto\/comedero-miraa\/#primaryimage\",\"url\":\"https:\/\/boutiqueanimal.co\/wp-content\/uploads\/2025\/11\/WhatsApp-Image-2025-07-30-at-1.56.00-PM.jpeg\",\"contentUrl\":\"https:\/\/boutiqueanimal.co\/wp-content\/uploads\/2025\/11\/WhatsApp-Image-2025-07-30-at-1.56.00-PM.jpeg\",\"width\":1080,\"height\":1080},{\"@type\":\"BreadcrumbList\",\"@id\":\"https:\/\/boutiqueanimal.co\/producto\/comedero-miraa\/#breadcrumb\",\"itemListElement\":[{\"@type\":\"ListItem\",\"position\":1,\"name\":\"Inicio\",\"item\":\"https:\/\/boutiqueanimal.co\/\"},{\"@type\":\"ListItem\",\"position\":2,\"name\":\"Tienda\",\"item\":\"https:\/\/boutiqueanimal.co\/tienda\/\"},{\"@type\":\"ListItem\",\"position\":3,\"name\":\"Comedero Miraa\"}]},{\"@type\":\"WebSite\",\"@id\":\"https:\/\/boutiqueanimal.co\/#website\",\"url\":\"https:\/\/boutiqueanimal.co\/\",\"name\":\"Boutique Animal\",\"description\":\"Tienda online de productos para mascotas en Colombia. Env\u00edos r\u00e1pidos y gratis en compras superiores a $100.000\",\"publisher\":{\"@id\":\"https:\/\/boutiqueanimal.co\/#organization\"},\"potentialAction\":[{\"@type\":\"SearchAction\",\"target\":{\"@type\":\"EntryPoint\",\"urlTemplate\":\"https:\/\/boutiqueanimal.co\/?s={search_term_string}\"},\"query-input\":{\"@type\":\"PropertyValueSpecification\",\"valueRequired\":true,\"valueName\":\"search_term_string\"}}],\"inLanguage\":\"en-US\"},{\"@type\":\"Organization\",\"@id\":\"https:\/\/boutiqueanimal.co\/#organization\",\"name\":\"Boutique Animal\",\"url\":\"https:\/\/boutiqueanimal.co\/\",\"logo\":{\"@type\":\"ImageObject\",\"inLanguage\":\"en-US\",\"@id\":\"https:\/\/boutiqueanimal.co\/#\/schema\/logo\/image\/\",\"url\":\"https:\/\/boutiqueanimal.co\/wp-content\/uploads\/2025\/11\/perrito-pc-1024x1024-1.png\",\"contentUrl\":\"https:\/\/boutiqueanimal.co\/wp-content\/uploads\/2025\/11\/perrito-pc-1024x1024-1.png\",\"width\":1024,\"height\":1024,\"caption\":\"Boutique Animal\"},\"image\":{\"@id\":\"https:\/\/boutiqueanimal.co\/#\/schema\/logo\/image\/\"},\"sameAs\":[\"https:\/\/www.facebook.com\/BoutiqueAnimalCo\"]}]}<\/script>\n<!-- \/ Yoast SEO plugin. -->","yoast_head_json":{"title":"Comedero Miraa - Boutique Animal","robots":{"index":"index","follow":"follow","max-snippet":"max-snippet:-1","max-image-preview":"max-image-preview:large","max-video-preview":"max-video-preview:-1"},"canonical":"https:\/\/boutiqueanimal.co\/en\/product\/comedero-miraa\/","og_locale":"en_US","og_type":"article","og_title":"Comedero Miraa - Boutique Animal","og_description":"Plato elevado con inclinaci\u00f3n de 15\u00b0, ideal para gatos y perros peque\u00f1os.\ud83d\udccf Medidas: 11.5 cm x 11.5 cm x 13.5 cm.\u2714\ufe0f Dise\u00f1o que protege cuello y favorece la digesti\u00f3n.\u2714\ufe0f Material resistente y f\u00e1cil de limpiar.\u2714\ufe0f Forma de orejitas, colores pastel.\u2714\ufe0f Apto para croquetas, comida h\u00fameda o agua.","og_url":"https:\/\/boutiqueanimal.co\/en\/product\/comedero-miraa\/","og_site_name":"Boutique Animal","article_publisher":"https:\/\/www.facebook.com\/BoutiqueAnimalCo","article_modified_time":"2026-05-06T15:31:22+00:00","og_image":[{"width":1080,"height":1080,"url":"https:\/\/boutiqueanimal.co\/wp-content\/uploads\/2025\/11\/WhatsApp-Image-2025-07-30-at-1.56.00-PM.jpeg","type":"image\/jpeg"}],"twitter_card":"summary_large_image","twitter_misc":{"Est. reading time":"1 minute"},"schema":{"@context":"https:\/\/schema.org","@graph":[{"@type":"WebPage","@id":"https:\/\/boutiqueanimal.co\/producto\/comedero-miraa\/","url":"https:\/\/boutiqueanimal.co\/producto\/comedero-miraa\/","name":"Comedero Miraa - Boutique Animal","isPartOf":{"@id":"https:\/\/boutiqueanimal.co\/#website"},"primaryImageOfPage":{"@id":"https:\/\/boutiqueanimal.co\/producto\/comedero-miraa\/#primaryimage"},"image":{"@id":"https:\/\/boutiqueanimal.co\/producto\/comedero-miraa\/#primaryimage"},"thumbnailUrl":"https:\/\/boutiqueanimal.co\/wp-content\/uploads\/2025\/11\/WhatsApp-Image-2025-07-30-at-1.56.00-PM.jpeg","datePublished":"2025-11-01T16:29:56+00:00","dateModified":"2026-05-06T15:31:22+00:00","breadcrumb":{"@id":"https:\/\/boutiqueanimal.co\/producto\/comedero-miraa\/#breadcrumb"},"inLanguage":"en-US","potentialAction":[{"@type":"ReadAction","target":["https:\/\/boutiqueanimal.co\/producto\/comedero-miraa\/"]}]},{"@type":"ImageObject","inLanguage":"en-US","@id":"https:\/\/boutiqueanimal.co\/producto\/comedero-miraa\/#primaryimage","url":"https:\/\/boutiqueanimal.co\/wp-content\/uploads\/2025\/11\/WhatsApp-Image-2025-07-30-at-1.56.00-PM.jpeg","contentUrl":"https:\/\/boutiqueanimal.co\/wp-content\/uploads\/2025\/11\/WhatsApp-Image-2025-07-30-at-1.56.00-PM.jpeg","width":1080,"height":1080},{"@type":"BreadcrumbList","@id":"https:\/\/boutiqueanimal.co\/producto\/comedero-miraa\/#breadcrumb","itemListElement":[{"@type":"ListItem","position":1,"name":"Inicio","item":"https:\/\/boutiqueanimal.co\/"},{"@type":"ListItem","position":2,"name":"Tienda","item":"https:\/\/boutiqueanimal.co\/tienda\/"},{"@type":"ListItem","position":3,"name":"Comedero Miraa"}]},{"@type":"WebSite","@id":"https:\/\/boutiqueanimal.co\/#website","url":"https:\/\/boutiqueanimal.co\/","name":"Boutique Animal","description":"Tienda online de productos para mascotas en Colombia. Env\u00edos r\u00e1pidos y gratis en compras superiores a $100.000","publisher":{"@id":"https:\/\/boutiqueanimal.co\/#organization"},"potentialAction":[{"@type":"SearchAction","target":{"@type":"EntryPoint","urlTemplate":"https:\/\/boutiqueanimal.co\/?s={search_term_string}"},"query-input":{"@type":"PropertyValueSpecification","valueRequired":true,"valueName":"search_term_string"}}],"inLanguage":"en-US"},{"@type":"Organization","@id":"https:\/\/boutiqueanimal.co\/#organization","name":"Boutique Animal","url":"https:\/\/boutiqueanimal.co\/","logo":{"@type":"ImageObject","inLanguage":"en-US","@id":"https:\/\/boutiqueanimal.co\/#\/schema\/logo\/image\/","url":"https:\/\/boutiqueanimal.co\/wp-content\/uploads\/2025\/11\/perrito-pc-1024x1024-1.png","contentUrl":"https:\/\/boutiqueanimal.co\/wp-content\/uploads\/2025\/11\/perrito-pc-1024x1024-1.png","width":1024,"height":1024,"caption":"Boutique Animal"},"image":{"@id":"https:\/\/boutiqueanimal.co\/#\/schema\/logo\/image\/"},"sameAs":["https:\/\/www.facebook.com\/BoutiqueAnimalCo"]}]}},"_links":{"self":[{"href":"https:\/\/boutiqueanimal.co\/en\/wp-json\/wp\/v2\/product\/3273","targetHints":{"allow":["GET"]}}],"collection":[{"href":"https:\/\/boutiqueanimal.co\/en\/wp-json\/wp\/v2\/product"}],"about":[{"href":"https:\/\/boutiqueanimal.co\/en\/wp-json\/wp\/v2\/types\/product"}],"wp:featuredmedia":[{"embeddable":true,"href":"https:\/\/boutiqueanimal.co\/en\/wp-json\/wp\/v2\/media\/213"}],"wp:attachment":[{"href":"https:\/\/boutiqueanimal.co\/en\/wp-json\/wp\/v2\/media?parent=3273"}],"wp:term":[{"taxonomy":"product_brand","embeddable":true,"href":"https:\/\/boutiqueanimal.co\/en\/wp-json\/wp\/v2\/product_brand?post=3273"},{"taxonomy":"product_cat","embeddable":true,"href":"https:\/\/boutiqueanimal.co\/en\/wp-json\/wp\/v2\/product_cat?post=3273"},{"taxonomy":"product_tag","embeddable":true,"href":"https:\/\/boutiqueanimal.co\/en\/wp-json\/wp\/v2\/product_tag?post=3273"}],"curies":[{"name":"wp","href":"https:\/\/api.w.org\/{rel}","templated":true}]}}