{"id":3392,"date":"2025-11-01T16:30:39","date_gmt":"2025-11-01T16:30:39","guid":{"rendered":"https:\/\/boutiqueanimal.alojo.app\/wp\/?post_type=product&#038;p=3392"},"modified":"2026-04-24T16:34:39","modified_gmt":"2026-04-24T21:34:39","slug":"smoking-para-mascotas","status":"publish","type":"product","link":"https:\/\/boutiqueanimal.co\/en\/product\/smoking-para-mascotas\/","title":{"rendered":"Smoking para Mascotas"},"content":{"rendered":"<h3 data-start=\"151\" data-end=\"198\">\ud83d\udc3e Smoking para Mascotas \u2013 Azul y negro \ud83c\udfa9\u2728<\/h3>\n<p data-start=\"200\" data-end=\"422\">Haz que tu peludo luzca elegante en cada ocasi\u00f3n con nuestro <strong data-start=\"261\" data-end=\"284\">Smoking para Peludos<\/strong>. Con dise\u00f1o cl\u00e1sico en colores <strong data-start=\"316\" data-end=\"332\">azul y negro<\/strong>, incluye camisa blanca con mo\u00f1o y chaleco de rayas para un look sofisticado y adorable.<\/p>\n<p data-start=\"424\" data-end=\"518\">\ud83d\udc49 Disponible desde la talla <strong data-start=\"453\" data-end=\"467\">S hasta XL<\/strong>, ideal para perros peque\u00f1os y medianos.<\/p>\n<h3 data-start=\"520\" data-end=\"556\">\u2728 <strong data-start=\"522\" data-end=\"554\">Caracter\u00edsticas principales:<\/strong><\/h3>\n<ul data-start=\"557\" data-end=\"758\">\n<li data-start=\"557\" data-end=\"595\">\n<p data-start=\"559\" data-end=\"595\">Dise\u00f1o formal con mo\u00f1o incluido \ud83c\udf80<\/p>\n<\/li>\n<li data-start=\"596\" data-end=\"646\">\n<p data-start=\"598\" data-end=\"646\">Material c\u00f3modo y transpirable para tu mascota<\/p>\n<\/li>\n<li data-start=\"647\" data-end=\"707\">\n<p data-start=\"649\" data-end=\"707\">Ideal para bodas, fiestas, fotos y eventos especiales \ud83d\udcf8<\/p>\n<\/li>\n<li data-start=\"708\" data-end=\"758\">\n<p data-start=\"710\" data-end=\"758\">Disponible en 4 tallas para un ajuste<\/p>\n<\/li>\n<\/ul>\n<h2 data-start=\"0\" data-end=\"142\">\ud83d\udccf C\u00f3mo medir a tu mascota<\/h2>\n<ol data-start=\"180\" data-end=\"429\">\n<li data-start=\"180\" data-end=\"270\">\n<p data-start=\"183\" data-end=\"270\"><strong data-start=\"183\" data-end=\"193\">Pecho:<\/strong> mide el pecho en su punto m\u00e1s ancho, justo detr\u00e1s de las patas delanteras.<\/p>\n<\/li>\n<li data-start=\"271\" data-end=\"374\">\n<p data-start=\"274\" data-end=\"374\"><strong data-start=\"274\" data-end=\"295\">Largo de espalda:<\/strong> mide desde la base del cuello hasta la base de la cola (excluyendo la cola).<\/p>\n<\/li>\n<li data-start=\"375\" data-end=\"429\">\n<p data-start=\"378\" data-end=\"429\"><strong data-start=\"378\" data-end=\"389\">Cuello:<\/strong> mide el contorno completo del cuello<\/p>\n<\/li>\n<\/ol>\n<p>&nbsp;<\/p>\n<h3 data-start=\"90\" data-end=\"114\">\ud83d\udcd0 Tabla de Tallas<\/h3>\n<div class=\"_tableContainer_1rjym_1\">\n<div class=\"group _tableWrapper_1rjym_13 flex w-fit flex-col-reverse\" tabindex=\"-1\">\n<table class=\"w-fit min-w-(--thread-content-width)\" data-start=\"116\" data-end=\"456\">\n<thead data-start=\"116\" data-end=\"159\">\n<tr data-start=\"116\" data-end=\"159\">\n<th data-start=\"116\" data-end=\"124\" data-col-size=\"sm\">Talla<\/th>\n<th data-start=\"124\" data-end=\"143\" data-col-size=\"sm\">Largo de Espalda<\/th>\n<th data-start=\"143\" data-end=\"151\" data-col-size=\"sm\">Pecho<\/th>\n<th data-start=\"151\" data-end=\"159\" data-col-size=\"sm\">Peso<\/th>\n<\/tr>\n<\/thead>\n<tbody data-start=\"204\" data-end=\"456\">\n<tr data-start=\"204\" data-end=\"245\">\n<td data-start=\"204\" data-end=\"213\" data-col-size=\"sm\"><strong data-start=\"206\" data-end=\"212\">XS<\/strong><\/td>\n<td data-start=\"213\" data-end=\"221\" data-col-size=\"sm\">20 cm<\/td>\n<td data-start=\"221\" data-end=\"229\" data-col-size=\"sm\">32 cm<\/td>\n<td data-start=\"229\" data-end=\"245\" data-col-size=\"sm\">0.6 \u2013 1.2 kg<\/td>\n<\/tr>\n<tr data-start=\"246\" data-end=\"287\">\n<td data-start=\"246\" data-end=\"255\" data-col-size=\"sm\"><strong data-start=\"248\" data-end=\"253\">S<\/strong><\/td>\n<td data-start=\"255\" data-end=\"263\" data-col-size=\"sm\">25 cm<\/td>\n<td data-start=\"263\" data-end=\"271\" data-col-size=\"sm\">38 cm<\/td>\n<td data-start=\"271\" data-end=\"287\" data-col-size=\"sm\">1.2 \u2013 2.5 kg<\/td>\n<\/tr>\n<tr data-start=\"288\" data-end=\"329\">\n<td data-start=\"288\" data-end=\"297\" data-col-size=\"sm\"><strong data-start=\"290\" data-end=\"295\">M<\/strong><\/td>\n<td data-start=\"297\" data-end=\"305\" data-col-size=\"sm\">30 cm<\/td>\n<td data-start=\"305\" data-end=\"313\" data-col-size=\"sm\">44 cm<\/td>\n<td data-start=\"313\" data-end=\"329\" data-col-size=\"sm\">2.5 \u2013 4.5 kg<\/td>\n<\/tr>\n<tr data-start=\"330\" data-end=\"371\">\n<td data-start=\"330\" data-end=\"339\" data-col-size=\"sm\"><strong data-start=\"332\" data-end=\"337\">L<\/strong><\/td>\n<td data-start=\"339\" data-end=\"347\" data-col-size=\"sm\">35 cm<\/td>\n<td data-start=\"347\" data-end=\"355\" data-col-size=\"sm\">50 cm<\/td>\n<td data-start=\"355\" data-end=\"371\" data-col-size=\"sm\">4.0 \u2013 6.5 kg<\/td>\n<\/tr>\n<tr data-start=\"372\" data-end=\"413\">\n<td data-start=\"372\" data-end=\"381\" data-col-size=\"sm\"><strong data-start=\"374\" data-end=\"380\">XL<\/strong><\/td>\n<td data-start=\"381\" data-end=\"389\" data-col-size=\"sm\">40 cm<\/td>\n<td data-start=\"389\" data-end=\"397\" data-col-size=\"sm\">56 cm<\/td>\n<td data-start=\"397\" data-end=\"413\" data-col-size=\"sm\">6.0 \u2013 9.0 kg<\/td>\n<\/tr>\n<tr data-start=\"414\" data-end=\"456\">\n<td data-start=\"414\" data-end=\"423\" data-col-size=\"sm\"><strong data-start=\"416\" data-end=\"423\">XXL<\/strong><\/td>\n<td data-start=\"423\" data-end=\"431\" data-col-size=\"sm\">45 cm<\/td>\n<td data-start=\"431\" data-end=\"439\" data-col-size=\"sm\">62 cm<\/td>\n<td data-start=\"439\" data-end=\"456\" data-col-size=\"sm\">8.5 \u2013 11.0 kg<\/td>\n<\/tr>\n<\/tbody>\n<\/table>\n<\/div>\n<\/div>","protected":false},"excerpt":{"rendered":"<h3 data-start=\"151\" data-end=\"198\">\ud83d\udc3e Smoking para Mascotas \u2013 Azul y negro \ud83c\udfa9\u2728<\/h3>\n<p data-start=\"200\" data-end=\"422\">Haz que tu peludo luzca elegante en cada ocasi\u00f3n con nuestro <strong data-start=\"261\" data-end=\"284\">Smoking para Peludos<\/strong>. Con dise\u00f1o cl\u00e1sico en colores <strong data-start=\"316\" data-end=\"332\">azul y negro<\/strong>, incluye camisa blanca con mo\u00f1o y chaleco de rayas para un look sofisticado y adorable.<\/p>\n<p data-start=\"424\" data-end=\"518\">\ud83d\udc49 Disponible desde la talla <strong data-start=\"453\" data-end=\"467\">S hasta XL<\/strong>, ideal para perros peque\u00f1os y medianos.<\/p>\n<h3 data-start=\"520\" data-end=\"556\">\u2728 <strong data-start=\"522\" data-end=\"554\">Caracter\u00edsticas principales:<\/strong><\/h3>\n<ul data-start=\"557\" data-end=\"758\">\n<li data-start=\"557\" data-end=\"595\">\n<p data-start=\"559\" data-end=\"595\">Dise\u00f1o formal con mo\u00f1o incluido \ud83c\udf80<\/p>\n<\/li>\n<li data-start=\"596\" data-end=\"646\">\n<p data-start=\"598\" data-end=\"646\">Material c\u00f3modo y transpirable para tu mascota<\/p>\n<\/li>\n<li data-start=\"647\" data-end=\"707\">\n<p data-start=\"649\" data-end=\"707\">Ideal para bodas, fiestas, fotos y eventos especiales \ud83d\udcf8<\/p>\n<\/li>\n<li data-start=\"708\" data-end=\"758\">\n<p data-start=\"710\" data-end=\"758\">Disponible en 4 tallas para un ajuste<\/p>\n<\/li>\n<\/ul>","protected":false},"featured_media":3410,"template":"","meta":{"_joinchat":[]},"product_brand":[],"product_cat":[29,28,16,18,24],"product_tag":[],"class_list":{"0":"post-3392","1":"product","2":"type-product","3":"status-publish","4":"has-post-thumbnail","6":"product_cat-accesorios-perros","7":"product_cat-accesorios","8":"product_cat-gatos","9":"product_cat-perros","10":"product_cat-productos-nuevos","13":"first","14":"instock","15":"shipping-taxable","16":"purchasable","17":"product-type-variable"},"yoast_head":"<!-- This site is optimized with the Yoast SEO plugin v27.2 - https:\/\/yoast.com\/product\/yoast-seo-wordpress\/ -->\n<title>Smoking para Mascotas - Boutique Animal<\/title>\n<meta name=\"robots\" content=\"index, follow, max-snippet:-1, max-image-preview:large, max-video-preview:-1\" \/>\n<link rel=\"canonical\" href=\"https:\/\/boutiqueanimal.co\/en\/product\/smoking-para-mascotas\/\" \/>\n<meta property=\"og:locale\" content=\"en_US\" \/>\n<meta property=\"og:type\" content=\"article\" \/>\n<meta property=\"og:title\" content=\"Smoking para Mascotas - Boutique Animal\" \/>\n<meta property=\"og:description\" content=\"\ud83d\udc3e Smoking para Mascotas \u2013 Azul y negro \ud83c\udfa9\u2728 Haz que tu peludo luzca elegante en cada ocasi\u00f3n con nuestro Smoking para Peludos. Con dise\u00f1o cl\u00e1sico en colores azul y negro, incluye camisa blanca con mo\u00f1o y chaleco de rayas para un look sofisticado y adorable. \ud83d\udc49 Disponible desde la talla S hasta XL, ideal para perros peque\u00f1os y medianos.  \u2728 Caracter\u00edsticas principales:    Dise\u00f1o formal con mo\u00f1o incluido \ud83c\udf80    Material c\u00f3modo y transpirable para tu mascota    Ideal para bodas, fiestas, fotos y eventos especiales \ud83d\udcf8    Disponible en 4 tallas para un ajuste\" \/>\n<meta property=\"og:url\" content=\"https:\/\/boutiqueanimal.co\/en\/product\/smoking-para-mascotas\/\" \/>\n<meta property=\"og:site_name\" content=\"Boutique Animal\" \/>\n<meta property=\"article:publisher\" content=\"https:\/\/www.facebook.com\/BoutiqueAnimalCo\" \/>\n<meta property=\"article:modified_time\" content=\"2026-04-24T21:34:39+00:00\" \/>\n<meta property=\"og:image\" content=\"https:\/\/boutiqueanimal.co\/wp-content\/uploads\/2025\/11\/IMG-20250822-WA0045.jpg\" \/>\n\t<meta property=\"og:image:width\" content=\"1080\" \/>\n\t<meta property=\"og:image:height\" content=\"1080\" \/>\n\t<meta property=\"og:image:type\" content=\"image\/jpeg\" \/>\n<meta name=\"twitter:card\" content=\"summary_large_image\" \/>\n<meta name=\"twitter:label1\" content=\"Est. reading time\" \/>\n\t<meta name=\"twitter:data1\" content=\"2 minutes\" \/>\n<script type=\"application\/ld+json\" class=\"yoast-schema-graph\">{\"@context\":\"https:\/\/schema.org\",\"@graph\":[{\"@type\":\"WebPage\",\"@id\":\"https:\/\/boutiqueanimal.co\/producto\/smoking-para-mascotas\/\",\"url\":\"https:\/\/boutiqueanimal.co\/producto\/smoking-para-mascotas\/\",\"name\":\"Smoking para Mascotas - Boutique Animal\",\"isPartOf\":{\"@id\":\"https:\/\/boutiqueanimal.co\/#website\"},\"primaryImageOfPage\":{\"@id\":\"https:\/\/boutiqueanimal.co\/producto\/smoking-para-mascotas\/#primaryimage\"},\"image\":{\"@id\":\"https:\/\/boutiqueanimal.co\/producto\/smoking-para-mascotas\/#primaryimage\"},\"thumbnailUrl\":\"https:\/\/boutiqueanimal.co\/wp-content\/uploads\/2025\/11\/IMG-20250822-WA0045.jpg\",\"datePublished\":\"2025-11-01T16:30:39+00:00\",\"dateModified\":\"2026-04-24T21:34:39+00:00\",\"breadcrumb\":{\"@id\":\"https:\/\/boutiqueanimal.co\/producto\/smoking-para-mascotas\/#breadcrumb\"},\"inLanguage\":\"en-US\",\"potentialAction\":[{\"@type\":\"ReadAction\",\"target\":[\"https:\/\/boutiqueanimal.co\/producto\/smoking-para-mascotas\/\"]}]},{\"@type\":\"ImageObject\",\"inLanguage\":\"en-US\",\"@id\":\"https:\/\/boutiqueanimal.co\/producto\/smoking-para-mascotas\/#primaryimage\",\"url\":\"https:\/\/boutiqueanimal.co\/wp-content\/uploads\/2025\/11\/IMG-20250822-WA0045.jpg\",\"contentUrl\":\"https:\/\/boutiqueanimal.co\/wp-content\/uploads\/2025\/11\/IMG-20250822-WA0045.jpg\",\"width\":1080,\"height\":1080},{\"@type\":\"BreadcrumbList\",\"@id\":\"https:\/\/boutiqueanimal.co\/producto\/smoking-para-mascotas\/#breadcrumb\",\"itemListElement\":[{\"@type\":\"ListItem\",\"position\":1,\"name\":\"Inicio\",\"item\":\"https:\/\/boutiqueanimal.co\/\"},{\"@type\":\"ListItem\",\"position\":2,\"name\":\"Tienda\",\"item\":\"https:\/\/boutiqueanimal.co\/tienda\/\"},{\"@type\":\"ListItem\",\"position\":3,\"name\":\"Smoking para Mascotas\"}]},{\"@type\":\"WebSite\",\"@id\":\"https:\/\/boutiqueanimal.co\/#website\",\"url\":\"https:\/\/boutiqueanimal.co\/\",\"name\":\"Boutique Animal\",\"description\":\"Tienda online de productos para mascotas en Colombia. Env\u00edos r\u00e1pidos y gratis en compras superiores a $100.000\",\"publisher\":{\"@id\":\"https:\/\/boutiqueanimal.co\/#organization\"},\"potentialAction\":[{\"@type\":\"SearchAction\",\"target\":{\"@type\":\"EntryPoint\",\"urlTemplate\":\"https:\/\/boutiqueanimal.co\/?s={search_term_string}\"},\"query-input\":{\"@type\":\"PropertyValueSpecification\",\"valueRequired\":true,\"valueName\":\"search_term_string\"}}],\"inLanguage\":\"en-US\"},{\"@type\":\"Organization\",\"@id\":\"https:\/\/boutiqueanimal.co\/#organization\",\"name\":\"Boutique Animal\",\"url\":\"https:\/\/boutiqueanimal.co\/\",\"logo\":{\"@type\":\"ImageObject\",\"inLanguage\":\"en-US\",\"@id\":\"https:\/\/boutiqueanimal.co\/#\/schema\/logo\/image\/\",\"url\":\"https:\/\/boutiqueanimal.co\/wp-content\/uploads\/2025\/11\/perrito-pc-1024x1024-1.png\",\"contentUrl\":\"https:\/\/boutiqueanimal.co\/wp-content\/uploads\/2025\/11\/perrito-pc-1024x1024-1.png\",\"width\":1024,\"height\":1024,\"caption\":\"Boutique Animal\"},\"image\":{\"@id\":\"https:\/\/boutiqueanimal.co\/#\/schema\/logo\/image\/\"},\"sameAs\":[\"https:\/\/www.facebook.com\/BoutiqueAnimalCo\"]}]}<\/script>\n<!-- \/ Yoast SEO plugin. -->","yoast_head_json":{"title":"Smoking para Mascotas - Boutique Animal","robots":{"index":"index","follow":"follow","max-snippet":"max-snippet:-1","max-image-preview":"max-image-preview:large","max-video-preview":"max-video-preview:-1"},"canonical":"https:\/\/boutiqueanimal.co\/en\/product\/smoking-para-mascotas\/","og_locale":"en_US","og_type":"article","og_title":"Smoking para Mascotas - Boutique Animal","og_description":"\ud83d\udc3e Smoking para Mascotas \u2013 Azul y negro \ud83c\udfa9\u2728 Haz que tu peludo luzca elegante en cada ocasi\u00f3n con nuestro Smoking para Peludos. Con dise\u00f1o cl\u00e1sico en colores azul y negro, incluye camisa blanca con mo\u00f1o y chaleco de rayas para un look sofisticado y adorable. \ud83d\udc49 Disponible desde la talla S hasta XL, ideal para perros peque\u00f1os y medianos.  \u2728 Caracter\u00edsticas principales:    Dise\u00f1o formal con mo\u00f1o incluido \ud83c\udf80    Material c\u00f3modo y transpirable para tu mascota    Ideal para bodas, fiestas, fotos y eventos especiales \ud83d\udcf8    Disponible en 4 tallas para un ajuste","og_url":"https:\/\/boutiqueanimal.co\/en\/product\/smoking-para-mascotas\/","og_site_name":"Boutique Animal","article_publisher":"https:\/\/www.facebook.com\/BoutiqueAnimalCo","article_modified_time":"2026-04-24T21:34:39+00:00","og_image":[{"width":1080,"height":1080,"url":"https:\/\/boutiqueanimal.co\/wp-content\/uploads\/2025\/11\/IMG-20250822-WA0045.jpg","type":"image\/jpeg"}],"twitter_card":"summary_large_image","twitter_misc":{"Est. reading time":"2 minutes"},"schema":{"@context":"https:\/\/schema.org","@graph":[{"@type":"WebPage","@id":"https:\/\/boutiqueanimal.co\/producto\/smoking-para-mascotas\/","url":"https:\/\/boutiqueanimal.co\/producto\/smoking-para-mascotas\/","name":"Smoking para Mascotas - Boutique Animal","isPartOf":{"@id":"https:\/\/boutiqueanimal.co\/#website"},"primaryImageOfPage":{"@id":"https:\/\/boutiqueanimal.co\/producto\/smoking-para-mascotas\/#primaryimage"},"image":{"@id":"https:\/\/boutiqueanimal.co\/producto\/smoking-para-mascotas\/#primaryimage"},"thumbnailUrl":"https:\/\/boutiqueanimal.co\/wp-content\/uploads\/2025\/11\/IMG-20250822-WA0045.jpg","datePublished":"2025-11-01T16:30:39+00:00","dateModified":"2026-04-24T21:34:39+00:00","breadcrumb":{"@id":"https:\/\/boutiqueanimal.co\/producto\/smoking-para-mascotas\/#breadcrumb"},"inLanguage":"en-US","potentialAction":[{"@type":"ReadAction","target":["https:\/\/boutiqueanimal.co\/producto\/smoking-para-mascotas\/"]}]},{"@type":"ImageObject","inLanguage":"en-US","@id":"https:\/\/boutiqueanimal.co\/producto\/smoking-para-mascotas\/#primaryimage","url":"https:\/\/boutiqueanimal.co\/wp-content\/uploads\/2025\/11\/IMG-20250822-WA0045.jpg","contentUrl":"https:\/\/boutiqueanimal.co\/wp-content\/uploads\/2025\/11\/IMG-20250822-WA0045.jpg","width":1080,"height":1080},{"@type":"BreadcrumbList","@id":"https:\/\/boutiqueanimal.co\/producto\/smoking-para-mascotas\/#breadcrumb","itemListElement":[{"@type":"ListItem","position":1,"name":"Inicio","item":"https:\/\/boutiqueanimal.co\/"},{"@type":"ListItem","position":2,"name":"Tienda","item":"https:\/\/boutiqueanimal.co\/tienda\/"},{"@type":"ListItem","position":3,"name":"Smoking para Mascotas"}]},{"@type":"WebSite","@id":"https:\/\/boutiqueanimal.co\/#website","url":"https:\/\/boutiqueanimal.co\/","name":"Boutique Animal","description":"Tienda online de productos para mascotas en Colombia. Env\u00edos r\u00e1pidos y gratis en compras superiores a $100.000","publisher":{"@id":"https:\/\/boutiqueanimal.co\/#organization"},"potentialAction":[{"@type":"SearchAction","target":{"@type":"EntryPoint","urlTemplate":"https:\/\/boutiqueanimal.co\/?s={search_term_string}"},"query-input":{"@type":"PropertyValueSpecification","valueRequired":true,"valueName":"search_term_string"}}],"inLanguage":"en-US"},{"@type":"Organization","@id":"https:\/\/boutiqueanimal.co\/#organization","name":"Boutique Animal","url":"https:\/\/boutiqueanimal.co\/","logo":{"@type":"ImageObject","inLanguage":"en-US","@id":"https:\/\/boutiqueanimal.co\/#\/schema\/logo\/image\/","url":"https:\/\/boutiqueanimal.co\/wp-content\/uploads\/2025\/11\/perrito-pc-1024x1024-1.png","contentUrl":"https:\/\/boutiqueanimal.co\/wp-content\/uploads\/2025\/11\/perrito-pc-1024x1024-1.png","width":1024,"height":1024,"caption":"Boutique Animal"},"image":{"@id":"https:\/\/boutiqueanimal.co\/#\/schema\/logo\/image\/"},"sameAs":["https:\/\/www.facebook.com\/BoutiqueAnimalCo"]}]}},"_links":{"self":[{"href":"https:\/\/boutiqueanimal.co\/en\/wp-json\/wp\/v2\/product\/3392","targetHints":{"allow":["GET"]}}],"collection":[{"href":"https:\/\/boutiqueanimal.co\/en\/wp-json\/wp\/v2\/product"}],"about":[{"href":"https:\/\/boutiqueanimal.co\/en\/wp-json\/wp\/v2\/types\/product"}],"wp:featuredmedia":[{"embeddable":true,"href":"https:\/\/boutiqueanimal.co\/en\/wp-json\/wp\/v2\/media\/3410"}],"wp:attachment":[{"href":"https:\/\/boutiqueanimal.co\/en\/wp-json\/wp\/v2\/media?parent=3392"}],"wp:term":[{"taxonomy":"product_brand","embeddable":true,"href":"https:\/\/boutiqueanimal.co\/en\/wp-json\/wp\/v2\/product_brand?post=3392"},{"taxonomy":"product_cat","embeddable":true,"href":"https:\/\/boutiqueanimal.co\/en\/wp-json\/wp\/v2\/product_cat?post=3392"},{"taxonomy":"product_tag","embeddable":true,"href":"https:\/\/boutiqueanimal.co\/en\/wp-json\/wp\/v2\/product_tag?post=3392"}],"curies":[{"name":"wp","href":"https:\/\/api.w.org\/{rel}","templated":true}]}}