{"id":3440,"date":"2025-11-01T16:30:52","date_gmt":"2025-11-01T16:30:52","guid":{"rendered":"https:\/\/boutiqueanimal.alojo.app\/wp\/?post_type=product&#038;p=3440"},"modified":"2025-11-01T16:30:57","modified_gmt":"2025-11-01T16:30:57","slug":"aceite-premium-the-gang","status":"publish","type":"product","link":"https:\/\/boutiqueanimal.co\/en\/product\/aceite-premium-the-gang\/","title":{"rendered":"Aceite Premium The Gang"},"content":{"rendered":"<p data-start=\"198\" data-end=\"485\">El <strong data-start=\"201\" data-end=\"220\">aceite The Gang<\/strong> es el lubricante premium ideal para <strong data-start=\"257\" data-end=\"302\">m\u00e1quinas y cuchillas de peluquer\u00eda canina<\/strong>. Su f\u00f3rmula profesional reduce la fricci\u00f3n, evita el sobrecalentamiento y mantiene las cuchillas siempre suaves y precisas, garantizando un corte c\u00f3modo y seguro para cada mascota.<\/p>\n<p data-start=\"487\" data-end=\"520\">\u2705 <strong data-start=\"489\" data-end=\"518\">Beneficios para groomers:<\/strong><\/p>\n<ul data-start=\"521\" data-end=\"738\">\n<li data-start=\"521\" data-end=\"576\">\n<p data-start=\"523\" data-end=\"576\">Lubrica y protege cuchillas de m\u00e1quinas y trimmers.<\/p>\n<\/li>\n<li data-start=\"577\" data-end=\"640\">\n<p data-start=\"579\" data-end=\"640\">Evita desgaste y prolonga la vida \u00fatil de tus herramientas.<\/p>\n<\/li>\n<li data-start=\"641\" data-end=\"688\">\n<p data-start=\"643\" data-end=\"688\">Garantiza cortes m\u00e1s limpios y sin tirones.<\/p>\n<\/li>\n<li data-start=\"689\" data-end=\"738\">\n<p data-start=\"691\" data-end=\"738\">F\u00e1cil de aplicar en cada jornada de grooming.<\/p>\n<\/li>\n<\/ul>\n<p>\u2705 <strong>Modo de Uso:<\/strong><\/p>\n<ul>\n<li>Aplicar un punto a cada lado de la cuchilla de corte y una linea en los dientes de la cuchilla de corte.<\/li>\n<\/ul>\n<p><img decoding=\"async\" src=\"https:\/\/www.alpel.es\/i\/u\/como-ponerle-aceite-a-cortapelos.jpg\" alt=\"Limpieza y mantemiento de las m\u00e1quinas cortapelos en 2025 \ud83d\udc40\" \/><\/p>","protected":false},"excerpt":{"rendered":"<p data-start=\"198\" data-end=\"485\"><!--more-->El <strong data-start=\"201\" data-end=\"220\">aceite The Gang<\/strong> es el lubricante premium ideal para <strong data-start=\"257\" data-end=\"302\">m\u00e1quinas y cuchillas de peluquer\u00eda canina<\/strong>. Su f\u00f3rmula profesional reduce la fricci\u00f3n, evita el sobrecalentamiento y mantiene las cuchillas siempre suaves y precisas, garantizando un corte c\u00f3modo y seguro para cada mascota.<\/p>\n<p data-start=\"487\" data-end=\"520\">\u2705 <strong data-start=\"489\" data-end=\"518\">Beneficios para groomers:<\/strong><\/p>\n<ul data-start=\"521\" data-end=\"738\">\n<li data-start=\"521\" data-end=\"576\">\n<p data-start=\"523\" data-end=\"576\">Lubrica y protege cuchillas de m\u00e1quinas y trimmers.<\/p>\n<\/li>\n<li data-start=\"577\" data-end=\"640\">\n<p data-start=\"579\" data-end=\"640\">Evita desgaste y prolonga la vida \u00fatil de tus herramientas.<\/p>\n<\/li>\n<li data-start=\"641\" data-end=\"688\">\n<p data-start=\"643\" data-end=\"688\">Garantiza cortes m\u00e1s limpios y sin tirones.<\/p>\n<\/li>\n<li data-start=\"689\" data-end=\"738\">\n<p data-start=\"691\" data-end=\"738\">F\u00e1cil de aplicar en cada jornada de grooming.<\/p>\n<\/li>\n<\/ul>\n<p>\u2705 <strong>Modo de Uso:<\/strong><\/p>\n<ul>\n<li>Aplicar un punto a cada lado de la cuchilla de corte y una linea en los dientes de la cuchilla de corte.<\/li>\n<\/ul>\n<p><img decoding=\"async\" src=\"https:\/\/www.alpel.es\/i\/u\/como-ponerle-aceite-a-cortapelos.jpg\" alt=\"Limpieza y mantemiento de las m\u00e1quinas cortapelos en 2025 \ud83d\udc40\" \/><\/p>","protected":false},"featured_media":3472,"template":"","meta":{"_joinchat":[]},"product_brand":[],"product_cat":[22,23,24],"product_tag":[],"class_list":{"0":"post-3440","1":"product","2":"type-product","3":"status-publish","4":"has-post-thumbnail","6":"product_cat-grooming","7":"product_cat-higiene-grooming","8":"product_cat-productos-nuevos","11":"first","12":"instock","13":"shipping-taxable","14":"purchasable","15":"product-type-simple"},"yoast_head":"<!-- This site is optimized with the Yoast SEO plugin v27.2 - https:\/\/yoast.com\/product\/yoast-seo-wordpress\/ -->\n<title>Aceite Premium The Gang - Boutique Animal<\/title>\n<meta name=\"robots\" content=\"index, follow, max-snippet:-1, max-image-preview:large, max-video-preview:-1\" \/>\n<link rel=\"canonical\" href=\"https:\/\/boutiqueanimal.co\/en\/product\/aceite-premium-the-gang\/\" \/>\n<meta property=\"og:locale\" content=\"en_US\" \/>\n<meta property=\"og:type\" content=\"article\" \/>\n<meta property=\"og:title\" content=\"Aceite Premium The Gang - Boutique Animal\" \/>\n<meta property=\"og:description\" content=\"El aceite The Gang es el lubricante premium ideal para m\u00e1quinas y cuchillas de peluquer\u00eda canina. Su f\u00f3rmula profesional reduce la fricci\u00f3n, evita el sobrecalentamiento y mantiene las cuchillas siempre suaves y precisas, garantizando un corte c\u00f3modo y seguro para cada mascota. \u2705 Beneficios para groomers:     Lubrica y protege cuchillas de m\u00e1quinas y trimmers.    Evita desgaste y prolonga la vida \u00fatil de tus herramientas.    Garantiza cortes m\u00e1s limpios y sin tirones.    F\u00e1cil de aplicar en cada jornada de grooming.   \u2705 Modo de Uso:   Aplicar un punto a cada lado de la cuchilla de corte y una linea en los dientes de la cuchilla de corte.\" \/>\n<meta property=\"og:url\" content=\"https:\/\/boutiqueanimal.co\/en\/product\/aceite-premium-the-gang\/\" \/>\n<meta property=\"og:site_name\" content=\"Boutique Animal\" \/>\n<meta property=\"article:publisher\" content=\"https:\/\/www.facebook.com\/BoutiqueAnimalCo\" \/>\n<meta property=\"article:modified_time\" content=\"2025-11-01T16:30:57+00:00\" \/>\n<meta property=\"og:image\" content=\"https:\/\/boutiqueanimal.co\/wp-content\/uploads\/2025\/11\/ACEITE-THE-GANG-1.webp\" \/>\n\t<meta property=\"og:image:width\" content=\"1512\" \/>\n\t<meta property=\"og:image:height\" content=\"1512\" \/>\n\t<meta property=\"og:image:type\" content=\"image\/webp\" \/>\n<meta name=\"twitter:card\" content=\"summary_large_image\" \/>\n<meta name=\"twitter:label1\" content=\"Est. reading time\" \/>\n\t<meta name=\"twitter:data1\" content=\"1 minute\" \/>\n<script type=\"application\/ld+json\" class=\"yoast-schema-graph\">{\"@context\":\"https:\/\/schema.org\",\"@graph\":[{\"@type\":\"WebPage\",\"@id\":\"https:\/\/boutiqueanimal.co\/producto\/aceite-premium-the-gang\/\",\"url\":\"https:\/\/boutiqueanimal.co\/producto\/aceite-premium-the-gang\/\",\"name\":\"Aceite Premium The Gang - Boutique Animal\",\"isPartOf\":{\"@id\":\"https:\/\/boutiqueanimal.co\/#website\"},\"primaryImageOfPage\":{\"@id\":\"https:\/\/boutiqueanimal.co\/producto\/aceite-premium-the-gang\/#primaryimage\"},\"image\":{\"@id\":\"https:\/\/boutiqueanimal.co\/producto\/aceite-premium-the-gang\/#primaryimage\"},\"thumbnailUrl\":\"https:\/\/boutiqueanimal.co\/wp-content\/uploads\/2025\/11\/ACEITE-THE-GANG-1.webp\",\"datePublished\":\"2025-11-01T16:30:52+00:00\",\"dateModified\":\"2025-11-01T16:30:57+00:00\",\"breadcrumb\":{\"@id\":\"https:\/\/boutiqueanimal.co\/producto\/aceite-premium-the-gang\/#breadcrumb\"},\"inLanguage\":\"en-US\",\"potentialAction\":[{\"@type\":\"ReadAction\",\"target\":[\"https:\/\/boutiqueanimal.co\/producto\/aceite-premium-the-gang\/\"]}]},{\"@type\":\"ImageObject\",\"inLanguage\":\"en-US\",\"@id\":\"https:\/\/boutiqueanimal.co\/producto\/aceite-premium-the-gang\/#primaryimage\",\"url\":\"https:\/\/boutiqueanimal.co\/wp-content\/uploads\/2025\/11\/ACEITE-THE-GANG-1.webp\",\"contentUrl\":\"https:\/\/boutiqueanimal.co\/wp-content\/uploads\/2025\/11\/ACEITE-THE-GANG-1.webp\",\"width\":1512,\"height\":1512},{\"@type\":\"BreadcrumbList\",\"@id\":\"https:\/\/boutiqueanimal.co\/producto\/aceite-premium-the-gang\/#breadcrumb\",\"itemListElement\":[{\"@type\":\"ListItem\",\"position\":1,\"name\":\"Inicio\",\"item\":\"https:\/\/boutiqueanimal.co\/\"},{\"@type\":\"ListItem\",\"position\":2,\"name\":\"Tienda\",\"item\":\"https:\/\/boutiqueanimal.co\/tienda\/\"},{\"@type\":\"ListItem\",\"position\":3,\"name\":\"Aceite Premium The Gang\"}]},{\"@type\":\"WebSite\",\"@id\":\"https:\/\/boutiqueanimal.co\/#website\",\"url\":\"https:\/\/boutiqueanimal.co\/\",\"name\":\"Boutique Animal\",\"description\":\"Tienda online de productos para mascotas en Colombia. Env\u00edos r\u00e1pidos y gratis en compras superiores a $100.000\",\"publisher\":{\"@id\":\"https:\/\/boutiqueanimal.co\/#organization\"},\"potentialAction\":[{\"@type\":\"SearchAction\",\"target\":{\"@type\":\"EntryPoint\",\"urlTemplate\":\"https:\/\/boutiqueanimal.co\/?s={search_term_string}\"},\"query-input\":{\"@type\":\"PropertyValueSpecification\",\"valueRequired\":true,\"valueName\":\"search_term_string\"}}],\"inLanguage\":\"en-US\"},{\"@type\":\"Organization\",\"@id\":\"https:\/\/boutiqueanimal.co\/#organization\",\"name\":\"Boutique Animal\",\"url\":\"https:\/\/boutiqueanimal.co\/\",\"logo\":{\"@type\":\"ImageObject\",\"inLanguage\":\"en-US\",\"@id\":\"https:\/\/boutiqueanimal.co\/#\/schema\/logo\/image\/\",\"url\":\"https:\/\/boutiqueanimal.co\/wp-content\/uploads\/2025\/11\/perrito-pc-1024x1024-1.png\",\"contentUrl\":\"https:\/\/boutiqueanimal.co\/wp-content\/uploads\/2025\/11\/perrito-pc-1024x1024-1.png\",\"width\":1024,\"height\":1024,\"caption\":\"Boutique Animal\"},\"image\":{\"@id\":\"https:\/\/boutiqueanimal.co\/#\/schema\/logo\/image\/\"},\"sameAs\":[\"https:\/\/www.facebook.com\/BoutiqueAnimalCo\"]}]}<\/script>\n<!-- \/ Yoast SEO plugin. -->","yoast_head_json":{"title":"Aceite Premium The Gang - Boutique Animal","robots":{"index":"index","follow":"follow","max-snippet":"max-snippet:-1","max-image-preview":"max-image-preview:large","max-video-preview":"max-video-preview:-1"},"canonical":"https:\/\/boutiqueanimal.co\/en\/product\/aceite-premium-the-gang\/","og_locale":"en_US","og_type":"article","og_title":"Aceite Premium The Gang - Boutique Animal","og_description":"El aceite The Gang es el lubricante premium ideal para m\u00e1quinas y cuchillas de peluquer\u00eda canina. Su f\u00f3rmula profesional reduce la fricci\u00f3n, evita el sobrecalentamiento y mantiene las cuchillas siempre suaves y precisas, garantizando un corte c\u00f3modo y seguro para cada mascota. \u2705 Beneficios para groomers:     Lubrica y protege cuchillas de m\u00e1quinas y trimmers.    Evita desgaste y prolonga la vida \u00fatil de tus herramientas.    Garantiza cortes m\u00e1s limpios y sin tirones.    F\u00e1cil de aplicar en cada jornada de grooming.   \u2705 Modo de Uso:   Aplicar un punto a cada lado de la cuchilla de corte y una linea en los dientes de la cuchilla de corte.","og_url":"https:\/\/boutiqueanimal.co\/en\/product\/aceite-premium-the-gang\/","og_site_name":"Boutique Animal","article_publisher":"https:\/\/www.facebook.com\/BoutiqueAnimalCo","article_modified_time":"2025-11-01T16:30:57+00:00","og_image":[{"width":1512,"height":1512,"url":"https:\/\/boutiqueanimal.co\/wp-content\/uploads\/2025\/11\/ACEITE-THE-GANG-1.webp","type":"image\/webp"}],"twitter_card":"summary_large_image","twitter_misc":{"Est. reading time":"1 minute"},"schema":{"@context":"https:\/\/schema.org","@graph":[{"@type":"WebPage","@id":"https:\/\/boutiqueanimal.co\/producto\/aceite-premium-the-gang\/","url":"https:\/\/boutiqueanimal.co\/producto\/aceite-premium-the-gang\/","name":"Aceite Premium The Gang - Boutique Animal","isPartOf":{"@id":"https:\/\/boutiqueanimal.co\/#website"},"primaryImageOfPage":{"@id":"https:\/\/boutiqueanimal.co\/producto\/aceite-premium-the-gang\/#primaryimage"},"image":{"@id":"https:\/\/boutiqueanimal.co\/producto\/aceite-premium-the-gang\/#primaryimage"},"thumbnailUrl":"https:\/\/boutiqueanimal.co\/wp-content\/uploads\/2025\/11\/ACEITE-THE-GANG-1.webp","datePublished":"2025-11-01T16:30:52+00:00","dateModified":"2025-11-01T16:30:57+00:00","breadcrumb":{"@id":"https:\/\/boutiqueanimal.co\/producto\/aceite-premium-the-gang\/#breadcrumb"},"inLanguage":"en-US","potentialAction":[{"@type":"ReadAction","target":["https:\/\/boutiqueanimal.co\/producto\/aceite-premium-the-gang\/"]}]},{"@type":"ImageObject","inLanguage":"en-US","@id":"https:\/\/boutiqueanimal.co\/producto\/aceite-premium-the-gang\/#primaryimage","url":"https:\/\/boutiqueanimal.co\/wp-content\/uploads\/2025\/11\/ACEITE-THE-GANG-1.webp","contentUrl":"https:\/\/boutiqueanimal.co\/wp-content\/uploads\/2025\/11\/ACEITE-THE-GANG-1.webp","width":1512,"height":1512},{"@type":"BreadcrumbList","@id":"https:\/\/boutiqueanimal.co\/producto\/aceite-premium-the-gang\/#breadcrumb","itemListElement":[{"@type":"ListItem","position":1,"name":"Inicio","item":"https:\/\/boutiqueanimal.co\/"},{"@type":"ListItem","position":2,"name":"Tienda","item":"https:\/\/boutiqueanimal.co\/tienda\/"},{"@type":"ListItem","position":3,"name":"Aceite Premium The Gang"}]},{"@type":"WebSite","@id":"https:\/\/boutiqueanimal.co\/#website","url":"https:\/\/boutiqueanimal.co\/","name":"Boutique Animal","description":"Tienda online de productos para mascotas en Colombia. Env\u00edos r\u00e1pidos y gratis en compras superiores a $100.000","publisher":{"@id":"https:\/\/boutiqueanimal.co\/#organization"},"potentialAction":[{"@type":"SearchAction","target":{"@type":"EntryPoint","urlTemplate":"https:\/\/boutiqueanimal.co\/?s={search_term_string}"},"query-input":{"@type":"PropertyValueSpecification","valueRequired":true,"valueName":"search_term_string"}}],"inLanguage":"en-US"},{"@type":"Organization","@id":"https:\/\/boutiqueanimal.co\/#organization","name":"Boutique Animal","url":"https:\/\/boutiqueanimal.co\/","logo":{"@type":"ImageObject","inLanguage":"en-US","@id":"https:\/\/boutiqueanimal.co\/#\/schema\/logo\/image\/","url":"https:\/\/boutiqueanimal.co\/wp-content\/uploads\/2025\/11\/perrito-pc-1024x1024-1.png","contentUrl":"https:\/\/boutiqueanimal.co\/wp-content\/uploads\/2025\/11\/perrito-pc-1024x1024-1.png","width":1024,"height":1024,"caption":"Boutique Animal"},"image":{"@id":"https:\/\/boutiqueanimal.co\/#\/schema\/logo\/image\/"},"sameAs":["https:\/\/www.facebook.com\/BoutiqueAnimalCo"]}]}},"_links":{"self":[{"href":"https:\/\/boutiqueanimal.co\/en\/wp-json\/wp\/v2\/product\/3440","targetHints":{"allow":["GET"]}}],"collection":[{"href":"https:\/\/boutiqueanimal.co\/en\/wp-json\/wp\/v2\/product"}],"about":[{"href":"https:\/\/boutiqueanimal.co\/en\/wp-json\/wp\/v2\/types\/product"}],"wp:featuredmedia":[{"embeddable":true,"href":"https:\/\/boutiqueanimal.co\/en\/wp-json\/wp\/v2\/media\/3472"}],"wp:attachment":[{"href":"https:\/\/boutiqueanimal.co\/en\/wp-json\/wp\/v2\/media?parent=3440"}],"wp:term":[{"taxonomy":"product_brand","embeddable":true,"href":"https:\/\/boutiqueanimal.co\/en\/wp-json\/wp\/v2\/product_brand?post=3440"},{"taxonomy":"product_cat","embeddable":true,"href":"https:\/\/boutiqueanimal.co\/en\/wp-json\/wp\/v2\/product_cat?post=3440"},{"taxonomy":"product_tag","embeddable":true,"href":"https:\/\/boutiqueanimal.co\/en\/wp-json\/wp\/v2\/product_tag?post=3440"}],"curies":[{"name":"wp","href":"https:\/\/api.w.org\/{rel}","templated":true}]}}