{"id":459,"date":"2025-11-01T16:19:11","date_gmt":"2025-11-01T16:19:11","guid":{"rendered":"https:\/\/boutiqueanimal.alojo.app\/wp\/?post_type=product&#038;p=459"},"modified":"2026-03-30T22:51:55","modified_gmt":"2026-03-31T03:51:55","slug":"cepillo-furminator","status":"publish","type":"product","link":"https:\/\/boutiqueanimal.co\/en\/product\/cepillo-furminator\/","title":{"rendered":"Cepillo Furminator"},"content":{"rendered":"<p data-start=\"226\" data-end=\"303\"><strong data-start=\"226\" data-end=\"298\">Furminator Peque\u00f1o, Mediano y Grande \u2013 Cepillo Deslanador para Perros y Gatos<\/strong> \ud83d\udc3e<\/p>\n<p data-start=\"305\" data-end=\"583\">El <strong data-start=\"308\" data-end=\"322\">Furminator<\/strong> es la herramienta profesional m\u00e1s recomendada para reducir la ca\u00edda de pelo en perros y gatos. Dise\u00f1ado en tama\u00f1os <strong data-start=\"226\" data-end=\"298\">Peque\u00f1o, <\/strong><strong data-start=\"438\" data-end=\"458\">mediano y grande<\/strong>, este cepillo deslanador elimina hasta el 90% del pelo suelto de manera segura y efectiva, sin da\u00f1ar la piel ni el pelaje.<\/p>\n<p data-start=\"585\" data-end=\"899\">\u2705 <strong data-start=\"587\" data-end=\"614\">Reduce la ca\u00edda de pelo<\/strong> hasta en un 90%.<br data-start=\"631\" data-end=\"634\" \/>\u2705 <strong data-start=\"636\" data-end=\"657\">Dise\u00f1o ergon\u00f3mico<\/strong> para un uso c\u00f3modo y f\u00e1cil.<br data-start=\"685\" data-end=\"688\" \/>\u2705 <strong data-start=\"690\" data-end=\"729\">Ideal para razas medianas y grandes<\/strong> con pelo corto o largo.<br data-start=\"753\" data-end=\"756\" \/>\u2705 <strong data-start=\"758\" data-end=\"790\">Cuchilla de acero inoxidable<\/strong> que llega hasta la capa interna de pelo.<br data-start=\"831\" data-end=\"834\" \/>\u2705 <strong data-start=\"836\" data-end=\"875\">Favorece un pelaje sano y brillante<\/strong> al estimular la piel.<\/p>\n<p data-start=\"901\" data-end=\"1042\">El <strong data-start=\"904\" data-end=\"935\">Furminator Peque\u00f1o, mediano y grande<\/strong> es el accesorio imprescindible para mantener la higiene de tu hogar y la salud del pelaje de tu mascota.<\/p>","protected":false},"excerpt":{"rendered":"<p data-start=\"226\" data-end=\"303\"><strong data-start=\"226\" data-end=\"298\">Furminator Peque\u00f1o, Mediano y Grande \u2013 Cepillo Deslanador para Perros y Gatos<\/strong> \ud83d\udc3e<\/p>\n<p data-start=\"305\" data-end=\"583\">El <strong data-start=\"308\" data-end=\"322\">Furminator<\/strong> es la herramienta profesional m\u00e1s recomendada para reducir la ca\u00edda de pelo en perros y gatos. Dise\u00f1ado en tama\u00f1os <strong data-start=\"226\" data-end=\"298\">Peque\u00f1o, <\/strong><strong data-start=\"438\" data-end=\"458\">mediano y grande<\/strong>, este cepillo deslanador elimina hasta el 90% del pelo suelto de manera segura y efectiva, sin da\u00f1ar la piel ni el pelaje.<\/p>\n<p data-start=\"585\" data-end=\"899\">\u2705 <strong data-start=\"587\" data-end=\"614\">Reduce la ca\u00edda de pelo<\/strong> hasta en un 90%.<br data-start=\"631\" data-end=\"634\" \/>\u2705 <strong data-start=\"636\" data-end=\"657\">Dise\u00f1o ergon\u00f3mico<\/strong> para un uso c\u00f3modo y f\u00e1cil.<br data-start=\"685\" data-end=\"688\" \/>\u2705 <strong data-start=\"690\" data-end=\"729\">Ideal para razas medianas y grandes<\/strong> con pelo corto o largo.<br data-start=\"753\" data-end=\"756\" \/>\u2705 <strong data-start=\"758\" data-end=\"790\">Cuchilla de acero inoxidable<\/strong> que llega hasta la capa interna de pelo.<br data-start=\"831\" data-end=\"834\" \/>\u2705 <strong data-start=\"836\" data-end=\"875\">Favorece un pelaje sano y brillante<\/strong> al estimular la piel.<\/p>\n<p data-start=\"901\" data-end=\"1042\">El <strong data-start=\"904\" data-end=\"935\">Furminator Peque\u00f1o, mediano y grande<\/strong> es el accesorio imprescindible para mantener la higiene de tu hogar y la salud del pelaje de tu mascota.<\/p>","protected":false},"featured_media":519,"template":"","meta":{"_joinchat":[]},"product_brand":[],"product_cat":[16,22,17,23,19,18,24],"product_tag":[],"class_list":{"0":"post-459","1":"product","2":"type-product","3":"status-publish","4":"has-post-thumbnail","6":"product_cat-gatos","7":"product_cat-grooming","8":"product_cat-higiene","9":"product_cat-higiene-grooming","10":"product_cat-higiene-perros","11":"product_cat-perros","12":"product_cat-productos-nuevos","13":"product_shipping_class-envio-gratis","16":"first","17":"instock","18":"shipping-taxable","19":"purchasable","20":"product-type-variable"},"yoast_head":"<!-- This site is optimized with the Yoast SEO plugin v27.2 - https:\/\/yoast.com\/product\/yoast-seo-wordpress\/ -->\n<title>Cepillo Furminator - Boutique Animal<\/title>\n<meta name=\"robots\" content=\"index, follow, max-snippet:-1, max-image-preview:large, max-video-preview:-1\" \/>\n<link rel=\"canonical\" href=\"https:\/\/boutiqueanimal.co\/en\/product\/cepillo-furminator\/\" \/>\n<meta property=\"og:locale\" content=\"en_US\" \/>\n<meta property=\"og:type\" content=\"article\" \/>\n<meta property=\"og:title\" content=\"Cepillo Furminator - Boutique Animal\" \/>\n<meta property=\"og:description\" content=\"Furminator Peque\u00f1o, Mediano y Grande \u2013 Cepillo Deslanador para Perros y Gatos \ud83d\udc3e El Furminator es la herramienta profesional m\u00e1s recomendada para reducir la ca\u00edda de pelo en perros y gatos. Dise\u00f1ado en tama\u00f1os Peque\u00f1o, mediano y grande, este cepillo deslanador elimina hasta el 90% del pelo suelto de manera segura y efectiva, sin da\u00f1ar la piel ni el pelaje. \u2705 Reduce la ca\u00edda de pelo hasta en un 90%.\u2705 Dise\u00f1o ergon\u00f3mico para un uso c\u00f3modo y f\u00e1cil.\u2705 Ideal para razas medianas y grandes con pelo corto o largo.\u2705 Cuchilla de acero inoxidable que llega hasta la capa interna de pelo.\u2705 Favorece un pelaje sano y brillante al estimular la piel. El Furminator Peque\u00f1o, mediano y grande es el accesorio imprescindible para mantener la higiene de tu hogar y la salud del pelaje de tu mascota.\" \/>\n<meta property=\"og:url\" content=\"https:\/\/boutiqueanimal.co\/en\/product\/cepillo-furminator\/\" \/>\n<meta property=\"og:site_name\" content=\"Boutique Animal\" \/>\n<meta property=\"article:publisher\" content=\"https:\/\/www.facebook.com\/BoutiqueAnimalCo\" \/>\n<meta property=\"article:modified_time\" content=\"2026-03-31T03:51:55+00:00\" \/>\n<meta property=\"og:image\" content=\"https:\/\/boutiqueanimal.co\/wp-content\/uploads\/2025\/11\/image-b5d9621547d54ea194e1d922851f6942.png\" \/>\n\t<meta property=\"og:image:width\" content=\"1000\" \/>\n\t<meta property=\"og:image:height\" content=\"1000\" \/>\n\t<meta property=\"og:image:type\" content=\"image\/png\" \/>\n<meta name=\"twitter:card\" content=\"summary_large_image\" \/>\n<meta name=\"twitter:label1\" content=\"Est. reading time\" \/>\n\t<meta name=\"twitter:data1\" content=\"1 minute\" \/>\n<script type=\"application\/ld+json\" class=\"yoast-schema-graph\">{\"@context\":\"https:\/\/schema.org\",\"@graph\":[{\"@type\":\"WebPage\",\"@id\":\"https:\/\/boutiqueanimal.co\/producto\/cepillo-furminator\/\",\"url\":\"https:\/\/boutiqueanimal.co\/producto\/cepillo-furminator\/\",\"name\":\"Cepillo Furminator - Boutique Animal\",\"isPartOf\":{\"@id\":\"https:\/\/boutiqueanimal.co\/#website\"},\"primaryImageOfPage\":{\"@id\":\"https:\/\/boutiqueanimal.co\/producto\/cepillo-furminator\/#primaryimage\"},\"image\":{\"@id\":\"https:\/\/boutiqueanimal.co\/producto\/cepillo-furminator\/#primaryimage\"},\"thumbnailUrl\":\"https:\/\/boutiqueanimal.co\/wp-content\/uploads\/2025\/11\/image-b5d9621547d54ea194e1d922851f6942.png\",\"datePublished\":\"2025-11-01T16:19:11+00:00\",\"dateModified\":\"2026-03-31T03:51:55+00:00\",\"breadcrumb\":{\"@id\":\"https:\/\/boutiqueanimal.co\/producto\/cepillo-furminator\/#breadcrumb\"},\"inLanguage\":\"en-US\",\"potentialAction\":[{\"@type\":\"ReadAction\",\"target\":[\"https:\/\/boutiqueanimal.co\/producto\/cepillo-furminator\/\"]}]},{\"@type\":\"ImageObject\",\"inLanguage\":\"en-US\",\"@id\":\"https:\/\/boutiqueanimal.co\/producto\/cepillo-furminator\/#primaryimage\",\"url\":\"https:\/\/boutiqueanimal.co\/wp-content\/uploads\/2025\/11\/image-b5d9621547d54ea194e1d922851f6942.png\",\"contentUrl\":\"https:\/\/boutiqueanimal.co\/wp-content\/uploads\/2025\/11\/image-b5d9621547d54ea194e1d922851f6942.png\",\"width\":1000,\"height\":1000},{\"@type\":\"BreadcrumbList\",\"@id\":\"https:\/\/boutiqueanimal.co\/producto\/cepillo-furminator\/#breadcrumb\",\"itemListElement\":[{\"@type\":\"ListItem\",\"position\":1,\"name\":\"Inicio\",\"item\":\"https:\/\/boutiqueanimal.co\/\"},{\"@type\":\"ListItem\",\"position\":2,\"name\":\"Tienda\",\"item\":\"https:\/\/boutiqueanimal.co\/tienda\/\"},{\"@type\":\"ListItem\",\"position\":3,\"name\":\"Cepillo Furminator\"}]},{\"@type\":\"WebSite\",\"@id\":\"https:\/\/boutiqueanimal.co\/#website\",\"url\":\"https:\/\/boutiqueanimal.co\/\",\"name\":\"Boutique Animal\",\"description\":\"Tienda online de productos para mascotas en Colombia. Env\u00edos r\u00e1pidos y gratis en compras superiores a $100.000\",\"publisher\":{\"@id\":\"https:\/\/boutiqueanimal.co\/#organization\"},\"potentialAction\":[{\"@type\":\"SearchAction\",\"target\":{\"@type\":\"EntryPoint\",\"urlTemplate\":\"https:\/\/boutiqueanimal.co\/?s={search_term_string}\"},\"query-input\":{\"@type\":\"PropertyValueSpecification\",\"valueRequired\":true,\"valueName\":\"search_term_string\"}}],\"inLanguage\":\"en-US\"},{\"@type\":\"Organization\",\"@id\":\"https:\/\/boutiqueanimal.co\/#organization\",\"name\":\"Boutique Animal\",\"url\":\"https:\/\/boutiqueanimal.co\/\",\"logo\":{\"@type\":\"ImageObject\",\"inLanguage\":\"en-US\",\"@id\":\"https:\/\/boutiqueanimal.co\/#\/schema\/logo\/image\/\",\"url\":\"https:\/\/boutiqueanimal.co\/wp-content\/uploads\/2025\/11\/perrito-pc-1024x1024-1.png\",\"contentUrl\":\"https:\/\/boutiqueanimal.co\/wp-content\/uploads\/2025\/11\/perrito-pc-1024x1024-1.png\",\"width\":1024,\"height\":1024,\"caption\":\"Boutique Animal\"},\"image\":{\"@id\":\"https:\/\/boutiqueanimal.co\/#\/schema\/logo\/image\/\"},\"sameAs\":[\"https:\/\/www.facebook.com\/BoutiqueAnimalCo\"]}]}<\/script>\n<!-- \/ Yoast SEO plugin. -->","yoast_head_json":{"title":"Cepillo Furminator - Boutique Animal","robots":{"index":"index","follow":"follow","max-snippet":"max-snippet:-1","max-image-preview":"max-image-preview:large","max-video-preview":"max-video-preview:-1"},"canonical":"https:\/\/boutiqueanimal.co\/en\/product\/cepillo-furminator\/","og_locale":"en_US","og_type":"article","og_title":"Cepillo Furminator - Boutique Animal","og_description":"Furminator Peque\u00f1o, Mediano y Grande \u2013 Cepillo Deslanador para Perros y Gatos \ud83d\udc3e El Furminator es la herramienta profesional m\u00e1s recomendada para reducir la ca\u00edda de pelo en perros y gatos. Dise\u00f1ado en tama\u00f1os Peque\u00f1o, mediano y grande, este cepillo deslanador elimina hasta el 90% del pelo suelto de manera segura y efectiva, sin da\u00f1ar la piel ni el pelaje. \u2705 Reduce la ca\u00edda de pelo hasta en un 90%.\u2705 Dise\u00f1o ergon\u00f3mico para un uso c\u00f3modo y f\u00e1cil.\u2705 Ideal para razas medianas y grandes con pelo corto o largo.\u2705 Cuchilla de acero inoxidable que llega hasta la capa interna de pelo.\u2705 Favorece un pelaje sano y brillante al estimular la piel. El Furminator Peque\u00f1o, mediano y grande es el accesorio imprescindible para mantener la higiene de tu hogar y la salud del pelaje de tu mascota.","og_url":"https:\/\/boutiqueanimal.co\/en\/product\/cepillo-furminator\/","og_site_name":"Boutique Animal","article_publisher":"https:\/\/www.facebook.com\/BoutiqueAnimalCo","article_modified_time":"2026-03-31T03:51:55+00:00","og_image":[{"width":1000,"height":1000,"url":"https:\/\/boutiqueanimal.co\/wp-content\/uploads\/2025\/11\/image-b5d9621547d54ea194e1d922851f6942.png","type":"image\/png"}],"twitter_card":"summary_large_image","twitter_misc":{"Est. reading time":"1 minute"},"schema":{"@context":"https:\/\/schema.org","@graph":[{"@type":"WebPage","@id":"https:\/\/boutiqueanimal.co\/producto\/cepillo-furminator\/","url":"https:\/\/boutiqueanimal.co\/producto\/cepillo-furminator\/","name":"Cepillo Furminator - Boutique Animal","isPartOf":{"@id":"https:\/\/boutiqueanimal.co\/#website"},"primaryImageOfPage":{"@id":"https:\/\/boutiqueanimal.co\/producto\/cepillo-furminator\/#primaryimage"},"image":{"@id":"https:\/\/boutiqueanimal.co\/producto\/cepillo-furminator\/#primaryimage"},"thumbnailUrl":"https:\/\/boutiqueanimal.co\/wp-content\/uploads\/2025\/11\/image-b5d9621547d54ea194e1d922851f6942.png","datePublished":"2025-11-01T16:19:11+00:00","dateModified":"2026-03-31T03:51:55+00:00","breadcrumb":{"@id":"https:\/\/boutiqueanimal.co\/producto\/cepillo-furminator\/#breadcrumb"},"inLanguage":"en-US","potentialAction":[{"@type":"ReadAction","target":["https:\/\/boutiqueanimal.co\/producto\/cepillo-furminator\/"]}]},{"@type":"ImageObject","inLanguage":"en-US","@id":"https:\/\/boutiqueanimal.co\/producto\/cepillo-furminator\/#primaryimage","url":"https:\/\/boutiqueanimal.co\/wp-content\/uploads\/2025\/11\/image-b5d9621547d54ea194e1d922851f6942.png","contentUrl":"https:\/\/boutiqueanimal.co\/wp-content\/uploads\/2025\/11\/image-b5d9621547d54ea194e1d922851f6942.png","width":1000,"height":1000},{"@type":"BreadcrumbList","@id":"https:\/\/boutiqueanimal.co\/producto\/cepillo-furminator\/#breadcrumb","itemListElement":[{"@type":"ListItem","position":1,"name":"Inicio","item":"https:\/\/boutiqueanimal.co\/"},{"@type":"ListItem","position":2,"name":"Tienda","item":"https:\/\/boutiqueanimal.co\/tienda\/"},{"@type":"ListItem","position":3,"name":"Cepillo Furminator"}]},{"@type":"WebSite","@id":"https:\/\/boutiqueanimal.co\/#website","url":"https:\/\/boutiqueanimal.co\/","name":"Boutique Animal","description":"Tienda online de productos para mascotas en Colombia. Env\u00edos r\u00e1pidos y gratis en compras superiores a $100.000","publisher":{"@id":"https:\/\/boutiqueanimal.co\/#organization"},"potentialAction":[{"@type":"SearchAction","target":{"@type":"EntryPoint","urlTemplate":"https:\/\/boutiqueanimal.co\/?s={search_term_string}"},"query-input":{"@type":"PropertyValueSpecification","valueRequired":true,"valueName":"search_term_string"}}],"inLanguage":"en-US"},{"@type":"Organization","@id":"https:\/\/boutiqueanimal.co\/#organization","name":"Boutique Animal","url":"https:\/\/boutiqueanimal.co\/","logo":{"@type":"ImageObject","inLanguage":"en-US","@id":"https:\/\/boutiqueanimal.co\/#\/schema\/logo\/image\/","url":"https:\/\/boutiqueanimal.co\/wp-content\/uploads\/2025\/11\/perrito-pc-1024x1024-1.png","contentUrl":"https:\/\/boutiqueanimal.co\/wp-content\/uploads\/2025\/11\/perrito-pc-1024x1024-1.png","width":1024,"height":1024,"caption":"Boutique Animal"},"image":{"@id":"https:\/\/boutiqueanimal.co\/#\/schema\/logo\/image\/"},"sameAs":["https:\/\/www.facebook.com\/BoutiqueAnimalCo"]}]}},"_links":{"self":[{"href":"https:\/\/boutiqueanimal.co\/en\/wp-json\/wp\/v2\/product\/459","targetHints":{"allow":["GET"]}}],"collection":[{"href":"https:\/\/boutiqueanimal.co\/en\/wp-json\/wp\/v2\/product"}],"about":[{"href":"https:\/\/boutiqueanimal.co\/en\/wp-json\/wp\/v2\/types\/product"}],"wp:featuredmedia":[{"embeddable":true,"href":"https:\/\/boutiqueanimal.co\/en\/wp-json\/wp\/v2\/media\/519"}],"wp:attachment":[{"href":"https:\/\/boutiqueanimal.co\/en\/wp-json\/wp\/v2\/media?parent=459"}],"wp:term":[{"taxonomy":"product_brand","embeddable":true,"href":"https:\/\/boutiqueanimal.co\/en\/wp-json\/wp\/v2\/product_brand?post=459"},{"taxonomy":"product_cat","embeddable":true,"href":"https:\/\/boutiqueanimal.co\/en\/wp-json\/wp\/v2\/product_cat?post=459"},{"taxonomy":"product_tag","embeddable":true,"href":"https:\/\/boutiqueanimal.co\/en\/wp-json\/wp\/v2\/product_tag?post=459"}],"curies":[{"name":"wp","href":"https:\/\/api.w.org\/{rel}","templated":true}]}}