{"id":461,"date":"2025-11-01T16:19:11","date_gmt":"2025-11-01T16:19:11","guid":{"rendered":"https:\/\/boutiqueanimal.alojo.app\/wp\/?post_type=product&#038;p=461"},"modified":"2026-02-03T11:32:41","modified_gmt":"2026-02-03T16:32:41","slug":"cama-puff","status":"publish","type":"product","link":"https:\/\/boutiqueanimal.co\/en\/product\/cama-puff\/","title":{"rendered":"Cama Puff"},"content":{"rendered":"<p data-start=\"198\" data-end=\"465\">La <strong data-start=\"201\" data-end=\"225\">Cama Eco Rectangular<\/strong> es ideal para razas peque\u00f1as y medianas. Est\u00e1 fabricada en <strong data-start=\"285\" data-end=\"316\">tela piel de ganso afelpada<\/strong>, suave y confortable, con relleno de <strong data-start=\"354\" data-end=\"380\">recortes de microfibra<\/strong>, lo que la convierte en una opci\u00f3n pr\u00e1ctica, ligera y econ\u00f3mica para tu pelud@. \ud83d\udc36\ud83d\udca4<\/p>\n<p data-start=\"467\" data-end=\"537\"><strong data-start=\"467\" data-end=\"489\">Dise\u00f1os variables:<\/strong> te escribimos para que elijas tu favorito \ud83c\udfa8\u2728<\/p>\n<p data-start=\"539\" data-end=\"568\"><strong data-start=\"539\" data-end=\"566\">\ud83d\udccf Medidas disponibles:<\/strong><\/p>\n<ul data-start=\"569\" data-end=\"636\">\n<li data-start=\"569\" data-end=\"591\">\n<p data-start=\"571\" data-end=\"591\"><strong data-start=\"571\" data-end=\"583\">Peque\u00f1a:<\/strong> 40 cm<\/p>\n<\/li>\n<li data-start=\"592\" data-end=\"614\">\n<p data-start=\"594\" data-end=\"614\"><strong data-start=\"594\" data-end=\"606\">Mediana:<\/strong> 50 cm<\/p>\n<\/li>\n<li data-start=\"615\" data-end=\"636\">\n<p data-start=\"617\" data-end=\"636\"><strong data-start=\"617\" data-end=\"628\">Grande:<\/strong> 60 cm<\/p>\n<\/li>\n<\/ul>\n<p data-start=\"638\" data-end=\"713\"><strong data-start=\"638\" data-end=\"651\">Material:<\/strong> piel de ganso afelpada + relleno en microfibra (l\u00ednea Eco).<\/p>","protected":false},"excerpt":{"rendered":"<p data-start=\"198\" data-end=\"465\">La <strong data-start=\"201\" data-end=\"225\">Cama Eco Rectangular<\/strong> es ideal para razas peque\u00f1as y medianas. Est\u00e1 fabricada en <strong data-start=\"285\" data-end=\"316\">tela piel de ganso afelpada<\/strong>, suave y confortable, con relleno de <strong data-start=\"354\" data-end=\"380\">recortes de microfibra<\/strong>, lo que la convierte en una opci\u00f3n pr\u00e1ctica, ligera y econ\u00f3mica para tu pelud@. \ud83d\udc36\ud83d\udca4<\/p>\n<p data-start=\"467\" data-end=\"537\"><strong data-start=\"467\" data-end=\"489\">Dise\u00f1os variables:<\/strong> te escribimos para que elijas tu favorito \ud83c\udfa8\u2728<\/p>\n<p data-start=\"539\" data-end=\"568\"><strong data-start=\"539\" data-end=\"566\">\ud83d\udccf Medidas disponibles:<\/strong><\/p>\n<ul data-start=\"569\" data-end=\"636\">\n<li data-start=\"569\" data-end=\"591\">\n<p data-start=\"571\" data-end=\"591\"><strong data-start=\"571\" data-end=\"583\">Peque\u00f1a:<\/strong> 40 cm<\/p>\n<\/li>\n<li data-start=\"592\" data-end=\"614\">\n<p data-start=\"594\" data-end=\"614\"><strong data-start=\"594\" data-end=\"606\">Mediana:<\/strong> 50 cm<\/p>\n<\/li>\n<li data-start=\"615\" data-end=\"636\">\n<p data-start=\"617\" data-end=\"636\"><strong data-start=\"617\" data-end=\"628\">Grande:<\/strong> 60 cm<\/p>\n<\/li>\n<\/ul>\n<p data-start=\"638\" data-end=\"713\"><strong data-start=\"638\" data-end=\"651\">Material:<\/strong> piel de ganso afelpada + relleno en microfibra (l\u00ednea Eco).<\/p>","protected":false},"featured_media":531,"template":"","meta":{"_joinchat":[]},"product_brand":[],"product_cat":[37,16,18],"product_tag":[],"class_list":{"0":"post-461","1":"product","2":"type-product","3":"status-publish","4":"has-post-thumbnail","6":"product_cat-descanso","7":"product_cat-gatos","8":"product_cat-perros","9":"product_shipping_class-envio-gratis","12":"first","13":"instock","14":"shipping-taxable","15":"purchasable","16":"product-type-variable"},"yoast_head":"<!-- This site is optimized with the Yoast SEO plugin v27.2 - https:\/\/yoast.com\/product\/yoast-seo-wordpress\/ -->\n<title>Cama Puff - Boutique Animal<\/title>\n<meta name=\"robots\" content=\"index, follow, max-snippet:-1, max-image-preview:large, max-video-preview:-1\" \/>\n<link rel=\"canonical\" href=\"https:\/\/boutiqueanimal.co\/en\/product\/cama-puff\/\" \/>\n<meta property=\"og:locale\" content=\"en_US\" \/>\n<meta property=\"og:type\" content=\"article\" \/>\n<meta property=\"og:title\" content=\"Cama Puff - Boutique Animal\" \/>\n<meta property=\"og:description\" content=\"La Cama Eco Rectangular es ideal para razas peque\u00f1as y medianas. Est\u00e1 fabricada en tela piel de ganso afelpada, suave y confortable, con relleno de recortes de microfibra, lo que la convierte en una opci\u00f3n pr\u00e1ctica, ligera y econ\u00f3mica para tu pelud@. \ud83d\udc36\ud83d\udca4 Dise\u00f1os variables: te escribimos para que elijas tu favorito \ud83c\udfa8\u2728 \ud83d\udccf Medidas disponibles:     Peque\u00f1a: 40 cm    Mediana: 50 cm    Grande: 60 cm   Material: piel de ganso afelpada + relleno en microfibra (l\u00ednea Eco).\" \/>\n<meta property=\"og:url\" content=\"https:\/\/boutiqueanimal.co\/en\/product\/cama-puff\/\" \/>\n<meta property=\"og:site_name\" content=\"Boutique Animal\" \/>\n<meta property=\"article:publisher\" content=\"https:\/\/www.facebook.com\/BoutiqueAnimalCo\" \/>\n<meta property=\"article:modified_time\" content=\"2026-02-03T16:32:41+00:00\" \/>\n<meta property=\"og:image\" content=\"https:\/\/boutiqueanimal.co\/wp-content\/uploads\/2025\/11\/Cama-3.jpg\" \/>\n\t<meta property=\"og:image:width\" content=\"1800\" \/>\n\t<meta property=\"og:image:height\" content=\"1800\" \/>\n\t<meta property=\"og:image:type\" content=\"image\/jpeg\" \/>\n<meta name=\"twitter:card\" content=\"summary_large_image\" \/>\n<script type=\"application\/ld+json\" class=\"yoast-schema-graph\">{\"@context\":\"https:\/\/schema.org\",\"@graph\":[{\"@type\":\"WebPage\",\"@id\":\"https:\/\/boutiqueanimal.co\/producto\/cama-puff\/\",\"url\":\"https:\/\/boutiqueanimal.co\/producto\/cama-puff\/\",\"name\":\"Cama Puff - Boutique Animal\",\"isPartOf\":{\"@id\":\"https:\/\/boutiqueanimal.co\/#website\"},\"primaryImageOfPage\":{\"@id\":\"https:\/\/boutiqueanimal.co\/producto\/cama-puff\/#primaryimage\"},\"image\":{\"@id\":\"https:\/\/boutiqueanimal.co\/producto\/cama-puff\/#primaryimage\"},\"thumbnailUrl\":\"https:\/\/boutiqueanimal.co\/wp-content\/uploads\/2025\/11\/Cama-3.jpg\",\"datePublished\":\"2025-11-01T16:19:11+00:00\",\"dateModified\":\"2026-02-03T16:32:41+00:00\",\"breadcrumb\":{\"@id\":\"https:\/\/boutiqueanimal.co\/producto\/cama-puff\/#breadcrumb\"},\"inLanguage\":\"en-US\",\"potentialAction\":[{\"@type\":\"ReadAction\",\"target\":[\"https:\/\/boutiqueanimal.co\/producto\/cama-puff\/\"]}]},{\"@type\":\"ImageObject\",\"inLanguage\":\"en-US\",\"@id\":\"https:\/\/boutiqueanimal.co\/producto\/cama-puff\/#primaryimage\",\"url\":\"https:\/\/boutiqueanimal.co\/wp-content\/uploads\/2025\/11\/Cama-3.jpg\",\"contentUrl\":\"https:\/\/boutiqueanimal.co\/wp-content\/uploads\/2025\/11\/Cama-3.jpg\",\"width\":1800,\"height\":1800},{\"@type\":\"BreadcrumbList\",\"@id\":\"https:\/\/boutiqueanimal.co\/producto\/cama-puff\/#breadcrumb\",\"itemListElement\":[{\"@type\":\"ListItem\",\"position\":1,\"name\":\"Inicio\",\"item\":\"https:\/\/boutiqueanimal.co\/\"},{\"@type\":\"ListItem\",\"position\":2,\"name\":\"Tienda\",\"item\":\"https:\/\/boutiqueanimal.co\/tienda\/\"},{\"@type\":\"ListItem\",\"position\":3,\"name\":\"Cama Puff\"}]},{\"@type\":\"WebSite\",\"@id\":\"https:\/\/boutiqueanimal.co\/#website\",\"url\":\"https:\/\/boutiqueanimal.co\/\",\"name\":\"Boutique Animal\",\"description\":\"Tienda online de productos para mascotas en Colombia. Env\u00edos r\u00e1pidos y gratis en compras superiores a $100.000\",\"publisher\":{\"@id\":\"https:\/\/boutiqueanimal.co\/#organization\"},\"potentialAction\":[{\"@type\":\"SearchAction\",\"target\":{\"@type\":\"EntryPoint\",\"urlTemplate\":\"https:\/\/boutiqueanimal.co\/?s={search_term_string}\"},\"query-input\":{\"@type\":\"PropertyValueSpecification\",\"valueRequired\":true,\"valueName\":\"search_term_string\"}}],\"inLanguage\":\"en-US\"},{\"@type\":\"Organization\",\"@id\":\"https:\/\/boutiqueanimal.co\/#organization\",\"name\":\"Boutique Animal\",\"url\":\"https:\/\/boutiqueanimal.co\/\",\"logo\":{\"@type\":\"ImageObject\",\"inLanguage\":\"en-US\",\"@id\":\"https:\/\/boutiqueanimal.co\/#\/schema\/logo\/image\/\",\"url\":\"https:\/\/boutiqueanimal.co\/wp-content\/uploads\/2025\/11\/perrito-pc-1024x1024-1.png\",\"contentUrl\":\"https:\/\/boutiqueanimal.co\/wp-content\/uploads\/2025\/11\/perrito-pc-1024x1024-1.png\",\"width\":1024,\"height\":1024,\"caption\":\"Boutique Animal\"},\"image\":{\"@id\":\"https:\/\/boutiqueanimal.co\/#\/schema\/logo\/image\/\"},\"sameAs\":[\"https:\/\/www.facebook.com\/BoutiqueAnimalCo\"]}]}<\/script>\n<!-- \/ Yoast SEO plugin. -->","yoast_head_json":{"title":"Cama Puff - Boutique Animal","robots":{"index":"index","follow":"follow","max-snippet":"max-snippet:-1","max-image-preview":"max-image-preview:large","max-video-preview":"max-video-preview:-1"},"canonical":"https:\/\/boutiqueanimal.co\/en\/product\/cama-puff\/","og_locale":"en_US","og_type":"article","og_title":"Cama Puff - Boutique Animal","og_description":"La Cama Eco Rectangular es ideal para razas peque\u00f1as y medianas. Est\u00e1 fabricada en tela piel de ganso afelpada, suave y confortable, con relleno de recortes de microfibra, lo que la convierte en una opci\u00f3n pr\u00e1ctica, ligera y econ\u00f3mica para tu pelud@. \ud83d\udc36\ud83d\udca4 Dise\u00f1os variables: te escribimos para que elijas tu favorito \ud83c\udfa8\u2728 \ud83d\udccf Medidas disponibles:     Peque\u00f1a: 40 cm    Mediana: 50 cm    Grande: 60 cm   Material: piel de ganso afelpada + relleno en microfibra (l\u00ednea Eco).","og_url":"https:\/\/boutiqueanimal.co\/en\/product\/cama-puff\/","og_site_name":"Boutique Animal","article_publisher":"https:\/\/www.facebook.com\/BoutiqueAnimalCo","article_modified_time":"2026-02-03T16:32:41+00:00","og_image":[{"width":1800,"height":1800,"url":"https:\/\/boutiqueanimal.co\/wp-content\/uploads\/2025\/11\/Cama-3.jpg","type":"image\/jpeg"}],"twitter_card":"summary_large_image","schema":{"@context":"https:\/\/schema.org","@graph":[{"@type":"WebPage","@id":"https:\/\/boutiqueanimal.co\/producto\/cama-puff\/","url":"https:\/\/boutiqueanimal.co\/producto\/cama-puff\/","name":"Cama Puff - Boutique Animal","isPartOf":{"@id":"https:\/\/boutiqueanimal.co\/#website"},"primaryImageOfPage":{"@id":"https:\/\/boutiqueanimal.co\/producto\/cama-puff\/#primaryimage"},"image":{"@id":"https:\/\/boutiqueanimal.co\/producto\/cama-puff\/#primaryimage"},"thumbnailUrl":"https:\/\/boutiqueanimal.co\/wp-content\/uploads\/2025\/11\/Cama-3.jpg","datePublished":"2025-11-01T16:19:11+00:00","dateModified":"2026-02-03T16:32:41+00:00","breadcrumb":{"@id":"https:\/\/boutiqueanimal.co\/producto\/cama-puff\/#breadcrumb"},"inLanguage":"en-US","potentialAction":[{"@type":"ReadAction","target":["https:\/\/boutiqueanimal.co\/producto\/cama-puff\/"]}]},{"@type":"ImageObject","inLanguage":"en-US","@id":"https:\/\/boutiqueanimal.co\/producto\/cama-puff\/#primaryimage","url":"https:\/\/boutiqueanimal.co\/wp-content\/uploads\/2025\/11\/Cama-3.jpg","contentUrl":"https:\/\/boutiqueanimal.co\/wp-content\/uploads\/2025\/11\/Cama-3.jpg","width":1800,"height":1800},{"@type":"BreadcrumbList","@id":"https:\/\/boutiqueanimal.co\/producto\/cama-puff\/#breadcrumb","itemListElement":[{"@type":"ListItem","position":1,"name":"Inicio","item":"https:\/\/boutiqueanimal.co\/"},{"@type":"ListItem","position":2,"name":"Tienda","item":"https:\/\/boutiqueanimal.co\/tienda\/"},{"@type":"ListItem","position":3,"name":"Cama Puff"}]},{"@type":"WebSite","@id":"https:\/\/boutiqueanimal.co\/#website","url":"https:\/\/boutiqueanimal.co\/","name":"Boutique Animal","description":"Tienda online de productos para mascotas en Colombia. Env\u00edos r\u00e1pidos y gratis en compras superiores a $100.000","publisher":{"@id":"https:\/\/boutiqueanimal.co\/#organization"},"potentialAction":[{"@type":"SearchAction","target":{"@type":"EntryPoint","urlTemplate":"https:\/\/boutiqueanimal.co\/?s={search_term_string}"},"query-input":{"@type":"PropertyValueSpecification","valueRequired":true,"valueName":"search_term_string"}}],"inLanguage":"en-US"},{"@type":"Organization","@id":"https:\/\/boutiqueanimal.co\/#organization","name":"Boutique Animal","url":"https:\/\/boutiqueanimal.co\/","logo":{"@type":"ImageObject","inLanguage":"en-US","@id":"https:\/\/boutiqueanimal.co\/#\/schema\/logo\/image\/","url":"https:\/\/boutiqueanimal.co\/wp-content\/uploads\/2025\/11\/perrito-pc-1024x1024-1.png","contentUrl":"https:\/\/boutiqueanimal.co\/wp-content\/uploads\/2025\/11\/perrito-pc-1024x1024-1.png","width":1024,"height":1024,"caption":"Boutique Animal"},"image":{"@id":"https:\/\/boutiqueanimal.co\/#\/schema\/logo\/image\/"},"sameAs":["https:\/\/www.facebook.com\/BoutiqueAnimalCo"]}]}},"_links":{"self":[{"href":"https:\/\/boutiqueanimal.co\/en\/wp-json\/wp\/v2\/product\/461","targetHints":{"allow":["GET"]}}],"collection":[{"href":"https:\/\/boutiqueanimal.co\/en\/wp-json\/wp\/v2\/product"}],"about":[{"href":"https:\/\/boutiqueanimal.co\/en\/wp-json\/wp\/v2\/types\/product"}],"wp:featuredmedia":[{"embeddable":true,"href":"https:\/\/boutiqueanimal.co\/en\/wp-json\/wp\/v2\/media\/531"}],"wp:attachment":[{"href":"https:\/\/boutiqueanimal.co\/en\/wp-json\/wp\/v2\/media?parent=461"}],"wp:term":[{"taxonomy":"product_brand","embeddable":true,"href":"https:\/\/boutiqueanimal.co\/en\/wp-json\/wp\/v2\/product_brand?post=461"},{"taxonomy":"product_cat","embeddable":true,"href":"https:\/\/boutiqueanimal.co\/en\/wp-json\/wp\/v2\/product_cat?post=461"},{"taxonomy":"product_tag","embeddable":true,"href":"https:\/\/boutiqueanimal.co\/en\/wp-json\/wp\/v2\/product_tag?post=461"}],"curies":[{"name":"wp","href":"https:\/\/api.w.org\/{rel}","templated":true}]}}