{"id":465,"date":"2025-11-01T16:19:11","date_gmt":"2025-11-01T16:19:11","guid":{"rendered":"https:\/\/boutiqueanimal.alojo.app\/wp\/?post_type=product&#038;p=465"},"modified":"2026-05-07T13:05:59","modified_gmt":"2026-05-07T18:05:59","slug":"maquina-wahl-pet-clipper","status":"publish","type":"product","link":"https:\/\/boutiqueanimal.co\/en\/product\/maquina-wahl-pet-clipper\/","title":{"rendered":"Maquina Wahl pet clipper"},"content":{"rendered":"<ul>\n<li data-start=\"1027\" data-end=\"1050\">\n<h2 data-start=\"187\" data-end=\"260\">\u2702\ufe0f Wahl Pet Clipper \u2013 Recortadora para Perros y Gatos \ud83d\udc36\ud83d\udc31<\/h2>\n<p data-start=\"262\" data-end=\"559\">La Wahl Pet Clipper es la herramienta perfecta para cuidar el pelaje de tu mascota desde casa con resultados profesionales: cortes limpios, c\u00f3modos y sin estr\u00e9s. Con un dise\u00f1o confiable, motor eficaz y mantenimiento sencillo.<\/p>\n<h3 data-start=\"561\" data-end=\"595\">\u2705 Lo mejor de esta recortadora<\/h3>\n<ul data-start=\"597\" data-end=\"1565\">\n<li data-start=\"597\" data-end=\"737\">\n<p data-start=\"599\" data-end=\"737\">\u2699\ufe0f <strong data-start=\"602\" data-end=\"631\">Motor potente y confiable<\/strong> \u2014 capaz de cortar pelajes finos, medianos o suaves con facilidad.<\/p>\n<\/li>\n<li data-start=\"1027\" data-end=\"1223\">\n<p data-start=\"1029\" data-end=\"1223\">\ud83e\uddf0 <strong data-start=\"1032\" data-end=\"1061\">Incluye accesorios \u00fatiles<\/strong> \u2014 peines gu\u00eda para diferentes largos, cepillo de limpieza, aceite para cuchillas y estuche, para un mantenimiento c\u00f3modo.<\/p>\n<\/li>\n<li data-start=\"1403\" data-end=\"1565\">\n<p data-start=\"1405\" data-end=\"1565\">\u2705 <strong data-start=\"1407\" data-end=\"1460\">Apta para perros y gatos con pelaje corto o medio<\/strong> \u2014 ideal para mantenimiento regular, recortes o cortes completos.<\/p>\n<\/li>\n<\/ul>\n<h3 data-start=\"1567\" data-end=\"1593\">\ud83d\udce6 Qu\u00e9 incluye el pack<\/h3>\n<ul data-start=\"1595\" data-end=\"1792\">\n<li data-start=\"1595\" data-end=\"1618\">\n<p data-start=\"1597\" data-end=\"1618\">M\u00e1quina recortadora<\/p>\n<\/li>\n<li data-start=\"1619\" data-end=\"1656\">\n<p data-start=\"1621\" data-end=\"1656\">Peines gu\u00eda para distintos largos<\/p>\n<\/li>\n<li data-start=\"1657\" data-end=\"1680\">\n<p data-start=\"1659\" data-end=\"1680\">Cepillo de limpieza<\/p>\n<\/li>\n<li data-start=\"1681\" data-end=\"1717\">\n<p data-start=\"1683\" data-end=\"1717\">Aceite lubricante para cuchillas<\/p>\n<\/li>\n<li data-start=\"1718\" data-end=\"1792\">\n<p data-start=\"1720\" data-end=\"1792\">Manual y estuche.<\/p>\n<\/li>\n<\/ul>\n<\/li>\n<\/ul>","protected":false},"excerpt":{"rendered":"<p>\u2702\ufe0f Wahl Pet Clipper \u2013 Recortadora para Perros y Gatos \ud83d\udc36\ud83d\udc31 La Wahl Pet Clipper es la herramienta perfecta para cuidar el pelaje de tu mascota desde casa con resultados profesionales: cortes limpios, c\u00f3modos y sin estr\u00e9s. Con un dise\u00f1o confiable, motor eficaz y mantenimiento sencillo. \u2705 Lo mejor de esta recortadora \u2699\ufe0f Motor potente y confiable \u2014 capaz de cortar pelajes finos, medianos o suaves con facilidad. \ud83e\uddf0 Incluye accesorios \u00fatiles \u2014 peines gu\u00eda para diferentes largos, cepillo de limpieza, aceite para cuchillas y estuche, para un mantenimiento c\u00f3modo. \u2705 Apta para perros y gatos con pelaje corto o medio \u2014 ideal para mantenimiento regular, recortes o cortes completos. \ud83d\udce6 Qu\u00e9 incluye el pack M\u00e1quina recortadora Peines gu\u00eda para distintos largos Cepillo de limpieza Aceite lubricante para cuchillas Manual y estuche.<\/p>","protected":false},"featured_media":540,"template":"","meta":{"_joinchat":[]},"product_brand":[],"product_cat":[22,19,38,18,24],"product_tag":[],"class_list":{"0":"post-465","1":"product","2":"type-product","3":"status-publish","4":"has-post-thumbnail","6":"product_cat-grooming","7":"product_cat-higiene-perros","8":"product_cat-maquinas","9":"product_cat-perros","10":"product_cat-productos-nuevos","11":"product_shipping_class-envio-gratis","14":"first","15":"instock","16":"shipping-taxable","17":"purchasable","18":"product-type-simple"},"yoast_head":"<!-- This site is optimized with the Yoast SEO plugin v27.2 - https:\/\/yoast.com\/product\/yoast-seo-wordpress\/ -->\n<title>Maquina Wahl pet clipper - Boutique Animal<\/title>\n<meta name=\"robots\" content=\"index, follow, max-snippet:-1, max-image-preview:large, max-video-preview:-1\" \/>\n<link rel=\"canonical\" href=\"https:\/\/boutiqueanimal.co\/en\/product\/maquina-wahl-pet-clipper\/\" \/>\n<meta property=\"og:locale\" content=\"en_US\" \/>\n<meta property=\"og:type\" content=\"article\" \/>\n<meta property=\"og:title\" content=\"Maquina Wahl pet clipper - Boutique Animal\" \/>\n<meta property=\"og:description\" content=\"\u2702\ufe0f Wahl Pet Clipper \u2013 Recortadora para Perros y Gatos \ud83d\udc36\ud83d\udc31 La Wahl Pet Clipper es la herramienta perfecta para cuidar el pelaje de tu mascota desde casa con resultados profesionales: cortes limpios, c\u00f3modos y sin estr\u00e9s. Con un dise\u00f1o confiable, motor eficaz y mantenimiento sencillo. \u2705 Lo mejor de esta recortadora \u2699\ufe0f Motor potente y confiable \u2014 capaz de cortar pelajes finos, medianos o suaves con facilidad. \ud83e\uddf0 Incluye accesorios \u00fatiles \u2014 peines gu\u00eda para diferentes largos, cepillo de limpieza, aceite para cuchillas y estuche, para un mantenimiento c\u00f3modo. \u2705 Apta para perros y gatos con pelaje corto o medio \u2014 ideal para mantenimiento regular, recortes o cortes completos. \ud83d\udce6 Qu\u00e9 incluye el pack M\u00e1quina recortadora Peines gu\u00eda para distintos largos Cepillo de limpieza Aceite lubricante para cuchillas Manual y estuche.\" \/>\n<meta property=\"og:url\" content=\"https:\/\/boutiqueanimal.co\/en\/product\/maquina-wahl-pet-clipper\/\" \/>\n<meta property=\"og:site_name\" content=\"Boutique Animal\" \/>\n<meta property=\"article:publisher\" content=\"https:\/\/www.facebook.com\/BoutiqueAnimalCo\" \/>\n<meta property=\"article:modified_time\" content=\"2026-05-07T18:05:59+00:00\" \/>\n<meta property=\"og:image\" content=\"https:\/\/boutiqueanimal.co\/wp-content\/uploads\/2025\/11\/maquina-recortadora-a-baterias-wahl-groomsman-13-piezas-475-476-485.jpg\" \/>\n\t<meta property=\"og:image:width\" content=\"800\" \/>\n\t<meta property=\"og:image:height\" content=\"800\" \/>\n\t<meta property=\"og:image:type\" content=\"image\/jpeg\" \/>\n<meta name=\"twitter:card\" content=\"summary_large_image\" \/>\n<meta name=\"twitter:label1\" content=\"Est. reading time\" \/>\n\t<meta name=\"twitter:data1\" content=\"1 minute\" \/>\n<script type=\"application\/ld+json\" class=\"yoast-schema-graph\">{\"@context\":\"https:\/\/schema.org\",\"@graph\":[{\"@type\":\"WebPage\",\"@id\":\"https:\/\/boutiqueanimal.co\/producto\/maquina-wahl-pet-clipper\/\",\"url\":\"https:\/\/boutiqueanimal.co\/producto\/maquina-wahl-pet-clipper\/\",\"name\":\"Maquina Wahl pet clipper - Boutique Animal\",\"isPartOf\":{\"@id\":\"https:\/\/boutiqueanimal.co\/#website\"},\"primaryImageOfPage\":{\"@id\":\"https:\/\/boutiqueanimal.co\/producto\/maquina-wahl-pet-clipper\/#primaryimage\"},\"image\":{\"@id\":\"https:\/\/boutiqueanimal.co\/producto\/maquina-wahl-pet-clipper\/#primaryimage\"},\"thumbnailUrl\":\"https:\/\/boutiqueanimal.co\/wp-content\/uploads\/2025\/11\/maquina-recortadora-a-baterias-wahl-groomsman-13-piezas-475-476-485.jpg\",\"datePublished\":\"2025-11-01T16:19:11+00:00\",\"dateModified\":\"2026-05-07T18:05:59+00:00\",\"breadcrumb\":{\"@id\":\"https:\/\/boutiqueanimal.co\/producto\/maquina-wahl-pet-clipper\/#breadcrumb\"},\"inLanguage\":\"en-US\",\"potentialAction\":[{\"@type\":\"ReadAction\",\"target\":[\"https:\/\/boutiqueanimal.co\/producto\/maquina-wahl-pet-clipper\/\"]}]},{\"@type\":\"ImageObject\",\"inLanguage\":\"en-US\",\"@id\":\"https:\/\/boutiqueanimal.co\/producto\/maquina-wahl-pet-clipper\/#primaryimage\",\"url\":\"https:\/\/boutiqueanimal.co\/wp-content\/uploads\/2025\/11\/maquina-recortadora-a-baterias-wahl-groomsman-13-piezas-475-476-485.jpg\",\"contentUrl\":\"https:\/\/boutiqueanimal.co\/wp-content\/uploads\/2025\/11\/maquina-recortadora-a-baterias-wahl-groomsman-13-piezas-475-476-485.jpg\",\"width\":800,\"height\":800},{\"@type\":\"BreadcrumbList\",\"@id\":\"https:\/\/boutiqueanimal.co\/producto\/maquina-wahl-pet-clipper\/#breadcrumb\",\"itemListElement\":[{\"@type\":\"ListItem\",\"position\":1,\"name\":\"Inicio\",\"item\":\"https:\/\/boutiqueanimal.co\/\"},{\"@type\":\"ListItem\",\"position\":2,\"name\":\"Tienda\",\"item\":\"https:\/\/boutiqueanimal.co\/tienda\/\"},{\"@type\":\"ListItem\",\"position\":3,\"name\":\"Maquina Wahl pet clipper\"}]},{\"@type\":\"WebSite\",\"@id\":\"https:\/\/boutiqueanimal.co\/#website\",\"url\":\"https:\/\/boutiqueanimal.co\/\",\"name\":\"Boutique Animal\",\"description\":\"Tienda online de productos para mascotas en Colombia. Env\u00edos r\u00e1pidos y gratis en compras superiores a $100.000\",\"publisher\":{\"@id\":\"https:\/\/boutiqueanimal.co\/#organization\"},\"potentialAction\":[{\"@type\":\"SearchAction\",\"target\":{\"@type\":\"EntryPoint\",\"urlTemplate\":\"https:\/\/boutiqueanimal.co\/?s={search_term_string}\"},\"query-input\":{\"@type\":\"PropertyValueSpecification\",\"valueRequired\":true,\"valueName\":\"search_term_string\"}}],\"inLanguage\":\"en-US\"},{\"@type\":\"Organization\",\"@id\":\"https:\/\/boutiqueanimal.co\/#organization\",\"name\":\"Boutique Animal\",\"url\":\"https:\/\/boutiqueanimal.co\/\",\"logo\":{\"@type\":\"ImageObject\",\"inLanguage\":\"en-US\",\"@id\":\"https:\/\/boutiqueanimal.co\/#\/schema\/logo\/image\/\",\"url\":\"https:\/\/boutiqueanimal.co\/wp-content\/uploads\/2025\/11\/perrito-pc-1024x1024-1.png\",\"contentUrl\":\"https:\/\/boutiqueanimal.co\/wp-content\/uploads\/2025\/11\/perrito-pc-1024x1024-1.png\",\"width\":1024,\"height\":1024,\"caption\":\"Boutique Animal\"},\"image\":{\"@id\":\"https:\/\/boutiqueanimal.co\/#\/schema\/logo\/image\/\"},\"sameAs\":[\"https:\/\/www.facebook.com\/BoutiqueAnimalCo\"]}]}<\/script>\n<!-- \/ Yoast SEO plugin. -->","yoast_head_json":{"title":"Maquina Wahl pet clipper - Boutique Animal","robots":{"index":"index","follow":"follow","max-snippet":"max-snippet:-1","max-image-preview":"max-image-preview:large","max-video-preview":"max-video-preview:-1"},"canonical":"https:\/\/boutiqueanimal.co\/en\/product\/maquina-wahl-pet-clipper\/","og_locale":"en_US","og_type":"article","og_title":"Maquina Wahl pet clipper - Boutique Animal","og_description":"\u2702\ufe0f Wahl Pet Clipper \u2013 Recortadora para Perros y Gatos \ud83d\udc36\ud83d\udc31 La Wahl Pet Clipper es la herramienta perfecta para cuidar el pelaje de tu mascota desde casa con resultados profesionales: cortes limpios, c\u00f3modos y sin estr\u00e9s. Con un dise\u00f1o confiable, motor eficaz y mantenimiento sencillo. \u2705 Lo mejor de esta recortadora \u2699\ufe0f Motor potente y confiable \u2014 capaz de cortar pelajes finos, medianos o suaves con facilidad. \ud83e\uddf0 Incluye accesorios \u00fatiles \u2014 peines gu\u00eda para diferentes largos, cepillo de limpieza, aceite para cuchillas y estuche, para un mantenimiento c\u00f3modo. \u2705 Apta para perros y gatos con pelaje corto o medio \u2014 ideal para mantenimiento regular, recortes o cortes completos. \ud83d\udce6 Qu\u00e9 incluye el pack M\u00e1quina recortadora Peines gu\u00eda para distintos largos Cepillo de limpieza Aceite lubricante para cuchillas Manual y estuche.","og_url":"https:\/\/boutiqueanimal.co\/en\/product\/maquina-wahl-pet-clipper\/","og_site_name":"Boutique Animal","article_publisher":"https:\/\/www.facebook.com\/BoutiqueAnimalCo","article_modified_time":"2026-05-07T18:05:59+00:00","og_image":[{"width":800,"height":800,"url":"https:\/\/boutiqueanimal.co\/wp-content\/uploads\/2025\/11\/maquina-recortadora-a-baterias-wahl-groomsman-13-piezas-475-476-485.jpg","type":"image\/jpeg"}],"twitter_card":"summary_large_image","twitter_misc":{"Est. reading time":"1 minute"},"schema":{"@context":"https:\/\/schema.org","@graph":[{"@type":"WebPage","@id":"https:\/\/boutiqueanimal.co\/producto\/maquina-wahl-pet-clipper\/","url":"https:\/\/boutiqueanimal.co\/producto\/maquina-wahl-pet-clipper\/","name":"Maquina Wahl pet clipper - Boutique Animal","isPartOf":{"@id":"https:\/\/boutiqueanimal.co\/#website"},"primaryImageOfPage":{"@id":"https:\/\/boutiqueanimal.co\/producto\/maquina-wahl-pet-clipper\/#primaryimage"},"image":{"@id":"https:\/\/boutiqueanimal.co\/producto\/maquina-wahl-pet-clipper\/#primaryimage"},"thumbnailUrl":"https:\/\/boutiqueanimal.co\/wp-content\/uploads\/2025\/11\/maquina-recortadora-a-baterias-wahl-groomsman-13-piezas-475-476-485.jpg","datePublished":"2025-11-01T16:19:11+00:00","dateModified":"2026-05-07T18:05:59+00:00","breadcrumb":{"@id":"https:\/\/boutiqueanimal.co\/producto\/maquina-wahl-pet-clipper\/#breadcrumb"},"inLanguage":"en-US","potentialAction":[{"@type":"ReadAction","target":["https:\/\/boutiqueanimal.co\/producto\/maquina-wahl-pet-clipper\/"]}]},{"@type":"ImageObject","inLanguage":"en-US","@id":"https:\/\/boutiqueanimal.co\/producto\/maquina-wahl-pet-clipper\/#primaryimage","url":"https:\/\/boutiqueanimal.co\/wp-content\/uploads\/2025\/11\/maquina-recortadora-a-baterias-wahl-groomsman-13-piezas-475-476-485.jpg","contentUrl":"https:\/\/boutiqueanimal.co\/wp-content\/uploads\/2025\/11\/maquina-recortadora-a-baterias-wahl-groomsman-13-piezas-475-476-485.jpg","width":800,"height":800},{"@type":"BreadcrumbList","@id":"https:\/\/boutiqueanimal.co\/producto\/maquina-wahl-pet-clipper\/#breadcrumb","itemListElement":[{"@type":"ListItem","position":1,"name":"Inicio","item":"https:\/\/boutiqueanimal.co\/"},{"@type":"ListItem","position":2,"name":"Tienda","item":"https:\/\/boutiqueanimal.co\/tienda\/"},{"@type":"ListItem","position":3,"name":"Maquina Wahl pet clipper"}]},{"@type":"WebSite","@id":"https:\/\/boutiqueanimal.co\/#website","url":"https:\/\/boutiqueanimal.co\/","name":"Boutique Animal","description":"Tienda online de productos para mascotas en Colombia. Env\u00edos r\u00e1pidos y gratis en compras superiores a $100.000","publisher":{"@id":"https:\/\/boutiqueanimal.co\/#organization"},"potentialAction":[{"@type":"SearchAction","target":{"@type":"EntryPoint","urlTemplate":"https:\/\/boutiqueanimal.co\/?s={search_term_string}"},"query-input":{"@type":"PropertyValueSpecification","valueRequired":true,"valueName":"search_term_string"}}],"inLanguage":"en-US"},{"@type":"Organization","@id":"https:\/\/boutiqueanimal.co\/#organization","name":"Boutique Animal","url":"https:\/\/boutiqueanimal.co\/","logo":{"@type":"ImageObject","inLanguage":"en-US","@id":"https:\/\/boutiqueanimal.co\/#\/schema\/logo\/image\/","url":"https:\/\/boutiqueanimal.co\/wp-content\/uploads\/2025\/11\/perrito-pc-1024x1024-1.png","contentUrl":"https:\/\/boutiqueanimal.co\/wp-content\/uploads\/2025\/11\/perrito-pc-1024x1024-1.png","width":1024,"height":1024,"caption":"Boutique Animal"},"image":{"@id":"https:\/\/boutiqueanimal.co\/#\/schema\/logo\/image\/"},"sameAs":["https:\/\/www.facebook.com\/BoutiqueAnimalCo"]}]}},"_links":{"self":[{"href":"https:\/\/boutiqueanimal.co\/en\/wp-json\/wp\/v2\/product\/465","targetHints":{"allow":["GET"]}}],"collection":[{"href":"https:\/\/boutiqueanimal.co\/en\/wp-json\/wp\/v2\/product"}],"about":[{"href":"https:\/\/boutiqueanimal.co\/en\/wp-json\/wp\/v2\/types\/product"}],"wp:featuredmedia":[{"embeddable":true,"href":"https:\/\/boutiqueanimal.co\/en\/wp-json\/wp\/v2\/media\/540"}],"wp:attachment":[{"href":"https:\/\/boutiqueanimal.co\/en\/wp-json\/wp\/v2\/media?parent=465"}],"wp:term":[{"taxonomy":"product_brand","embeddable":true,"href":"https:\/\/boutiqueanimal.co\/en\/wp-json\/wp\/v2\/product_brand?post=465"},{"taxonomy":"product_cat","embeddable":true,"href":"https:\/\/boutiqueanimal.co\/en\/wp-json\/wp\/v2\/product_cat?post=465"},{"taxonomy":"product_tag","embeddable":true,"href":"https:\/\/boutiqueanimal.co\/en\/wp-json\/wp\/v2\/product_tag?post=465"}],"curies":[{"name":"wp","href":"https:\/\/api.w.org\/{rel}","templated":true}]}}