{"id":468,"date":"2025-11-01T16:19:11","date_gmt":"2025-11-01T16:19:11","guid":{"rendered":"https:\/\/boutiqueanimal.alojo.app\/wp\/?post_type=product&#038;p=468"},"modified":"2025-11-27T19:54:37","modified_gmt":"2025-11-27T19:54:37","slug":"placa-personalizada-collar","status":"publish","type":"product","link":"https:\/\/boutiqueanimal.co\/en\/product\/placa-personalizada-collar\/","title":{"rendered":"Placa Personalizada + Collar"},"content":{"rendered":"<p data-start=\"179\" data-end=\"378\">Placas en <strong data-start=\"189\" data-end=\"209\">acero inoxidable<\/strong> marcadas con el <strong data-start=\"226\" data-end=\"247\">nombre de tu beb\u00e9<\/strong>, <strong data-start=\"249\" data-end=\"273\">tel\u00e9fono de contacto<\/strong> y el <strong data-start=\"279\" data-end=\"304\">nombre de mam\u00e1 o pap\u00e1<\/strong>.<br data-start=\"305\" data-end=\"308\" \/>Al confirmar los datos, te <strong data-start=\"335\" data-end=\"358\">incluimos un collar<\/strong> para tu mascota \ud83d\udc9b.<\/p>\n<h3 data-start=\"380\" data-end=\"418\"><strong data-start=\"384\" data-end=\"418\">Modelos y medidas disponibles:<\/strong><\/h3>\n<p data-start=\"420\" data-end=\"442\">\ud83d\udc36 <strong data-start=\"423\" data-end=\"440\">Placa Huesito<\/strong><\/p>\n<ul data-start=\"443\" data-end=\"499\">\n<li data-start=\"443\" data-end=\"471\">\n<p data-start=\"445\" data-end=\"471\">Peque\u00f1a: <strong data-start=\"454\" data-end=\"469\">2 cm x 3 cm<\/strong><\/p>\n<\/li>\n<li data-start=\"472\" data-end=\"499\">\n<p data-start=\"474\" data-end=\"499\">Grande: <strong data-start=\"482\" data-end=\"499\">3 cm x 4.5 cm<\/strong><\/p>\n<\/li>\n<\/ul>\n<p data-start=\"583\" data-end=\"652\">\u2728 <strong data-start=\"585\" data-end=\"598\">Material:<\/strong> acero inoxidable resistente, no se oxida ni despinta.<\/p>\n<p data-start=\"654\" data-end=\"745\">\ud83d\udcf2 <strong data-start=\"657\" data-end=\"672\">IMPORTANTE:<\/strong><br data-start=\"672\" data-end=\"675\" \/><strong data-start=\"675\" data-end=\"745\">Te contactaremos v\u00eda WhatsApp para confirmar los datos de tu beb\u00e9.<\/strong><\/p>\n<p>&nbsp;<\/p>","protected":false},"excerpt":{"rendered":"<p>Placas en acero inoxidable marcadas con el nombre de tu beb\u00e9, tel\u00e9fono de contacto y el nombre de mam\u00e1 o pap\u00e1.Al confirmar los datos, te incluimos un collar para tu mascota \ud83d\udc9b. Modelos y medidas disponibles: \ud83d\udc36 Placa Huesito Peque\u00f1a: 2 cm x 3 cm Grande: 3 cm x 4.5 cm \u2728 Material: acero inoxidable resistente, no se oxida ni despinta. \ud83d\udcf2 IMPORTANTE:Te contactaremos v\u00eda WhatsApp para confirmar los datos de tu beb\u00e9. &nbsp;<\/p>","protected":false},"featured_media":570,"template":"","meta":{"_joinchat":[]},"product_brand":[],"product_cat":[28,29,16,18,24],"product_tag":[],"class_list":{"0":"post-468","1":"product","2":"type-product","3":"status-publish","4":"has-post-thumbnail","6":"product_cat-accesorios","7":"product_cat-accesorios-perros","8":"product_cat-gatos","9":"product_cat-perros","10":"product_cat-productos-nuevos","11":"product_shipping_class-envio-gratis","14":"first","15":"instock","16":"shipping-taxable","17":"purchasable","18":"product-type-variable"},"yoast_head":"<!-- This site is optimized with the Yoast SEO plugin v27.2 - https:\/\/yoast.com\/product\/yoast-seo-wordpress\/ -->\n<title>Placa Personalizada + Collar - Boutique Animal<\/title>\n<meta name=\"robots\" content=\"index, follow, max-snippet:-1, max-image-preview:large, max-video-preview:-1\" \/>\n<link rel=\"canonical\" href=\"https:\/\/boutiqueanimal.co\/en\/product\/placa-personalizada-collar\/\" \/>\n<meta property=\"og:locale\" content=\"en_US\" \/>\n<meta property=\"og:type\" content=\"article\" \/>\n<meta property=\"og:title\" content=\"Placa Personalizada + Collar - Boutique Animal\" \/>\n<meta property=\"og:description\" content=\"Placas en acero inoxidable marcadas con el nombre de tu beb\u00e9, tel\u00e9fono de contacto y el nombre de mam\u00e1 o pap\u00e1.Al confirmar los datos, te incluimos un collar para tu mascota \ud83d\udc9b. Modelos y medidas disponibles: \ud83d\udc36 Placa Huesito Peque\u00f1a: 2 cm x 3 cm Grande: 3 cm x 4.5 cm \u2728 Material: acero inoxidable resistente, no se oxida ni despinta. \ud83d\udcf2 IMPORTANTE:Te contactaremos v\u00eda WhatsApp para confirmar los datos de tu beb\u00e9. &nbsp;\" \/>\n<meta property=\"og:url\" content=\"https:\/\/boutiqueanimal.co\/en\/product\/placa-personalizada-collar\/\" \/>\n<meta property=\"og:site_name\" content=\"Boutique Animal\" \/>\n<meta property=\"article:publisher\" content=\"https:\/\/www.facebook.com\/BoutiqueAnimalCo\" \/>\n<meta property=\"article:modified_time\" content=\"2025-11-27T19:54:37+00:00\" \/>\n<meta property=\"og:image\" content=\"https:\/\/boutiqueanimal.co\/wp-content\/uploads\/2025\/11\/PhotoRoom_20220803_104918.jpg\" \/>\n\t<meta property=\"og:image:width\" content=\"1800\" \/>\n\t<meta property=\"og:image:height\" content=\"1800\" \/>\n\t<meta property=\"og:image:type\" content=\"image\/jpeg\" \/>\n<meta name=\"twitter:card\" content=\"summary_large_image\" \/>\n<script type=\"application\/ld+json\" class=\"yoast-schema-graph\">{\"@context\":\"https:\/\/schema.org\",\"@graph\":[{\"@type\":\"WebPage\",\"@id\":\"https:\/\/boutiqueanimal.co\/producto\/placa-personalizada-collar\/\",\"url\":\"https:\/\/boutiqueanimal.co\/producto\/placa-personalizada-collar\/\",\"name\":\"Placa Personalizada + Collar - Boutique Animal\",\"isPartOf\":{\"@id\":\"https:\/\/boutiqueanimal.co\/#website\"},\"primaryImageOfPage\":{\"@id\":\"https:\/\/boutiqueanimal.co\/producto\/placa-personalizada-collar\/#primaryimage\"},\"image\":{\"@id\":\"https:\/\/boutiqueanimal.co\/producto\/placa-personalizada-collar\/#primaryimage\"},\"thumbnailUrl\":\"https:\/\/boutiqueanimal.co\/wp-content\/uploads\/2025\/11\/PhotoRoom_20220803_104918.jpg\",\"datePublished\":\"2025-11-01T16:19:11+00:00\",\"dateModified\":\"2025-11-27T19:54:37+00:00\",\"breadcrumb\":{\"@id\":\"https:\/\/boutiqueanimal.co\/producto\/placa-personalizada-collar\/#breadcrumb\"},\"inLanguage\":\"en-US\",\"potentialAction\":[{\"@type\":\"ReadAction\",\"target\":[\"https:\/\/boutiqueanimal.co\/producto\/placa-personalizada-collar\/\"]}]},{\"@type\":\"ImageObject\",\"inLanguage\":\"en-US\",\"@id\":\"https:\/\/boutiqueanimal.co\/producto\/placa-personalizada-collar\/#primaryimage\",\"url\":\"https:\/\/boutiqueanimal.co\/wp-content\/uploads\/2025\/11\/PhotoRoom_20220803_104918.jpg\",\"contentUrl\":\"https:\/\/boutiqueanimal.co\/wp-content\/uploads\/2025\/11\/PhotoRoom_20220803_104918.jpg\",\"width\":1800,\"height\":1800},{\"@type\":\"BreadcrumbList\",\"@id\":\"https:\/\/boutiqueanimal.co\/producto\/placa-personalizada-collar\/#breadcrumb\",\"itemListElement\":[{\"@type\":\"ListItem\",\"position\":1,\"name\":\"Inicio\",\"item\":\"https:\/\/boutiqueanimal.co\/\"},{\"@type\":\"ListItem\",\"position\":2,\"name\":\"Tienda\",\"item\":\"https:\/\/boutiqueanimal.co\/tienda\/\"},{\"@type\":\"ListItem\",\"position\":3,\"name\":\"Placa Personalizada + Collar\"}]},{\"@type\":\"WebSite\",\"@id\":\"https:\/\/boutiqueanimal.co\/#website\",\"url\":\"https:\/\/boutiqueanimal.co\/\",\"name\":\"Boutique Animal\",\"description\":\"Tienda online de productos para mascotas en Colombia. Env\u00edos r\u00e1pidos y gratis en compras superiores a $100.000\",\"publisher\":{\"@id\":\"https:\/\/boutiqueanimal.co\/#organization\"},\"potentialAction\":[{\"@type\":\"SearchAction\",\"target\":{\"@type\":\"EntryPoint\",\"urlTemplate\":\"https:\/\/boutiqueanimal.co\/?s={search_term_string}\"},\"query-input\":{\"@type\":\"PropertyValueSpecification\",\"valueRequired\":true,\"valueName\":\"search_term_string\"}}],\"inLanguage\":\"en-US\"},{\"@type\":\"Organization\",\"@id\":\"https:\/\/boutiqueanimal.co\/#organization\",\"name\":\"Boutique Animal\",\"url\":\"https:\/\/boutiqueanimal.co\/\",\"logo\":{\"@type\":\"ImageObject\",\"inLanguage\":\"en-US\",\"@id\":\"https:\/\/boutiqueanimal.co\/#\/schema\/logo\/image\/\",\"url\":\"https:\/\/boutiqueanimal.co\/wp-content\/uploads\/2025\/11\/perrito-pc-1024x1024-1.png\",\"contentUrl\":\"https:\/\/boutiqueanimal.co\/wp-content\/uploads\/2025\/11\/perrito-pc-1024x1024-1.png\",\"width\":1024,\"height\":1024,\"caption\":\"Boutique Animal\"},\"image\":{\"@id\":\"https:\/\/boutiqueanimal.co\/#\/schema\/logo\/image\/\"},\"sameAs\":[\"https:\/\/www.facebook.com\/BoutiqueAnimalCo\"]}]}<\/script>\n<!-- \/ Yoast SEO plugin. -->","yoast_head_json":{"title":"Placa Personalizada + Collar - Boutique Animal","robots":{"index":"index","follow":"follow","max-snippet":"max-snippet:-1","max-image-preview":"max-image-preview:large","max-video-preview":"max-video-preview:-1"},"canonical":"https:\/\/boutiqueanimal.co\/en\/product\/placa-personalizada-collar\/","og_locale":"en_US","og_type":"article","og_title":"Placa Personalizada + Collar - Boutique Animal","og_description":"Placas en acero inoxidable marcadas con el nombre de tu beb\u00e9, tel\u00e9fono de contacto y el nombre de mam\u00e1 o pap\u00e1.Al confirmar los datos, te incluimos un collar para tu mascota \ud83d\udc9b. Modelos y medidas disponibles: \ud83d\udc36 Placa Huesito Peque\u00f1a: 2 cm x 3 cm Grande: 3 cm x 4.5 cm \u2728 Material: acero inoxidable resistente, no se oxida ni despinta. \ud83d\udcf2 IMPORTANTE:Te contactaremos v\u00eda WhatsApp para confirmar los datos de tu beb\u00e9. &nbsp;","og_url":"https:\/\/boutiqueanimal.co\/en\/product\/placa-personalizada-collar\/","og_site_name":"Boutique Animal","article_publisher":"https:\/\/www.facebook.com\/BoutiqueAnimalCo","article_modified_time":"2025-11-27T19:54:37+00:00","og_image":[{"width":1800,"height":1800,"url":"https:\/\/boutiqueanimal.co\/wp-content\/uploads\/2025\/11\/PhotoRoom_20220803_104918.jpg","type":"image\/jpeg"}],"twitter_card":"summary_large_image","schema":{"@context":"https:\/\/schema.org","@graph":[{"@type":"WebPage","@id":"https:\/\/boutiqueanimal.co\/producto\/placa-personalizada-collar\/","url":"https:\/\/boutiqueanimal.co\/producto\/placa-personalizada-collar\/","name":"Placa Personalizada + Collar - Boutique Animal","isPartOf":{"@id":"https:\/\/boutiqueanimal.co\/#website"},"primaryImageOfPage":{"@id":"https:\/\/boutiqueanimal.co\/producto\/placa-personalizada-collar\/#primaryimage"},"image":{"@id":"https:\/\/boutiqueanimal.co\/producto\/placa-personalizada-collar\/#primaryimage"},"thumbnailUrl":"https:\/\/boutiqueanimal.co\/wp-content\/uploads\/2025\/11\/PhotoRoom_20220803_104918.jpg","datePublished":"2025-11-01T16:19:11+00:00","dateModified":"2025-11-27T19:54:37+00:00","breadcrumb":{"@id":"https:\/\/boutiqueanimal.co\/producto\/placa-personalizada-collar\/#breadcrumb"},"inLanguage":"en-US","potentialAction":[{"@type":"ReadAction","target":["https:\/\/boutiqueanimal.co\/producto\/placa-personalizada-collar\/"]}]},{"@type":"ImageObject","inLanguage":"en-US","@id":"https:\/\/boutiqueanimal.co\/producto\/placa-personalizada-collar\/#primaryimage","url":"https:\/\/boutiqueanimal.co\/wp-content\/uploads\/2025\/11\/PhotoRoom_20220803_104918.jpg","contentUrl":"https:\/\/boutiqueanimal.co\/wp-content\/uploads\/2025\/11\/PhotoRoom_20220803_104918.jpg","width":1800,"height":1800},{"@type":"BreadcrumbList","@id":"https:\/\/boutiqueanimal.co\/producto\/placa-personalizada-collar\/#breadcrumb","itemListElement":[{"@type":"ListItem","position":1,"name":"Inicio","item":"https:\/\/boutiqueanimal.co\/"},{"@type":"ListItem","position":2,"name":"Tienda","item":"https:\/\/boutiqueanimal.co\/tienda\/"},{"@type":"ListItem","position":3,"name":"Placa Personalizada + Collar"}]},{"@type":"WebSite","@id":"https:\/\/boutiqueanimal.co\/#website","url":"https:\/\/boutiqueanimal.co\/","name":"Boutique Animal","description":"Tienda online de productos para mascotas en Colombia. Env\u00edos r\u00e1pidos y gratis en compras superiores a $100.000","publisher":{"@id":"https:\/\/boutiqueanimal.co\/#organization"},"potentialAction":[{"@type":"SearchAction","target":{"@type":"EntryPoint","urlTemplate":"https:\/\/boutiqueanimal.co\/?s={search_term_string}"},"query-input":{"@type":"PropertyValueSpecification","valueRequired":true,"valueName":"search_term_string"}}],"inLanguage":"en-US"},{"@type":"Organization","@id":"https:\/\/boutiqueanimal.co\/#organization","name":"Boutique Animal","url":"https:\/\/boutiqueanimal.co\/","logo":{"@type":"ImageObject","inLanguage":"en-US","@id":"https:\/\/boutiqueanimal.co\/#\/schema\/logo\/image\/","url":"https:\/\/boutiqueanimal.co\/wp-content\/uploads\/2025\/11\/perrito-pc-1024x1024-1.png","contentUrl":"https:\/\/boutiqueanimal.co\/wp-content\/uploads\/2025\/11\/perrito-pc-1024x1024-1.png","width":1024,"height":1024,"caption":"Boutique Animal"},"image":{"@id":"https:\/\/boutiqueanimal.co\/#\/schema\/logo\/image\/"},"sameAs":["https:\/\/www.facebook.com\/BoutiqueAnimalCo"]}]}},"_links":{"self":[{"href":"https:\/\/boutiqueanimal.co\/en\/wp-json\/wp\/v2\/product\/468","targetHints":{"allow":["GET"]}}],"collection":[{"href":"https:\/\/boutiqueanimal.co\/en\/wp-json\/wp\/v2\/product"}],"about":[{"href":"https:\/\/boutiqueanimal.co\/en\/wp-json\/wp\/v2\/types\/product"}],"wp:featuredmedia":[{"embeddable":true,"href":"https:\/\/boutiqueanimal.co\/en\/wp-json\/wp\/v2\/media\/570"}],"wp:attachment":[{"href":"https:\/\/boutiqueanimal.co\/en\/wp-json\/wp\/v2\/media?parent=468"}],"wp:term":[{"taxonomy":"product_brand","embeddable":true,"href":"https:\/\/boutiqueanimal.co\/en\/wp-json\/wp\/v2\/product_brand?post=468"},{"taxonomy":"product_cat","embeddable":true,"href":"https:\/\/boutiqueanimal.co\/en\/wp-json\/wp\/v2\/product_cat?post=468"},{"taxonomy":"product_tag","embeddable":true,"href":"https:\/\/boutiqueanimal.co\/en\/wp-json\/wp\/v2\/product_tag?post=468"}],"curies":[{"name":"wp","href":"https:\/\/api.w.org\/{rel}","templated":true}]}}