{"id":63553,"date":"2025-11-27T21:54:08","date_gmt":"2025-11-27T21:54:08","guid":{"rendered":"https:\/\/boutiqueanimal.co\/?post_type=product&#038;p=63553"},"modified":"2026-02-26T11:57:23","modified_gmt":"2026-02-26T16:57:23","slug":"cuchara-para-churu","status":"publish","type":"product","link":"https:\/\/boutiqueanimal.co\/en\/product\/cuchara-para-churu\/","title":{"rendered":"Cuchara para Churu"},"content":{"rendered":"<p data-start=\"61\" data-end=\"302\">\ud83e\udd44 <strong data-start=\"64\" data-end=\"101\">Cuchara para Churu y Snacks Crema<\/strong><br data-start=\"101\" data-end=\"104\" \/>Pr\u00e1ctica y s\u00faper \u00fatil para darle los snacks tipo pur\u00e9 a tu peludito \ud83d\udc3e. Su dise\u00f1o permite <strong data-start=\"194\" data-end=\"229\">exprimir completamente el sobre<\/strong>, evitando desperdicios y haciendo la hora del premio m\u00e1s f\u00e1cil y limpia.<\/p>\n<p data-start=\"304\" data-end=\"320\"><strong data-start=\"304\" data-end=\"318\">\ud83d\udccf Medida:<\/strong><\/p>\n<ul data-start=\"321\" data-end=\"339\">\n<li data-start=\"321\" data-end=\"339\">\n<p data-start=\"323\" data-end=\"339\">Largo: <strong data-start=\"330\" data-end=\"339\">30 cm<\/strong><\/p>\n<\/li>\n<\/ul>\n<p data-start=\"341\" data-end=\"439\" data-is-last-node=\"\" data-is-only-node=\"\">Ideal para perros y gatos. \u00a1Una herramienta que no puede faltar para los amantes del churu! \ud83d\ude3b\ud83d\udc36\ud83d\udc9b<\/p>","protected":false},"excerpt":{"rendered":"<p data-start=\"61\" data-end=\"302\">\ud83e\udd44 <strong data-start=\"64\" data-end=\"101\">Cuchara para Churu y Snacks Crema<\/strong><br data-start=\"101\" data-end=\"104\" \/>Pr\u00e1ctica y s\u00faper \u00fatil para darle los snacks tipo pur\u00e9 a tu peludito \ud83d\udc3e. Su dise\u00f1o permite <strong data-start=\"194\" data-end=\"229\">exprimir completamente el sobre<\/strong>, evitando desperdicios y haciendo la hora del premio m\u00e1s f\u00e1cil y limpia.<\/p>\n<p data-start=\"304\" data-end=\"320\"><strong data-start=\"304\" data-end=\"318\">\ud83d\udccf Medida:<\/strong><\/p>\n<ul data-start=\"321\" data-end=\"339\">\n<li data-start=\"321\" data-end=\"339\">\n<p data-start=\"323\" data-end=\"339\">Largo: <strong data-start=\"330\" data-end=\"339\">15 cm<\/strong><\/p>\n<\/li>\n<\/ul>\n<p data-start=\"341\" data-end=\"439\" data-is-last-node=\"\" data-is-only-node=\"\">Ideal para perros y gatos. \u00a1Una herramienta que no puede faltar para los amantes del churu! \ud83d\ude3b\ud83d\udc36\ud83d\udc9b<\/p>","protected":false},"featured_media":63554,"template":"","meta":{"_joinchat":[]},"product_brand":[],"product_cat":[32,33,16,18],"product_tag":[],"class_list":{"0":"post-63553","1":"product","2":"type-product","3":"status-publish","4":"has-post-thumbnail","6":"product_cat-alimentacion-gatos","7":"product_cat-alimentacion-perros","8":"product_cat-gatos","9":"product_cat-perros","12":"first","13":"instock","14":"shipping-taxable","15":"purchasable","16":"product-type-simple"},"yoast_head":"<!-- This site is optimized with the Yoast SEO plugin v27.2 - https:\/\/yoast.com\/product\/yoast-seo-wordpress\/ -->\n<title>Cuchara para Churu - Boutique Animal<\/title>\n<meta name=\"robots\" content=\"index, follow, max-snippet:-1, max-image-preview:large, max-video-preview:-1\" \/>\n<link rel=\"canonical\" href=\"https:\/\/boutiqueanimal.co\/en\/product\/cuchara-para-churu\/\" \/>\n<meta property=\"og:locale\" content=\"en_US\" \/>\n<meta property=\"og:type\" content=\"article\" \/>\n<meta property=\"og:title\" content=\"Cuchara para Churu - Boutique Animal\" \/>\n<meta property=\"og:description\" content=\"\ud83e\udd44 Cuchara para Churu y Snacks CremaPr\u00e1ctica y s\u00faper \u00fatil para darle los snacks tipo pur\u00e9 a tu peludito \ud83d\udc3e. Su dise\u00f1o permite exprimir completamente el sobre, evitando desperdicios y haciendo la hora del premio m\u00e1s f\u00e1cil y limpia. \ud83d\udccf Medida:     Largo: 15 cm   Ideal para perros y gatos. \u00a1Una herramienta que no puede faltar para los amantes del churu! \ud83d\ude3b\ud83d\udc36\ud83d\udc9b\" \/>\n<meta property=\"og:url\" content=\"https:\/\/boutiqueanimal.co\/en\/product\/cuchara-para-churu\/\" \/>\n<meta property=\"og:site_name\" content=\"Boutique Animal\" \/>\n<meta property=\"article:publisher\" content=\"https:\/\/www.facebook.com\/BoutiqueAnimalCo\" \/>\n<meta property=\"article:modified_time\" content=\"2026-02-26T16:57:23+00:00\" \/>\n<meta property=\"og:image\" content=\"https:\/\/boutiqueanimal.co\/wp-content\/uploads\/2025\/11\/4cd102a4-ef77-4081-8be6-6dcafaa5eaf2.jpg\" \/>\n\t<meta property=\"og:image:width\" content=\"800\" \/>\n\t<meta property=\"og:image:height\" content=\"800\" \/>\n\t<meta property=\"og:image:type\" content=\"image\/jpeg\" \/>\n<meta name=\"twitter:card\" content=\"summary_large_image\" \/>\n<script type=\"application\/ld+json\" class=\"yoast-schema-graph\">{\"@context\":\"https:\/\/schema.org\",\"@graph\":[{\"@type\":\"WebPage\",\"@id\":\"https:\/\/boutiqueanimal.co\/producto\/cuchara-para-churu\/\",\"url\":\"https:\/\/boutiqueanimal.co\/producto\/cuchara-para-churu\/\",\"name\":\"Cuchara para Churu - Boutique Animal\",\"isPartOf\":{\"@id\":\"https:\/\/boutiqueanimal.co\/#website\"},\"primaryImageOfPage\":{\"@id\":\"https:\/\/boutiqueanimal.co\/producto\/cuchara-para-churu\/#primaryimage\"},\"image\":{\"@id\":\"https:\/\/boutiqueanimal.co\/producto\/cuchara-para-churu\/#primaryimage\"},\"thumbnailUrl\":\"https:\/\/boutiqueanimal.co\/wp-content\/uploads\/2025\/11\/4cd102a4-ef77-4081-8be6-6dcafaa5eaf2.jpg\",\"datePublished\":\"2025-11-27T21:54:08+00:00\",\"dateModified\":\"2026-02-26T16:57:23+00:00\",\"breadcrumb\":{\"@id\":\"https:\/\/boutiqueanimal.co\/producto\/cuchara-para-churu\/#breadcrumb\"},\"inLanguage\":\"en-US\",\"potentialAction\":[{\"@type\":\"ReadAction\",\"target\":[\"https:\/\/boutiqueanimal.co\/producto\/cuchara-para-churu\/\"]}]},{\"@type\":\"ImageObject\",\"inLanguage\":\"en-US\",\"@id\":\"https:\/\/boutiqueanimal.co\/producto\/cuchara-para-churu\/#primaryimage\",\"url\":\"https:\/\/boutiqueanimal.co\/wp-content\/uploads\/2025\/11\/4cd102a4-ef77-4081-8be6-6dcafaa5eaf2.jpg\",\"contentUrl\":\"https:\/\/boutiqueanimal.co\/wp-content\/uploads\/2025\/11\/4cd102a4-ef77-4081-8be6-6dcafaa5eaf2.jpg\",\"width\":800,\"height\":800},{\"@type\":\"BreadcrumbList\",\"@id\":\"https:\/\/boutiqueanimal.co\/producto\/cuchara-para-churu\/#breadcrumb\",\"itemListElement\":[{\"@type\":\"ListItem\",\"position\":1,\"name\":\"Inicio\",\"item\":\"https:\/\/boutiqueanimal.co\/\"},{\"@type\":\"ListItem\",\"position\":2,\"name\":\"Tienda\",\"item\":\"https:\/\/boutiqueanimal.co\/tienda\/\"},{\"@type\":\"ListItem\",\"position\":3,\"name\":\"Cuchara para Churu\"}]},{\"@type\":\"WebSite\",\"@id\":\"https:\/\/boutiqueanimal.co\/#website\",\"url\":\"https:\/\/boutiqueanimal.co\/\",\"name\":\"Boutique Animal\",\"description\":\"Tienda online de productos para mascotas en Colombia. Env\u00edos r\u00e1pidos y gratis en compras superiores a $100.000\",\"publisher\":{\"@id\":\"https:\/\/boutiqueanimal.co\/#organization\"},\"potentialAction\":[{\"@type\":\"SearchAction\",\"target\":{\"@type\":\"EntryPoint\",\"urlTemplate\":\"https:\/\/boutiqueanimal.co\/?s={search_term_string}\"},\"query-input\":{\"@type\":\"PropertyValueSpecification\",\"valueRequired\":true,\"valueName\":\"search_term_string\"}}],\"inLanguage\":\"en-US\"},{\"@type\":\"Organization\",\"@id\":\"https:\/\/boutiqueanimal.co\/#organization\",\"name\":\"Boutique Animal\",\"url\":\"https:\/\/boutiqueanimal.co\/\",\"logo\":{\"@type\":\"ImageObject\",\"inLanguage\":\"en-US\",\"@id\":\"https:\/\/boutiqueanimal.co\/#\/schema\/logo\/image\/\",\"url\":\"https:\/\/boutiqueanimal.co\/wp-content\/uploads\/2025\/11\/perrito-pc-1024x1024-1.png\",\"contentUrl\":\"https:\/\/boutiqueanimal.co\/wp-content\/uploads\/2025\/11\/perrito-pc-1024x1024-1.png\",\"width\":1024,\"height\":1024,\"caption\":\"Boutique Animal\"},\"image\":{\"@id\":\"https:\/\/boutiqueanimal.co\/#\/schema\/logo\/image\/\"},\"sameAs\":[\"https:\/\/www.facebook.com\/BoutiqueAnimalCo\"]}]}<\/script>\n<!-- \/ Yoast SEO plugin. -->","yoast_head_json":{"title":"Cuchara para Churu - Boutique Animal","robots":{"index":"index","follow":"follow","max-snippet":"max-snippet:-1","max-image-preview":"max-image-preview:large","max-video-preview":"max-video-preview:-1"},"canonical":"https:\/\/boutiqueanimal.co\/en\/product\/cuchara-para-churu\/","og_locale":"en_US","og_type":"article","og_title":"Cuchara para Churu - Boutique Animal","og_description":"\ud83e\udd44 Cuchara para Churu y Snacks CremaPr\u00e1ctica y s\u00faper \u00fatil para darle los snacks tipo pur\u00e9 a tu peludito \ud83d\udc3e. Su dise\u00f1o permite exprimir completamente el sobre, evitando desperdicios y haciendo la hora del premio m\u00e1s f\u00e1cil y limpia. \ud83d\udccf Medida:     Largo: 15 cm   Ideal para perros y gatos. \u00a1Una herramienta que no puede faltar para los amantes del churu! \ud83d\ude3b\ud83d\udc36\ud83d\udc9b","og_url":"https:\/\/boutiqueanimal.co\/en\/product\/cuchara-para-churu\/","og_site_name":"Boutique Animal","article_publisher":"https:\/\/www.facebook.com\/BoutiqueAnimalCo","article_modified_time":"2026-02-26T16:57:23+00:00","og_image":[{"width":800,"height":800,"url":"https:\/\/boutiqueanimal.co\/wp-content\/uploads\/2025\/11\/4cd102a4-ef77-4081-8be6-6dcafaa5eaf2.jpg","type":"image\/jpeg"}],"twitter_card":"summary_large_image","schema":{"@context":"https:\/\/schema.org","@graph":[{"@type":"WebPage","@id":"https:\/\/boutiqueanimal.co\/producto\/cuchara-para-churu\/","url":"https:\/\/boutiqueanimal.co\/producto\/cuchara-para-churu\/","name":"Cuchara para Churu - Boutique Animal","isPartOf":{"@id":"https:\/\/boutiqueanimal.co\/#website"},"primaryImageOfPage":{"@id":"https:\/\/boutiqueanimal.co\/producto\/cuchara-para-churu\/#primaryimage"},"image":{"@id":"https:\/\/boutiqueanimal.co\/producto\/cuchara-para-churu\/#primaryimage"},"thumbnailUrl":"https:\/\/boutiqueanimal.co\/wp-content\/uploads\/2025\/11\/4cd102a4-ef77-4081-8be6-6dcafaa5eaf2.jpg","datePublished":"2025-11-27T21:54:08+00:00","dateModified":"2026-02-26T16:57:23+00:00","breadcrumb":{"@id":"https:\/\/boutiqueanimal.co\/producto\/cuchara-para-churu\/#breadcrumb"},"inLanguage":"en-US","potentialAction":[{"@type":"ReadAction","target":["https:\/\/boutiqueanimal.co\/producto\/cuchara-para-churu\/"]}]},{"@type":"ImageObject","inLanguage":"en-US","@id":"https:\/\/boutiqueanimal.co\/producto\/cuchara-para-churu\/#primaryimage","url":"https:\/\/boutiqueanimal.co\/wp-content\/uploads\/2025\/11\/4cd102a4-ef77-4081-8be6-6dcafaa5eaf2.jpg","contentUrl":"https:\/\/boutiqueanimal.co\/wp-content\/uploads\/2025\/11\/4cd102a4-ef77-4081-8be6-6dcafaa5eaf2.jpg","width":800,"height":800},{"@type":"BreadcrumbList","@id":"https:\/\/boutiqueanimal.co\/producto\/cuchara-para-churu\/#breadcrumb","itemListElement":[{"@type":"ListItem","position":1,"name":"Inicio","item":"https:\/\/boutiqueanimal.co\/"},{"@type":"ListItem","position":2,"name":"Tienda","item":"https:\/\/boutiqueanimal.co\/tienda\/"},{"@type":"ListItem","position":3,"name":"Cuchara para Churu"}]},{"@type":"WebSite","@id":"https:\/\/boutiqueanimal.co\/#website","url":"https:\/\/boutiqueanimal.co\/","name":"Boutique Animal","description":"Tienda online de productos para mascotas en Colombia. Env\u00edos r\u00e1pidos y gratis en compras superiores a $100.000","publisher":{"@id":"https:\/\/boutiqueanimal.co\/#organization"},"potentialAction":[{"@type":"SearchAction","target":{"@type":"EntryPoint","urlTemplate":"https:\/\/boutiqueanimal.co\/?s={search_term_string}"},"query-input":{"@type":"PropertyValueSpecification","valueRequired":true,"valueName":"search_term_string"}}],"inLanguage":"en-US"},{"@type":"Organization","@id":"https:\/\/boutiqueanimal.co\/#organization","name":"Boutique Animal","url":"https:\/\/boutiqueanimal.co\/","logo":{"@type":"ImageObject","inLanguage":"en-US","@id":"https:\/\/boutiqueanimal.co\/#\/schema\/logo\/image\/","url":"https:\/\/boutiqueanimal.co\/wp-content\/uploads\/2025\/11\/perrito-pc-1024x1024-1.png","contentUrl":"https:\/\/boutiqueanimal.co\/wp-content\/uploads\/2025\/11\/perrito-pc-1024x1024-1.png","width":1024,"height":1024,"caption":"Boutique Animal"},"image":{"@id":"https:\/\/boutiqueanimal.co\/#\/schema\/logo\/image\/"},"sameAs":["https:\/\/www.facebook.com\/BoutiqueAnimalCo"]}]}},"_links":{"self":[{"href":"https:\/\/boutiqueanimal.co\/en\/wp-json\/wp\/v2\/product\/63553","targetHints":{"allow":["GET"]}}],"collection":[{"href":"https:\/\/boutiqueanimal.co\/en\/wp-json\/wp\/v2\/product"}],"about":[{"href":"https:\/\/boutiqueanimal.co\/en\/wp-json\/wp\/v2\/types\/product"}],"wp:featuredmedia":[{"embeddable":true,"href":"https:\/\/boutiqueanimal.co\/en\/wp-json\/wp\/v2\/media\/63554"}],"wp:attachment":[{"href":"https:\/\/boutiqueanimal.co\/en\/wp-json\/wp\/v2\/media?parent=63553"}],"wp:term":[{"taxonomy":"product_brand","embeddable":true,"href":"https:\/\/boutiqueanimal.co\/en\/wp-json\/wp\/v2\/product_brand?post=63553"},{"taxonomy":"product_cat","embeddable":true,"href":"https:\/\/boutiqueanimal.co\/en\/wp-json\/wp\/v2\/product_cat?post=63553"},{"taxonomy":"product_tag","embeddable":true,"href":"https:\/\/boutiqueanimal.co\/en\/wp-json\/wp\/v2\/product_tag?post=63553"}],"curies":[{"name":"wp","href":"https:\/\/api.w.org\/{rel}","templated":true}]}}