{"id":63776,"date":"2025-12-04T22:49:02","date_gmt":"2025-12-04T22:49:02","guid":{"rendered":"https:\/\/boutiqueanimal.co\/?post_type=product&#038;p=63776"},"modified":"2026-04-30T10:04:07","modified_gmt":"2026-04-30T15:04:07","slug":"guante-doble-para-banar","status":"publish","type":"product","link":"https:\/\/boutiqueanimal.co\/en\/product\/guante-doble-para-banar\/","title":{"rendered":"Guante Doble para Ba\u00f1ar"},"content":{"rendered":"<p data-start=\"141\" data-end=\"241\">\ud83e\uddfc\ud83d\udc36 <strong data-start=\"146\" data-end=\"193\">\u00a1Guantes Doble Cepillo para Ba\u00f1ar Mascotas!<\/strong><br data-start=\"193\" data-end=\"196\" \/>Ba\u00f1os m\u00e1s <strong data-start=\"206\" data-end=\"239\">r\u00e1pidos, f\u00e1ciles y sin estr\u00e9s<\/strong> \u2728<\/p>\n<p data-start=\"243\" data-end=\"413\">\u2714\ufe0f Cerdas de silicona que <strong data-start=\"269\" data-end=\"305\">remueven suciedad y sueltan pelo<\/strong><br data-start=\"305\" data-end=\"308\" \/>\u2714\ufe0f Generan <strong data-start=\"319\" data-end=\"341\">espuma al instante<\/strong><br data-start=\"341\" data-end=\"344\" \/>\u2714\ufe0f Masajean y dejan el pelaje m\u00e1s suave<br data-start=\"383\" data-end=\"386\" \/>\u2714\ufe0f Para perros y gatos \ud83d\udc31\ud83d\udc3e<\/p>\n<p data-start=\"415\" data-end=\"545\">\ud83d\udc9c <strong data-start=\"418\" data-end=\"468\">Duraderos, antideslizantes y f\u00e1ciles de lavar.<\/strong><br data-start=\"468\" data-end=\"471\" \/>\u00a1Un ba\u00f1o profesional en casa! \ud83d\udec1\u2728<\/p>","protected":false},"excerpt":{"rendered":"<p data-start=\"141\" data-end=\"241\">\ud83e\uddfc\ud83d\udc36 <strong data-start=\"146\" data-end=\"193\">\u00a1Guantes Doble Cepillo para Ba\u00f1ar Mascotas!<\/strong><br data-start=\"193\" data-end=\"196\" \/>Ba\u00f1os m\u00e1s <strong data-start=\"206\" data-end=\"239\">r\u00e1pidos, f\u00e1ciles y sin estr\u00e9s<\/strong> \u2728<\/p>\n<p data-start=\"243\" data-end=\"413\">\u2714\ufe0f Cerdas de silicona que <strong data-start=\"269\" data-end=\"305\">remueven suciedad y sueltan pelo<\/strong><br data-start=\"305\" data-end=\"308\" \/>\u2714\ufe0f Generan <strong data-start=\"319\" data-end=\"341\">espuma al instante<\/strong><br data-start=\"341\" data-end=\"344\" \/>\u2714\ufe0f Masajean y dejan el pelaje m\u00e1s suave<br data-start=\"383\" data-end=\"386\" \/>\u2714\ufe0f Para perros y gatos \ud83d\udc31\ud83d\udc3e<\/p>\n<p data-start=\"415\" data-end=\"545\">\ud83d\udc9c <strong data-start=\"418\" data-end=\"468\">Duraderos, antideslizantes y f\u00e1ciles de lavar.<\/strong><br data-start=\"468\" data-end=\"471\" \/>\u00a1Un ba\u00f1o profesional en casa! \ud83d\udec1\u2728<\/p>","protected":false},"featured_media":63780,"template":"","meta":{"_joinchat":[]},"product_brand":[],"product_cat":[16,17,19,18,24],"product_tag":[],"class_list":{"0":"post-63776","1":"product","2":"type-product","3":"status-publish","4":"has-post-thumbnail","6":"product_cat-gatos","7":"product_cat-higiene","8":"product_cat-higiene-perros","9":"product_cat-perros","10":"product_cat-productos-nuevos","11":"product_shipping_class-envio-gratis","14":"first","15":"instock","16":"shipping-taxable","17":"purchasable","18":"product-type-simple"},"yoast_head":"<!-- This site is optimized with the Yoast SEO plugin v27.2 - https:\/\/yoast.com\/product\/yoast-seo-wordpress\/ -->\n<title>Guante Doble para Ba\u00f1ar - Boutique Animal<\/title>\n<meta name=\"robots\" content=\"index, follow, max-snippet:-1, max-image-preview:large, max-video-preview:-1\" \/>\n<link rel=\"canonical\" href=\"https:\/\/boutiqueanimal.co\/en\/product\/guante-doble-para-banar\/\" \/>\n<meta property=\"og:locale\" content=\"en_US\" \/>\n<meta property=\"og:type\" content=\"article\" \/>\n<meta property=\"og:title\" content=\"Guante Doble para Ba\u00f1ar - Boutique Animal\" \/>\n<meta property=\"og:description\" content=\"\ud83e\uddfc\ud83d\udc36 \u00a1Guantes Doble Cepillo para Ba\u00f1ar Mascotas!Ba\u00f1os m\u00e1s r\u00e1pidos, f\u00e1ciles y sin estr\u00e9s \u2728 \u2714\ufe0f Cerdas de silicona que remueven suciedad y sueltan pelo\u2714\ufe0f Generan espuma al instante\u2714\ufe0f Masajean y dejan el pelaje m\u00e1s suave\u2714\ufe0f Para perros y gatos \ud83d\udc31\ud83d\udc3e \ud83d\udc9c Duraderos, antideslizantes y f\u00e1ciles de lavar.\u00a1Un ba\u00f1o profesional en casa! \ud83d\udec1\u2728\" \/>\n<meta property=\"og:url\" content=\"https:\/\/boutiqueanimal.co\/en\/product\/guante-doble-para-banar\/\" \/>\n<meta property=\"og:site_name\" content=\"Boutique Animal\" \/>\n<meta property=\"article:publisher\" content=\"https:\/\/www.facebook.com\/BoutiqueAnimalCo\" \/>\n<meta property=\"article:modified_time\" content=\"2026-04-30T15:04:07+00:00\" \/>\n<meta property=\"og:image\" content=\"https:\/\/boutiqueanimal.co\/wp-content\/uploads\/2025\/12\/IMG-20251204-WA0096.jpg\" \/>\n\t<meta property=\"og:image:width\" content=\"1328\" \/>\n\t<meta property=\"og:image:height\" content=\"1328\" \/>\n\t<meta property=\"og:image:type\" content=\"image\/jpeg\" \/>\n<meta name=\"twitter:card\" content=\"summary_large_image\" \/>\n<script type=\"application\/ld+json\" class=\"yoast-schema-graph\">{\"@context\":\"https:\/\/schema.org\",\"@graph\":[{\"@type\":\"WebPage\",\"@id\":\"https:\/\/boutiqueanimal.co\/producto\/guante-doble-para-banar\/\",\"url\":\"https:\/\/boutiqueanimal.co\/producto\/guante-doble-para-banar\/\",\"name\":\"Guante Doble para Ba\u00f1ar - Boutique Animal\",\"isPartOf\":{\"@id\":\"https:\/\/boutiqueanimal.co\/#website\"},\"primaryImageOfPage\":{\"@id\":\"https:\/\/boutiqueanimal.co\/producto\/guante-doble-para-banar\/#primaryimage\"},\"image\":{\"@id\":\"https:\/\/boutiqueanimal.co\/producto\/guante-doble-para-banar\/#primaryimage\"},\"thumbnailUrl\":\"https:\/\/boutiqueanimal.co\/wp-content\/uploads\/2025\/12\/IMG-20251204-WA0096.jpg\",\"datePublished\":\"2025-12-04T22:49:02+00:00\",\"dateModified\":\"2026-04-30T15:04:07+00:00\",\"breadcrumb\":{\"@id\":\"https:\/\/boutiqueanimal.co\/producto\/guante-doble-para-banar\/#breadcrumb\"},\"inLanguage\":\"en-US\",\"potentialAction\":[{\"@type\":\"ReadAction\",\"target\":[\"https:\/\/boutiqueanimal.co\/producto\/guante-doble-para-banar\/\"]}]},{\"@type\":\"ImageObject\",\"inLanguage\":\"en-US\",\"@id\":\"https:\/\/boutiqueanimal.co\/producto\/guante-doble-para-banar\/#primaryimage\",\"url\":\"https:\/\/boutiqueanimal.co\/wp-content\/uploads\/2025\/12\/IMG-20251204-WA0096.jpg\",\"contentUrl\":\"https:\/\/boutiqueanimal.co\/wp-content\/uploads\/2025\/12\/IMG-20251204-WA0096.jpg\",\"width\":1328,\"height\":1328},{\"@type\":\"BreadcrumbList\",\"@id\":\"https:\/\/boutiqueanimal.co\/producto\/guante-doble-para-banar\/#breadcrumb\",\"itemListElement\":[{\"@type\":\"ListItem\",\"position\":1,\"name\":\"Inicio\",\"item\":\"https:\/\/boutiqueanimal.co\/\"},{\"@type\":\"ListItem\",\"position\":2,\"name\":\"Tienda\",\"item\":\"https:\/\/boutiqueanimal.co\/tienda\/\"},{\"@type\":\"ListItem\",\"position\":3,\"name\":\"Guante Doble para Ba\u00f1ar\"}]},{\"@type\":\"WebSite\",\"@id\":\"https:\/\/boutiqueanimal.co\/#website\",\"url\":\"https:\/\/boutiqueanimal.co\/\",\"name\":\"Boutique Animal\",\"description\":\"Tienda online de productos para mascotas en Colombia. Env\u00edos r\u00e1pidos y gratis en compras superiores a $100.000\",\"publisher\":{\"@id\":\"https:\/\/boutiqueanimal.co\/#organization\"},\"potentialAction\":[{\"@type\":\"SearchAction\",\"target\":{\"@type\":\"EntryPoint\",\"urlTemplate\":\"https:\/\/boutiqueanimal.co\/?s={search_term_string}\"},\"query-input\":{\"@type\":\"PropertyValueSpecification\",\"valueRequired\":true,\"valueName\":\"search_term_string\"}}],\"inLanguage\":\"en-US\"},{\"@type\":\"Organization\",\"@id\":\"https:\/\/boutiqueanimal.co\/#organization\",\"name\":\"Boutique Animal\",\"url\":\"https:\/\/boutiqueanimal.co\/\",\"logo\":{\"@type\":\"ImageObject\",\"inLanguage\":\"en-US\",\"@id\":\"https:\/\/boutiqueanimal.co\/#\/schema\/logo\/image\/\",\"url\":\"https:\/\/boutiqueanimal.co\/wp-content\/uploads\/2025\/11\/perrito-pc-1024x1024-1.png\",\"contentUrl\":\"https:\/\/boutiqueanimal.co\/wp-content\/uploads\/2025\/11\/perrito-pc-1024x1024-1.png\",\"width\":1024,\"height\":1024,\"caption\":\"Boutique Animal\"},\"image\":{\"@id\":\"https:\/\/boutiqueanimal.co\/#\/schema\/logo\/image\/\"},\"sameAs\":[\"https:\/\/www.facebook.com\/BoutiqueAnimalCo\"]}]}<\/script>\n<!-- \/ Yoast SEO plugin. -->","yoast_head_json":{"title":"Guante Doble para Ba\u00f1ar - Boutique Animal","robots":{"index":"index","follow":"follow","max-snippet":"max-snippet:-1","max-image-preview":"max-image-preview:large","max-video-preview":"max-video-preview:-1"},"canonical":"https:\/\/boutiqueanimal.co\/en\/product\/guante-doble-para-banar\/","og_locale":"en_US","og_type":"article","og_title":"Guante Doble para Ba\u00f1ar - Boutique Animal","og_description":"\ud83e\uddfc\ud83d\udc36 \u00a1Guantes Doble Cepillo para Ba\u00f1ar Mascotas!Ba\u00f1os m\u00e1s r\u00e1pidos, f\u00e1ciles y sin estr\u00e9s \u2728 \u2714\ufe0f Cerdas de silicona que remueven suciedad y sueltan pelo\u2714\ufe0f Generan espuma al instante\u2714\ufe0f Masajean y dejan el pelaje m\u00e1s suave\u2714\ufe0f Para perros y gatos \ud83d\udc31\ud83d\udc3e \ud83d\udc9c Duraderos, antideslizantes y f\u00e1ciles de lavar.\u00a1Un ba\u00f1o profesional en casa! \ud83d\udec1\u2728","og_url":"https:\/\/boutiqueanimal.co\/en\/product\/guante-doble-para-banar\/","og_site_name":"Boutique Animal","article_publisher":"https:\/\/www.facebook.com\/BoutiqueAnimalCo","article_modified_time":"2026-04-30T15:04:07+00:00","og_image":[{"width":1328,"height":1328,"url":"https:\/\/boutiqueanimal.co\/wp-content\/uploads\/2025\/12\/IMG-20251204-WA0096.jpg","type":"image\/jpeg"}],"twitter_card":"summary_large_image","schema":{"@context":"https:\/\/schema.org","@graph":[{"@type":"WebPage","@id":"https:\/\/boutiqueanimal.co\/producto\/guante-doble-para-banar\/","url":"https:\/\/boutiqueanimal.co\/producto\/guante-doble-para-banar\/","name":"Guante Doble para Ba\u00f1ar - Boutique Animal","isPartOf":{"@id":"https:\/\/boutiqueanimal.co\/#website"},"primaryImageOfPage":{"@id":"https:\/\/boutiqueanimal.co\/producto\/guante-doble-para-banar\/#primaryimage"},"image":{"@id":"https:\/\/boutiqueanimal.co\/producto\/guante-doble-para-banar\/#primaryimage"},"thumbnailUrl":"https:\/\/boutiqueanimal.co\/wp-content\/uploads\/2025\/12\/IMG-20251204-WA0096.jpg","datePublished":"2025-12-04T22:49:02+00:00","dateModified":"2026-04-30T15:04:07+00:00","breadcrumb":{"@id":"https:\/\/boutiqueanimal.co\/producto\/guante-doble-para-banar\/#breadcrumb"},"inLanguage":"en-US","potentialAction":[{"@type":"ReadAction","target":["https:\/\/boutiqueanimal.co\/producto\/guante-doble-para-banar\/"]}]},{"@type":"ImageObject","inLanguage":"en-US","@id":"https:\/\/boutiqueanimal.co\/producto\/guante-doble-para-banar\/#primaryimage","url":"https:\/\/boutiqueanimal.co\/wp-content\/uploads\/2025\/12\/IMG-20251204-WA0096.jpg","contentUrl":"https:\/\/boutiqueanimal.co\/wp-content\/uploads\/2025\/12\/IMG-20251204-WA0096.jpg","width":1328,"height":1328},{"@type":"BreadcrumbList","@id":"https:\/\/boutiqueanimal.co\/producto\/guante-doble-para-banar\/#breadcrumb","itemListElement":[{"@type":"ListItem","position":1,"name":"Inicio","item":"https:\/\/boutiqueanimal.co\/"},{"@type":"ListItem","position":2,"name":"Tienda","item":"https:\/\/boutiqueanimal.co\/tienda\/"},{"@type":"ListItem","position":3,"name":"Guante Doble para Ba\u00f1ar"}]},{"@type":"WebSite","@id":"https:\/\/boutiqueanimal.co\/#website","url":"https:\/\/boutiqueanimal.co\/","name":"Boutique Animal","description":"Tienda online de productos para mascotas en Colombia. Env\u00edos r\u00e1pidos y gratis en compras superiores a $100.000","publisher":{"@id":"https:\/\/boutiqueanimal.co\/#organization"},"potentialAction":[{"@type":"SearchAction","target":{"@type":"EntryPoint","urlTemplate":"https:\/\/boutiqueanimal.co\/?s={search_term_string}"},"query-input":{"@type":"PropertyValueSpecification","valueRequired":true,"valueName":"search_term_string"}}],"inLanguage":"en-US"},{"@type":"Organization","@id":"https:\/\/boutiqueanimal.co\/#organization","name":"Boutique Animal","url":"https:\/\/boutiqueanimal.co\/","logo":{"@type":"ImageObject","inLanguage":"en-US","@id":"https:\/\/boutiqueanimal.co\/#\/schema\/logo\/image\/","url":"https:\/\/boutiqueanimal.co\/wp-content\/uploads\/2025\/11\/perrito-pc-1024x1024-1.png","contentUrl":"https:\/\/boutiqueanimal.co\/wp-content\/uploads\/2025\/11\/perrito-pc-1024x1024-1.png","width":1024,"height":1024,"caption":"Boutique Animal"},"image":{"@id":"https:\/\/boutiqueanimal.co\/#\/schema\/logo\/image\/"},"sameAs":["https:\/\/www.facebook.com\/BoutiqueAnimalCo"]}]}},"_links":{"self":[{"href":"https:\/\/boutiqueanimal.co\/en\/wp-json\/wp\/v2\/product\/63776","targetHints":{"allow":["GET"]}}],"collection":[{"href":"https:\/\/boutiqueanimal.co\/en\/wp-json\/wp\/v2\/product"}],"about":[{"href":"https:\/\/boutiqueanimal.co\/en\/wp-json\/wp\/v2\/types\/product"}],"wp:featuredmedia":[{"embeddable":true,"href":"https:\/\/boutiqueanimal.co\/en\/wp-json\/wp\/v2\/media\/63780"}],"wp:attachment":[{"href":"https:\/\/boutiqueanimal.co\/en\/wp-json\/wp\/v2\/media?parent=63776"}],"wp:term":[{"taxonomy":"product_brand","embeddable":true,"href":"https:\/\/boutiqueanimal.co\/en\/wp-json\/wp\/v2\/product_brand?post=63776"},{"taxonomy":"product_cat","embeddable":true,"href":"https:\/\/boutiqueanimal.co\/en\/wp-json\/wp\/v2\/product_cat?post=63776"},{"taxonomy":"product_tag","embeddable":true,"href":"https:\/\/boutiqueanimal.co\/en\/wp-json\/wp\/v2\/product_tag?post=63776"}],"curies":[{"name":"wp","href":"https:\/\/api.w.org\/{rel}","templated":true}]}}