{"id":64632,"date":"2026-02-25T17:12:30","date_gmt":"2026-02-25T22:12:30","guid":{"rendered":"https:\/\/boutiqueanimal.co\/?post_type=product&#038;p=64632"},"modified":"2026-04-21T11:55:53","modified_gmt":"2026-04-21T16:55:53","slug":"comedero-lash-2-2","status":"publish","type":"product","link":"https:\/\/boutiqueanimal.co\/en\/product\/comedero-lash-2-2\/","title":{"rendered":"Comedero Lash"},"content":{"rendered":"<p data-start=\"203\" data-end=\"481\">El Comedero Lash es pr\u00e1ctico, resistente y perfecto para el uso diario.<br data-start=\"274\" data-end=\"277\" \/>Su dise\u00f1o\u00a0 ayuda a que tu mascota coma de forma c\u00f3moda, sin mover tanto el plato ni regar la comida. Fabricado en pl\u00e1stico durable, ligero y f\u00e1cil de limpiar, ideal para cualquier tipo de peludo.<\/p>\n<hr data-start=\"483\" data-end=\"486\" \/>\n<h3 data-start=\"488\" data-end=\"526\"><strong data-start=\"492\" data-end=\"524\">Caracter\u00edsticas principales:<\/strong><\/h3>\n<p data-start=\"527\" data-end=\"702\">\u2714 <strong data-start=\"529\" data-end=\"550\">Dise\u00f1o :<\/strong> moderno, estable y antiderrames<br data-start=\"582\" data-end=\"585\" \/>\u2714 <strong data-start=\"587\" data-end=\"628\">Material pl\u00e1stico resistente y ligero<\/strong><br data-start=\"628\" data-end=\"631\" \/>\u2714 <strong data-start=\"633\" data-end=\"665\">F\u00e1cil de lavar y transportar<\/strong><br data-start=\"665\" data-end=\"668\" \/>\u2714 <strong data-start=\"670\" data-end=\"702\">Disponible en varios colores<\/strong><\/p>\n<hr data-start=\"704\" data-end=\"707\" \/>\n<h3 data-start=\"709\" data-end=\"739\"><strong data-start=\"713\" data-end=\"737\">Tama\u00f1os disponibles:<\/strong><\/h3>\n<p data-start=\"740\" data-end=\"855\"><span dir=\"auto\" style=\"vertical-align: inherit;\"><span dir=\"auto\" style=\"vertical-align: inherit;\">\ud83d\udccf <\/span><\/span><strong data-start=\"743\" data-end=\"755\"><span dir=\"auto\" style=\"vertical-align: inherit;\"><span dir=\"auto\" style=\"vertical-align: inherit;\">Peque\u00f1o:<\/span><\/span><\/strong><span dir=\"auto\" style=\"vertical-align: inherit;\"><span dir=\"auto\" style=\"vertical-align: inherit;\"> 17 cm x 5 cm\u00a0<\/span><\/span><br data-start=\"776\" data-end=\"779\" \/><span dir=\"auto\" style=\"vertical-align: inherit;\"><span dir=\"auto\" style=\"vertical-align: inherit;\">\ud83d\udccf <\/span><\/span><strong data-start=\"782\" data-end=\"794\"><span dir=\"auto\" style=\"vertical-align: inherit;\"><span dir=\"auto\" style=\"vertical-align: inherit;\">Mediano:<\/span><\/span><\/strong><span dir=\"auto\" style=\"vertical-align: inherit;\"><span dir=\"auto\" style=\"vertical-align: inherit;\"> 19 cm x 6 cm\u00a0<\/span><\/span><br data-start=\"815\" data-end=\"818\" \/><span dir=\"auto\" style=\"vertical-align: inherit;\"><span dir=\"auto\" style=\"vertical-align: inherit;\">\ud83d\udccf <\/span><\/span><strong data-start=\"821\" data-end=\"832\"><span dir=\"auto\" style=\"vertical-align: inherit;\"><span dir=\"auto\" style=\"vertical-align: inherit;\">Grande:<\/span><\/span><\/strong><span dir=\"auto\" style=\"vertical-align: inherit;\"><span dir=\"auto\" style=\"vertical-align: inherit;\"> 23 cm x 6 cm\u00a0<\/span><\/span><\/p>","protected":false},"excerpt":{"rendered":"<p data-start=\"203\" data-end=\"481\">El Comedero Lash es pr\u00e1ctico, resistente y perfecto para el uso diario.<br data-start=\"274\" data-end=\"277\" \/>Su dise\u00f1o\u00a0 ayuda a que tu mascota coma de forma c\u00f3moda, sin mover tanto el plato ni regar la comida. Fabricado en pl\u00e1stico durable, ligero y f\u00e1cil de limpiar, ideal para cualquier tipo de peludo.<\/p>\n<hr data-start=\"483\" data-end=\"486\" \/>\n<h3 data-start=\"488\" data-end=\"526\"><strong data-start=\"492\" data-end=\"524\">Caracter\u00edsticas principales:<\/strong><\/h3>\n<p data-start=\"527\" data-end=\"702\">\u2714 <strong data-start=\"529\" data-end=\"550\">Dise\u00f1o :<\/strong> moderno, estable y antiderrames<br data-start=\"582\" data-end=\"585\" \/>\u2714 <strong data-start=\"587\" data-end=\"628\">Material pl\u00e1stico resistente y ligero<\/strong><br data-start=\"628\" data-end=\"631\" \/>\u2714 <strong data-start=\"633\" data-end=\"665\">F\u00e1cil de lavar y transportar<\/strong><br data-start=\"665\" data-end=\"668\" \/>\u2714 <strong data-start=\"670\" data-end=\"702\">Disponible en varios colores<\/strong><\/p>\n<hr data-start=\"704\" data-end=\"707\" \/>\n<h3 data-start=\"709\" data-end=\"739\"><strong data-start=\"713\" data-end=\"737\">Tama\u00f1os disponibles:<\/strong><\/h3>\n<p data-start=\"740\" data-end=\"855\"><span dir=\"auto\" style=\"vertical-align: inherit;\">\ud83d\udccf <\/span><strong data-start=\"743\" data-end=\"755\"><span dir=\"auto\" style=\"vertical-align: inherit;\">Peque\u00f1o:<\/span><\/strong><span dir=\"auto\" style=\"vertical-align: inherit;\"> 17 cm x 5 cm\u00a0<\/span><br data-start=\"776\" data-end=\"779\" \/><span dir=\"auto\" style=\"vertical-align: inherit;\">\ud83d\udccf <\/span><strong data-start=\"782\" data-end=\"794\"><span dir=\"auto\" style=\"vertical-align: inherit;\">Mediano:<\/span><\/strong><span dir=\"auto\" style=\"vertical-align: inherit;\"> 19 cm x 6 cm\u00a0<\/span><br data-start=\"815\" data-end=\"818\" \/><span dir=\"auto\" style=\"vertical-align: inherit;\">\ud83d\udccf <\/span><strong data-start=\"821\" data-end=\"832\"><span dir=\"auto\" style=\"vertical-align: inherit;\">Grande:<\/span><\/strong><span dir=\"auto\" style=\"vertical-align: inherit;\"> 23 cm x 6 cm\u00a0<\/span><\/p>","protected":false},"featured_media":64647,"template":"","meta":{"_joinchat":[]},"product_brand":[],"product_cat":[32,33,16,18,24],"product_tag":[],"class_list":{"0":"post-64632","1":"product","2":"type-product","3":"status-publish","4":"has-post-thumbnail","6":"product_cat-alimentacion-gatos","7":"product_cat-alimentacion-perros","8":"product_cat-gatos","9":"product_cat-perros","10":"product_cat-productos-nuevos","11":"product_shipping_class-envio-gratis","14":"first","15":"instock","16":"shipping-taxable","17":"purchasable","18":"product-type-variable"},"yoast_head":"<!-- This site is optimized with the Yoast SEO plugin v27.2 - https:\/\/yoast.com\/product\/yoast-seo-wordpress\/ -->\n<title>Comedero Lash - Boutique Animal<\/title>\n<meta name=\"robots\" content=\"index, follow, max-snippet:-1, max-image-preview:large, max-video-preview:-1\" \/>\n<link rel=\"canonical\" href=\"https:\/\/boutiqueanimal.co\/en\/product\/comedero-lash-2-2\/\" \/>\n<meta property=\"og:locale\" content=\"en_US\" \/>\n<meta property=\"og:type\" content=\"article\" \/>\n<meta property=\"og:title\" content=\"Comedero Lash - Boutique Animal\" \/>\n<meta property=\"og:description\" content=\"El Comedero Lash es pr\u00e1ctico, resistente y perfecto para el uso diario.Su dise\u00f1o\u00a0 ayuda a que tu mascota coma de forma c\u00f3moda, sin mover tanto el plato ni regar la comida. Fabricado en pl\u00e1stico durable, ligero y f\u00e1cil de limpiar, ideal para cualquier tipo de peludo.     Caracter\u00edsticas principales: \u2714 Dise\u00f1o : moderno, estable y antiderrames\u2714 Material pl\u00e1stico resistente y ligero\u2714 F\u00e1cil de lavar y transportar\u2714 Disponible en varios colores     Tama\u00f1os disponibles: \ud83d\udccf Peque\u00f1o: 17 cm x 5 cm\u00a0\ud83d\udccf Mediano: 19 cm x 6 cm\u00a0\ud83d\udccf Grande: 23 cm x 6 cm\u00a0\" \/>\n<meta property=\"og:url\" content=\"https:\/\/boutiqueanimal.co\/en\/product\/comedero-lash-2-2\/\" \/>\n<meta property=\"og:site_name\" content=\"Boutique Animal\" \/>\n<meta property=\"article:publisher\" content=\"https:\/\/www.facebook.com\/BoutiqueAnimalCo\" \/>\n<meta property=\"article:modified_time\" content=\"2026-04-21T16:55:53+00:00\" \/>\n<meta property=\"og:image\" content=\"https:\/\/boutiqueanimal.co\/wp-content\/uploads\/2026\/02\/WhatsApp-Image-2026-02-24-at-11.34.12-AM-1.jpeg\" \/>\n\t<meta property=\"og:image:width\" content=\"800\" \/>\n\t<meta property=\"og:image:height\" content=\"800\" \/>\n\t<meta property=\"og:image:type\" content=\"image\/jpeg\" \/>\n<meta name=\"twitter:card\" content=\"summary_large_image\" \/>\n<meta name=\"twitter:label1\" content=\"Est. reading time\" \/>\n\t<meta name=\"twitter:data1\" content=\"1 minute\" \/>\n<script type=\"application\/ld+json\" class=\"yoast-schema-graph\">{\"@context\":\"https:\/\/schema.org\",\"@graph\":[{\"@type\":\"WebPage\",\"@id\":\"https:\/\/boutiqueanimal.co\/producto\/comedero-lash-2-2\/\",\"url\":\"https:\/\/boutiqueanimal.co\/producto\/comedero-lash-2-2\/\",\"name\":\"Comedero Lash - Boutique Animal\",\"isPartOf\":{\"@id\":\"https:\/\/boutiqueanimal.co\/#website\"},\"primaryImageOfPage\":{\"@id\":\"https:\/\/boutiqueanimal.co\/producto\/comedero-lash-2-2\/#primaryimage\"},\"image\":{\"@id\":\"https:\/\/boutiqueanimal.co\/producto\/comedero-lash-2-2\/#primaryimage\"},\"thumbnailUrl\":\"https:\/\/boutiqueanimal.co\/wp-content\/uploads\/2026\/02\/WhatsApp-Image-2026-02-24-at-11.34.12-AM-1.jpeg\",\"datePublished\":\"2026-02-25T22:12:30+00:00\",\"dateModified\":\"2026-04-21T16:55:53+00:00\",\"breadcrumb\":{\"@id\":\"https:\/\/boutiqueanimal.co\/producto\/comedero-lash-2-2\/#breadcrumb\"},\"inLanguage\":\"en-US\",\"potentialAction\":[{\"@type\":\"ReadAction\",\"target\":[\"https:\/\/boutiqueanimal.co\/producto\/comedero-lash-2-2\/\"]}]},{\"@type\":\"ImageObject\",\"inLanguage\":\"en-US\",\"@id\":\"https:\/\/boutiqueanimal.co\/producto\/comedero-lash-2-2\/#primaryimage\",\"url\":\"https:\/\/boutiqueanimal.co\/wp-content\/uploads\/2026\/02\/WhatsApp-Image-2026-02-24-at-11.34.12-AM-1.jpeg\",\"contentUrl\":\"https:\/\/boutiqueanimal.co\/wp-content\/uploads\/2026\/02\/WhatsApp-Image-2026-02-24-at-11.34.12-AM-1.jpeg\",\"width\":800,\"height\":800},{\"@type\":\"BreadcrumbList\",\"@id\":\"https:\/\/boutiqueanimal.co\/producto\/comedero-lash-2-2\/#breadcrumb\",\"itemListElement\":[{\"@type\":\"ListItem\",\"position\":1,\"name\":\"Inicio\",\"item\":\"https:\/\/boutiqueanimal.co\/\"},{\"@type\":\"ListItem\",\"position\":2,\"name\":\"Tienda\",\"item\":\"https:\/\/boutiqueanimal.co\/tienda\/\"},{\"@type\":\"ListItem\",\"position\":3,\"name\":\"Comedero Lash\"}]},{\"@type\":\"WebSite\",\"@id\":\"https:\/\/boutiqueanimal.co\/#website\",\"url\":\"https:\/\/boutiqueanimal.co\/\",\"name\":\"Boutique Animal\",\"description\":\"Tienda online de productos para mascotas en Colombia. Env\u00edos r\u00e1pidos y gratis en compras superiores a $100.000\",\"publisher\":{\"@id\":\"https:\/\/boutiqueanimal.co\/#organization\"},\"potentialAction\":[{\"@type\":\"SearchAction\",\"target\":{\"@type\":\"EntryPoint\",\"urlTemplate\":\"https:\/\/boutiqueanimal.co\/?s={search_term_string}\"},\"query-input\":{\"@type\":\"PropertyValueSpecification\",\"valueRequired\":true,\"valueName\":\"search_term_string\"}}],\"inLanguage\":\"en-US\"},{\"@type\":\"Organization\",\"@id\":\"https:\/\/boutiqueanimal.co\/#organization\",\"name\":\"Boutique Animal\",\"url\":\"https:\/\/boutiqueanimal.co\/\",\"logo\":{\"@type\":\"ImageObject\",\"inLanguage\":\"en-US\",\"@id\":\"https:\/\/boutiqueanimal.co\/#\/schema\/logo\/image\/\",\"url\":\"https:\/\/boutiqueanimal.co\/wp-content\/uploads\/2025\/11\/perrito-pc-1024x1024-1.png\",\"contentUrl\":\"https:\/\/boutiqueanimal.co\/wp-content\/uploads\/2025\/11\/perrito-pc-1024x1024-1.png\",\"width\":1024,\"height\":1024,\"caption\":\"Boutique Animal\"},\"image\":{\"@id\":\"https:\/\/boutiqueanimal.co\/#\/schema\/logo\/image\/\"},\"sameAs\":[\"https:\/\/www.facebook.com\/BoutiqueAnimalCo\"]}]}<\/script>\n<!-- \/ Yoast SEO plugin. -->","yoast_head_json":{"title":"Comedero Lash - Boutique Animal","robots":{"index":"index","follow":"follow","max-snippet":"max-snippet:-1","max-image-preview":"max-image-preview:large","max-video-preview":"max-video-preview:-1"},"canonical":"https:\/\/boutiqueanimal.co\/en\/product\/comedero-lash-2-2\/","og_locale":"en_US","og_type":"article","og_title":"Comedero Lash - Boutique Animal","og_description":"El Comedero Lash es pr\u00e1ctico, resistente y perfecto para el uso diario.Su dise\u00f1o\u00a0 ayuda a que tu mascota coma de forma c\u00f3moda, sin mover tanto el plato ni regar la comida. Fabricado en pl\u00e1stico durable, ligero y f\u00e1cil de limpiar, ideal para cualquier tipo de peludo.     Caracter\u00edsticas principales: \u2714 Dise\u00f1o : moderno, estable y antiderrames\u2714 Material pl\u00e1stico resistente y ligero\u2714 F\u00e1cil de lavar y transportar\u2714 Disponible en varios colores     Tama\u00f1os disponibles: \ud83d\udccf Peque\u00f1o: 17 cm x 5 cm\u00a0\ud83d\udccf Mediano: 19 cm x 6 cm\u00a0\ud83d\udccf Grande: 23 cm x 6 cm\u00a0","og_url":"https:\/\/boutiqueanimal.co\/en\/product\/comedero-lash-2-2\/","og_site_name":"Boutique Animal","article_publisher":"https:\/\/www.facebook.com\/BoutiqueAnimalCo","article_modified_time":"2026-04-21T16:55:53+00:00","og_image":[{"width":800,"height":800,"url":"https:\/\/boutiqueanimal.co\/wp-content\/uploads\/2026\/02\/WhatsApp-Image-2026-02-24-at-11.34.12-AM-1.jpeg","type":"image\/jpeg"}],"twitter_card":"summary_large_image","twitter_misc":{"Est. reading time":"1 minute"},"schema":{"@context":"https:\/\/schema.org","@graph":[{"@type":"WebPage","@id":"https:\/\/boutiqueanimal.co\/producto\/comedero-lash-2-2\/","url":"https:\/\/boutiqueanimal.co\/producto\/comedero-lash-2-2\/","name":"Comedero Lash - Boutique Animal","isPartOf":{"@id":"https:\/\/boutiqueanimal.co\/#website"},"primaryImageOfPage":{"@id":"https:\/\/boutiqueanimal.co\/producto\/comedero-lash-2-2\/#primaryimage"},"image":{"@id":"https:\/\/boutiqueanimal.co\/producto\/comedero-lash-2-2\/#primaryimage"},"thumbnailUrl":"https:\/\/boutiqueanimal.co\/wp-content\/uploads\/2026\/02\/WhatsApp-Image-2026-02-24-at-11.34.12-AM-1.jpeg","datePublished":"2026-02-25T22:12:30+00:00","dateModified":"2026-04-21T16:55:53+00:00","breadcrumb":{"@id":"https:\/\/boutiqueanimal.co\/producto\/comedero-lash-2-2\/#breadcrumb"},"inLanguage":"en-US","potentialAction":[{"@type":"ReadAction","target":["https:\/\/boutiqueanimal.co\/producto\/comedero-lash-2-2\/"]}]},{"@type":"ImageObject","inLanguage":"en-US","@id":"https:\/\/boutiqueanimal.co\/producto\/comedero-lash-2-2\/#primaryimage","url":"https:\/\/boutiqueanimal.co\/wp-content\/uploads\/2026\/02\/WhatsApp-Image-2026-02-24-at-11.34.12-AM-1.jpeg","contentUrl":"https:\/\/boutiqueanimal.co\/wp-content\/uploads\/2026\/02\/WhatsApp-Image-2026-02-24-at-11.34.12-AM-1.jpeg","width":800,"height":800},{"@type":"BreadcrumbList","@id":"https:\/\/boutiqueanimal.co\/producto\/comedero-lash-2-2\/#breadcrumb","itemListElement":[{"@type":"ListItem","position":1,"name":"Inicio","item":"https:\/\/boutiqueanimal.co\/"},{"@type":"ListItem","position":2,"name":"Tienda","item":"https:\/\/boutiqueanimal.co\/tienda\/"},{"@type":"ListItem","position":3,"name":"Comedero Lash"}]},{"@type":"WebSite","@id":"https:\/\/boutiqueanimal.co\/#website","url":"https:\/\/boutiqueanimal.co\/","name":"Boutique Animal","description":"Tienda online de productos para mascotas en Colombia. Env\u00edos r\u00e1pidos y gratis en compras superiores a $100.000","publisher":{"@id":"https:\/\/boutiqueanimal.co\/#organization"},"potentialAction":[{"@type":"SearchAction","target":{"@type":"EntryPoint","urlTemplate":"https:\/\/boutiqueanimal.co\/?s={search_term_string}"},"query-input":{"@type":"PropertyValueSpecification","valueRequired":true,"valueName":"search_term_string"}}],"inLanguage":"en-US"},{"@type":"Organization","@id":"https:\/\/boutiqueanimal.co\/#organization","name":"Boutique Animal","url":"https:\/\/boutiqueanimal.co\/","logo":{"@type":"ImageObject","inLanguage":"en-US","@id":"https:\/\/boutiqueanimal.co\/#\/schema\/logo\/image\/","url":"https:\/\/boutiqueanimal.co\/wp-content\/uploads\/2025\/11\/perrito-pc-1024x1024-1.png","contentUrl":"https:\/\/boutiqueanimal.co\/wp-content\/uploads\/2025\/11\/perrito-pc-1024x1024-1.png","width":1024,"height":1024,"caption":"Boutique Animal"},"image":{"@id":"https:\/\/boutiqueanimal.co\/#\/schema\/logo\/image\/"},"sameAs":["https:\/\/www.facebook.com\/BoutiqueAnimalCo"]}]}},"_links":{"self":[{"href":"https:\/\/boutiqueanimal.co\/en\/wp-json\/wp\/v2\/product\/64632","targetHints":{"allow":["GET"]}}],"collection":[{"href":"https:\/\/boutiqueanimal.co\/en\/wp-json\/wp\/v2\/product"}],"about":[{"href":"https:\/\/boutiqueanimal.co\/en\/wp-json\/wp\/v2\/types\/product"}],"wp:featuredmedia":[{"embeddable":true,"href":"https:\/\/boutiqueanimal.co\/en\/wp-json\/wp\/v2\/media\/64647"}],"wp:attachment":[{"href":"https:\/\/boutiqueanimal.co\/en\/wp-json\/wp\/v2\/media?parent=64632"}],"wp:term":[{"taxonomy":"product_brand","embeddable":true,"href":"https:\/\/boutiqueanimal.co\/en\/wp-json\/wp\/v2\/product_brand?post=64632"},{"taxonomy":"product_cat","embeddable":true,"href":"https:\/\/boutiqueanimal.co\/en\/wp-json\/wp\/v2\/product_cat?post=64632"},{"taxonomy":"product_tag","embeddable":true,"href":"https:\/\/boutiqueanimal.co\/en\/wp-json\/wp\/v2\/product_tag?post=64632"}],"curies":[{"name":"wp","href":"https:\/\/api.w.org\/{rel}","templated":true}]}}