{"id":64688,"date":"2026-03-03T15:16:16","date_gmt":"2026-03-03T20:16:16","guid":{"rendered":"https:\/\/boutiqueanimal.co\/?post_type=product&#038;p=64688"},"modified":"2026-03-03T15:19:35","modified_gmt":"2026-03-03T20:19:35","slug":"peineta-metalica-para-perros-y-gatos","status":"publish","type":"product","link":"https:\/\/boutiqueanimal.co\/en\/product\/peineta-metalica-para-perros-y-gatos\/","title":{"rendered":"Peineta Met\u00e1lica para Perros y Gatos \u2013 Peine Profesional de Grooming"},"content":{"rendered":"<article class=\"text-token-text-primary w-full focus:outline-none [--shadow-height:45px] has-data-writing-block:pointer-events-none has-data-writing-block:-mt-(--shadow-height) has-data-writing-block:pt-(--shadow-height) [&amp;:has([data-writing-block])&gt;*]:pointer-events-auto scroll-mt-[calc(var(--header-height)+min(200px,max(70px,20svh)))]\" dir=\"auto\" tabindex=\"-1\" data-turn-id=\"request-69265a9f-cf3c-832f-b0ea-54357e92c4f6-0\" data-testid=\"conversation-turn-26\" data-scroll-anchor=\"true\" data-turn=\"assistant\">\n<div class=\"text-base my-auto mx-auto pb-10 [--thread-content-margin:--spacing(4)] thread-sm:[--thread-content-margin:--spacing(6)] thread-lg:[--thread-content-margin:--spacing(16)] px-(--thread-content-margin)\">\n<div class=\"[--thread-content-max-width:40rem] thread-lg:[--thread-content-max-width:48rem] mx-auto max-w-(--thread-content-max-width) flex-1 group\/turn-messages focus-visible:outline-hidden relative flex w-full min-w-0 flex-col agent-turn\" tabindex=\"-1\">\n<div class=\"flex max-w-full flex-col grow\">\n<div class=\"min-h-8 text-message relative flex w-full flex-col items-end gap-2 text-start break-words whitespace-normal [.text-message+&amp;]:mt-1\" dir=\"auto\" data-message-author-role=\"assistant\" data-message-id=\"897c5350-b314-4de0-aa82-7f72c318c2ca\" data-message-model-slug=\"gpt-5-1\">\n<div class=\"flex w-full flex-col gap-1 empty:hidden first:pt-[1px]\">\n<div class=\"markdown prose dark:prose-invert w-full break-words light markdown-new-styling\">\n<p data-start=\"326\" data-end=\"508\">La <strong data-start=\"329\" data-end=\"363\">peineta met\u00e1lica para mascotas<\/strong> es una herramienta esencial en la peluquer\u00eda canina y felina. Ideal para desenredar, revisar el manto y dar acabado final despu\u00e9s del cepillado.<\/p>\n<p data-start=\"510\" data-end=\"649\">Sus dientes met\u00e1licos resistentes permiten detectar nudos peque\u00f1os, pulgas o suciedad acumulada, dejando el pelaje m\u00e1s uniforme y ordenado.<\/p>\n<hr data-start=\"651\" data-end=\"654\" \/>\n<h2 data-start=\"656\" data-end=\"676\">\u2702 Caracter\u00edsticas<\/h2>\n<ul data-start=\"678\" data-end=\"820\">\n<li data-start=\"678\" data-end=\"711\">\n<p data-start=\"680\" data-end=\"711\">Dientes met\u00e1licos resistentes<\/p>\n<\/li>\n<li data-start=\"712\" data-end=\"749\">\n<p data-start=\"714\" data-end=\"749\">Dise\u00f1o liviano y f\u00e1cil de manejar<\/p>\n<\/li>\n<li data-start=\"750\" data-end=\"791\">\n<p data-start=\"752\" data-end=\"791\">Ideal para desenredar y acabado final<\/p>\n<\/li>\n<li data-start=\"792\" data-end=\"820\">\n<p data-start=\"794\" data-end=\"820\">Apta para perros y gatos<\/p>\n<\/li>\n<\/ul>\n<hr data-start=\"822\" data-end=\"825\" \/>\n<h2 data-start=\"827\" data-end=\"850\">\ud83d\udc36 Recomendada para:<\/h2>\n<ul data-start=\"852\" data-end=\"959\">\n<li data-start=\"852\" data-end=\"885\">\n<p data-start=\"854\" data-end=\"885\">Peluquer\u00eda canina profesional<\/p>\n<\/li>\n<li data-start=\"886\" data-end=\"913\">\n<p data-start=\"888\" data-end=\"913\">Estudiantes de grooming<\/p>\n<\/li>\n<li data-start=\"914\" data-end=\"959\">\n<p data-start=\"916\" data-end=\"959\">Uso en casa para mantenimiento del pelaje<\/p>\n<\/li>\n<\/ul>\n<\/div>\n<\/div>\n<\/div>\n<\/div>\n<div class=\"mt-3 w-full empty:hidden\">\n<div class=\"text-center\"><\/div>\n<\/div>\n<\/div>\n<\/div>\n<\/article>\n<div class=\"pointer-events-none h-px w-px\" aria-hidden=\"true\" data-edge=\"true\"><\/div>\n","protected":false},"excerpt":{"rendered":"<p data-start=\"326\" data-end=\"508\">La <strong data-start=\"329\" data-end=\"363\">peineta met\u00e1lica para mascotas<\/strong> es una herramienta esencial en la peluquer\u00eda canina y felina. Ideal para desenredar, revisar el manto y dar acabado final despu\u00e9s del cepillado.<\/p>\n<p data-start=\"510\" data-end=\"649\">Sus dientes met\u00e1licos resistentes permiten detectar nudos peque\u00f1os, pulgas o suciedad acumulada, dejando el pelaje m\u00e1s uniforme y ordenado.<\/p>\n<hr data-start=\"651\" data-end=\"654\" \/>\n<h2 data-start=\"656\" data-end=\"676\">\u2702 Caracter\u00edsticas<\/h2>\n<ul data-start=\"678\" data-end=\"820\">\n<li data-start=\"678\" data-end=\"711\">\n<p data-start=\"680\" data-end=\"711\">Dientes met\u00e1licos resistentes<\/p>\n<\/li>\n<li data-start=\"712\" data-end=\"749\">\n<p data-start=\"714\" data-end=\"749\">Dise\u00f1o liviano y f\u00e1cil de manejar<\/p>\n<\/li>\n<li data-start=\"750\" data-end=\"791\">\n<p data-start=\"752\" data-end=\"791\">Ideal para desenredar y acabado final<\/p>\n<\/li>\n<li data-start=\"792\" data-end=\"820\">\n<p data-start=\"794\" data-end=\"820\">Apta para perros y gatos<\/p>\n<\/li>\n<\/ul>\n<hr data-start=\"822\" data-end=\"825\" \/>\n<h2 data-start=\"827\" data-end=\"850\">\ud83d\udc36 Recomendada para:<\/h2>\n<ul data-start=\"852\" data-end=\"959\">\n<li data-start=\"852\" data-end=\"885\">\n<p data-start=\"854\" data-end=\"885\">Peluquer\u00eda canina profesional<\/p>\n<\/li>\n<li data-start=\"886\" data-end=\"913\">\n<p data-start=\"888\" data-end=\"913\">Estudiantes de grooming<\/p>\n<\/li>\n<li data-start=\"914\" data-end=\"959\">\n<p data-start=\"916\" data-end=\"959\">Uso en casa para mantenimiento del pelaje<\/p>\n<\/li>\n<\/ul>","protected":false},"featured_media":64691,"template":"","meta":{"_joinchat":[]},"product_brand":[],"product_cat":[16,22,23,17,19,18,24],"product_tag":[],"class_list":{"0":"post-64688","1":"product","2":"type-product","3":"status-publish","4":"has-post-thumbnail","6":"product_cat-gatos","7":"product_cat-grooming","8":"product_cat-higiene-grooming","9":"product_cat-higiene","10":"product_cat-higiene-perros","11":"product_cat-perros","12":"product_cat-productos-nuevos","15":"first","16":"instock","17":"shipping-taxable","18":"purchasable","19":"product-type-simple"},"yoast_head":"<!-- This site is optimized with the Yoast SEO plugin v27.2 - https:\/\/yoast.com\/product\/yoast-seo-wordpress\/ -->\n<title>Peineta Met\u00e1lica para Perros y Gatos \u2013 Peine Profesional de Grooming - Boutique Animal<\/title>\n<meta name=\"robots\" content=\"index, follow, max-snippet:-1, max-image-preview:large, max-video-preview:-1\" \/>\n<link rel=\"canonical\" href=\"https:\/\/boutiqueanimal.co\/en\/product\/peineta-metalica-para-perros-y-gatos\/\" \/>\n<meta property=\"og:locale\" content=\"en_US\" \/>\n<meta property=\"og:type\" content=\"article\" \/>\n<meta property=\"og:title\" content=\"Peineta Met\u00e1lica para Perros y Gatos \u2013 Peine Profesional de Grooming - Boutique Animal\" \/>\n<meta property=\"og:description\" content=\"La peineta met\u00e1lica para mascotas es una herramienta esencial en la peluquer\u00eda canina y felina. Ideal para desenredar, revisar el manto y dar acabado final despu\u00e9s del cepillado. Sus dientes met\u00e1licos resistentes permiten detectar nudos peque\u00f1os, pulgas o suciedad acumulada, dejando el pelaje m\u00e1s uniforme y ordenado.     \u2702 Caracter\u00edsticas    Dientes met\u00e1licos resistentes    Dise\u00f1o liviano y f\u00e1cil de manejar    Ideal para desenredar y acabado final    Apta para perros y gatos      \ud83d\udc36 Recomendada para:    Peluquer\u00eda canina profesional    Estudiantes de grooming    Uso en casa para mantenimiento del pelaje\" \/>\n<meta property=\"og:url\" content=\"https:\/\/boutiqueanimal.co\/en\/product\/peineta-metalica-para-perros-y-gatos\/\" \/>\n<meta property=\"og:site_name\" content=\"Boutique Animal\" \/>\n<meta property=\"article:publisher\" content=\"https:\/\/www.facebook.com\/BoutiqueAnimalCo\" \/>\n<meta property=\"article:modified_time\" content=\"2026-03-03T20:19:35+00:00\" \/>\n<meta property=\"og:image\" content=\"https:\/\/boutiqueanimal.co\/wp-content\/uploads\/2026\/03\/WhatsApp-Image-2026-02-12-at-4.34.36-PM.jpeg\" \/>\n\t<meta property=\"og:image:width\" content=\"1024\" \/>\n\t<meta property=\"og:image:height\" content=\"1536\" \/>\n\t<meta property=\"og:image:type\" content=\"image\/jpeg\" \/>\n<meta name=\"twitter:card\" content=\"summary_large_image\" \/>\n<script type=\"application\/ld+json\" class=\"yoast-schema-graph\">{\"@context\":\"https:\/\/schema.org\",\"@graph\":[{\"@type\":\"WebPage\",\"@id\":\"https:\/\/boutiqueanimal.co\/producto\/peineta-metalica-para-perros-y-gatos\/\",\"url\":\"https:\/\/boutiqueanimal.co\/producto\/peineta-metalica-para-perros-y-gatos\/\",\"name\":\"Peineta Met\u00e1lica para Perros y Gatos \u2013 Peine Profesional de Grooming - Boutique Animal\",\"isPartOf\":{\"@id\":\"https:\/\/boutiqueanimal.co\/#website\"},\"primaryImageOfPage\":{\"@id\":\"https:\/\/boutiqueanimal.co\/producto\/peineta-metalica-para-perros-y-gatos\/#primaryimage\"},\"image\":{\"@id\":\"https:\/\/boutiqueanimal.co\/producto\/peineta-metalica-para-perros-y-gatos\/#primaryimage\"},\"thumbnailUrl\":\"https:\/\/boutiqueanimal.co\/wp-content\/uploads\/2026\/03\/WhatsApp-Image-2026-02-12-at-4.34.36-PM.jpeg\",\"datePublished\":\"2026-03-03T20:16:16+00:00\",\"dateModified\":\"2026-03-03T20:19:35+00:00\",\"breadcrumb\":{\"@id\":\"https:\/\/boutiqueanimal.co\/producto\/peineta-metalica-para-perros-y-gatos\/#breadcrumb\"},\"inLanguage\":\"en-US\",\"potentialAction\":[{\"@type\":\"ReadAction\",\"target\":[\"https:\/\/boutiqueanimal.co\/producto\/peineta-metalica-para-perros-y-gatos\/\"]}]},{\"@type\":\"ImageObject\",\"inLanguage\":\"en-US\",\"@id\":\"https:\/\/boutiqueanimal.co\/producto\/peineta-metalica-para-perros-y-gatos\/#primaryimage\",\"url\":\"https:\/\/boutiqueanimal.co\/wp-content\/uploads\/2026\/03\/WhatsApp-Image-2026-02-12-at-4.34.36-PM.jpeg\",\"contentUrl\":\"https:\/\/boutiqueanimal.co\/wp-content\/uploads\/2026\/03\/WhatsApp-Image-2026-02-12-at-4.34.36-PM.jpeg\",\"width\":1024,\"height\":1536},{\"@type\":\"BreadcrumbList\",\"@id\":\"https:\/\/boutiqueanimal.co\/producto\/peineta-metalica-para-perros-y-gatos\/#breadcrumb\",\"itemListElement\":[{\"@type\":\"ListItem\",\"position\":1,\"name\":\"Inicio\",\"item\":\"https:\/\/boutiqueanimal.co\/\"},{\"@type\":\"ListItem\",\"position\":2,\"name\":\"Tienda\",\"item\":\"https:\/\/boutiqueanimal.co\/tienda\/\"},{\"@type\":\"ListItem\",\"position\":3,\"name\":\"Peineta Met\u00e1lica para Perros y Gatos \u2013 Peine Profesional de Grooming\"}]},{\"@type\":\"WebSite\",\"@id\":\"https:\/\/boutiqueanimal.co\/#website\",\"url\":\"https:\/\/boutiqueanimal.co\/\",\"name\":\"Boutique Animal\",\"description\":\"Tienda online de productos para mascotas en Colombia. Env\u00edos r\u00e1pidos y gratis en compras superiores a $100.000\",\"publisher\":{\"@id\":\"https:\/\/boutiqueanimal.co\/#organization\"},\"potentialAction\":[{\"@type\":\"SearchAction\",\"target\":{\"@type\":\"EntryPoint\",\"urlTemplate\":\"https:\/\/boutiqueanimal.co\/?s={search_term_string}\"},\"query-input\":{\"@type\":\"PropertyValueSpecification\",\"valueRequired\":true,\"valueName\":\"search_term_string\"}}],\"inLanguage\":\"en-US\"},{\"@type\":\"Organization\",\"@id\":\"https:\/\/boutiqueanimal.co\/#organization\",\"name\":\"Boutique Animal\",\"url\":\"https:\/\/boutiqueanimal.co\/\",\"logo\":{\"@type\":\"ImageObject\",\"inLanguage\":\"en-US\",\"@id\":\"https:\/\/boutiqueanimal.co\/#\/schema\/logo\/image\/\",\"url\":\"https:\/\/boutiqueanimal.co\/wp-content\/uploads\/2025\/11\/perrito-pc-1024x1024-1.png\",\"contentUrl\":\"https:\/\/boutiqueanimal.co\/wp-content\/uploads\/2025\/11\/perrito-pc-1024x1024-1.png\",\"width\":1024,\"height\":1024,\"caption\":\"Boutique Animal\"},\"image\":{\"@id\":\"https:\/\/boutiqueanimal.co\/#\/schema\/logo\/image\/\"},\"sameAs\":[\"https:\/\/www.facebook.com\/BoutiqueAnimalCo\"]}]}<\/script>\n<!-- \/ Yoast SEO plugin. -->","yoast_head_json":{"title":"Peineta Met\u00e1lica para Perros y Gatos \u2013 Peine Profesional de Grooming - Boutique Animal","robots":{"index":"index","follow":"follow","max-snippet":"max-snippet:-1","max-image-preview":"max-image-preview:large","max-video-preview":"max-video-preview:-1"},"canonical":"https:\/\/boutiqueanimal.co\/en\/product\/peineta-metalica-para-perros-y-gatos\/","og_locale":"en_US","og_type":"article","og_title":"Peineta Met\u00e1lica para Perros y Gatos \u2013 Peine Profesional de Grooming - Boutique Animal","og_description":"La peineta met\u00e1lica para mascotas es una herramienta esencial en la peluquer\u00eda canina y felina. Ideal para desenredar, revisar el manto y dar acabado final despu\u00e9s del cepillado. Sus dientes met\u00e1licos resistentes permiten detectar nudos peque\u00f1os, pulgas o suciedad acumulada, dejando el pelaje m\u00e1s uniforme y ordenado.     \u2702 Caracter\u00edsticas    Dientes met\u00e1licos resistentes    Dise\u00f1o liviano y f\u00e1cil de manejar    Ideal para desenredar y acabado final    Apta para perros y gatos      \ud83d\udc36 Recomendada para:    Peluquer\u00eda canina profesional    Estudiantes de grooming    Uso en casa para mantenimiento del pelaje","og_url":"https:\/\/boutiqueanimal.co\/en\/product\/peineta-metalica-para-perros-y-gatos\/","og_site_name":"Boutique Animal","article_publisher":"https:\/\/www.facebook.com\/BoutiqueAnimalCo","article_modified_time":"2026-03-03T20:19:35+00:00","og_image":[{"width":1024,"height":1536,"url":"https:\/\/boutiqueanimal.co\/wp-content\/uploads\/2026\/03\/WhatsApp-Image-2026-02-12-at-4.34.36-PM.jpeg","type":"image\/jpeg"}],"twitter_card":"summary_large_image","schema":{"@context":"https:\/\/schema.org","@graph":[{"@type":"WebPage","@id":"https:\/\/boutiqueanimal.co\/producto\/peineta-metalica-para-perros-y-gatos\/","url":"https:\/\/boutiqueanimal.co\/producto\/peineta-metalica-para-perros-y-gatos\/","name":"Peineta Met\u00e1lica para Perros y Gatos \u2013 Peine Profesional de Grooming - Boutique Animal","isPartOf":{"@id":"https:\/\/boutiqueanimal.co\/#website"},"primaryImageOfPage":{"@id":"https:\/\/boutiqueanimal.co\/producto\/peineta-metalica-para-perros-y-gatos\/#primaryimage"},"image":{"@id":"https:\/\/boutiqueanimal.co\/producto\/peineta-metalica-para-perros-y-gatos\/#primaryimage"},"thumbnailUrl":"https:\/\/boutiqueanimal.co\/wp-content\/uploads\/2026\/03\/WhatsApp-Image-2026-02-12-at-4.34.36-PM.jpeg","datePublished":"2026-03-03T20:16:16+00:00","dateModified":"2026-03-03T20:19:35+00:00","breadcrumb":{"@id":"https:\/\/boutiqueanimal.co\/producto\/peineta-metalica-para-perros-y-gatos\/#breadcrumb"},"inLanguage":"en-US","potentialAction":[{"@type":"ReadAction","target":["https:\/\/boutiqueanimal.co\/producto\/peineta-metalica-para-perros-y-gatos\/"]}]},{"@type":"ImageObject","inLanguage":"en-US","@id":"https:\/\/boutiqueanimal.co\/producto\/peineta-metalica-para-perros-y-gatos\/#primaryimage","url":"https:\/\/boutiqueanimal.co\/wp-content\/uploads\/2026\/03\/WhatsApp-Image-2026-02-12-at-4.34.36-PM.jpeg","contentUrl":"https:\/\/boutiqueanimal.co\/wp-content\/uploads\/2026\/03\/WhatsApp-Image-2026-02-12-at-4.34.36-PM.jpeg","width":1024,"height":1536},{"@type":"BreadcrumbList","@id":"https:\/\/boutiqueanimal.co\/producto\/peineta-metalica-para-perros-y-gatos\/#breadcrumb","itemListElement":[{"@type":"ListItem","position":1,"name":"Inicio","item":"https:\/\/boutiqueanimal.co\/"},{"@type":"ListItem","position":2,"name":"Tienda","item":"https:\/\/boutiqueanimal.co\/tienda\/"},{"@type":"ListItem","position":3,"name":"Peineta Met\u00e1lica para Perros y Gatos \u2013 Peine Profesional de Grooming"}]},{"@type":"WebSite","@id":"https:\/\/boutiqueanimal.co\/#website","url":"https:\/\/boutiqueanimal.co\/","name":"Boutique Animal","description":"Tienda online de productos para mascotas en Colombia. Env\u00edos r\u00e1pidos y gratis en compras superiores a $100.000","publisher":{"@id":"https:\/\/boutiqueanimal.co\/#organization"},"potentialAction":[{"@type":"SearchAction","target":{"@type":"EntryPoint","urlTemplate":"https:\/\/boutiqueanimal.co\/?s={search_term_string}"},"query-input":{"@type":"PropertyValueSpecification","valueRequired":true,"valueName":"search_term_string"}}],"inLanguage":"en-US"},{"@type":"Organization","@id":"https:\/\/boutiqueanimal.co\/#organization","name":"Boutique Animal","url":"https:\/\/boutiqueanimal.co\/","logo":{"@type":"ImageObject","inLanguage":"en-US","@id":"https:\/\/boutiqueanimal.co\/#\/schema\/logo\/image\/","url":"https:\/\/boutiqueanimal.co\/wp-content\/uploads\/2025\/11\/perrito-pc-1024x1024-1.png","contentUrl":"https:\/\/boutiqueanimal.co\/wp-content\/uploads\/2025\/11\/perrito-pc-1024x1024-1.png","width":1024,"height":1024,"caption":"Boutique Animal"},"image":{"@id":"https:\/\/boutiqueanimal.co\/#\/schema\/logo\/image\/"},"sameAs":["https:\/\/www.facebook.com\/BoutiqueAnimalCo"]}]}},"_links":{"self":[{"href":"https:\/\/boutiqueanimal.co\/en\/wp-json\/wp\/v2\/product\/64688","targetHints":{"allow":["GET"]}}],"collection":[{"href":"https:\/\/boutiqueanimal.co\/en\/wp-json\/wp\/v2\/product"}],"about":[{"href":"https:\/\/boutiqueanimal.co\/en\/wp-json\/wp\/v2\/types\/product"}],"wp:featuredmedia":[{"embeddable":true,"href":"https:\/\/boutiqueanimal.co\/en\/wp-json\/wp\/v2\/media\/64691"}],"wp:attachment":[{"href":"https:\/\/boutiqueanimal.co\/en\/wp-json\/wp\/v2\/media?parent=64688"}],"wp:term":[{"taxonomy":"product_brand","embeddable":true,"href":"https:\/\/boutiqueanimal.co\/en\/wp-json\/wp\/v2\/product_brand?post=64688"},{"taxonomy":"product_cat","embeddable":true,"href":"https:\/\/boutiqueanimal.co\/en\/wp-json\/wp\/v2\/product_cat?post=64688"},{"taxonomy":"product_tag","embeddable":true,"href":"https:\/\/boutiqueanimal.co\/en\/wp-json\/wp\/v2\/product_tag?post=64688"}],"curies":[{"name":"wp","href":"https:\/\/api.w.org\/{rel}","templated":true}]}}