{"id":64719,"date":"2026-03-03T15:42:55","date_gmt":"2026-03-03T20:42:55","guid":{"rendered":"https:\/\/boutiqueanimal.co\/?post_type=product&#038;p=64719"},"modified":"2026-03-03T15:53:30","modified_gmt":"2026-03-03T20:53:30","slug":"collar-caramelo","status":"publish","type":"product","link":"https:\/\/boutiqueanimal.co\/en\/product\/collar-caramelo\/","title":{"rendered":"Collar Caramelo"},"content":{"rendered":"<h3 data-start=\"52\" data-end=\"98\"><strong data-start=\"56\" data-end=\"98\">Collar Basic \u2013 Para Razas Peque\u00f1as \ud83d\udc36\u2728<\/strong><\/h3>\n<p data-start=\"100\" data-end=\"273\">El <strong data-start=\"103\" data-end=\"119\">Collar Basic<\/strong> es perfecto para peluditos de razas peque\u00f1as. Est\u00e1 disponible en <strong data-start=\"185\" data-end=\"220\">varios dise\u00f1os para ni\u00f1a y ni\u00f1o<\/strong>, con colores y estilos que resaltan su personalidad.<\/p>\n<h3 data-start=\"275\" data-end=\"301\"><strong data-start=\"279\" data-end=\"299\">Caracter\u00edsticas:<\/strong><\/h3>\n<p data-start=\"302\" data-end=\"467\">\u2714 Dise\u00f1os variados para hembras y machos<br data-start=\"342\" data-end=\"345\" \/>\u2714 Ajustable y c\u00f3modo para uso diario<br data-start=\"381\" data-end=\"384\" \/>\u2714 Material resistente y liviano<br data-start=\"415\" data-end=\"418\" \/>\u2714 Ideal para cachorros y perros de razas peque\u00f1as<\/p>\n<p data-start=\"469\" data-end=\"566\">\ud83d\udce9 <strong data-start=\"472\" data-end=\"566\">Despu\u00e9s de tu compra, nos comunicamos contigo para que elijas el dise\u00f1o de tu preferencia.<\/strong><\/p>","protected":false},"excerpt":{"rendered":"<h3 data-start=\"52\" data-end=\"98\"><strong data-start=\"56\" data-end=\"98\">Collar Basic \u2013 Para Razas Peque\u00f1as \ud83d\udc36\u2728<\/strong><\/h3>\n<p data-start=\"100\" data-end=\"273\">El <strong data-start=\"103\" data-end=\"119\">Collar Basic<\/strong> es perfecto para peluditos de razas peque\u00f1as. Est\u00e1 disponible en <strong data-start=\"185\" data-end=\"220\">varios dise\u00f1os para ni\u00f1a y ni\u00f1o<\/strong>, con colores y estilos que resaltan su personalidad.<\/p>\n<h3 data-start=\"275\" data-end=\"301\"><strong data-start=\"279\" data-end=\"299\">Caracter\u00edsticas:<\/strong><\/h3>\n<p data-start=\"302\" data-end=\"467\">\u2714 Dise\u00f1os variados para hembras y machos<br data-start=\"342\" data-end=\"345\" \/>\u2714 Ajustable y c\u00f3modo para uso diario<br data-start=\"381\" data-end=\"384\" \/>\u2714 Material resistente y liviano<br data-start=\"415\" data-end=\"418\" \/>\u2714 Ideal para cachorros y perros de razas peque\u00f1as<\/p>\n<p data-start=\"469\" data-end=\"566\">\ud83d\udce9 <strong data-start=\"472\" data-end=\"566\">Despu\u00e9s de tu compra, nos comunicamos contigo para que elijas el dise\u00f1o de tu preferencia.<\/strong><\/p>","protected":false},"featured_media":64699,"template":"","meta":{"_joinchat":[]},"product_brand":[],"product_cat":[29,28,16,18,24],"product_tag":[],"class_list":{"0":"post-64719","1":"product","2":"type-product","3":"status-publish","4":"has-post-thumbnail","6":"product_cat-accesorios-perros","7":"product_cat-accesorios","8":"product_cat-gatos","9":"product_cat-perros","10":"product_cat-productos-nuevos","13":"first","14":"instock","15":"shipping-taxable","16":"purchasable","17":"product-type-variable"},"yoast_head":"<!-- This site is optimized with the Yoast SEO plugin v27.2 - https:\/\/yoast.com\/product\/yoast-seo-wordpress\/ -->\n<title>Collar Caramelo - Boutique Animal<\/title>\n<meta name=\"robots\" content=\"index, follow, max-snippet:-1, max-image-preview:large, max-video-preview:-1\" \/>\n<link rel=\"canonical\" href=\"https:\/\/boutiqueanimal.co\/en\/product\/collar-caramelo\/\" \/>\n<meta property=\"og:locale\" content=\"en_US\" \/>\n<meta property=\"og:type\" content=\"article\" \/>\n<meta property=\"og:title\" content=\"Collar Caramelo - Boutique Animal\" \/>\n<meta property=\"og:description\" content=\"Collar Basic \u2013 Para Razas Peque\u00f1as \ud83d\udc36\u2728 El Collar Basic es perfecto para peluditos de razas peque\u00f1as. Est\u00e1 disponible en varios dise\u00f1os para ni\u00f1a y ni\u00f1o, con colores y estilos que resaltan su personalidad.  Caracter\u00edsticas: \u2714 Dise\u00f1os variados para hembras y machos\u2714 Ajustable y c\u00f3modo para uso diario\u2714 Material resistente y liviano\u2714 Ideal para cachorros y perros de razas peque\u00f1as \ud83d\udce9 Despu\u00e9s de tu compra, nos comunicamos contigo para que elijas el dise\u00f1o de tu preferencia.\" \/>\n<meta property=\"og:url\" content=\"https:\/\/boutiqueanimal.co\/en\/product\/collar-caramelo\/\" \/>\n<meta property=\"og:site_name\" content=\"Boutique Animal\" \/>\n<meta property=\"article:publisher\" content=\"https:\/\/www.facebook.com\/BoutiqueAnimalCo\" \/>\n<meta property=\"article:modified_time\" content=\"2026-03-03T20:53:30+00:00\" \/>\n<meta property=\"og:image\" content=\"https:\/\/boutiqueanimal.co\/wp-content\/uploads\/2025\/12\/WhatsApp-Image-2026-03-03-at-2.37.27-PM.jpeg\" \/>\n\t<meta property=\"og:image:width\" content=\"1500\" \/>\n\t<meta property=\"og:image:height\" content=\"1500\" \/>\n\t<meta property=\"og:image:type\" content=\"image\/jpeg\" \/>\n<meta name=\"twitter:card\" content=\"summary_large_image\" \/>\n<script type=\"application\/ld+json\" class=\"yoast-schema-graph\">{\"@context\":\"https:\/\/schema.org\",\"@graph\":[{\"@type\":\"WebPage\",\"@id\":\"https:\/\/boutiqueanimal.co\/producto\/collar-caramelo\/\",\"url\":\"https:\/\/boutiqueanimal.co\/producto\/collar-caramelo\/\",\"name\":\"Collar Caramelo - Boutique Animal\",\"isPartOf\":{\"@id\":\"https:\/\/boutiqueanimal.co\/#website\"},\"primaryImageOfPage\":{\"@id\":\"https:\/\/boutiqueanimal.co\/producto\/collar-caramelo\/#primaryimage\"},\"image\":{\"@id\":\"https:\/\/boutiqueanimal.co\/producto\/collar-caramelo\/#primaryimage\"},\"thumbnailUrl\":\"https:\/\/boutiqueanimal.co\/wp-content\/uploads\/2025\/12\/WhatsApp-Image-2026-03-03-at-2.37.27-PM.jpeg\",\"datePublished\":\"2026-03-03T20:42:55+00:00\",\"dateModified\":\"2026-03-03T20:53:30+00:00\",\"breadcrumb\":{\"@id\":\"https:\/\/boutiqueanimal.co\/producto\/collar-caramelo\/#breadcrumb\"},\"inLanguage\":\"en-US\",\"potentialAction\":[{\"@type\":\"ReadAction\",\"target\":[\"https:\/\/boutiqueanimal.co\/producto\/collar-caramelo\/\"]}]},{\"@type\":\"ImageObject\",\"inLanguage\":\"en-US\",\"@id\":\"https:\/\/boutiqueanimal.co\/producto\/collar-caramelo\/#primaryimage\",\"url\":\"https:\/\/boutiqueanimal.co\/wp-content\/uploads\/2025\/12\/WhatsApp-Image-2026-03-03-at-2.37.27-PM.jpeg\",\"contentUrl\":\"https:\/\/boutiqueanimal.co\/wp-content\/uploads\/2025\/12\/WhatsApp-Image-2026-03-03-at-2.37.27-PM.jpeg\",\"width\":1500,\"height\":1500},{\"@type\":\"BreadcrumbList\",\"@id\":\"https:\/\/boutiqueanimal.co\/producto\/collar-caramelo\/#breadcrumb\",\"itemListElement\":[{\"@type\":\"ListItem\",\"position\":1,\"name\":\"Inicio\",\"item\":\"https:\/\/boutiqueanimal.co\/\"},{\"@type\":\"ListItem\",\"position\":2,\"name\":\"Tienda\",\"item\":\"https:\/\/boutiqueanimal.co\/tienda\/\"},{\"@type\":\"ListItem\",\"position\":3,\"name\":\"Collar Caramelo\"}]},{\"@type\":\"WebSite\",\"@id\":\"https:\/\/boutiqueanimal.co\/#website\",\"url\":\"https:\/\/boutiqueanimal.co\/\",\"name\":\"Boutique Animal\",\"description\":\"Tienda online de productos para mascotas en Colombia. Env\u00edos r\u00e1pidos y gratis en compras superiores a $100.000\",\"publisher\":{\"@id\":\"https:\/\/boutiqueanimal.co\/#organization\"},\"potentialAction\":[{\"@type\":\"SearchAction\",\"target\":{\"@type\":\"EntryPoint\",\"urlTemplate\":\"https:\/\/boutiqueanimal.co\/?s={search_term_string}\"},\"query-input\":{\"@type\":\"PropertyValueSpecification\",\"valueRequired\":true,\"valueName\":\"search_term_string\"}}],\"inLanguage\":\"en-US\"},{\"@type\":\"Organization\",\"@id\":\"https:\/\/boutiqueanimal.co\/#organization\",\"name\":\"Boutique Animal\",\"url\":\"https:\/\/boutiqueanimal.co\/\",\"logo\":{\"@type\":\"ImageObject\",\"inLanguage\":\"en-US\",\"@id\":\"https:\/\/boutiqueanimal.co\/#\/schema\/logo\/image\/\",\"url\":\"https:\/\/boutiqueanimal.co\/wp-content\/uploads\/2025\/11\/perrito-pc-1024x1024-1.png\",\"contentUrl\":\"https:\/\/boutiqueanimal.co\/wp-content\/uploads\/2025\/11\/perrito-pc-1024x1024-1.png\",\"width\":1024,\"height\":1024,\"caption\":\"Boutique Animal\"},\"image\":{\"@id\":\"https:\/\/boutiqueanimal.co\/#\/schema\/logo\/image\/\"},\"sameAs\":[\"https:\/\/www.facebook.com\/BoutiqueAnimalCo\"]}]}<\/script>\n<!-- \/ Yoast SEO plugin. -->","yoast_head_json":{"title":"Collar Caramelo - Boutique Animal","robots":{"index":"index","follow":"follow","max-snippet":"max-snippet:-1","max-image-preview":"max-image-preview:large","max-video-preview":"max-video-preview:-1"},"canonical":"https:\/\/boutiqueanimal.co\/en\/product\/collar-caramelo\/","og_locale":"en_US","og_type":"article","og_title":"Collar Caramelo - Boutique Animal","og_description":"Collar Basic \u2013 Para Razas Peque\u00f1as \ud83d\udc36\u2728 El Collar Basic es perfecto para peluditos de razas peque\u00f1as. Est\u00e1 disponible en varios dise\u00f1os para ni\u00f1a y ni\u00f1o, con colores y estilos que resaltan su personalidad.  Caracter\u00edsticas: \u2714 Dise\u00f1os variados para hembras y machos\u2714 Ajustable y c\u00f3modo para uso diario\u2714 Material resistente y liviano\u2714 Ideal para cachorros y perros de razas peque\u00f1as \ud83d\udce9 Despu\u00e9s de tu compra, nos comunicamos contigo para que elijas el dise\u00f1o de tu preferencia.","og_url":"https:\/\/boutiqueanimal.co\/en\/product\/collar-caramelo\/","og_site_name":"Boutique Animal","article_publisher":"https:\/\/www.facebook.com\/BoutiqueAnimalCo","article_modified_time":"2026-03-03T20:53:30+00:00","og_image":[{"width":1500,"height":1500,"url":"https:\/\/boutiqueanimal.co\/wp-content\/uploads\/2025\/12\/WhatsApp-Image-2026-03-03-at-2.37.27-PM.jpeg","type":"image\/jpeg"}],"twitter_card":"summary_large_image","schema":{"@context":"https:\/\/schema.org","@graph":[{"@type":"WebPage","@id":"https:\/\/boutiqueanimal.co\/producto\/collar-caramelo\/","url":"https:\/\/boutiqueanimal.co\/producto\/collar-caramelo\/","name":"Collar Caramelo - Boutique Animal","isPartOf":{"@id":"https:\/\/boutiqueanimal.co\/#website"},"primaryImageOfPage":{"@id":"https:\/\/boutiqueanimal.co\/producto\/collar-caramelo\/#primaryimage"},"image":{"@id":"https:\/\/boutiqueanimal.co\/producto\/collar-caramelo\/#primaryimage"},"thumbnailUrl":"https:\/\/boutiqueanimal.co\/wp-content\/uploads\/2025\/12\/WhatsApp-Image-2026-03-03-at-2.37.27-PM.jpeg","datePublished":"2026-03-03T20:42:55+00:00","dateModified":"2026-03-03T20:53:30+00:00","breadcrumb":{"@id":"https:\/\/boutiqueanimal.co\/producto\/collar-caramelo\/#breadcrumb"},"inLanguage":"en-US","potentialAction":[{"@type":"ReadAction","target":["https:\/\/boutiqueanimal.co\/producto\/collar-caramelo\/"]}]},{"@type":"ImageObject","inLanguage":"en-US","@id":"https:\/\/boutiqueanimal.co\/producto\/collar-caramelo\/#primaryimage","url":"https:\/\/boutiqueanimal.co\/wp-content\/uploads\/2025\/12\/WhatsApp-Image-2026-03-03-at-2.37.27-PM.jpeg","contentUrl":"https:\/\/boutiqueanimal.co\/wp-content\/uploads\/2025\/12\/WhatsApp-Image-2026-03-03-at-2.37.27-PM.jpeg","width":1500,"height":1500},{"@type":"BreadcrumbList","@id":"https:\/\/boutiqueanimal.co\/producto\/collar-caramelo\/#breadcrumb","itemListElement":[{"@type":"ListItem","position":1,"name":"Inicio","item":"https:\/\/boutiqueanimal.co\/"},{"@type":"ListItem","position":2,"name":"Tienda","item":"https:\/\/boutiqueanimal.co\/tienda\/"},{"@type":"ListItem","position":3,"name":"Collar Caramelo"}]},{"@type":"WebSite","@id":"https:\/\/boutiqueanimal.co\/#website","url":"https:\/\/boutiqueanimal.co\/","name":"Boutique Animal","description":"Tienda online de productos para mascotas en Colombia. Env\u00edos r\u00e1pidos y gratis en compras superiores a $100.000","publisher":{"@id":"https:\/\/boutiqueanimal.co\/#organization"},"potentialAction":[{"@type":"SearchAction","target":{"@type":"EntryPoint","urlTemplate":"https:\/\/boutiqueanimal.co\/?s={search_term_string}"},"query-input":{"@type":"PropertyValueSpecification","valueRequired":true,"valueName":"search_term_string"}}],"inLanguage":"en-US"},{"@type":"Organization","@id":"https:\/\/boutiqueanimal.co\/#organization","name":"Boutique Animal","url":"https:\/\/boutiqueanimal.co\/","logo":{"@type":"ImageObject","inLanguage":"en-US","@id":"https:\/\/boutiqueanimal.co\/#\/schema\/logo\/image\/","url":"https:\/\/boutiqueanimal.co\/wp-content\/uploads\/2025\/11\/perrito-pc-1024x1024-1.png","contentUrl":"https:\/\/boutiqueanimal.co\/wp-content\/uploads\/2025\/11\/perrito-pc-1024x1024-1.png","width":1024,"height":1024,"caption":"Boutique Animal"},"image":{"@id":"https:\/\/boutiqueanimal.co\/#\/schema\/logo\/image\/"},"sameAs":["https:\/\/www.facebook.com\/BoutiqueAnimalCo"]}]}},"_links":{"self":[{"href":"https:\/\/boutiqueanimal.co\/en\/wp-json\/wp\/v2\/product\/64719","targetHints":{"allow":["GET"]}}],"collection":[{"href":"https:\/\/boutiqueanimal.co\/en\/wp-json\/wp\/v2\/product"}],"about":[{"href":"https:\/\/boutiqueanimal.co\/en\/wp-json\/wp\/v2\/types\/product"}],"wp:featuredmedia":[{"embeddable":true,"href":"https:\/\/boutiqueanimal.co\/en\/wp-json\/wp\/v2\/media\/64699"}],"wp:attachment":[{"href":"https:\/\/boutiqueanimal.co\/en\/wp-json\/wp\/v2\/media?parent=64719"}],"wp:term":[{"taxonomy":"product_brand","embeddable":true,"href":"https:\/\/boutiqueanimal.co\/en\/wp-json\/wp\/v2\/product_brand?post=64719"},{"taxonomy":"product_cat","embeddable":true,"href":"https:\/\/boutiqueanimal.co\/en\/wp-json\/wp\/v2\/product_cat?post=64719"},{"taxonomy":"product_tag","embeddable":true,"href":"https:\/\/boutiqueanimal.co\/en\/wp-json\/wp\/v2\/product_tag?post=64719"}],"curies":[{"name":"wp","href":"https:\/\/api.w.org\/{rel}","templated":true}]}}