{"id":64839,"date":"2026-03-04T10:36:23","date_gmt":"2026-03-04T15:36:23","guid":{"rendered":"https:\/\/boutiqueanimal.co\/?post_type=product&#038;p=64839"},"modified":"2026-03-04T10:53:02","modified_gmt":"2026-03-04T15:53:02","slug":"buzo-pet","status":"publish","type":"product","link":"https:\/\/boutiqueanimal.co\/en\/product\/buzo-pet\/","title":{"rendered":"Buzo Pet para Perro Tela Fresca"},"content":{"rendered":"<p data-start=\"426\" data-end=\"594\">El <strong data-start=\"429\" data-end=\"475\">buzo para perro con estampado de leoncitos<\/strong> es perfecto para mantener a tu mascota c\u00f3moda y fresca en climas c\u00e1lidos o para lucir con estilo en cualquier ocasi\u00f3n.<\/p>\n<p data-start=\"596\" data-end=\"806\">Confeccionado en <strong data-start=\"613\" data-end=\"644\">tela fresca, ligera y suave<\/strong>, este buzo ofrece comodidad sin limitar el movimiento de tu perro. Incluye argolla met\u00e1lica para correa y un detalle de bolsillo decorativo para un look moderno.<\/p>\n<p data-start=\"808\" data-end=\"860\">Disponible en dos colores:<br \/>\n\ud83e\udd0d Blanco<br data-start=\"844\" data-end=\"847\" \/>\ud83d\udc99 Azul claro<\/p>\n<p data-start=\"862\" data-end=\"953\">Y en <strong data-start=\"867\" data-end=\"895\">tallas desde XS hasta XL<\/strong>, para que encuentres el ajuste perfecto seg\u00fan tu perrito.<\/p>\n<hr data-start=\"955\" data-end=\"958\" \/>\n<h2 data-start=\"960\" data-end=\"981\">\ud83d\udc36 Caracter\u00edsticas<\/h2>\n<p data-start=\"983\" data-end=\"1148\">\u2714 Tela ligera y fresca<br data-start=\"1005\" data-end=\"1008\" \/>\u2714 Estampado de leones<br data-start=\"1029\" data-end=\"1032\" \/>\u2714 Argolla met\u00e1lica para correa<br data-start=\"1062\" data-end=\"1065\" \/>\u2714 Bolsillo decorativo<br data-start=\"1086\" data-end=\"1089\" \/>\u2714 Disponible en 2 colores<br data-start=\"1114\" data-end=\"1117\" \/>\u2714 Tallas: XS | S | M | L | XL<\/p>\n<hr data-start=\"1150\" data-end=\"1153\" \/>\n<h2 data-start=\"1155\" data-end=\"1199\">\ud83e\uddf5 Recomendaciones de talla (orientativa)<\/h2>\n<blockquote data-start=\"1201\" data-end=\"1366\">\n<p data-start=\"1203\" data-end=\"1366\">\u2714 <strong data-start=\"1205\" data-end=\"1212\">XS:<\/strong> perritos muy peque\u00f1os<br data-start=\"1234\" data-end=\"1237\" \/>\u2714 <strong data-start=\"1241\" data-end=\"1247\">S:<\/strong> perritos peque\u00f1os<br data-start=\"1265\" data-end=\"1268\" \/>\u2714 <strong data-start=\"1272\" data-end=\"1278\">M:<\/strong> perritos medianos<br data-start=\"1296\" data-end=\"1299\" \/>\u2714 <strong data-start=\"1303\" data-end=\"1309\">L:<\/strong> perritos medianos-grandes<br data-start=\"1335\" data-end=\"1338\" \/>\u2714 <strong data-start=\"1342\" data-end=\"1349\">XL:<\/strong> perritos grandes<\/p>\n<\/blockquote>\n<p data-start=\"1368\" data-end=\"1470\"><em data-start=\"1368\" data-end=\"1470\">(Puedes pedir gu\u00eda de tallas m\u00e1s detallada enviando medidas de tu mascota y con gusto te asesoramos)<\/em><\/p>\n<p>&nbsp;<\/p>\n<table>\n<thead>\n<tr>\n<th>Talla<\/th>\n<th>Contorno de Pecho<\/th>\n<th>Largo Espalda<\/th>\n<th>Peso Referencial<\/th>\n<\/tr>\n<\/thead>\n<tbody>\n<tr>\n<td>XS<\/td>\n<td>30 \u2013 34 cm<\/td>\n<td>20 \u2013 24 cm<\/td>\n<td>1 \u2013 2.5 kg<\/td>\n<\/tr>\n<tr>\n<td>S<\/td>\n<td>35 \u2013 39 cm<\/td>\n<td>25 \u2013 29 cm<\/td>\n<td>2.5 \u2013 4 kg<\/td>\n<\/tr>\n<tr>\n<td>M<\/td>\n<td>40 \u2013 44 cm<\/td>\n<td>30 \u2013 34 cm<\/td>\n<td>4 \u2013 6 kg<\/td>\n<\/tr>\n<tr>\n<td>L<\/td>\n<td>45 \u2013 50 cm<\/td>\n<td>35 \u2013 39 cm<\/td>\n<td>6 \u2013 9 kg<\/td>\n<\/tr>\n<tr>\n<td>XL<\/td>\n<td>51 \u2013 56 cm<\/td>\n<td>40 \u2013 45 cm<\/td>\n<td>9 \u2013 13 kg<\/td>\n<\/tr>\n<\/tbody>\n<\/table>","protected":false},"excerpt":{"rendered":"<p data-start=\"426\" data-end=\"594\">El <strong data-start=\"429\" data-end=\"475\">buzo para perro con estampado de leoncitos<\/strong> es perfecto para mantener a tu mascota c\u00f3moda y fresca en climas c\u00e1lidos o para lucir con estilo en cualquier ocasi\u00f3n.<\/p>\n<p data-start=\"596\" data-end=\"806\">Confeccionado en <strong data-start=\"613\" data-end=\"644\">tela fresca, ligera y suave<\/strong>, este buzo ofrece comodidad sin limitar el movimiento de tu perro. Incluye argolla met\u00e1lica para correa y un detalle de bolsillo decorativo para un look moderno.<\/p>\n<p data-start=\"808\" data-end=\"860\">Disponible en dos colores:<br \/>\n\ud83e\udd0d Blanco<br data-start=\"844\" data-end=\"847\" \/>\ud83d\udc99 Azul claro<\/p>\n<p data-start=\"862\" data-end=\"953\">Y en <strong data-start=\"867\" data-end=\"895\">tallas desde XS hasta XL<\/strong>, para que encuentres el ajuste perfecto seg\u00fan tu perrito.<\/p>\n<hr data-start=\"955\" data-end=\"958\" \/>\n<h2 data-start=\"960\" data-end=\"981\">\ud83d\udc36 Caracter\u00edsticas<\/h2>\n<p data-start=\"983\" data-end=\"1148\">\u2714 Tela ligera y fresca<br data-start=\"1005\" data-end=\"1008\" \/>\u2714 Estampado de leones<br data-start=\"1029\" data-end=\"1032\" \/>\u2714 Argolla met\u00e1lica para correa<br data-start=\"1062\" data-end=\"1065\" \/>\u2714 Bolsillo decorativo<br data-start=\"1086\" data-end=\"1089\" \/>\u2714 Disponible en 2 colores<br data-start=\"1114\" data-end=\"1117\" \/>\u2714 Tallas: XS | S | M | L | XL<\/p>\n<hr data-start=\"1150\" data-end=\"1153\" \/>\n<h2 data-start=\"1155\" data-end=\"1199\">\ud83e\uddf5 Recomendaciones de talla (orientativa)<\/h2>\n<blockquote data-start=\"1201\" data-end=\"1366\">\n<p data-start=\"1203\" data-end=\"1366\">\u2714 <strong data-start=\"1205\" data-end=\"1212\">XS:<\/strong> perritos muy peque\u00f1os<br data-start=\"1234\" data-end=\"1237\" \/>\u2714 <strong data-start=\"1241\" data-end=\"1247\">S:<\/strong> perritos peque\u00f1os<br data-start=\"1265\" data-end=\"1268\" \/>\u2714 <strong data-start=\"1272\" data-end=\"1278\">M:<\/strong> perritos medianos<br data-start=\"1296\" data-end=\"1299\" \/>\u2714 <strong data-start=\"1303\" data-end=\"1309\">L:<\/strong> perritos medianos-grandes<br data-start=\"1335\" data-end=\"1338\" \/>\u2714 <strong data-start=\"1342\" data-end=\"1349\">XL:<\/strong> perritos grandes<\/p>\n<\/blockquote>\n<p data-start=\"1368\" data-end=\"1470\"><em data-start=\"1368\" data-end=\"1470\">(Puedes pedir gu\u00eda de tallas m\u00e1s detallada enviando medidas de tu mascota y con gusto te asesoramos)<\/em><\/p>\n<table>\n<thead>\n<tr>\n<th>Talla<\/th>\n<th>Contorno de Pecho<\/th>\n<th>Largo Espalda<\/th>\n<th>Peso Referencial<\/th>\n<\/tr>\n<\/thead>\n<tbody>\n<tr>\n<td>XS<\/td>\n<td>30 \u2013 34 cm<\/td>\n<td>20 \u2013 24 cm<\/td>\n<td>1 \u2013 2.5 kg<\/td>\n<\/tr>\n<tr>\n<td>S<\/td>\n<td>35 \u2013 39 cm<\/td>\n<td>25 \u2013 29 cm<\/td>\n<td>2.5 \u2013 4 kg<\/td>\n<\/tr>\n<tr>\n<td>M<\/td>\n<td>40 \u2013 44 cm<\/td>\n<td>30 \u2013 34 cm<\/td>\n<td>4 \u2013 6 kg<\/td>\n<\/tr>\n<tr>\n<td>L<\/td>\n<td>45 \u2013 50 cm<\/td>\n<td>35 \u2013 39 cm<\/td>\n<td>6 \u2013 9 kg<\/td>\n<\/tr>\n<tr>\n<td>XL<\/td>\n<td>51 \u2013 56 cm<\/td>\n<td>40 \u2013 45 cm<\/td>\n<td>9 \u2013 13 kg<\/td>\n<\/tr>\n<\/tbody>\n<\/table>","protected":false},"featured_media":64850,"template":"","meta":{"_joinchat":[]},"product_brand":[],"product_cat":[29,28,16,18,24],"product_tag":[],"class_list":{"0":"post-64839","1":"product","2":"type-product","3":"status-publish","4":"has-post-thumbnail","6":"product_cat-accesorios-perros","7":"product_cat-accesorios","8":"product_cat-gatos","9":"product_cat-perros","10":"product_cat-productos-nuevos","13":"first","14":"instock","15":"shipping-taxable","16":"purchasable","17":"product-type-variable"},"yoast_head":"<!-- This site is optimized with the Yoast SEO plugin v27.2 - https:\/\/yoast.com\/product\/yoast-seo-wordpress\/ -->\n<title>Buzo Pet para Perro Tela Fresca - Boutique Animal<\/title>\n<meta name=\"robots\" content=\"index, follow, max-snippet:-1, max-image-preview:large, max-video-preview:-1\" \/>\n<link rel=\"canonical\" href=\"https:\/\/boutiqueanimal.co\/en\/product\/buzo-pet\/\" \/>\n<meta property=\"og:locale\" content=\"en_US\" \/>\n<meta property=\"og:type\" content=\"article\" \/>\n<meta property=\"og:title\" content=\"Buzo Pet para Perro Tela Fresca - Boutique Animal\" \/>\n<meta property=\"og:description\" content=\"El buzo para perro con estampado de leoncitos es perfecto para mantener a tu mascota c\u00f3moda y fresca en climas c\u00e1lidos o para lucir con estilo en cualquier ocasi\u00f3n. Confeccionado en tela fresca, ligera y suave, este buzo ofrece comodidad sin limitar el movimiento de tu perro. Incluye argolla met\u00e1lica para correa y un detalle de bolsillo decorativo para un look moderno. Disponible en dos colores: \ud83e\udd0d Blanco\ud83d\udc99 Azul claro Y en tallas desde XS hasta XL, para que encuentres el ajuste perfecto seg\u00fan tu perrito.     \ud83d\udc36 Caracter\u00edsticas \u2714 Tela ligera y fresca\u2714 Estampado de leones\u2714 Argolla met\u00e1lica para correa\u2714 Bolsillo decorativo\u2714 Disponible en 2 colores\u2714 Tallas: XS | S | M | L | XL     \ud83e\uddf5 Recomendaciones de talla (orientativa)  \u2714 XS: perritos muy peque\u00f1os\u2714 S: perritos peque\u00f1os\u2714 M: perritos medianos\u2714 L: perritos medianos-grandes\u2714 XL: perritos grandes  (Puedes pedir gu\u00eda de tallas m\u00e1s detallada enviando medidas de tu mascota y con gusto te asesoramos)     Talla Contorno de Pecho Largo Espalda Peso Referencial     XS 30 \u2013 34 cm 20 \u2013 24 cm 1 \u2013 2.5 kg   S 35 \u2013 39 cm 25 \u2013 29 cm 2.5 \u2013 4 kg   M 40 \u2013 44 cm 30 \u2013 34 cm 4 \u2013 6 kg   L 45 \u2013 50 cm 35 \u2013 39 cm 6 \u2013 9 kg   XL 51 \u2013 56 cm 40 \u2013 45 cm 9 \u2013 13 kg\" \/>\n<meta property=\"og:url\" content=\"https:\/\/boutiqueanimal.co\/en\/product\/buzo-pet\/\" \/>\n<meta property=\"og:site_name\" content=\"Boutique Animal\" \/>\n<meta property=\"article:publisher\" content=\"https:\/\/www.facebook.com\/BoutiqueAnimalCo\" \/>\n<meta property=\"article:modified_time\" content=\"2026-03-04T15:53:02+00:00\" \/>\n<meta property=\"og:image\" content=\"https:\/\/boutiqueanimal.co\/wp-content\/uploads\/2026\/03\/WhatsApp-Image-2026-02-11-at-5.27.10-PM.jpeg\" \/>\n\t<meta property=\"og:image:width\" content=\"720\" \/>\n\t<meta property=\"og:image:height\" content=\"720\" \/>\n\t<meta property=\"og:image:type\" content=\"image\/jpeg\" \/>\n<meta name=\"twitter:card\" content=\"summary_large_image\" \/>\n<meta name=\"twitter:label1\" content=\"Est. reading time\" \/>\n\t<meta name=\"twitter:data1\" content=\"1 minute\" \/>\n<script type=\"application\/ld+json\" class=\"yoast-schema-graph\">{\"@context\":\"https:\/\/schema.org\",\"@graph\":[{\"@type\":\"WebPage\",\"@id\":\"https:\/\/boutiqueanimal.co\/producto\/buzo-pet\/\",\"url\":\"https:\/\/boutiqueanimal.co\/producto\/buzo-pet\/\",\"name\":\"Buzo Pet para Perro Tela Fresca - Boutique Animal\",\"isPartOf\":{\"@id\":\"https:\/\/boutiqueanimal.co\/#website\"},\"primaryImageOfPage\":{\"@id\":\"https:\/\/boutiqueanimal.co\/producto\/buzo-pet\/#primaryimage\"},\"image\":{\"@id\":\"https:\/\/boutiqueanimal.co\/producto\/buzo-pet\/#primaryimage\"},\"thumbnailUrl\":\"https:\/\/boutiqueanimal.co\/wp-content\/uploads\/2026\/03\/WhatsApp-Image-2026-02-11-at-5.27.10-PM.jpeg\",\"datePublished\":\"2026-03-04T15:36:23+00:00\",\"dateModified\":\"2026-03-04T15:53:02+00:00\",\"breadcrumb\":{\"@id\":\"https:\/\/boutiqueanimal.co\/producto\/buzo-pet\/#breadcrumb\"},\"inLanguage\":\"en-US\",\"potentialAction\":[{\"@type\":\"ReadAction\",\"target\":[\"https:\/\/boutiqueanimal.co\/producto\/buzo-pet\/\"]}]},{\"@type\":\"ImageObject\",\"inLanguage\":\"en-US\",\"@id\":\"https:\/\/boutiqueanimal.co\/producto\/buzo-pet\/#primaryimage\",\"url\":\"https:\/\/boutiqueanimal.co\/wp-content\/uploads\/2026\/03\/WhatsApp-Image-2026-02-11-at-5.27.10-PM.jpeg\",\"contentUrl\":\"https:\/\/boutiqueanimal.co\/wp-content\/uploads\/2026\/03\/WhatsApp-Image-2026-02-11-at-5.27.10-PM.jpeg\",\"width\":720,\"height\":720},{\"@type\":\"BreadcrumbList\",\"@id\":\"https:\/\/boutiqueanimal.co\/producto\/buzo-pet\/#breadcrumb\",\"itemListElement\":[{\"@type\":\"ListItem\",\"position\":1,\"name\":\"Inicio\",\"item\":\"https:\/\/boutiqueanimal.co\/\"},{\"@type\":\"ListItem\",\"position\":2,\"name\":\"Tienda\",\"item\":\"https:\/\/boutiqueanimal.co\/tienda\/\"},{\"@type\":\"ListItem\",\"position\":3,\"name\":\"Buzo Pet para Perro Tela Fresca\"}]},{\"@type\":\"WebSite\",\"@id\":\"https:\/\/boutiqueanimal.co\/#website\",\"url\":\"https:\/\/boutiqueanimal.co\/\",\"name\":\"Boutique Animal\",\"description\":\"Tienda online de productos para mascotas en Colombia. Env\u00edos r\u00e1pidos y gratis en compras superiores a $100.000\",\"publisher\":{\"@id\":\"https:\/\/boutiqueanimal.co\/#organization\"},\"potentialAction\":[{\"@type\":\"SearchAction\",\"target\":{\"@type\":\"EntryPoint\",\"urlTemplate\":\"https:\/\/boutiqueanimal.co\/?s={search_term_string}\"},\"query-input\":{\"@type\":\"PropertyValueSpecification\",\"valueRequired\":true,\"valueName\":\"search_term_string\"}}],\"inLanguage\":\"en-US\"},{\"@type\":\"Organization\",\"@id\":\"https:\/\/boutiqueanimal.co\/#organization\",\"name\":\"Boutique Animal\",\"url\":\"https:\/\/boutiqueanimal.co\/\",\"logo\":{\"@type\":\"ImageObject\",\"inLanguage\":\"en-US\",\"@id\":\"https:\/\/boutiqueanimal.co\/#\/schema\/logo\/image\/\",\"url\":\"https:\/\/boutiqueanimal.co\/wp-content\/uploads\/2025\/11\/perrito-pc-1024x1024-1.png\",\"contentUrl\":\"https:\/\/boutiqueanimal.co\/wp-content\/uploads\/2025\/11\/perrito-pc-1024x1024-1.png\",\"width\":1024,\"height\":1024,\"caption\":\"Boutique Animal\"},\"image\":{\"@id\":\"https:\/\/boutiqueanimal.co\/#\/schema\/logo\/image\/\"},\"sameAs\":[\"https:\/\/www.facebook.com\/BoutiqueAnimalCo\"]}]}<\/script>\n<!-- \/ Yoast SEO plugin. -->","yoast_head_json":{"title":"Buzo Pet para Perro Tela Fresca - Boutique Animal","robots":{"index":"index","follow":"follow","max-snippet":"max-snippet:-1","max-image-preview":"max-image-preview:large","max-video-preview":"max-video-preview:-1"},"canonical":"https:\/\/boutiqueanimal.co\/en\/product\/buzo-pet\/","og_locale":"en_US","og_type":"article","og_title":"Buzo Pet para Perro Tela Fresca - Boutique Animal","og_description":"El buzo para perro con estampado de leoncitos es perfecto para mantener a tu mascota c\u00f3moda y fresca en climas c\u00e1lidos o para lucir con estilo en cualquier ocasi\u00f3n. Confeccionado en tela fresca, ligera y suave, este buzo ofrece comodidad sin limitar el movimiento de tu perro. Incluye argolla met\u00e1lica para correa y un detalle de bolsillo decorativo para un look moderno. Disponible en dos colores: \ud83e\udd0d Blanco\ud83d\udc99 Azul claro Y en tallas desde XS hasta XL, para que encuentres el ajuste perfecto seg\u00fan tu perrito.     \ud83d\udc36 Caracter\u00edsticas \u2714 Tela ligera y fresca\u2714 Estampado de leones\u2714 Argolla met\u00e1lica para correa\u2714 Bolsillo decorativo\u2714 Disponible en 2 colores\u2714 Tallas: XS | S | M | L | XL     \ud83e\uddf5 Recomendaciones de talla (orientativa)  \u2714 XS: perritos muy peque\u00f1os\u2714 S: perritos peque\u00f1os\u2714 M: perritos medianos\u2714 L: perritos medianos-grandes\u2714 XL: perritos grandes  (Puedes pedir gu\u00eda de tallas m\u00e1s detallada enviando medidas de tu mascota y con gusto te asesoramos)     Talla Contorno de Pecho Largo Espalda Peso Referencial     XS 30 \u2013 34 cm 20 \u2013 24 cm 1 \u2013 2.5 kg   S 35 \u2013 39 cm 25 \u2013 29 cm 2.5 \u2013 4 kg   M 40 \u2013 44 cm 30 \u2013 34 cm 4 \u2013 6 kg   L 45 \u2013 50 cm 35 \u2013 39 cm 6 \u2013 9 kg   XL 51 \u2013 56 cm 40 \u2013 45 cm 9 \u2013 13 kg","og_url":"https:\/\/boutiqueanimal.co\/en\/product\/buzo-pet\/","og_site_name":"Boutique Animal","article_publisher":"https:\/\/www.facebook.com\/BoutiqueAnimalCo","article_modified_time":"2026-03-04T15:53:02+00:00","og_image":[{"width":720,"height":720,"url":"https:\/\/boutiqueanimal.co\/wp-content\/uploads\/2026\/03\/WhatsApp-Image-2026-02-11-at-5.27.10-PM.jpeg","type":"image\/jpeg"}],"twitter_card":"summary_large_image","twitter_misc":{"Est. reading time":"1 minute"},"schema":{"@context":"https:\/\/schema.org","@graph":[{"@type":"WebPage","@id":"https:\/\/boutiqueanimal.co\/producto\/buzo-pet\/","url":"https:\/\/boutiqueanimal.co\/producto\/buzo-pet\/","name":"Buzo Pet para Perro Tela Fresca - Boutique Animal","isPartOf":{"@id":"https:\/\/boutiqueanimal.co\/#website"},"primaryImageOfPage":{"@id":"https:\/\/boutiqueanimal.co\/producto\/buzo-pet\/#primaryimage"},"image":{"@id":"https:\/\/boutiqueanimal.co\/producto\/buzo-pet\/#primaryimage"},"thumbnailUrl":"https:\/\/boutiqueanimal.co\/wp-content\/uploads\/2026\/03\/WhatsApp-Image-2026-02-11-at-5.27.10-PM.jpeg","datePublished":"2026-03-04T15:36:23+00:00","dateModified":"2026-03-04T15:53:02+00:00","breadcrumb":{"@id":"https:\/\/boutiqueanimal.co\/producto\/buzo-pet\/#breadcrumb"},"inLanguage":"en-US","potentialAction":[{"@type":"ReadAction","target":["https:\/\/boutiqueanimal.co\/producto\/buzo-pet\/"]}]},{"@type":"ImageObject","inLanguage":"en-US","@id":"https:\/\/boutiqueanimal.co\/producto\/buzo-pet\/#primaryimage","url":"https:\/\/boutiqueanimal.co\/wp-content\/uploads\/2026\/03\/WhatsApp-Image-2026-02-11-at-5.27.10-PM.jpeg","contentUrl":"https:\/\/boutiqueanimal.co\/wp-content\/uploads\/2026\/03\/WhatsApp-Image-2026-02-11-at-5.27.10-PM.jpeg","width":720,"height":720},{"@type":"BreadcrumbList","@id":"https:\/\/boutiqueanimal.co\/producto\/buzo-pet\/#breadcrumb","itemListElement":[{"@type":"ListItem","position":1,"name":"Inicio","item":"https:\/\/boutiqueanimal.co\/"},{"@type":"ListItem","position":2,"name":"Tienda","item":"https:\/\/boutiqueanimal.co\/tienda\/"},{"@type":"ListItem","position":3,"name":"Buzo Pet para Perro Tela Fresca"}]},{"@type":"WebSite","@id":"https:\/\/boutiqueanimal.co\/#website","url":"https:\/\/boutiqueanimal.co\/","name":"Boutique Animal","description":"Tienda online de productos para mascotas en Colombia. Env\u00edos r\u00e1pidos y gratis en compras superiores a $100.000","publisher":{"@id":"https:\/\/boutiqueanimal.co\/#organization"},"potentialAction":[{"@type":"SearchAction","target":{"@type":"EntryPoint","urlTemplate":"https:\/\/boutiqueanimal.co\/?s={search_term_string}"},"query-input":{"@type":"PropertyValueSpecification","valueRequired":true,"valueName":"search_term_string"}}],"inLanguage":"en-US"},{"@type":"Organization","@id":"https:\/\/boutiqueanimal.co\/#organization","name":"Boutique Animal","url":"https:\/\/boutiqueanimal.co\/","logo":{"@type":"ImageObject","inLanguage":"en-US","@id":"https:\/\/boutiqueanimal.co\/#\/schema\/logo\/image\/","url":"https:\/\/boutiqueanimal.co\/wp-content\/uploads\/2025\/11\/perrito-pc-1024x1024-1.png","contentUrl":"https:\/\/boutiqueanimal.co\/wp-content\/uploads\/2025\/11\/perrito-pc-1024x1024-1.png","width":1024,"height":1024,"caption":"Boutique Animal"},"image":{"@id":"https:\/\/boutiqueanimal.co\/#\/schema\/logo\/image\/"},"sameAs":["https:\/\/www.facebook.com\/BoutiqueAnimalCo"]}]}},"_links":{"self":[{"href":"https:\/\/boutiqueanimal.co\/en\/wp-json\/wp\/v2\/product\/64839","targetHints":{"allow":["GET"]}}],"collection":[{"href":"https:\/\/boutiqueanimal.co\/en\/wp-json\/wp\/v2\/product"}],"about":[{"href":"https:\/\/boutiqueanimal.co\/en\/wp-json\/wp\/v2\/types\/product"}],"wp:featuredmedia":[{"embeddable":true,"href":"https:\/\/boutiqueanimal.co\/en\/wp-json\/wp\/v2\/media\/64850"}],"wp:attachment":[{"href":"https:\/\/boutiqueanimal.co\/en\/wp-json\/wp\/v2\/media?parent=64839"}],"wp:term":[{"taxonomy":"product_brand","embeddable":true,"href":"https:\/\/boutiqueanimal.co\/en\/wp-json\/wp\/v2\/product_brand?post=64839"},{"taxonomy":"product_cat","embeddable":true,"href":"https:\/\/boutiqueanimal.co\/en\/wp-json\/wp\/v2\/product_cat?post=64839"},{"taxonomy":"product_tag","embeddable":true,"href":"https:\/\/boutiqueanimal.co\/en\/wp-json\/wp\/v2\/product_tag?post=64839"}],"curies":[{"name":"wp","href":"https:\/\/api.w.org\/{rel}","templated":true}]}}