{"id":64901,"date":"2026-03-04T15:01:52","date_gmt":"2026-03-04T20:01:52","guid":{"rendered":"https:\/\/boutiqueanimal.co\/?post_type=product&#038;p=64901"},"modified":"2026-03-04T15:01:52","modified_gmt":"2026-03-04T20:01:52","slug":"toallitas-humedas-para-ojos-de-perros-y-gatos-pet-eye-wipes-200-pcs","status":"publish","type":"product","link":"https:\/\/boutiqueanimal.co\/en\/product\/toallitas-humedas-para-ojos-de-perros-y-gatos-pet-eye-wipes-200-pcs\/","title":{"rendered":"Toallitas H\u00famedas para Ojos de Perros y Gatos \u2013 Pet Eye Wipes 200 pcs"},"content":{"rendered":"<p data-start=\"226\" data-end=\"367\">Las <strong data-start=\"230\" data-end=\"247\">Pet Eye Wipes<\/strong> son toallitas h\u00famedas especialmente dise\u00f1adas para la limpieza suave del contorno de los ojos en perros y gatos \ud83d\udc36\ud83d\udc31.<\/p>\n<p data-start=\"369\" data-end=\"493\">Ayudan a remover laga\u00f1as, suciedad y manchas causadas por l\u00e1grimas, manteniendo el \u00e1rea limpia y fresca sin irritar la piel.<\/p>\n<p data-start=\"495\" data-end=\"561\">Ideales para uso diario en casa o como apoyo en peluquer\u00eda canina.<\/p>\n<hr data-start=\"563\" data-end=\"566\" \/>\n<h2 data-start=\"568\" data-end=\"583\">\u2728 Beneficios<\/h2>\n<p data-start=\"585\" data-end=\"736\">\u2714 Limpieza suave del contorno ocular<br data-start=\"621\" data-end=\"624\" \/>\u2714 Ayudan a reducir manchas por l\u00e1grimas<br data-start=\"663\" data-end=\"666\" \/>\u2714 F\u00f3rmula delicada para uso frecuente<br data-start=\"703\" data-end=\"706\" \/>\u2714 Pr\u00e1ctico envase tipo tarro<\/p>\n<hr data-start=\"738\" data-end=\"741\" \/>\n<h2 data-start=\"743\" data-end=\"760\">\ud83e\uddf4 Modo de uso<\/h2>\n<p data-start=\"762\" data-end=\"880\">Tomar una toallita y limpiar suavemente alrededor del ojo.<br data-start=\"820\" data-end=\"823\" \/>Usar una toallita diferente para cada ojo.<br data-start=\"865\" data-end=\"868\" \/>No enjuagar.<\/p>\n<hr data-start=\"882\" data-end=\"885\" \/>\n<p data-start=\"887\" data-end=\"928\">\ud83d\udce6 <strong data-start=\"890\" data-end=\"904\">Contenido:<\/strong> 200 toallitas h\u00famedas<\/p>\n<hr data-start=\"930\" data-end=\"933\" \/>\n<p data-start=\"935\" data-end=\"995\">\ud83d\udccc Recomendadas para mantenimiento diario en perros y gatos.<\/p>","protected":false},"excerpt":{"rendered":"<p data-start=\"226\" data-end=\"367\">Las <strong data-start=\"230\" data-end=\"247\">Pet Eye Wipes<\/strong> son toallitas h\u00famedas especialmente dise\u00f1adas para la limpieza suave del contorno de los ojos en perros y gatos \ud83d\udc36\ud83d\udc31.<\/p>\n<p data-start=\"369\" data-end=\"493\">Ayudan a remover laga\u00f1as, suciedad y manchas causadas por l\u00e1grimas, manteniendo el \u00e1rea limpia y fresca sin irritar la piel.<\/p>\n<p data-start=\"495\" data-end=\"561\">Ideales para uso diario en casa o como apoyo en peluquer\u00eda canina.<\/p>\n<hr data-start=\"563\" data-end=\"566\" \/>\n<h2 data-start=\"568\" data-end=\"583\">\u2728 Beneficios<\/h2>\n<p data-start=\"585\" data-end=\"736\">\u2714 Limpieza suave del contorno ocular<br data-start=\"621\" data-end=\"624\" \/>\u2714 Ayudan a reducir manchas por l\u00e1grimas<br data-start=\"663\" data-end=\"666\" \/>\u2714 F\u00f3rmula delicada para uso frecuente<br data-start=\"703\" data-end=\"706\" \/>\u2714 Pr\u00e1ctico envase tipo tarro<\/p>\n<hr data-start=\"738\" data-end=\"741\" \/>\n<h2 data-start=\"743\" data-end=\"760\">\ud83e\uddf4 Modo de uso<\/h2>\n<p data-start=\"762\" data-end=\"880\">Tomar una toallita y limpiar suavemente alrededor del ojo.<br data-start=\"820\" data-end=\"823\" \/>Usar una toallita diferente para cada ojo.<br data-start=\"865\" data-end=\"868\" \/>No enjuagar.<\/p>\n<hr data-start=\"882\" data-end=\"885\" \/>\n<p data-start=\"887\" data-end=\"928\">\ud83d\udce6 <strong data-start=\"890\" data-end=\"904\">Contenido:<\/strong> 200 toallitas h\u00famedas<\/p>\n<hr data-start=\"930\" data-end=\"933\" \/>\n<p data-start=\"935\" data-end=\"995\">\ud83d\udccc Recomendadas para mantenimiento diario en perros y gatos.<\/p>","protected":false},"featured_media":64905,"template":"","meta":{"_joinchat":[]},"product_brand":[],"product_cat":[16,22,23,17,19,18,24],"product_tag":[],"class_list":{"0":"post-64901","1":"product","2":"type-product","3":"status-publish","4":"has-post-thumbnail","6":"product_cat-gatos","7":"product_cat-grooming","8":"product_cat-higiene-grooming","9":"product_cat-higiene","10":"product_cat-higiene-perros","11":"product_cat-perros","12":"product_cat-productos-nuevos","15":"first","16":"instock","17":"shipping-taxable","18":"purchasable","19":"product-type-simple"},"yoast_head":"<!-- This site is optimized with the Yoast SEO plugin v27.2 - https:\/\/yoast.com\/product\/yoast-seo-wordpress\/ -->\n<title>Toallitas H\u00famedas para Ojos de Perros y Gatos \u2013 Pet Eye Wipes 200 pcs - Boutique Animal<\/title>\n<meta name=\"robots\" content=\"index, follow, max-snippet:-1, max-image-preview:large, max-video-preview:-1\" \/>\n<link rel=\"canonical\" href=\"https:\/\/boutiqueanimal.co\/en\/product\/toallitas-humedas-para-ojos-de-perros-y-gatos-pet-eye-wipes-200-pcs\/\" \/>\n<meta property=\"og:locale\" content=\"en_US\" \/>\n<meta property=\"og:type\" content=\"article\" \/>\n<meta property=\"og:title\" content=\"Toallitas H\u00famedas para Ojos de Perros y Gatos \u2013 Pet Eye Wipes 200 pcs - Boutique Animal\" \/>\n<meta property=\"og:description\" content=\"Las Pet Eye Wipes son toallitas h\u00famedas especialmente dise\u00f1adas para la limpieza suave del contorno de los ojos en perros y gatos \ud83d\udc36\ud83d\udc31. Ayudan a remover laga\u00f1as, suciedad y manchas causadas por l\u00e1grimas, manteniendo el \u00e1rea limpia y fresca sin irritar la piel. Ideales para uso diario en casa o como apoyo en peluquer\u00eda canina.     \u2728 Beneficios \u2714 Limpieza suave del contorno ocular\u2714 Ayudan a reducir manchas por l\u00e1grimas\u2714 F\u00f3rmula delicada para uso frecuente\u2714 Pr\u00e1ctico envase tipo tarro     \ud83e\uddf4 Modo de uso Tomar una toallita y limpiar suavemente alrededor del ojo.Usar una toallita diferente para cada ojo.No enjuagar.    \ud83d\udce6 Contenido: 200 toallitas h\u00famedas    \ud83d\udccc Recomendadas para mantenimiento diario en perros y gatos.\" \/>\n<meta property=\"og:url\" content=\"https:\/\/boutiqueanimal.co\/en\/product\/toallitas-humedas-para-ojos-de-perros-y-gatos-pet-eye-wipes-200-pcs\/\" \/>\n<meta property=\"og:site_name\" content=\"Boutique Animal\" \/>\n<meta property=\"article:publisher\" content=\"https:\/\/www.facebook.com\/BoutiqueAnimalCo\" \/>\n<meta property=\"og:image\" content=\"https:\/\/boutiqueanimal.co\/wp-content\/uploads\/2026\/03\/WhatsApp-Image-2026-02-24-at-11.41.37-AM-1.jpeg\" \/>\n\t<meta property=\"og:image:width\" content=\"800\" \/>\n\t<meta property=\"og:image:height\" content=\"800\" \/>\n\t<meta property=\"og:image:type\" content=\"image\/jpeg\" \/>\n<meta name=\"twitter:card\" content=\"summary_large_image\" \/>\n<meta name=\"twitter:label1\" content=\"Est. reading time\" \/>\n\t<meta name=\"twitter:data1\" content=\"1 minute\" \/>\n<script type=\"application\/ld+json\" class=\"yoast-schema-graph\">{\"@context\":\"https:\/\/schema.org\",\"@graph\":[{\"@type\":\"WebPage\",\"@id\":\"https:\/\/boutiqueanimal.co\/producto\/toallitas-humedas-para-ojos-de-perros-y-gatos-pet-eye-wipes-200-pcs\/\",\"url\":\"https:\/\/boutiqueanimal.co\/producto\/toallitas-humedas-para-ojos-de-perros-y-gatos-pet-eye-wipes-200-pcs\/\",\"name\":\"Toallitas H\u00famedas para Ojos de Perros y Gatos \u2013 Pet Eye Wipes 200 pcs - Boutique Animal\",\"isPartOf\":{\"@id\":\"https:\/\/boutiqueanimal.co\/#website\"},\"primaryImageOfPage\":{\"@id\":\"https:\/\/boutiqueanimal.co\/producto\/toallitas-humedas-para-ojos-de-perros-y-gatos-pet-eye-wipes-200-pcs\/#primaryimage\"},\"image\":{\"@id\":\"https:\/\/boutiqueanimal.co\/producto\/toallitas-humedas-para-ojos-de-perros-y-gatos-pet-eye-wipes-200-pcs\/#primaryimage\"},\"thumbnailUrl\":\"https:\/\/boutiqueanimal.co\/wp-content\/uploads\/2026\/03\/WhatsApp-Image-2026-02-24-at-11.41.37-AM-1.jpeg\",\"datePublished\":\"2026-03-04T20:01:52+00:00\",\"breadcrumb\":{\"@id\":\"https:\/\/boutiqueanimal.co\/producto\/toallitas-humedas-para-ojos-de-perros-y-gatos-pet-eye-wipes-200-pcs\/#breadcrumb\"},\"inLanguage\":\"en-US\",\"potentialAction\":[{\"@type\":\"ReadAction\",\"target\":[\"https:\/\/boutiqueanimal.co\/producto\/toallitas-humedas-para-ojos-de-perros-y-gatos-pet-eye-wipes-200-pcs\/\"]}]},{\"@type\":\"ImageObject\",\"inLanguage\":\"en-US\",\"@id\":\"https:\/\/boutiqueanimal.co\/producto\/toallitas-humedas-para-ojos-de-perros-y-gatos-pet-eye-wipes-200-pcs\/#primaryimage\",\"url\":\"https:\/\/boutiqueanimal.co\/wp-content\/uploads\/2026\/03\/WhatsApp-Image-2026-02-24-at-11.41.37-AM-1.jpeg\",\"contentUrl\":\"https:\/\/boutiqueanimal.co\/wp-content\/uploads\/2026\/03\/WhatsApp-Image-2026-02-24-at-11.41.37-AM-1.jpeg\",\"width\":800,\"height\":800},{\"@type\":\"BreadcrumbList\",\"@id\":\"https:\/\/boutiqueanimal.co\/producto\/toallitas-humedas-para-ojos-de-perros-y-gatos-pet-eye-wipes-200-pcs\/#breadcrumb\",\"itemListElement\":[{\"@type\":\"ListItem\",\"position\":1,\"name\":\"Inicio\",\"item\":\"https:\/\/boutiqueanimal.co\/\"},{\"@type\":\"ListItem\",\"position\":2,\"name\":\"Tienda\",\"item\":\"https:\/\/boutiqueanimal.co\/tienda\/\"},{\"@type\":\"ListItem\",\"position\":3,\"name\":\"Toallitas H\u00famedas para Ojos de Perros y Gatos \u2013 Pet Eye Wipes 200 pcs\"}]},{\"@type\":\"WebSite\",\"@id\":\"https:\/\/boutiqueanimal.co\/#website\",\"url\":\"https:\/\/boutiqueanimal.co\/\",\"name\":\"Boutique Animal\",\"description\":\"Tienda online de productos para mascotas en Colombia. Env\u00edos r\u00e1pidos y gratis en compras superiores a $100.000\",\"publisher\":{\"@id\":\"https:\/\/boutiqueanimal.co\/#organization\"},\"potentialAction\":[{\"@type\":\"SearchAction\",\"target\":{\"@type\":\"EntryPoint\",\"urlTemplate\":\"https:\/\/boutiqueanimal.co\/?s={search_term_string}\"},\"query-input\":{\"@type\":\"PropertyValueSpecification\",\"valueRequired\":true,\"valueName\":\"search_term_string\"}}],\"inLanguage\":\"en-US\"},{\"@type\":\"Organization\",\"@id\":\"https:\/\/boutiqueanimal.co\/#organization\",\"name\":\"Boutique Animal\",\"url\":\"https:\/\/boutiqueanimal.co\/\",\"logo\":{\"@type\":\"ImageObject\",\"inLanguage\":\"en-US\",\"@id\":\"https:\/\/boutiqueanimal.co\/#\/schema\/logo\/image\/\",\"url\":\"https:\/\/boutiqueanimal.co\/wp-content\/uploads\/2025\/11\/perrito-pc-1024x1024-1.png\",\"contentUrl\":\"https:\/\/boutiqueanimal.co\/wp-content\/uploads\/2025\/11\/perrito-pc-1024x1024-1.png\",\"width\":1024,\"height\":1024,\"caption\":\"Boutique Animal\"},\"image\":{\"@id\":\"https:\/\/boutiqueanimal.co\/#\/schema\/logo\/image\/\"},\"sameAs\":[\"https:\/\/www.facebook.com\/BoutiqueAnimalCo\"]}]}<\/script>\n<!-- \/ Yoast SEO plugin. -->","yoast_head_json":{"title":"Toallitas H\u00famedas para Ojos de Perros y Gatos \u2013 Pet Eye Wipes 200 pcs - Boutique Animal","robots":{"index":"index","follow":"follow","max-snippet":"max-snippet:-1","max-image-preview":"max-image-preview:large","max-video-preview":"max-video-preview:-1"},"canonical":"https:\/\/boutiqueanimal.co\/en\/product\/toallitas-humedas-para-ojos-de-perros-y-gatos-pet-eye-wipes-200-pcs\/","og_locale":"en_US","og_type":"article","og_title":"Toallitas H\u00famedas para Ojos de Perros y Gatos \u2013 Pet Eye Wipes 200 pcs - Boutique Animal","og_description":"Las Pet Eye Wipes son toallitas h\u00famedas especialmente dise\u00f1adas para la limpieza suave del contorno de los ojos en perros y gatos \ud83d\udc36\ud83d\udc31. Ayudan a remover laga\u00f1as, suciedad y manchas causadas por l\u00e1grimas, manteniendo el \u00e1rea limpia y fresca sin irritar la piel. Ideales para uso diario en casa o como apoyo en peluquer\u00eda canina.     \u2728 Beneficios \u2714 Limpieza suave del contorno ocular\u2714 Ayudan a reducir manchas por l\u00e1grimas\u2714 F\u00f3rmula delicada para uso frecuente\u2714 Pr\u00e1ctico envase tipo tarro     \ud83e\uddf4 Modo de uso Tomar una toallita y limpiar suavemente alrededor del ojo.Usar una toallita diferente para cada ojo.No enjuagar.    \ud83d\udce6 Contenido: 200 toallitas h\u00famedas    \ud83d\udccc Recomendadas para mantenimiento diario en perros y gatos.","og_url":"https:\/\/boutiqueanimal.co\/en\/product\/toallitas-humedas-para-ojos-de-perros-y-gatos-pet-eye-wipes-200-pcs\/","og_site_name":"Boutique Animal","article_publisher":"https:\/\/www.facebook.com\/BoutiqueAnimalCo","og_image":[{"width":800,"height":800,"url":"https:\/\/boutiqueanimal.co\/wp-content\/uploads\/2026\/03\/WhatsApp-Image-2026-02-24-at-11.41.37-AM-1.jpeg","type":"image\/jpeg"}],"twitter_card":"summary_large_image","twitter_misc":{"Est. reading time":"1 minute"},"schema":{"@context":"https:\/\/schema.org","@graph":[{"@type":"WebPage","@id":"https:\/\/boutiqueanimal.co\/producto\/toallitas-humedas-para-ojos-de-perros-y-gatos-pet-eye-wipes-200-pcs\/","url":"https:\/\/boutiqueanimal.co\/producto\/toallitas-humedas-para-ojos-de-perros-y-gatos-pet-eye-wipes-200-pcs\/","name":"Toallitas H\u00famedas para Ojos de Perros y Gatos \u2013 Pet Eye Wipes 200 pcs - Boutique Animal","isPartOf":{"@id":"https:\/\/boutiqueanimal.co\/#website"},"primaryImageOfPage":{"@id":"https:\/\/boutiqueanimal.co\/producto\/toallitas-humedas-para-ojos-de-perros-y-gatos-pet-eye-wipes-200-pcs\/#primaryimage"},"image":{"@id":"https:\/\/boutiqueanimal.co\/producto\/toallitas-humedas-para-ojos-de-perros-y-gatos-pet-eye-wipes-200-pcs\/#primaryimage"},"thumbnailUrl":"https:\/\/boutiqueanimal.co\/wp-content\/uploads\/2026\/03\/WhatsApp-Image-2026-02-24-at-11.41.37-AM-1.jpeg","datePublished":"2026-03-04T20:01:52+00:00","breadcrumb":{"@id":"https:\/\/boutiqueanimal.co\/producto\/toallitas-humedas-para-ojos-de-perros-y-gatos-pet-eye-wipes-200-pcs\/#breadcrumb"},"inLanguage":"en-US","potentialAction":[{"@type":"ReadAction","target":["https:\/\/boutiqueanimal.co\/producto\/toallitas-humedas-para-ojos-de-perros-y-gatos-pet-eye-wipes-200-pcs\/"]}]},{"@type":"ImageObject","inLanguage":"en-US","@id":"https:\/\/boutiqueanimal.co\/producto\/toallitas-humedas-para-ojos-de-perros-y-gatos-pet-eye-wipes-200-pcs\/#primaryimage","url":"https:\/\/boutiqueanimal.co\/wp-content\/uploads\/2026\/03\/WhatsApp-Image-2026-02-24-at-11.41.37-AM-1.jpeg","contentUrl":"https:\/\/boutiqueanimal.co\/wp-content\/uploads\/2026\/03\/WhatsApp-Image-2026-02-24-at-11.41.37-AM-1.jpeg","width":800,"height":800},{"@type":"BreadcrumbList","@id":"https:\/\/boutiqueanimal.co\/producto\/toallitas-humedas-para-ojos-de-perros-y-gatos-pet-eye-wipes-200-pcs\/#breadcrumb","itemListElement":[{"@type":"ListItem","position":1,"name":"Inicio","item":"https:\/\/boutiqueanimal.co\/"},{"@type":"ListItem","position":2,"name":"Tienda","item":"https:\/\/boutiqueanimal.co\/tienda\/"},{"@type":"ListItem","position":3,"name":"Toallitas H\u00famedas para Ojos de Perros y Gatos \u2013 Pet Eye Wipes 200 pcs"}]},{"@type":"WebSite","@id":"https:\/\/boutiqueanimal.co\/#website","url":"https:\/\/boutiqueanimal.co\/","name":"Boutique Animal","description":"Tienda online de productos para mascotas en Colombia. Env\u00edos r\u00e1pidos y gratis en compras superiores a $100.000","publisher":{"@id":"https:\/\/boutiqueanimal.co\/#organization"},"potentialAction":[{"@type":"SearchAction","target":{"@type":"EntryPoint","urlTemplate":"https:\/\/boutiqueanimal.co\/?s={search_term_string}"},"query-input":{"@type":"PropertyValueSpecification","valueRequired":true,"valueName":"search_term_string"}}],"inLanguage":"en-US"},{"@type":"Organization","@id":"https:\/\/boutiqueanimal.co\/#organization","name":"Boutique Animal","url":"https:\/\/boutiqueanimal.co\/","logo":{"@type":"ImageObject","inLanguage":"en-US","@id":"https:\/\/boutiqueanimal.co\/#\/schema\/logo\/image\/","url":"https:\/\/boutiqueanimal.co\/wp-content\/uploads\/2025\/11\/perrito-pc-1024x1024-1.png","contentUrl":"https:\/\/boutiqueanimal.co\/wp-content\/uploads\/2025\/11\/perrito-pc-1024x1024-1.png","width":1024,"height":1024,"caption":"Boutique Animal"},"image":{"@id":"https:\/\/boutiqueanimal.co\/#\/schema\/logo\/image\/"},"sameAs":["https:\/\/www.facebook.com\/BoutiqueAnimalCo"]}]}},"_links":{"self":[{"href":"https:\/\/boutiqueanimal.co\/en\/wp-json\/wp\/v2\/product\/64901","targetHints":{"allow":["GET"]}}],"collection":[{"href":"https:\/\/boutiqueanimal.co\/en\/wp-json\/wp\/v2\/product"}],"about":[{"href":"https:\/\/boutiqueanimal.co\/en\/wp-json\/wp\/v2\/types\/product"}],"wp:featuredmedia":[{"embeddable":true,"href":"https:\/\/boutiqueanimal.co\/en\/wp-json\/wp\/v2\/media\/64905"}],"wp:attachment":[{"href":"https:\/\/boutiqueanimal.co\/en\/wp-json\/wp\/v2\/media?parent=64901"}],"wp:term":[{"taxonomy":"product_brand","embeddable":true,"href":"https:\/\/boutiqueanimal.co\/en\/wp-json\/wp\/v2\/product_brand?post=64901"},{"taxonomy":"product_cat","embeddable":true,"href":"https:\/\/boutiqueanimal.co\/en\/wp-json\/wp\/v2\/product_cat?post=64901"},{"taxonomy":"product_tag","embeddable":true,"href":"https:\/\/boutiqueanimal.co\/en\/wp-json\/wp\/v2\/product_tag?post=64901"}],"curies":[{"name":"wp","href":"https:\/\/api.w.org\/{rel}","templated":true}]}}