{"id":64906,"date":"2026-03-04T15:05:13","date_gmt":"2026-03-04T20:05:13","guid":{"rendered":"https:\/\/boutiqueanimal.co\/?post_type=product&#038;p=64906"},"modified":"2026-04-21T22:23:20","modified_gmt":"2026-04-22T03:23:20","slug":"guantes-humedos-para-limpieza","status":"publish","type":"product","link":"https:\/\/boutiqueanimal.co\/en\/product\/guantes-humedos-para-limpieza\/","title":{"rendered":"Guantes H\u00famedos para Limpieza"},"content":{"rendered":"<p data-start=\"233\" data-end=\"368\">Los <strong data-start=\"237\" data-end=\"270\">guantes h\u00famedos para mascotas<\/strong> son ideales para limpiar el cuerpo y los o\u00eddos de perros y gatos de forma pr\u00e1ctica y r\u00e1pida \ud83d\udc36\ud83d\udc31.<\/p>\n<p data-start=\"370\" data-end=\"528\">Su dise\u00f1o en forma de guante permite mayor control y comodidad al momento de limpiar, ayudando a retirar suciedad, polvo y malos olores sin necesidad de ba\u00f1o.<\/p>\n<p data-start=\"530\" data-end=\"578\">Perfectos para uso diario, viajes o entre ba\u00f1os.<\/p>\n<hr data-start=\"580\" data-end=\"583\" \/>\n<h2 data-start=\"585\" data-end=\"600\">\u2728 Beneficios<\/h2>\n<p data-start=\"602\" data-end=\"780\">\u2714 Dise\u00f1o tipo guante para mejor manejo<br data-start=\"640\" data-end=\"643\" \/>\u2714 Limpieza corporal y de o\u00eddos<br data-start=\"673\" data-end=\"676\" \/>\u2714 Pr\u00e1cticos y f\u00e1ciles de usar<br data-start=\"705\" data-end=\"708\" \/>\u2714 Ideales para mantenimiento entre ba\u00f1os<br data-start=\"748\" data-end=\"751\" \/>\u2714 Aptos para perros y gatos<\/p>\n<hr data-start=\"782\" data-end=\"785\" \/>\n<h2 data-start=\"787\" data-end=\"804\">\ud83e\uddf4 Modo de uso<\/h2>\n<p data-start=\"806\" data-end=\"944\">Colocar el guante en la mano y frotar suavemente el cuerpo o la zona externa del o\u00eddo.<br data-start=\"892\" data-end=\"895\" \/>No requiere enjuague.<br data-start=\"916\" data-end=\"919\" \/>Desechar despu\u00e9s de usar.<\/p>\n<hr data-start=\"946\" data-end=\"949\" \/>\n<p data-start=\"951\" data-end=\"988\">\ud83d\udce6 <strong data-start=\"954\" data-end=\"968\">Contenido:<\/strong> 6 guantes h\u00famedos<\/p>","protected":false},"excerpt":{"rendered":"<p data-start=\"233\" data-end=\"368\">Los <strong data-start=\"237\" data-end=\"270\">guantes h\u00famedos para mascotas<\/strong> son ideales para limpiar el cuerpo y los o\u00eddos de perros y gatos de forma pr\u00e1ctica y r\u00e1pida \ud83d\udc36\ud83d\udc31.<\/p>\n<p data-start=\"370\" data-end=\"528\">Su dise\u00f1o en forma de guante permite mayor control y comodidad al momento de limpiar, ayudando a retirar suciedad, polvo y malos olores sin necesidad de ba\u00f1o.<\/p>\n<p data-start=\"530\" data-end=\"578\">Perfectos para uso diario, viajes o entre ba\u00f1os.<\/p>\n<hr data-start=\"580\" data-end=\"583\" \/>\n<h2 data-start=\"585\" data-end=\"600\">\u2728 Beneficios<\/h2>\n<p data-start=\"602\" data-end=\"780\">\u2714 Dise\u00f1o tipo guante para mejor manejo<br data-start=\"640\" data-end=\"643\" \/>\u2714 Limpieza corporal y de o\u00eddos<br data-start=\"673\" data-end=\"676\" \/>\u2714 Pr\u00e1cticos y f\u00e1ciles de usar<br data-start=\"705\" data-end=\"708\" \/>\u2714 Ideales para mantenimiento entre ba\u00f1os<br data-start=\"748\" data-end=\"751\" \/>\u2714 Aptos para perros y gatos<\/p>\n<hr data-start=\"782\" data-end=\"785\" \/>\n<h2 data-start=\"787\" data-end=\"804\">\ud83e\uddf4 Modo de uso<\/h2>\n<p data-start=\"806\" data-end=\"944\">Colocar el guante en la mano y frotar suavemente el cuerpo o la zona externa del o\u00eddo.<br data-start=\"892\" data-end=\"895\" \/>No requiere enjuague.<br data-start=\"916\" data-end=\"919\" \/>Desechar despu\u00e9s de usar.<\/p>\n<hr data-start=\"946\" data-end=\"949\" \/>\n<p data-start=\"951\" data-end=\"988\">\ud83d\udce6 <strong data-start=\"954\" data-end=\"968\">Contenido:<\/strong> 6 guantes h\u00famedos<\/p>","protected":false},"featured_media":64908,"template":"","meta":{"_joinchat":[]},"product_brand":[],"product_cat":[16,22,23,17,19,18,24],"product_tag":[],"class_list":{"0":"post-64906","1":"product","2":"type-product","3":"status-publish","4":"has-post-thumbnail","6":"product_cat-gatos","7":"product_cat-grooming","8":"product_cat-higiene-grooming","9":"product_cat-higiene","10":"product_cat-higiene-perros","11":"product_cat-perros","12":"product_cat-productos-nuevos","15":"first","16":"instock","17":"shipping-taxable","18":"purchasable","19":"product-type-simple"},"yoast_head":"<!-- This site is optimized with the Yoast SEO plugin v27.2 - https:\/\/yoast.com\/product\/yoast-seo-wordpress\/ -->\n<title>Guantes H\u00famedos para Limpieza - Boutique Animal<\/title>\n<meta name=\"robots\" content=\"index, follow, max-snippet:-1, max-image-preview:large, max-video-preview:-1\" \/>\n<link rel=\"canonical\" href=\"https:\/\/boutiqueanimal.co\/en\/product\/guantes-humedos-para-limpieza\/\" \/>\n<meta property=\"og:locale\" content=\"en_US\" \/>\n<meta property=\"og:type\" content=\"article\" \/>\n<meta property=\"og:title\" content=\"Guantes H\u00famedos para Limpieza - Boutique Animal\" \/>\n<meta property=\"og:description\" content=\"Los guantes h\u00famedos para mascotas son ideales para limpiar el cuerpo y los o\u00eddos de perros y gatos de forma pr\u00e1ctica y r\u00e1pida \ud83d\udc36\ud83d\udc31. Su dise\u00f1o en forma de guante permite mayor control y comodidad al momento de limpiar, ayudando a retirar suciedad, polvo y malos olores sin necesidad de ba\u00f1o. Perfectos para uso diario, viajes o entre ba\u00f1os.     \u2728 Beneficios \u2714 Dise\u00f1o tipo guante para mejor manejo\u2714 Limpieza corporal y de o\u00eddos\u2714 Pr\u00e1cticos y f\u00e1ciles de usar\u2714 Ideales para mantenimiento entre ba\u00f1os\u2714 Aptos para perros y gatos     \ud83e\uddf4 Modo de uso Colocar el guante en la mano y frotar suavemente el cuerpo o la zona externa del o\u00eddo.No requiere enjuague.Desechar despu\u00e9s de usar.    \ud83d\udce6 Contenido: 6 guantes h\u00famedos\" \/>\n<meta property=\"og:url\" content=\"https:\/\/boutiqueanimal.co\/en\/product\/guantes-humedos-para-limpieza\/\" \/>\n<meta property=\"og:site_name\" content=\"Boutique Animal\" \/>\n<meta property=\"article:publisher\" content=\"https:\/\/www.facebook.com\/BoutiqueAnimalCo\" \/>\n<meta property=\"article:modified_time\" content=\"2026-04-22T03:23:20+00:00\" \/>\n<meta property=\"og:image\" content=\"https:\/\/boutiqueanimal.co\/wp-content\/uploads\/2026\/03\/WhatsApp-Image-2026-02-24-at-11.29.48-AM-1.jpeg\" \/>\n\t<meta property=\"og:image:width\" content=\"1024\" \/>\n\t<meta property=\"og:image:height\" content=\"1024\" \/>\n\t<meta property=\"og:image:type\" content=\"image\/jpeg\" \/>\n<meta name=\"twitter:card\" content=\"summary_large_image\" \/>\n<meta name=\"twitter:label1\" content=\"Est. reading time\" \/>\n\t<meta name=\"twitter:data1\" content=\"1 minute\" \/>\n<script type=\"application\/ld+json\" class=\"yoast-schema-graph\">{\"@context\":\"https:\/\/schema.org\",\"@graph\":[{\"@type\":\"WebPage\",\"@id\":\"https:\/\/boutiqueanimal.co\/producto\/guantes-humedos-para-limpieza\/\",\"url\":\"https:\/\/boutiqueanimal.co\/producto\/guantes-humedos-para-limpieza\/\",\"name\":\"Guantes H\u00famedos para Limpieza - Boutique Animal\",\"isPartOf\":{\"@id\":\"https:\/\/boutiqueanimal.co\/#website\"},\"primaryImageOfPage\":{\"@id\":\"https:\/\/boutiqueanimal.co\/producto\/guantes-humedos-para-limpieza\/#primaryimage\"},\"image\":{\"@id\":\"https:\/\/boutiqueanimal.co\/producto\/guantes-humedos-para-limpieza\/#primaryimage\"},\"thumbnailUrl\":\"https:\/\/boutiqueanimal.co\/wp-content\/uploads\/2026\/03\/WhatsApp-Image-2026-02-24-at-11.29.48-AM-1.jpeg\",\"datePublished\":\"2026-03-04T20:05:13+00:00\",\"dateModified\":\"2026-04-22T03:23:20+00:00\",\"breadcrumb\":{\"@id\":\"https:\/\/boutiqueanimal.co\/producto\/guantes-humedos-para-limpieza\/#breadcrumb\"},\"inLanguage\":\"en-US\",\"potentialAction\":[{\"@type\":\"ReadAction\",\"target\":[\"https:\/\/boutiqueanimal.co\/producto\/guantes-humedos-para-limpieza\/\"]}]},{\"@type\":\"ImageObject\",\"inLanguage\":\"en-US\",\"@id\":\"https:\/\/boutiqueanimal.co\/producto\/guantes-humedos-para-limpieza\/#primaryimage\",\"url\":\"https:\/\/boutiqueanimal.co\/wp-content\/uploads\/2026\/03\/WhatsApp-Image-2026-02-24-at-11.29.48-AM-1.jpeg\",\"contentUrl\":\"https:\/\/boutiqueanimal.co\/wp-content\/uploads\/2026\/03\/WhatsApp-Image-2026-02-24-at-11.29.48-AM-1.jpeg\",\"width\":1024,\"height\":1024},{\"@type\":\"BreadcrumbList\",\"@id\":\"https:\/\/boutiqueanimal.co\/producto\/guantes-humedos-para-limpieza\/#breadcrumb\",\"itemListElement\":[{\"@type\":\"ListItem\",\"position\":1,\"name\":\"Inicio\",\"item\":\"https:\/\/boutiqueanimal.co\/\"},{\"@type\":\"ListItem\",\"position\":2,\"name\":\"Tienda\",\"item\":\"https:\/\/boutiqueanimal.co\/tienda\/\"},{\"@type\":\"ListItem\",\"position\":3,\"name\":\"Guantes H\u00famedos para Limpieza\"}]},{\"@type\":\"WebSite\",\"@id\":\"https:\/\/boutiqueanimal.co\/#website\",\"url\":\"https:\/\/boutiqueanimal.co\/\",\"name\":\"Boutique Animal\",\"description\":\"Tienda online de productos para mascotas en Colombia. Env\u00edos r\u00e1pidos y gratis en compras superiores a $100.000\",\"publisher\":{\"@id\":\"https:\/\/boutiqueanimal.co\/#organization\"},\"potentialAction\":[{\"@type\":\"SearchAction\",\"target\":{\"@type\":\"EntryPoint\",\"urlTemplate\":\"https:\/\/boutiqueanimal.co\/?s={search_term_string}\"},\"query-input\":{\"@type\":\"PropertyValueSpecification\",\"valueRequired\":true,\"valueName\":\"search_term_string\"}}],\"inLanguage\":\"en-US\"},{\"@type\":\"Organization\",\"@id\":\"https:\/\/boutiqueanimal.co\/#organization\",\"name\":\"Boutique Animal\",\"url\":\"https:\/\/boutiqueanimal.co\/\",\"logo\":{\"@type\":\"ImageObject\",\"inLanguage\":\"en-US\",\"@id\":\"https:\/\/boutiqueanimal.co\/#\/schema\/logo\/image\/\",\"url\":\"https:\/\/boutiqueanimal.co\/wp-content\/uploads\/2025\/11\/perrito-pc-1024x1024-1.png\",\"contentUrl\":\"https:\/\/boutiqueanimal.co\/wp-content\/uploads\/2025\/11\/perrito-pc-1024x1024-1.png\",\"width\":1024,\"height\":1024,\"caption\":\"Boutique Animal\"},\"image\":{\"@id\":\"https:\/\/boutiqueanimal.co\/#\/schema\/logo\/image\/\"},\"sameAs\":[\"https:\/\/www.facebook.com\/BoutiqueAnimalCo\"]}]}<\/script>\n<!-- \/ Yoast SEO plugin. -->","yoast_head_json":{"title":"Guantes H\u00famedos para Limpieza - Boutique Animal","robots":{"index":"index","follow":"follow","max-snippet":"max-snippet:-1","max-image-preview":"max-image-preview:large","max-video-preview":"max-video-preview:-1"},"canonical":"https:\/\/boutiqueanimal.co\/en\/product\/guantes-humedos-para-limpieza\/","og_locale":"en_US","og_type":"article","og_title":"Guantes H\u00famedos para Limpieza - Boutique Animal","og_description":"Los guantes h\u00famedos para mascotas son ideales para limpiar el cuerpo y los o\u00eddos de perros y gatos de forma pr\u00e1ctica y r\u00e1pida \ud83d\udc36\ud83d\udc31. Su dise\u00f1o en forma de guante permite mayor control y comodidad al momento de limpiar, ayudando a retirar suciedad, polvo y malos olores sin necesidad de ba\u00f1o. Perfectos para uso diario, viajes o entre ba\u00f1os.     \u2728 Beneficios \u2714 Dise\u00f1o tipo guante para mejor manejo\u2714 Limpieza corporal y de o\u00eddos\u2714 Pr\u00e1cticos y f\u00e1ciles de usar\u2714 Ideales para mantenimiento entre ba\u00f1os\u2714 Aptos para perros y gatos     \ud83e\uddf4 Modo de uso Colocar el guante en la mano y frotar suavemente el cuerpo o la zona externa del o\u00eddo.No requiere enjuague.Desechar despu\u00e9s de usar.    \ud83d\udce6 Contenido: 6 guantes h\u00famedos","og_url":"https:\/\/boutiqueanimal.co\/en\/product\/guantes-humedos-para-limpieza\/","og_site_name":"Boutique Animal","article_publisher":"https:\/\/www.facebook.com\/BoutiqueAnimalCo","article_modified_time":"2026-04-22T03:23:20+00:00","og_image":[{"width":1024,"height":1024,"url":"https:\/\/boutiqueanimal.co\/wp-content\/uploads\/2026\/03\/WhatsApp-Image-2026-02-24-at-11.29.48-AM-1.jpeg","type":"image\/jpeg"}],"twitter_card":"summary_large_image","twitter_misc":{"Est. reading time":"1 minute"},"schema":{"@context":"https:\/\/schema.org","@graph":[{"@type":"WebPage","@id":"https:\/\/boutiqueanimal.co\/producto\/guantes-humedos-para-limpieza\/","url":"https:\/\/boutiqueanimal.co\/producto\/guantes-humedos-para-limpieza\/","name":"Guantes H\u00famedos para Limpieza - Boutique Animal","isPartOf":{"@id":"https:\/\/boutiqueanimal.co\/#website"},"primaryImageOfPage":{"@id":"https:\/\/boutiqueanimal.co\/producto\/guantes-humedos-para-limpieza\/#primaryimage"},"image":{"@id":"https:\/\/boutiqueanimal.co\/producto\/guantes-humedos-para-limpieza\/#primaryimage"},"thumbnailUrl":"https:\/\/boutiqueanimal.co\/wp-content\/uploads\/2026\/03\/WhatsApp-Image-2026-02-24-at-11.29.48-AM-1.jpeg","datePublished":"2026-03-04T20:05:13+00:00","dateModified":"2026-04-22T03:23:20+00:00","breadcrumb":{"@id":"https:\/\/boutiqueanimal.co\/producto\/guantes-humedos-para-limpieza\/#breadcrumb"},"inLanguage":"en-US","potentialAction":[{"@type":"ReadAction","target":["https:\/\/boutiqueanimal.co\/producto\/guantes-humedos-para-limpieza\/"]}]},{"@type":"ImageObject","inLanguage":"en-US","@id":"https:\/\/boutiqueanimal.co\/producto\/guantes-humedos-para-limpieza\/#primaryimage","url":"https:\/\/boutiqueanimal.co\/wp-content\/uploads\/2026\/03\/WhatsApp-Image-2026-02-24-at-11.29.48-AM-1.jpeg","contentUrl":"https:\/\/boutiqueanimal.co\/wp-content\/uploads\/2026\/03\/WhatsApp-Image-2026-02-24-at-11.29.48-AM-1.jpeg","width":1024,"height":1024},{"@type":"BreadcrumbList","@id":"https:\/\/boutiqueanimal.co\/producto\/guantes-humedos-para-limpieza\/#breadcrumb","itemListElement":[{"@type":"ListItem","position":1,"name":"Inicio","item":"https:\/\/boutiqueanimal.co\/"},{"@type":"ListItem","position":2,"name":"Tienda","item":"https:\/\/boutiqueanimal.co\/tienda\/"},{"@type":"ListItem","position":3,"name":"Guantes H\u00famedos para Limpieza"}]},{"@type":"WebSite","@id":"https:\/\/boutiqueanimal.co\/#website","url":"https:\/\/boutiqueanimal.co\/","name":"Boutique Animal","description":"Tienda online de productos para mascotas en Colombia. Env\u00edos r\u00e1pidos y gratis en compras superiores a $100.000","publisher":{"@id":"https:\/\/boutiqueanimal.co\/#organization"},"potentialAction":[{"@type":"SearchAction","target":{"@type":"EntryPoint","urlTemplate":"https:\/\/boutiqueanimal.co\/?s={search_term_string}"},"query-input":{"@type":"PropertyValueSpecification","valueRequired":true,"valueName":"search_term_string"}}],"inLanguage":"en-US"},{"@type":"Organization","@id":"https:\/\/boutiqueanimal.co\/#organization","name":"Boutique Animal","url":"https:\/\/boutiqueanimal.co\/","logo":{"@type":"ImageObject","inLanguage":"en-US","@id":"https:\/\/boutiqueanimal.co\/#\/schema\/logo\/image\/","url":"https:\/\/boutiqueanimal.co\/wp-content\/uploads\/2025\/11\/perrito-pc-1024x1024-1.png","contentUrl":"https:\/\/boutiqueanimal.co\/wp-content\/uploads\/2025\/11\/perrito-pc-1024x1024-1.png","width":1024,"height":1024,"caption":"Boutique Animal"},"image":{"@id":"https:\/\/boutiqueanimal.co\/#\/schema\/logo\/image\/"},"sameAs":["https:\/\/www.facebook.com\/BoutiqueAnimalCo"]}]}},"_links":{"self":[{"href":"https:\/\/boutiqueanimal.co\/en\/wp-json\/wp\/v2\/product\/64906","targetHints":{"allow":["GET"]}}],"collection":[{"href":"https:\/\/boutiqueanimal.co\/en\/wp-json\/wp\/v2\/product"}],"about":[{"href":"https:\/\/boutiqueanimal.co\/en\/wp-json\/wp\/v2\/types\/product"}],"wp:featuredmedia":[{"embeddable":true,"href":"https:\/\/boutiqueanimal.co\/en\/wp-json\/wp\/v2\/media\/64908"}],"wp:attachment":[{"href":"https:\/\/boutiqueanimal.co\/en\/wp-json\/wp\/v2\/media?parent=64906"}],"wp:term":[{"taxonomy":"product_brand","embeddable":true,"href":"https:\/\/boutiqueanimal.co\/en\/wp-json\/wp\/v2\/product_brand?post=64906"},{"taxonomy":"product_cat","embeddable":true,"href":"https:\/\/boutiqueanimal.co\/en\/wp-json\/wp\/v2\/product_cat?post=64906"},{"taxonomy":"product_tag","embeddable":true,"href":"https:\/\/boutiqueanimal.co\/en\/wp-json\/wp\/v2\/product_tag?post=64906"}],"curies":[{"name":"wp","href":"https:\/\/api.w.org\/{rel}","templated":true}]}}