{"id":64928,"date":"2026-03-04T15:54:48","date_gmt":"2026-03-04T20:54:48","guid":{"rendered":"https:\/\/boutiqueanimal.co\/?post_type=product&#038;p=64928"},"modified":"2026-03-04T15:55:48","modified_gmt":"2026-03-04T20:55:48","slug":"maquina-canina-ballmerk-cvr-2","status":"publish","type":"product","link":"https:\/\/boutiqueanimal.co\/en\/product\/maquina-canina-ballmerk-cvr-2\/","title":{"rendered":"Maquina Canina Ballmerk CVR-2"},"content":{"rendered":"<p data-start=\"216\" data-end=\"473\">La <strong data-start=\"219\" data-end=\"255\">M\u00e1quina Ballmerk CVR-2 Brushless<\/strong> es una herramienta profesional de alto rendimiento, ideal para peluquer\u00eda canina exigente. Su motor <strong data-start=\"356\" data-end=\"386\">Brushless (sin escobillas)<\/strong> ofrece mayor durabilidad, menor calentamiento y mejor desempe\u00f1o en trabajos continuos.<\/p>\n<p data-start=\"475\" data-end=\"643\">Gracias a sus <strong data-start=\"489\" data-end=\"517\">2 velocidades ajustables<\/strong> de hasta 4500 SPM (golpes por minuto), permite trabajar diferentes tipos de manto con precisi\u00f3n, potencia y acabado uniforme.<\/p>\n<hr data-start=\"645\" data-end=\"648\" \/>\n<h2 data-start=\"650\" data-end=\"683\">\ud83d\udd25 Caracter\u00edsticas principales<\/h2>\n<p data-start=\"685\" data-end=\"900\">\u2714 Motor Brushless de larga duraci\u00f3n<br data-start=\"720\" data-end=\"723\" \/>\u2714 2 velocidades: 3700 \u2013 4500 SPM<br data-start=\"755\" data-end=\"758\" \/>\u2714 Autonom\u00eda de hasta 2.5 horas<br data-start=\"788\" data-end=\"791\" \/>\u2714 Sistema Bi-voltaje<br data-start=\"811\" data-end=\"814\" \/>\u2714 Cuchilla intercambiable tipo est\u00e1ndar<br data-start=\"853\" data-end=\"856\" \/>\u2714 Cable de 4.3 metros para mayor comodidad<\/p>\n<hr data-start=\"902\" data-end=\"905\" \/>\n<h2 data-start=\"907\" data-end=\"927\">\ud83d\udd04 Compatibilidad<\/h2>\n<p data-start=\"929\" data-end=\"990\">Compatible con cuchillas est\u00e1ndar de marcas reconocidas como:<\/p>\n<p data-start=\"992\" data-end=\"1020\">\u2714 Andis<br data-start=\"999\" data-end=\"1002\" \/>\u2714 Wahl<br data-start=\"1008\" data-end=\"1011\" \/>\u2714 Oster<\/p>\n<hr data-start=\"1022\" data-end=\"1025\" \/>\n<h2 data-start=\"1027\" data-end=\"1040\">\ud83d\udce6 Incluye<\/h2>\n<p data-start=\"1042\" data-end=\"1137\">\u2714 M\u00e1quina Ballmerk CVR-2<br data-start=\"1066\" data-end=\"1069\" \/>\u2714 4 alzas met\u00e1licas<br data-start=\"1088\" data-end=\"1091\" \/>\u2714 Cable de 4.3 metros<br data-start=\"1112\" data-end=\"1115\" \/>\u2714 Accesorios b\u00e1sicos<\/p>\n<hr data-start=\"1139\" data-end=\"1142\" \/>\n<h2 data-start=\"1144\" data-end=\"1158\">\ud83d\udee1 Garant\u00eda<\/h2>\n<p data-start=\"1160\" data-end=\"1299\">Cuenta con <strong data-start=\"1171\" data-end=\"1228\">1 a\u00f1o de garant\u00eda en el motor por defectos de f\u00e1brica<\/strong>.<br data-start=\"1229\" data-end=\"1232\" \/>No cubre da\u00f1os por golpes, humedad, sobrecarga el\u00e9ctrica o mal uso.<\/p>","protected":false},"excerpt":{"rendered":"<p data-start=\"216\" data-end=\"473\">La <strong data-start=\"219\" data-end=\"255\">M\u00e1quina Ballmerk CVR-2 Brushless<\/strong> es una herramienta profesional de alto rendimiento, ideal para peluquer\u00eda canina exigente. Su motor <strong data-start=\"356\" data-end=\"386\">Brushless (sin escobillas)<\/strong> ofrece mayor durabilidad, menor calentamiento y mejor desempe\u00f1o en trabajos continuos.<\/p>\n<p data-start=\"475\" data-end=\"643\">Gracias a sus <strong data-start=\"489\" data-end=\"517\">2 velocidades ajustables<\/strong> de hasta 4500 SPM (golpes por minuto), permite trabajar diferentes tipos de manto con precisi\u00f3n, potencia y acabado uniforme.<\/p>\n<hr data-start=\"645\" data-end=\"648\" \/>\n<h2 data-start=\"650\" data-end=\"683\">\ud83d\udd25 Caracter\u00edsticas principales<\/h2>\n<p data-start=\"685\" data-end=\"900\">\u2714 Motor Brushless de larga duraci\u00f3n<br data-start=\"720\" data-end=\"723\" \/>\u2714 2 velocidades: 3700 \u2013 4500 SPM<br data-start=\"755\" data-end=\"758\" \/>\u2714 Autonom\u00eda de hasta 2.5 horas<br data-start=\"788\" data-end=\"791\" \/>\u2714 Sistema Bi-voltaje<br data-start=\"811\" data-end=\"814\" \/>\u2714 Cuchilla intercambiable tipo est\u00e1ndar<br data-start=\"853\" data-end=\"856\" \/>\u2714 Cable de 4.3 metros para mayor comodidad<\/p>\n<hr data-start=\"902\" data-end=\"905\" \/>\n<h2 data-start=\"907\" data-end=\"927\">\ud83d\udd04 Compatibilidad<\/h2>\n<p data-start=\"929\" data-end=\"990\">Compatible con cuchillas est\u00e1ndar de marcas reconocidas como:<\/p>\n<p data-start=\"992\" data-end=\"1020\">\u2714 Andis<br data-start=\"999\" data-end=\"1002\" \/>\u2714 Wahl<br data-start=\"1008\" data-end=\"1011\" \/>\u2714 Oster<\/p>\n<hr data-start=\"1022\" data-end=\"1025\" \/>\n<h2 data-start=\"1027\" data-end=\"1040\">\ud83d\udce6 Incluye<\/h2>\n<p data-start=\"1042\" data-end=\"1137\">\u2714 M\u00e1quina Ballmerk CVR-2<br data-start=\"1066\" data-end=\"1069\" \/>\u2714 4 alzas met\u00e1licas<br data-start=\"1088\" data-end=\"1091\" \/>\u2714 Cable de 4.3 metros<br data-start=\"1112\" data-end=\"1115\" \/>\u2714 Accesorios b\u00e1sicos<\/p>\n<hr data-start=\"1139\" data-end=\"1142\" \/>\n<h2 data-start=\"1144\" data-end=\"1158\">\ud83d\udee1 Garant\u00eda<\/h2>\n<p data-start=\"1160\" data-end=\"1299\">Cuenta con <strong data-start=\"1171\" data-end=\"1228\">1 a\u00f1o de garant\u00eda en el motor por defectos de f\u00e1brica<\/strong>.<br data-start=\"1229\" data-end=\"1232\" \/>No cubre da\u00f1os por golpes, humedad, sobrecarga el\u00e9ctrica o mal uso.<\/p>","protected":false},"featured_media":64938,"template":"","meta":{"_joinchat":[]},"product_brand":[],"product_cat":[22,38,24],"product_tag":[],"class_list":{"0":"post-64928","1":"product","2":"type-product","3":"status-publish","4":"has-post-thumbnail","6":"product_cat-grooming","7":"product_cat-maquinas","8":"product_cat-productos-nuevos","11":"first","12":"instock","13":"shipping-taxable","14":"purchasable","15":"product-type-simple"},"yoast_head":"<!-- This site is optimized with the Yoast SEO plugin v27.2 - https:\/\/yoast.com\/product\/yoast-seo-wordpress\/ -->\n<title>Maquina Canina Ballmerk CVR-2 - Boutique Animal<\/title>\n<meta name=\"robots\" content=\"index, follow, max-snippet:-1, max-image-preview:large, max-video-preview:-1\" \/>\n<link rel=\"canonical\" href=\"https:\/\/boutiqueanimal.co\/en\/product\/maquina-canina-ballmerk-cvr-2\/\" \/>\n<meta property=\"og:locale\" content=\"en_US\" \/>\n<meta property=\"og:type\" content=\"article\" \/>\n<meta property=\"og:title\" content=\"Maquina Canina Ballmerk CVR-2 - Boutique Animal\" \/>\n<meta property=\"og:description\" content=\"La M\u00e1quina Ballmerk CVR-2 Brushless es una herramienta profesional de alto rendimiento, ideal para peluquer\u00eda canina exigente. Su motor Brushless (sin escobillas) ofrece mayor durabilidad, menor calentamiento y mejor desempe\u00f1o en trabajos continuos. Gracias a sus 2 velocidades ajustables de hasta 4500 SPM (golpes por minuto), permite trabajar diferentes tipos de manto con precisi\u00f3n, potencia y acabado uniforme.     \ud83d\udd25 Caracter\u00edsticas principales \u2714 Motor Brushless de larga duraci\u00f3n\u2714 2 velocidades: 3700 \u2013 4500 SPM\u2714 Autonom\u00eda de hasta 2.5 horas\u2714 Sistema Bi-voltaje\u2714 Cuchilla intercambiable tipo est\u00e1ndar\u2714 Cable de 4.3 metros para mayor comodidad     \ud83d\udd04 Compatibilidad Compatible con cuchillas est\u00e1ndar de marcas reconocidas como: \u2714 Andis\u2714 Wahl\u2714 Oster     \ud83d\udce6 Incluye \u2714 M\u00e1quina Ballmerk CVR-2\u2714 4 alzas met\u00e1licas\u2714 Cable de 4.3 metros\u2714 Accesorios b\u00e1sicos     \ud83d\udee1 Garant\u00eda Cuenta con 1 a\u00f1o de garant\u00eda en el motor por defectos de f\u00e1brica.No cubre da\u00f1os por golpes, humedad, sobrecarga el\u00e9ctrica o mal uso.\" \/>\n<meta property=\"og:url\" content=\"https:\/\/boutiqueanimal.co\/en\/product\/maquina-canina-ballmerk-cvr-2\/\" \/>\n<meta property=\"og:site_name\" content=\"Boutique Animal\" \/>\n<meta property=\"article:publisher\" content=\"https:\/\/www.facebook.com\/BoutiqueAnimalCo\" \/>\n<meta property=\"article:modified_time\" content=\"2026-03-04T20:55:48+00:00\" \/>\n<meta property=\"og:image\" content=\"https:\/\/boutiqueanimal.co\/wp-content\/uploads\/2026\/03\/e2239daf-9b00-4b15-b632-375273053c74.png\" \/>\n\t<meta property=\"og:image:width\" content=\"1536\" \/>\n\t<meta property=\"og:image:height\" content=\"1024\" \/>\n\t<meta property=\"og:image:type\" content=\"image\/png\" \/>\n<meta name=\"twitter:card\" content=\"summary_large_image\" \/>\n<meta name=\"twitter:label1\" content=\"Est. reading time\" \/>\n\t<meta name=\"twitter:data1\" content=\"1 minute\" \/>\n<script type=\"application\/ld+json\" class=\"yoast-schema-graph\">{\"@context\":\"https:\/\/schema.org\",\"@graph\":[{\"@type\":\"WebPage\",\"@id\":\"https:\/\/boutiqueanimal.co\/producto\/maquina-canina-ballmerk-cvr-2\/\",\"url\":\"https:\/\/boutiqueanimal.co\/producto\/maquina-canina-ballmerk-cvr-2\/\",\"name\":\"Maquina Canina Ballmerk CVR-2 - Boutique Animal\",\"isPartOf\":{\"@id\":\"https:\/\/boutiqueanimal.co\/#website\"},\"primaryImageOfPage\":{\"@id\":\"https:\/\/boutiqueanimal.co\/producto\/maquina-canina-ballmerk-cvr-2\/#primaryimage\"},\"image\":{\"@id\":\"https:\/\/boutiqueanimal.co\/producto\/maquina-canina-ballmerk-cvr-2\/#primaryimage\"},\"thumbnailUrl\":\"https:\/\/boutiqueanimal.co\/wp-content\/uploads\/2026\/03\/e2239daf-9b00-4b15-b632-375273053c74.png\",\"datePublished\":\"2026-03-04T20:54:48+00:00\",\"dateModified\":\"2026-03-04T20:55:48+00:00\",\"breadcrumb\":{\"@id\":\"https:\/\/boutiqueanimal.co\/producto\/maquina-canina-ballmerk-cvr-2\/#breadcrumb\"},\"inLanguage\":\"en-US\",\"potentialAction\":[{\"@type\":\"ReadAction\",\"target\":[\"https:\/\/boutiqueanimal.co\/producto\/maquina-canina-ballmerk-cvr-2\/\"]}]},{\"@type\":\"ImageObject\",\"inLanguage\":\"en-US\",\"@id\":\"https:\/\/boutiqueanimal.co\/producto\/maquina-canina-ballmerk-cvr-2\/#primaryimage\",\"url\":\"https:\/\/boutiqueanimal.co\/wp-content\/uploads\/2026\/03\/e2239daf-9b00-4b15-b632-375273053c74.png\",\"contentUrl\":\"https:\/\/boutiqueanimal.co\/wp-content\/uploads\/2026\/03\/e2239daf-9b00-4b15-b632-375273053c74.png\",\"width\":1536,\"height\":1024},{\"@type\":\"BreadcrumbList\",\"@id\":\"https:\/\/boutiqueanimal.co\/producto\/maquina-canina-ballmerk-cvr-2\/#breadcrumb\",\"itemListElement\":[{\"@type\":\"ListItem\",\"position\":1,\"name\":\"Inicio\",\"item\":\"https:\/\/boutiqueanimal.co\/\"},{\"@type\":\"ListItem\",\"position\":2,\"name\":\"Tienda\",\"item\":\"https:\/\/boutiqueanimal.co\/tienda\/\"},{\"@type\":\"ListItem\",\"position\":3,\"name\":\"Maquina Canina Ballmerk CVR-2\"}]},{\"@type\":\"WebSite\",\"@id\":\"https:\/\/boutiqueanimal.co\/#website\",\"url\":\"https:\/\/boutiqueanimal.co\/\",\"name\":\"Boutique Animal\",\"description\":\"Tienda online de productos para mascotas en Colombia. Env\u00edos r\u00e1pidos y gratis en compras superiores a $100.000\",\"publisher\":{\"@id\":\"https:\/\/boutiqueanimal.co\/#organization\"},\"potentialAction\":[{\"@type\":\"SearchAction\",\"target\":{\"@type\":\"EntryPoint\",\"urlTemplate\":\"https:\/\/boutiqueanimal.co\/?s={search_term_string}\"},\"query-input\":{\"@type\":\"PropertyValueSpecification\",\"valueRequired\":true,\"valueName\":\"search_term_string\"}}],\"inLanguage\":\"en-US\"},{\"@type\":\"Organization\",\"@id\":\"https:\/\/boutiqueanimal.co\/#organization\",\"name\":\"Boutique Animal\",\"url\":\"https:\/\/boutiqueanimal.co\/\",\"logo\":{\"@type\":\"ImageObject\",\"inLanguage\":\"en-US\",\"@id\":\"https:\/\/boutiqueanimal.co\/#\/schema\/logo\/image\/\",\"url\":\"https:\/\/boutiqueanimal.co\/wp-content\/uploads\/2025\/11\/perrito-pc-1024x1024-1.png\",\"contentUrl\":\"https:\/\/boutiqueanimal.co\/wp-content\/uploads\/2025\/11\/perrito-pc-1024x1024-1.png\",\"width\":1024,\"height\":1024,\"caption\":\"Boutique Animal\"},\"image\":{\"@id\":\"https:\/\/boutiqueanimal.co\/#\/schema\/logo\/image\/\"},\"sameAs\":[\"https:\/\/www.facebook.com\/BoutiqueAnimalCo\"]}]}<\/script>\n<!-- \/ Yoast SEO plugin. -->","yoast_head_json":{"title":"Maquina Canina Ballmerk CVR-2 - Boutique Animal","robots":{"index":"index","follow":"follow","max-snippet":"max-snippet:-1","max-image-preview":"max-image-preview:large","max-video-preview":"max-video-preview:-1"},"canonical":"https:\/\/boutiqueanimal.co\/en\/product\/maquina-canina-ballmerk-cvr-2\/","og_locale":"en_US","og_type":"article","og_title":"Maquina Canina Ballmerk CVR-2 - Boutique Animal","og_description":"La M\u00e1quina Ballmerk CVR-2 Brushless es una herramienta profesional de alto rendimiento, ideal para peluquer\u00eda canina exigente. Su motor Brushless (sin escobillas) ofrece mayor durabilidad, menor calentamiento y mejor desempe\u00f1o en trabajos continuos. Gracias a sus 2 velocidades ajustables de hasta 4500 SPM (golpes por minuto), permite trabajar diferentes tipos de manto con precisi\u00f3n, potencia y acabado uniforme.     \ud83d\udd25 Caracter\u00edsticas principales \u2714 Motor Brushless de larga duraci\u00f3n\u2714 2 velocidades: 3700 \u2013 4500 SPM\u2714 Autonom\u00eda de hasta 2.5 horas\u2714 Sistema Bi-voltaje\u2714 Cuchilla intercambiable tipo est\u00e1ndar\u2714 Cable de 4.3 metros para mayor comodidad     \ud83d\udd04 Compatibilidad Compatible con cuchillas est\u00e1ndar de marcas reconocidas como: \u2714 Andis\u2714 Wahl\u2714 Oster     \ud83d\udce6 Incluye \u2714 M\u00e1quina Ballmerk CVR-2\u2714 4 alzas met\u00e1licas\u2714 Cable de 4.3 metros\u2714 Accesorios b\u00e1sicos     \ud83d\udee1 Garant\u00eda Cuenta con 1 a\u00f1o de garant\u00eda en el motor por defectos de f\u00e1brica.No cubre da\u00f1os por golpes, humedad, sobrecarga el\u00e9ctrica o mal uso.","og_url":"https:\/\/boutiqueanimal.co\/en\/product\/maquina-canina-ballmerk-cvr-2\/","og_site_name":"Boutique Animal","article_publisher":"https:\/\/www.facebook.com\/BoutiqueAnimalCo","article_modified_time":"2026-03-04T20:55:48+00:00","og_image":[{"width":1536,"height":1024,"url":"https:\/\/boutiqueanimal.co\/wp-content\/uploads\/2026\/03\/e2239daf-9b00-4b15-b632-375273053c74.png","type":"image\/png"}],"twitter_card":"summary_large_image","twitter_misc":{"Est. reading time":"1 minute"},"schema":{"@context":"https:\/\/schema.org","@graph":[{"@type":"WebPage","@id":"https:\/\/boutiqueanimal.co\/producto\/maquina-canina-ballmerk-cvr-2\/","url":"https:\/\/boutiqueanimal.co\/producto\/maquina-canina-ballmerk-cvr-2\/","name":"Maquina Canina Ballmerk CVR-2 - Boutique Animal","isPartOf":{"@id":"https:\/\/boutiqueanimal.co\/#website"},"primaryImageOfPage":{"@id":"https:\/\/boutiqueanimal.co\/producto\/maquina-canina-ballmerk-cvr-2\/#primaryimage"},"image":{"@id":"https:\/\/boutiqueanimal.co\/producto\/maquina-canina-ballmerk-cvr-2\/#primaryimage"},"thumbnailUrl":"https:\/\/boutiqueanimal.co\/wp-content\/uploads\/2026\/03\/e2239daf-9b00-4b15-b632-375273053c74.png","datePublished":"2026-03-04T20:54:48+00:00","dateModified":"2026-03-04T20:55:48+00:00","breadcrumb":{"@id":"https:\/\/boutiqueanimal.co\/producto\/maquina-canina-ballmerk-cvr-2\/#breadcrumb"},"inLanguage":"en-US","potentialAction":[{"@type":"ReadAction","target":["https:\/\/boutiqueanimal.co\/producto\/maquina-canina-ballmerk-cvr-2\/"]}]},{"@type":"ImageObject","inLanguage":"en-US","@id":"https:\/\/boutiqueanimal.co\/producto\/maquina-canina-ballmerk-cvr-2\/#primaryimage","url":"https:\/\/boutiqueanimal.co\/wp-content\/uploads\/2026\/03\/e2239daf-9b00-4b15-b632-375273053c74.png","contentUrl":"https:\/\/boutiqueanimal.co\/wp-content\/uploads\/2026\/03\/e2239daf-9b00-4b15-b632-375273053c74.png","width":1536,"height":1024},{"@type":"BreadcrumbList","@id":"https:\/\/boutiqueanimal.co\/producto\/maquina-canina-ballmerk-cvr-2\/#breadcrumb","itemListElement":[{"@type":"ListItem","position":1,"name":"Inicio","item":"https:\/\/boutiqueanimal.co\/"},{"@type":"ListItem","position":2,"name":"Tienda","item":"https:\/\/boutiqueanimal.co\/tienda\/"},{"@type":"ListItem","position":3,"name":"Maquina Canina Ballmerk CVR-2"}]},{"@type":"WebSite","@id":"https:\/\/boutiqueanimal.co\/#website","url":"https:\/\/boutiqueanimal.co\/","name":"Boutique Animal","description":"Tienda online de productos para mascotas en Colombia. Env\u00edos r\u00e1pidos y gratis en compras superiores a $100.000","publisher":{"@id":"https:\/\/boutiqueanimal.co\/#organization"},"potentialAction":[{"@type":"SearchAction","target":{"@type":"EntryPoint","urlTemplate":"https:\/\/boutiqueanimal.co\/?s={search_term_string}"},"query-input":{"@type":"PropertyValueSpecification","valueRequired":true,"valueName":"search_term_string"}}],"inLanguage":"en-US"},{"@type":"Organization","@id":"https:\/\/boutiqueanimal.co\/#organization","name":"Boutique Animal","url":"https:\/\/boutiqueanimal.co\/","logo":{"@type":"ImageObject","inLanguage":"en-US","@id":"https:\/\/boutiqueanimal.co\/#\/schema\/logo\/image\/","url":"https:\/\/boutiqueanimal.co\/wp-content\/uploads\/2025\/11\/perrito-pc-1024x1024-1.png","contentUrl":"https:\/\/boutiqueanimal.co\/wp-content\/uploads\/2025\/11\/perrito-pc-1024x1024-1.png","width":1024,"height":1024,"caption":"Boutique Animal"},"image":{"@id":"https:\/\/boutiqueanimal.co\/#\/schema\/logo\/image\/"},"sameAs":["https:\/\/www.facebook.com\/BoutiqueAnimalCo"]}]}},"_links":{"self":[{"href":"https:\/\/boutiqueanimal.co\/en\/wp-json\/wp\/v2\/product\/64928","targetHints":{"allow":["GET"]}}],"collection":[{"href":"https:\/\/boutiqueanimal.co\/en\/wp-json\/wp\/v2\/product"}],"about":[{"href":"https:\/\/boutiqueanimal.co\/en\/wp-json\/wp\/v2\/types\/product"}],"wp:featuredmedia":[{"embeddable":true,"href":"https:\/\/boutiqueanimal.co\/en\/wp-json\/wp\/v2\/media\/64938"}],"wp:attachment":[{"href":"https:\/\/boutiqueanimal.co\/en\/wp-json\/wp\/v2\/media?parent=64928"}],"wp:term":[{"taxonomy":"product_brand","embeddable":true,"href":"https:\/\/boutiqueanimal.co\/en\/wp-json\/wp\/v2\/product_brand?post=64928"},{"taxonomy":"product_cat","embeddable":true,"href":"https:\/\/boutiqueanimal.co\/en\/wp-json\/wp\/v2\/product_cat?post=64928"},{"taxonomy":"product_tag","embeddable":true,"href":"https:\/\/boutiqueanimal.co\/en\/wp-json\/wp\/v2\/product_tag?post=64928"}],"curies":[{"name":"wp","href":"https:\/\/api.w.org\/{rel}","templated":true}]}}