{"id":64940,"date":"2026-03-04T16:01:13","date_gmt":"2026-03-04T21:01:13","guid":{"rendered":"https:\/\/boutiqueanimal.co\/?post_type=product&#038;p=64940"},"modified":"2026-03-04T16:01:13","modified_gmt":"2026-03-04T21:01:13","slug":"limador-de-unas-ballmerk-profesional","status":"publish","type":"product","link":"https:\/\/boutiqueanimal.co\/en\/product\/limador-de-unas-ballmerk-profesional\/","title":{"rendered":"Limador de U\u00f1as Ballmerk Profesional"},"content":{"rendered":"<p data-start=\"206\" data-end=\"348\">El <strong data-start=\"209\" data-end=\"237\">Limador de U\u00f1as Ballmerk<\/strong> es la herramienta ideal para mantener las u\u00f1as de tu mascota seguras, cortas y bien pulidas sin causar estr\u00e9s.<\/p>\n<p data-start=\"350\" data-end=\"541\">Gracias a su funcionamiento <strong data-start=\"378\" data-end=\"398\">ultra silencioso<\/strong>, es perfecto para perros y gatos nerviosos o sensibles al ruido, permitiendo una experiencia mucho m\u00e1s tranquila durante el proceso de limado.<\/p>\n<hr data-start=\"543\" data-end=\"546\" \/>\n<h2 data-start=\"548\" data-end=\"581\">\ud83d\udd25 Caracter\u00edsticas principales<\/h2>\n<p data-start=\"583\" data-end=\"799\">\u2714 Motor de aleaci\u00f3n de <strong data-start=\"606\" data-end=\"623\">plata-paladio<\/strong>, m\u00e1s resistente y duradero<br data-start=\"650\" data-end=\"653\" \/>\u2714 Funcionamiento <strong data-start=\"670\" data-end=\"690\">ultra silencioso<\/strong><br data-start=\"690\" data-end=\"693\" \/>\u2714 2 velocidades ajustables<br data-start=\"719\" data-end=\"722\" \/>\u2714 Dise\u00f1o ergon\u00f3mico y ligero<br data-start=\"750\" data-end=\"753\" \/>\u2714 Ideal para uso en casa o peluquer\u00eda canina<\/p>\n<hr data-start=\"801\" data-end=\"804\" \/>\n<h2 data-start=\"806\" data-end=\"822\">\ud83d\udc3e Beneficios<\/h2>\n<p data-start=\"824\" data-end=\"997\">\u2022 Reduce el riesgo de cortar la vena al usarlo despu\u00e9s del corta\u00fa\u00f1as<br data-start=\"892\" data-end=\"895\" \/>\u2022 Deja un acabado suave y profesional<br data-start=\"932\" data-end=\"935\" \/>\u2022 Menos estr\u00e9s para la mascota<br data-start=\"965\" data-end=\"968\" \/>\u2022 Mayor control y precisi\u00f3n<\/p>\n<hr data-start=\"999\" data-end=\"1002\" \/>\n<h2 data-start=\"1004\" data-end=\"1020\">\ud83d\udee1 Garant\u00eda<\/h2>\n<p data-start=\"1022\" data-end=\"1141\">Cuenta con <strong data-start=\"1033\" data-end=\"1092\">6 meses de garant\u00eda en el motor por defectos de f\u00e1brica<\/strong>.<br data-start=\"1093\" data-end=\"1096\" \/>No cubre da\u00f1os por golpes, humedad o mal uso.<\/p>","protected":false},"excerpt":{"rendered":"<p data-start=\"206\" data-end=\"348\">El <strong data-start=\"209\" data-end=\"237\">Limador de U\u00f1as Ballmerk<\/strong> es la herramienta ideal para mantener las u\u00f1as de tu mascota seguras, cortas y bien pulidas sin causar estr\u00e9s.<\/p>\n<p data-start=\"350\" data-end=\"541\">Gracias a su funcionamiento <strong data-start=\"378\" data-end=\"398\">ultra silencioso<\/strong>, es perfecto para perros y gatos nerviosos o sensibles al ruido, permitiendo una experiencia mucho m\u00e1s tranquila durante el proceso de limado.<\/p>\n<hr data-start=\"543\" data-end=\"546\" \/>\n<h2 data-start=\"548\" data-end=\"581\">\ud83d\udd25 Caracter\u00edsticas principales<\/h2>\n<p data-start=\"583\" data-end=\"799\">\u2714 Motor de aleaci\u00f3n de <strong data-start=\"606\" data-end=\"623\">plata-paladio<\/strong>, m\u00e1s resistente y duradero<br data-start=\"650\" data-end=\"653\" \/>\u2714 Funcionamiento <strong data-start=\"670\" data-end=\"690\">ultra silencioso<\/strong><br data-start=\"690\" data-end=\"693\" \/>\u2714 2 velocidades ajustables<br data-start=\"719\" data-end=\"722\" \/>\u2714 Dise\u00f1o ergon\u00f3mico y ligero<br data-start=\"750\" data-end=\"753\" \/>\u2714 Ideal para uso en casa o peluquer\u00eda canina<\/p>\n<hr data-start=\"801\" data-end=\"804\" \/>\n<h2 data-start=\"806\" data-end=\"822\">\ud83d\udc3e Beneficios<\/h2>\n<p data-start=\"824\" data-end=\"997\">\u2022 Reduce el riesgo de cortar la vena al usarlo despu\u00e9s del corta\u00fa\u00f1as<br data-start=\"892\" data-end=\"895\" \/>\u2022 Deja un acabado suave y profesional<br data-start=\"932\" data-end=\"935\" \/>\u2022 Menos estr\u00e9s para la mascota<br data-start=\"965\" data-end=\"968\" \/>\u2022 Mayor control y precisi\u00f3n<\/p>\n<hr data-start=\"999\" data-end=\"1002\" \/>\n<h2 data-start=\"1004\" data-end=\"1020\">\ud83d\udee1 Garant\u00eda<\/h2>\n<p data-start=\"1022\" data-end=\"1141\">Cuenta con <strong data-start=\"1033\" data-end=\"1092\">6 meses de garant\u00eda en el motor por defectos de f\u00e1brica<\/strong>.<br data-start=\"1093\" data-end=\"1096\" \/>No cubre da\u00f1os por golpes, humedad o mal uso.<\/p>","protected":false},"featured_media":64943,"template":"","meta":{"_joinchat":[]},"product_brand":[],"product_cat":[22,38,24],"product_tag":[],"class_list":{"0":"post-64940","1":"product","2":"type-product","3":"status-publish","4":"has-post-thumbnail","6":"product_cat-grooming","7":"product_cat-maquinas","8":"product_cat-productos-nuevos","11":"first","12":"instock","13":"shipping-taxable","14":"purchasable","15":"product-type-simple"},"yoast_head":"<!-- This site is optimized with the Yoast SEO plugin v27.2 - https:\/\/yoast.com\/product\/yoast-seo-wordpress\/ -->\n<title>Limador de U\u00f1as Ballmerk Profesional - Boutique Animal<\/title>\n<meta name=\"robots\" content=\"index, follow, max-snippet:-1, max-image-preview:large, max-video-preview:-1\" \/>\n<link rel=\"canonical\" href=\"https:\/\/boutiqueanimal.co\/en\/product\/limador-de-unas-ballmerk-profesional\/\" \/>\n<meta property=\"og:locale\" content=\"en_US\" \/>\n<meta property=\"og:type\" content=\"article\" \/>\n<meta property=\"og:title\" content=\"Limador de U\u00f1as Ballmerk Profesional - Boutique Animal\" \/>\n<meta property=\"og:description\" content=\"El Limador de U\u00f1as Ballmerk es la herramienta ideal para mantener las u\u00f1as de tu mascota seguras, cortas y bien pulidas sin causar estr\u00e9s. Gracias a su funcionamiento ultra silencioso, es perfecto para perros y gatos nerviosos o sensibles al ruido, permitiendo una experiencia mucho m\u00e1s tranquila durante el proceso de limado.     \ud83d\udd25 Caracter\u00edsticas principales \u2714 Motor de aleaci\u00f3n de plata-paladio, m\u00e1s resistente y duradero\u2714 Funcionamiento ultra silencioso\u2714 2 velocidades ajustables\u2714 Dise\u00f1o ergon\u00f3mico y ligero\u2714 Ideal para uso en casa o peluquer\u00eda canina     \ud83d\udc3e Beneficios \u2022 Reduce el riesgo de cortar la vena al usarlo despu\u00e9s del corta\u00fa\u00f1as\u2022 Deja un acabado suave y profesional\u2022 Menos estr\u00e9s para la mascota\u2022 Mayor control y precisi\u00f3n     \ud83d\udee1 Garant\u00eda Cuenta con 6 meses de garant\u00eda en el motor por defectos de f\u00e1brica.No cubre da\u00f1os por golpes, humedad o mal uso.\" \/>\n<meta property=\"og:url\" content=\"https:\/\/boutiqueanimal.co\/en\/product\/limador-de-unas-ballmerk-profesional\/\" \/>\n<meta property=\"og:site_name\" content=\"Boutique Animal\" \/>\n<meta property=\"article:publisher\" content=\"https:\/\/www.facebook.com\/BoutiqueAnimalCo\" \/>\n<meta property=\"og:image\" content=\"https:\/\/boutiqueanimal.co\/wp-content\/uploads\/2026\/03\/WhatsApp-Image-2026-02-09-at-5.10.06-PM-3.jpeg\" \/>\n\t<meta property=\"og:image:width\" content=\"1500\" \/>\n\t<meta property=\"og:image:height\" content=\"1500\" \/>\n\t<meta property=\"og:image:type\" content=\"image\/jpeg\" \/>\n<meta name=\"twitter:card\" content=\"summary_large_image\" \/>\n<meta name=\"twitter:label1\" content=\"Est. reading time\" \/>\n\t<meta name=\"twitter:data1\" content=\"1 minute\" \/>\n<script type=\"application\/ld+json\" class=\"yoast-schema-graph\">{\"@context\":\"https:\/\/schema.org\",\"@graph\":[{\"@type\":\"WebPage\",\"@id\":\"https:\/\/boutiqueanimal.co\/producto\/limador-de-unas-ballmerk-profesional\/\",\"url\":\"https:\/\/boutiqueanimal.co\/producto\/limador-de-unas-ballmerk-profesional\/\",\"name\":\"Limador de U\u00f1as Ballmerk Profesional - Boutique Animal\",\"isPartOf\":{\"@id\":\"https:\/\/boutiqueanimal.co\/#website\"},\"primaryImageOfPage\":{\"@id\":\"https:\/\/boutiqueanimal.co\/producto\/limador-de-unas-ballmerk-profesional\/#primaryimage\"},\"image\":{\"@id\":\"https:\/\/boutiqueanimal.co\/producto\/limador-de-unas-ballmerk-profesional\/#primaryimage\"},\"thumbnailUrl\":\"https:\/\/boutiqueanimal.co\/wp-content\/uploads\/2026\/03\/WhatsApp-Image-2026-02-09-at-5.10.06-PM-3.jpeg\",\"datePublished\":\"2026-03-04T21:01:13+00:00\",\"breadcrumb\":{\"@id\":\"https:\/\/boutiqueanimal.co\/producto\/limador-de-unas-ballmerk-profesional\/#breadcrumb\"},\"inLanguage\":\"en-US\",\"potentialAction\":[{\"@type\":\"ReadAction\",\"target\":[\"https:\/\/boutiqueanimal.co\/producto\/limador-de-unas-ballmerk-profesional\/\"]}]},{\"@type\":\"ImageObject\",\"inLanguage\":\"en-US\",\"@id\":\"https:\/\/boutiqueanimal.co\/producto\/limador-de-unas-ballmerk-profesional\/#primaryimage\",\"url\":\"https:\/\/boutiqueanimal.co\/wp-content\/uploads\/2026\/03\/WhatsApp-Image-2026-02-09-at-5.10.06-PM-3.jpeg\",\"contentUrl\":\"https:\/\/boutiqueanimal.co\/wp-content\/uploads\/2026\/03\/WhatsApp-Image-2026-02-09-at-5.10.06-PM-3.jpeg\",\"width\":1500,\"height\":1500},{\"@type\":\"BreadcrumbList\",\"@id\":\"https:\/\/boutiqueanimal.co\/producto\/limador-de-unas-ballmerk-profesional\/#breadcrumb\",\"itemListElement\":[{\"@type\":\"ListItem\",\"position\":1,\"name\":\"Inicio\",\"item\":\"https:\/\/boutiqueanimal.co\/\"},{\"@type\":\"ListItem\",\"position\":2,\"name\":\"Tienda\",\"item\":\"https:\/\/boutiqueanimal.co\/tienda\/\"},{\"@type\":\"ListItem\",\"position\":3,\"name\":\"Limador de U\u00f1as Ballmerk Profesional\"}]},{\"@type\":\"WebSite\",\"@id\":\"https:\/\/boutiqueanimal.co\/#website\",\"url\":\"https:\/\/boutiqueanimal.co\/\",\"name\":\"Boutique Animal\",\"description\":\"Tienda online de productos para mascotas en Colombia. Env\u00edos r\u00e1pidos y gratis en compras superiores a $100.000\",\"publisher\":{\"@id\":\"https:\/\/boutiqueanimal.co\/#organization\"},\"potentialAction\":[{\"@type\":\"SearchAction\",\"target\":{\"@type\":\"EntryPoint\",\"urlTemplate\":\"https:\/\/boutiqueanimal.co\/?s={search_term_string}\"},\"query-input\":{\"@type\":\"PropertyValueSpecification\",\"valueRequired\":true,\"valueName\":\"search_term_string\"}}],\"inLanguage\":\"en-US\"},{\"@type\":\"Organization\",\"@id\":\"https:\/\/boutiqueanimal.co\/#organization\",\"name\":\"Boutique Animal\",\"url\":\"https:\/\/boutiqueanimal.co\/\",\"logo\":{\"@type\":\"ImageObject\",\"inLanguage\":\"en-US\",\"@id\":\"https:\/\/boutiqueanimal.co\/#\/schema\/logo\/image\/\",\"url\":\"https:\/\/boutiqueanimal.co\/wp-content\/uploads\/2025\/11\/perrito-pc-1024x1024-1.png\",\"contentUrl\":\"https:\/\/boutiqueanimal.co\/wp-content\/uploads\/2025\/11\/perrito-pc-1024x1024-1.png\",\"width\":1024,\"height\":1024,\"caption\":\"Boutique Animal\"},\"image\":{\"@id\":\"https:\/\/boutiqueanimal.co\/#\/schema\/logo\/image\/\"},\"sameAs\":[\"https:\/\/www.facebook.com\/BoutiqueAnimalCo\"]}]}<\/script>\n<!-- \/ Yoast SEO plugin. -->","yoast_head_json":{"title":"Limador de U\u00f1as Ballmerk Profesional - Boutique Animal","robots":{"index":"index","follow":"follow","max-snippet":"max-snippet:-1","max-image-preview":"max-image-preview:large","max-video-preview":"max-video-preview:-1"},"canonical":"https:\/\/boutiqueanimal.co\/en\/product\/limador-de-unas-ballmerk-profesional\/","og_locale":"en_US","og_type":"article","og_title":"Limador de U\u00f1as Ballmerk Profesional - Boutique Animal","og_description":"El Limador de U\u00f1as Ballmerk es la herramienta ideal para mantener las u\u00f1as de tu mascota seguras, cortas y bien pulidas sin causar estr\u00e9s. Gracias a su funcionamiento ultra silencioso, es perfecto para perros y gatos nerviosos o sensibles al ruido, permitiendo una experiencia mucho m\u00e1s tranquila durante el proceso de limado.     \ud83d\udd25 Caracter\u00edsticas principales \u2714 Motor de aleaci\u00f3n de plata-paladio, m\u00e1s resistente y duradero\u2714 Funcionamiento ultra silencioso\u2714 2 velocidades ajustables\u2714 Dise\u00f1o ergon\u00f3mico y ligero\u2714 Ideal para uso en casa o peluquer\u00eda canina     \ud83d\udc3e Beneficios \u2022 Reduce el riesgo de cortar la vena al usarlo despu\u00e9s del corta\u00fa\u00f1as\u2022 Deja un acabado suave y profesional\u2022 Menos estr\u00e9s para la mascota\u2022 Mayor control y precisi\u00f3n     \ud83d\udee1 Garant\u00eda Cuenta con 6 meses de garant\u00eda en el motor por defectos de f\u00e1brica.No cubre da\u00f1os por golpes, humedad o mal uso.","og_url":"https:\/\/boutiqueanimal.co\/en\/product\/limador-de-unas-ballmerk-profesional\/","og_site_name":"Boutique Animal","article_publisher":"https:\/\/www.facebook.com\/BoutiqueAnimalCo","og_image":[{"width":1500,"height":1500,"url":"https:\/\/boutiqueanimal.co\/wp-content\/uploads\/2026\/03\/WhatsApp-Image-2026-02-09-at-5.10.06-PM-3.jpeg","type":"image\/jpeg"}],"twitter_card":"summary_large_image","twitter_misc":{"Est. reading time":"1 minute"},"schema":{"@context":"https:\/\/schema.org","@graph":[{"@type":"WebPage","@id":"https:\/\/boutiqueanimal.co\/producto\/limador-de-unas-ballmerk-profesional\/","url":"https:\/\/boutiqueanimal.co\/producto\/limador-de-unas-ballmerk-profesional\/","name":"Limador de U\u00f1as Ballmerk Profesional - Boutique Animal","isPartOf":{"@id":"https:\/\/boutiqueanimal.co\/#website"},"primaryImageOfPage":{"@id":"https:\/\/boutiqueanimal.co\/producto\/limador-de-unas-ballmerk-profesional\/#primaryimage"},"image":{"@id":"https:\/\/boutiqueanimal.co\/producto\/limador-de-unas-ballmerk-profesional\/#primaryimage"},"thumbnailUrl":"https:\/\/boutiqueanimal.co\/wp-content\/uploads\/2026\/03\/WhatsApp-Image-2026-02-09-at-5.10.06-PM-3.jpeg","datePublished":"2026-03-04T21:01:13+00:00","breadcrumb":{"@id":"https:\/\/boutiqueanimal.co\/producto\/limador-de-unas-ballmerk-profesional\/#breadcrumb"},"inLanguage":"en-US","potentialAction":[{"@type":"ReadAction","target":["https:\/\/boutiqueanimal.co\/producto\/limador-de-unas-ballmerk-profesional\/"]}]},{"@type":"ImageObject","inLanguage":"en-US","@id":"https:\/\/boutiqueanimal.co\/producto\/limador-de-unas-ballmerk-profesional\/#primaryimage","url":"https:\/\/boutiqueanimal.co\/wp-content\/uploads\/2026\/03\/WhatsApp-Image-2026-02-09-at-5.10.06-PM-3.jpeg","contentUrl":"https:\/\/boutiqueanimal.co\/wp-content\/uploads\/2026\/03\/WhatsApp-Image-2026-02-09-at-5.10.06-PM-3.jpeg","width":1500,"height":1500},{"@type":"BreadcrumbList","@id":"https:\/\/boutiqueanimal.co\/producto\/limador-de-unas-ballmerk-profesional\/#breadcrumb","itemListElement":[{"@type":"ListItem","position":1,"name":"Inicio","item":"https:\/\/boutiqueanimal.co\/"},{"@type":"ListItem","position":2,"name":"Tienda","item":"https:\/\/boutiqueanimal.co\/tienda\/"},{"@type":"ListItem","position":3,"name":"Limador de U\u00f1as Ballmerk Profesional"}]},{"@type":"WebSite","@id":"https:\/\/boutiqueanimal.co\/#website","url":"https:\/\/boutiqueanimal.co\/","name":"Boutique Animal","description":"Tienda online de productos para mascotas en Colombia. Env\u00edos r\u00e1pidos y gratis en compras superiores a $100.000","publisher":{"@id":"https:\/\/boutiqueanimal.co\/#organization"},"potentialAction":[{"@type":"SearchAction","target":{"@type":"EntryPoint","urlTemplate":"https:\/\/boutiqueanimal.co\/?s={search_term_string}"},"query-input":{"@type":"PropertyValueSpecification","valueRequired":true,"valueName":"search_term_string"}}],"inLanguage":"en-US"},{"@type":"Organization","@id":"https:\/\/boutiqueanimal.co\/#organization","name":"Boutique Animal","url":"https:\/\/boutiqueanimal.co\/","logo":{"@type":"ImageObject","inLanguage":"en-US","@id":"https:\/\/boutiqueanimal.co\/#\/schema\/logo\/image\/","url":"https:\/\/boutiqueanimal.co\/wp-content\/uploads\/2025\/11\/perrito-pc-1024x1024-1.png","contentUrl":"https:\/\/boutiqueanimal.co\/wp-content\/uploads\/2025\/11\/perrito-pc-1024x1024-1.png","width":1024,"height":1024,"caption":"Boutique Animal"},"image":{"@id":"https:\/\/boutiqueanimal.co\/#\/schema\/logo\/image\/"},"sameAs":["https:\/\/www.facebook.com\/BoutiqueAnimalCo"]}]}},"_links":{"self":[{"href":"https:\/\/boutiqueanimal.co\/en\/wp-json\/wp\/v2\/product\/64940","targetHints":{"allow":["GET"]}}],"collection":[{"href":"https:\/\/boutiqueanimal.co\/en\/wp-json\/wp\/v2\/product"}],"about":[{"href":"https:\/\/boutiqueanimal.co\/en\/wp-json\/wp\/v2\/types\/product"}],"wp:featuredmedia":[{"embeddable":true,"href":"https:\/\/boutiqueanimal.co\/en\/wp-json\/wp\/v2\/media\/64943"}],"wp:attachment":[{"href":"https:\/\/boutiqueanimal.co\/en\/wp-json\/wp\/v2\/media?parent=64940"}],"wp:term":[{"taxonomy":"product_brand","embeddable":true,"href":"https:\/\/boutiqueanimal.co\/en\/wp-json\/wp\/v2\/product_brand?post=64940"},{"taxonomy":"product_cat","embeddable":true,"href":"https:\/\/boutiqueanimal.co\/en\/wp-json\/wp\/v2\/product_cat?post=64940"},{"taxonomy":"product_tag","embeddable":true,"href":"https:\/\/boutiqueanimal.co\/en\/wp-json\/wp\/v2\/product_tag?post=64940"}],"curies":[{"name":"wp","href":"https:\/\/api.w.org\/{rel}","templated":true}]}}