{"id":64971,"date":"2026-03-04T16:43:30","date_gmt":"2026-03-04T21:43:30","guid":{"rendered":"https:\/\/boutiqueanimal.co\/?post_type=product&#038;p=64971"},"modified":"2026-04-11T12:40:01","modified_gmt":"2026-04-11T17:40:01","slug":"%e2%9c%82%ef%b8%8f-kit-de-tijeras-x3-ambidiestra-linea-hogar","status":"publish","type":"product","link":"https:\/\/boutiqueanimal.co\/en\/product\/%e2%9c%82%ef%b8%8f-kit-de-tijeras-x3-ambidiestra-linea-hogar\/","title":{"rendered":"\u2702\ufe0f Kit de Tijeras x3 Ambidiestra \u2013 L\u00ednea Hogar"},"content":{"rendered":"<p data-start=\"165\" data-end=\"265\">El <strong data-start=\"168\" data-end=\"201\">Kit de Tijeras x3 L\u00ednea Hogar<\/strong> es perfecto para mantenimiento y cortes b\u00e1sicos en casa \ud83d\udc36\ud83d\udc31.<\/p>\n<p data-start=\"267\" data-end=\"405\">Incluye las herramientas esenciales para realizar cortes, detalles y desbaste ligero del manto, con dise\u00f1o ambidiestro c\u00f3modo y funcional.<\/p>\n<p data-start=\"407\" data-end=\"516\">Ahora disponible en <strong data-start=\"427\" data-end=\"481\">3 colores completos (todo el kit del mismo color):<\/strong><br data-start=\"481\" data-end=\"484\" \/>\ud83c\udf80 Rosado<br data-start=\"493\" data-end=\"496\" \/>\ud83d\udc99 Azul<br data-start=\"503\" data-end=\"506\" \/>\u2728 Dorado<\/p>\n<hr data-start=\"518\" data-end=\"521\" \/>\n<h2 data-start=\"523\" data-end=\"537\">\ud83d\udce6 Incluye:<\/h2>\n<p data-start=\"539\" data-end=\"687\">\u2714 1 Tijera Lisa \u2013 <strong data-start=\"557\" data-end=\"571\">7 pulgadas<\/strong><br data-start=\"571\" data-end=\"574\" \/>\u2714 1 Tijera Curva \u2013 <strong data-start=\"593\" data-end=\"607\">7 pulgadas<\/strong><br data-start=\"607\" data-end=\"610\" \/>\u2714 1 Tijera Entresacadora \/ Pulidora \u2013 <strong data-start=\"648\" data-end=\"662\">5 pulgadas<\/strong><br data-start=\"662\" data-end=\"665\" \/>\u2714 1 Peineta Met\u00e1lica<\/p>\n<hr data-start=\"689\" data-end=\"692\" \/>\n<h2 data-start=\"694\" data-end=\"715\">\ud83d\udd39 Caracter\u00edsticas<\/h2>\n<p data-start=\"717\" data-end=\"902\">\u2022 Dise\u00f1o ambidiestro<br data-start=\"737\" data-end=\"740\" \/>\u2022 Tama\u00f1o pr\u00e1ctico y f\u00e1cil de manejar<br data-start=\"776\" data-end=\"779\" \/>\u2022 Ideal para mantenimiento en casa<br data-start=\"813\" data-end=\"816\" \/>\u2022 L\u00ednea hogar (uso dom\u00e9stico)<br data-start=\"845\" data-end=\"848\" \/>\u2022 Todas las tijeras vienen en el mismo color del kit<\/p>\n<hr data-start=\"904\" data-end=\"907\" \/>\n<h2 data-start=\"909\" data-end=\"925\">\u2728 Ideal para:<\/h2>\n<p data-start=\"927\" data-end=\"1025\">\u2022 Retoques y mantenimiento b\u00e1sico<br data-start=\"960\" data-end=\"963\" \/>\u2022 Personas que est\u00e1n iniciando en grooming<br data-start=\"1005\" data-end=\"1008\" \/>\u2022 Uso dom\u00e9stico<\/p>\n<hr data-start=\"1027\" data-end=\"1030\" \/>\n<p data-start=\"1032\" data-end=\"1119\">\ud83d\udca1 Recomendaci\u00f3n: Utilizar en pelo limpio y seco para conservar el filo por m\u00e1s tiempo.<\/p>","protected":false},"excerpt":{"rendered":"<p data-start=\"165\" data-end=\"265\">El <strong data-start=\"168\" data-end=\"201\">Kit de Tijeras x3 L\u00ednea Hogar<\/strong> es perfecto para mantenimiento y cortes b\u00e1sicos en casa \ud83d\udc36\ud83d\udc31.<\/p>\n<p data-start=\"267\" data-end=\"405\">Incluye las herramientas esenciales para realizar cortes, detalles y desbaste ligero del manto, con dise\u00f1o ambidiestro c\u00f3modo y funcional.<\/p>\n<p data-start=\"407\" data-end=\"516\">Ahora disponible en <strong data-start=\"427\" data-end=\"481\">3 colores completos (todo el kit del mismo color):<\/strong><br data-start=\"481\" data-end=\"484\" \/>\ud83c\udf80 Rosado<br data-start=\"493\" data-end=\"496\" \/>\ud83d\udc99 Azul<br data-start=\"503\" data-end=\"506\" \/>\u2728 Dorado<\/p>\n<hr data-start=\"518\" data-end=\"521\" \/>\n<h2 data-start=\"523\" data-end=\"537\">\ud83d\udce6 Incluye:<\/h2>\n<p data-start=\"539\" data-end=\"687\">\u2714 1 Tijera Lisa \u2013 <strong data-start=\"557\" data-end=\"571\">7 pulgadas<\/strong><br data-start=\"571\" data-end=\"574\" \/>\u2714 1 Tijera Curva \u2013 <strong data-start=\"593\" data-end=\"607\">7 pulgadas<\/strong><br data-start=\"607\" data-end=\"610\" \/>\u2714 1 Tijera Entresacadora \/ Pulidora \u2013 <strong data-start=\"648\" data-end=\"662\">5 pulgadas<\/strong><br data-start=\"662\" data-end=\"665\" \/>\u2714 1 Peineta Met\u00e1lica<\/p>\n<hr data-start=\"689\" data-end=\"692\" \/>\n<h2 data-start=\"694\" data-end=\"715\">\ud83d\udd39 Caracter\u00edsticas<\/h2>\n<p data-start=\"717\" data-end=\"902\">\u2022 Dise\u00f1o ambidiestro<br data-start=\"737\" data-end=\"740\" \/>\u2022 Tama\u00f1o pr\u00e1ctico y f\u00e1cil de manejar<br data-start=\"776\" data-end=\"779\" \/>\u2022 Ideal para mantenimiento en casa<br data-start=\"813\" data-end=\"816\" \/>\u2022 L\u00ednea hogar (uso dom\u00e9stico)<br data-start=\"845\" data-end=\"848\" \/>\u2022 Todas las tijeras vienen en el mismo color del kit<\/p>\n<hr data-start=\"904\" data-end=\"907\" \/>\n<h2 data-start=\"909\" data-end=\"925\">\u2728 Ideal para:<\/h2>\n<p data-start=\"927\" data-end=\"1025\">\u2022 Retoques y mantenimiento b\u00e1sico<br data-start=\"960\" data-end=\"963\" \/>\u2022 Personas que est\u00e1n iniciando en grooming<br data-start=\"1005\" data-end=\"1008\" \/>\u2022 Uso dom\u00e9stico<\/p>\n<hr data-start=\"1027\" data-end=\"1030\" \/>\n<p data-start=\"1032\" data-end=\"1119\">\ud83d\udca1 Recomendaci\u00f3n: Utilizar en pelo limpio y seco para conservar el filo por m\u00e1s tiempo.<\/p>","protected":false},"featured_media":64984,"template":"","meta":{"_joinchat":[]},"product_brand":[],"product_cat":[16,22,17,19,18,24,34],"product_tag":[],"class_list":{"0":"post-64971","1":"product","2":"type-product","3":"status-publish","4":"has-post-thumbnail","6":"product_cat-gatos","7":"product_cat-grooming","8":"product_cat-higiene","9":"product_cat-higiene-perros","10":"product_cat-perros","11":"product_cat-productos-nuevos","12":"product_cat-tijeras","15":"first","16":"instock","17":"shipping-taxable","18":"purchasable","19":"product-type-variable"},"yoast_head":"<!-- This site is optimized with the Yoast SEO plugin v27.2 - https:\/\/yoast.com\/product\/yoast-seo-wordpress\/ -->\n<title>\u2702\ufe0f Kit de Tijeras x3 Ambidiestra \u2013 L\u00ednea Hogar - Boutique Animal<\/title>\n<meta name=\"robots\" content=\"index, follow, max-snippet:-1, max-image-preview:large, max-video-preview:-1\" \/>\n<link rel=\"canonical\" href=\"https:\/\/boutiqueanimal.co\/en\/product\/\u2702\ufe0f-kit-de-tijeras-x3-ambidiestra-linea-hogar\/\" \/>\n<meta property=\"og:locale\" content=\"en_US\" \/>\n<meta property=\"og:type\" content=\"article\" \/>\n<meta property=\"og:title\" content=\"\u2702\ufe0f Kit de Tijeras x3 Ambidiestra \u2013 L\u00ednea Hogar - Boutique Animal\" \/>\n<meta property=\"og:description\" content=\"El Kit de Tijeras x3 L\u00ednea Hogar es perfecto para mantenimiento y cortes b\u00e1sicos en casa \ud83d\udc36\ud83d\udc31. Incluye las herramientas esenciales para realizar cortes, detalles y desbaste ligero del manto, con dise\u00f1o ambidiestro c\u00f3modo y funcional. Ahora disponible en 3 colores completos (todo el kit del mismo color):\ud83c\udf80 Rosado\ud83d\udc99 Azul\u2728 Dorado     \ud83d\udce6 Incluye: \u2714 1 Tijera Lisa \u2013 7 pulgadas\u2714 1 Tijera Curva \u2013 7 pulgadas\u2714 1 Tijera Entresacadora \/ Pulidora \u2013 5 pulgadas\u2714 1 Peineta Met\u00e1lica     \ud83d\udd39 Caracter\u00edsticas \u2022 Dise\u00f1o ambidiestro\u2022 Tama\u00f1o pr\u00e1ctico y f\u00e1cil de manejar\u2022 Ideal para mantenimiento en casa\u2022 L\u00ednea hogar (uso dom\u00e9stico)\u2022 Todas las tijeras vienen en el mismo color del kit     \u2728 Ideal para: \u2022 Retoques y mantenimiento b\u00e1sico\u2022 Personas que est\u00e1n iniciando en grooming\u2022 Uso dom\u00e9stico    \ud83d\udca1 Recomendaci\u00f3n: Utilizar en pelo limpio y seco para conservar el filo por m\u00e1s tiempo.\" \/>\n<meta property=\"og:url\" content=\"https:\/\/boutiqueanimal.co\/en\/product\/\u2702\ufe0f-kit-de-tijeras-x3-ambidiestra-linea-hogar\/\" \/>\n<meta property=\"og:site_name\" content=\"Boutique Animal\" \/>\n<meta property=\"article:publisher\" content=\"https:\/\/www.facebook.com\/BoutiqueAnimalCo\" \/>\n<meta property=\"article:modified_time\" content=\"2026-04-11T17:40:01+00:00\" \/>\n<meta property=\"og:image\" content=\"https:\/\/boutiqueanimal.co\/wp-content\/uploads\/2026\/03\/WhatsApp-Image-2026-02-10-at-4.51.25-PM.jpeg\" \/>\n\t<meta property=\"og:image:width\" content=\"800\" \/>\n\t<meta property=\"og:image:height\" content=\"800\" \/>\n\t<meta property=\"og:image:type\" content=\"image\/jpeg\" \/>\n<meta name=\"twitter:card\" content=\"summary_large_image\" \/>\n<meta name=\"twitter:label1\" content=\"Est. reading time\" \/>\n\t<meta name=\"twitter:data1\" content=\"1 minute\" \/>\n<script type=\"application\/ld+json\" class=\"yoast-schema-graph\">{\"@context\":\"https:\/\/schema.org\",\"@graph\":[{\"@type\":\"WebPage\",\"@id\":\"https:\/\/boutiqueanimal.co\/producto\/%e2%9c%82%ef%b8%8f-kit-de-tijeras-x3-ambidiestra-linea-hogar\/\",\"url\":\"https:\/\/boutiqueanimal.co\/producto\/%e2%9c%82%ef%b8%8f-kit-de-tijeras-x3-ambidiestra-linea-hogar\/\",\"name\":\"\u2702\ufe0f Kit de Tijeras x3 Ambidiestra \u2013 L\u00ednea Hogar - Boutique Animal\",\"isPartOf\":{\"@id\":\"https:\/\/boutiqueanimal.co\/#website\"},\"primaryImageOfPage\":{\"@id\":\"https:\/\/boutiqueanimal.co\/producto\/%e2%9c%82%ef%b8%8f-kit-de-tijeras-x3-ambidiestra-linea-hogar\/#primaryimage\"},\"image\":{\"@id\":\"https:\/\/boutiqueanimal.co\/producto\/%e2%9c%82%ef%b8%8f-kit-de-tijeras-x3-ambidiestra-linea-hogar\/#primaryimage\"},\"thumbnailUrl\":\"https:\/\/boutiqueanimal.co\/wp-content\/uploads\/2026\/03\/WhatsApp-Image-2026-02-10-at-4.51.25-PM.jpeg\",\"datePublished\":\"2026-03-04T21:43:30+00:00\",\"dateModified\":\"2026-04-11T17:40:01+00:00\",\"breadcrumb\":{\"@id\":\"https:\/\/boutiqueanimal.co\/producto\/%e2%9c%82%ef%b8%8f-kit-de-tijeras-x3-ambidiestra-linea-hogar\/#breadcrumb\"},\"inLanguage\":\"en-US\",\"potentialAction\":[{\"@type\":\"ReadAction\",\"target\":[\"https:\/\/boutiqueanimal.co\/producto\/%e2%9c%82%ef%b8%8f-kit-de-tijeras-x3-ambidiestra-linea-hogar\/\"]}]},{\"@type\":\"ImageObject\",\"inLanguage\":\"en-US\",\"@id\":\"https:\/\/boutiqueanimal.co\/producto\/%e2%9c%82%ef%b8%8f-kit-de-tijeras-x3-ambidiestra-linea-hogar\/#primaryimage\",\"url\":\"https:\/\/boutiqueanimal.co\/wp-content\/uploads\/2026\/03\/WhatsApp-Image-2026-02-10-at-4.51.25-PM.jpeg\",\"contentUrl\":\"https:\/\/boutiqueanimal.co\/wp-content\/uploads\/2026\/03\/WhatsApp-Image-2026-02-10-at-4.51.25-PM.jpeg\",\"width\":800,\"height\":800},{\"@type\":\"BreadcrumbList\",\"@id\":\"https:\/\/boutiqueanimal.co\/producto\/%e2%9c%82%ef%b8%8f-kit-de-tijeras-x3-ambidiestra-linea-hogar\/#breadcrumb\",\"itemListElement\":[{\"@type\":\"ListItem\",\"position\":1,\"name\":\"Inicio\",\"item\":\"https:\/\/boutiqueanimal.co\/\"},{\"@type\":\"ListItem\",\"position\":2,\"name\":\"Tienda\",\"item\":\"https:\/\/boutiqueanimal.co\/tienda\/\"},{\"@type\":\"ListItem\",\"position\":3,\"name\":\"\u2702\ufe0f Kit de Tijeras x3 Ambidiestra \u2013 L\u00ednea Hogar\"}]},{\"@type\":\"WebSite\",\"@id\":\"https:\/\/boutiqueanimal.co\/#website\",\"url\":\"https:\/\/boutiqueanimal.co\/\",\"name\":\"Boutique Animal\",\"description\":\"Tienda online de productos para mascotas en Colombia. Env\u00edos r\u00e1pidos y gratis en compras superiores a $100.000\",\"publisher\":{\"@id\":\"https:\/\/boutiqueanimal.co\/#organization\"},\"potentialAction\":[{\"@type\":\"SearchAction\",\"target\":{\"@type\":\"EntryPoint\",\"urlTemplate\":\"https:\/\/boutiqueanimal.co\/?s={search_term_string}\"},\"query-input\":{\"@type\":\"PropertyValueSpecification\",\"valueRequired\":true,\"valueName\":\"search_term_string\"}}],\"inLanguage\":\"en-US\"},{\"@type\":\"Organization\",\"@id\":\"https:\/\/boutiqueanimal.co\/#organization\",\"name\":\"Boutique Animal\",\"url\":\"https:\/\/boutiqueanimal.co\/\",\"logo\":{\"@type\":\"ImageObject\",\"inLanguage\":\"en-US\",\"@id\":\"https:\/\/boutiqueanimal.co\/#\/schema\/logo\/image\/\",\"url\":\"https:\/\/boutiqueanimal.co\/wp-content\/uploads\/2025\/11\/perrito-pc-1024x1024-1.png\",\"contentUrl\":\"https:\/\/boutiqueanimal.co\/wp-content\/uploads\/2025\/11\/perrito-pc-1024x1024-1.png\",\"width\":1024,\"height\":1024,\"caption\":\"Boutique Animal\"},\"image\":{\"@id\":\"https:\/\/boutiqueanimal.co\/#\/schema\/logo\/image\/\"},\"sameAs\":[\"https:\/\/www.facebook.com\/BoutiqueAnimalCo\"]}]}<\/script>\n<!-- \/ Yoast SEO plugin. -->","yoast_head_json":{"title":"\u2702\ufe0f Kit de Tijeras x3 Ambidiestra \u2013 L\u00ednea Hogar - Boutique Animal","robots":{"index":"index","follow":"follow","max-snippet":"max-snippet:-1","max-image-preview":"max-image-preview:large","max-video-preview":"max-video-preview:-1"},"canonical":"https:\/\/boutiqueanimal.co\/en\/product\/\u2702\ufe0f-kit-de-tijeras-x3-ambidiestra-linea-hogar\/","og_locale":"en_US","og_type":"article","og_title":"\u2702\ufe0f Kit de Tijeras x3 Ambidiestra \u2013 L\u00ednea Hogar - Boutique Animal","og_description":"El Kit de Tijeras x3 L\u00ednea Hogar es perfecto para mantenimiento y cortes b\u00e1sicos en casa \ud83d\udc36\ud83d\udc31. Incluye las herramientas esenciales para realizar cortes, detalles y desbaste ligero del manto, con dise\u00f1o ambidiestro c\u00f3modo y funcional. Ahora disponible en 3 colores completos (todo el kit del mismo color):\ud83c\udf80 Rosado\ud83d\udc99 Azul\u2728 Dorado     \ud83d\udce6 Incluye: \u2714 1 Tijera Lisa \u2013 7 pulgadas\u2714 1 Tijera Curva \u2013 7 pulgadas\u2714 1 Tijera Entresacadora \/ Pulidora \u2013 5 pulgadas\u2714 1 Peineta Met\u00e1lica     \ud83d\udd39 Caracter\u00edsticas \u2022 Dise\u00f1o ambidiestro\u2022 Tama\u00f1o pr\u00e1ctico y f\u00e1cil de manejar\u2022 Ideal para mantenimiento en casa\u2022 L\u00ednea hogar (uso dom\u00e9stico)\u2022 Todas las tijeras vienen en el mismo color del kit     \u2728 Ideal para: \u2022 Retoques y mantenimiento b\u00e1sico\u2022 Personas que est\u00e1n iniciando en grooming\u2022 Uso dom\u00e9stico    \ud83d\udca1 Recomendaci\u00f3n: Utilizar en pelo limpio y seco para conservar el filo por m\u00e1s tiempo.","og_url":"https:\/\/boutiqueanimal.co\/en\/product\/\u2702\ufe0f-kit-de-tijeras-x3-ambidiestra-linea-hogar\/","og_site_name":"Boutique Animal","article_publisher":"https:\/\/www.facebook.com\/BoutiqueAnimalCo","article_modified_time":"2026-04-11T17:40:01+00:00","og_image":[{"width":800,"height":800,"url":"https:\/\/boutiqueanimal.co\/wp-content\/uploads\/2026\/03\/WhatsApp-Image-2026-02-10-at-4.51.25-PM.jpeg","type":"image\/jpeg"}],"twitter_card":"summary_large_image","twitter_misc":{"Est. reading time":"1 minute"},"schema":{"@context":"https:\/\/schema.org","@graph":[{"@type":"WebPage","@id":"https:\/\/boutiqueanimal.co\/producto\/%e2%9c%82%ef%b8%8f-kit-de-tijeras-x3-ambidiestra-linea-hogar\/","url":"https:\/\/boutiqueanimal.co\/producto\/%e2%9c%82%ef%b8%8f-kit-de-tijeras-x3-ambidiestra-linea-hogar\/","name":"\u2702\ufe0f Kit de Tijeras x3 Ambidiestra \u2013 L\u00ednea Hogar - Boutique Animal","isPartOf":{"@id":"https:\/\/boutiqueanimal.co\/#website"},"primaryImageOfPage":{"@id":"https:\/\/boutiqueanimal.co\/producto\/%e2%9c%82%ef%b8%8f-kit-de-tijeras-x3-ambidiestra-linea-hogar\/#primaryimage"},"image":{"@id":"https:\/\/boutiqueanimal.co\/producto\/%e2%9c%82%ef%b8%8f-kit-de-tijeras-x3-ambidiestra-linea-hogar\/#primaryimage"},"thumbnailUrl":"https:\/\/boutiqueanimal.co\/wp-content\/uploads\/2026\/03\/WhatsApp-Image-2026-02-10-at-4.51.25-PM.jpeg","datePublished":"2026-03-04T21:43:30+00:00","dateModified":"2026-04-11T17:40:01+00:00","breadcrumb":{"@id":"https:\/\/boutiqueanimal.co\/producto\/%e2%9c%82%ef%b8%8f-kit-de-tijeras-x3-ambidiestra-linea-hogar\/#breadcrumb"},"inLanguage":"en-US","potentialAction":[{"@type":"ReadAction","target":["https:\/\/boutiqueanimal.co\/producto\/%e2%9c%82%ef%b8%8f-kit-de-tijeras-x3-ambidiestra-linea-hogar\/"]}]},{"@type":"ImageObject","inLanguage":"en-US","@id":"https:\/\/boutiqueanimal.co\/producto\/%e2%9c%82%ef%b8%8f-kit-de-tijeras-x3-ambidiestra-linea-hogar\/#primaryimage","url":"https:\/\/boutiqueanimal.co\/wp-content\/uploads\/2026\/03\/WhatsApp-Image-2026-02-10-at-4.51.25-PM.jpeg","contentUrl":"https:\/\/boutiqueanimal.co\/wp-content\/uploads\/2026\/03\/WhatsApp-Image-2026-02-10-at-4.51.25-PM.jpeg","width":800,"height":800},{"@type":"BreadcrumbList","@id":"https:\/\/boutiqueanimal.co\/producto\/%e2%9c%82%ef%b8%8f-kit-de-tijeras-x3-ambidiestra-linea-hogar\/#breadcrumb","itemListElement":[{"@type":"ListItem","position":1,"name":"Inicio","item":"https:\/\/boutiqueanimal.co\/"},{"@type":"ListItem","position":2,"name":"Tienda","item":"https:\/\/boutiqueanimal.co\/tienda\/"},{"@type":"ListItem","position":3,"name":"\u2702\ufe0f Kit de Tijeras x3 Ambidiestra \u2013 L\u00ednea Hogar"}]},{"@type":"WebSite","@id":"https:\/\/boutiqueanimal.co\/#website","url":"https:\/\/boutiqueanimal.co\/","name":"Boutique Animal","description":"Tienda online de productos para mascotas en Colombia. Env\u00edos r\u00e1pidos y gratis en compras superiores a $100.000","publisher":{"@id":"https:\/\/boutiqueanimal.co\/#organization"},"potentialAction":[{"@type":"SearchAction","target":{"@type":"EntryPoint","urlTemplate":"https:\/\/boutiqueanimal.co\/?s={search_term_string}"},"query-input":{"@type":"PropertyValueSpecification","valueRequired":true,"valueName":"search_term_string"}}],"inLanguage":"en-US"},{"@type":"Organization","@id":"https:\/\/boutiqueanimal.co\/#organization","name":"Boutique Animal","url":"https:\/\/boutiqueanimal.co\/","logo":{"@type":"ImageObject","inLanguage":"en-US","@id":"https:\/\/boutiqueanimal.co\/#\/schema\/logo\/image\/","url":"https:\/\/boutiqueanimal.co\/wp-content\/uploads\/2025\/11\/perrito-pc-1024x1024-1.png","contentUrl":"https:\/\/boutiqueanimal.co\/wp-content\/uploads\/2025\/11\/perrito-pc-1024x1024-1.png","width":1024,"height":1024,"caption":"Boutique Animal"},"image":{"@id":"https:\/\/boutiqueanimal.co\/#\/schema\/logo\/image\/"},"sameAs":["https:\/\/www.facebook.com\/BoutiqueAnimalCo"]}]}},"_links":{"self":[{"href":"https:\/\/boutiqueanimal.co\/en\/wp-json\/wp\/v2\/product\/64971","targetHints":{"allow":["GET"]}}],"collection":[{"href":"https:\/\/boutiqueanimal.co\/en\/wp-json\/wp\/v2\/product"}],"about":[{"href":"https:\/\/boutiqueanimal.co\/en\/wp-json\/wp\/v2\/types\/product"}],"wp:featuredmedia":[{"embeddable":true,"href":"https:\/\/boutiqueanimal.co\/en\/wp-json\/wp\/v2\/media\/64984"}],"wp:attachment":[{"href":"https:\/\/boutiqueanimal.co\/en\/wp-json\/wp\/v2\/media?parent=64971"}],"wp:term":[{"taxonomy":"product_brand","embeddable":true,"href":"https:\/\/boutiqueanimal.co\/en\/wp-json\/wp\/v2\/product_brand?post=64971"},{"taxonomy":"product_cat","embeddable":true,"href":"https:\/\/boutiqueanimal.co\/en\/wp-json\/wp\/v2\/product_cat?post=64971"},{"taxonomy":"product_tag","embeddable":true,"href":"https:\/\/boutiqueanimal.co\/en\/wp-json\/wp\/v2\/product_tag?post=64971"}],"curies":[{"name":"wp","href":"https:\/\/api.w.org\/{rel}","templated":true}]}}