{"id":650,"date":"2025-11-01T16:19:55","date_gmt":"2025-11-01T16:19:55","guid":{"rendered":"https:\/\/boutiqueanimal.alojo.app\/wp\/?post_type=product&#038;p=650"},"modified":"2026-04-09T16:24:40","modified_gmt":"2026-04-09T21:24:40","slug":"juguete-tpr-pequeno","status":"publish","type":"product","link":"https:\/\/boutiqueanimal.co\/en\/product\/juguete-tpr-pequeno\/","title":{"rendered":"Juguete TPR Peque\u00f1o"},"content":{"rendered":"<p data-start=\"53\" data-end=\"258\">\ud83d\udc1f <strong data-start=\"56\" data-end=\"109\">Juguete TPR para Perros Peque\u00f1os<\/strong><br data-start=\"109\" data-end=\"112\" \/>Un juguete perfecto para peluditos de raza peque\u00f1a. Su dise\u00f1o es ideal para morder, jugar y entretenerse por largos ratos \ud83d\udc3e.<\/p>\n<p data-start=\"260\" data-end=\"284\"><strong data-start=\"260\" data-end=\"282\">\u2728 Caracter\u00edsticas:<\/strong><\/p>\n<ul data-start=\"285\" data-end=\"479\">\n<li data-start=\"285\" data-end=\"337\">\n<p data-start=\"287\" data-end=\"337\">Fabricado en <strong data-start=\"300\" data-end=\"312\">goma TPR<\/strong>, resistente y duradera<\/p>\n<\/li>\n<li data-start=\"338\" data-end=\"389\">\n<p data-start=\"340\" data-end=\"389\">Suave al morder, pero firme para juegos diarios<\/p>\n<\/li>\n<li data-start=\"390\" data-end=\"433\">\n<p data-start=\"392\" data-end=\"433\">Tama\u00f1o ideal para <strong data-start=\"410\" data-end=\"431\">perritos peque\u00f1os<\/strong><\/p>\n<\/li>\n<li data-start=\"434\" data-end=\"479\">\n<p data-start=\"436\" data-end=\"479\">F\u00e1cil de limpiar y seguro para tu mascota<\/p>\n<\/li>\n<\/ul>\n<p data-start=\"481\" data-end=\"497\"><strong data-start=\"481\" data-end=\"495\">\ud83d\udccf Tama\u00f1o:<\/strong><\/p>\n<ul data-start=\"498\" data-end=\"548\">\n<li data-start=\"498\" data-end=\"548\">\n<p data-start=\"500\" data-end=\"548\">Juguete peque\u00f1o, c\u00f3modo para bocas peque\u00f1as \ud83d\udc36\ud83d\udc9b<\/p>\n<\/li>\n<\/ul>\n<p data-start=\"550\" data-end=\"581\" data-is-last-node=\"\" data-is-only-node=\"\">\u00a1A tu mini peludo le encantar\u00e1!<\/p>","protected":false},"excerpt":{"rendered":"<p data-start=\"53\" data-end=\"258\">\ud83d\udc1f <strong data-start=\"56\" data-end=\"109\">Juguete Pececito de Goma TPR para Perros Peque\u00f1os<\/strong><br data-start=\"109\" data-end=\"112\" \/>Un juguete perfecto para peluditos de raza peque\u00f1a. Su dise\u00f1o en forma de pececito es ideal para morder, jugar y entretenerse por largos ratos \ud83d\udc3e.<\/p>\n<p data-start=\"260\" data-end=\"284\"><strong data-start=\"260\" data-end=\"282\">\u2728 Caracter\u00edsticas:<\/strong><\/p>\n<ul data-start=\"285\" data-end=\"479\">\n<li data-start=\"285\" data-end=\"337\">\n<p data-start=\"287\" data-end=\"337\">Fabricado en <strong data-start=\"300\" data-end=\"312\">goma TPR<\/strong>, resistente y duradera<\/p>\n<\/li>\n<li data-start=\"338\" data-end=\"389\">\n<p data-start=\"340\" data-end=\"389\">Suave al morder, pero firme para juegos diarios<\/p>\n<\/li>\n<li data-start=\"390\" data-end=\"433\">\n<p data-start=\"392\" data-end=\"433\">Tama\u00f1o ideal para <strong data-start=\"410\" data-end=\"431\">perritos peque\u00f1os<\/strong><\/p>\n<\/li>\n<li data-start=\"434\" data-end=\"479\">\n<p data-start=\"436\" data-end=\"479\">F\u00e1cil de limpiar y seguro para tu mascota<\/p>\n<\/li>\n<\/ul>\n<p data-start=\"481\" data-end=\"497\"><strong data-start=\"481\" data-end=\"495\">\ud83d\udccf Tama\u00f1o:<\/strong><\/p>\n<ul data-start=\"498\" data-end=\"548\">\n<li data-start=\"498\" data-end=\"548\">\n<p data-start=\"500\" data-end=\"548\">Juguete peque\u00f1o, c\u00f3modo para bocas peque\u00f1as \ud83d\udc36\ud83d\udc9b<\/p>\n<\/li>\n<\/ul>\n<p data-start=\"550\" data-end=\"581\" data-is-last-node=\"\" data-is-only-node=\"\">\u00a1A tu mini peludo le encantar\u00e1!<\/p>","protected":false},"featured_media":64136,"template":"","meta":{"_joinchat":[]},"product_brand":[],"product_cat":[16,26,25,18],"product_tag":[],"class_list":{"0":"post-650","1":"product","2":"type-product","3":"status-publish","4":"has-post-thumbnail","6":"product_cat-gatos","7":"product_cat-juguetes-perros","8":"product_cat-juguetes","9":"product_cat-perros","10":"product_shipping_class-envio-gratis","13":"first","14":"instock","15":"shipping-taxable","16":"purchasable","17":"product-type-simple"},"yoast_head":"<!-- This site is optimized with the Yoast SEO plugin v27.2 - https:\/\/yoast.com\/product\/yoast-seo-wordpress\/ -->\n<title>Juguete TPR Peque\u00f1o - Boutique Animal<\/title>\n<meta name=\"robots\" content=\"index, follow, max-snippet:-1, max-image-preview:large, max-video-preview:-1\" \/>\n<link rel=\"canonical\" href=\"https:\/\/boutiqueanimal.co\/en\/product\/juguete-tpr-pequeno\/\" \/>\n<meta property=\"og:locale\" content=\"en_US\" \/>\n<meta property=\"og:type\" content=\"article\" \/>\n<meta property=\"og:title\" content=\"Juguete TPR Peque\u00f1o - Boutique Animal\" \/>\n<meta property=\"og:description\" content=\"\ud83d\udc1f Juguete Pececito de Goma TPR para Perros Peque\u00f1osUn juguete perfecto para peluditos de raza peque\u00f1a. Su dise\u00f1o en forma de pececito es ideal para morder, jugar y entretenerse por largos ratos \ud83d\udc3e. \u2728 Caracter\u00edsticas:     Fabricado en goma TPR, resistente y duradera    Suave al morder, pero firme para juegos diarios    Tama\u00f1o ideal para perritos peque\u00f1os    F\u00e1cil de limpiar y seguro para tu mascota   \ud83d\udccf Tama\u00f1o:     Juguete peque\u00f1o, c\u00f3modo para bocas peque\u00f1as \ud83d\udc36\ud83d\udc9b   \u00a1A tu mini peludo le encantar\u00e1!\" \/>\n<meta property=\"og:url\" content=\"https:\/\/boutiqueanimal.co\/en\/product\/juguete-tpr-pequeno\/\" \/>\n<meta property=\"og:site_name\" content=\"Boutique Animal\" \/>\n<meta property=\"article:publisher\" content=\"https:\/\/www.facebook.com\/BoutiqueAnimalCo\" \/>\n<meta property=\"article:modified_time\" content=\"2026-04-09T21:24:40+00:00\" \/>\n<meta property=\"og:image\" content=\"https:\/\/boutiqueanimal.co\/wp-content\/uploads\/2025\/11\/WhatsApp-Image-2026-01-07-at-4.03.07-PM.jpeg\" \/>\n\t<meta property=\"og:image:width\" content=\"800\" \/>\n\t<meta property=\"og:image:height\" content=\"636\" \/>\n\t<meta property=\"og:image:type\" content=\"image\/jpeg\" \/>\n<meta name=\"twitter:card\" content=\"summary_large_image\" \/>\n<script type=\"application\/ld+json\" class=\"yoast-schema-graph\">{\"@context\":\"https:\/\/schema.org\",\"@graph\":[{\"@type\":\"WebPage\",\"@id\":\"https:\/\/boutiqueanimal.co\/producto\/juguete-tpr-pequeno\/\",\"url\":\"https:\/\/boutiqueanimal.co\/producto\/juguete-tpr-pequeno\/\",\"name\":\"Juguete TPR Peque\u00f1o - Boutique Animal\",\"isPartOf\":{\"@id\":\"https:\/\/boutiqueanimal.co\/#website\"},\"primaryImageOfPage\":{\"@id\":\"https:\/\/boutiqueanimal.co\/producto\/juguete-tpr-pequeno\/#primaryimage\"},\"image\":{\"@id\":\"https:\/\/boutiqueanimal.co\/producto\/juguete-tpr-pequeno\/#primaryimage\"},\"thumbnailUrl\":\"https:\/\/boutiqueanimal.co\/wp-content\/uploads\/2025\/11\/WhatsApp-Image-2026-01-07-at-4.03.07-PM.jpeg\",\"datePublished\":\"2025-11-01T16:19:55+00:00\",\"dateModified\":\"2026-04-09T21:24:40+00:00\",\"breadcrumb\":{\"@id\":\"https:\/\/boutiqueanimal.co\/producto\/juguete-tpr-pequeno\/#breadcrumb\"},\"inLanguage\":\"en-US\",\"potentialAction\":[{\"@type\":\"ReadAction\",\"target\":[\"https:\/\/boutiqueanimal.co\/producto\/juguete-tpr-pequeno\/\"]}]},{\"@type\":\"ImageObject\",\"inLanguage\":\"en-US\",\"@id\":\"https:\/\/boutiqueanimal.co\/producto\/juguete-tpr-pequeno\/#primaryimage\",\"url\":\"https:\/\/boutiqueanimal.co\/wp-content\/uploads\/2025\/11\/WhatsApp-Image-2026-01-07-at-4.03.07-PM.jpeg\",\"contentUrl\":\"https:\/\/boutiqueanimal.co\/wp-content\/uploads\/2025\/11\/WhatsApp-Image-2026-01-07-at-4.03.07-PM.jpeg\",\"width\":800,\"height\":636},{\"@type\":\"BreadcrumbList\",\"@id\":\"https:\/\/boutiqueanimal.co\/producto\/juguete-tpr-pequeno\/#breadcrumb\",\"itemListElement\":[{\"@type\":\"ListItem\",\"position\":1,\"name\":\"Inicio\",\"item\":\"https:\/\/boutiqueanimal.co\/\"},{\"@type\":\"ListItem\",\"position\":2,\"name\":\"Tienda\",\"item\":\"https:\/\/boutiqueanimal.co\/tienda\/\"},{\"@type\":\"ListItem\",\"position\":3,\"name\":\"Juguete TPR Peque\u00f1o\"}]},{\"@type\":\"WebSite\",\"@id\":\"https:\/\/boutiqueanimal.co\/#website\",\"url\":\"https:\/\/boutiqueanimal.co\/\",\"name\":\"Boutique Animal\",\"description\":\"Tienda online de productos para mascotas en Colombia. Env\u00edos r\u00e1pidos y gratis en compras superiores a $100.000\",\"publisher\":{\"@id\":\"https:\/\/boutiqueanimal.co\/#organization\"},\"potentialAction\":[{\"@type\":\"SearchAction\",\"target\":{\"@type\":\"EntryPoint\",\"urlTemplate\":\"https:\/\/boutiqueanimal.co\/?s={search_term_string}\"},\"query-input\":{\"@type\":\"PropertyValueSpecification\",\"valueRequired\":true,\"valueName\":\"search_term_string\"}}],\"inLanguage\":\"en-US\"},{\"@type\":\"Organization\",\"@id\":\"https:\/\/boutiqueanimal.co\/#organization\",\"name\":\"Boutique Animal\",\"url\":\"https:\/\/boutiqueanimal.co\/\",\"logo\":{\"@type\":\"ImageObject\",\"inLanguage\":\"en-US\",\"@id\":\"https:\/\/boutiqueanimal.co\/#\/schema\/logo\/image\/\",\"url\":\"https:\/\/boutiqueanimal.co\/wp-content\/uploads\/2025\/11\/perrito-pc-1024x1024-1.png\",\"contentUrl\":\"https:\/\/boutiqueanimal.co\/wp-content\/uploads\/2025\/11\/perrito-pc-1024x1024-1.png\",\"width\":1024,\"height\":1024,\"caption\":\"Boutique Animal\"},\"image\":{\"@id\":\"https:\/\/boutiqueanimal.co\/#\/schema\/logo\/image\/\"},\"sameAs\":[\"https:\/\/www.facebook.com\/BoutiqueAnimalCo\"]}]}<\/script>\n<!-- \/ Yoast SEO plugin. -->","yoast_head_json":{"title":"Juguete TPR Peque\u00f1o - Boutique Animal","robots":{"index":"index","follow":"follow","max-snippet":"max-snippet:-1","max-image-preview":"max-image-preview:large","max-video-preview":"max-video-preview:-1"},"canonical":"https:\/\/boutiqueanimal.co\/en\/product\/juguete-tpr-pequeno\/","og_locale":"en_US","og_type":"article","og_title":"Juguete TPR Peque\u00f1o - Boutique Animal","og_description":"\ud83d\udc1f Juguete Pececito de Goma TPR para Perros Peque\u00f1osUn juguete perfecto para peluditos de raza peque\u00f1a. Su dise\u00f1o en forma de pececito es ideal para morder, jugar y entretenerse por largos ratos \ud83d\udc3e. \u2728 Caracter\u00edsticas:     Fabricado en goma TPR, resistente y duradera    Suave al morder, pero firme para juegos diarios    Tama\u00f1o ideal para perritos peque\u00f1os    F\u00e1cil de limpiar y seguro para tu mascota   \ud83d\udccf Tama\u00f1o:     Juguete peque\u00f1o, c\u00f3modo para bocas peque\u00f1as \ud83d\udc36\ud83d\udc9b   \u00a1A tu mini peludo le encantar\u00e1!","og_url":"https:\/\/boutiqueanimal.co\/en\/product\/juguete-tpr-pequeno\/","og_site_name":"Boutique Animal","article_publisher":"https:\/\/www.facebook.com\/BoutiqueAnimalCo","article_modified_time":"2026-04-09T21:24:40+00:00","og_image":[{"width":800,"height":636,"url":"https:\/\/boutiqueanimal.co\/wp-content\/uploads\/2025\/11\/WhatsApp-Image-2026-01-07-at-4.03.07-PM.jpeg","type":"image\/jpeg"}],"twitter_card":"summary_large_image","schema":{"@context":"https:\/\/schema.org","@graph":[{"@type":"WebPage","@id":"https:\/\/boutiqueanimal.co\/producto\/juguete-tpr-pequeno\/","url":"https:\/\/boutiqueanimal.co\/producto\/juguete-tpr-pequeno\/","name":"Juguete TPR Peque\u00f1o - Boutique Animal","isPartOf":{"@id":"https:\/\/boutiqueanimal.co\/#website"},"primaryImageOfPage":{"@id":"https:\/\/boutiqueanimal.co\/producto\/juguete-tpr-pequeno\/#primaryimage"},"image":{"@id":"https:\/\/boutiqueanimal.co\/producto\/juguete-tpr-pequeno\/#primaryimage"},"thumbnailUrl":"https:\/\/boutiqueanimal.co\/wp-content\/uploads\/2025\/11\/WhatsApp-Image-2026-01-07-at-4.03.07-PM.jpeg","datePublished":"2025-11-01T16:19:55+00:00","dateModified":"2026-04-09T21:24:40+00:00","breadcrumb":{"@id":"https:\/\/boutiqueanimal.co\/producto\/juguete-tpr-pequeno\/#breadcrumb"},"inLanguage":"en-US","potentialAction":[{"@type":"ReadAction","target":["https:\/\/boutiqueanimal.co\/producto\/juguete-tpr-pequeno\/"]}]},{"@type":"ImageObject","inLanguage":"en-US","@id":"https:\/\/boutiqueanimal.co\/producto\/juguete-tpr-pequeno\/#primaryimage","url":"https:\/\/boutiqueanimal.co\/wp-content\/uploads\/2025\/11\/WhatsApp-Image-2026-01-07-at-4.03.07-PM.jpeg","contentUrl":"https:\/\/boutiqueanimal.co\/wp-content\/uploads\/2025\/11\/WhatsApp-Image-2026-01-07-at-4.03.07-PM.jpeg","width":800,"height":636},{"@type":"BreadcrumbList","@id":"https:\/\/boutiqueanimal.co\/producto\/juguete-tpr-pequeno\/#breadcrumb","itemListElement":[{"@type":"ListItem","position":1,"name":"Inicio","item":"https:\/\/boutiqueanimal.co\/"},{"@type":"ListItem","position":2,"name":"Tienda","item":"https:\/\/boutiqueanimal.co\/tienda\/"},{"@type":"ListItem","position":3,"name":"Juguete TPR Peque\u00f1o"}]},{"@type":"WebSite","@id":"https:\/\/boutiqueanimal.co\/#website","url":"https:\/\/boutiqueanimal.co\/","name":"Boutique Animal","description":"Tienda online de productos para mascotas en Colombia. Env\u00edos r\u00e1pidos y gratis en compras superiores a $100.000","publisher":{"@id":"https:\/\/boutiqueanimal.co\/#organization"},"potentialAction":[{"@type":"SearchAction","target":{"@type":"EntryPoint","urlTemplate":"https:\/\/boutiqueanimal.co\/?s={search_term_string}"},"query-input":{"@type":"PropertyValueSpecification","valueRequired":true,"valueName":"search_term_string"}}],"inLanguage":"en-US"},{"@type":"Organization","@id":"https:\/\/boutiqueanimal.co\/#organization","name":"Boutique Animal","url":"https:\/\/boutiqueanimal.co\/","logo":{"@type":"ImageObject","inLanguage":"en-US","@id":"https:\/\/boutiqueanimal.co\/#\/schema\/logo\/image\/","url":"https:\/\/boutiqueanimal.co\/wp-content\/uploads\/2025\/11\/perrito-pc-1024x1024-1.png","contentUrl":"https:\/\/boutiqueanimal.co\/wp-content\/uploads\/2025\/11\/perrito-pc-1024x1024-1.png","width":1024,"height":1024,"caption":"Boutique Animal"},"image":{"@id":"https:\/\/boutiqueanimal.co\/#\/schema\/logo\/image\/"},"sameAs":["https:\/\/www.facebook.com\/BoutiqueAnimalCo"]}]}},"_links":{"self":[{"href":"https:\/\/boutiqueanimal.co\/en\/wp-json\/wp\/v2\/product\/650","targetHints":{"allow":["GET"]}}],"collection":[{"href":"https:\/\/boutiqueanimal.co\/en\/wp-json\/wp\/v2\/product"}],"about":[{"href":"https:\/\/boutiqueanimal.co\/en\/wp-json\/wp\/v2\/types\/product"}],"wp:featuredmedia":[{"embeddable":true,"href":"https:\/\/boutiqueanimal.co\/en\/wp-json\/wp\/v2\/media\/64136"}],"wp:attachment":[{"href":"https:\/\/boutiqueanimal.co\/en\/wp-json\/wp\/v2\/media?parent=650"}],"wp:term":[{"taxonomy":"product_brand","embeddable":true,"href":"https:\/\/boutiqueanimal.co\/en\/wp-json\/wp\/v2\/product_brand?post=650"},{"taxonomy":"product_cat","embeddable":true,"href":"https:\/\/boutiqueanimal.co\/en\/wp-json\/wp\/v2\/product_cat?post=650"},{"taxonomy":"product_tag","embeddable":true,"href":"https:\/\/boutiqueanimal.co\/en\/wp-json\/wp\/v2\/product_tag?post=650"}],"curies":[{"name":"wp","href":"https:\/\/api.w.org\/{rel}","templated":true}]}}