{"id":65024,"date":"2026-03-05T15:49:35","date_gmt":"2026-03-05T20:49:35","guid":{"rendered":"https:\/\/boutiqueanimal.co\/?post_type=product&#038;p=65024"},"modified":"2026-03-05T16:08:40","modified_gmt":"2026-03-05T21:08:40","slug":"lazo-delgado-plus","status":"publish","type":"product","link":"https:\/\/boutiqueanimal.co\/en\/product\/lazo-delgado-plus\/","title":{"rendered":"Lazo Delgado Plus"},"content":{"rendered":"<p data-start=\"131\" data-end=\"356\">El <strong data-start=\"134\" data-end=\"169\">Lazo Delgado Plus para Mascotas<\/strong> es ideal para sacar a pasear a tu perro con comodidad y seguridad. Su dise\u00f1o ligero y pr\u00e1ctico permite un manejo f\u00e1cil durante caminatas, brindando control sin incomodar a tu mascota. \ud83d\udc36<\/p>\n<p data-start=\"358\" data-end=\"526\">Est\u00e1 fabricado con <strong data-start=\"377\" data-end=\"407\">riata de pl\u00e1stico flexible<\/strong>, resistente y f\u00e1cil de agarrar, lo que proporciona un agarre firme para el due\u00f1o y mayor durabilidad en el uso diario.<\/p>\n<hr data-start=\"528\" data-end=\"531\" \/>\n<h2 data-start=\"533\" data-end=\"553\">\u2728 Caracter\u00edsticas<\/h2>\n<p data-start=\"555\" data-end=\"765\">\u2714 Riata de <strong data-start=\"566\" data-end=\"600\">pl\u00e1stico flexible y resistente<\/strong><br data-start=\"600\" data-end=\"603\" \/>\u2714 <strong data-start=\"605\" data-end=\"625\">F\u00e1cil de agarrar<\/strong> y controlar durante el paseo<br data-start=\"654\" data-end=\"657\" \/>\u2714 Dise\u00f1o <strong data-start=\"666\" data-end=\"685\">ligero y c\u00f3modo<\/strong><br data-start=\"685\" data-end=\"688\" \/>\u2714 Disponible en <strong data-start=\"704\" data-end=\"722\">colores pastel<\/strong> modernos<br data-start=\"731\" data-end=\"734\" \/>\u2714 Ideal para <strong data-start=\"747\" data-end=\"765\">paseos diarios<\/strong><\/p>\n<hr data-start=\"767\" data-end=\"770\" \/>\n<h2 data-start=\"772\" data-end=\"788\">\ud83d\udc15 Beneficios<\/h2>\n<p data-start=\"790\" data-end=\"964\">\u2022 Permite <strong data-start=\"800\" data-end=\"848\">mayor control al sacar a pasear a tu mascota<\/strong><br data-start=\"848\" data-end=\"851\" \/>\u2022 Material <strong data-start=\"862\" data-end=\"885\">duradero y pr\u00e1ctico<\/strong> para uso diario<br data-start=\"901\" data-end=\"904\" \/>\u2022 Dise\u00f1o <strong data-start=\"913\" data-end=\"964\">c\u00f3modo tanto para la mascota como para el due\u00f1o<\/strong><\/p>","protected":false},"excerpt":{"rendered":"<p data-start=\"131\" data-end=\"356\">El <strong data-start=\"134\" data-end=\"169\">Lazo Delgado Plus para Mascotas<\/strong> es ideal para sacar a pasear a tu perro con comodidad y seguridad. Su dise\u00f1o ligero y pr\u00e1ctico permite un manejo f\u00e1cil durante caminatas, brindando control sin incomodar a tu mascota. \ud83d\udc36<\/p>\n<p data-start=\"358\" data-end=\"526\">Est\u00e1 fabricado con <strong data-start=\"377\" data-end=\"407\">riata de pl\u00e1stico flexible<\/strong>, resistente y f\u00e1cil de agarrar, lo que proporciona un agarre firme para el due\u00f1o y mayor durabilidad en el uso diario.<\/p>\n<hr data-start=\"528\" data-end=\"531\" \/>\n<h2 data-start=\"533\" data-end=\"553\">\u2728 Caracter\u00edsticas<\/h2>\n<p data-start=\"555\" data-end=\"765\">\u2714 Riata de <strong data-start=\"566\" data-end=\"600\">pl\u00e1stico flexible y resistente<\/strong><br data-start=\"600\" data-end=\"603\" \/>\u2714 <strong data-start=\"605\" data-end=\"625\">F\u00e1cil de agarrar<\/strong> y controlar durante el paseo<br data-start=\"654\" data-end=\"657\" \/>\u2714 Dise\u00f1o <strong data-start=\"666\" data-end=\"685\">ligero y c\u00f3modo<\/strong><br data-start=\"685\" data-end=\"688\" \/>\u2714 Disponible en <strong data-start=\"704\" data-end=\"722\">colores pastel<\/strong> modernos<br data-start=\"731\" data-end=\"734\" \/>\u2714 Ideal para <strong data-start=\"747\" data-end=\"765\">paseos diarios<\/strong><\/p>\n<hr data-start=\"767\" data-end=\"770\" \/>\n<h2 data-start=\"772\" data-end=\"788\">\ud83d\udc15 Beneficios<\/h2>\n<p data-start=\"790\" data-end=\"964\">\u2022 Permite <strong data-start=\"800\" data-end=\"848\">mayor control al sacar a pasear a tu mascota<\/strong><br data-start=\"848\" data-end=\"851\" \/>\u2022 Material <strong data-start=\"862\" data-end=\"885\">duradero y pr\u00e1ctico<\/strong> para uso diario<br data-start=\"901\" data-end=\"904\" \/>\u2022 Dise\u00f1o <strong data-start=\"913\" data-end=\"964\">c\u00f3modo tanto para la mascota como para el due\u00f1o<\/strong><\/p>","protected":false},"featured_media":65031,"template":"","meta":{"_joinchat":[]},"product_brand":[],"product_cat":[29,28,16,18,24],"product_tag":[],"class_list":{"0":"post-65024","1":"product","2":"type-product","3":"status-publish","4":"has-post-thumbnail","6":"product_cat-accesorios-perros","7":"product_cat-accesorios","8":"product_cat-gatos","9":"product_cat-perros","10":"product_cat-productos-nuevos","13":"first","14":"instock","15":"shipping-taxable","16":"purchasable","17":"product-type-variable"},"yoast_head":"<!-- This site is optimized with the Yoast SEO plugin v27.2 - https:\/\/yoast.com\/product\/yoast-seo-wordpress\/ -->\n<title>Lazo Delgado Plus - Boutique Animal<\/title>\n<meta name=\"robots\" content=\"index, follow, max-snippet:-1, max-image-preview:large, max-video-preview:-1\" \/>\n<link rel=\"canonical\" href=\"https:\/\/boutiqueanimal.co\/en\/product\/lazo-delgado-plus\/\" \/>\n<meta property=\"og:locale\" content=\"en_US\" \/>\n<meta property=\"og:type\" content=\"article\" \/>\n<meta property=\"og:title\" content=\"Lazo Delgado Plus - Boutique Animal\" \/>\n<meta property=\"og:description\" content=\"El Lazo Delgado Plus para Mascotas es ideal para sacar a pasear a tu perro con comodidad y seguridad. Su dise\u00f1o ligero y pr\u00e1ctico permite un manejo f\u00e1cil durante caminatas, brindando control sin incomodar a tu mascota. \ud83d\udc36 Est\u00e1 fabricado con riata de pl\u00e1stico flexible, resistente y f\u00e1cil de agarrar, lo que proporciona un agarre firme para el due\u00f1o y mayor durabilidad en el uso diario.     \u2728 Caracter\u00edsticas \u2714 Riata de pl\u00e1stico flexible y resistente\u2714 F\u00e1cil de agarrar y controlar durante el paseo\u2714 Dise\u00f1o ligero y c\u00f3modo\u2714 Disponible en colores pastel modernos\u2714 Ideal para paseos diarios     \ud83d\udc15 Beneficios \u2022 Permite mayor control al sacar a pasear a tu mascota\u2022 Material duradero y pr\u00e1ctico para uso diario\u2022 Dise\u00f1o c\u00f3modo tanto para la mascota como para el due\u00f1o\" \/>\n<meta property=\"og:url\" content=\"https:\/\/boutiqueanimal.co\/en\/product\/lazo-delgado-plus\/\" \/>\n<meta property=\"og:site_name\" content=\"Boutique Animal\" \/>\n<meta property=\"article:publisher\" content=\"https:\/\/www.facebook.com\/BoutiqueAnimalCo\" \/>\n<meta property=\"article:modified_time\" content=\"2026-03-05T21:08:40+00:00\" \/>\n<meta property=\"og:image\" content=\"https:\/\/boutiqueanimal.co\/wp-content\/uploads\/2026\/03\/WhatsApp-Image-2026-03-04-at-3.23.21-PM-3.jpeg\" \/>\n\t<meta property=\"og:image:width\" content=\"698\" \/>\n\t<meta property=\"og:image:height\" content=\"633\" \/>\n\t<meta property=\"og:image:type\" content=\"image\/jpeg\" \/>\n<meta name=\"twitter:card\" content=\"summary_large_image\" \/>\n<meta name=\"twitter:label1\" content=\"Est. reading time\" \/>\n\t<meta name=\"twitter:data1\" content=\"1 minute\" \/>\n<script type=\"application\/ld+json\" class=\"yoast-schema-graph\">{\"@context\":\"https:\/\/schema.org\",\"@graph\":[{\"@type\":\"WebPage\",\"@id\":\"https:\/\/boutiqueanimal.co\/producto\/lazo-delgado-plus\/\",\"url\":\"https:\/\/boutiqueanimal.co\/producto\/lazo-delgado-plus\/\",\"name\":\"Lazo Delgado Plus - Boutique Animal\",\"isPartOf\":{\"@id\":\"https:\/\/boutiqueanimal.co\/#website\"},\"primaryImageOfPage\":{\"@id\":\"https:\/\/boutiqueanimal.co\/producto\/lazo-delgado-plus\/#primaryimage\"},\"image\":{\"@id\":\"https:\/\/boutiqueanimal.co\/producto\/lazo-delgado-plus\/#primaryimage\"},\"thumbnailUrl\":\"https:\/\/boutiqueanimal.co\/wp-content\/uploads\/2026\/03\/WhatsApp-Image-2026-03-04-at-3.23.21-PM-3.jpeg\",\"datePublished\":\"2026-03-05T20:49:35+00:00\",\"dateModified\":\"2026-03-05T21:08:40+00:00\",\"breadcrumb\":{\"@id\":\"https:\/\/boutiqueanimal.co\/producto\/lazo-delgado-plus\/#breadcrumb\"},\"inLanguage\":\"en-US\",\"potentialAction\":[{\"@type\":\"ReadAction\",\"target\":[\"https:\/\/boutiqueanimal.co\/producto\/lazo-delgado-plus\/\"]}]},{\"@type\":\"ImageObject\",\"inLanguage\":\"en-US\",\"@id\":\"https:\/\/boutiqueanimal.co\/producto\/lazo-delgado-plus\/#primaryimage\",\"url\":\"https:\/\/boutiqueanimal.co\/wp-content\/uploads\/2026\/03\/WhatsApp-Image-2026-03-04-at-3.23.21-PM-3.jpeg\",\"contentUrl\":\"https:\/\/boutiqueanimal.co\/wp-content\/uploads\/2026\/03\/WhatsApp-Image-2026-03-04-at-3.23.21-PM-3.jpeg\",\"width\":698,\"height\":633},{\"@type\":\"BreadcrumbList\",\"@id\":\"https:\/\/boutiqueanimal.co\/producto\/lazo-delgado-plus\/#breadcrumb\",\"itemListElement\":[{\"@type\":\"ListItem\",\"position\":1,\"name\":\"Inicio\",\"item\":\"https:\/\/boutiqueanimal.co\/\"},{\"@type\":\"ListItem\",\"position\":2,\"name\":\"Tienda\",\"item\":\"https:\/\/boutiqueanimal.co\/tienda\/\"},{\"@type\":\"ListItem\",\"position\":3,\"name\":\"Lazo Delgado Plus\"}]},{\"@type\":\"WebSite\",\"@id\":\"https:\/\/boutiqueanimal.co\/#website\",\"url\":\"https:\/\/boutiqueanimal.co\/\",\"name\":\"Boutique Animal\",\"description\":\"Tienda online de productos para mascotas en Colombia. Env\u00edos r\u00e1pidos y gratis en compras superiores a $100.000\",\"publisher\":{\"@id\":\"https:\/\/boutiqueanimal.co\/#organization\"},\"potentialAction\":[{\"@type\":\"SearchAction\",\"target\":{\"@type\":\"EntryPoint\",\"urlTemplate\":\"https:\/\/boutiqueanimal.co\/?s={search_term_string}\"},\"query-input\":{\"@type\":\"PropertyValueSpecification\",\"valueRequired\":true,\"valueName\":\"search_term_string\"}}],\"inLanguage\":\"en-US\"},{\"@type\":\"Organization\",\"@id\":\"https:\/\/boutiqueanimal.co\/#organization\",\"name\":\"Boutique Animal\",\"url\":\"https:\/\/boutiqueanimal.co\/\",\"logo\":{\"@type\":\"ImageObject\",\"inLanguage\":\"en-US\",\"@id\":\"https:\/\/boutiqueanimal.co\/#\/schema\/logo\/image\/\",\"url\":\"https:\/\/boutiqueanimal.co\/wp-content\/uploads\/2025\/11\/perrito-pc-1024x1024-1.png\",\"contentUrl\":\"https:\/\/boutiqueanimal.co\/wp-content\/uploads\/2025\/11\/perrito-pc-1024x1024-1.png\",\"width\":1024,\"height\":1024,\"caption\":\"Boutique Animal\"},\"image\":{\"@id\":\"https:\/\/boutiqueanimal.co\/#\/schema\/logo\/image\/\"},\"sameAs\":[\"https:\/\/www.facebook.com\/BoutiqueAnimalCo\"]}]}<\/script>\n<!-- \/ Yoast SEO plugin. -->","yoast_head_json":{"title":"Lazo Delgado Plus - Boutique Animal","robots":{"index":"index","follow":"follow","max-snippet":"max-snippet:-1","max-image-preview":"max-image-preview:large","max-video-preview":"max-video-preview:-1"},"canonical":"https:\/\/boutiqueanimal.co\/en\/product\/lazo-delgado-plus\/","og_locale":"en_US","og_type":"article","og_title":"Lazo Delgado Plus - Boutique Animal","og_description":"El Lazo Delgado Plus para Mascotas es ideal para sacar a pasear a tu perro con comodidad y seguridad. Su dise\u00f1o ligero y pr\u00e1ctico permite un manejo f\u00e1cil durante caminatas, brindando control sin incomodar a tu mascota. \ud83d\udc36 Est\u00e1 fabricado con riata de pl\u00e1stico flexible, resistente y f\u00e1cil de agarrar, lo que proporciona un agarre firme para el due\u00f1o y mayor durabilidad en el uso diario.     \u2728 Caracter\u00edsticas \u2714 Riata de pl\u00e1stico flexible y resistente\u2714 F\u00e1cil de agarrar y controlar durante el paseo\u2714 Dise\u00f1o ligero y c\u00f3modo\u2714 Disponible en colores pastel modernos\u2714 Ideal para paseos diarios     \ud83d\udc15 Beneficios \u2022 Permite mayor control al sacar a pasear a tu mascota\u2022 Material duradero y pr\u00e1ctico para uso diario\u2022 Dise\u00f1o c\u00f3modo tanto para la mascota como para el due\u00f1o","og_url":"https:\/\/boutiqueanimal.co\/en\/product\/lazo-delgado-plus\/","og_site_name":"Boutique Animal","article_publisher":"https:\/\/www.facebook.com\/BoutiqueAnimalCo","article_modified_time":"2026-03-05T21:08:40+00:00","og_image":[{"width":698,"height":633,"url":"https:\/\/boutiqueanimal.co\/wp-content\/uploads\/2026\/03\/WhatsApp-Image-2026-03-04-at-3.23.21-PM-3.jpeg","type":"image\/jpeg"}],"twitter_card":"summary_large_image","twitter_misc":{"Est. reading time":"1 minute"},"schema":{"@context":"https:\/\/schema.org","@graph":[{"@type":"WebPage","@id":"https:\/\/boutiqueanimal.co\/producto\/lazo-delgado-plus\/","url":"https:\/\/boutiqueanimal.co\/producto\/lazo-delgado-plus\/","name":"Lazo Delgado Plus - Boutique Animal","isPartOf":{"@id":"https:\/\/boutiqueanimal.co\/#website"},"primaryImageOfPage":{"@id":"https:\/\/boutiqueanimal.co\/producto\/lazo-delgado-plus\/#primaryimage"},"image":{"@id":"https:\/\/boutiqueanimal.co\/producto\/lazo-delgado-plus\/#primaryimage"},"thumbnailUrl":"https:\/\/boutiqueanimal.co\/wp-content\/uploads\/2026\/03\/WhatsApp-Image-2026-03-04-at-3.23.21-PM-3.jpeg","datePublished":"2026-03-05T20:49:35+00:00","dateModified":"2026-03-05T21:08:40+00:00","breadcrumb":{"@id":"https:\/\/boutiqueanimal.co\/producto\/lazo-delgado-plus\/#breadcrumb"},"inLanguage":"en-US","potentialAction":[{"@type":"ReadAction","target":["https:\/\/boutiqueanimal.co\/producto\/lazo-delgado-plus\/"]}]},{"@type":"ImageObject","inLanguage":"en-US","@id":"https:\/\/boutiqueanimal.co\/producto\/lazo-delgado-plus\/#primaryimage","url":"https:\/\/boutiqueanimal.co\/wp-content\/uploads\/2026\/03\/WhatsApp-Image-2026-03-04-at-3.23.21-PM-3.jpeg","contentUrl":"https:\/\/boutiqueanimal.co\/wp-content\/uploads\/2026\/03\/WhatsApp-Image-2026-03-04-at-3.23.21-PM-3.jpeg","width":698,"height":633},{"@type":"BreadcrumbList","@id":"https:\/\/boutiqueanimal.co\/producto\/lazo-delgado-plus\/#breadcrumb","itemListElement":[{"@type":"ListItem","position":1,"name":"Inicio","item":"https:\/\/boutiqueanimal.co\/"},{"@type":"ListItem","position":2,"name":"Tienda","item":"https:\/\/boutiqueanimal.co\/tienda\/"},{"@type":"ListItem","position":3,"name":"Lazo Delgado Plus"}]},{"@type":"WebSite","@id":"https:\/\/boutiqueanimal.co\/#website","url":"https:\/\/boutiqueanimal.co\/","name":"Boutique Animal","description":"Tienda online de productos para mascotas en Colombia. Env\u00edos r\u00e1pidos y gratis en compras superiores a $100.000","publisher":{"@id":"https:\/\/boutiqueanimal.co\/#organization"},"potentialAction":[{"@type":"SearchAction","target":{"@type":"EntryPoint","urlTemplate":"https:\/\/boutiqueanimal.co\/?s={search_term_string}"},"query-input":{"@type":"PropertyValueSpecification","valueRequired":true,"valueName":"search_term_string"}}],"inLanguage":"en-US"},{"@type":"Organization","@id":"https:\/\/boutiqueanimal.co\/#organization","name":"Boutique Animal","url":"https:\/\/boutiqueanimal.co\/","logo":{"@type":"ImageObject","inLanguage":"en-US","@id":"https:\/\/boutiqueanimal.co\/#\/schema\/logo\/image\/","url":"https:\/\/boutiqueanimal.co\/wp-content\/uploads\/2025\/11\/perrito-pc-1024x1024-1.png","contentUrl":"https:\/\/boutiqueanimal.co\/wp-content\/uploads\/2025\/11\/perrito-pc-1024x1024-1.png","width":1024,"height":1024,"caption":"Boutique Animal"},"image":{"@id":"https:\/\/boutiqueanimal.co\/#\/schema\/logo\/image\/"},"sameAs":["https:\/\/www.facebook.com\/BoutiqueAnimalCo"]}]}},"_links":{"self":[{"href":"https:\/\/boutiqueanimal.co\/en\/wp-json\/wp\/v2\/product\/65024","targetHints":{"allow":["GET"]}}],"collection":[{"href":"https:\/\/boutiqueanimal.co\/en\/wp-json\/wp\/v2\/product"}],"about":[{"href":"https:\/\/boutiqueanimal.co\/en\/wp-json\/wp\/v2\/types\/product"}],"wp:featuredmedia":[{"embeddable":true,"href":"https:\/\/boutiqueanimal.co\/en\/wp-json\/wp\/v2\/media\/65031"}],"wp:attachment":[{"href":"https:\/\/boutiqueanimal.co\/en\/wp-json\/wp\/v2\/media?parent=65024"}],"wp:term":[{"taxonomy":"product_brand","embeddable":true,"href":"https:\/\/boutiqueanimal.co\/en\/wp-json\/wp\/v2\/product_brand?post=65024"},{"taxonomy":"product_cat","embeddable":true,"href":"https:\/\/boutiqueanimal.co\/en\/wp-json\/wp\/v2\/product_cat?post=65024"},{"taxonomy":"product_tag","embeddable":true,"href":"https:\/\/boutiqueanimal.co\/en\/wp-json\/wp\/v2\/product_tag?post=65024"}],"curies":[{"name":"wp","href":"https:\/\/api.w.org\/{rel}","templated":true}]}}