{"id":65344,"date":"2026-03-30T15:05:42","date_gmt":"2026-03-30T20:05:42","guid":{"rendered":"https:\/\/boutiqueanimal.co\/?post_type=product&#038;p=65344"},"modified":"2026-03-30T15:14:28","modified_gmt":"2026-03-30T20:14:28","slug":"gorro-tejido","status":"publish","type":"product","link":"https:\/\/boutiqueanimal.co\/en\/product\/gorro-tejido\/","title":{"rendered":"Gorro Tejido Para mascotas"},"content":{"rendered":"<h1 data-section-id=\"19rw62n\" data-start=\"66\" data-end=\"132\">\ud83d\udc36 Gorro Tejido para Mascotas \u2013 Protector de Orejas<\/h1>\n<p data-start=\"134\" data-end=\"379\">El <strong data-start=\"137\" data-end=\"180\">Gorro Tejido para Mascotas con Orejitas<\/strong> es un accesorio pr\u00e1ctico y adorable dise\u00f1ado para <strong data-start=\"231\" data-end=\"266\">proteger las orejas de tu perro<\/strong> del fr\u00edo, viento o polvo. Su dise\u00f1o tejido es suave y c\u00f3modo, permitiendo que la mascota lo use sin incomodidad.<\/p>\n<p data-start=\"381\" data-end=\"575\">Cuenta con <strong data-start=\"392\" data-end=\"437\">orejitas decorativas y un perrito bordado<\/strong>, lo que le da un estilo tierno y llamativo. Tambi\u00e9n puede utilizarse como <strong data-start=\"512\" data-end=\"574\">protector de orejas durante el descanso o despu\u00e9s del ba\u00f1o<\/strong>.<\/p>\n<hr data-start=\"577\" data-end=\"580\" \/>\n<h2 data-section-id=\"q2k832\" data-start=\"582\" data-end=\"602\">\u2728 Caracter\u00edsticas<\/h2>\n<p data-start=\"604\" data-end=\"809\">\u2714 Tejido suave y c\u00f3modo<br data-start=\"627\" data-end=\"630\" \/>\u2714 Dise\u00f1o con <strong data-start=\"643\" data-end=\"685\">orejitas decorativas y perrito bordado<\/strong><br data-start=\"685\" data-end=\"688\" \/>\u2714 Ayuda a <strong data-start=\"698\" data-end=\"742\">proteger las orejas del fr\u00edo y el viento<\/strong><br data-start=\"742\" data-end=\"745\" \/>\u2714 Ligero y f\u00e1cil de colocar<br data-start=\"772\" data-end=\"775\" \/>\u2714 Disponible en <strong data-start=\"791\" data-end=\"809\">varios colores<\/strong><\/p>\n<hr data-start=\"811\" data-end=\"814\" \/>\n<p data-start=\"842\" data-end=\"859\">\n<p data-start=\"866\" data-end=\"988\">\ud83d\udc3e Ideal para perros peque\u00f1os y medianos que necesitan protecci\u00f3n en las orejas o simplemente lucir un accesorio adorable.<\/p>","protected":false},"excerpt":{"rendered":"<h1 data-section-id=\"19rw62n\" data-start=\"66\" data-end=\"132\">\ud83d\udc36 Gorro Tejido para Mascotas\u2013 Protector de Orejas<\/h1>\n<p data-start=\"134\" data-end=\"379\">El <strong data-start=\"137\" data-end=\"180\">Gorro Tejido para Mascotas con Orejitas<\/strong> es un accesorio pr\u00e1ctico y adorable dise\u00f1ado para <strong data-start=\"231\" data-end=\"266\">proteger las orejas de tu perro<\/strong> del fr\u00edo, viento o polvo. Su dise\u00f1o tejido es suave y c\u00f3modo, permitiendo que la mascota lo use sin incomodidad.<\/p>\n<p data-start=\"381\" data-end=\"575\">Cuenta con <strong data-start=\"392\" data-end=\"437\">orejitas decorativas y un perrito bordado<\/strong>, lo que le da un estilo tierno y llamativo. Tambi\u00e9n puede utilizarse como <strong data-start=\"512\" data-end=\"574\">protector de orejas durante el descanso o despu\u00e9s del ba\u00f1o<\/strong>.<\/p>\n<hr data-start=\"577\" data-end=\"580\" \/>\n<h2 data-section-id=\"q2k832\" data-start=\"582\" data-end=\"602\">\u2728 Caracter\u00edsticas<\/h2>\n<p data-start=\"604\" data-end=\"809\">\u2714 Tejido suave y c\u00f3modo<br data-start=\"627\" data-end=\"630\" \/>\u2714 Dise\u00f1o con <strong data-start=\"643\" data-end=\"685\">orejitas decorativas y perrito bordado<\/strong><br data-start=\"685\" data-end=\"688\" \/>\u2714 Ayuda a <strong data-start=\"698\" data-end=\"742\">proteger las orejas del fr\u00edo y el viento<\/strong><br data-start=\"742\" data-end=\"745\" \/>\u2714 Ligero y f\u00e1cil de colocar<br data-start=\"772\" data-end=\"775\" \/>\u2714 Disponible en <strong data-start=\"791\" data-end=\"809\">varios colores<\/strong><\/p>\n<hr data-start=\"811\" data-end=\"814\" \/>\n<p data-start=\"842\" data-end=\"859\">\n<p data-start=\"866\" data-end=\"988\">\ud83d\udc3e Ideal para perros peque\u00f1os y medianos que necesitan protecci\u00f3n en las orejas o simplemente lucir un accesorio adorable.<\/p>","protected":false},"featured_media":65352,"template":"","meta":{"_joinchat":[]},"product_brand":[],"product_cat":[29,28,16,18,24],"product_tag":[],"class_list":{"0":"post-65344","1":"product","2":"type-product","3":"status-publish","4":"has-post-thumbnail","6":"product_cat-accesorios-perros","7":"product_cat-accesorios","8":"product_cat-gatos","9":"product_cat-perros","10":"product_cat-productos-nuevos","13":"first","14":"instock","15":"shipping-taxable","16":"purchasable","17":"product-type-variable"},"yoast_head":"<!-- This site is optimized with the Yoast SEO plugin v27.2 - https:\/\/yoast.com\/product\/yoast-seo-wordpress\/ -->\n<title>Gorro Tejido Para mascotas - Boutique Animal<\/title>\n<meta name=\"description\" content=\"El gorro para perros tejido con orejitas es el accesorio perfecto para darle estilo, ternura y abrigo a tu mascota. Ideal para fotos, salidas o d\u00edas fr\u00edos\" \/>\n<meta name=\"robots\" content=\"index, follow, max-snippet:-1, max-image-preview:large, max-video-preview:-1\" \/>\n<link rel=\"canonical\" href=\"https:\/\/boutiqueanimal.co\/en\/product\/gorro-tejido\/\" \/>\n<meta property=\"og:locale\" content=\"en_US\" \/>\n<meta property=\"og:type\" content=\"article\" \/>\n<meta property=\"og:title\" content=\"Gorro Tejido Para mascotas - Boutique Animal\" \/>\n<meta property=\"og:description\" content=\"El gorro para perros tejido con orejitas es el accesorio perfecto para darle estilo, ternura y abrigo a tu mascota. Ideal para fotos, salidas o d\u00edas fr\u00edos\" \/>\n<meta property=\"og:url\" content=\"https:\/\/boutiqueanimal.co\/en\/product\/gorro-tejido\/\" \/>\n<meta property=\"og:site_name\" content=\"Boutique Animal\" \/>\n<meta property=\"article:publisher\" content=\"https:\/\/www.facebook.com\/BoutiqueAnimalCo\" \/>\n<meta property=\"article:modified_time\" content=\"2026-03-30T20:14:28+00:00\" \/>\n<meta property=\"og:image\" content=\"https:\/\/boutiqueanimal.co\/wp-content\/uploads\/2026\/03\/WhatsApp-Image-2026-03-30-at-3.07.32-PM.jpeg\" \/>\n\t<meta property=\"og:image:width\" content=\"1024\" \/>\n\t<meta property=\"og:image:height\" content=\"1024\" \/>\n\t<meta property=\"og:image:type\" content=\"image\/jpeg\" \/>\n<meta name=\"twitter:card\" content=\"summary_large_image\" \/>\n<meta name=\"twitter:label1\" content=\"Est. reading time\" \/>\n\t<meta name=\"twitter:data1\" content=\"1 minute\" \/>\n<script type=\"application\/ld+json\" class=\"yoast-schema-graph\">{\"@context\":\"https:\/\/schema.org\",\"@graph\":[{\"@type\":\"WebPage\",\"@id\":\"https:\/\/boutiqueanimal.co\/producto\/gorro-tejido\/\",\"url\":\"https:\/\/boutiqueanimal.co\/producto\/gorro-tejido\/\",\"name\":\"Gorro Tejido Para mascotas - Boutique Animal\",\"isPartOf\":{\"@id\":\"https:\/\/boutiqueanimal.co\/#website\"},\"primaryImageOfPage\":{\"@id\":\"https:\/\/boutiqueanimal.co\/producto\/gorro-tejido\/#primaryimage\"},\"image\":{\"@id\":\"https:\/\/boutiqueanimal.co\/producto\/gorro-tejido\/#primaryimage\"},\"thumbnailUrl\":\"https:\/\/boutiqueanimal.co\/wp-content\/uploads\/2026\/03\/WhatsApp-Image-2026-03-30-at-3.07.32-PM.jpeg\",\"datePublished\":\"2026-03-30T20:05:42+00:00\",\"dateModified\":\"2026-03-30T20:14:28+00:00\",\"description\":\"El gorro para perros tejido con orejitas es el accesorio perfecto para darle estilo, ternura y abrigo a tu mascota. Ideal para fotos, salidas o d\u00edas fr\u00edos\",\"breadcrumb\":{\"@id\":\"https:\/\/boutiqueanimal.co\/producto\/gorro-tejido\/#breadcrumb\"},\"inLanguage\":\"en-US\",\"potentialAction\":[{\"@type\":\"ReadAction\",\"target\":[\"https:\/\/boutiqueanimal.co\/producto\/gorro-tejido\/\"]}]},{\"@type\":\"ImageObject\",\"inLanguage\":\"en-US\",\"@id\":\"https:\/\/boutiqueanimal.co\/producto\/gorro-tejido\/#primaryimage\",\"url\":\"https:\/\/boutiqueanimal.co\/wp-content\/uploads\/2026\/03\/WhatsApp-Image-2026-03-30-at-3.07.32-PM.jpeg\",\"contentUrl\":\"https:\/\/boutiqueanimal.co\/wp-content\/uploads\/2026\/03\/WhatsApp-Image-2026-03-30-at-3.07.32-PM.jpeg\",\"width\":1024,\"height\":1024},{\"@type\":\"BreadcrumbList\",\"@id\":\"https:\/\/boutiqueanimal.co\/producto\/gorro-tejido\/#breadcrumb\",\"itemListElement\":[{\"@type\":\"ListItem\",\"position\":1,\"name\":\"Inicio\",\"item\":\"https:\/\/boutiqueanimal.co\/\"},{\"@type\":\"ListItem\",\"position\":2,\"name\":\"Tienda\",\"item\":\"https:\/\/boutiqueanimal.co\/tienda\/\"},{\"@type\":\"ListItem\",\"position\":3,\"name\":\"Gorro Tejido Para mascotas\"}]},{\"@type\":\"WebSite\",\"@id\":\"https:\/\/boutiqueanimal.co\/#website\",\"url\":\"https:\/\/boutiqueanimal.co\/\",\"name\":\"Boutique Animal\",\"description\":\"Tienda online de productos para mascotas en Colombia. Env\u00edos r\u00e1pidos y gratis en compras superiores a $100.000\",\"publisher\":{\"@id\":\"https:\/\/boutiqueanimal.co\/#organization\"},\"potentialAction\":[{\"@type\":\"SearchAction\",\"target\":{\"@type\":\"EntryPoint\",\"urlTemplate\":\"https:\/\/boutiqueanimal.co\/?s={search_term_string}\"},\"query-input\":{\"@type\":\"PropertyValueSpecification\",\"valueRequired\":true,\"valueName\":\"search_term_string\"}}],\"inLanguage\":\"en-US\"},{\"@type\":\"Organization\",\"@id\":\"https:\/\/boutiqueanimal.co\/#organization\",\"name\":\"Boutique Animal\",\"url\":\"https:\/\/boutiqueanimal.co\/\",\"logo\":{\"@type\":\"ImageObject\",\"inLanguage\":\"en-US\",\"@id\":\"https:\/\/boutiqueanimal.co\/#\/schema\/logo\/image\/\",\"url\":\"https:\/\/boutiqueanimal.co\/wp-content\/uploads\/2025\/11\/perrito-pc-1024x1024-1.png\",\"contentUrl\":\"https:\/\/boutiqueanimal.co\/wp-content\/uploads\/2025\/11\/perrito-pc-1024x1024-1.png\",\"width\":1024,\"height\":1024,\"caption\":\"Boutique Animal\"},\"image\":{\"@id\":\"https:\/\/boutiqueanimal.co\/#\/schema\/logo\/image\/\"},\"sameAs\":[\"https:\/\/www.facebook.com\/BoutiqueAnimalCo\"]}]}<\/script>\n<!-- \/ Yoast SEO plugin. -->","yoast_head_json":{"title":"Gorro Tejido Para mascotas - Boutique Animal","description":"El gorro para perros tejido con orejitas es el accesorio perfecto para darle estilo, ternura y abrigo a tu mascota. Ideal para fotos, salidas o d\u00edas fr\u00edos","robots":{"index":"index","follow":"follow","max-snippet":"max-snippet:-1","max-image-preview":"max-image-preview:large","max-video-preview":"max-video-preview:-1"},"canonical":"https:\/\/boutiqueanimal.co\/en\/product\/gorro-tejido\/","og_locale":"en_US","og_type":"article","og_title":"Gorro Tejido Para mascotas - Boutique Animal","og_description":"El gorro para perros tejido con orejitas es el accesorio perfecto para darle estilo, ternura y abrigo a tu mascota. Ideal para fotos, salidas o d\u00edas fr\u00edos","og_url":"https:\/\/boutiqueanimal.co\/en\/product\/gorro-tejido\/","og_site_name":"Boutique Animal","article_publisher":"https:\/\/www.facebook.com\/BoutiqueAnimalCo","article_modified_time":"2026-03-30T20:14:28+00:00","og_image":[{"width":1024,"height":1024,"url":"https:\/\/boutiqueanimal.co\/wp-content\/uploads\/2026\/03\/WhatsApp-Image-2026-03-30-at-3.07.32-PM.jpeg","type":"image\/jpeg"}],"twitter_card":"summary_large_image","twitter_misc":{"Est. reading time":"1 minute"},"schema":{"@context":"https:\/\/schema.org","@graph":[{"@type":"WebPage","@id":"https:\/\/boutiqueanimal.co\/producto\/gorro-tejido\/","url":"https:\/\/boutiqueanimal.co\/producto\/gorro-tejido\/","name":"Gorro Tejido Para mascotas - Boutique Animal","isPartOf":{"@id":"https:\/\/boutiqueanimal.co\/#website"},"primaryImageOfPage":{"@id":"https:\/\/boutiqueanimal.co\/producto\/gorro-tejido\/#primaryimage"},"image":{"@id":"https:\/\/boutiqueanimal.co\/producto\/gorro-tejido\/#primaryimage"},"thumbnailUrl":"https:\/\/boutiqueanimal.co\/wp-content\/uploads\/2026\/03\/WhatsApp-Image-2026-03-30-at-3.07.32-PM.jpeg","datePublished":"2026-03-30T20:05:42+00:00","dateModified":"2026-03-30T20:14:28+00:00","description":"El gorro para perros tejido con orejitas es el accesorio perfecto para darle estilo, ternura y abrigo a tu mascota. Ideal para fotos, salidas o d\u00edas fr\u00edos","breadcrumb":{"@id":"https:\/\/boutiqueanimal.co\/producto\/gorro-tejido\/#breadcrumb"},"inLanguage":"en-US","potentialAction":[{"@type":"ReadAction","target":["https:\/\/boutiqueanimal.co\/producto\/gorro-tejido\/"]}]},{"@type":"ImageObject","inLanguage":"en-US","@id":"https:\/\/boutiqueanimal.co\/producto\/gorro-tejido\/#primaryimage","url":"https:\/\/boutiqueanimal.co\/wp-content\/uploads\/2026\/03\/WhatsApp-Image-2026-03-30-at-3.07.32-PM.jpeg","contentUrl":"https:\/\/boutiqueanimal.co\/wp-content\/uploads\/2026\/03\/WhatsApp-Image-2026-03-30-at-3.07.32-PM.jpeg","width":1024,"height":1024},{"@type":"BreadcrumbList","@id":"https:\/\/boutiqueanimal.co\/producto\/gorro-tejido\/#breadcrumb","itemListElement":[{"@type":"ListItem","position":1,"name":"Inicio","item":"https:\/\/boutiqueanimal.co\/"},{"@type":"ListItem","position":2,"name":"Tienda","item":"https:\/\/boutiqueanimal.co\/tienda\/"},{"@type":"ListItem","position":3,"name":"Gorro Tejido Para mascotas"}]},{"@type":"WebSite","@id":"https:\/\/boutiqueanimal.co\/#website","url":"https:\/\/boutiqueanimal.co\/","name":"Boutique Animal","description":"Tienda online de productos para mascotas en Colombia. Env\u00edos r\u00e1pidos y gratis en compras superiores a $100.000","publisher":{"@id":"https:\/\/boutiqueanimal.co\/#organization"},"potentialAction":[{"@type":"SearchAction","target":{"@type":"EntryPoint","urlTemplate":"https:\/\/boutiqueanimal.co\/?s={search_term_string}"},"query-input":{"@type":"PropertyValueSpecification","valueRequired":true,"valueName":"search_term_string"}}],"inLanguage":"en-US"},{"@type":"Organization","@id":"https:\/\/boutiqueanimal.co\/#organization","name":"Boutique Animal","url":"https:\/\/boutiqueanimal.co\/","logo":{"@type":"ImageObject","inLanguage":"en-US","@id":"https:\/\/boutiqueanimal.co\/#\/schema\/logo\/image\/","url":"https:\/\/boutiqueanimal.co\/wp-content\/uploads\/2025\/11\/perrito-pc-1024x1024-1.png","contentUrl":"https:\/\/boutiqueanimal.co\/wp-content\/uploads\/2025\/11\/perrito-pc-1024x1024-1.png","width":1024,"height":1024,"caption":"Boutique Animal"},"image":{"@id":"https:\/\/boutiqueanimal.co\/#\/schema\/logo\/image\/"},"sameAs":["https:\/\/www.facebook.com\/BoutiqueAnimalCo"]}]}},"_links":{"self":[{"href":"https:\/\/boutiqueanimal.co\/en\/wp-json\/wp\/v2\/product\/65344","targetHints":{"allow":["GET"]}}],"collection":[{"href":"https:\/\/boutiqueanimal.co\/en\/wp-json\/wp\/v2\/product"}],"about":[{"href":"https:\/\/boutiqueanimal.co\/en\/wp-json\/wp\/v2\/types\/product"}],"wp:featuredmedia":[{"embeddable":true,"href":"https:\/\/boutiqueanimal.co\/en\/wp-json\/wp\/v2\/media\/65352"}],"wp:attachment":[{"href":"https:\/\/boutiqueanimal.co\/en\/wp-json\/wp\/v2\/media?parent=65344"}],"wp:term":[{"taxonomy":"product_brand","embeddable":true,"href":"https:\/\/boutiqueanimal.co\/en\/wp-json\/wp\/v2\/product_brand?post=65344"},{"taxonomy":"product_cat","embeddable":true,"href":"https:\/\/boutiqueanimal.co\/en\/wp-json\/wp\/v2\/product_cat?post=65344"},{"taxonomy":"product_tag","embeddable":true,"href":"https:\/\/boutiqueanimal.co\/en\/wp-json\/wp\/v2\/product_tag?post=65344"}],"curies":[{"name":"wp","href":"https:\/\/api.w.org\/{rel}","templated":true}]}}