{"id":65369,"date":"2026-03-30T16:24:06","date_gmt":"2026-03-30T21:24:06","guid":{"rendered":"https:\/\/boutiqueanimal.co\/?post_type=product&#038;p=65369"},"modified":"2026-03-30T16:24:06","modified_gmt":"2026-03-30T21:24:06","slug":"bolso-gatuno","status":"publish","type":"product","link":"https:\/\/boutiqueanimal.co\/en\/product\/bolso-gatuno\/","title":{"rendered":"Bolso Gatuno"},"content":{"rendered":"<p data-start=\"954\" data-end=\"1131\">El <strong data-start=\"957\" data-end=\"998\">bolso para transportar gatos y perros<\/strong> estilo morral es ideal para movilizar a tu mascota de forma pr\u00e1ctica y segura. Su dise\u00f1o permite llevarla c\u00f3modamente en la espalda.<\/p>\n<p data-start=\"1133\" data-end=\"1271\">Este <strong data-start=\"1138\" data-end=\"1162\">morral para mascotas<\/strong> distribuye el peso de forma equilibrada. As\u00ed evita molestias y facilita el transporte en caminatas o viajes.<\/p>\n<p data-start=\"1273\" data-end=\"1400\">Adem\u00e1s, su dise\u00f1o tipo cara de gato le da un toque \u00fanico y llamativo. Es perfecto para quienes buscan funcionalidad con estilo.<\/p>\n<p data-start=\"1402\" data-end=\"1561\">El <strong data-start=\"1405\" data-end=\"1437\">bolso para gatos tipo morral<\/strong> es f\u00e1cil de usar y permite llevar a tu mascota con mayor comodidad. Tambi\u00e9n brinda mayor estabilidad durante el movimiento.<\/p>\n<p data-start=\"1563\" data-end=\"1658\">Su estructura es resistente y ligera. Esto lo hace ideal para uso diario o salidas ocasionales.<\/p>\n<p data-start=\"1660\" data-end=\"1770\">La <strong data-start=\"1663\" data-end=\"1700\">mochila para transportar mascotas<\/strong> es una excelente opci\u00f3n para paseos, viajes o visitas al veterinario.<\/p>\n<hr data-start=\"1772\" data-end=\"1775\" \/>\n<h2 data-section-id=\"1qct1wf\" data-start=\"1777\" data-end=\"1799\">\ud83d\udc3e Caracter\u00edsticas:<\/h2>\n<ul data-start=\"1800\" data-end=\"1915\">\n<li data-section-id=\"1fdbwzk\" data-start=\"1800\" data-end=\"1822\">Dise\u00f1o tipo morral<\/li>\n<li data-section-id=\"so9w19\" data-start=\"1823\" data-end=\"1846\">Estilo cara de gato<\/li>\n<li data-section-id=\"xlfiib\" data-start=\"1847\" data-end=\"1870\">Material resistente<\/li>\n<li data-section-id=\"plrfjm\" data-start=\"1871\" data-end=\"1890\">Ligero y c\u00f3modo<\/li>\n<li data-section-id=\"30b8d4\" data-start=\"1891\" data-end=\"1915\">F\u00e1cil de transportar<\/li>\n<\/ul>\n<hr data-start=\"1917\" data-end=\"1920\" \/>\n<h2 data-section-id=\"1sc5nex\" data-start=\"1922\" data-end=\"1939\">\ud83d\udc3e Beneficios:<\/h2>\n<ul data-start=\"1940\" data-end=\"2047\">\n<li data-section-id=\"1cup2sr\" data-start=\"1940\" data-end=\"1969\">Mayor comodidad al cargar<\/li>\n<li data-section-id=\"iw0ysd\" data-start=\"1970\" data-end=\"1995\">Distribuci\u00f3n del peso<\/li>\n<li data-section-id=\"1ihlagf\" data-start=\"1996\" data-end=\"2026\">Ideal para viajes y paseos<\/li>\n<li data-section-id=\"1fxkess\" data-start=\"2027\" data-end=\"2047\">Dise\u00f1o atractivo<\/li>\n<\/ul>","protected":false},"excerpt":{"rendered":"<p data-start=\"954\" data-end=\"1131\">El <strong data-start=\"957\" data-end=\"998\">bolso para transportar gatos y perros<\/strong> estilo morral es ideal para movilizar a tu mascota de forma pr\u00e1ctica y segura. Su dise\u00f1o permite llevarla c\u00f3modamente en la espalda.<\/p>\n<p data-start=\"1133\" data-end=\"1271\">Este <strong data-start=\"1138\" data-end=\"1162\">morral para mascotas<\/strong> distribuye el peso de forma equilibrada. As\u00ed evita molestias y facilita el transporte en caminatas o viajes.<\/p>\n<p data-start=\"1273\" data-end=\"1400\">Adem\u00e1s, su dise\u00f1o tipo cara de gato le da un toque \u00fanico y llamativo. Es perfecto para quienes buscan funcionalidad con estilo.<\/p>\n<p data-start=\"1402\" data-end=\"1561\">El <strong data-start=\"1405\" data-end=\"1437\">bolso para gatos tipo morral<\/strong> es f\u00e1cil de usar y permite llevar a tu mascota con mayor comodidad. Tambi\u00e9n brinda mayor estabilidad durante el movimiento.<\/p>\n<p data-start=\"1563\" data-end=\"1658\">Su estructura es resistente y ligera. Esto lo hace ideal para uso diario o salidas ocasionales.<\/p>\n<p data-start=\"1660\" data-end=\"1770\">La <strong data-start=\"1663\" data-end=\"1700\">mochila para transportar mascotas<\/strong> es una excelente opci\u00f3n para paseos, viajes o visitas al veterinario.<\/p>\n<hr data-start=\"1772\" data-end=\"1775\" \/>\n<h2 data-section-id=\"1qct1wf\" data-start=\"1777\" data-end=\"1799\">\ud83d\udc3e Caracter\u00edsticas:<\/h2>\n<ul data-start=\"1800\" data-end=\"1915\">\n<li data-section-id=\"1fdbwzk\" data-start=\"1800\" data-end=\"1822\">Dise\u00f1o tipo morral<\/li>\n<li data-section-id=\"so9w19\" data-start=\"1823\" data-end=\"1846\">Estilo cara de gato<\/li>\n<li data-section-id=\"xlfiib\" data-start=\"1847\" data-end=\"1870\">Material resistente<\/li>\n<li data-section-id=\"plrfjm\" data-start=\"1871\" data-end=\"1890\">Ligero y c\u00f3modo<\/li>\n<li data-section-id=\"30b8d4\" data-start=\"1891\" data-end=\"1915\">F\u00e1cil de transportar<\/li>\n<\/ul>\n<hr data-start=\"1917\" data-end=\"1920\" \/>\n<h2 data-section-id=\"1sc5nex\" data-start=\"1922\" data-end=\"1939\">\ud83d\udc3e Beneficios:<\/h2>\n<ul data-start=\"1940\" data-end=\"2047\">\n<li data-section-id=\"1cup2sr\" data-start=\"1940\" data-end=\"1969\">Mayor comodidad al cargar<\/li>\n<li data-section-id=\"iw0ysd\" data-start=\"1970\" data-end=\"1995\">Distribuci\u00f3n del peso<\/li>\n<li data-section-id=\"1ihlagf\" data-start=\"1996\" data-end=\"2026\">Ideal para viajes y paseos<\/li>\n<li data-section-id=\"1fxkess\" data-start=\"2027\" data-end=\"2047\">Dise\u00f1o atractivo<\/li>\n<\/ul>","protected":false},"featured_media":65376,"template":"","meta":{"_joinchat":[]},"product_brand":[],"product_cat":[36,35,16,18,24],"product_tag":[],"class_list":{"0":"post-65369","1":"product","2":"type-product","3":"status-publish","4":"has-post-thumbnail","6":"product_cat-bolsos-perros","7":"product_cat-bolsos","8":"product_cat-gatos","9":"product_cat-perros","10":"product_cat-productos-nuevos","13":"first","14":"instock","15":"shipping-taxable","16":"purchasable","17":"product-type-variable"},"yoast_head":"<!-- This site is optimized with the Yoast SEO plugin v27.2 - https:\/\/yoast.com\/product\/yoast-seo-wordpress\/ -->\n<title>Bolso Gatuno - Boutique Animal<\/title>\n<meta name=\"description\" content=\"Bolso para transportar gatos y perros tipo morral, c\u00f3modo y seguro. Ideal para viajes o paseos con tu mascota de forma pr\u00e1ctica.\" \/>\n<meta name=\"robots\" content=\"index, follow, max-snippet:-1, max-image-preview:large, max-video-preview:-1\" \/>\n<link rel=\"canonical\" href=\"https:\/\/boutiqueanimal.co\/en\/product\/bolso-gatuno\/\" \/>\n<meta property=\"og:locale\" content=\"en_US\" \/>\n<meta property=\"og:type\" content=\"article\" \/>\n<meta property=\"og:title\" content=\"Bolso Gatuno - Boutique Animal\" \/>\n<meta property=\"og:description\" content=\"Bolso para transportar gatos y perros tipo morral, c\u00f3modo y seguro. Ideal para viajes o paseos con tu mascota de forma pr\u00e1ctica.\" \/>\n<meta property=\"og:url\" content=\"https:\/\/boutiqueanimal.co\/en\/product\/bolso-gatuno\/\" \/>\n<meta property=\"og:site_name\" content=\"Boutique Animal\" \/>\n<meta property=\"article:publisher\" content=\"https:\/\/www.facebook.com\/BoutiqueAnimalCo\" \/>\n<meta name=\"twitter:card\" content=\"summary_large_image\" \/>\n<meta name=\"twitter:label1\" content=\"Est. reading time\" \/>\n\t<meta name=\"twitter:data1\" content=\"1 minute\" \/>\n<script type=\"application\/ld+json\" class=\"yoast-schema-graph\">{\"@context\":\"https:\/\/schema.org\",\"@graph\":[{\"@type\":\"WebPage\",\"@id\":\"https:\/\/boutiqueanimal.co\/producto\/bolso-gatuno\/\",\"url\":\"https:\/\/boutiqueanimal.co\/producto\/bolso-gatuno\/\",\"name\":\"Bolso Gatuno - Boutique Animal\",\"isPartOf\":{\"@id\":\"https:\/\/boutiqueanimal.co\/#website\"},\"primaryImageOfPage\":{\"@id\":\"https:\/\/boutiqueanimal.co\/producto\/bolso-gatuno\/#primaryimage\"},\"image\":{\"@id\":\"https:\/\/boutiqueanimal.co\/producto\/bolso-gatuno\/#primaryimage\"},\"thumbnailUrl\":\"https:\/\/boutiqueanimal.co\/wp-content\/uploads\/2026\/03\/Bolso-Gatuno.avif\",\"datePublished\":\"2026-03-30T21:24:06+00:00\",\"description\":\"Bolso para transportar gatos y perros tipo morral, c\u00f3modo y seguro. Ideal para viajes o paseos con tu mascota de forma pr\u00e1ctica.\",\"breadcrumb\":{\"@id\":\"https:\/\/boutiqueanimal.co\/producto\/bolso-gatuno\/#breadcrumb\"},\"inLanguage\":\"en-US\",\"potentialAction\":[{\"@type\":\"ReadAction\",\"target\":[\"https:\/\/boutiqueanimal.co\/producto\/bolso-gatuno\/\"]}]},{\"@type\":\"ImageObject\",\"inLanguage\":\"en-US\",\"@id\":\"https:\/\/boutiqueanimal.co\/producto\/bolso-gatuno\/#primaryimage\",\"url\":\"https:\/\/boutiqueanimal.co\/wp-content\/uploads\/2026\/03\/Bolso-Gatuno.avif\",\"contentUrl\":\"https:\/\/boutiqueanimal.co\/wp-content\/uploads\/2026\/03\/Bolso-Gatuno.avif\",\"width\":800,\"height\":800},{\"@type\":\"BreadcrumbList\",\"@id\":\"https:\/\/boutiqueanimal.co\/producto\/bolso-gatuno\/#breadcrumb\",\"itemListElement\":[{\"@type\":\"ListItem\",\"position\":1,\"name\":\"Inicio\",\"item\":\"https:\/\/boutiqueanimal.co\/\"},{\"@type\":\"ListItem\",\"position\":2,\"name\":\"Tienda\",\"item\":\"https:\/\/boutiqueanimal.co\/tienda\/\"},{\"@type\":\"ListItem\",\"position\":3,\"name\":\"Bolso Gatuno\"}]},{\"@type\":\"WebSite\",\"@id\":\"https:\/\/boutiqueanimal.co\/#website\",\"url\":\"https:\/\/boutiqueanimal.co\/\",\"name\":\"Boutique Animal\",\"description\":\"Tienda online de productos para mascotas en Colombia. Env\u00edos r\u00e1pidos y gratis en compras superiores a $100.000\",\"publisher\":{\"@id\":\"https:\/\/boutiqueanimal.co\/#organization\"},\"potentialAction\":[{\"@type\":\"SearchAction\",\"target\":{\"@type\":\"EntryPoint\",\"urlTemplate\":\"https:\/\/boutiqueanimal.co\/?s={search_term_string}\"},\"query-input\":{\"@type\":\"PropertyValueSpecification\",\"valueRequired\":true,\"valueName\":\"search_term_string\"}}],\"inLanguage\":\"en-US\"},{\"@type\":\"Organization\",\"@id\":\"https:\/\/boutiqueanimal.co\/#organization\",\"name\":\"Boutique Animal\",\"url\":\"https:\/\/boutiqueanimal.co\/\",\"logo\":{\"@type\":\"ImageObject\",\"inLanguage\":\"en-US\",\"@id\":\"https:\/\/boutiqueanimal.co\/#\/schema\/logo\/image\/\",\"url\":\"https:\/\/boutiqueanimal.co\/wp-content\/uploads\/2025\/11\/perrito-pc-1024x1024-1.png\",\"contentUrl\":\"https:\/\/boutiqueanimal.co\/wp-content\/uploads\/2025\/11\/perrito-pc-1024x1024-1.png\",\"width\":1024,\"height\":1024,\"caption\":\"Boutique Animal\"},\"image\":{\"@id\":\"https:\/\/boutiqueanimal.co\/#\/schema\/logo\/image\/\"},\"sameAs\":[\"https:\/\/www.facebook.com\/BoutiqueAnimalCo\"]}]}<\/script>\n<!-- \/ Yoast SEO plugin. -->","yoast_head_json":{"title":"Bolso Gatuno - Boutique Animal","description":"Bolso para transportar gatos y perros tipo morral, c\u00f3modo y seguro. Ideal para viajes o paseos con tu mascota de forma pr\u00e1ctica.","robots":{"index":"index","follow":"follow","max-snippet":"max-snippet:-1","max-image-preview":"max-image-preview:large","max-video-preview":"max-video-preview:-1"},"canonical":"https:\/\/boutiqueanimal.co\/en\/product\/bolso-gatuno\/","og_locale":"en_US","og_type":"article","og_title":"Bolso Gatuno - Boutique Animal","og_description":"Bolso para transportar gatos y perros tipo morral, c\u00f3modo y seguro. Ideal para viajes o paseos con tu mascota de forma pr\u00e1ctica.","og_url":"https:\/\/boutiqueanimal.co\/en\/product\/bolso-gatuno\/","og_site_name":"Boutique Animal","article_publisher":"https:\/\/www.facebook.com\/BoutiqueAnimalCo","twitter_card":"summary_large_image","twitter_misc":{"Est. reading time":"1 minute"},"schema":{"@context":"https:\/\/schema.org","@graph":[{"@type":"WebPage","@id":"https:\/\/boutiqueanimal.co\/producto\/bolso-gatuno\/","url":"https:\/\/boutiqueanimal.co\/producto\/bolso-gatuno\/","name":"Bolso Gatuno - Boutique Animal","isPartOf":{"@id":"https:\/\/boutiqueanimal.co\/#website"},"primaryImageOfPage":{"@id":"https:\/\/boutiqueanimal.co\/producto\/bolso-gatuno\/#primaryimage"},"image":{"@id":"https:\/\/boutiqueanimal.co\/producto\/bolso-gatuno\/#primaryimage"},"thumbnailUrl":"https:\/\/boutiqueanimal.co\/wp-content\/uploads\/2026\/03\/Bolso-Gatuno.avif","datePublished":"2026-03-30T21:24:06+00:00","description":"Bolso para transportar gatos y perros tipo morral, c\u00f3modo y seguro. Ideal para viajes o paseos con tu mascota de forma pr\u00e1ctica.","breadcrumb":{"@id":"https:\/\/boutiqueanimal.co\/producto\/bolso-gatuno\/#breadcrumb"},"inLanguage":"en-US","potentialAction":[{"@type":"ReadAction","target":["https:\/\/boutiqueanimal.co\/producto\/bolso-gatuno\/"]}]},{"@type":"ImageObject","inLanguage":"en-US","@id":"https:\/\/boutiqueanimal.co\/producto\/bolso-gatuno\/#primaryimage","url":"https:\/\/boutiqueanimal.co\/wp-content\/uploads\/2026\/03\/Bolso-Gatuno.avif","contentUrl":"https:\/\/boutiqueanimal.co\/wp-content\/uploads\/2026\/03\/Bolso-Gatuno.avif","width":800,"height":800},{"@type":"BreadcrumbList","@id":"https:\/\/boutiqueanimal.co\/producto\/bolso-gatuno\/#breadcrumb","itemListElement":[{"@type":"ListItem","position":1,"name":"Inicio","item":"https:\/\/boutiqueanimal.co\/"},{"@type":"ListItem","position":2,"name":"Tienda","item":"https:\/\/boutiqueanimal.co\/tienda\/"},{"@type":"ListItem","position":3,"name":"Bolso Gatuno"}]},{"@type":"WebSite","@id":"https:\/\/boutiqueanimal.co\/#website","url":"https:\/\/boutiqueanimal.co\/","name":"Boutique Animal","description":"Tienda online de productos para mascotas en Colombia. Env\u00edos r\u00e1pidos y gratis en compras superiores a $100.000","publisher":{"@id":"https:\/\/boutiqueanimal.co\/#organization"},"potentialAction":[{"@type":"SearchAction","target":{"@type":"EntryPoint","urlTemplate":"https:\/\/boutiqueanimal.co\/?s={search_term_string}"},"query-input":{"@type":"PropertyValueSpecification","valueRequired":true,"valueName":"search_term_string"}}],"inLanguage":"en-US"},{"@type":"Organization","@id":"https:\/\/boutiqueanimal.co\/#organization","name":"Boutique Animal","url":"https:\/\/boutiqueanimal.co\/","logo":{"@type":"ImageObject","inLanguage":"en-US","@id":"https:\/\/boutiqueanimal.co\/#\/schema\/logo\/image\/","url":"https:\/\/boutiqueanimal.co\/wp-content\/uploads\/2025\/11\/perrito-pc-1024x1024-1.png","contentUrl":"https:\/\/boutiqueanimal.co\/wp-content\/uploads\/2025\/11\/perrito-pc-1024x1024-1.png","width":1024,"height":1024,"caption":"Boutique Animal"},"image":{"@id":"https:\/\/boutiqueanimal.co\/#\/schema\/logo\/image\/"},"sameAs":["https:\/\/www.facebook.com\/BoutiqueAnimalCo"]}]}},"_links":{"self":[{"href":"https:\/\/boutiqueanimal.co\/en\/wp-json\/wp\/v2\/product\/65369","targetHints":{"allow":["GET"]}}],"collection":[{"href":"https:\/\/boutiqueanimal.co\/en\/wp-json\/wp\/v2\/product"}],"about":[{"href":"https:\/\/boutiqueanimal.co\/en\/wp-json\/wp\/v2\/types\/product"}],"wp:featuredmedia":[{"embeddable":true,"href":"https:\/\/boutiqueanimal.co\/en\/wp-json\/wp\/v2\/media\/65376"}],"wp:attachment":[{"href":"https:\/\/boutiqueanimal.co\/en\/wp-json\/wp\/v2\/media?parent=65369"}],"wp:term":[{"taxonomy":"product_brand","embeddable":true,"href":"https:\/\/boutiqueanimal.co\/en\/wp-json\/wp\/v2\/product_brand?post=65369"},{"taxonomy":"product_cat","embeddable":true,"href":"https:\/\/boutiqueanimal.co\/en\/wp-json\/wp\/v2\/product_cat?post=65369"},{"taxonomy":"product_tag","embeddable":true,"href":"https:\/\/boutiqueanimal.co\/en\/wp-json\/wp\/v2\/product_tag?post=65369"}],"curies":[{"name":"wp","href":"https:\/\/api.w.org\/{rel}","templated":true}]}}