{"id":831,"date":"2025-11-01T16:20:52","date_gmt":"2025-11-01T16:20:52","guid":{"rendered":"https:\/\/boutiqueanimal.alojo.app\/wp\/?post_type=product&#038;p=831"},"modified":"2026-03-30T11:24:25","modified_gmt":"2026-03-30T16:24:25","slug":"plato-portable","status":"publish","type":"product","link":"https:\/\/boutiqueanimal.co\/en\/product\/plato-portable\/","title":{"rendered":"Plato portable"},"content":{"rendered":"<p data-start=\"64\" data-end=\"253\"><strong data-start=\"64\" data-end=\"91\">Plato Portable Plegable<\/strong> \ud83e\udd63\ud83d\udc3e<br data-start=\"96\" data-end=\"99\" \/>Plato tama\u00f1o <strong data-start=\"112\" data-end=\"123\">peque\u00f1o<\/strong>, ideal para paseos, viajes o emergencias. Se <strong data-start=\"169\" data-end=\"196\">puede aplastar y plegar<\/strong> para guardar f\u00e1cilmente en bolsos o colgar en la correa.<\/p>\n<p data-start=\"255\" data-end=\"363\">\u2714\ufe0f Material resistente y seguro<br data-start=\"286\" data-end=\"289\" \/>\u2714\ufe0f Perfecto para agua o comida<br data-start=\"319\" data-end=\"322\" \/>\u2714\ufe0f S\u00faper liviano y f\u00e1cil de transportar<\/p>\n<p data-start=\"365\" data-end=\"427\" data-is-last-node=\"\" data-is-only-node=\"\">\u00a1Pr\u00e1ctico, c\u00f3modo y siempre a la mano para tu peludito! \ud83d\udc9b\ud83d\udc36\ud83d\udc31<\/p>","protected":false},"excerpt":{"rendered":"<p data-start=\"64\" data-end=\"253\"><strong data-start=\"64\" data-end=\"91\">Plato Portable Plegable<\/strong> \ud83e\udd63\ud83d\udc3e<br data-start=\"96\" data-end=\"99\" \/>Plato tama\u00f1o <strong data-start=\"112\" data-end=\"123\">peque\u00f1o<\/strong>, ideal para paseos, viajes o emergencias. Se <strong data-start=\"169\" data-end=\"196\">puede aplastar y plegar<\/strong> para guardar f\u00e1cilmente en bolsos o colgar en la correa.<\/p>\n<p data-start=\"255\" data-end=\"363\">\u2714\ufe0f Material resistente y seguro<br data-start=\"286\" data-end=\"289\" \/>\u2714\ufe0f Perfecto para agua o comida<br data-start=\"319\" data-end=\"322\" \/>\u2714\ufe0f S\u00faper liviano y f\u00e1cil de transportar<\/p>\n<p data-start=\"365\" data-end=\"427\" data-is-last-node=\"\" data-is-only-node=\"\">\u00a1Pr\u00e1ctico, c\u00f3modo y siempre a la mano para tu peludito! \ud83d\udc9b\ud83d\udc36\ud83d\udc31<\/p>","protected":false},"featured_media":861,"template":"","meta":{"_joinchat":[]},"product_brand":[],"product_cat":[32,33,16,18,24],"product_tag":[],"class_list":{"0":"post-831","1":"product","2":"type-product","3":"status-publish","4":"has-post-thumbnail","6":"product_cat-alimentacion-gatos","7":"product_cat-alimentacion-perros","8":"product_cat-gatos","9":"product_cat-perros","10":"product_cat-productos-nuevos","11":"product_shipping_class-envio-gratis","14":"first","15":"instock","16":"shipping-taxable","17":"purchasable","18":"product-type-simple"},"yoast_head":"<!-- This site is optimized with the Yoast SEO plugin v27.2 - https:\/\/yoast.com\/product\/yoast-seo-wordpress\/ -->\n<title>Plato portable - Boutique Animal<\/title>\n<meta name=\"description\" content=\"Plato port\u00e1til para mascotas plegable, ideal para viajes y paseos. Ligero, pr\u00e1ctico y f\u00e1cil de llevar para comida o agua en cualquier lugar.\" \/>\n<meta name=\"robots\" content=\"index, follow, max-snippet:-1, max-image-preview:large, max-video-preview:-1\" \/>\n<link rel=\"canonical\" href=\"https:\/\/boutiqueanimal.co\/en\/product\/plato-portable\/\" \/>\n<meta property=\"og:locale\" content=\"en_US\" \/>\n<meta property=\"og:type\" content=\"article\" \/>\n<meta property=\"og:title\" content=\"Plato portable - Boutique Animal\" \/>\n<meta property=\"og:description\" content=\"Plato port\u00e1til para mascotas plegable, ideal para viajes y paseos. Ligero, pr\u00e1ctico y f\u00e1cil de llevar para comida o agua en cualquier lugar.\" \/>\n<meta property=\"og:url\" content=\"https:\/\/boutiqueanimal.co\/en\/product\/plato-portable\/\" \/>\n<meta property=\"og:site_name\" content=\"Boutique Animal\" \/>\n<meta property=\"article:publisher\" content=\"https:\/\/www.facebook.com\/BoutiqueAnimalCo\" \/>\n<meta property=\"article:modified_time\" content=\"2026-03-30T16:24:25+00:00\" \/>\n<meta property=\"og:image\" content=\"https:\/\/boutiqueanimal.co\/wp-content\/uploads\/2025\/11\/Ch-2.jpg\" \/>\n\t<meta property=\"og:image:width\" content=\"800\" \/>\n\t<meta property=\"og:image:height\" content=\"800\" \/>\n\t<meta property=\"og:image:type\" content=\"image\/jpeg\" \/>\n<meta name=\"twitter:card\" content=\"summary_large_image\" \/>\n<meta name=\"twitter:label1\" content=\"Est. reading time\" \/>\n\t<meta name=\"twitter:data1\" content=\"1 minute\" \/>\n<script type=\"application\/ld+json\" class=\"yoast-schema-graph\">{\"@context\":\"https:\/\/schema.org\",\"@graph\":[{\"@type\":\"WebPage\",\"@id\":\"https:\/\/boutiqueanimal.co\/producto\/plato-portable\/\",\"url\":\"https:\/\/boutiqueanimal.co\/producto\/plato-portable\/\",\"name\":\"Plato portable - Boutique Animal\",\"isPartOf\":{\"@id\":\"https:\/\/boutiqueanimal.co\/#website\"},\"primaryImageOfPage\":{\"@id\":\"https:\/\/boutiqueanimal.co\/producto\/plato-portable\/#primaryimage\"},\"image\":{\"@id\":\"https:\/\/boutiqueanimal.co\/producto\/plato-portable\/#primaryimage\"},\"thumbnailUrl\":\"https:\/\/boutiqueanimal.co\/wp-content\/uploads\/2025\/11\/Ch-2.jpg\",\"datePublished\":\"2025-11-01T16:20:52+00:00\",\"dateModified\":\"2026-03-30T16:24:25+00:00\",\"description\":\"Plato port\u00e1til para mascotas plegable, ideal para viajes y paseos. Ligero, pr\u00e1ctico y f\u00e1cil de llevar para comida o agua en cualquier lugar.\",\"breadcrumb\":{\"@id\":\"https:\/\/boutiqueanimal.co\/producto\/plato-portable\/#breadcrumb\"},\"inLanguage\":\"en-US\",\"potentialAction\":[{\"@type\":\"ReadAction\",\"target\":[\"https:\/\/boutiqueanimal.co\/producto\/plato-portable\/\"]}]},{\"@type\":\"ImageObject\",\"inLanguage\":\"en-US\",\"@id\":\"https:\/\/boutiqueanimal.co\/producto\/plato-portable\/#primaryimage\",\"url\":\"https:\/\/boutiqueanimal.co\/wp-content\/uploads\/2025\/11\/Ch-2.jpg\",\"contentUrl\":\"https:\/\/boutiqueanimal.co\/wp-content\/uploads\/2025\/11\/Ch-2.jpg\",\"width\":800,\"height\":800},{\"@type\":\"BreadcrumbList\",\"@id\":\"https:\/\/boutiqueanimal.co\/producto\/plato-portable\/#breadcrumb\",\"itemListElement\":[{\"@type\":\"ListItem\",\"position\":1,\"name\":\"Inicio\",\"item\":\"https:\/\/boutiqueanimal.co\/\"},{\"@type\":\"ListItem\",\"position\":2,\"name\":\"Tienda\",\"item\":\"https:\/\/boutiqueanimal.co\/tienda\/\"},{\"@type\":\"ListItem\",\"position\":3,\"name\":\"Plato portable\"}]},{\"@type\":\"WebSite\",\"@id\":\"https:\/\/boutiqueanimal.co\/#website\",\"url\":\"https:\/\/boutiqueanimal.co\/\",\"name\":\"Boutique Animal\",\"description\":\"Tienda online de productos para mascotas en Colombia. Env\u00edos r\u00e1pidos y gratis en compras superiores a $100.000\",\"publisher\":{\"@id\":\"https:\/\/boutiqueanimal.co\/#organization\"},\"potentialAction\":[{\"@type\":\"SearchAction\",\"target\":{\"@type\":\"EntryPoint\",\"urlTemplate\":\"https:\/\/boutiqueanimal.co\/?s={search_term_string}\"},\"query-input\":{\"@type\":\"PropertyValueSpecification\",\"valueRequired\":true,\"valueName\":\"search_term_string\"}}],\"inLanguage\":\"en-US\"},{\"@type\":\"Organization\",\"@id\":\"https:\/\/boutiqueanimal.co\/#organization\",\"name\":\"Boutique Animal\",\"url\":\"https:\/\/boutiqueanimal.co\/\",\"logo\":{\"@type\":\"ImageObject\",\"inLanguage\":\"en-US\",\"@id\":\"https:\/\/boutiqueanimal.co\/#\/schema\/logo\/image\/\",\"url\":\"https:\/\/boutiqueanimal.co\/wp-content\/uploads\/2025\/11\/perrito-pc-1024x1024-1.png\",\"contentUrl\":\"https:\/\/boutiqueanimal.co\/wp-content\/uploads\/2025\/11\/perrito-pc-1024x1024-1.png\",\"width\":1024,\"height\":1024,\"caption\":\"Boutique Animal\"},\"image\":{\"@id\":\"https:\/\/boutiqueanimal.co\/#\/schema\/logo\/image\/\"},\"sameAs\":[\"https:\/\/www.facebook.com\/BoutiqueAnimalCo\"]}]}<\/script>\n<!-- \/ Yoast SEO plugin. -->","yoast_head_json":{"title":"Plato portable - Boutique Animal","description":"Plato port\u00e1til para mascotas plegable, ideal para viajes y paseos. Ligero, pr\u00e1ctico y f\u00e1cil de llevar para comida o agua en cualquier lugar.","robots":{"index":"index","follow":"follow","max-snippet":"max-snippet:-1","max-image-preview":"max-image-preview:large","max-video-preview":"max-video-preview:-1"},"canonical":"https:\/\/boutiqueanimal.co\/en\/product\/plato-portable\/","og_locale":"en_US","og_type":"article","og_title":"Plato portable - Boutique Animal","og_description":"Plato port\u00e1til para mascotas plegable, ideal para viajes y paseos. Ligero, pr\u00e1ctico y f\u00e1cil de llevar para comida o agua en cualquier lugar.","og_url":"https:\/\/boutiqueanimal.co\/en\/product\/plato-portable\/","og_site_name":"Boutique Animal","article_publisher":"https:\/\/www.facebook.com\/BoutiqueAnimalCo","article_modified_time":"2026-03-30T16:24:25+00:00","og_image":[{"width":800,"height":800,"url":"https:\/\/boutiqueanimal.co\/wp-content\/uploads\/2025\/11\/Ch-2.jpg","type":"image\/jpeg"}],"twitter_card":"summary_large_image","twitter_misc":{"Est. reading time":"1 minute"},"schema":{"@context":"https:\/\/schema.org","@graph":[{"@type":"WebPage","@id":"https:\/\/boutiqueanimal.co\/producto\/plato-portable\/","url":"https:\/\/boutiqueanimal.co\/producto\/plato-portable\/","name":"Plato portable - Boutique Animal","isPartOf":{"@id":"https:\/\/boutiqueanimal.co\/#website"},"primaryImageOfPage":{"@id":"https:\/\/boutiqueanimal.co\/producto\/plato-portable\/#primaryimage"},"image":{"@id":"https:\/\/boutiqueanimal.co\/producto\/plato-portable\/#primaryimage"},"thumbnailUrl":"https:\/\/boutiqueanimal.co\/wp-content\/uploads\/2025\/11\/Ch-2.jpg","datePublished":"2025-11-01T16:20:52+00:00","dateModified":"2026-03-30T16:24:25+00:00","description":"Plato port\u00e1til para mascotas plegable, ideal para viajes y paseos. Ligero, pr\u00e1ctico y f\u00e1cil de llevar para comida o agua en cualquier lugar.","breadcrumb":{"@id":"https:\/\/boutiqueanimal.co\/producto\/plato-portable\/#breadcrumb"},"inLanguage":"en-US","potentialAction":[{"@type":"ReadAction","target":["https:\/\/boutiqueanimal.co\/producto\/plato-portable\/"]}]},{"@type":"ImageObject","inLanguage":"en-US","@id":"https:\/\/boutiqueanimal.co\/producto\/plato-portable\/#primaryimage","url":"https:\/\/boutiqueanimal.co\/wp-content\/uploads\/2025\/11\/Ch-2.jpg","contentUrl":"https:\/\/boutiqueanimal.co\/wp-content\/uploads\/2025\/11\/Ch-2.jpg","width":800,"height":800},{"@type":"BreadcrumbList","@id":"https:\/\/boutiqueanimal.co\/producto\/plato-portable\/#breadcrumb","itemListElement":[{"@type":"ListItem","position":1,"name":"Inicio","item":"https:\/\/boutiqueanimal.co\/"},{"@type":"ListItem","position":2,"name":"Tienda","item":"https:\/\/boutiqueanimal.co\/tienda\/"},{"@type":"ListItem","position":3,"name":"Plato portable"}]},{"@type":"WebSite","@id":"https:\/\/boutiqueanimal.co\/#website","url":"https:\/\/boutiqueanimal.co\/","name":"Boutique Animal","description":"Tienda online de productos para mascotas en Colombia. Env\u00edos r\u00e1pidos y gratis en compras superiores a $100.000","publisher":{"@id":"https:\/\/boutiqueanimal.co\/#organization"},"potentialAction":[{"@type":"SearchAction","target":{"@type":"EntryPoint","urlTemplate":"https:\/\/boutiqueanimal.co\/?s={search_term_string}"},"query-input":{"@type":"PropertyValueSpecification","valueRequired":true,"valueName":"search_term_string"}}],"inLanguage":"en-US"},{"@type":"Organization","@id":"https:\/\/boutiqueanimal.co\/#organization","name":"Boutique Animal","url":"https:\/\/boutiqueanimal.co\/","logo":{"@type":"ImageObject","inLanguage":"en-US","@id":"https:\/\/boutiqueanimal.co\/#\/schema\/logo\/image\/","url":"https:\/\/boutiqueanimal.co\/wp-content\/uploads\/2025\/11\/perrito-pc-1024x1024-1.png","contentUrl":"https:\/\/boutiqueanimal.co\/wp-content\/uploads\/2025\/11\/perrito-pc-1024x1024-1.png","width":1024,"height":1024,"caption":"Boutique Animal"},"image":{"@id":"https:\/\/boutiqueanimal.co\/#\/schema\/logo\/image\/"},"sameAs":["https:\/\/www.facebook.com\/BoutiqueAnimalCo"]}]}},"_links":{"self":[{"href":"https:\/\/boutiqueanimal.co\/en\/wp-json\/wp\/v2\/product\/831","targetHints":{"allow":["GET"]}}],"collection":[{"href":"https:\/\/boutiqueanimal.co\/en\/wp-json\/wp\/v2\/product"}],"about":[{"href":"https:\/\/boutiqueanimal.co\/en\/wp-json\/wp\/v2\/types\/product"}],"wp:featuredmedia":[{"embeddable":true,"href":"https:\/\/boutiqueanimal.co\/en\/wp-json\/wp\/v2\/media\/861"}],"wp:attachment":[{"href":"https:\/\/boutiqueanimal.co\/en\/wp-json\/wp\/v2\/media?parent=831"}],"wp:term":[{"taxonomy":"product_brand","embeddable":true,"href":"https:\/\/boutiqueanimal.co\/en\/wp-json\/wp\/v2\/product_brand?post=831"},{"taxonomy":"product_cat","embeddable":true,"href":"https:\/\/boutiqueanimal.co\/en\/wp-json\/wp\/v2\/product_cat?post=831"},{"taxonomy":"product_tag","embeddable":true,"href":"https:\/\/boutiqueanimal.co\/en\/wp-json\/wp\/v2\/product_tag?post=831"}],"curies":[{"name":"wp","href":"https:\/\/api.w.org\/{rel}","templated":true}]}}