{"id":833,"date":"2025-11-01T16:20:52","date_gmt":"2025-11-01T16:20:52","guid":{"rendered":"https:\/\/boutiqueanimal.alojo.app\/wp\/?post_type=product&#038;p=833"},"modified":"2026-03-30T17:28:44","modified_gmt":"2026-03-30T22:28:44","slug":"arenero-diamante-3","status":"publish","type":"product","link":"https:\/\/boutiqueanimal.co\/en\/product\/arenero-diamante-3\/","title":{"rendered":"Arenero Diamante"},"content":{"rendered":"<h3 data-start=\"124\" data-end=\"168\">\ud83d\udc31 Arenero Diamante Cerrado para Gatos<\/h3>\n<p data-start=\"169\" data-end=\"419\">El <strong data-start=\"172\" data-end=\"203\">arenero Diamante para gatos<\/strong> es compacto, cerrado y con puerta vaiv\u00e9n, ideal para espacios peque\u00f1os. Mide 32\u202fcm de ancho, 42\u202fcm de profundidad y 27\u202fcm de alto.<br data-start=\"334\" data-end=\"337\" \/>\u2705 Controla olores y mantiene la privacidad de tu gato.<br data-start=\"391\" data-end=\"394\" \/>\ud83d\ude9a Env\u00edo a todo Colombia.<\/p>\n<hr data-start=\"421\" data-end=\"424\" \/>\n<ul data-start=\"462\" data-end=\"571\">\n<li data-start=\"462\" data-end=\"492\">\n<p data-start=\"464\" data-end=\"492\">arenero cerrado para gatos<\/p>\n<\/li>\n<li data-start=\"493\" data-end=\"523\">\n<p data-start=\"495\" data-end=\"523\">arenero peque\u00f1o con puerta<\/p>\n<\/li>\n<li data-start=\"524\" data-end=\"571\">\n<p data-start=\"526\" data-end=\"571\">tienda de accesorios para gatos en Colombia<\/p>\n<\/li>\n<\/ul>","protected":false},"excerpt":{"rendered":"<h3 data-start=\"124\" data-end=\"168\">\ud83d\udc31 Arenero Diamante Cerrado para Gatos<\/h3>\n<p data-start=\"169\" data-end=\"419\">El <strong data-start=\"172\" data-end=\"203\">arenero Diamante para gatos<\/strong> es compacto, cerrado y con puerta vaiv\u00e9n, ideal para espacios peque\u00f1os. Mide 32\u202fcm de ancho, 42\u202fcm de profundidad y 27\u202fcm de alto.<br data-start=\"334\" data-end=\"337\" \/>\u2705 Controla olores y mantiene la privacidad de tu gato.<br data-start=\"391\" data-end=\"394\" \/>\ud83d\ude9a Env\u00edo a todo Colombia.<\/p>\n<hr data-start=\"421\" data-end=\"424\" \/>\n<ul data-start=\"462\" data-end=\"571\">\n<li data-start=\"462\" data-end=\"492\">\n<p data-start=\"464\" data-end=\"492\">arenero cerrado para gatos<\/p>\n<\/li>\n<li data-start=\"493\" data-end=\"523\">\n<p data-start=\"495\" data-end=\"523\">arenero peque\u00f1o con puerta<\/p>\n<\/li>\n<li data-start=\"524\" data-end=\"571\">\n<p data-start=\"526\" data-end=\"571\">tienda de accesorios para gatos en Colombia<\/p>\n<\/li>\n<\/ul>","protected":false},"featured_media":65394,"template":"","meta":{"_joinchat":[]},"product_brand":[],"product_cat":[16,17,24],"product_tag":[],"class_list":{"0":"post-833","1":"product","2":"type-product","3":"status-publish","4":"has-post-thumbnail","6":"product_cat-gatos","7":"product_cat-higiene","8":"product_cat-productos-nuevos","9":"product_shipping_class-envio-gratis","12":"first","13":"instock","14":"shipping-taxable","15":"purchasable","16":"product-type-variable"},"yoast_head":"<!-- This site is optimized with the Yoast SEO plugin v27.2 - https:\/\/yoast.com\/product\/yoast-seo-wordpress\/ -->\n<title>Arenero Diamante - Boutique Animal<\/title>\n<meta name=\"description\" content=\"Arenero cerrado grande para gatos, c\u00f3modo e higi\u00e9nico. Reduce olores y evita que la arena se disperse. Ideal para gatos de todos los tama\u00f1os.\" \/>\n<meta name=\"robots\" content=\"index, follow, max-snippet:-1, max-image-preview:large, max-video-preview:-1\" \/>\n<link rel=\"canonical\" href=\"https:\/\/boutiqueanimal.co\/en\/product\/arenero-diamante-3\/\" \/>\n<meta property=\"og:locale\" content=\"en_US\" \/>\n<meta property=\"og:type\" content=\"article\" \/>\n<meta property=\"og:title\" content=\"Arenero Diamante - Boutique Animal\" \/>\n<meta property=\"og:description\" content=\"Arenero cerrado grande para gatos, c\u00f3modo e higi\u00e9nico. Reduce olores y evita que la arena se disperse. Ideal para gatos de todos los tama\u00f1os.\" \/>\n<meta property=\"og:url\" content=\"https:\/\/boutiqueanimal.co\/en\/product\/arenero-diamante-3\/\" \/>\n<meta property=\"og:site_name\" content=\"Boutique Animal\" \/>\n<meta property=\"article:publisher\" content=\"https:\/\/www.facebook.com\/BoutiqueAnimalCo\" \/>\n<meta property=\"article:modified_time\" content=\"2026-03-30T22:28:44+00:00\" \/>\n<meta property=\"og:image\" content=\"https:\/\/boutiqueanimal.co\/wp-content\/uploads\/2025\/11\/Arenero.jpeg\" \/>\n\t<meta property=\"og:image:width\" content=\"800\" \/>\n\t<meta property=\"og:image:height\" content=\"645\" \/>\n\t<meta property=\"og:image:type\" content=\"image\/jpeg\" \/>\n<meta name=\"twitter:card\" content=\"summary_large_image\" \/>\n<meta name=\"twitter:label1\" content=\"Est. reading time\" \/>\n\t<meta name=\"twitter:data1\" content=\"1 minute\" \/>\n<script type=\"application\/ld+json\" class=\"yoast-schema-graph\">{\"@context\":\"https:\/\/schema.org\",\"@graph\":[{\"@type\":\"WebPage\",\"@id\":\"https:\/\/boutiqueanimal.co\/producto\/arenero-diamante-3\/\",\"url\":\"https:\/\/boutiqueanimal.co\/producto\/arenero-diamante-3\/\",\"name\":\"Arenero Diamante - Boutique Animal\",\"isPartOf\":{\"@id\":\"https:\/\/boutiqueanimal.co\/#website\"},\"primaryImageOfPage\":{\"@id\":\"https:\/\/boutiqueanimal.co\/producto\/arenero-diamante-3\/#primaryimage\"},\"image\":{\"@id\":\"https:\/\/boutiqueanimal.co\/producto\/arenero-diamante-3\/#primaryimage\"},\"thumbnailUrl\":\"https:\/\/boutiqueanimal.co\/wp-content\/uploads\/2025\/11\/Arenero.jpeg\",\"datePublished\":\"2025-11-01T16:20:52+00:00\",\"dateModified\":\"2026-03-30T22:28:44+00:00\",\"description\":\"Arenero cerrado grande para gatos, c\u00f3modo e higi\u00e9nico. Reduce olores y evita que la arena se disperse. Ideal para gatos de todos los tama\u00f1os.\",\"breadcrumb\":{\"@id\":\"https:\/\/boutiqueanimal.co\/producto\/arenero-diamante-3\/#breadcrumb\"},\"inLanguage\":\"en-US\",\"potentialAction\":[{\"@type\":\"ReadAction\",\"target\":[\"https:\/\/boutiqueanimal.co\/producto\/arenero-diamante-3\/\"]}]},{\"@type\":\"ImageObject\",\"inLanguage\":\"en-US\",\"@id\":\"https:\/\/boutiqueanimal.co\/producto\/arenero-diamante-3\/#primaryimage\",\"url\":\"https:\/\/boutiqueanimal.co\/wp-content\/uploads\/2025\/11\/Arenero.jpeg\",\"contentUrl\":\"https:\/\/boutiqueanimal.co\/wp-content\/uploads\/2025\/11\/Arenero.jpeg\",\"width\":800,\"height\":645},{\"@type\":\"BreadcrumbList\",\"@id\":\"https:\/\/boutiqueanimal.co\/producto\/arenero-diamante-3\/#breadcrumb\",\"itemListElement\":[{\"@type\":\"ListItem\",\"position\":1,\"name\":\"Inicio\",\"item\":\"https:\/\/boutiqueanimal.co\/\"},{\"@type\":\"ListItem\",\"position\":2,\"name\":\"Tienda\",\"item\":\"https:\/\/boutiqueanimal.co\/tienda\/\"},{\"@type\":\"ListItem\",\"position\":3,\"name\":\"Arenero Diamante\"}]},{\"@type\":\"WebSite\",\"@id\":\"https:\/\/boutiqueanimal.co\/#website\",\"url\":\"https:\/\/boutiqueanimal.co\/\",\"name\":\"Boutique Animal\",\"description\":\"Tienda online de productos para mascotas en Colombia. Env\u00edos r\u00e1pidos y gratis en compras superiores a $100.000\",\"publisher\":{\"@id\":\"https:\/\/boutiqueanimal.co\/#organization\"},\"potentialAction\":[{\"@type\":\"SearchAction\",\"target\":{\"@type\":\"EntryPoint\",\"urlTemplate\":\"https:\/\/boutiqueanimal.co\/?s={search_term_string}\"},\"query-input\":{\"@type\":\"PropertyValueSpecification\",\"valueRequired\":true,\"valueName\":\"search_term_string\"}}],\"inLanguage\":\"en-US\"},{\"@type\":\"Organization\",\"@id\":\"https:\/\/boutiqueanimal.co\/#organization\",\"name\":\"Boutique Animal\",\"url\":\"https:\/\/boutiqueanimal.co\/\",\"logo\":{\"@type\":\"ImageObject\",\"inLanguage\":\"en-US\",\"@id\":\"https:\/\/boutiqueanimal.co\/#\/schema\/logo\/image\/\",\"url\":\"https:\/\/boutiqueanimal.co\/wp-content\/uploads\/2025\/11\/perrito-pc-1024x1024-1.png\",\"contentUrl\":\"https:\/\/boutiqueanimal.co\/wp-content\/uploads\/2025\/11\/perrito-pc-1024x1024-1.png\",\"width\":1024,\"height\":1024,\"caption\":\"Boutique Animal\"},\"image\":{\"@id\":\"https:\/\/boutiqueanimal.co\/#\/schema\/logo\/image\/\"},\"sameAs\":[\"https:\/\/www.facebook.com\/BoutiqueAnimalCo\"]}]}<\/script>\n<!-- \/ Yoast SEO plugin. -->","yoast_head_json":{"title":"Arenero Diamante - Boutique Animal","description":"Arenero cerrado grande para gatos, c\u00f3modo e higi\u00e9nico. Reduce olores y evita que la arena se disperse. Ideal para gatos de todos los tama\u00f1os.","robots":{"index":"index","follow":"follow","max-snippet":"max-snippet:-1","max-image-preview":"max-image-preview:large","max-video-preview":"max-video-preview:-1"},"canonical":"https:\/\/boutiqueanimal.co\/en\/product\/arenero-diamante-3\/","og_locale":"en_US","og_type":"article","og_title":"Arenero Diamante - Boutique Animal","og_description":"Arenero cerrado grande para gatos, c\u00f3modo e higi\u00e9nico. Reduce olores y evita que la arena se disperse. Ideal para gatos de todos los tama\u00f1os.","og_url":"https:\/\/boutiqueanimal.co\/en\/product\/arenero-diamante-3\/","og_site_name":"Boutique Animal","article_publisher":"https:\/\/www.facebook.com\/BoutiqueAnimalCo","article_modified_time":"2026-03-30T22:28:44+00:00","og_image":[{"width":800,"height":645,"url":"https:\/\/boutiqueanimal.co\/wp-content\/uploads\/2025\/11\/Arenero.jpeg","type":"image\/jpeg"}],"twitter_card":"summary_large_image","twitter_misc":{"Est. reading time":"1 minute"},"schema":{"@context":"https:\/\/schema.org","@graph":[{"@type":"WebPage","@id":"https:\/\/boutiqueanimal.co\/producto\/arenero-diamante-3\/","url":"https:\/\/boutiqueanimal.co\/producto\/arenero-diamante-3\/","name":"Arenero Diamante - Boutique Animal","isPartOf":{"@id":"https:\/\/boutiqueanimal.co\/#website"},"primaryImageOfPage":{"@id":"https:\/\/boutiqueanimal.co\/producto\/arenero-diamante-3\/#primaryimage"},"image":{"@id":"https:\/\/boutiqueanimal.co\/producto\/arenero-diamante-3\/#primaryimage"},"thumbnailUrl":"https:\/\/boutiqueanimal.co\/wp-content\/uploads\/2025\/11\/Arenero.jpeg","datePublished":"2025-11-01T16:20:52+00:00","dateModified":"2026-03-30T22:28:44+00:00","description":"Arenero cerrado grande para gatos, c\u00f3modo e higi\u00e9nico. Reduce olores y evita que la arena se disperse. Ideal para gatos de todos los tama\u00f1os.","breadcrumb":{"@id":"https:\/\/boutiqueanimal.co\/producto\/arenero-diamante-3\/#breadcrumb"},"inLanguage":"en-US","potentialAction":[{"@type":"ReadAction","target":["https:\/\/boutiqueanimal.co\/producto\/arenero-diamante-3\/"]}]},{"@type":"ImageObject","inLanguage":"en-US","@id":"https:\/\/boutiqueanimal.co\/producto\/arenero-diamante-3\/#primaryimage","url":"https:\/\/boutiqueanimal.co\/wp-content\/uploads\/2025\/11\/Arenero.jpeg","contentUrl":"https:\/\/boutiqueanimal.co\/wp-content\/uploads\/2025\/11\/Arenero.jpeg","width":800,"height":645},{"@type":"BreadcrumbList","@id":"https:\/\/boutiqueanimal.co\/producto\/arenero-diamante-3\/#breadcrumb","itemListElement":[{"@type":"ListItem","position":1,"name":"Inicio","item":"https:\/\/boutiqueanimal.co\/"},{"@type":"ListItem","position":2,"name":"Tienda","item":"https:\/\/boutiqueanimal.co\/tienda\/"},{"@type":"ListItem","position":3,"name":"Arenero Diamante"}]},{"@type":"WebSite","@id":"https:\/\/boutiqueanimal.co\/#website","url":"https:\/\/boutiqueanimal.co\/","name":"Boutique Animal","description":"Tienda online de productos para mascotas en Colombia. Env\u00edos r\u00e1pidos y gratis en compras superiores a $100.000","publisher":{"@id":"https:\/\/boutiqueanimal.co\/#organization"},"potentialAction":[{"@type":"SearchAction","target":{"@type":"EntryPoint","urlTemplate":"https:\/\/boutiqueanimal.co\/?s={search_term_string}"},"query-input":{"@type":"PropertyValueSpecification","valueRequired":true,"valueName":"search_term_string"}}],"inLanguage":"en-US"},{"@type":"Organization","@id":"https:\/\/boutiqueanimal.co\/#organization","name":"Boutique Animal","url":"https:\/\/boutiqueanimal.co\/","logo":{"@type":"ImageObject","inLanguage":"en-US","@id":"https:\/\/boutiqueanimal.co\/#\/schema\/logo\/image\/","url":"https:\/\/boutiqueanimal.co\/wp-content\/uploads\/2025\/11\/perrito-pc-1024x1024-1.png","contentUrl":"https:\/\/boutiqueanimal.co\/wp-content\/uploads\/2025\/11\/perrito-pc-1024x1024-1.png","width":1024,"height":1024,"caption":"Boutique Animal"},"image":{"@id":"https:\/\/boutiqueanimal.co\/#\/schema\/logo\/image\/"},"sameAs":["https:\/\/www.facebook.com\/BoutiqueAnimalCo"]}]}},"_links":{"self":[{"href":"https:\/\/boutiqueanimal.co\/en\/wp-json\/wp\/v2\/product\/833","targetHints":{"allow":["GET"]}}],"collection":[{"href":"https:\/\/boutiqueanimal.co\/en\/wp-json\/wp\/v2\/product"}],"about":[{"href":"https:\/\/boutiqueanimal.co\/en\/wp-json\/wp\/v2\/types\/product"}],"wp:featuredmedia":[{"embeddable":true,"href":"https:\/\/boutiqueanimal.co\/en\/wp-json\/wp\/v2\/media\/65394"}],"wp:attachment":[{"href":"https:\/\/boutiqueanimal.co\/en\/wp-json\/wp\/v2\/media?parent=833"}],"wp:term":[{"taxonomy":"product_brand","embeddable":true,"href":"https:\/\/boutiqueanimal.co\/en\/wp-json\/wp\/v2\/product_brand?post=833"},{"taxonomy":"product_cat","embeddable":true,"href":"https:\/\/boutiqueanimal.co\/en\/wp-json\/wp\/v2\/product_cat?post=833"},{"taxonomy":"product_tag","embeddable":true,"href":"https:\/\/boutiqueanimal.co\/en\/wp-json\/wp\/v2\/product_tag?post=833"}],"curies":[{"name":"wp","href":"https:\/\/api.w.org\/{rel}","templated":true}]}}