{"id":836,"date":"2025-11-01T16:20:53","date_gmt":"2025-11-01T16:20:53","guid":{"rendered":"https:\/\/boutiqueanimal.alojo.app\/wp\/?post_type=product&#038;p=836"},"modified":"2026-02-26T14:23:25","modified_gmt":"2026-02-26T19:23:25","slug":"varita-interactiva-madera","status":"publish","type":"product","link":"https:\/\/boutiqueanimal.co\/en\/product\/varita-interactiva-madera\/","title":{"rendered":"Varita Interactiva en Madera"},"content":{"rendered":"<h3 data-start=\"78\" data-end=\"119\"><strong data-start=\"82\" data-end=\"119\">Varita Interactiva en Madera \ud83d\udc3e\ud83c\udfa3<\/strong><\/h3>\n<p data-start=\"120\" data-end=\"242\">La cl\u00e1sica ca\u00f1a de pescar para gatos, fabricada en <strong data-start=\"171\" data-end=\"192\">madera resistente<\/strong> \ud83c\udf3f ideal para un juego m\u00e1s natural y ecoamigable.<\/p>\n<p data-start=\"244\" data-end=\"456\"><strong data-start=\"244\" data-end=\"254\">\u2728 Uso:<\/strong><br data-start=\"254\" data-end=\"257\" \/>Estimula el instinto cazador de tu gato, promueve el ejercicio y fortalece el v\u00ednculo entre t\u00fa y tu peludo. Solo mu\u00e9vela de un lado a otro para que tu michi salte, corra y se divierta sin parar \ud83d\ude3a\ud83d\udca8.<\/p>\n<p data-start=\"458\" data-end=\"475\"><strong data-start=\"458\" data-end=\"473\">\ud83d\udccf Medidas:<\/strong><\/p>\n<ul data-start=\"476\" data-end=\"573\">\n<li data-start=\"476\" data-end=\"513\">\n<p data-start=\"478\" data-end=\"513\">Largo total aproximado: <strong data-start=\"502\" data-end=\"511\">40 cm<\/strong><\/p>\n<\/li>\n<li data-start=\"514\" data-end=\"573\">\n<p data-start=\"516\" data-end=\"573\">Varita en madera + cuerda resistente + accesorio colgante<\/p>\n<\/li>\n<\/ul>\n<p data-start=\"575\" data-end=\"630\">\u00a1Perfecta para todas las edades y tama\u00f1os de gato! \ud83e\udde1\ud83d\udc31<\/p>","protected":false},"excerpt":{"rendered":"<p>Varita Interactiva en Madera \ud83d\udc3e\ud83c\udfa3 La cl\u00e1sica ca\u00f1a de pescar para gatos, fabricada en madera resistente \ud83c\udf3f ideal para un juego m\u00e1s natural y ecoamigable. \u2728 Uso:Estimula el instinto cazador de tu gato, promueve el ejercicio y fortalece el v\u00ednculo entre t\u00fa y tu peludo. Solo mu\u00e9vela de un lado a otro para que tu michi salte, corra y se divierta sin parar \ud83d\ude3a\ud83d\udca8. \ud83d\udccf Medidas: Largo total aproximado: 40 cm Varita en madera + cuerda resistente + accesorio colgante \u00a1Perfecta para todas las edades y tama\u00f1os de gato! \ud83e\udde1\ud83d\udc31<\/p>","protected":false},"featured_media":890,"template":"","meta":{"_joinchat":[]},"product_brand":[],"product_cat":[16,25],"product_tag":[],"class_list":{"0":"post-836","1":"product","2":"type-product","3":"status-publish","4":"has-post-thumbnail","6":"product_cat-gatos","7":"product_cat-juguetes","8":"product_shipping_class-envio-gratis","11":"first","12":"instock","13":"shipping-taxable","14":"purchasable","15":"product-type-simple"},"yoast_head":"<!-- This site is optimized with the Yoast SEO plugin v27.2 - https:\/\/yoast.com\/product\/yoast-seo-wordpress\/ -->\n<title>Varita Interactiva en Madera - Boutique Animal<\/title>\n<meta name=\"robots\" content=\"index, follow, max-snippet:-1, max-image-preview:large, max-video-preview:-1\" \/>\n<link rel=\"canonical\" href=\"https:\/\/boutiqueanimal.co\/en\/product\/varita-interactiva-madera\/\" \/>\n<meta property=\"og:locale\" content=\"en_US\" \/>\n<meta property=\"og:type\" content=\"article\" \/>\n<meta property=\"og:title\" content=\"Varita Interactiva en Madera - Boutique Animal\" \/>\n<meta property=\"og:description\" content=\"Varita Interactiva en Madera \ud83d\udc3e\ud83c\udfa3 La cl\u00e1sica ca\u00f1a de pescar para gatos, fabricada en madera resistente \ud83c\udf3f ideal para un juego m\u00e1s natural y ecoamigable. \u2728 Uso:Estimula el instinto cazador de tu gato, promueve el ejercicio y fortalece el v\u00ednculo entre t\u00fa y tu peludo. Solo mu\u00e9vela de un lado a otro para que tu michi salte, corra y se divierta sin parar \ud83d\ude3a\ud83d\udca8. \ud83d\udccf Medidas: Largo total aproximado: 40 cm Varita en madera + cuerda resistente + accesorio colgante \u00a1Perfecta para todas las edades y tama\u00f1os de gato! \ud83e\udde1\ud83d\udc31\" \/>\n<meta property=\"og:url\" content=\"https:\/\/boutiqueanimal.co\/en\/product\/varita-interactiva-madera\/\" \/>\n<meta property=\"og:site_name\" content=\"Boutique Animal\" \/>\n<meta property=\"article:publisher\" content=\"https:\/\/www.facebook.com\/BoutiqueAnimalCo\" \/>\n<meta property=\"article:modified_time\" content=\"2026-02-26T19:23:25+00:00\" \/>\n<meta property=\"og:image\" content=\"https:\/\/boutiqueanimal.co\/wp-content\/uploads\/2025\/11\/WhatsApp-Image-2023-01-24-at-6.31.38-PM.jpeg\" \/>\n\t<meta property=\"og:image:width\" content=\"640\" \/>\n\t<meta property=\"og:image:height\" content=\"640\" \/>\n\t<meta property=\"og:image:type\" content=\"image\/jpeg\" \/>\n<meta name=\"twitter:card\" content=\"summary_large_image\" \/>\n<script type=\"application\/ld+json\" class=\"yoast-schema-graph\">{\"@context\":\"https:\/\/schema.org\",\"@graph\":[{\"@type\":\"WebPage\",\"@id\":\"https:\/\/boutiqueanimal.co\/producto\/varita-interactiva-madera\/\",\"url\":\"https:\/\/boutiqueanimal.co\/producto\/varita-interactiva-madera\/\",\"name\":\"Varita Interactiva en Madera - Boutique Animal\",\"isPartOf\":{\"@id\":\"https:\/\/boutiqueanimal.co\/#website\"},\"primaryImageOfPage\":{\"@id\":\"https:\/\/boutiqueanimal.co\/producto\/varita-interactiva-madera\/#primaryimage\"},\"image\":{\"@id\":\"https:\/\/boutiqueanimal.co\/producto\/varita-interactiva-madera\/#primaryimage\"},\"thumbnailUrl\":\"https:\/\/boutiqueanimal.co\/wp-content\/uploads\/2025\/11\/WhatsApp-Image-2023-01-24-at-6.31.38-PM.jpeg\",\"datePublished\":\"2025-11-01T16:20:53+00:00\",\"dateModified\":\"2026-02-26T19:23:25+00:00\",\"breadcrumb\":{\"@id\":\"https:\/\/boutiqueanimal.co\/producto\/varita-interactiva-madera\/#breadcrumb\"},\"inLanguage\":\"en-US\",\"potentialAction\":[{\"@type\":\"ReadAction\",\"target\":[\"https:\/\/boutiqueanimal.co\/producto\/varita-interactiva-madera\/\"]}]},{\"@type\":\"ImageObject\",\"inLanguage\":\"en-US\",\"@id\":\"https:\/\/boutiqueanimal.co\/producto\/varita-interactiva-madera\/#primaryimage\",\"url\":\"https:\/\/boutiqueanimal.co\/wp-content\/uploads\/2025\/11\/WhatsApp-Image-2023-01-24-at-6.31.38-PM.jpeg\",\"contentUrl\":\"https:\/\/boutiqueanimal.co\/wp-content\/uploads\/2025\/11\/WhatsApp-Image-2023-01-24-at-6.31.38-PM.jpeg\",\"width\":640,\"height\":640},{\"@type\":\"BreadcrumbList\",\"@id\":\"https:\/\/boutiqueanimal.co\/producto\/varita-interactiva-madera\/#breadcrumb\",\"itemListElement\":[{\"@type\":\"ListItem\",\"position\":1,\"name\":\"Inicio\",\"item\":\"https:\/\/boutiqueanimal.co\/\"},{\"@type\":\"ListItem\",\"position\":2,\"name\":\"Tienda\",\"item\":\"https:\/\/boutiqueanimal.co\/tienda\/\"},{\"@type\":\"ListItem\",\"position\":3,\"name\":\"Varita Interactiva en Madera\"}]},{\"@type\":\"WebSite\",\"@id\":\"https:\/\/boutiqueanimal.co\/#website\",\"url\":\"https:\/\/boutiqueanimal.co\/\",\"name\":\"Boutique Animal\",\"description\":\"Tienda online de productos para mascotas en Colombia. Env\u00edos r\u00e1pidos y gratis en compras superiores a $100.000\",\"publisher\":{\"@id\":\"https:\/\/boutiqueanimal.co\/#organization\"},\"potentialAction\":[{\"@type\":\"SearchAction\",\"target\":{\"@type\":\"EntryPoint\",\"urlTemplate\":\"https:\/\/boutiqueanimal.co\/?s={search_term_string}\"},\"query-input\":{\"@type\":\"PropertyValueSpecification\",\"valueRequired\":true,\"valueName\":\"search_term_string\"}}],\"inLanguage\":\"en-US\"},{\"@type\":\"Organization\",\"@id\":\"https:\/\/boutiqueanimal.co\/#organization\",\"name\":\"Boutique Animal\",\"url\":\"https:\/\/boutiqueanimal.co\/\",\"logo\":{\"@type\":\"ImageObject\",\"inLanguage\":\"en-US\",\"@id\":\"https:\/\/boutiqueanimal.co\/#\/schema\/logo\/image\/\",\"url\":\"https:\/\/boutiqueanimal.co\/wp-content\/uploads\/2025\/11\/perrito-pc-1024x1024-1.png\",\"contentUrl\":\"https:\/\/boutiqueanimal.co\/wp-content\/uploads\/2025\/11\/perrito-pc-1024x1024-1.png\",\"width\":1024,\"height\":1024,\"caption\":\"Boutique Animal\"},\"image\":{\"@id\":\"https:\/\/boutiqueanimal.co\/#\/schema\/logo\/image\/\"},\"sameAs\":[\"https:\/\/www.facebook.com\/BoutiqueAnimalCo\"]}]}<\/script>\n<!-- \/ Yoast SEO plugin. -->","yoast_head_json":{"title":"Varita Interactiva en Madera - Boutique Animal","robots":{"index":"index","follow":"follow","max-snippet":"max-snippet:-1","max-image-preview":"max-image-preview:large","max-video-preview":"max-video-preview:-1"},"canonical":"https:\/\/boutiqueanimal.co\/en\/product\/varita-interactiva-madera\/","og_locale":"en_US","og_type":"article","og_title":"Varita Interactiva en Madera - Boutique Animal","og_description":"Varita Interactiva en Madera \ud83d\udc3e\ud83c\udfa3 La cl\u00e1sica ca\u00f1a de pescar para gatos, fabricada en madera resistente \ud83c\udf3f ideal para un juego m\u00e1s natural y ecoamigable. \u2728 Uso:Estimula el instinto cazador de tu gato, promueve el ejercicio y fortalece el v\u00ednculo entre t\u00fa y tu peludo. Solo mu\u00e9vela de un lado a otro para que tu michi salte, corra y se divierta sin parar \ud83d\ude3a\ud83d\udca8. \ud83d\udccf Medidas: Largo total aproximado: 40 cm Varita en madera + cuerda resistente + accesorio colgante \u00a1Perfecta para todas las edades y tama\u00f1os de gato! \ud83e\udde1\ud83d\udc31","og_url":"https:\/\/boutiqueanimal.co\/en\/product\/varita-interactiva-madera\/","og_site_name":"Boutique Animal","article_publisher":"https:\/\/www.facebook.com\/BoutiqueAnimalCo","article_modified_time":"2026-02-26T19:23:25+00:00","og_image":[{"width":640,"height":640,"url":"https:\/\/boutiqueanimal.co\/wp-content\/uploads\/2025\/11\/WhatsApp-Image-2023-01-24-at-6.31.38-PM.jpeg","type":"image\/jpeg"}],"twitter_card":"summary_large_image","schema":{"@context":"https:\/\/schema.org","@graph":[{"@type":"WebPage","@id":"https:\/\/boutiqueanimal.co\/producto\/varita-interactiva-madera\/","url":"https:\/\/boutiqueanimal.co\/producto\/varita-interactiva-madera\/","name":"Varita Interactiva en Madera - Boutique Animal","isPartOf":{"@id":"https:\/\/boutiqueanimal.co\/#website"},"primaryImageOfPage":{"@id":"https:\/\/boutiqueanimal.co\/producto\/varita-interactiva-madera\/#primaryimage"},"image":{"@id":"https:\/\/boutiqueanimal.co\/producto\/varita-interactiva-madera\/#primaryimage"},"thumbnailUrl":"https:\/\/boutiqueanimal.co\/wp-content\/uploads\/2025\/11\/WhatsApp-Image-2023-01-24-at-6.31.38-PM.jpeg","datePublished":"2025-11-01T16:20:53+00:00","dateModified":"2026-02-26T19:23:25+00:00","breadcrumb":{"@id":"https:\/\/boutiqueanimal.co\/producto\/varita-interactiva-madera\/#breadcrumb"},"inLanguage":"en-US","potentialAction":[{"@type":"ReadAction","target":["https:\/\/boutiqueanimal.co\/producto\/varita-interactiva-madera\/"]}]},{"@type":"ImageObject","inLanguage":"en-US","@id":"https:\/\/boutiqueanimal.co\/producto\/varita-interactiva-madera\/#primaryimage","url":"https:\/\/boutiqueanimal.co\/wp-content\/uploads\/2025\/11\/WhatsApp-Image-2023-01-24-at-6.31.38-PM.jpeg","contentUrl":"https:\/\/boutiqueanimal.co\/wp-content\/uploads\/2025\/11\/WhatsApp-Image-2023-01-24-at-6.31.38-PM.jpeg","width":640,"height":640},{"@type":"BreadcrumbList","@id":"https:\/\/boutiqueanimal.co\/producto\/varita-interactiva-madera\/#breadcrumb","itemListElement":[{"@type":"ListItem","position":1,"name":"Inicio","item":"https:\/\/boutiqueanimal.co\/"},{"@type":"ListItem","position":2,"name":"Tienda","item":"https:\/\/boutiqueanimal.co\/tienda\/"},{"@type":"ListItem","position":3,"name":"Varita Interactiva en Madera"}]},{"@type":"WebSite","@id":"https:\/\/boutiqueanimal.co\/#website","url":"https:\/\/boutiqueanimal.co\/","name":"Boutique Animal","description":"Tienda online de productos para mascotas en Colombia. Env\u00edos r\u00e1pidos y gratis en compras superiores a $100.000","publisher":{"@id":"https:\/\/boutiqueanimal.co\/#organization"},"potentialAction":[{"@type":"SearchAction","target":{"@type":"EntryPoint","urlTemplate":"https:\/\/boutiqueanimal.co\/?s={search_term_string}"},"query-input":{"@type":"PropertyValueSpecification","valueRequired":true,"valueName":"search_term_string"}}],"inLanguage":"en-US"},{"@type":"Organization","@id":"https:\/\/boutiqueanimal.co\/#organization","name":"Boutique Animal","url":"https:\/\/boutiqueanimal.co\/","logo":{"@type":"ImageObject","inLanguage":"en-US","@id":"https:\/\/boutiqueanimal.co\/#\/schema\/logo\/image\/","url":"https:\/\/boutiqueanimal.co\/wp-content\/uploads\/2025\/11\/perrito-pc-1024x1024-1.png","contentUrl":"https:\/\/boutiqueanimal.co\/wp-content\/uploads\/2025\/11\/perrito-pc-1024x1024-1.png","width":1024,"height":1024,"caption":"Boutique Animal"},"image":{"@id":"https:\/\/boutiqueanimal.co\/#\/schema\/logo\/image\/"},"sameAs":["https:\/\/www.facebook.com\/BoutiqueAnimalCo"]}]}},"_links":{"self":[{"href":"https:\/\/boutiqueanimal.co\/en\/wp-json\/wp\/v2\/product\/836","targetHints":{"allow":["GET"]}}],"collection":[{"href":"https:\/\/boutiqueanimal.co\/en\/wp-json\/wp\/v2\/product"}],"about":[{"href":"https:\/\/boutiqueanimal.co\/en\/wp-json\/wp\/v2\/types\/product"}],"wp:featuredmedia":[{"embeddable":true,"href":"https:\/\/boutiqueanimal.co\/en\/wp-json\/wp\/v2\/media\/890"}],"wp:attachment":[{"href":"https:\/\/boutiqueanimal.co\/en\/wp-json\/wp\/v2\/media?parent=836"}],"wp:term":[{"taxonomy":"product_brand","embeddable":true,"href":"https:\/\/boutiqueanimal.co\/en\/wp-json\/wp\/v2\/product_brand?post=836"},{"taxonomy":"product_cat","embeddable":true,"href":"https:\/\/boutiqueanimal.co\/en\/wp-json\/wp\/v2\/product_cat?post=836"},{"taxonomy":"product_tag","embeddable":true,"href":"https:\/\/boutiqueanimal.co\/en\/wp-json\/wp\/v2\/product_tag?post=836"}],"curies":[{"name":"wp","href":"https:\/\/api.w.org\/{rel}","templated":true}]}}